{"id":316,"date":"2021-04-28T09:33:32","date_gmt":"2021-04-28T12:33:32","guid":{"rendered":"https:\/\/www.ufsm.br\/laboratorios\/sementes\/?page_id=316"},"modified":"2021-04-28T10:14:45","modified_gmt":"2021-04-28T13:14:45","slug":"nota-tecnica-tetrazolio-x-germinacao-em-azevem-qual-a-melhor-metodologia","status":"publish","type":"page","link":"https:\/\/www.ufsm.br\/laboratorios\/sementes\/nota-tecnica-tetrazolio-x-germinacao-em-azevem-qual-a-melhor-metodologia","title":{"rendered":"Nota t\u00e9cnica: Tetraz\u00f3lio x germina\u00e7\u00e3o em azev\u00e9m. Qual a melhor metodologia?"},"content":{"rendered":"\t\t<div data-elementor-type=\"wp-page\" data-elementor-id=\"316\" class=\"elementor elementor-316\">\n\t\t\t\t\t\t<section class=\"elementor-section elementor-top-section elementor-element elementor-element-a5a8f0c elementor-section-boxed elementor-section-height-default elementor-section-height-default\" data-id=\"a5a8f0c\" data-element_type=\"section\">\n\t\t\t\t\t\t<div class=\"elementor-container elementor-column-gap-default\">\n\t\t\t\t\t<div class=\"elementor-column elementor-col-100 elementor-top-column elementor-element elementor-element-a38c812\" data-id=\"a38c812\" data-element_type=\"column\">\n\t\t\t<div class=\"elementor-widget-wrap elementor-element-populated\">\n\t\t\t\t\t\t<div class=\"elementor-element elementor-element-c77cf78 elementor-widget elementor-widget-image\" data-id=\"c77cf78\" data-element_type=\"widget\" data-widget_type=\"image.default\">\n\t\t\t\t<div class=\"elementor-widget-container\">\n\t\t\t\t\t\t\t\t\t\t\t\t\t<img fetchpriority=\"high\" decoding=\"async\" width=\"837\" height=\"548\" src=\"https:\/\/www.ufsm.br\/app\/uploads\/sites\/669\/2021\/04\/Capturar.jpg\" class=\"attachment-large size-large wp-image-321\" alt=\"\" srcset=\"https:\/\/www.ufsm.br\/app\/uploads\/sites\/669\/2021\/04\/Capturar.jpg 837w, https:\/\/www.ufsm.br\/app\/uploads\/sites\/669\/2021\/04\/Capturar-300x196.jpg 300w, https:\/\/www.ufsm.br\/app\/uploads\/sites\/669\/2021\/04\/Capturar-768x503.jpg 768w\" sizes=\"(max-width: 837px) 100vw, 837px\" \/>\t\t\t\t\t\t\t\t\t\t\t\t\t<\/div>\n\t\t\t\t<\/div>\n\t\t\t\t\t<\/div>\n\t\t<\/div>\n\t\t\t\t\t<\/div>\n\t\t<\/section>\n\t\t\t\t<section class=\"elementor-section elementor-top-section elementor-element elementor-element-ebd83f1 elementor-section-boxed elementor-section-height-default elementor-section-height-default\" data-id=\"ebd83f1\" data-element_type=\"section\">\n\t\t\t\t\t\t<div class=\"elementor-container elementor-column-gap-default\">\n\t\t\t\t\t<div class=\"elementor-column elementor-col-100 elementor-top-column elementor-element elementor-element-276efc2\" data-id=\"276efc2\" data-element_type=\"column\">\n\t\t\t<div class=\"elementor-widget-wrap elementor-element-populated\">\n\t\t\t\t\t\t<div class=\"elementor-element elementor-element-fe8d226 elementor-widget elementor-widget-heading\" data-id=\"fe8d226\" data-element_type=\"widget\" data-widget_type=\"heading.default\">\n\t\t\t\t<div class=\"elementor-widget-container\">\n\t\t\t<h2 class=\"elementor-heading-title elementor-size-medium\">FIGURA 1. M\u00e9dia da diferen\u00e7a (\u00b1 Erro Padr\u00e3o) do percentual de pl\u00e2ntulas normais no\nteste de germina\u00e7\u00e3o e do percentual de sementes vi\u00e1veis no teste de tetraz\u00f3lio de\nlotes de sementes de azev\u00e9m, durante o per\u00edodo de armazenamento. Santa Maria, RS\n(2021).<\/h2>\t\t<\/div>\n\t\t\t\t<\/div>\n\t\t\t\t\t<\/div>\n\t\t<\/div>\n\t\t\t\t\t<\/div>\n\t\t<\/section>\n\t\t\t\t<\/div>\n\t\t","protected":false},"excerpt":{"rendered":"<p>FIGURA 1. M\u00e9dia da diferen\u00e7a (\u00b1 Erro Padr\u00e3o) do percentual de pl\u00e2ntulas normais no teste de germina\u00e7\u00e3o e do percentual de sementes vi\u00e1veis no teste de tetraz\u00f3lio de lotes de sementes de azev\u00e9m, durante o per\u00edodo de armazenamento. Santa Maria, RS (2021).<\/p>\n","protected":false},"author":2040,"featured_media":318,"parent":0,"menu_order":0,"comment_status":"closed","ping_status":"closed","template":"","meta":{"footnotes":""},"categories":[11],"tags":[],"class_list":["post-316","page","type-page","status-publish","has-post-thumbnail","hentry","category-noticias"],"acf":[],"_links":{"self":[{"href":"https:\/\/www.ufsm.br\/laboratorios\/sementes\/wp-json\/wp\/v2\/pages\/316","targetHints":{"allow":["GET"]}}],"collection":[{"href":"https:\/\/www.ufsm.br\/laboratorios\/sementes\/wp-json\/wp\/v2\/pages"}],"about":[{"href":"https:\/\/www.ufsm.br\/laboratorios\/sementes\/wp-json\/wp\/v2\/types\/page"}],"author":[{"embeddable":true,"href":"https:\/\/www.ufsm.br\/laboratorios\/sementes\/wp-json\/wp\/v2\/users\/2040"}],"replies":[{"embeddable":true,"href":"https:\/\/www.ufsm.br\/laboratorios\/sementes\/wp-json\/wp\/v2\/comments?post=316"}],"version-history":[{"count":0,"href":"https:\/\/www.ufsm.br\/laboratorios\/sementes\/wp-json\/wp\/v2\/pages\/316\/revisions"}],"wp:featuredmedia":[{"embeddable":true,"href":"https:\/\/www.ufsm.br\/laboratorios\/sementes\/wp-json\/wp\/v2\/media\/318"}],"wp:attachment":[{"href":"https:\/\/www.ufsm.br\/laboratorios\/sementes\/wp-json\/wp\/v2\/media?parent=316"}],"wp:term":[{"taxonomy":"category","embeddable":true,"href":"https:\/\/www.ufsm.br\/laboratorios\/sementes\/wp-json\/wp\/v2\/categories?post=316"},{"taxonomy":"post_tag","embeddable":true,"href":"https:\/\/www.ufsm.br\/laboratorios\/sementes\/wp-json\/wp\/v2\/tags?post=316"}],"curies":[{"name":"wp","href":"https:\/\/api.w.org\/{rel}","templated":true}]}}