{"id":351,"date":"2022-03-28T09:44:29","date_gmt":"2022-03-28T12:44:29","guid":{"rendered":"https:\/\/www.ufsm.br\/laboratorios\/sementes\/?page_id=351"},"modified":"2023-04-17T14:14:43","modified_gmt":"2023-04-17T17:14:43","slug":"tabela-lista-de-especies-analisadas-pelo-las-ufsm","status":"publish","type":"page","link":"https:\/\/www.ufsm.br\/laboratorios\/sementes\/tabela-lista-de-especies-analisadas-pelo-las-ufsm","title":{"rendered":"Orienta\u00e7\u00f5es para o envio de amostras"},"content":{"rendered":"\t\t<div data-elementor-type=\"wp-page\" data-elementor-id=\"351\" class=\"elementor elementor-351\">\n\t\t\t\t\t\t<section class=\"elementor-section elementor-top-section elementor-element elementor-element-6c65cac elementor-section-boxed elementor-section-height-default elementor-section-height-default\" data-id=\"6c65cac\" data-element_type=\"section\">\n\t\t\t\t\t\t<div class=\"elementor-container elementor-column-gap-default\">\n\t\t\t\t\t<div class=\"elementor-column elementor-col-100 elementor-top-column elementor-element elementor-element-326ec56\" data-id=\"326ec56\" data-element_type=\"column\">\n\t\t\t<div class=\"elementor-widget-wrap elementor-element-populated\">\n\t\t\t\t\t\t<div class=\"elementor-element elementor-element-527b281 elementor-widget elementor-widget-text-editor\" data-id=\"527b281\" data-element_type=\"widget\" data-widget_type=\"text-editor.default\">\n\t\t\t\t<div class=\"elementor-widget-container\">\n\t\t\t\t\t\t\t<ol><li>Consultar se a esp\u00e9cie est\u00e1 na lista das esp\u00e9cies analisadas no LAS\/UFSM. Clique <span style=\"color: #ff0000\"><strong><a style=\"color: #ff0000\" href=\"https:\/\/www.ufsm.br\/app\/uploads\/sites\/669\/2023\/04\/Copia-de-VALORES.pdf\">aqui <\/a><\/strong><\/span>\u00a0para saber;\u00a0<\/li><li>Verificar o peso m\u00ednimo necess\u00e1rio para a realiza\u00e7\u00e3o da an\u00e1lise padr\u00e3o, dispon\u00edvel na tabela anterior. Caso o grupo de an\u00e1lise seja somente para Germina\u00e7\u00e3o e Vigor, \u00e9 necess\u00e1rio ter o peso equivalente a aproximadamente 1000 sementes. Para definir o grupo de an\u00e1lise\u00a0<a href=\"https:\/\/www.ufsm.br\/laboratorios\/sementes\/precos\/\" target=\"_blank\" rel=\"noopener\">clique aqui<\/a>.<\/li><li>Nos casos em que a amostra for de terceiros, para pesquisa ou enviadas por\u00a0 correspond\u00eancia deve-se preencher, imprimir e anexar \u00e0 amostra de sementes os seguintes documentos:\u00a0 \u00a0 \u00a0<\/li><\/ol><p style=\"text-align: left\">\u00a0 \u00a0 \u00a0 a) Quando o objetivo \u00e9 o Informe de Resultados (para sementes de uso pr\u00f3prio, n\u00e3o envolve a comercializa\u00e7\u00e3o de sementes): preencher a\u00a0<strong><a href=\"https:\/\/www.ufsm.br\/app\/uploads\/sites\/669\/2020\/05\/FOR-12-Formul\u00e1rio-de-solicita\u00e7\u00e3o-de-an\u00e1lise-de-sementes-para-uso-pr\u00f3prio-PDF-1.pdf\"><span style=\"color: #0000ff\"><span style=\"font-family: Roboto, 'Helvetica Neue', Helvetica, Arial, sans-serif\"><span style=\"background-image: initial;background-position: initial;background-size: initial;background-attachment: initial\">Solicita\u00e7\u00e3o de an\u00e1lise de sementes para uso pr\u00f3prio<\/span><\/span><\/span><\/a>;<\/strong><\/p><p style=\"text-align: left\"><span style=\"color: #000000;font-size: 1rem;text-align: var(--bs-body-text-align);background-color: var(--bs-body-bg)\">\u00a0 \u00a0 \u00a0 b) Quando o objetivo \u00e9 o BAS (para a comercializa\u00e7\u00e3o de sementes, conforme legisla\u00e7\u00e3o vigente): preencher a\u00a0<\/span><strong><span style=\"font-family: Roboto, 'Helvetica Neue', Helvetica, Arial, sans-serif;color: #ff0000;font-size: 1rem;text-align: var(--bs-body-text-align);background-color: var(--bs-body-bg)\"><span style=\"background-image: initial;background-position: initial;background-size: initial;background-attachment: initial\"><a href=\"https:\/\/www.ufsm.br\/app\/uploads\/sites\/669\/2023\/04\/FOR-13-Formulario-de-solicitacao-de-analise-de-sementes-para-comercializacao-WORD-rev03-1-1.pdf\">Solicita\u00e7\u00e3o de an\u00e1lise de sementes para emiss\u00e3o de BAS.<\/a><\/span><\/span><\/strong><\/p>\t\t\t\t\t\t<\/div>\n\t\t\t\t<\/div>\n\t\t\t\t\t<\/div>\n\t\t<\/div>\n\t\t\t\t\t<\/div>\n\t\t<\/section>\n\t\t\t\t<section class=\"elementor-section elementor-top-section elementor-element elementor-element-d240492 elementor-section-boxed elementor-section-height-default elementor-section-height-default\" data-id=\"d240492\" data-element_type=\"section\">\n\t\t\t\t\t\t<div class=\"elementor-container elementor-column-gap-default\">\n\t\t\t\t\t<div class=\"elementor-column elementor-col-33 elementor-top-column elementor-element elementor-element-b42030b\" data-id=\"b42030b\" data-element_type=\"column\">\n\t\t\t<div class=\"elementor-widget-wrap elementor-element-populated\">\n\t\t\t\t\t\t<div class=\"elementor-element elementor-element-70a5bda elementor-widget elementor-widget-image\" data-id=\"70a5bda\" data-element_type=\"widget\" data-widget_type=\"image.default\">\n\t\t\t\t<div class=\"elementor-widget-container\">\n\t\t\t\t\t\t\t\t\t\t\t\t\t<img fetchpriority=\"high\" decoding=\"async\" width=\"498\" height=\"622\" src=\"https:\/\/www.ufsm.br\/app\/uploads\/sites\/669\/2022\/08\/pacote-amostras-de-sementes.jpg\" class=\"attachment-large size-large wp-image-417\" alt=\"\" srcset=\"https:\/\/www.ufsm.br\/app\/uploads\/sites\/669\/2022\/08\/pacote-amostras-de-sementes.jpg 498w, https:\/\/www.ufsm.br\/app\/uploads\/sites\/669\/2022\/08\/pacote-amostras-de-sementes-240x300.jpg 240w\" sizes=\"(max-width: 498px) 100vw, 498px\" \/>\t\t\t\t\t\t\t\t\t\t\t\t\t<\/div>\n\t\t\t\t<\/div>\n\t\t\t\t\t<\/div>\n\t\t<\/div>\n\t\t\t\t<div class=\"elementor-column elementor-col-66 elementor-top-column elementor-element elementor-element-d5fc0b6\" data-id=\"d5fc0b6\" data-element_type=\"column\">\n\t\t\t<div class=\"elementor-widget-wrap elementor-element-populated\">\n\t\t\t\t\t\t<div class=\"elementor-element elementor-element-1b16e2b elementor-widget elementor-widget-heading\" data-id=\"1b16e2b\" data-element_type=\"widget\" data-widget_type=\"heading.default\">\n\t\t\t\t<div class=\"elementor-widget-container\">\n\t\t\t<h2 class=\"elementor-heading-title elementor-size-large\">Preparo da amostra<\/h2>\t\t<\/div>\n\t\t\t\t<\/div>\n\t\t\t\t<div class=\"elementor-element elementor-element-28a576c elementor-widget elementor-widget-text-editor\" data-id=\"28a576c\" data-element_type=\"widget\" data-widget_type=\"text-editor.default\">\n\t\t\t\t<div class=\"elementor-widget-container\">\n\t\t\t\t\t\t\t<ul style=\"list-style-type: disc\">\n<li><span style=\"color: #000000;font-size: 16px\">As amostras a serem enviadas ao laborat\u00f3rio devem ser colocadas em caixas de papel\u00e3o ou sacos de papel resistentes, a fim de que n\u00e3o sejam danificadas com o transporte e de que n\u00e3o haja degrada\u00e7\u00e3o das sementes por umidade e calor.<\/span><\/li><li><span style=\"color: #000000;font-size: 16px\">Traga suas amostras assim que fizer a coleta, para evitar a perman\u00eancia da mesma em ambiente inadequado (calor e umidade) que favore\u00e7a a degrada\u00e7\u00e3o das sementes.&nbsp;<\/span><\/li>\n<li><span style=\"color: #000000;font-size: 16px\">Quando remetidas para determina\u00e7\u00e3o de umidade as sementes dever\u00e3o ser enviadas em embalagens imperme\u00e1veis e herm\u00e9ticas.<\/span><\/li>\n<li><span style=\"color: #000000;font-size: 16px\">Para identifica\u00e7\u00e3o das amostras dever\u00e3o ser enviadas todas as informa\u00e7\u00f5es relativas as mesmas, conforme formul\u00e1rios mencionados nas orienta\u00e7\u00f5es acima. \u00c9<span style=\"color: #000000;font-size: 16px\">&nbsp;fundamental especificar quais as determina\u00e7\u00f5es que dever\u00e3o ser realizadas. Este formul\u00e1rio preenchido poder\u00e1 ser enviado juntamente com a amostra, ou ent\u00e3o, para o e-mail sementeufsm@gmail.com.<\/span><br style=\"color: #000000;font-size: 16px\"><\/span><\/li>\n<li><span style=\"color: #000000;font-size: 16px\"><span style=\"color: #000000;font-size: 16px\">Verifique a tabela de pesos m\u00ednimos de amostras mencionada nas orienta\u00e7\u00f5es acima, se o documento a ser emitido for BAS.&nbsp;<br><\/span><\/span><\/li>\n<\/ul>\t\t\t\t\t\t<\/div>\n\t\t\t\t<\/div>\n\t\t\t\t\t<\/div>\n\t\t<\/div>\n\t\t\t\t\t<\/div>\n\t\t<\/section>\n\t\t\t\t<\/div>\n\t\t","protected":false},"excerpt":{"rendered":"<p>Consultar se a esp\u00e9cie est\u00e1 na lista das esp\u00e9cies analisadas no LAS\/UFSM. Clique aqui \u00a0para saber;\u00a0 Verificar o peso m\u00ednimo necess\u00e1rio para a realiza\u00e7\u00e3o da an\u00e1lise padr\u00e3o, dispon\u00edvel na tabela anterior. Caso o grupo de an\u00e1lise seja somente para Germina\u00e7\u00e3o e Vigor, \u00e9 necess\u00e1rio ter o peso equivalente a aproximadamente 1000 sementes. Para definir o [&hellip;]<\/p>\n","protected":false},"author":2040,"featured_media":0,"parent":0,"menu_order":0,"comment_status":"closed","ping_status":"closed","template":"","meta":{"footnotes":""},"categories":[],"tags":[],"class_list":["post-351","page","type-page","status-publish","hentry"],"acf":[],"_links":{"self":[{"href":"https:\/\/www.ufsm.br\/laboratorios\/sementes\/wp-json\/wp\/v2\/pages\/351","targetHints":{"allow":["GET"]}}],"collection":[{"href":"https:\/\/www.ufsm.br\/laboratorios\/sementes\/wp-json\/wp\/v2\/pages"}],"about":[{"href":"https:\/\/www.ufsm.br\/laboratorios\/sementes\/wp-json\/wp\/v2\/types\/page"}],"author":[{"embeddable":true,"href":"https:\/\/www.ufsm.br\/laboratorios\/sementes\/wp-json\/wp\/v2\/users\/2040"}],"replies":[{"embeddable":true,"href":"https:\/\/www.ufsm.br\/laboratorios\/sementes\/wp-json\/wp\/v2\/comments?post=351"}],"version-history":[{"count":0,"href":"https:\/\/www.ufsm.br\/laboratorios\/sementes\/wp-json\/wp\/v2\/pages\/351\/revisions"}],"wp:attachment":[{"href":"https:\/\/www.ufsm.br\/laboratorios\/sementes\/wp-json\/wp\/v2\/media?parent=351"}],"wp:term":[{"taxonomy":"category","embeddable":true,"href":"https:\/\/www.ufsm.br\/laboratorios\/sementes\/wp-json\/wp\/v2\/categories?post=351"},{"taxonomy":"post_tag","embeddable":true,"href":"https:\/\/www.ufsm.br\/laboratorios\/sementes\/wp-json\/wp\/v2\/tags?post=351"}],"curies":[{"name":"wp","href":"https:\/\/api.w.org\/{rel}","templated":true}]}}