{"id":187,"date":"2023-12-12T16:22:43","date_gmt":"2023-12-12T19:22:43","guid":{"rendered":"https:\/\/www.ufsm.br\/laboratorios\/sglab\/?page_id=187"},"modified":"2025-08-18T15:56:03","modified_gmt":"2025-08-18T18:56:03","slug":"lmcc","status":"publish","type":"page","link":"https:\/\/www.ufsm.br\/laboratorios\/sglab\/lmcc","title":{"rendered":"LMCC"},"content":{"rendered":"\t\t<div data-elementor-type=\"wp-page\" data-elementor-id=\"187\" class=\"elementor elementor-187\">\n\t\t\t\t\t\t<section class=\"elementor-section elementor-top-section elementor-element elementor-element-5ecbd782 elementor-section-boxed elementor-section-height-default elementor-section-height-default\" data-id=\"5ecbd782\" data-element_type=\"section\">\n\t\t\t\t\t\t<div class=\"elementor-container elementor-column-gap-default\">\n\t\t\t\t\t<div class=\"elementor-column elementor-col-100 elementor-top-column elementor-element elementor-element-60473168\" data-id=\"60473168\" data-element_type=\"column\">\n\t\t\t<div class=\"elementor-widget-wrap elementor-element-populated\">\n\t\t\t\t\t\t<div class=\"elementor-element elementor-element-7209619c elementor-widget elementor-widget-text-editor\" data-id=\"7209619c\" data-element_type=\"widget\" data-widget_type=\"text-editor.default\">\n\t\t\t\t<div class=\"elementor-widget-container\">\n\t\t\t\t\t\t\t<p><!-- wp:tadv\/classic-paragraph --><\/p>\n<p>O Laborat\u00f3rio de Materiais de Constru\u00e7\u00e3o Civil (LMCC) atende o curso de gradua\u00e7\u00e3o de engenharia civil da UFSM, dando suporte nas disciplinas de: Materiais de Constru\u00e7\u00e3o I e II, Resist\u00eancia dos Materiais I e II, Mec\u00e2nica dos Solos, Materiais de Pavimenta\u00e7\u00e3o I e II e Geologia de Engenharia, atendendo aproximadamente 200 alunos em m\u00e9dia por semestre.<\/p>\n<p>Dos equipamentos instalados no laborat\u00f3rio, aqueles mais utilizados no atendimento das disciplinas de gradua\u00e7\u00e3o do curso de engenharia civil, podem ser relacionados: Prensa Hidr\u00e1ulica ZD100, Prensa Hidr\u00e1ulica 300t, Prensa Hidr\u00e1ulica Amsler 20t, Betoneiras, Peneiras, Balan\u00e7as, Prensa CBR, Moldes de Corpos de Prova, Misturador de argamassa, Frasco Lechatelier, Estufas, Equipamento Rotarex, Viscos\u00edmetro, Dispersor, Tronco de Cone, Mesa Vibrat\u00f3ria, Escler\u00f4metro, Ultra-som.<\/p>\n<p>Com a utiliza\u00e7\u00e3o destes equipamentos \u00e9 poss\u00edvel a realiza\u00e7\u00e3o dos seguintes ensaios\/testes\/experi\u00eancias: Resist\u00eancia \u00e0 Compress\u00e3o do Concreto, Tra\u00e7\u00e3o e Dobramento de Barras de A\u00e7o, Ensaios F\u00edsicos de Agregados Gra\u00fados e Mi\u00fados (Massa Espec\u00edfica, An\u00e1lise Granulom\u00e9trica, Massa Unit\u00e1ria), Ensaios F\u00edsicos de Cimento (Finura, Tempo de Pega, Compress\u00e3o de CPs, Massa Espec\u00edfica), Ensaios de Caracteriza\u00e7\u00e3o de Solo (Compacta\u00e7\u00e3o, CBR, Limites de Consist\u00eancia, Granulometria), Ensaio Marshall, Ruptura de CPs de asfalto.<\/p>\n<hr>\n<p><!-- \/wp:tadv\/classic-paragraph --><\/p>\t\t\t\t\t\t<\/div>\n\t\t\t\t<\/div>\n\t\t\t\t\t<\/div>\n\t\t<\/div>\n\t\t\t\t\t<\/div>\n\t\t<\/section>\n\t\t\t\t<section class=\"elementor-section elementor-top-section elementor-element elementor-element-9d15116 elementor-section-boxed elementor-section-height-default elementor-section-height-default\" data-id=\"9d15116\" data-element_type=\"section\">\n\t\t\t\t\t\t<div class=\"elementor-container elementor-column-gap-default\">\n\t\t\t\t\t<div class=\"elementor-column elementor-col-100 elementor-top-column elementor-element elementor-element-de6507c\" data-id=\"de6507c\" data-element_type=\"column\">\n\t\t\t<div class=\"elementor-widget-wrap elementor-element-populated\">\n\t\t\t\t\t\t<div class=\"elementor-element elementor-element-e6c8e01 elementor-widget elementor-widget-text-editor\" data-id=\"e6c8e01\" data-element_type=\"widget\" data-widget_type=\"text-editor.default\">\n\t\t\t\t<div class=\"elementor-widget-container\">\n\t\t\t\t\t\t\t<p><strong><span style=\"font-size: 14pt\">Contato<\/span><\/strong><\/p>\n<p>Email: <a href=\"mailto:lmcc.ufsm@gmail.com\">lmcc.ufsm@gmail.com<\/a><\/p>\n<p>Telefone: (55) 3220-8313<\/p>\n<p>WhatsApp:&nbsp;(55) 99127-2159<\/p>\n<p><span style=\"color: #000000;font-size: 1rem;font-weight: var( --e-global-typography-text-font-weight );text-align: var(--bs-body-text-align)\">Localiza\u00e7\u00e3o: UFSM &#8211; Centro de Tecnologia (CT) &#8211; Pr\u00e9dio 10 &#8211; Sala 418<\/span><\/p>\n<p><\/p>\t\t\t\t\t\t<\/div>\n\t\t\t\t<\/div>\n\t\t\t\t\t<\/div>\n\t\t<\/div>\n\t\t\t\t\t<\/div>\n\t\t<\/section>\n\t\t\t\t<section class=\"elementor-section elementor-top-section elementor-element elementor-element-816d1ea elementor-section-boxed elementor-section-height-default elementor-section-height-default\" data-id=\"816d1ea\" data-element_type=\"section\">\n\t\t\t\t\t\t<div class=\"elementor-container elementor-column-gap-default\">\n\t\t\t\t\t<div class=\"elementor-column elementor-col-100 elementor-top-column elementor-element elementor-element-3ae838b\" data-id=\"3ae838b\" data-element_type=\"column\">\n\t\t\t<div class=\"elementor-widget-wrap elementor-element-populated\">\n\t\t\t\t\t\t<div class=\"elementor-element elementor-element-b75bb41 elementor-widget elementor-widget-image\" data-id=\"b75bb41\" data-element_type=\"widget\" data-widget_type=\"image.default\">\n\t\t\t\t<div class=\"elementor-widget-container\">\n\t\t\t\t\t\t\t\t\t\t\t\t\t<img decoding=\"async\" width=\"300\" height=\"106\" src=\"https:\/\/www.ufsm.br\/app\/uploads\/sites\/809\/2023\/12\/zyro-image-2-300x106.jpg\" class=\"attachment-medium size-medium wp-image-190\" alt=\"\" srcset=\"https:\/\/www.ufsm.br\/app\/uploads\/sites\/809\/2023\/12\/zyro-image-2-300x106.jpg 300w, https:\/\/www.ufsm.br\/app\/uploads\/sites\/809\/2023\/12\/zyro-image-2-1024x362.jpg 1024w, https:\/\/www.ufsm.br\/app\/uploads\/sites\/809\/2023\/12\/zyro-image-2-768x271.jpg 768w, https:\/\/www.ufsm.br\/app\/uploads\/sites\/809\/2023\/12\/zyro-image-2-1536x542.jpg 1536w, https:\/\/www.ufsm.br\/app\/uploads\/sites\/809\/2023\/12\/zyro-image-2.jpg 1920w\" sizes=\"(max-width: 300px) 100vw, 300px\" \/>\t\t\t\t\t\t\t\t\t\t\t\t\t<\/div>\n\t\t\t\t<\/div>\n\t\t\t\t\t<\/div>\n\t\t<\/div>\n\t\t\t\t\t<\/div>\n\t\t<\/section>\n\t\t\t\t<\/div>\n\t\t","protected":false},"excerpt":{"rendered":"<p>O Laborat\u00f3rio de Materiais de Constru\u00e7\u00e3o Civil (LMCC) atende o curso de gradua\u00e7\u00e3o de engenharia civil da UFSM, dando suporte nas disciplinas de: Materiais de Constru\u00e7\u00e3o I e II, Resist\u00eancia dos Materiais I e II, Mec\u00e2nica dos Solos, Materiais de Pavimenta\u00e7\u00e3o I e II e Geologia de Engenharia, atendendo aproximadamente 200 alunos em m\u00e9dia por [&hellip;]<\/p>\n","protected":false},"author":7605,"featured_media":0,"parent":0,"menu_order":0,"comment_status":"closed","ping_status":"closed","template":"","meta":{"footnotes":""},"categories":[],"tags":[],"class_list":["post-187","page","type-page","status-publish","hentry"],"acf":[],"_links":{"self":[{"href":"https:\/\/www.ufsm.br\/laboratorios\/sglab\/wp-json\/wp\/v2\/pages\/187","targetHints":{"allow":["GET"]}}],"collection":[{"href":"https:\/\/www.ufsm.br\/laboratorios\/sglab\/wp-json\/wp\/v2\/pages"}],"about":[{"href":"https:\/\/www.ufsm.br\/laboratorios\/sglab\/wp-json\/wp\/v2\/types\/page"}],"author":[{"embeddable":true,"href":"https:\/\/www.ufsm.br\/laboratorios\/sglab\/wp-json\/wp\/v2\/users\/7605"}],"replies":[{"embeddable":true,"href":"https:\/\/www.ufsm.br\/laboratorios\/sglab\/wp-json\/wp\/v2\/comments?post=187"}],"version-history":[{"count":0,"href":"https:\/\/www.ufsm.br\/laboratorios\/sglab\/wp-json\/wp\/v2\/pages\/187\/revisions"}],"wp:attachment":[{"href":"https:\/\/www.ufsm.br\/laboratorios\/sglab\/wp-json\/wp\/v2\/media?parent=187"}],"wp:term":[{"taxonomy":"category","embeddable":true,"href":"https:\/\/www.ufsm.br\/laboratorios\/sglab\/wp-json\/wp\/v2\/categories?post=187"},{"taxonomy":"post_tag","embeddable":true,"href":"https:\/\/www.ufsm.br\/laboratorios\/sglab\/wp-json\/wp\/v2\/tags?post=187"}],"curies":[{"name":"wp","href":"https:\/\/api.w.org\/{rel}","templated":true}]}}