{"id":59,"date":"2020-02-20T09:47:56","date_gmt":"2020-02-20T12:47:56","guid":{"rendered":"https:\/\/www.ufsm.br\/laboratorios\/sglab\/?page_id=59"},"modified":"2025-06-11T15:50:10","modified_gmt":"2025-06-11T18:50:10","slug":"ladipp","status":"publish","type":"page","link":"https:\/\/www.ufsm.br\/laboratorios\/sglab\/ladipp","title":{"rendered":"LADIPP"},"content":{"rendered":"\t\t<div data-elementor-type=\"wp-page\" data-elementor-id=\"59\" class=\"elementor elementor-59\">\n\t\t\t\t\t\t<section class=\"elementor-section elementor-top-section elementor-element elementor-element-b361e9c elementor-section-boxed elementor-section-height-default elementor-section-height-default\" data-id=\"b361e9c\" data-element_type=\"section\">\n\t\t\t\t\t\t<div class=\"elementor-container elementor-column-gap-default\">\n\t\t\t\t\t<div class=\"elementor-column elementor-col-100 elementor-top-column elementor-element elementor-element-dc48a56\" data-id=\"dc48a56\" data-element_type=\"column\">\n\t\t\t<div class=\"elementor-widget-wrap elementor-element-populated\">\n\t\t\t\t\t\t<div class=\"elementor-element elementor-element-0a806b8 elementor-widget elementor-widget-video\" data-id=\"0a806b8\" data-element_type=\"widget\" data-settings=\"{&quot;youtube_url&quot;:&quot;https:\\\/\\\/www.youtube.com\\\/watch?v=of-AQ4na5gg&quot;,&quot;start&quot;:&quot;0&quot;,&quot;end&quot;:&quot;57&quot;,&quot;autoplay&quot;:&quot;yes&quot;,&quot;play_on_mobile&quot;:&quot;yes&quot;,&quot;mute&quot;:&quot;yes&quot;,&quot;loop&quot;:&quot;yes&quot;,&quot;video_type&quot;:&quot;youtube&quot;,&quot;controls&quot;:&quot;yes&quot;}\" data-widget_type=\"video.default\">\n\t\t\t\t<div class=\"elementor-widget-container\">\n\t\t\t\t\t<div class=\"elementor-wrapper elementor-open-inline\">\n\t\t\t<div class=\"elementor-video\"><\/div>\t\t<\/div>\n\t\t\t\t<\/div>\n\t\t\t\t<\/div>\n\t\t\t\t\t<\/div>\n\t\t<\/div>\n\t\t\t\t\t<\/div>\n\t\t<\/section>\n\t\t\t\t<section class=\"elementor-section elementor-top-section elementor-element elementor-element-1fd10693 elementor-section-boxed elementor-section-height-default elementor-section-height-default\" data-id=\"1fd10693\" data-element_type=\"section\">\n\t\t\t\t\t\t<div class=\"elementor-container elementor-column-gap-default\">\n\t\t\t\t\t<div class=\"elementor-column elementor-col-100 elementor-top-column elementor-element elementor-element-48e5f355\" data-id=\"48e5f355\" data-element_type=\"column\">\n\t\t\t<div class=\"elementor-widget-wrap elementor-element-populated\">\n\t\t\t\t\t\t<div class=\"elementor-element elementor-element-4cfeb95a elementor-widget elementor-widget-text-editor\" data-id=\"4cfeb95a\" data-element_type=\"widget\" data-widget_type=\"text-editor.default\">\n\t\t\t\t<div class=\"elementor-widget-container\">\n\t\t\t\t\t\t\t<p>O Laborat\u00f3rio de Apoio ao Desenvolvimento e a Inova\u00e7\u00e3o de Produtos e Processos (LADIPP) iniciou suas atividades em 2015 com foco em metrologia mec\u00e2nica realizando calibra\u00e7\u00f5es e ensaios.\u00a0<span style=\"color: #000000;font-size: 1rem;font-weight: var( --e-global-typography-text-font-weight );text-align: var(--bs-body-text-align)\">\u00c9 acreditado pela CGCRE sob o n\u00famero CAL 0723 desde 2020.<\/span><\/p><p>O escopo da acredita\u00e7\u00e3o se refere a calibra\u00e7\u00e3o de paquimetros at\u00e9 300 mm, micr\u00f4metros at\u00e9 100 mm e balan\u00e7as at\u00e9 20 kg.<\/p><p>O LADIPP d\u00e1 apoio a comunidade acad\u00eamica da UFSM em projetos de pesquisa, ensino e extens\u00e3o. Al\u00e9m disso, atua diretamente com a comunidade de Santa Maria e regi\u00e3o com solu\u00e7\u00f5es em metrologia para apoiar o desenvolvimento e a melhoria de seus produtos e processos.<\/p><p>O LADIPP faz parte do NUMAE (Laborat\u00f3rio de Tecnologia Mec\u00e2nica e Aeroespacial) e sua opera\u00e7\u00e3o \u00e9 coordenada pelos professores Morgana Pizzolato e Cesar Gabriel dos Santos. Seu corpo t\u00e9cnico e administrativo \u00e9 composto por servidores da UFSM e estudantes de gradua\u00e7\u00e3o e p\u00f3s-gradua\u00e7\u00e3o.\u00a0<\/p>\t\t\t\t\t\t<\/div>\n\t\t\t\t<\/div>\n\t\t\t\t\t<\/div>\n\t\t<\/div>\n\t\t\t\t\t<\/div>\n\t\t<\/section>\n\t\t\t\t<section class=\"elementor-section elementor-top-section elementor-element elementor-element-fa41673 elementor-section-boxed elementor-section-height-default elementor-section-height-default\" data-id=\"fa41673\" data-element_type=\"section\">\n\t\t\t\t\t\t<div class=\"elementor-container elementor-column-gap-default\">\n\t\t\t\t\t<div class=\"elementor-column elementor-col-100 elementor-top-column elementor-element elementor-element-8a1f9a8\" data-id=\"8a1f9a8\" data-element_type=\"column\">\n\t\t\t<div class=\"elementor-widget-wrap elementor-element-populated\">\n\t\t\t\t\t\t<div class=\"elementor-element elementor-element-ca69972 elementor-widget elementor-widget-text-editor\" data-id=\"ca69972\" data-element_type=\"widget\" data-widget_type=\"text-editor.default\">\n\t\t\t\t<div class=\"elementor-widget-container\">\n\t\t\t\t\t\t\t<p><strong>Contato<\/strong><\/p>\n<p>E-mail:\u00a0<span id=\"cloak89299\"><a href=\"mailto:ladipp@ufsm.br\">ladipp@ufsm.br<\/a><\/span><\/p>\n<p>Telefone: (55) 3220-8840<\/p>\n<p>Localiza\u00e7\u00e3o: UFSM &#8211; Centro de Tecnologia (CT) &#8211; Pr\u00e9dio 10 &#8211; Sala 402<\/p>\t\t\t\t\t\t<\/div>\n\t\t\t\t<\/div>\n\t\t\t\t\t<\/div>\n\t\t<\/div>\n\t\t\t\t\t<\/div>\n\t\t<\/section>\n\t\t\t\t<section class=\"elementor-section elementor-top-section elementor-element elementor-element-d0cdc1f elementor-section-boxed elementor-section-height-default elementor-section-height-default\" data-id=\"d0cdc1f\" data-element_type=\"section\">\n\t\t\t\t\t\t<div class=\"elementor-container elementor-column-gap-default\">\n\t\t\t\t\t<div class=\"elementor-column elementor-col-50 elementor-top-column elementor-element elementor-element-7768813\" data-id=\"7768813\" data-element_type=\"column\">\n\t\t\t<div class=\"elementor-widget-wrap elementor-element-populated\">\n\t\t\t\t\t\t<div class=\"elementor-element elementor-element-f970db9 elementor-widget elementor-widget-image\" data-id=\"f970db9\" data-element_type=\"widget\" data-widget_type=\"image.default\">\n\t\t\t\t<div class=\"elementor-widget-container\">\n\t\t\t\t\t\t\t\t\t\t\t\t\t<img fetchpriority=\"high\" decoding=\"async\" width=\"1920\" height=\"1024\" src=\"https:\/\/www.ufsm.br\/app\/uploads\/sites\/809\/2024\/01\/Logo-LADIPP-1.jpg\" class=\"attachment-full size-full wp-image-203\" alt=\"\" srcset=\"https:\/\/www.ufsm.br\/app\/uploads\/sites\/809\/2024\/01\/Logo-LADIPP-1.jpg 1920w, https:\/\/www.ufsm.br\/app\/uploads\/sites\/809\/2024\/01\/Logo-LADIPP-1-300x160.jpg 300w, https:\/\/www.ufsm.br\/app\/uploads\/sites\/809\/2024\/01\/Logo-LADIPP-1-1024x546.jpg 1024w, https:\/\/www.ufsm.br\/app\/uploads\/sites\/809\/2024\/01\/Logo-LADIPP-1-768x410.jpg 768w, https:\/\/www.ufsm.br\/app\/uploads\/sites\/809\/2024\/01\/Logo-LADIPP-1-1536x819.jpg 1536w\" sizes=\"(max-width: 1920px) 100vw, 1920px\" \/>\t\t\t\t\t\t\t\t\t\t\t\t\t<\/div>\n\t\t\t\t<\/div>\n\t\t\t\t\t<\/div>\n\t\t<\/div>\n\t\t\t\t<div class=\"elementor-column elementor-col-50 elementor-top-column elementor-element elementor-element-45118f1\" data-id=\"45118f1\" data-element_type=\"column\">\n\t\t\t<div class=\"elementor-widget-wrap elementor-element-populated\">\n\t\t\t\t\t\t<div class=\"elementor-element elementor-element-be33005 elementor-widget elementor-widget-image\" data-id=\"be33005\" data-element_type=\"widget\" data-widget_type=\"image.default\">\n\t\t\t\t<div class=\"elementor-widget-container\">\n\t\t\t\t\t\t\t\t\t\t\t\t\t<img decoding=\"async\" src=\"https:\/\/www.ufsm.br\/app\/uploads\/sites\/809\/elementor\/thumbs\/acreditacao-calibracao-pdf-ATUALIZADO-1-r35bsn7zyb6fsio12gi0d5o4wm5m4nvsxh4qj1afr8.png\" title=\"acredita\u00e7\u00e3o calibra\u00e7\u00e3o pdf &#8211; ATUALIZADO (1)\" alt=\"acredita\u00e7\u00e3o calibra\u00e7\u00e3o pdf - ATUALIZADO (1)\" loading=\"lazy\" \/>\t\t\t\t\t\t\t\t\t\t\t\t\t<\/div>\n\t\t\t\t<\/div>\n\t\t\t\t\t<\/div>\n\t\t<\/div>\n\t\t\t\t\t<\/div>\n\t\t<\/section>\n\t\t\t\t<\/div>\n\t\t","protected":false},"excerpt":{"rendered":"<p>https:\/\/www.youtube.com\/watch?v=of-AQ4na5gg O Laborat\u00f3rio de Apoio ao Desenvolvimento e a Inova\u00e7\u00e3o de Produtos e Processos (LADIPP) iniciou suas atividades em 2015 com foco em metrologia mec\u00e2nica realizando calibra\u00e7\u00f5es e ensaios.\u00a0\u00c9 acreditado pela CGCRE sob o n\u00famero CAL 0723 desde 2020. O escopo da acredita\u00e7\u00e3o se refere a calibra\u00e7\u00e3o de paquimetros at\u00e9 300 mm, micr\u00f4metros at\u00e9 100 [&hellip;]<\/p>\n","protected":false},"author":867,"featured_media":0,"parent":0,"menu_order":0,"comment_status":"closed","ping_status":"closed","template":"","meta":{"footnotes":""},"categories":[],"tags":[],"class_list":["post-59","page","type-page","status-publish","hentry"],"acf":[],"_links":{"self":[{"href":"https:\/\/www.ufsm.br\/laboratorios\/sglab\/wp-json\/wp\/v2\/pages\/59","targetHints":{"allow":["GET"]}}],"collection":[{"href":"https:\/\/www.ufsm.br\/laboratorios\/sglab\/wp-json\/wp\/v2\/pages"}],"about":[{"href":"https:\/\/www.ufsm.br\/laboratorios\/sglab\/wp-json\/wp\/v2\/types\/page"}],"author":[{"embeddable":true,"href":"https:\/\/www.ufsm.br\/laboratorios\/sglab\/wp-json\/wp\/v2\/users\/867"}],"replies":[{"embeddable":true,"href":"https:\/\/www.ufsm.br\/laboratorios\/sglab\/wp-json\/wp\/v2\/comments?post=59"}],"version-history":[{"count":0,"href":"https:\/\/www.ufsm.br\/laboratorios\/sglab\/wp-json\/wp\/v2\/pages\/59\/revisions"}],"wp:attachment":[{"href":"https:\/\/www.ufsm.br\/laboratorios\/sglab\/wp-json\/wp\/v2\/media?parent=59"}],"wp:term":[{"taxonomy":"category","embeddable":true,"href":"https:\/\/www.ufsm.br\/laboratorios\/sglab\/wp-json\/wp\/v2\/categories?post=59"},{"taxonomy":"post_tag","embeddable":true,"href":"https:\/\/www.ufsm.br\/laboratorios\/sglab\/wp-json\/wp\/v2\/tags?post=59"}],"curies":[{"name":"wp","href":"https:\/\/api.w.org\/{rel}","templated":true}]}}