{"id":22,"date":"2019-05-14T17:01:42","date_gmt":"2019-05-14T20:01:42","guid":{"rendered":"https:\/\/www.ufsm.br\/template-laboratprio\/?page_id=22"},"modified":"2021-03-03T10:57:22","modified_gmt":"2021-03-03T13:57:22","slug":"informacoes-gerais","status":"publish","type":"page","link":"https:\/\/www.ufsm.br\/laboratorios\/suinos\/informacoes-gerais","title":{"rendered":"Sobre"},"content":{"rendered":"\n<p>O Laborat\u00f3rio de Suinocultura do Departamento de Zootecnia da UFSM come\u00e7ou como uma simples unidade demonstrativa dentro do Projeto Osvaldo Aranha. Esse projeto, que foi executado entre 1968 e 1975, criou condi\u00e7\u00f5es para os diferentes setores do Departamento de Zootecnia pudessem desenvolver atividades de ensino e extens\u00e3o.<br \/>\u00a0<br \/>Ao longo dos anos, sobretudo a partir da segunda metade da d\u00e9cada de 80, as Universidades Brasileiras se inseriram nas atividades de pesquisa. N\u00e3o foi diferente com o Laborat\u00f3rio de Suinocultura, que viu sua estrutura ampliada para atender essa nova demanda acad\u00eamica. Assim, em 1988 foi constru\u00edda, com apoio do CNPq, unidades experimentais para reprodu\u00e7\u00e3o e creche.<br \/>\u00a0<br \/>Em 1994, numa perspectiva de focar as a\u00e7\u00f5es de pesquisa em nutri\u00e7\u00e3o, o Laborat\u00f3rio ampliou as instala\u00e7\u00f5es tamb\u00e9m para as fases de crescimento e termina\u00e7\u00e3o. A conscientiza\u00e7\u00e3o ambiental levou o Laborat\u00f3rio a implantar em 2001, com apoio da Fapergs, uma unidade de pesquisa para estudar o comportamento de animais em cama sobreposta. Mais recentemente, em 2002, o Laborat\u00f3rio implantou um Centro de Digestibilidade de Alimentos e Nutrientes para Su\u00ednos. Esse centro, \u00fanico do interior do Rio Grande do Sul, foca suas pesquisas nas \u00e1reas b\u00e1sicas bem como nas \u00e1reas aplicadas.<br \/>\u00a0<br \/>Atualmente o Laborat\u00f3rio de Suinocultura tem uma equipe de tr\u00eas professores, 10 estagi\u00e1rios de gradua\u00e7\u00e3o e 5 p\u00f3s-graduandos. A equipe desenvolve atividades de ensino, pesquisa e extens\u00e3o que atendem a cadeia de produ\u00e7\u00e3o su\u00edna brasileira.<\/p>\n<p>\u00a0<\/p>\n<p>\u00a0<\/p>\n\n\n\n<div class=\"wp-block-image\"><figure class=\"aligncenter size-large is-resized\"><img fetchpriority=\"high\" decoding=\"async\" src=\"https:\/\/www.ufsm.br\/app\/uploads\/sites\/827\/2021\/03\/thumbnail_LOGOMARCA-OFICIAL-1024x713.png\" alt=\"\" class=\"wp-image-153\" width=\"497\" height=\"346\" srcset=\"https:\/\/www.ufsm.br\/app\/uploads\/sites\/827\/2021\/03\/thumbnail_LOGOMARCA-OFICIAL-1024x713.png 1024w, https:\/\/www.ufsm.br\/app\/uploads\/sites\/827\/2021\/03\/thumbnail_LOGOMARCA-OFICIAL-300x209.png 300w, https:\/\/www.ufsm.br\/app\/uploads\/sites\/827\/2021\/03\/thumbnail_LOGOMARCA-OFICIAL-768x535.png 768w, https:\/\/www.ufsm.br\/app\/uploads\/sites\/827\/2021\/03\/thumbnail_LOGOMARCA-OFICIAL.png 1280w\" sizes=\"(max-width: 497px) 100vw, 497px\" \/><\/figure><\/div>\n","protected":false},"excerpt":{"rendered":"<p>O Laborat\u00f3rio de Suinocultura do Departamento de Zootecnia da UFSM come\u00e7ou como uma simples unidade demonstrativa dentro do Projeto Osvaldo Aranha. Esse projeto, que foi executado entre 1968 e 1975, criou condi\u00e7\u00f5es para os diferentes setores do Departamento de Zootecnia pudessem desenvolver atividades de ensino e extens\u00e3o.\u00a0Ao longo dos anos, sobretudo a partir da segunda [&hellip;]<\/p>\n","protected":false},"author":8,"featured_media":0,"parent":0,"menu_order":0,"comment_status":"closed","ping_status":"closed","template":"","meta":{"footnotes":""},"categories":[],"tags":[],"class_list":["post-22","page","type-page","status-publish","hentry"],"acf":[],"_links":{"self":[{"href":"https:\/\/www.ufsm.br\/laboratorios\/suinos\/wp-json\/wp\/v2\/pages\/22","targetHints":{"allow":["GET"]}}],"collection":[{"href":"https:\/\/www.ufsm.br\/laboratorios\/suinos\/wp-json\/wp\/v2\/pages"}],"about":[{"href":"https:\/\/www.ufsm.br\/laboratorios\/suinos\/wp-json\/wp\/v2\/types\/page"}],"author":[{"embeddable":true,"href":"https:\/\/www.ufsm.br\/laboratorios\/suinos\/wp-json\/wp\/v2\/users\/8"}],"replies":[{"embeddable":true,"href":"https:\/\/www.ufsm.br\/laboratorios\/suinos\/wp-json\/wp\/v2\/comments?post=22"}],"version-history":[{"count":0,"href":"https:\/\/www.ufsm.br\/laboratorios\/suinos\/wp-json\/wp\/v2\/pages\/22\/revisions"}],"wp:attachment":[{"href":"https:\/\/www.ufsm.br\/laboratorios\/suinos\/wp-json\/wp\/v2\/media?parent=22"}],"wp:term":[{"taxonomy":"category","embeddable":true,"href":"https:\/\/www.ufsm.br\/laboratorios\/suinos\/wp-json\/wp\/v2\/categories?post=22"},{"taxonomy":"post_tag","embeddable":true,"href":"https:\/\/www.ufsm.br\/laboratorios\/suinos\/wp-json\/wp\/v2\/tags?post=22"}],"curies":[{"name":"wp","href":"https:\/\/api.w.org\/{rel}","templated":true}]}}