{"id":32,"date":"2019-05-24T15:38:39","date_gmt":"2019-05-24T18:38:39","guid":{"rendered":"https:\/\/www.ufsm.br\/template-laboratprio\/?page_id=32"},"modified":"2020-06-16T20:33:37","modified_gmt":"2020-06-16T23:33:37","slug":"projetos","status":"publish","type":"page","link":"https:\/\/www.ufsm.br\/laboratorios\/suinos\/projetos","title":{"rendered":"Projetos"},"content":{"rendered":"\t\t<div data-elementor-type=\"wp-page\" data-elementor-id=\"32\" class=\"elementor elementor-32\">\n\t\t\t\t\t\t<section class=\"elementor-section elementor-top-section elementor-element elementor-element-74e1b16 elementor-section-boxed elementor-section-height-default elementor-section-height-default\" data-id=\"74e1b16\" data-element_type=\"section\">\n\t\t\t\t\t\t<div class=\"elementor-container elementor-column-gap-default\">\n\t\t\t\t\t<div class=\"elementor-column elementor-col-100 elementor-top-column elementor-element elementor-element-95ec738\" data-id=\"95ec738\" data-element_type=\"column\">\n\t\t\t<div class=\"elementor-widget-wrap elementor-element-populated\">\n\t\t\t\t\t\t<div class=\"elementor-element elementor-element-930033c elementor-widget elementor-widget-heading\" data-id=\"930033c\" data-element_type=\"widget\" data-widget_type=\"heading.default\">\n\t\t\t\t<div class=\"elementor-widget-container\">\n\t\t\t<h2 class=\"elementor-heading-title elementor-size-default\">Ensino<\/h2>\t\t<\/div>\n\t\t\t\t<\/div>\n\t\t\t\t<div class=\"elementor-element elementor-element-c0767f8 elementor-widget elementor-widget-text-editor\" data-id=\"c0767f8\" data-element_type=\"widget\" data-widget_type=\"text-editor.default\">\n\t\t\t\t<div class=\"elementor-widget-container\">\n\t\t\t\t\t\t\t<p><span style=\"color: #666666;font-family: arial, helvetica, sans-serif;font-size: 13px\">AULAS MINISTRADAS PELOS PROFESSORES DO SETOR DE SU\u00cdNOS<\/span><\/p>\t\t\t\t\t\t<\/div>\n\t\t\t\t<\/div>\n\t\t\t\t<div class=\"elementor-element elementor-element-1489aa8 elementor-widget elementor-widget-toggle\" data-id=\"1489aa8\" data-element_type=\"widget\" data-widget_type=\"toggle.default\">\n\t\t\t\t<div class=\"elementor-widget-container\">\n\t\t\t\t\t<div class=\"elementor-toggle\">\n\t\t\t\t\t\t\t<div class=\"elementor-toggle-item\">\n\t\t\t\t\t<div id=\"elementor-tab-title-2151\" class=\"elementor-tab-title\" data-tab=\"1\" role=\"button\" aria-controls=\"elementor-tab-content-2151\" aria-expanded=\"false\">\n\t\t\t\t\t\t\t\t\t\t\t\t<span class=\"elementor-toggle-icon elementor-toggle-icon-left\" aria-hidden=\"true\">\n\t\t\t\t\t\t\t\t\t\t\t\t\t\t\t<span class=\"elementor-toggle-icon-closed\"><i class=\"fas fa-caret-right\"><\/i><\/span>\n\t\t\t\t\t\t\t\t<span class=\"elementor-toggle-icon-opened\"><i class=\"elementor-toggle-icon-opened fas fa-caret-up\"><\/i><\/span>\n\t\t\t\t\t\t\t\t\t\t\t\t\t<\/span>\n\t\t\t\t\t\t\t\t\t\t\t\t<a class=\"elementor-toggle-title\" tabindex=\"0\">PROFESSOR: ARLEI RODRIGUES BONET DE QUADROS<\/a>\n\t\t\t\t\t<\/div>\n\n\t\t\t\t\t<div id=\"elementor-tab-content-2151\" class=\"elementor-tab-content elementor-clearfix\" data-tab=\"1\" role=\"region\" aria-labelledby=\"elementor-tab-title-2151\"><p><strong>GRADUA\u00c7\u00c3O<\/strong><\/p>\n<p>CURSO: 404 &#8211; ZOOTECNIA<\/p>\n<table border=\"1\" cellspacing=\"0\" cellpadding=\"0\">\n<tbody>\n<tr>\n<td valign=\"top\" width=\"83\">\n<p><strong>C\u00d3DIGO<\/strong><\/p>\n<\/td>\n<td valign=\"top\" width=\"531\">\n<p><strong>DISCIPLINA<\/strong><\/p>\n<\/td>\n<\/tr>\n<tr>\n<td valign=\"top\" width=\"83\">\n<p>ZOT 1052<\/p>\n<\/td>\n<td valign=\"top\" width=\"531\">\n<p>SUINOCULTURA<\/p>\n<\/td>\n<\/tr>\n<tr>\n<td valign=\"top\" width=\"83\">\n<p>ZOT 1013<\/p>\n<\/td>\n<td valign=\"top\" width=\"531\">\n<p>AN\u00c1LISE DE CADEIAS PRODUTIVAS<\/p>\n<\/td>\n<\/tr>\n<tr>\n<td valign=\"top\" width=\"83\">\n<p>ZOT1014<\/p>\n<\/td>\n<td valign=\"top\" width=\"531\">\n<p>AVALIA\u00c7\u00c3O ANIMAL<\/p>\n<\/td>\n<\/tr>\n<tr>\n<td valign=\"top\" width=\"83\">\n<p>ZOT1061<\/p>\n<\/td>\n<td valign=\"top\" width=\"531\">\n<p>METODOLOGIA CIENT\u00cdFICA E T\u00c9CNICAS DE SEMIN\u00c1RIOS &#8220;A&#8221;<\/p>\n<\/td>\n<\/tr>\n<tr>\n<td valign=\"top\" width=\"83\">\n<p>ZOT1062<\/p>\n<\/td>\n<td valign=\"top\" width=\"531\">\n<p>CRIA\u00c7\u00c3O DE C\u00c3ES E GATOS &#8220;A&#8221;<\/p>\n<\/td>\n<\/tr>\n<\/tbody>\n<\/table>\n<p>CURSO: 401 \u2013 AGRONOMIA<\/p>\n<table border=\"1\" cellspacing=\"0\" cellpadding=\"0\">\n<tbody>\n<tr>\n<td valign=\"top\" width=\"83\">\n<p><strong>C\u00d3DIGO<\/strong><\/p>\n<\/td>\n<td valign=\"top\" width=\"531\">\n<p><strong>DISCIPLINA<\/strong><\/p>\n<\/td>\n<\/tr>\n<tr>\n<td valign=\"top\" width=\"83\">\n<p>ZOT1052<\/p>\n<\/td>\n<td valign=\"top\" width=\"531\">\n<p>SUINOCULTURA<\/p>\n<\/td>\n<\/tr>\n<tr>\n<td valign=\"top\" width=\"83\">\n<p>ZOT1058<\/p>\n<\/td>\n<td valign=\"top\" width=\"531\">\n<p>EST\u00c1GIO SUPERVISIONADO EM AGRONOMIA<\/p>\n<\/td>\n<\/tr>\n<\/tbody>\n<\/table><\/div>\n\t\t\t\t<\/div>\n\t\t\t\t\t\t\t<div class=\"elementor-toggle-item\">\n\t\t\t\t\t<div id=\"elementor-tab-title-2152\" class=\"elementor-tab-title\" data-tab=\"2\" role=\"button\" aria-controls=\"elementor-tab-content-2152\" aria-expanded=\"false\">\n\t\t\t\t\t\t\t\t\t\t\t\t<span class=\"elementor-toggle-icon elementor-toggle-icon-left\" aria-hidden=\"true\">\n\t\t\t\t\t\t\t\t\t\t\t\t\t\t\t<span class=\"elementor-toggle-icon-closed\"><i class=\"fas fa-caret-right\"><\/i><\/span>\n\t\t\t\t\t\t\t\t<span class=\"elementor-toggle-icon-opened\"><i class=\"elementor-toggle-icon-opened fas fa-caret-up\"><\/i><\/span>\n\t\t\t\t\t\t\t\t\t\t\t\t\t<\/span>\n\t\t\t\t\t\t\t\t\t\t\t\t<a class=\"elementor-toggle-title\" tabindex=\"0\">PROFESSOR: GERSON GUAREZ GARCIA<\/a>\n\t\t\t\t\t<\/div>\n\n\t\t\t\t\t<div id=\"elementor-tab-content-2152\" class=\"elementor-tab-content elementor-clearfix\" data-tab=\"2\" role=\"region\" aria-labelledby=\"elementor-tab-title-2152\"><p><strong>GRADUA\u00c7\u00c3O<\/strong><\/p>\n<p>CURSO: 404 &#8211; ZOOTECNIA<\/p>\n<table border=\"1\" cellspacing=\"0\" cellpadding=\"0\">\n<tbody>\n<tr>\n<td valign=\"top\" width=\"83\">\n<p><strong>C\u00d3DIGO<\/strong><\/p>\n<\/td>\n<td valign=\"top\" width=\"531\">\n<p><strong>DISCIPLINA<\/strong><\/p>\n<\/td>\n<\/tr>\n<tr>\n<td valign=\"top\" width=\"83\">\n<p>ZOT1030<\/p>\n<\/td>\n<td valign=\"top\" width=\"531\">\n<p>SUINOCULTURA I &#8211; ZOOTECNIA<\/p>\n<\/td>\n<\/tr>\n<tr>\n<td valign=\"top\" width=\"83\">\n<p>ZOT1061<\/p>\n<\/td>\n<td valign=\"top\" width=\"531\">\n<p>METODOLOGIA CIENT\u00cdFICA E T\u00c9CNICAS DE SEMIN\u00c1RIOS &#8220;A&#8221;<\/p>\n<\/td>\n<\/tr>\n<tr>\n<td valign=\"top\" width=\"83\">\n<p>ZOT1064<\/p>\n<\/td>\n<td valign=\"top\" width=\"531\">\n<p>TRATAMENTO DE \u00c1GUAS E EFLUENTES NA PRODU\u00c7\u00c3O ANIMAL &#8220;A&#8221;<\/p>\n<\/td>\n<\/tr>\n<tr>\n<td valign=\"top\" width=\"83\">\n<p>ZOT890<\/p>\n<\/td>\n<td valign=\"top\" width=\"531\">\n<p>T\u00d3PICOS AVAN\u00c7ADOS EM NUTRI\u00c7\u00c3O DE N\u00c3O-RUMINANTES &#8220;A&#8221;<\/p>\n<\/td>\n<\/tr>\n<\/tbody>\n<\/table>\n<p><strong>P\u00d3S-GRADUA\u00c7\u00c3O<\/strong><\/p>\n<p>CURSO: 941 &#8211; PG ZOOTECNIA &#8211; PRODU\u00c7\u00c3O ANIMAL &#8211; MESTRADO<\/p>\n<table border=\"1\" cellspacing=\"0\" cellpadding=\"0\">\n<tbody>\n<tr>\n<td valign=\"top\" width=\"83\">\n<p>ZOT884<\/p>\n<\/td>\n<td valign=\"top\" width=\"531\">\n<p>PRODU\u00c7\u00c3O SU\u00cdNA &#8220;A&#8221;<\/p>\n<\/td>\n<\/tr>\n<tr>\n<td valign=\"top\" width=\"83\">\n<p>ZOT827<\/p>\n<\/td>\n<td valign=\"top\" width=\"531\">\n<p>METODOLOGIA DA COMUNICA\u00c7\u00c3O E REDA\u00c7\u00c3O CIENT\u00cdFICA \u00c1REA ZOOT\u00c9CNICA<\/p>\n<\/td>\n<\/tr>\n<tr>\n<td valign=\"top\" width=\"83\">\n<p>ZOT890<\/p>\n<\/td>\n<td valign=\"top\" width=\"531\">\n<p>T\u00d3PICOS AVAN\u00c7ADOS EM NUTRI\u00c7\u00c3O DE N\u00c3O-RUMINANTES &#8220;A&#8221;<\/p>\n<\/td>\n<\/tr>\n<\/tbody>\n<\/table>\n<p>CURSO: 964 &#8211; PG ZOOTECNIA \u2013 DOUTORADO<\/p>\n<table border=\"1\" cellspacing=\"0\" cellpadding=\"0\">\n<tbody>\n<tr>\n<td valign=\"top\" width=\"83\">\n<p>ZOT827<\/p>\n<\/td>\n<td valign=\"top\" width=\"531\">\n<p>METODOLOGIA DA COMUNICA\u00c7\u00c3O E REDA\u00c7\u00c3O CIENT\u00cdFICA \u00c1REA ZOOT\u00c9CNICA<\/p>\n<\/td>\n<\/tr>\n<\/tbody>\n<\/table><\/div>\n\t\t\t\t<\/div>\n\t\t\t\t\t\t\t<div class=\"elementor-toggle-item\">\n\t\t\t\t\t<div id=\"elementor-tab-title-2153\" class=\"elementor-tab-title\" data-tab=\"3\" role=\"button\" aria-controls=\"elementor-tab-content-2153\" aria-expanded=\"false\">\n\t\t\t\t\t\t\t\t\t\t\t\t<span class=\"elementor-toggle-icon elementor-toggle-icon-left\" aria-hidden=\"true\">\n\t\t\t\t\t\t\t\t\t\t\t\t\t\t\t<span class=\"elementor-toggle-icon-closed\"><i class=\"fas fa-caret-right\"><\/i><\/span>\n\t\t\t\t\t\t\t\t<span class=\"elementor-toggle-icon-opened\"><i class=\"elementor-toggle-icon-opened fas fa-caret-up\"><\/i><\/span>\n\t\t\t\t\t\t\t\t\t\t\t\t\t<\/span>\n\t\t\t\t\t\t\t\t\t\t\t\t<a class=\"elementor-toggle-title\" tabindex=\"0\">PROFESSOR: VLADIMIR DE OLIVEIRA<\/a>\n\t\t\t\t\t<\/div>\n\n\t\t\t\t\t<div id=\"elementor-tab-content-2153\" class=\"elementor-tab-content elementor-clearfix\" data-tab=\"3\" role=\"region\" aria-labelledby=\"elementor-tab-title-2153\"><div class=\"item-page\">\n<p><strong>GRADUA\u00c7\u00c3O<\/strong><\/p>\n<p>CURSO: 404 &#8211; ZOOTECNIA<\/p>\n<table border=\"1\" cellspacing=\"0\" cellpadding=\"0\">\n<tbody>\n<tr>\n<td valign=\"top\" width=\"83\">\n<p><strong>C\u00d3DIGO<\/strong><\/p>\n<\/td>\n<td valign=\"top\" width=\"531\">\n<p><strong>DISCIPLINA<\/strong><\/p>\n<\/td>\n<\/tr>\n<tr>\n<td valign=\"top\" width=\"83\">\n<p>ZOT1007<\/p>\n<\/td>\n<td valign=\"top\" width=\"531\">\n<p>SUINOCULTURA<\/p>\n<\/td>\n<\/tr>\n<tr>\n<td valign=\"top\" width=\"83\">\n<p>ZOT1035<\/p>\n<\/td>\n<td valign=\"top\" width=\"531\">\n<p>SUINOCULTURA II &#8211; ZOOTECNIA<\/p>\n<\/td>\n<\/tr>\n<tr>\n<td valign=\"top\" width=\"83\">\n<p>ZOT1061<\/p>\n<\/td>\n<td valign=\"top\" width=\"531\">\n<p>METODOLOGIA CIENT\u00cdFICA E T\u00c9CNICAS DE SEMIN\u00c1RIOS &#8220;A&#8221;<\/p>\n<\/td>\n<\/tr>\n<tr>\n<td valign=\"top\" width=\"83\">\n<p>ZOT827<\/p>\n<\/td>\n<td valign=\"top\" width=\"531\">\n<p>METODOLOGIA DA COMUNICA\u00c7\u00c3O E REDA\u00c7\u00c3O CIENT\u00cdFICA \u00c1REA ZOOT\u00c9CNICA<\/p>\n<\/td>\n<\/tr>\n<tr>\n<td valign=\"top\" width=\"83\">\n<p>ZOT1072<\/p>\n<\/td>\n<td valign=\"top\" width=\"531\">\n<p>SUINOCULTURA II &#8211; ZOOTECNIA &#8220;A&#8221;<\/p>\n<\/td>\n<\/tr>\n<tr>\n<td valign=\"top\" width=\"83\">\n<p>ZOT895<\/p>\n<\/td>\n<td valign=\"top\" width=\"531\">\n<p>DIN\u00c2MICA E MODELAGEM DE SISTEMAS BIOL\u00d3GICOS &#8220;A&#8221;<\/p>\n<\/td>\n<\/tr>\n<\/tbody>\n<\/table>\n<p>CURSO: 403 &#8211; MEDICINA VETERIN\u00c1RIA<\/p>\n<table border=\"1\" cellspacing=\"0\" cellpadding=\"0\">\n<tbody>\n<tr>\n<td valign=\"top\" width=\"83\">\n<p><strong>C\u00d3DIGO<\/strong><\/p>\n<\/td>\n<td valign=\"top\" width=\"531\">\n<p><strong>DISCIPLINA<\/strong><\/p>\n<\/td>\n<\/tr>\n<tr>\n<td valign=\"top\" width=\"83\">\n<p>ZOT1007<\/p>\n<\/td>\n<td valign=\"top\" width=\"531\">\n<p>SUINOCULTURA<\/p>\n<\/td>\n<\/tr>\n<\/tbody>\n<\/table>\n<p><strong>P\u00d3S-GRADUA\u00c7\u00c3O<\/strong><\/p>\n<p>CURSO: 941 &#8211; PG ZOOTECNIA &#8211; PRODU\u00c7\u00c3O ANIMAL \u2013 MESTRADO<\/p>\n<table border=\"1\" cellspacing=\"0\" cellpadding=\"0\">\n<tbody>\n<tr>\n<td valign=\"top\" width=\"83\">\n<p><strong>C\u00d3DIGO<\/strong><\/p>\n<\/td>\n<td valign=\"top\" width=\"531\">\n<p><strong>DISCPLINA<\/strong><\/p>\n<\/td>\n<\/tr>\n<tr>\n<td valign=\"top\" width=\"83\">\n<p>ZOT827<\/p>\n<\/td>\n<td valign=\"top\" width=\"531\">\n<p>METODOLOGIA DA COMUNICA\u00c7\u00c3O E REDA\u00c7\u00c3O CIENT\u00cdFICA \u00c1REA ZOOT\u00c9CNICA<\/p>\n<\/td>\n<\/tr>\n<tr>\n<td valign=\"top\" width=\"83\">\n<p>ZOT884<\/p>\n<\/td>\n<td valign=\"top\" width=\"531\">\n<p>PRODU\u00c7\u00c3O SU\u00cdNA &#8220;A&#8221;<\/p>\n<\/td>\n<\/tr>\n<tr>\n<td valign=\"top\" width=\"83\">\n<p>ZOT881<\/p>\n<\/td>\n<td valign=\"top\" width=\"531\">\n<p>QUALIDADE DE ALIMENTOS E EXIG\u00caNCIAS NUTRICIONAIS DOS MONOG\u00c1STRICOS &#8220;A&#8221;<\/p>\n<\/td>\n<\/tr>\n<tr>\n<td valign=\"top\" width=\"83\">\n<p>ZOT895<\/p>\n<\/td>\n<td valign=\"top\" width=\"531\">\n<p>DIN\u00c2MICA E MODELAGEM DE SISTEMAS BIOL\u00d3GICOS &#8220;A&#8221;<\/p>\n<\/td>\n<\/tr>\n<\/tbody>\n<\/table>\n<p>CURSO: 964 &#8211; PG ZOOTECNIA \u2013 DOUTORADO<\/p>\n<table border=\"1\" cellspacing=\"0\" cellpadding=\"0\">\n<tbody>\n<tr>\n<td valign=\"top\" width=\"83\">\n<p><strong>C\u00d3DIGO<\/strong><\/p>\n<\/td>\n<td valign=\"top\" width=\"531\">\n<p><strong>DISCIPLINA<\/strong><\/p>\n<\/td>\n<\/tr>\n<tr>\n<td valign=\"top\" width=\"83\">\n<p>ZOT895<\/p>\n<\/td>\n<td valign=\"top\" width=\"531\">\n<p>DIN\u00c2MICA E MODELAGEM DE SISTEMAS BIOL\u00d3GICOS &#8220;A&#8221;<\/p>\n<\/td>\n<\/tr>\n<tr>\n<td valign=\"top\" width=\"83\">\n<p>ZOT827<\/p>\n<\/td>\n<td valign=\"top\" width=\"531\">\n<p>METODOLOGIA DA COMUNICA\u00c7\u00c3O E REDA\u00c7\u00c3O CIENT\u00cdFICA \u00c1REA ZOOT\u00c9CNICA<\/p>\n<\/td>\n<\/tr>\n<tr>\n<td valign=\"top\" width=\"83\">\n<p>ZOT881<\/p>\n<\/td>\n<td valign=\"top\" width=\"531\">\n<p>QUALIDADE DE ALIMENTOS E EXIG\u00caNCIAS NUTRICIONAIS DOS MONOG\u00c1STRICOS &#8220;A&#8221;<\/p>\n<\/td>\n<\/tr>\n<\/tbody>\n<\/table>\n<\/div><\/div>\n\t\t\t\t<\/div>\n\t\t\t\t\t\t\t\t<\/div>\n\t\t\t\t<\/div>\n\t\t\t\t<\/div>\n\t\t\t\t\t<\/div>\n\t\t<\/div>\n\t\t\t\t\t<\/div>\n\t\t<\/section>\n\t\t\t\t<section class=\"elementor-section elementor-top-section elementor-element elementor-element-a387c76 elementor-section-boxed elementor-section-height-default elementor-section-height-default\" data-id=\"a387c76\" data-element_type=\"section\">\n\t\t\t\t\t\t<div class=\"elementor-container elementor-column-gap-default\">\n\t\t\t\t\t<div class=\"elementor-column elementor-col-100 elementor-top-column elementor-element elementor-element-4de0859\" data-id=\"4de0859\" data-element_type=\"column\">\n\t\t\t<div class=\"elementor-widget-wrap elementor-element-populated\">\n\t\t\t\t\t\t<div class=\"elementor-element elementor-element-fb90c73 elementor-widget elementor-widget-heading\" data-id=\"fb90c73\" data-element_type=\"widget\" data-widget_type=\"heading.default\">\n\t\t\t\t<div class=\"elementor-widget-container\">\n\t\t\t<h2 class=\"elementor-heading-title elementor-size-default\">Pesquisa<\/h2>\t\t<\/div>\n\t\t\t\t<\/div>\n\t\t\t\t\t<\/div>\n\t\t<\/div>\n\t\t\t\t\t<\/div>\n\t\t<\/section>\n\t\t\t\t<section class=\"elementor-section elementor-top-section elementor-element elementor-element-4ea6383 elementor-section-boxed elementor-section-height-default elementor-section-height-default\" data-id=\"4ea6383\" data-element_type=\"section\">\n\t\t\t\t\t\t<div class=\"elementor-container elementor-column-gap-default\">\n\t\t\t\t\t<div class=\"elementor-column elementor-col-100 elementor-top-column elementor-element elementor-element-932aee4\" data-id=\"932aee4\" data-element_type=\"column\">\n\t\t\t<div class=\"elementor-widget-wrap elementor-element-populated\">\n\t\t\t\t\t\t<div class=\"elementor-element elementor-element-5fb7970 elementor-widget elementor-widget-text-editor\" data-id=\"5fb7970\" data-element_type=\"widget\" data-widget_type=\"text-editor.default\">\n\t\t\t\t<div class=\"elementor-widget-container\">\n\t\t\t\t\t\t\t<p>LINHAS DE PESQUISA<\/p>\t\t\t\t\t\t<\/div>\n\t\t\t\t<\/div>\n\t\t\t\t\t<\/div>\n\t\t<\/div>\n\t\t\t\t\t<\/div>\n\t\t<\/section>\n\t\t\t\t<section class=\"elementor-section elementor-top-section elementor-element elementor-element-39f90de elementor-section-boxed elementor-section-height-default elementor-section-height-default\" data-id=\"39f90de\" data-element_type=\"section\">\n\t\t\t\t\t\t<div class=\"elementor-container elementor-column-gap-default\">\n\t\t\t\t\t<div class=\"elementor-column elementor-col-100 elementor-top-column elementor-element elementor-element-188f04f\" data-id=\"188f04f\" data-element_type=\"column\">\n\t\t\t<div class=\"elementor-widget-wrap elementor-element-populated\">\n\t\t\t\t\t\t<div class=\"elementor-element elementor-element-17e8ec6 elementor-widget elementor-widget-toggle\" data-id=\"17e8ec6\" data-element_type=\"widget\" data-widget_type=\"toggle.default\">\n\t\t\t\t<div class=\"elementor-widget-container\">\n\t\t\t\t\t<div class=\"elementor-toggle\">\n\t\t\t\t\t\t\t<div class=\"elementor-toggle-item\">\n\t\t\t\t\t<div id=\"elementor-tab-title-2501\" class=\"elementor-tab-title\" data-tab=\"1\" role=\"button\" aria-controls=\"elementor-tab-content-2501\" aria-expanded=\"false\">\n\t\t\t\t\t\t\t\t\t\t\t\t<span class=\"elementor-toggle-icon elementor-toggle-icon-left\" aria-hidden=\"true\">\n\t\t\t\t\t\t\t\t\t\t\t\t\t\t\t<span class=\"elementor-toggle-icon-closed\"><i class=\"fas fa-caret-right\"><\/i><\/span>\n\t\t\t\t\t\t\t\t<span class=\"elementor-toggle-icon-opened\"><i class=\"elementor-toggle-icon-opened fas fa-caret-up\"><\/i><\/span>\n\t\t\t\t\t\t\t\t\t\t\t\t\t<\/span>\n\t\t\t\t\t\t\t\t\t\t\t\t<a class=\"elementor-toggle-title\" tabindex=\"0\">Linha 1: Avalia\u00e7\u00e3o de recursos alimentares com potencial de inclus\u00e3o na dieta de su\u00ednos<\/a>\n\t\t\t\t\t<\/div>\n\n\t\t\t\t\t<div id=\"elementor-tab-content-2501\" class=\"elementor-tab-content elementor-clearfix\" data-tab=\"1\" role=\"region\" aria-labelledby=\"elementor-tab-title-2501\"><p>Avaliar o potencial de recursos alimentares na nutri\u00e7\u00e3o de su\u00ednos e t\u00e9cnicas para aumentar seu valor nutritivo. Identificar vari\u00e1veis f\u00edsico-qu\u00edmicas que explique de maneira r\u00e1pida, pr\u00e1tica e econ\u00f4mica, o valor nutritivo dos alimentos.<\/p>\n<p>As metodologias utilizadas nos estudos previstos nesse subprojeto contemplam ensaios\u00a0<em>in vivo<\/em>,\u00a0<em>in vitro,\u00a0<\/em>meta-an\u00e1lise e modelagem matem\u00e1tica. \u00a0<\/p><\/div>\n\t\t\t\t<\/div>\n\t\t\t\t\t\t\t<div class=\"elementor-toggle-item\">\n\t\t\t\t\t<div id=\"elementor-tab-title-2502\" class=\"elementor-tab-title\" data-tab=\"2\" role=\"button\" aria-controls=\"elementor-tab-content-2502\" aria-expanded=\"false\">\n\t\t\t\t\t\t\t\t\t\t\t\t<span class=\"elementor-toggle-icon elementor-toggle-icon-left\" aria-hidden=\"true\">\n\t\t\t\t\t\t\t\t\t\t\t\t\t\t\t<span class=\"elementor-toggle-icon-closed\"><i class=\"fas fa-caret-right\"><\/i><\/span>\n\t\t\t\t\t\t\t\t<span class=\"elementor-toggle-icon-opened\"><i class=\"elementor-toggle-icon-opened fas fa-caret-up\"><\/i><\/span>\n\t\t\t\t\t\t\t\t\t\t\t\t\t<\/span>\n\t\t\t\t\t\t\t\t\t\t\t\t<a class=\"elementor-toggle-title\" tabindex=\"0\">Linha 2: Fatores que interferem na resposta individual e populacional de su\u00ednos diante de altera\u00e7\u00f5es no conte\u00fado de nutrientes da dieta<\/a>\n\t\t\t\t\t<\/div>\n\n\t\t\t\t\t<div id=\"elementor-tab-content-2502\" class=\"elementor-tab-content elementor-clearfix\" data-tab=\"2\" role=\"region\" aria-labelledby=\"elementor-tab-title-2502\"><p>Quantificar a influ\u00eancia de fatores nutricionais, ambientais e gen\u00e9ticos que influenciam a resposta individual e populacional de su\u00ednos.<\/p>\n<p>Ensaios\u00a0<em>in vivo<\/em>, meta-an\u00e1lise e simula\u00e7\u00e3o e modelagem matem\u00e1tica s\u00e3o as abordagens metodol\u00f3gicas utilizadas nos estudos desse subprojeto.\u00a0<\/p><\/div>\n\t\t\t\t<\/div>\n\t\t\t\t\t\t\t<div class=\"elementor-toggle-item\">\n\t\t\t\t\t<div id=\"elementor-tab-title-2503\" class=\"elementor-tab-title\" data-tab=\"3\" role=\"button\" aria-controls=\"elementor-tab-content-2503\" aria-expanded=\"false\">\n\t\t\t\t\t\t\t\t\t\t\t\t<span class=\"elementor-toggle-icon elementor-toggle-icon-left\" aria-hidden=\"true\">\n\t\t\t\t\t\t\t\t\t\t\t\t\t\t\t<span class=\"elementor-toggle-icon-closed\"><i class=\"fas fa-caret-right\"><\/i><\/span>\n\t\t\t\t\t\t\t\t<span class=\"elementor-toggle-icon-opened\"><i class=\"elementor-toggle-icon-opened fas fa-caret-up\"><\/i><\/span>\n\t\t\t\t\t\t\t\t\t\t\t\t\t<\/span>\n\t\t\t\t\t\t\t\t\t\t\t\t<a class=\"elementor-toggle-title\" tabindex=\"0\">Linha 3: Desenvolvimento, adapta\u00e7\u00e3o e avalia\u00e7\u00e3o de programas alimentares flex\u00edveis para su\u00ednos<\/a>\n\t\t\t\t\t<\/div>\n\n\t\t\t\t\t<div id=\"elementor-tab-content-2503\" class=\"elementor-tab-content elementor-clearfix\" data-tab=\"3\" role=\"region\" aria-labelledby=\"elementor-tab-title-2503\"><p>Esse subprojeto foi proposto com o objetivo de desenvolver, adaptar e avaliar programas alimentares que possam aumentar a efici\u00eancia econ\u00f4mica e ambiental da suinocultura.<\/p>\n<p>As metodologias comuns que ser\u00e3o aplicadas nesse subprojeto abrangem ensaios\u00a0<em>in vivo<\/em>, meta-an\u00e1lise e simula\u00e7\u00e3o, simula\u00e7\u00e3o e modelagem de dados.<\/p><\/div>\n\t\t\t\t<\/div>\n\t\t\t\t\t\t\t\t<\/div>\n\t\t\t\t<\/div>\n\t\t\t\t<\/div>\n\t\t\t\t\t<\/div>\n\t\t<\/div>\n\t\t\t\t\t<\/div>\n\t\t<\/section>\n\t\t\t\t<\/div>\n\t\t","protected":false},"excerpt":{"rendered":"<p>Ensino AULAS MINISTRADAS PELOS PROFESSORES DO SETOR DE SU\u00cdNOS PROFESSOR: ARLEI RODRIGUES BONET DE QUADROS GRADUA\u00c7\u00c3O CURSO: 404 &#8211; ZOOTECNIA C\u00d3DIGO DISCIPLINA ZOT 1052 SUINOCULTURA ZOT 1013 AN\u00c1LISE DE CADEIAS PRODUTIVAS ZOT1014 AVALIA\u00c7\u00c3O ANIMAL ZOT1061 METODOLOGIA CIENT\u00cdFICA E T\u00c9CNICAS DE SEMIN\u00c1RIOS &#8220;A&#8221; ZOT1062 CRIA\u00c7\u00c3O DE C\u00c3ES E GATOS &#8220;A&#8221; CURSO: 401 \u2013 AGRONOMIA C\u00d3DIGO DISCIPLINA [&hellip;]<\/p>\n","protected":false},"author":25,"featured_media":0,"parent":0,"menu_order":0,"comment_status":"closed","ping_status":"closed","template":"","meta":{"footnotes":""},"categories":[],"tags":[],"class_list":["post-32","page","type-page","status-publish","hentry"],"acf":[],"_links":{"self":[{"href":"https:\/\/www.ufsm.br\/laboratorios\/suinos\/wp-json\/wp\/v2\/pages\/32","targetHints":{"allow":["GET"]}}],"collection":[{"href":"https:\/\/www.ufsm.br\/laboratorios\/suinos\/wp-json\/wp\/v2\/pages"}],"about":[{"href":"https:\/\/www.ufsm.br\/laboratorios\/suinos\/wp-json\/wp\/v2\/types\/page"}],"author":[{"embeddable":true,"href":"https:\/\/www.ufsm.br\/laboratorios\/suinos\/wp-json\/wp\/v2\/users\/25"}],"replies":[{"embeddable":true,"href":"https:\/\/www.ufsm.br\/laboratorios\/suinos\/wp-json\/wp\/v2\/comments?post=32"}],"version-history":[{"count":0,"href":"https:\/\/www.ufsm.br\/laboratorios\/suinos\/wp-json\/wp\/v2\/pages\/32\/revisions"}],"wp:attachment":[{"href":"https:\/\/www.ufsm.br\/laboratorios\/suinos\/wp-json\/wp\/v2\/media?parent=32"}],"wp:term":[{"taxonomy":"category","embeddable":true,"href":"https:\/\/www.ufsm.br\/laboratorios\/suinos\/wp-json\/wp\/v2\/categories?post=32"},{"taxonomy":"post_tag","embeddable":true,"href":"https:\/\/www.ufsm.br\/laboratorios\/suinos\/wp-json\/wp\/v2\/tags?post=32"}],"curies":[{"name":"wp","href":"https:\/\/api.w.org\/{rel}","templated":true}]}}