{"id":59,"date":"2025-08-27T14:28:02","date_gmt":"2025-08-27T17:28:02","guid":{"rendered":"https:\/\/www.ufsm.br\/laboratorios\/sv\/?page_id=59"},"modified":"2025-09-15T14:50:33","modified_gmt":"2025-09-15T17:50:33","slug":"coleta-e-remessa","status":"publish","type":"page","link":"https:\/\/www.ufsm.br\/laboratorios\/sv\/coleta-e-remessa","title":{"rendered":"Coleta e Remessa de Material"},"content":{"rendered":"\t\t<div data-elementor-type=\"wp-page\" data-elementor-id=\"59\" class=\"elementor elementor-59\">\n\t\t\t\t\t\t<section class=\"elementor-section elementor-top-section elementor-element elementor-element-5756c39 elementor-section-height-min-height elementor-section-boxed elementor-section-height-default elementor-section-items-middle\" data-id=\"5756c39\" data-element_type=\"section\">\n\t\t\t\t\t\t<div class=\"elementor-container elementor-column-gap-default\">\n\t\t\t\t\t<div class=\"elementor-column elementor-col-33 elementor-top-column elementor-element elementor-element-3c91357\" data-id=\"3c91357\" data-element_type=\"column\">\n\t\t\t<div class=\"elementor-widget-wrap elementor-element-populated\">\n\t\t\t\t\t\t<div class=\"elementor-element elementor-element-97a594a elementor-view-default elementor-widget elementor-widget-icon\" data-id=\"97a594a\" data-element_type=\"widget\" data-settings=\"{&quot;_animation&quot;:&quot;none&quot;}\" data-widget_type=\"icon.default\">\n\t\t\t\t<div class=\"elementor-widget-container\">\n\t\t\t\t\t<div class=\"elementor-icon-wrapper\">\n\t\t\t<div class=\"elementor-icon elementor-animation-grow\">\n\t\t\t<i aria-hidden=\"true\" class=\"fas fa-exclamation-triangle\"><\/i>\t\t\t<\/div>\n\t\t<\/div>\n\t\t\t\t<\/div>\n\t\t\t\t<\/div>\n\t\t\t\t\t<\/div>\n\t\t<\/div>\n\t\t\t\t<div class=\"elementor-column elementor-col-66 elementor-top-column elementor-element elementor-element-7207347\" data-id=\"7207347\" data-element_type=\"column\">\n\t\t\t<div class=\"elementor-widget-wrap elementor-element-populated\">\n\t\t\t\t\t\t<div class=\"elementor-element elementor-element-ed6b8f0 elementor-widget elementor-widget-heading\" data-id=\"ed6b8f0\" data-element_type=\"widget\" data-widget_type=\"heading.default\">\n\t\t\t\t<div class=\"elementor-widget-container\">\n\t\t\t<h2 class=\"elementor-heading-title elementor-size-default\">Identifica\u00e7\u00e3o<\/h2>\t\t<\/div>\n\t\t\t\t<\/div>\n\t\t\t\t<div class=\"elementor-element elementor-element-4853cf0 elementor-widget elementor-widget-text-editor\" data-id=\"4853cf0\" data-element_type=\"widget\" data-widget_type=\"text-editor.default\">\n\t\t\t\t<div class=\"elementor-widget-container\">\n\t\t\t\t\t\t\t<ul class=\"wp-block-list\" style=\"padding-left: 16px;color: #020e01;font-family: 'Cormorant Garamond';font-size: 20px\"><li>Identifique cada amostra coletada com\u00a0<strong>r\u00f3tulo, escrita leg\u00edvel e sem risco de borrar ou desprender\/soltar;<\/strong><\/li><li>A identifica\u00e7\u00e3o pode ser com nome (estrela, mimosa, etc), n\u00famero de brinco ou tatuagem, ou outra identifica\u00e7\u00e3o utilizada pelo propriet\u00e1rio;<\/li><li>Utilize\u00a0<strong>frascos ou embalagens separadas para cada animal<\/strong>\u00a0e para cada tipo de amostra;<\/li><li>Colete o m\u00e1ximo de informa\u00e7\u00f5es relacionadas com o caso e anexe ao material enviado;<\/li><li>Identifique o veterin\u00e1rio requisitante e o propriet\u00e1rio com endere\u00e7o completo, endere\u00e7o eletr\u00f4nico, telefone\/whats para contato;<\/li><li>Sempre que poss\u00edvel anexe uma folha com a descri\u00e7\u00e3o dos casos, suspeita cl\u00ednica, hist\u00f3rico da propriedade e demais informa\u00e7\u00f5es que possam ser \u00fateis para o diagn\u00f3stico;<\/li><\/ul>\t\t\t\t\t\t<\/div>\n\t\t\t\t<\/div>\n\t\t\t\t\t<\/div>\n\t\t<\/div>\n\t\t\t\t\t<\/div>\n\t\t<\/section>\n\t\t\t\t<section class=\"elementor-section elementor-top-section elementor-element elementor-element-865c872 elementor-section-height-min-height elementor-section-boxed elementor-section-height-default elementor-section-items-middle\" data-id=\"865c872\" data-element_type=\"section\">\n\t\t\t\t\t\t<div class=\"elementor-container elementor-column-gap-default\">\n\t\t\t\t\t<div class=\"elementor-column elementor-col-66 elementor-top-column elementor-element elementor-element-e67eff1\" data-id=\"e67eff1\" data-element_type=\"column\">\n\t\t\t<div class=\"elementor-widget-wrap elementor-element-populated\">\n\t\t\t\t\t\t<div class=\"elementor-element elementor-element-309da76 elementor-widget elementor-widget-heading\" data-id=\"309da76\" data-element_type=\"widget\" data-widget_type=\"heading.default\">\n\t\t\t\t<div class=\"elementor-widget-container\">\n\t\t\t<h2 class=\"elementor-heading-title elementor-size-default\">Coleta da Amostra<\/h2>\t\t<\/div>\n\t\t\t\t<\/div>\n\t\t\t\t<div class=\"elementor-element elementor-element-8771e05 elementor-widget elementor-widget-text-editor\" data-id=\"8771e05\" data-element_type=\"widget\" data-widget_type=\"text-editor.default\">\n\t\t\t\t<div class=\"elementor-widget-container\">\n\t\t\t\t\t\t\t<ul style=\"padding-left: 16px;color: #020e01;font-family: 'Cormorant Garamond';font-size: 20px\"><li>Colete as amostras da forma mais <b>ass\u00e9ptica <\/b>poss\u00edvel, evitando contamina\u00e7\u00e3o com restos de <b>alimentos, pelos, fezes e outras sujidades;<\/b><\/li><li>Colete os \u00f3rg\u00e3os ou fragmentos de tecidos logo ap\u00f3s a necropsia ou morte do animal. T<u>ecidos autolisados dificultam as t\u00e9cnicas de diagn\u00f3stico.<\/u> <b>Evite a contamina\u00e7\u00e3o cruzada<\/b> entre amostras;<\/li><li>Para a coleta das amostras, de prefer\u00eancia utilize materiais <b>descart\u00e1veis <\/b>(agulhas, seringas, tubos, sacos pl\u00e1sticos) ou <b>esterilizados<\/b>; sacos e frascos pl\u00e1sticos (ou de vidro) bem limpos tamb\u00e9m podem ser utilizados<\/li><li>Caso n\u00e3o possua frascos, vidros, tubos e tampas novos ou esterilizados, lave-os com \u00e1gua e detergente neutro, enx\u00e1gue-os abundantemente para remover o sab\u00e3o, ferva em \u00e1gua durante 10 minutos e deixe secar;<\/li><li>Ap\u00f3s acondicionar nos frascos ou sacos pl\u00e1sticos, <b>refrigere o material a 4oC logo ap\u00f3s a coleta<\/b>. Caso a remessa v\u00e1 demorar muitos dias, opte por congelar o material (<b>menos sangue integral<\/b>);<\/li><li>Para a histopatologia, parte dos tecidos pode tamb\u00e9m ser fixada em formol\u00a0 a 10%, na propor\u00e7\u00e3o de uma parte de tecido e 10 partes de formol;<\/li><\/ul>\t\t\t\t\t\t<\/div>\n\t\t\t\t<\/div>\n\t\t\t\t\t<\/div>\n\t\t<\/div>\n\t\t\t\t<div class=\"elementor-column elementor-col-33 elementor-top-column elementor-element elementor-element-9edfe0c\" data-id=\"9edfe0c\" data-element_type=\"column\">\n\t\t\t<div class=\"elementor-widget-wrap elementor-element-populated\">\n\t\t\t\t\t\t<div class=\"elementor-element elementor-element-1a7500f elementor-view-default elementor-widget elementor-widget-icon\" data-id=\"1a7500f\" data-element_type=\"widget\" data-settings=\"{&quot;_animation&quot;:&quot;none&quot;}\" data-widget_type=\"icon.default\">\n\t\t\t\t<div class=\"elementor-widget-container\">\n\t\t\t\t\t<div class=\"elementor-icon-wrapper\">\n\t\t\t<div class=\"elementor-icon elementor-animation-grow\">\n\t\t\t<i aria-hidden=\"true\" class=\"fas fa-vial\"><\/i>\t\t\t<\/div>\n\t\t<\/div>\n\t\t\t\t<\/div>\n\t\t\t\t<\/div>\n\t\t\t\t\t<\/div>\n\t\t<\/div>\n\t\t\t\t\t<\/div>\n\t\t<\/section>\n\t\t\t\t<section class=\"elementor-section elementor-top-section elementor-element elementor-element-61d43ab elementor-section-height-min-height elementor-section-boxed elementor-section-height-default elementor-section-items-middle\" data-id=\"61d43ab\" data-element_type=\"section\">\n\t\t\t\t\t\t<div class=\"elementor-container elementor-column-gap-default\">\n\t\t\t\t\t<div class=\"elementor-column elementor-col-33 elementor-top-column elementor-element elementor-element-4437bae\" data-id=\"4437bae\" data-element_type=\"column\">\n\t\t\t<div class=\"elementor-widget-wrap elementor-element-populated\">\n\t\t\t\t\t\t<div class=\"elementor-element elementor-element-cd0e0bd elementor-view-default elementor-widget elementor-widget-icon\" data-id=\"cd0e0bd\" data-element_type=\"widget\" data-settings=\"{&quot;_animation&quot;:&quot;none&quot;}\" data-widget_type=\"icon.default\">\n\t\t\t\t<div class=\"elementor-widget-container\">\n\t\t\t\t\t<div class=\"elementor-icon-wrapper\">\n\t\t\t<div class=\"elementor-icon elementor-animation-grow\">\n\t\t\t<i aria-hidden=\"true\" class=\"fas fa-shipping-fast\"><\/i>\t\t\t<\/div>\n\t\t<\/div>\n\t\t\t\t<\/div>\n\t\t\t\t<\/div>\n\t\t\t\t\t<\/div>\n\t\t<\/div>\n\t\t\t\t<div class=\"elementor-column elementor-col-66 elementor-top-column elementor-element elementor-element-8d3e400\" data-id=\"8d3e400\" data-element_type=\"column\">\n\t\t\t<div class=\"elementor-widget-wrap elementor-element-populated\">\n\t\t\t\t\t\t<div class=\"elementor-element elementor-element-9c7637b elementor-widget elementor-widget-heading\" data-id=\"9c7637b\" data-element_type=\"widget\" data-widget_type=\"heading.default\">\n\t\t\t\t<div class=\"elementor-widget-container\">\n\t\t\t<h2 class=\"elementor-heading-title elementor-size-default\"><span>Remessa do material<\/span><\/h2>\t\t<\/div>\n\t\t\t\t<\/div>\n\t\t\t\t<div class=\"elementor-element elementor-element-61fd1ce elementor-widget elementor-widget-text-editor\" data-id=\"61fd1ce\" data-element_type=\"widget\" data-widget_type=\"text-editor.default\">\n\t\t\t\t<div class=\"elementor-widget-container\">\n\t\t\t\t\t\t\t<div class=\"wp-block-group alignwide has-ast-global-color-5-background-color has-background has-global-padding is-layout-constrained wp-container-core-group-is-layout-da976f36 wp-block-group-is-layout-constrained\"><div class=\"wp-block-columns is-layout-flex wp-container-core-columns-is-layout-28f84493 wp-block-columns-is-layout-flex\"><div class=\"wp-block-column is-layout-flow wp-block-column-is-layout-flow\"><ul class=\"wp-block-list\"><li><b>Acondicione o material coletado em caixa de isopor com gelo<\/b>, de prefer\u00eancia recicl\u00e1vel. Opcionalmente pode-se utilizar garrafas pet com \u00e1gua congelada. Evite usar gelo em cubos. Caso seja necess\u00e1rio, acondicione dentro de sacos pl\u00e1sticos;<\/li><li>Coloque os tubos ou frascos com as amostras em um saco pl\u00e1stico e feche com fita adesiva, barbante ou amarrando bem;<\/li><\/ul><ul class=\"wp-block-list\"><li>Ap\u00f3s colocar os sacos com as amostras na caixa t\u00e9rmica,<b> preencha os espa\u00e7os vazios com papel ou jornal velho amassados; evite deixar tubos\/frascos soltos e espa\u00e7os vazios na caixa;<\/b><\/li><li><b>Tampe e vede a caixa com fita adesiva<\/b>, evitando que l\u00edquidos possa extravasar do interior;<\/li><li><b>Inclua sempre a requisi\u00e7\u00e3o do exame<\/b> contendo a identifica\u00e7\u00e3o do veterin\u00e1rio e do propriet\u00e1rio e endere\u00e7os para contato. Coloque preferencialmente no exterior da caixa com fita adesiva ou dentro de saco pl\u00e1stico e protegido da umidade;<\/li><\/ul><ul class=\"wp-block-list\"><li>Procure calcular o tempo entre o envio e a chegada das amostras ao laborat\u00f3rio; preste aten\u00e7\u00e3o para feriados e finais de semana;<\/li><li><b>Identifique o destinat\u00e1rio e o remetente no lado externo da caixa;<\/b><\/li><\/ul><p style=\"text-align: center\"><span style=\"color: #ff0000\">Sugere-se escrever bem leg\u00edvel \u00a0\u201cmaterial perec\u00edvel\u201d ou \u201cmaterial sob refrigera\u00e7\u00e3o\u201d.<\/span><\/p><\/div><\/div><\/div>\t\t\t\t\t\t<\/div>\n\t\t\t\t<\/div>\n\t\t\t\t\t<\/div>\n\t\t<\/div>\n\t\t\t\t\t<\/div>\n\t\t<\/section>\n\t\t\t\t<section class=\"elementor-section elementor-top-section elementor-element elementor-element-44a2cf2 elementor-section-height-min-height elementor-section-boxed elementor-section-height-default elementor-section-items-middle\" data-id=\"44a2cf2\" data-element_type=\"section\">\n\t\t\t\t\t\t<div class=\"elementor-container elementor-column-gap-default\">\n\t\t\t\t\t<div class=\"elementor-column elementor-col-66 elementor-top-column elementor-element elementor-element-d41e3e7\" data-id=\"d41e3e7\" data-element_type=\"column\">\n\t\t\t<div class=\"elementor-widget-wrap elementor-element-populated\">\n\t\t\t\t\t\t<div class=\"elementor-element elementor-element-b087484 elementor-widget elementor-widget-heading\" data-id=\"b087484\" data-element_type=\"widget\" data-widget_type=\"heading.default\">\n\t\t\t\t<div class=\"elementor-widget-container\">\n\t\t\t<h2 class=\"elementor-heading-title elementor-size-default\">Algumas dicas de como coletar amostras<\/h2>\t\t<\/div>\n\t\t\t\t<\/div>\n\t\t\t\t<div class=\"elementor-element elementor-element-16ad34e elementor-widget elementor-widget-text-editor\" data-id=\"16ad34e\" data-element_type=\"widget\" data-widget_type=\"text-editor.default\">\n\t\t\t\t<div class=\"elementor-widget-container\">\n\t\t\t\t\t\t\t<ul class=\"wp-block-list\"><li><strong>Sangue integral<\/strong> \u00e9 utilizado para isolamento viral ou PCR e deve ser coletado em tubos com <strong>anticoagulante e mantido refrigerado<\/strong>. <strong><span style=\"color: #ff0000\">Nunca congele o sangue<\/span><\/strong>, pois a hem\u00f3lise poder\u00e1 impossibilitar o exame;<\/li><li>Para coletar soro utilize tubos <strong>sem anticoagulante<\/strong>; deixe o co\u00e1gulo se formar durante 2 horas a temperatura ambiente e ao abrigo do sol e transfira o soro para um novo frasco. <u>Uma vez separado, o soro pode ser congelado ou resfriado por semanas ou meses.<\/u><\/li><li><b>Envie apenas o soro<\/b>. Evite enviar o frasco com o co\u00e1gulo, pois isso produzir\u00e1 hem\u00f3lise e impossibilitar\u00e1 o exame;<\/li><li><b><i>Swabs <\/i>nasais devem ser coletados profundamente <\/b>e acondicionados em tubos com meio de transporte (PBS ou solu\u00e7\u00e3o salina com pH 7,2-7,4) fornecido pelo laborat\u00f3rio ou adquirido em laborat\u00f3rios de an\u00e1lises cl\u00ednicas ou hospitais.<\/li><li>Os <i>swabs <\/i>podem ser adquiridos em hospitais, farm\u00e1cias ou laborat\u00f3rios cl\u00ednicos (<b>evite utilizar cotonetes infantis<\/b>).<\/li><li>Em caso de necessidade de usar cotonetes como <i>swab<\/i>, procure o mais simples e que <b>n\u00e3o possua antiss\u00e9ptico ou perfume;<\/b><\/li><li>Amostras de fezes devem ser coletadas da <b>ampola retal ou imediatamente ap\u00f3s a defeca\u00e7\u00e3o;<\/b><\/li><li>Fragmentos de tecidos ou \u00f3rg\u00e3os devem ser <b>coletados e acondicionados individualmente em pequenos sacos pl\u00e1sticos ou tubos<\/b>. Ap\u00f3s, <b>identifique<\/b> os respectivos tecidos\/\u00f3rg\u00e3os.<\/li><\/ul>\t\t\t\t\t\t<\/div>\n\t\t\t\t<\/div>\n\t\t\t\t\t<\/div>\n\t\t<\/div>\n\t\t\t\t<div class=\"elementor-column elementor-col-33 elementor-top-column elementor-element elementor-element-462765c\" data-id=\"462765c\" data-element_type=\"column\">\n\t\t\t<div class=\"elementor-widget-wrap elementor-element-populated\">\n\t\t\t\t\t\t<div class=\"elementor-element elementor-element-ce98333 elementor-view-default elementor-widget elementor-widget-icon\" data-id=\"ce98333\" data-element_type=\"widget\" data-settings=\"{&quot;_animation&quot;:&quot;none&quot;}\" data-widget_type=\"icon.default\">\n\t\t\t\t<div class=\"elementor-widget-container\">\n\t\t\t\t\t<div class=\"elementor-icon-wrapper\">\n\t\t\t<div class=\"elementor-icon elementor-animation-grow\">\n\t\t\t<i aria-hidden=\"true\" class=\"fas fa-check-double\"><\/i>\t\t\t<\/div>\n\t\t<\/div>\n\t\t\t\t<\/div>\n\t\t\t\t<\/div>\n\t\t\t\t\t<\/div>\n\t\t<\/div>\n\t\t\t\t\t<\/div>\n\t\t<\/section>\n\t\t\t\t<section class=\"elementor-section elementor-top-section elementor-element elementor-element-9b588db elementor-section-boxed elementor-section-height-default elementor-section-height-default\" data-id=\"9b588db\" data-element_type=\"section\">\n\t\t\t\t\t\t<div class=\"elementor-container elementor-column-gap-default\">\n\t\t\t\t\t<div class=\"elementor-column elementor-col-100 elementor-top-column elementor-element elementor-element-d0ddbd1\" data-id=\"d0ddbd1\" data-element_type=\"column\">\n\t\t\t<div class=\"elementor-widget-wrap elementor-element-populated\">\n\t\t\t\t\t\t<div class=\"elementor-element elementor-element-5532156 elementor-widget elementor-widget-heading\" data-id=\"5532156\" data-element_type=\"widget\" data-widget_type=\"heading.default\">\n\t\t\t\t<div class=\"elementor-widget-container\">\n\t\t\t<h4 class=\"elementor-heading-title elementor-size-default\">Clique aqui para fazer o download da Ficha de Requisi\u00e7\u00e3o de exames:<br><br><\/h4>\t\t<\/div>\n\t\t\t\t<\/div>\n\t\t\t\t<div class=\"elementor-element elementor-element-81603b9 elementor-align-center elementor-widget elementor-widget-button\" data-id=\"81603b9\" data-element_type=\"widget\" data-widget_type=\"button.default\">\n\t\t\t\t<div class=\"elementor-widget-container\">\n\t\t\t\t\t\t\t<div class=\"elementor-button-wrapper\">\n\t\t\t\t\t<a class=\"elementor-button elementor-button-link elementor-size-sm elementor-animation-grow\" href=\"https:\/\/setordevirologiaufsm.wordpress.com\/wp-content\/uploads\/2023\/11\/ficha-de-cadastro-virologia-1.docx\">\n\t\t\t\t\t\t<span class=\"elementor-button-content-wrapper\">\n\t\t\t\t\t\t\t\t\t<span class=\"elementor-button-text\">Baixar Ficha de Requisi\u00e7\u00e3o<\/span>\n\t\t\t\t\t<\/span>\n\t\t\t\t\t<\/a>\n\t\t\t\t<\/div>\n\t\t\t\t\t\t<\/div>\n\t\t\t\t<\/div>\n\t\t\t\t\t<\/div>\n\t\t<\/div>\n\t\t\t\t\t<\/div>\n\t\t<\/section>\n\t\t\t\t<\/div>\n\t\t","protected":false},"excerpt":{"rendered":"<p>Identifica\u00e7\u00e3o Identifique cada amostra coletada com\u00a0r\u00f3tulo, escrita leg\u00edvel e sem risco de borrar ou desprender\/soltar; A identifica\u00e7\u00e3o pode ser com nome (estrela, mimosa, etc), n\u00famero de brinco ou tatuagem, ou outra identifica\u00e7\u00e3o utilizada pelo propriet\u00e1rio; Utilize\u00a0frascos ou embalagens separadas para cada animal\u00a0e para cada tipo de amostra; Colete o m\u00e1ximo de informa\u00e7\u00f5es relacionadas com o [&hellip;]<\/p>\n","protected":false},"author":9036,"featured_media":0,"parent":0,"menu_order":0,"comment_status":"closed","ping_status":"closed","template":"","meta":{"footnotes":""},"categories":[],"tags":[],"class_list":["post-59","page","type-page","status-publish","hentry"],"acf":[],"_links":{"self":[{"href":"https:\/\/www.ufsm.br\/laboratorios\/sv\/wp-json\/wp\/v2\/pages\/59","targetHints":{"allow":["GET"]}}],"collection":[{"href":"https:\/\/www.ufsm.br\/laboratorios\/sv\/wp-json\/wp\/v2\/pages"}],"about":[{"href":"https:\/\/www.ufsm.br\/laboratorios\/sv\/wp-json\/wp\/v2\/types\/page"}],"author":[{"embeddable":true,"href":"https:\/\/www.ufsm.br\/laboratorios\/sv\/wp-json\/wp\/v2\/users\/9036"}],"replies":[{"embeddable":true,"href":"https:\/\/www.ufsm.br\/laboratorios\/sv\/wp-json\/wp\/v2\/comments?post=59"}],"version-history":[{"count":0,"href":"https:\/\/www.ufsm.br\/laboratorios\/sv\/wp-json\/wp\/v2\/pages\/59\/revisions"}],"wp:attachment":[{"href":"https:\/\/www.ufsm.br\/laboratorios\/sv\/wp-json\/wp\/v2\/media?parent=59"}],"wp:term":[{"taxonomy":"category","embeddable":true,"href":"https:\/\/www.ufsm.br\/laboratorios\/sv\/wp-json\/wp\/v2\/categories?post=59"},{"taxonomy":"post_tag","embeddable":true,"href":"https:\/\/www.ufsm.br\/laboratorios\/sv\/wp-json\/wp\/v2\/tags?post=59"}],"curies":[{"name":"wp","href":"https:\/\/api.w.org\/{rel}","templated":true}]}}