{"id":61,"date":"2025-08-27T15:47:23","date_gmt":"2025-08-27T18:47:23","guid":{"rendered":"https:\/\/www.ufsm.br\/laboratorios\/sv\/?page_id=61"},"modified":"2025-10-17T10:51:15","modified_gmt":"2025-10-17T13:51:15","slug":"insumos-biologicos","status":"publish","type":"page","link":"https:\/\/www.ufsm.br\/laboratorios\/sv\/insumos-biologicos","title":{"rendered":"Insumos Biol\u00f3gicos"},"content":{"rendered":"\t\t<div data-elementor-type=\"wp-page\" data-elementor-id=\"61\" class=\"elementor elementor-61\">\n\t\t\t\t\t\t<section class=\"elementor-section elementor-top-section elementor-element elementor-element-da6dd98 elementor-section-boxed elementor-section-height-default elementor-section-height-default\" data-id=\"da6dd98\" data-element_type=\"section\">\n\t\t\t\t\t\t<div class=\"elementor-container elementor-column-gap-default\">\n\t\t\t\t\t<div class=\"elementor-column elementor-col-100 elementor-top-column elementor-element elementor-element-61c85eb\" data-id=\"61c85eb\" data-element_type=\"column\">\n\t\t\t<div class=\"elementor-widget-wrap elementor-element-populated\">\n\t\t\t\t\t\t<div class=\"elementor-element elementor-element-81268cd elementor-widget elementor-widget-accordion\" data-id=\"81268cd\" data-element_type=\"widget\" data-widget_type=\"accordion.default\">\n\t\t\t\t<div class=\"elementor-widget-container\">\n\t\t\t\t\t<div class=\"elementor-accordion\">\n\t\t\t\t\t\t\t<div class=\"elementor-accordion-item\">\n\t\t\t\t\t<div id=\"elementor-tab-title-1351\" class=\"elementor-tab-title\" data-tab=\"1\" role=\"button\" aria-controls=\"elementor-tab-content-1351\" aria-expanded=\"false\">\n\t\t\t\t\t\t\t\t\t\t\t\t\t<span class=\"elementor-accordion-icon elementor-accordion-icon-left\" aria-hidden=\"true\">\n\t\t\t\t\t\t\t\t\t\t\t\t\t\t\t<span class=\"elementor-accordion-icon-closed\"><i class=\"fas fa-plus\"><\/i><\/span>\n\t\t\t\t\t\t\t\t<span class=\"elementor-accordion-icon-opened\"><i class=\"fas fa-minus\"><\/i><\/span>\n\t\t\t\t\t\t\t\t\t\t\t\t\t\t<\/span>\n\t\t\t\t\t\t\t\t\t\t\t\t<a class=\"elementor-accordion-title\" tabindex=\"0\">CEPAS E ISOLADOS VIRAIS<\/a>\n\t\t\t\t\t<\/div>\n\t\t\t\t\t<div id=\"elementor-tab-content-1351\" class=\"elementor-tab-content elementor-clearfix\" data-tab=\"1\" role=\"region\" aria-labelledby=\"elementor-tab-title-1351\"><table style=\"width: 100%;border-collapse: collapse\">\n<thead>\n<tr style=\"background-color: #f2f2f2\">\n<th style=\"border: 1px solid #ddd;padding: 8px;text-align: left\">Esp\u00e9cie<\/th>\n<th style=\"border: 1px solid #ddd;padding: 8px;text-align: left\">Cepa\/amostra<\/th>\n<th style=\"border: 1px solid #ddd;padding: 8px;text-align: left\">Apresenta\u00e7\u00e3o\/ custo<\/th>\n<\/tr>\n<\/thead>\n<tbody>\n<tr>\n<td style=\"border: 1px solid #ddd;padding: 8px\">V\u00edrus da diarr\u00e9ia viral bovina 1 (BVDV-1)<\/td>\n<td style=\"border: 1px solid #ddd;padding: 8px\">Cepas de refer\u00eancia e isolados\/ Amostras*<\/td>\n<td style=\"border: 1px solid #ddd;padding: 8px;text-align: center;vertical-align: middle\" rowspan=\"19\"><p>Sobrenadante de cultivo celular<br>5 x 1mL<br>Ou<br>DNA, RNA ou cDNA<\/p>\n<p><strong>R$ 400,00<\/strong><\/p><\/td>\n<\/tr>\n<tr>\n<td style=\"border: 1px solid #ddd;padding: 8px\">V\u00edrus da diarr\u00e9ia viral bovina 2 (BVDV-2)<\/td>\n<td style=\"border: 1px solid #ddd;padding: 8px\">Cepas de refer\u00eancia e isolados\/ amostras<\/td>\n<\/tr>\n<tr>\n<td style=\"border: 1px solid #ddd;padding: 8px\">Pestiv\u00edrus HoBi-like<\/td>\n<td style=\"border: 1px solid #ddd;padding: 8px\">Cepas de refer\u00eancia e isolados\/ amostras<\/td>\n<\/tr>\n<tr>\n<td style=\"border: 1px solid #ddd;padding: 8px\">V\u00edrus da Parainfluenza bovina 3 (bPIV-2)<\/td>\n<td style=\"border: 1px solid #ddd;padding: 8px\">Cepa vacinal<\/td>\n<\/tr>\n<tr>\n<td style=\"border: 1px solid #ddd;padding: 8px\">V\u00edrus sincicial respirat\u00f3rio bovino (BRSV)<\/td>\n<td style=\"border: 1px solid #ddd;padding: 8px\">Cepa vacinal<\/td>\n<\/tr>\n<tr>\n<td style=\"border: 1px solid #ddd;padding: 8px\">V\u00edrus da Vacc\u00ednia (VACV)<\/td>\n<td style=\"border: 1px solid #ddd;padding: 8px\">Cepas de refer\u00eancia e isolados\/ amostras<\/td>\n<\/tr>\n<tr>\n<td style=\"border: 1px solid #ddd;padding: 8px\">V\u00edrus da pseudovar\u00edola (PCPV)<\/td>\n<td style=\"border: 1px solid #ddd;padding: 8px\">Isolado\/amostra viral<\/td>\n<\/tr>\n<tr>\n<td style=\"border: 1px solid #ddd;padding: 8px\">V\u00edrus da estomatite papular bovina (BSPV)<\/td>\n<td style=\"border: 1px solid #ddd;padding: 8px\">Isolado\/amostra viral<\/td>\n<\/tr>\n<tr>\n<td style=\"border: 1px solid #ddd;padding: 8px\">V\u00edrus da estomatite vesicular (VSV)<\/td>\n<td style=\"border: 1px solid #ddd;padding: 8px\">Isolado\/amostra viral<\/td>\n<\/tr>\n<tr>\n<td style=\"border: 1px solid #ddd;padding: 8px\">Herpesv\u00edrus bovino 1 (BoHV-1)<\/td>\n<td style=\"border: 1px solid #ddd;padding: 8px\">Cepas de refer\u00eancia e isolados\/ amostras<\/td>\n<\/tr>\n<tr>\n<td style=\"border: 1px solid #ddd;padding: 8px\">Herpesv\u00edrus bovino 5 (BoHV-5)<\/td>\n<td style=\"border: 1px solid #ddd;padding: 8px\">Cepas de refer\u00eancia e isolados\/ amostras<\/td>\n<\/tr>\n<tr>\n<td style=\"border: 1px solid #ddd;padding: 8px\">Herpesv\u00edrus bovino 2 (BoHV-2)<\/td>\n<td style=\"border: 1px solid #ddd;padding: 8px\">Cepa viral<\/td>\n<\/tr>\n<tr>\n<td style=\"border: 1px solid #ddd;padding: 8px\">Herpesv\u00edrus caprino (CpHV-1)<\/td>\n<td style=\"border: 1px solid #ddd;padding: 8px\">Isolado\/amostra viral<\/td>\n<\/tr>\n<tr>\n<td style=\"border: 1px solid #ddd;padding: 8px\">Herpesv\u00edrus canino 1 (CHV-1)<\/td>\n<td style=\"border: 1px solid #ddd;padding: 8px\">Isolado\/amostra viral<\/td>\n<\/tr>\n<tr>\n<td style=\"border: 1px solid #ddd;padding: 8px\">Herpesv\u00edrus equino 1 (EHV-1)<\/td>\n<td style=\"border: 1px solid #ddd;padding: 8px\">Isolado\/amostra viral<\/td>\n<\/tr>\n<tr>\n<td style=\"border: 1px solid #ddd;padding: 8px\">V\u00edrus da cinomose (CDV)<\/td>\n<td style=\"border: 1px solid #ddd;padding: 8px\">Isolado\/amostra viral e cepa vacinal<\/td>\n<\/tr>\n<tr>\n<td style=\"border: 1px solid #ddd;padding: 8px\">Parapoxv\u00edrus ovino (v\u00edrus da ORF)<\/td>\n<td style=\"border: 1px solid #ddd;padding: 8px\">Cepas de refer\u00eancia e isolados\/ amostras<\/td>\n<\/tr>\n<tr>\n<td style=\"border: 1px solid #ddd;padding: 8px\">V\u00edrus da l\u00edngua azul (BTV)<\/td>\n<td style=\"border: 1px solid #ddd;padding: 8px\">Isolado\/amostra viral<\/td>\n<\/tr>\n<tr>\n<td style=\"border: 1px solid #ddd;padding: 8px\">V\u00edrus da raiva (RABV)<\/td>\n<td style=\"border: 1px solid #ddd;padding: 8px\">Cepa Pasteur CVS<\/td>\n<\/tr>\n<\/tbody>\n<\/table><\/div>\n\t\t\t\t<\/div>\n\t\t\t\t\t\t\t<div class=\"elementor-accordion-item\">\n\t\t\t\t\t<div id=\"elementor-tab-title-1352\" class=\"elementor-tab-title\" data-tab=\"2\" role=\"button\" aria-controls=\"elementor-tab-content-1352\" aria-expanded=\"false\">\n\t\t\t\t\t\t\t\t\t\t\t\t\t<span class=\"elementor-accordion-icon elementor-accordion-icon-left\" aria-hidden=\"true\">\n\t\t\t\t\t\t\t\t\t\t\t\t\t\t\t<span class=\"elementor-accordion-icon-closed\"><i class=\"fas fa-plus\"><\/i><\/span>\n\t\t\t\t\t\t\t\t<span class=\"elementor-accordion-icon-opened\"><i class=\"fas fa-minus\"><\/i><\/span>\n\t\t\t\t\t\t\t\t\t\t\t\t\t\t<\/span>\n\t\t\t\t\t\t\t\t\t\t\t\t<a class=\"elementor-accordion-title\" tabindex=\"0\">CULTIVOS CELULARES<\/a>\n\t\t\t\t\t<\/div>\n\t\t\t\t\t<div id=\"elementor-tab-content-1352\" class=\"elementor-tab-content elementor-clearfix\" data-tab=\"2\" role=\"region\" aria-labelledby=\"elementor-tab-title-1352\"><table style=\"width: 100%;border-collapse: collapse\">\n<thead>\n<tr style=\"background-color: #f2f2f2\">\n<th style=\"border: 1px solid #ddd;padding: 8px;text-align: left\">Identifica\u00e7\u00e3o e origem das linhagens<\/th>\n<th style=\"border: 1px solid #ddd;padding: 8px;text-align: left\">Esp\u00e9cie<\/th>\n<th style=\"border: 1px solid #ddd;padding: 8px;text-align: left\">Tipo<\/th>\n<th style=\"border: 1px solid #ddd;padding: 8px;text-align: left\">Apresenta\u00e7\u00e3o\/ custo<\/th>\n<\/tr>\n<\/thead>\n<tbody>\n<tr>\n<td style=\"border: 1px solid #ddd;padding: 8px\">MDBK *<\/td>\n<td style=\"border: 1px solid #ddd;padding: 8px\">Bovina<\/td>\n<td style=\"border: 1px solid #ddd;padding: 8px\">Linhagem\/rim fetal<\/td>\n<td style=\"border: 1px solid #ddd;padding: 8px;text-align: center;vertical-align: middle\" rowspan=\"20\"><p>Frasco de T-25cm\u00b2 em cultivo<\/p>\n<p><strong>R$ 350,00<\/strong><\/p><\/td>\n<\/tr>\n<tr>\n<td style=\"border: 1px solid #ddd;padding: 8px\">CRIB*<\/td>\n<td style=\"border: 1px solid #ddd;padding: 8px\">Bovina<\/td>\n<td style=\"border: 1px solid #ddd;padding: 8px\">Linhagem\/rim fetal<\/td>\n<\/tr>\n<tr>\n<td style=\"border: 1px solid #ddd;padding: 8px\">BTest<\/td>\n<td style=\"border: 1px solid #ddd;padding: 8px\">Bovina<\/td>\n<td style=\"border: 1px solid #ddd;padding: 8px\">Prim\u00e1ria\/test\u00edculo fetal<\/td>\n<\/tr>\n<tr>\n<td style=\"border: 1px solid #ddd;padding: 8px\">ST<\/td>\n<td style=\"border: 1px solid #ddd;padding: 8px\">Su\u00edna<\/td>\n<td style=\"border: 1px solid #ddd;padding: 8px\">Linhagem\/test\u00edculo fetal<\/td>\n<\/tr>\n<tr>\n<td style=\"border: 1px solid #ddd;padding: 8px\">PK-15<\/td>\n<td style=\"border: 1px solid #ddd;padding: 8px\">Su\u00edna<\/td>\n<td style=\"border: 1px solid #ddd;padding: 8px\">Linhagem\/rim adulto<\/td>\n<\/tr>\n<tr>\n<td style=\"border: 1px solid #ddd;padding: 8px\">SK-6<\/td>\n<td style=\"border: 1px solid #ddd;padding: 8px\">Su\u00edna<\/td>\n<td style=\"border: 1px solid #ddd;padding: 8px\">Linhagem\/rim adulto<\/td>\n<\/tr>\n<tr>\n<td style=\"border: 1px solid #ddd;padding: 8px\">ED<\/td>\n<td style=\"border: 1px solid #ddd;padding: 8px\">Equina<\/td>\n<td style=\"border: 1px solid #ddd;padding: 8px\">Linhagem\/derme adulto<\/td>\n<\/tr>\n<tr>\n<td style=\"border: 1px solid #ddd;padding: 8px\">RK-13*<\/td>\n<td style=\"border: 1px solid #ddd;padding: 8px\">Coelho<\/td>\n<td style=\"border: 1px solid #ddd;padding: 8px\">Linhagem\/rim fetal<\/td>\n<\/tr>\n<tr>\n<td style=\"border: 1px solid #ddd;padding: 8px\">BHK-21*<\/td>\n<td style=\"border: 1px solid #ddd;padding: 8px\">Hamster<\/td>\n<td style=\"border: 1px solid #ddd;padding: 8px\">Linhagem\/rim rec\u00e9m-nascido<\/td>\n<\/tr>\n<tr>\n<td style=\"border: 1px solid #ddd;padding: 8px\">Vero<\/td>\n<td style=\"border: 1px solid #ddd;padding: 8px\">Primata<\/td>\n<td style=\"border: 1px solid #ddd;padding: 8px\">Linhagem\/rim<\/td>\n<\/tr>\n<tr>\n<td style=\"border: 1px solid #ddd;padding: 8px\">Vero Slam<\/td>\n<td style=\"border: 1px solid #ddd;padding: 8px\">Primata<\/td>\n<td style=\"border: 1px solid #ddd;padding: 8px\">Linhagem\/rim<\/td>\n<\/tr>\n<tr>\n<td style=\"border: 1px solid #ddd;padding: 8px\">MDCK<\/td>\n<td style=\"border: 1px solid #ddd;padding: 8px\">Canino<\/td>\n<td style=\"border: 1px solid #ddd;padding: 8px\">Linhagem\/rim<\/td>\n<\/tr>\n<tr>\n<td style=\"border: 1px solid #ddd;padding: 8px\">CRFK<\/td>\n<td style=\"border: 1px solid #ddd;padding: 8px\">Felino<\/td>\n<td style=\"border: 1px solid #ddd;padding: 8px\">Linhagem\/rim adulto<\/td>\n<\/tr>\n<tr>\n<td style=\"border: 1px solid #ddd;padding: 8px\">OFTU<\/td>\n<td style=\"border: 1px solid #ddd;padding: 8px\">Ovina<\/td>\n<td style=\"border: 1px solid #ddd;padding: 8px\">Semi-cont\u00ednua\/corneto etmoidal<\/td>\n<\/tr>\n<tr>\n<td style=\"border: 1px solid #ddd;padding: 8px\">CEO<\/td>\n<td style=\"border: 1px solid #ddd;padding: 8px\">Ovina<\/td>\n<td style=\"border: 1px solid #ddd;padding: 8px\">Semi-cont\u00ednua\/corneto etmoidal<\/td>\n<\/tr>\n<tr>\n<td style=\"border: 1px solid #ddd;padding: 8px\">Mac-T<\/td>\n<td style=\"border: 1px solid #ddd;padding: 8px\">Bovina<\/td>\n<td style=\"border: 1px solid #ddd;padding: 8px\">Linhagem\/epit\u00e9lio mam\u00e1rio<\/td>\n<\/tr>\n<tr>\n<td style=\"border: 1px solid #ddd;padding: 8px\">C6\/36<\/td>\n<td style=\"border: 1px solid #ddd;padding: 8px\"><em>Aedes albopictus<\/em><\/td>\n<td style=\"border: 1px solid #ddd;padding: 8px\">Linhagem\/larva<\/td>\n<\/tr>\n<tr>\n<td style=\"border: 1px solid #ddd;padding: 8px\">PB<\/td>\n<td style=\"border: 1px solid #ddd;padding: 8px\">Bovina<\/td>\n<td style=\"border: 1px solid #ddd;padding: 8px\">Prim\u00e1ria\/pulm\u00e3o fetal<\/td>\n<\/tr>\n<tr>\n<td style=\"border: 1px solid #ddd;padding: 8px\">FEG<\/td>\n<td style=\"border: 1px solid #ddd;padding: 8px\">Galinha<\/td>\n<td style=\"border: 1px solid #ddd;padding: 8px\">Prim\u00e1ria\/embri\u00e3o<\/td>\n<\/tr>\n<tr>\n<td style=\"border: 1px solid #ddd;padding: 8px\">POv<\/td>\n<td style=\"border: 1px solid #ddd;padding: 8px\">Ovina<\/td>\n<td style=\"border: 1px solid #ddd;padding: 8px\">Prim\u00e1ria\/pulm\u00e3o fetal<\/td>\n<\/tr>\n<\/tbody>\n<\/table><\/div>\n\t\t\t\t<\/div>\n\t\t\t\t\t\t\t<div class=\"elementor-accordion-item\">\n\t\t\t\t\t<div id=\"elementor-tab-title-1353\" class=\"elementor-tab-title\" data-tab=\"3\" role=\"button\" aria-controls=\"elementor-tab-content-1353\" aria-expanded=\"false\">\n\t\t\t\t\t\t\t\t\t\t\t\t\t<span class=\"elementor-accordion-icon elementor-accordion-icon-left\" aria-hidden=\"true\">\n\t\t\t\t\t\t\t\t\t\t\t\t\t\t\t<span class=\"elementor-accordion-icon-closed\"><i class=\"fas fa-plus\"><\/i><\/span>\n\t\t\t\t\t\t\t\t<span class=\"elementor-accordion-icon-opened\"><i class=\"fas fa-minus\"><\/i><\/span>\n\t\t\t\t\t\t\t\t\t\t\t\t\t\t<\/span>\n\t\t\t\t\t\t\t\t\t\t\t\t<a class=\"elementor-accordion-title\" tabindex=\"0\">ANTICORPOS MONOCLONAIS <\/a>\n\t\t\t\t\t<\/div>\n\t\t\t\t\t<div id=\"elementor-tab-content-1353\" class=\"elementor-tab-content elementor-clearfix\" data-tab=\"3\" role=\"region\" aria-labelledby=\"elementor-tab-title-1353\"><p>Anticorpos monoclonais dispon\u00edveis no SV\/UFSM*<\/p>\n<table style=\"width: 100%;border-collapse: collapse\">\n<thead>\n<tr style=\"background-color: #f2f2f2\">\n<th style=\"border: 1px solid #ddd;padding: 8px;text-align: left\">Agente<\/th>\n<th style=\"border: 1px solid #ddd;padding: 8px;text-align: left\">Identifica\u00e7\u00e3o<\/th>\n<th style=\"border: 1px solid #ddd;padding: 8px;text-align: left\">Uso<\/th>\n<th style=\"border: 1px solid #ddd;padding: 8px;text-align: left\">Apresenta\u00e7\u00e3o\/ custo<\/th>\n<\/tr>\n<\/thead>\n<tbody>\n<tr>\n<td style=\"border: 1px solid #ddd;padding: 8px\">BVDV\u00b9<\/td>\n<td style=\"border: 1px solid #ddd;padding: 8px\">6F11<\/td>\n<td style=\"border: 1px solid #ddd;padding: 8px\">IFA, IPX<\/td>\n<td style=\"border: 1px solid #ddd;padding: 8px;text-align: center\">1 x 10mL<br><strong>R$ 400,00<\/strong><\/td>\n<\/tr>\n<tr>\n<td style=\"border: 1px solid #ddd;padding: 8px\">BoHV-1 e BoHV-5\u00b2<\/td>\n<td style=\"border: 1px solid #ddd;padding: 8px\">1D12, 2E2, 2G10,4E4, 1F3, 2A6, 2F9, 2G10, HB24L, 2E2, 3D6 and 4E4<\/td>\n<td style=\"border: 1px solid #ddd;padding: 8px\">IFA, IPX, IHQ<\/td>\n<td style=\"border: 1px solid #ddd;padding: 8px;text-align: center\">1 x 10mL<br><strong>R$ 400,00<\/strong><\/td>\n<\/tr>\n<tr>\n<td style=\"border: 1px solid #ddd;padding: 8px\">BoHV-1\u00b3<\/td>\n<td style=\"border: 1px solid #ddd;padding: 8px\">1F1, 2H4 and 4D7<\/td>\n<td style=\"border: 1px solid #ddd;padding: 8px\">IFA, IPX<\/td>\n<td style=\"border: 1px solid #ddd;padding: 8px;text-align: center\">1 x 10mL<br><strong>R$ 400,00<\/strong><\/td>\n<\/tr>\n<\/tbody>\n<\/table><\/div>\n\t\t\t\t<\/div>\n\t\t\t\t\t\t\t\t<\/div>\n\t\t\t\t<\/div>\n\t\t\t\t<\/div>\n\t\t\t\t\t<\/div>\n\t\t<\/div>\n\t\t\t\t\t<\/div>\n\t\t<\/section>\n\t\t\t\t<\/div>\n\t\t","protected":false},"excerpt":{"rendered":"<p>CEPAS E ISOLADOS VIRAIS Esp\u00e9cie Cepa\/amostra Apresenta\u00e7\u00e3o\/ custo V\u00edrus da diarr\u00e9ia viral bovina 1 (BVDV-1) Cepas de refer\u00eancia e isolados\/ Amostras* Sobrenadante de cultivo celular5 x 1mLOuDNA, RNA ou cDNA R$ 400,00 V\u00edrus da diarr\u00e9ia viral bovina 2 (BVDV-2) Cepas de refer\u00eancia e isolados\/ amostras Pestiv\u00edrus HoBi-like Cepas de refer\u00eancia e isolados\/ amostras V\u00edrus da [&hellip;]<\/p>\n","protected":false},"author":9036,"featured_media":0,"parent":0,"menu_order":0,"comment_status":"closed","ping_status":"closed","template":"","meta":{"footnotes":""},"categories":[],"tags":[],"class_list":["post-61","page","type-page","status-publish","hentry"],"acf":[],"_links":{"self":[{"href":"https:\/\/www.ufsm.br\/laboratorios\/sv\/wp-json\/wp\/v2\/pages\/61","targetHints":{"allow":["GET"]}}],"collection":[{"href":"https:\/\/www.ufsm.br\/laboratorios\/sv\/wp-json\/wp\/v2\/pages"}],"about":[{"href":"https:\/\/www.ufsm.br\/laboratorios\/sv\/wp-json\/wp\/v2\/types\/page"}],"author":[{"embeddable":true,"href":"https:\/\/www.ufsm.br\/laboratorios\/sv\/wp-json\/wp\/v2\/users\/9036"}],"replies":[{"embeddable":true,"href":"https:\/\/www.ufsm.br\/laboratorios\/sv\/wp-json\/wp\/v2\/comments?post=61"}],"version-history":[{"count":0,"href":"https:\/\/www.ufsm.br\/laboratorios\/sv\/wp-json\/wp\/v2\/pages\/61\/revisions"}],"wp:attachment":[{"href":"https:\/\/www.ufsm.br\/laboratorios\/sv\/wp-json\/wp\/v2\/media?parent=61"}],"wp:term":[{"taxonomy":"category","embeddable":true,"href":"https:\/\/www.ufsm.br\/laboratorios\/sv\/wp-json\/wp\/v2\/categories?post=61"},{"taxonomy":"post_tag","embeddable":true,"href":"https:\/\/www.ufsm.br\/laboratorios\/sv\/wp-json\/wp\/v2\/tags?post=61"}],"curies":[{"name":"wp","href":"https:\/\/api.w.org\/{rel}","templated":true}]}}