{"id":78,"date":"2025-09-13T17:16:54","date_gmt":"2025-09-13T20:16:54","guid":{"rendered":"https:\/\/www.ufsm.br\/laboratorios\/sv\/?page_id=78"},"modified":"2025-09-29T22:45:58","modified_gmt":"2025-09-30T01:45:58","slug":"informacoes-gerais","status":"publish","type":"page","link":"https:\/\/www.ufsm.br\/laboratorios\/sv\/informacoes-gerais","title":{"rendered":"Sobre o Setor de Virologia"},"content":{"rendered":"\t\t<div data-elementor-type=\"wp-page\" data-elementor-id=\"78\" class=\"elementor elementor-78\">\n\t\t\t\t\t\t<section class=\"elementor-section elementor-top-section elementor-element elementor-element-5fa32ef elementor-section-boxed elementor-section-height-default elementor-section-height-default\" data-id=\"5fa32ef\" data-element_type=\"section\">\n\t\t\t\t\t\t<div class=\"elementor-container elementor-column-gap-default\">\n\t\t\t\t\t<div class=\"elementor-column elementor-col-66 elementor-top-column elementor-element elementor-element-c7e7dae\" data-id=\"c7e7dae\" data-element_type=\"column\">\n\t\t\t<div class=\"elementor-widget-wrap elementor-element-populated\">\n\t\t\t\t\t\t<div class=\"elementor-element elementor-element-5266385 elementor-widget elementor-widget-text-editor\" data-id=\"5266385\" data-element_type=\"widget\" data-widget_type=\"text-editor.default\">\n\t\t\t\t<div class=\"elementor-widget-container\">\n\t\t\t\t\t\t\t<h3><b>Hist\u00f3ria e Atua\u00e7\u00e3o do Setor de Virologia da UFSM<\/b><\/h3><p>O Setor de Virologia da Universidade Federal de Santa Maria (UFSM) \u00e9 um centro de refer\u00eancia em diagn\u00f3stico e pesquisa, com uma trajet\u00f3ria de mais de quatro d\u00e9cadas de contribui\u00e7\u00f5es significativas para a sa\u00fade animal e humana. Fundado em <b>1983<\/b>, o setor iniciou suas atividades vinculado aos Departamentos de Medicina Veterin\u00e1ria Preventiva (DMVP) e de Microbiologia e Parasitologia (DMP), estabelecendo-se rapidamente como uma institui\u00e7\u00e3o de excel\u00eancia.<\/p><p>Desde o in\u00edcio, o foco do Setor de Virologia tem sido o <b>diagn\u00f3stico, pesquisa e treinamento de pessoal em virologia animal<\/b>. Suas atividades incluem o diagn\u00f3stico de infec\u00e7\u00f5es virais em pequenos e grandes animais, al\u00e9m da produ\u00e7\u00e3o de vacinas aut\u00f3genas (feitas com agentes isolados do pr\u00f3prio paciente) para doen\u00e7as como a papilomatose bovina, equina e canina. Esse trabalho tem sido fundamental para o desenvolvimento da agropecu\u00e1ria na regi\u00e3o e no pa\u00eds, auxiliando produtores rurais a enfrentar e controlar surtos de doen\u00e7as virais, melhorando a sa\u00fade e a rentabilidade de seus rebanhos.<\/p><p>\u00a0<\/p>\t\t\t\t\t\t<\/div>\n\t\t\t\t<\/div>\n\t\t\t\t\t<\/div>\n\t\t<\/div>\n\t\t\t\t<div class=\"elementor-column elementor-col-33 elementor-top-column elementor-element elementor-element-9bc031f\" data-id=\"9bc031f\" data-element_type=\"column\">\n\t\t\t<div class=\"elementor-widget-wrap elementor-element-populated\">\n\t\t\t\t\t\t<div class=\"elementor-element elementor-element-5a46b53 elementor-widget elementor-widget-image\" data-id=\"5a46b53\" data-element_type=\"widget\" data-widget_type=\"image.default\">\n\t\t\t\t<div class=\"elementor-widget-container\">\n\t\t\t\t\t\t\t\t\t\t\t\t\t<img fetchpriority=\"high\" decoding=\"async\" width=\"385\" height=\"407\" src=\"https:\/\/www.ufsm.br\/app\/uploads\/sites\/977\/2025\/08\/logo-do-svv.jpg\" class=\"attachment-large size-large wp-image-19\" alt=\"\" srcset=\"https:\/\/www.ufsm.br\/app\/uploads\/sites\/977\/2025\/08\/logo-do-svv.jpg 385w, https:\/\/www.ufsm.br\/app\/uploads\/sites\/977\/2025\/08\/logo-do-svv-284x300.jpg 284w\" sizes=\"(max-width: 385px) 100vw, 385px\" \/>\t\t\t\t\t\t\t\t\t\t\t\t\t<\/div>\n\t\t\t\t<\/div>\n\t\t\t\t\t<\/div>\n\t\t<\/div>\n\t\t\t\t\t<\/div>\n\t\t<\/section>\n\t\t\t\t<section class=\"elementor-section elementor-top-section elementor-element elementor-element-7c05972 elementor-section-boxed elementor-section-height-default elementor-section-height-default\" data-id=\"7c05972\" data-element_type=\"section\">\n\t\t\t\t\t\t<div class=\"elementor-container elementor-column-gap-default\">\n\t\t\t\t\t<div class=\"elementor-column elementor-col-33 elementor-top-column elementor-element elementor-element-267f778\" data-id=\"267f778\" data-element_type=\"column\">\n\t\t\t<div class=\"elementor-widget-wrap elementor-element-populated\">\n\t\t\t\t\t\t<div class=\"elementor-element elementor-element-5d76c2f elementor-widget elementor-widget-image\" data-id=\"5d76c2f\" data-element_type=\"widget\" data-widget_type=\"image.default\">\n\t\t\t\t<div class=\"elementor-widget-container\">\n\t\t\t\t\t\t\t\t\t\t\t\t\t<img decoding=\"async\" width=\"1024\" height=\"1024\" src=\"https:\/\/www.ufsm.br\/app\/uploads\/sites\/977\/2025\/09\/coronavirus-covid-19-1024x1024.png\" class=\"attachment-large size-large wp-image-79\" alt=\"\" srcset=\"https:\/\/www.ufsm.br\/app\/uploads\/sites\/977\/2025\/09\/coronavirus-covid-19-1024x1024.png 1024w, https:\/\/www.ufsm.br\/app\/uploads\/sites\/977\/2025\/09\/coronavirus-covid-19-300x300.png 300w, https:\/\/www.ufsm.br\/app\/uploads\/sites\/977\/2025\/09\/coronavirus-covid-19-150x150.png 150w, https:\/\/www.ufsm.br\/app\/uploads\/sites\/977\/2025\/09\/coronavirus-covid-19-768x768.png 768w, https:\/\/www.ufsm.br\/app\/uploads\/sites\/977\/2025\/09\/coronavirus-covid-19-1536x1536.png 1536w, https:\/\/www.ufsm.br\/app\/uploads\/sites\/977\/2025\/09\/coronavirus-covid-19.png 1600w\" sizes=\"(max-width: 1024px) 100vw, 1024px\" \/>\t\t\t\t\t\t\t\t\t\t\t\t\t<\/div>\n\t\t\t\t<\/div>\n\t\t\t\t<section class=\"elementor-section elementor-inner-section elementor-element elementor-element-d58a00d elementor-section-boxed elementor-section-height-default elementor-section-height-default\" data-id=\"d58a00d\" data-element_type=\"section\">\n\t\t\t\t\t\t<div class=\"elementor-container elementor-column-gap-default\">\n\t\t\t\t\t<div class=\"elementor-column elementor-col-50 elementor-inner-column elementor-element elementor-element-baee230\" data-id=\"baee230\" data-element_type=\"column\">\n\t\t\t<div class=\"elementor-widget-wrap\">\n\t\t\t\t\t\t\t<\/div>\n\t\t<\/div>\n\t\t\t\t<div class=\"elementor-column elementor-col-50 elementor-inner-column elementor-element elementor-element-d1aab2e\" data-id=\"d1aab2e\" data-element_type=\"column\">\n\t\t\t<div class=\"elementor-widget-wrap\">\n\t\t\t\t\t\t\t<\/div>\n\t\t<\/div>\n\t\t\t\t\t<\/div>\n\t\t<\/section>\n\t\t\t\t<div class=\"elementor-element elementor-element-3ff20e3 elementor-widget elementor-widget-image\" data-id=\"3ff20e3\" data-element_type=\"widget\" data-widget_type=\"image.default\">\n\t\t\t\t<div class=\"elementor-widget-container\">\n\t\t\t\t\t\t\t\t\t\t\t\t\t<img decoding=\"async\" width=\"728\" height=\"228\" src=\"https:\/\/www.ufsm.br\/app\/uploads\/sites\/977\/2025\/09\/logo_sbv.png\" class=\"attachment-large size-large wp-image-80\" alt=\"\" srcset=\"https:\/\/www.ufsm.br\/app\/uploads\/sites\/977\/2025\/09\/logo_sbv.png 728w, https:\/\/www.ufsm.br\/app\/uploads\/sites\/977\/2025\/09\/logo_sbv-300x94.png 300w\" sizes=\"(max-width: 728px) 100vw, 728px\" \/>\t\t\t\t\t\t\t\t\t\t\t\t\t<\/div>\n\t\t\t\t<\/div>\n\t\t\t\t\t<\/div>\n\t\t<\/div>\n\t\t\t\t<div class=\"elementor-column elementor-col-66 elementor-top-column elementor-element elementor-element-da3f835\" data-id=\"da3f835\" data-element_type=\"column\">\n\t\t\t<div class=\"elementor-widget-wrap elementor-element-populated\">\n\t\t\t\t\t\t<div class=\"elementor-element elementor-element-d3434d3 elementor-widget elementor-widget-text-editor\" data-id=\"d3434d3\" data-element_type=\"widget\" data-widget_type=\"text-editor.default\">\n\t\t\t\t<div class=\"elementor-widget-container\">\n\t\t\t\t\t\t\t<h3><b>Momentos de Grande Relev\u00e2ncia<\/b><\/h3><p>A reputa\u00e7\u00e3o do Setor de Virologia como um centro de excel\u00eancia n\u00e3o se consolidou apenas por sua atua\u00e7\u00e3o rotineira, mas tamb\u00e9m por sua capacidade de resposta em momentos de crise.<\/p><p>A for\u00e7a-tarefa estabelecida pela UFSM durante a <b>pandemia de COVID-19<\/b> \u00e9 um dos exemplos mais not\u00e1veis de seu papel crucial. O Setor de Virologia se uniu a outros departamentos da universidade (como o de Bioqu\u00edmica e Biologia Molecular e o curso de Farm\u00e1cia) para implementar e realizar testes moleculares para o coronav\u00edrus (RT-PCR). Essa mobiliza\u00e7\u00e3o permitiu que o laborat\u00f3rio processasse mais de 1.560 exames moleculares em apenas um m\u00eas, oferecendo um suporte essencial \u00e0 sa\u00fade p\u00fablica e ajudando a mitigar a dissemina\u00e7\u00e3o do v\u00edrus na regi\u00e3o de Santa Maria e no Rio Grande do Sul. A participa\u00e7\u00e3o do professor e pesquisador Eduardo Furtado Flores no Comit\u00ea Cient\u00edfico assessor do governo do RS para o combate \u00e0 COVID-19 tamb\u00e9m demonstra a import\u00e2ncia e o reconhecimento do trabalho desenvolvido pelo setor.<\/p><p>Al\u00e9m disso, a expertise do laborat\u00f3rio na virologia animal o tornou um ponto central em outras iniciativas importantes. Recentemente, ele se tornou um dos membros da <b>Rede Colaborativa para o Diagn\u00f3stico de Encefalomielites Virais Equinas<\/b>, uma parceria com a Sociedade Brasileira de Virologia (SBV). Essa rede busca mapear e padronizar protocolos para o diagn\u00f3stico de doen\u00e7as neurol\u00f3gicas em cavalos, um problema sanit\u00e1rio de grande impacto na equideocultura.<\/p><p>\u00a0<\/p>\t\t\t\t\t\t<\/div>\n\t\t\t\t<\/div>\n\t\t\t\t\t<\/div>\n\t\t<\/div>\n\t\t\t\t\t<\/div>\n\t\t<\/section>\n\t\t\t\t<section class=\"elementor-section elementor-top-section elementor-element elementor-element-b491782 elementor-section-boxed elementor-section-height-default elementor-section-height-default\" data-id=\"b491782\" data-element_type=\"section\">\n\t\t\t\t\t\t<div class=\"elementor-container elementor-column-gap-default\">\n\t\t\t\t\t<div class=\"elementor-column elementor-col-66 elementor-top-column elementor-element elementor-element-17e6e8e\" data-id=\"17e6e8e\" data-element_type=\"column\">\n\t\t\t<div class=\"elementor-widget-wrap elementor-element-populated\">\n\t\t\t\t\t\t<div class=\"elementor-element elementor-element-5b4d090 elementor-widget elementor-widget-text-editor\" data-id=\"5b4d090\" data-element_type=\"widget\" data-widget_type=\"text-editor.default\">\n\t\t\t\t<div class=\"elementor-widget-container\">\n\t\t\t\t\t\t\t<h3><b>Pesquisa e Ensino de Vanguarda<\/b><\/h3><p>O Setor de Virologia da UFSM vai al\u00e9m da presta\u00e7\u00e3o de servi\u00e7os e diagn\u00f3sticos, sendo um polo de <b>pesquisa e forma\u00e7\u00e3o de novos profissionais<\/b>. A equipe de pesquisadores do setor atua em diversas frentes da virologia, com destaque para a epidemiologia e o desenvolvimento de novas tecnologias. A publica\u00e7\u00e3o de artigos em revistas cient\u00edficas de alto impacto, bem como a participa\u00e7\u00e3o em eventos e a promo\u00e7\u00e3o de cursos (como o de Virologia B\u00e1sica e Molecular), refor\u00e7am seu compromisso com a ci\u00eancia e com a dissemina\u00e7\u00e3o do conhecimento.<\/p><p>Seu trabalho, que abrange desde a investiga\u00e7\u00e3o de novas cepas virais at\u00e9 o desenvolvimento de vacinas e m\u00e9todos de diagn\u00f3stico, posiciona o Setor de Virologia da UFSM como uma <b>refer\u00eancia nacional e internacional em virologia animal<\/b>, contribuindo de forma decisiva para a prote\u00e7\u00e3o da sa\u00fade p\u00fablica e a sustentabilidade do agroneg\u00f3cio brasileiro.<\/p>\t\t\t\t\t\t<\/div>\n\t\t\t\t<\/div>\n\t\t\t\t\t<\/div>\n\t\t<\/div>\n\t\t\t\t<div class=\"elementor-column elementor-col-33 elementor-top-column elementor-element elementor-element-e870a0c\" data-id=\"e870a0c\" data-element_type=\"column\">\n\t\t\t<div class=\"elementor-widget-wrap elementor-element-populated\">\n\t\t\t\t\t\t<div class=\"elementor-element elementor-element-d5830a9 elementor-widget elementor-widget-image\" data-id=\"d5830a9\" data-element_type=\"widget\" data-widget_type=\"image.default\">\n\t\t\t\t<div class=\"elementor-widget-container\">\n\t\t\t\t\t\t\t\t\t\t\t\t\t<img loading=\"lazy\" decoding=\"async\" width=\"206\" height=\"321\" src=\"https:\/\/www.ufsm.br\/app\/uploads\/sites\/977\/2025\/08\/logo.png\" class=\"attachment-large size-large wp-image-47\" alt=\"Logo Setor de Virologia\" srcset=\"https:\/\/www.ufsm.br\/app\/uploads\/sites\/977\/2025\/08\/logo.png 206w, https:\/\/www.ufsm.br\/app\/uploads\/sites\/977\/2025\/08\/logo-193x300.png 193w\" sizes=\"(max-width: 206px) 100vw, 206px\" \/>\t\t\t\t\t\t\t\t\t\t\t\t\t<\/div>\n\t\t\t\t<\/div>\n\t\t\t\t\t<\/div>\n\t\t<\/div>\n\t\t\t\t\t<\/div>\n\t\t<\/section>\n\t\t\t\t<\/div>\n\t\t","protected":false},"excerpt":{"rendered":"<p>Hist\u00f3ria e Atua\u00e7\u00e3o do Setor de Virologia da UFSM O Setor de Virologia da Universidade Federal de Santa Maria (UFSM) \u00e9 um centro de refer\u00eancia em diagn\u00f3stico e pesquisa, com uma trajet\u00f3ria de mais de quatro d\u00e9cadas de contribui\u00e7\u00f5es significativas para a sa\u00fade animal e humana. Fundado em 1983, o setor iniciou suas atividades vinculado [&hellip;]<\/p>\n","protected":false},"author":9036,"featured_media":0,"parent":0,"menu_order":0,"comment_status":"closed","ping_status":"closed","template":"","meta":{"footnotes":""},"categories":[],"tags":[],"class_list":["post-78","page","type-page","status-publish","hentry"],"acf":[],"_links":{"self":[{"href":"https:\/\/www.ufsm.br\/laboratorios\/sv\/wp-json\/wp\/v2\/pages\/78","targetHints":{"allow":["GET"]}}],"collection":[{"href":"https:\/\/www.ufsm.br\/laboratorios\/sv\/wp-json\/wp\/v2\/pages"}],"about":[{"href":"https:\/\/www.ufsm.br\/laboratorios\/sv\/wp-json\/wp\/v2\/types\/page"}],"author":[{"embeddable":true,"href":"https:\/\/www.ufsm.br\/laboratorios\/sv\/wp-json\/wp\/v2\/users\/9036"}],"replies":[{"embeddable":true,"href":"https:\/\/www.ufsm.br\/laboratorios\/sv\/wp-json\/wp\/v2\/comments?post=78"}],"version-history":[{"count":0,"href":"https:\/\/www.ufsm.br\/laboratorios\/sv\/wp-json\/wp\/v2\/pages\/78\/revisions"}],"wp:attachment":[{"href":"https:\/\/www.ufsm.br\/laboratorios\/sv\/wp-json\/wp\/v2\/media?parent=78"}],"wp:term":[{"taxonomy":"category","embeddable":true,"href":"https:\/\/www.ufsm.br\/laboratorios\/sv\/wp-json\/wp\/v2\/categories?post=78"},{"taxonomy":"post_tag","embeddable":true,"href":"https:\/\/www.ufsm.br\/laboratorios\/sv\/wp-json\/wp\/v2\/tags?post=78"}],"curies":[{"name":"wp","href":"https:\/\/api.w.org\/{rel}","templated":true}]}}