{"id":5655,"date":"2019-04-16T17:14:14","date_gmt":"2019-04-16T20:14:14","guid":{"rendered":"https:\/\/www.ufsm.br\/comunicacao\/arco\/?page_id=5655"},"modified":"2022-04-01T14:37:01","modified_gmt":"2022-04-01T17:37:01","slug":"fale-com-a-redacao-2","status":"publish","type":"page","link":"https:\/\/www.ufsm.br\/midias\/arco\/fale-com-a-redacao-2","title":{"rendered":"Fale com a Reda\u00e7\u00e3o"},"content":{"rendered":"\t\t<div data-elementor-type=\"wp-post\" data-elementor-id=\"5655\" class=\"elementor elementor-5655\">\n\t\t\t\t\t\t<section class=\"elementor-section elementor-top-section elementor-element elementor-element-f094ccf elementor-section-boxed elementor-section-height-default elementor-section-height-default\" data-id=\"f094ccf\" data-element_type=\"section\">\n\t\t\t\t\t\t<div class=\"elementor-container elementor-column-gap-default\">\n\t\t\t\t\t<div class=\"elementor-column elementor-col-100 elementor-top-column elementor-element elementor-element-1c2a35d\" data-id=\"1c2a35d\" data-element_type=\"column\">\n\t\t\t<div class=\"elementor-widget-wrap elementor-element-populated\">\n\t\t\t\t\t\t<div class=\"elementor-element elementor-element-382d47a elementor-widget elementor-widget-text-editor\" data-id=\"382d47a\" data-element_type=\"widget\" data-widget_type=\"text-editor.default\">\n\t\t\t\t<div class=\"elementor-widget-container\">\n\t\t\t\t\t\t\t<p><strong>E-MAIL<br><\/strong>arco@ufsm.br<\/p>\n<p><strong>TELEFONE<\/strong><\/p>\n<p><span style=\"font-size: 16px;background-color: var(--bs-body-bg);text-align: var(--bs-body-text-align)\">055 3220-8526<\/span><\/p>\n<p><strong style=\"font-size: 1rem;background-color: var(--bs-body-bg);text-align: var(--bs-body-text-align)\">WHATSAPP<\/strong><br><\/p>\n<p>055 99106-7935<\/p>\n<p><strong>FACEBOOK<\/strong><\/p>\n<p><a href=\"https:\/\/www.facebook.com\/RevistaArco\/\">\/RevistaArco<\/a><\/p>\n<p><strong>INSTAGRAM<\/strong><\/p>\n<p><a href=\"https:\/\/www.instagram.com\/revistaarco\/\">@revistaarco<br><\/a><\/p>\n<p><strong>ENDERE\u00c7O<\/strong><\/p>\n<p><span style=\"font-size: 16px;font-weight: 700;background-color: var(--bs-body-bg);text-align: var(--bs-body-text-align)\">Casa da Comunica\u00e7\u00e3o (Pr\u00e9dio 62B)<\/span><\/p>\n<p><span style=\"background-color: var(--bs-body-bg);text-align: var(--bs-body-text-align)\">Av. Roraima, 1000<\/span><\/p>\n<p><span style=\"background-color: var(--bs-body-bg);text-align: var(--bs-body-text-align)\">Cidade Universit\u00e1ria<\/span><\/p>\n<p><span style=\"background-color: var(--bs-body-bg);text-align: var(--bs-body-text-align)\">CEP 97105-900<\/span><\/p>\n<p><span style=\"background-color: var(--bs-body-bg);text-align: var(--bs-body-text-align)\">Santa Maria, RS, Brasil<\/span><\/p>\t\t\t\t\t\t<\/div>\n\t\t\t\t<\/div>\n\t\t\t\t\t<\/div>\n\t\t<\/div>\n\t\t\t\t\t<\/div>\n\t\t<\/section>\n\t\t\t\t<\/div>\n\t\t","protected":false},"excerpt":{"rendered":"<p>E-MAILarco@ufsm.br TELEFONE 055 3220-8526 WHATSAPP 055 99106-7935 FACEBOOK \/RevistaArco INSTAGRAM @revistaarco ENDERE\u00c7O Casa da Comunica\u00e7\u00e3o (Pr\u00e9dio 62B) Av. Roraima, 1000 Cidade Universit\u00e1ria CEP 97105-900 Santa Maria, RS, Brasil<\/p>\n","protected":false},"author":26,"featured_media":0,"parent":0,"menu_order":0,"comment_status":"closed","ping_status":"closed","template":"","meta":{"footnotes":""},"categories":[],"tags":[],"class_list":["post-5655","page","type-page","status-publish","hentry"],"acf":[],"_links":{"self":[{"href":"https:\/\/www.ufsm.br\/midias\/arco\/wp-json\/wp\/v2\/pages\/5655","targetHints":{"allow":["GET"]}}],"collection":[{"href":"https:\/\/www.ufsm.br\/midias\/arco\/wp-json\/wp\/v2\/pages"}],"about":[{"href":"https:\/\/www.ufsm.br\/midias\/arco\/wp-json\/wp\/v2\/types\/page"}],"author":[{"embeddable":true,"href":"https:\/\/www.ufsm.br\/midias\/arco\/wp-json\/wp\/v2\/users\/26"}],"replies":[{"embeddable":true,"href":"https:\/\/www.ufsm.br\/midias\/arco\/wp-json\/wp\/v2\/comments?post=5655"}],"version-history":[{"count":0,"href":"https:\/\/www.ufsm.br\/midias\/arco\/wp-json\/wp\/v2\/pages\/5655\/revisions"}],"wp:attachment":[{"href":"https:\/\/www.ufsm.br\/midias\/arco\/wp-json\/wp\/v2\/media?parent=5655"}],"wp:term":[{"taxonomy":"category","embeddable":true,"href":"https:\/\/www.ufsm.br\/midias\/arco\/wp-json\/wp\/v2\/categories?post=5655"},{"taxonomy":"post_tag","embeddable":true,"href":"https:\/\/www.ufsm.br\/midias\/arco\/wp-json\/wp\/v2\/tags?post=5655"}],"curies":[{"name":"wp","href":"https:\/\/api.w.org\/{rel}","templated":true}]}}