{"id":5657,"date":"2019-04-16T17:15:29","date_gmt":"2019-04-16T20:15:29","guid":{"rendered":"https:\/\/www.ufsm.br\/comunicacao\/arco\/?page_id=5657"},"modified":"2023-09-28T15:25:00","modified_gmt":"2023-09-28T18:25:00","slug":"edicoes-impressas","status":"publish","type":"page","link":"https:\/\/www.ufsm.br\/midias\/arco\/edicoes-impressas","title":{"rendered":"Edi\u00e7\u00f5es Impressas"},"content":{"rendered":"\t\t<div data-elementor-type=\"wp-post\" data-elementor-id=\"5657\" class=\"elementor elementor-5657\">\n\t\t\t\t\t\t<section class=\"elementor-section elementor-top-section elementor-element elementor-element-ac6480f elementor-section-boxed elementor-section-height-default elementor-section-height-default\" data-id=\"ac6480f\" data-element_type=\"section\">\n\t\t\t\t\t\t<div class=\"elementor-container elementor-column-gap-default\">\n\t\t\t\t\t<div class=\"elementor-column elementor-col-33 elementor-top-column elementor-element elementor-element-d0e9e35\" data-id=\"d0e9e35\" data-element_type=\"column\">\n\t\t\t<div class=\"elementor-widget-wrap elementor-element-populated\">\n\t\t\t\t\t\t<div class=\"elementor-element elementor-element-041ccca elementor-position-top elementor-widget elementor-widget-image-box\" data-id=\"041ccca\" data-element_type=\"widget\" data-widget_type=\"image-box.default\">\n\t\t\t\t<div class=\"elementor-widget-container\">\n\t\t\t<div class=\"elementor-image-box-wrapper\"><figure class=\"elementor-image-box-img\"><a href=\"https:\/\/www.ufsm.br\/midias\/arco\/13a-edicao\" target=\"_blank\" tabindex=\"-1\"><img fetchpriority=\"high\" decoding=\"async\" width=\"653\" height=\"880\" src=\"https:\/\/www.ufsm.br\/app\/uploads\/sites\/601\/2023\/09\/13a-Arco-Impressa-Capa-Frente-Mudancas-Climaticas-100.jpg\" class=\"attachment-full size-full wp-image-9762\" alt=\"\" srcset=\"https:\/\/www.ufsm.br\/app\/uploads\/sites\/601\/2023\/09\/13a-Arco-Impressa-Capa-Frente-Mudancas-Climaticas-100.jpg 653w, https:\/\/www.ufsm.br\/app\/uploads\/sites\/601\/2023\/09\/13a-Arco-Impressa-Capa-Frente-Mudancas-Climaticas-100-223x300.jpg 223w\" sizes=\"(max-width: 653px) 100vw, 653px\" \/><\/a><\/figure><div class=\"elementor-image-box-content\"><h4 class=\"elementor-image-box-title\"><a href=\"https:\/\/www.ufsm.br\/midias\/arco\/13a-edicao\" target=\"_blank\">13\u00aa Edi\u00e7\u00e3o<\/a><\/h4><p class=\"elementor-image-box-description\">Setembro 2023<\/p><\/div><\/div>\t\t<\/div>\n\t\t\t\t<\/div>\n\t\t\t\t\t<\/div>\n\t\t<\/div>\n\t\t\t\t<div class=\"elementor-column elementor-col-33 elementor-top-column elementor-element elementor-element-9e7e265\" data-id=\"9e7e265\" data-element_type=\"column\">\n\t\t\t<div class=\"elementor-widget-wrap elementor-element-populated\">\n\t\t\t\t\t\t<div class=\"elementor-element elementor-element-fc298f0 elementor-position-top elementor-widget elementor-widget-image-box\" data-id=\"fc298f0\" data-element_type=\"widget\" data-widget_type=\"image-box.default\">\n\t\t\t\t<div class=\"elementor-widget-container\">\n\t\t\t<div class=\"elementor-image-box-wrapper\"><figure class=\"elementor-image-box-img\"><a href=\"https:\/\/www.ufsm.br\/arco\/12a-edicao\" target=\"_blank\" tabindex=\"-1\"><img decoding=\"async\" width=\"1900\" height=\"2560\" src=\"https:\/\/www.ufsm.br\/app\/uploads\/sites\/601\/2022\/04\/Capa_fechada-scaled.jpeg\" class=\"attachment-full size-full wp-image-9172\" alt=\"\" srcset=\"https:\/\/www.ufsm.br\/app\/uploads\/sites\/601\/2022\/04\/Capa_fechada-scaled.jpeg 1900w, https:\/\/www.ufsm.br\/app\/uploads\/sites\/601\/2022\/04\/Capa_fechada-223x300.jpeg 223w, https:\/\/www.ufsm.br\/app\/uploads\/sites\/601\/2022\/04\/Capa_fechada-760x1024.jpeg 760w, https:\/\/www.ufsm.br\/app\/uploads\/sites\/601\/2022\/04\/Capa_fechada-768x1035.jpeg 768w, https:\/\/www.ufsm.br\/app\/uploads\/sites\/601\/2022\/04\/Capa_fechada-1140x1536.jpeg 1140w, https:\/\/www.ufsm.br\/app\/uploads\/sites\/601\/2022\/04\/Capa_fechada-1520x2048.jpeg 1520w\" sizes=\"(max-width: 1900px) 100vw, 1900px\" \/><\/a><\/figure><div class=\"elementor-image-box-content\"><h4 class=\"elementor-image-box-title\"><a href=\"https:\/\/www.ufsm.br\/arco\/12a-edicao\" target=\"_blank\">12\u00aa Edi\u00e7\u00e3o<\/a><\/h4><p class=\"elementor-image-box-description\">Dezembro 2021<\/p><\/div><\/div>\t\t<\/div>\n\t\t\t\t<\/div>\n\t\t\t\t\t<\/div>\n\t\t<\/div>\n\t\t\t\t<div class=\"elementor-column elementor-col-33 elementor-top-column elementor-element elementor-element-55ddaad\" data-id=\"55ddaad\" data-element_type=\"column\">\n\t\t\t<div class=\"elementor-widget-wrap elementor-element-populated\">\n\t\t\t\t\t\t<div class=\"elementor-element elementor-element-3112eed elementor-position-top elementor-widget elementor-widget-image-box\" data-id=\"3112eed\" data-element_type=\"widget\" data-widget_type=\"image-box.default\">\n\t\t\t\t<div class=\"elementor-widget-container\">\n\t\t\t<div class=\"elementor-image-box-wrapper\"><figure class=\"elementor-image-box-img\"><a href=\"https:\/\/www.ufsm.br\/arco\/11a-edicao\" target=\"_blank\" tabindex=\"-1\"><img decoding=\"async\" width=\"1152\" height=\"1536\" src=\"https:\/\/www.ufsm.br\/app\/uploads\/sites\/601\/2020\/08\/capa_miniatura.jpg\" class=\"attachment-full size-full wp-image-6249\" alt=\"\" srcset=\"https:\/\/www.ufsm.br\/app\/uploads\/sites\/601\/2020\/08\/capa_miniatura.jpg 1152w, https:\/\/www.ufsm.br\/app\/uploads\/sites\/601\/2020\/08\/capa_miniatura-225x300.jpg 225w, https:\/\/www.ufsm.br\/app\/uploads\/sites\/601\/2020\/08\/capa_miniatura-768x1024.jpg 768w\" sizes=\"(max-width: 1152px) 100vw, 1152px\" \/><\/a><\/figure><div class=\"elementor-image-box-content\"><h4 class=\"elementor-image-box-title\"><a href=\"https:\/\/www.ufsm.br\/arco\/11a-edicao\" target=\"_blank\">11\u00aa Edi\u00e7\u00e3o<\/a><\/h4><p class=\"elementor-image-box-description\">Mar\u00e7o a Julho de 2020<\/p><\/div><\/div>\t\t<\/div>\n\t\t\t\t<\/div>\n\t\t\t\t\t<\/div>\n\t\t<\/div>\n\t\t\t\t\t<\/div>\n\t\t<\/section>\n\t\t\t\t<section class=\"elementor-section elementor-top-section elementor-element elementor-element-7f2f705 elementor-section-boxed elementor-section-height-default elementor-section-height-default\" data-id=\"7f2f705\" data-element_type=\"section\">\n\t\t\t\t\t\t<div class=\"elementor-container elementor-column-gap-default\">\n\t\t\t\t\t<div class=\"elementor-column elementor-col-33 elementor-top-column elementor-element elementor-element-fbafbe9\" data-id=\"fbafbe9\" data-element_type=\"column\">\n\t\t\t<div class=\"elementor-widget-wrap elementor-element-populated\">\n\t\t\t\t\t\t<div class=\"elementor-element elementor-element-77c5d19 elementor-position-top elementor-widget elementor-widget-image-box\" data-id=\"77c5d19\" data-element_type=\"widget\" data-widget_type=\"image-box.default\">\n\t\t\t\t<div class=\"elementor-widget-container\">\n\t\t\t<div class=\"elementor-image-box-wrapper\"><figure class=\"elementor-image-box-img\"><a href=\"https:\/\/www.ufsm.br\/midias\/arco\/10a-edicao\/\" target=\"_blank\" tabindex=\"-1\"><img loading=\"lazy\" decoding=\"async\" width=\"1152\" height=\"1541\" src=\"https:\/\/www.ufsm.br\/app\/uploads\/sites\/601\/2019\/03\/Capa_10_Edi\u00e7\u00e3o-e1553618396643.jpg\" class=\"attachment-full size-full wp-image-5405\" alt=\"\" srcset=\"https:\/\/www.ufsm.br\/app\/uploads\/sites\/601\/2019\/03\/Capa_10_Edi\u00e7\u00e3o-e1553618396643.jpg 1152w, https:\/\/www.ufsm.br\/app\/uploads\/sites\/601\/2019\/03\/Capa_10_Edi\u00e7\u00e3o-e1553618396643-224x300.jpg 224w, https:\/\/www.ufsm.br\/app\/uploads\/sites\/601\/2019\/03\/Capa_10_Edi\u00e7\u00e3o-e1553618396643-768x1027.jpg 768w, https:\/\/www.ufsm.br\/app\/uploads\/sites\/601\/2019\/03\/Capa_10_Edi\u00e7\u00e3o-e1553618396643-766x1024.jpg 766w\" sizes=\"(max-width: 1152px) 100vw, 1152px\" \/><\/a><\/figure><div class=\"elementor-image-box-content\"><h4 class=\"elementor-image-box-title\"><a href=\"https:\/\/www.ufsm.br\/midias\/arco\/10a-edicao\/\" target=\"_blank\">10\u00aa Edi\u00e7\u00e3o<\/a><\/h4><p class=\"elementor-image-box-description\">Mar\u00e7o de 2019<\/p><\/div><\/div>\t\t<\/div>\n\t\t\t\t<\/div>\n\t\t\t\t\t<\/div>\n\t\t<\/div>\n\t\t\t\t<div class=\"elementor-column elementor-col-33 elementor-top-column elementor-element elementor-element-040de5d\" data-id=\"040de5d\" data-element_type=\"column\">\n\t\t\t<div class=\"elementor-widget-wrap elementor-element-populated\">\n\t\t\t\t\t\t<div class=\"elementor-element elementor-element-5823eb2 elementor-position-top elementor-widget elementor-widget-image-box\" data-id=\"5823eb2\" data-element_type=\"widget\" data-widget_type=\"image-box.default\">\n\t\t\t\t<div class=\"elementor-widget-container\">\n\t\t\t<div class=\"elementor-image-box-wrapper\"><figure class=\"elementor-image-box-img\"><a href=\"https:\/\/www.ufsm.br\/midias\/arco\/9a-edicao\/\" target=\"_blank\" tabindex=\"-1\"><img loading=\"lazy\" decoding=\"async\" width=\"1152\" height=\"1536\" src=\"https:\/\/www.ufsm.br\/app\/uploads\/sites\/601\/2018\/08\/Capa2.jpg\" class=\"attachment-full size-full wp-image-4334\" alt=\"\" srcset=\"https:\/\/www.ufsm.br\/app\/uploads\/sites\/601\/2018\/08\/Capa2.jpg 1152w, https:\/\/www.ufsm.br\/app\/uploads\/sites\/601\/2018\/08\/Capa2-225x300.jpg 225w, https:\/\/www.ufsm.br\/app\/uploads\/sites\/601\/2018\/08\/Capa2-768x1024.jpg 768w\" sizes=\"(max-width: 1152px) 100vw, 1152px\" \/><\/a><\/figure><div class=\"elementor-image-box-content\"><h4 class=\"elementor-image-box-title\"><a href=\"https:\/\/www.ufsm.br\/midias\/arco\/9a-edicao\/\" target=\"_blank\">9\u00aa Edi\u00e7\u00e3o<\/a><\/h4><p class=\"elementor-image-box-description\">Julho de 2018<\/p><\/div><\/div>\t\t<\/div>\n\t\t\t\t<\/div>\n\t\t\t\t\t<\/div>\n\t\t<\/div>\n\t\t\t\t<div class=\"elementor-column elementor-col-33 elementor-top-column elementor-element elementor-element-4af40af\" data-id=\"4af40af\" data-element_type=\"column\">\n\t\t\t<div class=\"elementor-widget-wrap elementor-element-populated\">\n\t\t\t\t\t\t<div class=\"elementor-element elementor-element-7df27e5 elementor-position-top elementor-widget elementor-widget-image-box\" data-id=\"7df27e5\" data-element_type=\"widget\" data-widget_type=\"image-box.default\">\n\t\t\t\t<div class=\"elementor-widget-container\">\n\t\t\t<div class=\"elementor-image-box-wrapper\"><figure class=\"elementor-image-box-img\"><a href=\"https:\/\/www.ufsm.br\/midias\/arco\/8a-edicao\/\" target=\"_blank\" tabindex=\"-1\"><img loading=\"lazy\" decoding=\"async\" width=\"1358\" height=\"1831\" src=\"https:\/\/www.ufsm.br\/app\/uploads\/sites\/601\/2017\/11\/ARCO_8ED_CAPA_DUPLA2.jpg\" class=\"attachment-full size-full wp-image-2811\" alt=\"\" srcset=\"https:\/\/www.ufsm.br\/app\/uploads\/sites\/601\/2017\/11\/ARCO_8ED_CAPA_DUPLA2.jpg 1358w, https:\/\/www.ufsm.br\/app\/uploads\/sites\/601\/2017\/11\/ARCO_8ED_CAPA_DUPLA2-223x300.jpg 223w, https:\/\/www.ufsm.br\/app\/uploads\/sites\/601\/2017\/11\/ARCO_8ED_CAPA_DUPLA2-768x1035.jpg 768w, https:\/\/www.ufsm.br\/app\/uploads\/sites\/601\/2017\/11\/ARCO_8ED_CAPA_DUPLA2-759x1024.jpg 759w\" sizes=\"(max-width: 1358px) 100vw, 1358px\" \/><\/a><\/figure><div class=\"elementor-image-box-content\"><h4 class=\"elementor-image-box-title\"><a href=\"https:\/\/www.ufsm.br\/midias\/arco\/8a-edicao\/\" target=\"_blank\">8\u00aa Edi\u00e7\u00e3o<\/a><\/h4><p class=\"elementor-image-box-description\">Novembro de 2017<\/p><\/div><\/div>\t\t<\/div>\n\t\t\t\t<\/div>\n\t\t\t\t\t<\/div>\n\t\t<\/div>\n\t\t\t\t\t<\/div>\n\t\t<\/section>\n\t\t\t\t<section class=\"elementor-section elementor-top-section elementor-element elementor-element-1c72cc4 elementor-section-boxed elementor-section-height-default elementor-section-height-default\" data-id=\"1c72cc4\" data-element_type=\"section\">\n\t\t\t\t\t\t<div class=\"elementor-container elementor-column-gap-default\">\n\t\t\t\t\t<div class=\"elementor-column elementor-col-33 elementor-top-column elementor-element elementor-element-42ba3a7\" data-id=\"42ba3a7\" data-element_type=\"column\">\n\t\t\t<div class=\"elementor-widget-wrap elementor-element-populated\">\n\t\t\t\t\t\t<div class=\"elementor-element elementor-element-b09e6b1 elementor-position-top elementor-widget elementor-widget-image-box\" data-id=\"b09e6b1\" data-element_type=\"widget\" data-widget_type=\"image-box.default\">\n\t\t\t\t<div class=\"elementor-widget-container\">\n\t\t\t<div class=\"elementor-image-box-wrapper\"><figure class=\"elementor-image-box-img\"><a href=\"https:\/\/www.ufsm.br\/midias\/arco\/7a-edicao\/\" target=\"_blank\" tabindex=\"-1\"><img loading=\"lazy\" decoding=\"async\" width=\"578\" height=\"781\" src=\"https:\/\/www.ufsm.br\/app\/uploads\/sites\/601\/2017\/07\/capa-ed-7.jpg\" class=\"attachment-full size-full wp-image-485\" alt=\"\" srcset=\"https:\/\/www.ufsm.br\/app\/uploads\/sites\/601\/2017\/07\/capa-ed-7.jpg 578w, https:\/\/www.ufsm.br\/app\/uploads\/sites\/601\/2017\/07\/capa-ed-7-222x300.jpg 222w\" sizes=\"(max-width: 578px) 100vw, 578px\" \/><\/a><\/figure><div class=\"elementor-image-box-content\"><h4 class=\"elementor-image-box-title\"><a href=\"https:\/\/www.ufsm.br\/midias\/arco\/7a-edicao\/\" target=\"_blank\">7\u00aa Edi\u00e7\u00e3o<\/a><\/h4><p class=\"elementor-image-box-description\">Abril a Julho de 2017<\/p><\/div><\/div>\t\t<\/div>\n\t\t\t\t<\/div>\n\t\t\t\t\t<\/div>\n\t\t<\/div>\n\t\t\t\t<div class=\"elementor-column elementor-col-33 elementor-top-column elementor-element elementor-element-180fa80\" data-id=\"180fa80\" data-element_type=\"column\">\n\t\t\t<div class=\"elementor-widget-wrap elementor-element-populated\">\n\t\t\t\t\t\t<div class=\"elementor-element elementor-element-496e629 elementor-position-top elementor-widget elementor-widget-image-box\" data-id=\"496e629\" data-element_type=\"widget\" data-widget_type=\"image-box.default\">\n\t\t\t\t<div class=\"elementor-widget-container\">\n\t\t\t<div class=\"elementor-image-box-wrapper\"><figure class=\"elementor-image-box-img\"><a href=\"https:\/\/www.ufsm.br\/midias\/arco\/6a-edicao\/\" target=\"_blank\" tabindex=\"-1\"><img loading=\"lazy\" decoding=\"async\" width=\"733\" height=\"989\" src=\"https:\/\/www.ufsm.br\/app\/uploads\/sites\/601\/2017\/08\/6\u00aa-edicao-capa.jpg\" class=\"attachment-full size-full wp-image-1565\" alt=\"\" srcset=\"https:\/\/www.ufsm.br\/app\/uploads\/sites\/601\/2017\/08\/6\u00aa-edicao-capa.jpg 733w, https:\/\/www.ufsm.br\/app\/uploads\/sites\/601\/2017\/08\/6\u00aa-edicao-capa-222x300.jpg 222w\" sizes=\"(max-width: 733px) 100vw, 733px\" \/><\/a><\/figure><div class=\"elementor-image-box-content\"><h4 class=\"elementor-image-box-title\"><a href=\"https:\/\/www.ufsm.br\/midias\/arco\/6a-edicao\/\" target=\"_blank\">6\u00aa Edi\u00e7\u00e3o<\/a><\/h4><p class=\"elementor-image-box-description\">Junho a Setembro de 2016<\/p><\/div><\/div>\t\t<\/div>\n\t\t\t\t<\/div>\n\t\t\t\t\t<\/div>\n\t\t<\/div>\n\t\t\t\t<div class=\"elementor-column elementor-col-33 elementor-top-column elementor-element elementor-element-6a7a367\" data-id=\"6a7a367\" data-element_type=\"column\">\n\t\t\t<div class=\"elementor-widget-wrap elementor-element-populated\">\n\t\t\t\t\t\t<div class=\"elementor-element elementor-element-3f28cc3 elementor-position-top elementor-widget elementor-widget-image-box\" data-id=\"3f28cc3\" data-element_type=\"widget\" data-widget_type=\"image-box.default\">\n\t\t\t\t<div class=\"elementor-widget-container\">\n\t\t\t<div class=\"elementor-image-box-wrapper\"><figure class=\"elementor-image-box-img\"><a href=\"https:\/\/www.ufsm.br\/midias\/arco\/5a-edicao\/\" target=\"_blank\" tabindex=\"-1\"><img loading=\"lazy\" decoding=\"async\" width=\"733\" height=\"988\" src=\"https:\/\/www.ufsm.br\/app\/uploads\/sites\/601\/2017\/08\/5\u00aa-edicao-capa.jpg\" class=\"attachment-full size-full wp-image-1566\" alt=\"\" srcset=\"https:\/\/www.ufsm.br\/app\/uploads\/sites\/601\/2017\/08\/5\u00aa-edicao-capa.jpg 733w, https:\/\/www.ufsm.br\/app\/uploads\/sites\/601\/2017\/08\/5\u00aa-edicao-capa-223x300.jpg 223w\" sizes=\"(max-width: 733px) 100vw, 733px\" \/><\/a><\/figure><div class=\"elementor-image-box-content\"><h4 class=\"elementor-image-box-title\"><a href=\"https:\/\/www.ufsm.br\/midias\/arco\/5a-edicao\/\" target=\"_blank\">5\u00aa Edi\u00e7\u00e3o<\/a><\/h4><p class=\"elementor-image-box-description\">Outubro a Dezembro de 2015<\/p><\/div><\/div>\t\t<\/div>\n\t\t\t\t<\/div>\n\t\t\t\t\t<\/div>\n\t\t<\/div>\n\t\t\t\t\t<\/div>\n\t\t<\/section>\n\t\t\t\t<section class=\"elementor-section elementor-top-section elementor-element elementor-element-a977571 elementor-section-boxed elementor-section-height-default elementor-section-height-default\" data-id=\"a977571\" data-element_type=\"section\">\n\t\t\t\t\t\t<div class=\"elementor-container elementor-column-gap-default\">\n\t\t\t\t\t<div class=\"elementor-column elementor-col-33 elementor-top-column elementor-element elementor-element-7e376e5\" data-id=\"7e376e5\" data-element_type=\"column\">\n\t\t\t<div class=\"elementor-widget-wrap elementor-element-populated\">\n\t\t\t\t\t\t<div class=\"elementor-element elementor-element-f9aca77 elementor-position-top elementor-widget elementor-widget-image-box\" data-id=\"f9aca77\" data-element_type=\"widget\" data-widget_type=\"image-box.default\">\n\t\t\t\t<div class=\"elementor-widget-container\">\n\t\t\t<div class=\"elementor-image-box-wrapper\"><figure class=\"elementor-image-box-img\"><a href=\"https:\/\/www.ufsm.br\/midias\/arco\/4a-edicao\/\" target=\"_blank\" tabindex=\"-1\"><img loading=\"lazy\" decoding=\"async\" width=\"733\" height=\"989\" src=\"https:\/\/www.ufsm.br\/app\/uploads\/sites\/601\/2017\/08\/4\u00aa-edicao-capa.jpg\" class=\"attachment-full size-full wp-image-1567\" alt=\"\" srcset=\"https:\/\/www.ufsm.br\/app\/uploads\/sites\/601\/2017\/08\/4\u00aa-edicao-capa.jpg 733w, https:\/\/www.ufsm.br\/app\/uploads\/sites\/601\/2017\/08\/4\u00aa-edicao-capa-222x300.jpg 222w\" sizes=\"(max-width: 733px) 100vw, 733px\" \/><\/a><\/figure><div class=\"elementor-image-box-content\"><h4 class=\"elementor-image-box-title\"><a href=\"https:\/\/www.ufsm.br\/midias\/arco\/4a-edicao\/\" target=\"_blank\">4\u00aa Edi\u00e7\u00e3o<\/a><\/h4><p class=\"elementor-image-box-description\">Setembro a Novembro de 2014<\/p><\/div><\/div>\t\t<\/div>\n\t\t\t\t<\/div>\n\t\t\t\t\t<\/div>\n\t\t<\/div>\n\t\t\t\t<div class=\"elementor-column elementor-col-33 elementor-top-column elementor-element elementor-element-dc19b56\" data-id=\"dc19b56\" data-element_type=\"column\">\n\t\t\t<div class=\"elementor-widget-wrap elementor-element-populated\">\n\t\t\t\t\t\t<div class=\"elementor-element elementor-element-6a35463 elementor-position-top elementor-widget elementor-widget-image-box\" data-id=\"6a35463\" data-element_type=\"widget\" data-widget_type=\"image-box.default\">\n\t\t\t\t<div class=\"elementor-widget-container\">\n\t\t\t<div class=\"elementor-image-box-wrapper\"><figure class=\"elementor-image-box-img\"><a href=\"https:\/\/www.ufsm.br\/midias\/arco\/3a-edicao\/\" target=\"_blank\" tabindex=\"-1\"><img loading=\"lazy\" decoding=\"async\" width=\"733\" height=\"989\" src=\"https:\/\/www.ufsm.br\/app\/uploads\/sites\/601\/2017\/08\/2\u00aa-edicao-capa.jpg\" class=\"attachment-full size-full wp-image-1568\" alt=\"\" srcset=\"https:\/\/www.ufsm.br\/app\/uploads\/sites\/601\/2017\/08\/2\u00aa-edicao-capa.jpg 733w, https:\/\/www.ufsm.br\/app\/uploads\/sites\/601\/2017\/08\/2\u00aa-edicao-capa-222x300.jpg 222w\" sizes=\"(max-width: 733px) 100vw, 733px\" \/><\/a><\/figure><div class=\"elementor-image-box-content\"><h4 class=\"elementor-image-box-title\"><a href=\"https:\/\/www.ufsm.br\/midias\/arco\/3a-edicao\/\" target=\"_blank\">3\u00aa Edi\u00e7\u00e3o<\/a><\/h4><p class=\"elementor-image-box-description\">Janeiro a Mar\u00e7o de 2014<\/p><\/div><\/div>\t\t<\/div>\n\t\t\t\t<\/div>\n\t\t\t\t\t<\/div>\n\t\t<\/div>\n\t\t\t\t<div class=\"elementor-column elementor-col-33 elementor-top-column elementor-element elementor-element-7f004d9\" data-id=\"7f004d9\" data-element_type=\"column\">\n\t\t\t<div class=\"elementor-widget-wrap elementor-element-populated\">\n\t\t\t\t\t\t<div class=\"elementor-element elementor-element-ef14f9f elementor-position-top elementor-widget elementor-widget-image-box\" data-id=\"ef14f9f\" data-element_type=\"widget\" data-widget_type=\"image-box.default\">\n\t\t\t\t<div class=\"elementor-widget-container\">\n\t\t\t<div class=\"elementor-image-box-wrapper\"><figure class=\"elementor-image-box-img\"><a href=\"https:\/\/www.ufsm.br\/midias\/arco\/natureza-x-combustiveis\/\" target=\"_blank\" tabindex=\"-1\"><img loading=\"lazy\" decoding=\"async\" width=\"734\" height=\"989\" src=\"https:\/\/www.ufsm.br\/app\/uploads\/sites\/601\/2017\/08\/2aEdicao.jpg\" class=\"attachment-full size-full wp-image-1462\" alt=\"\" srcset=\"https:\/\/www.ufsm.br\/app\/uploads\/sites\/601\/2017\/08\/2aEdicao.jpg 734w, https:\/\/www.ufsm.br\/app\/uploads\/sites\/601\/2017\/08\/2aEdicao-223x300.jpg 223w\" sizes=\"(max-width: 734px) 100vw, 734px\" \/><\/a><\/figure><div class=\"elementor-image-box-content\"><h4 class=\"elementor-image-box-title\"><a href=\"https:\/\/www.ufsm.br\/midias\/arco\/natureza-x-combustiveis\/\" target=\"_blank\">2\u00aa Edi\u00e7\u00e3o<\/a><\/h4><p class=\"elementor-image-box-description\">Outubro a Dezembro de 2013<\/p><\/div><\/div>\t\t<\/div>\n\t\t\t\t<\/div>\n\t\t\t\t\t<\/div>\n\t\t<\/div>\n\t\t\t\t\t<\/div>\n\t\t<\/section>\n\t\t\t\t<section class=\"elementor-section elementor-top-section elementor-element elementor-element-9054d02 elementor-section-boxed elementor-section-height-default elementor-section-height-default\" data-id=\"9054d02\" data-element_type=\"section\">\n\t\t\t\t\t\t<div class=\"elementor-container elementor-column-gap-default\">\n\t\t\t\t\t<div class=\"elementor-column elementor-col-33 elementor-top-column elementor-element elementor-element-5a1d6b9\" data-id=\"5a1d6b9\" data-element_type=\"column\">\n\t\t\t<div class=\"elementor-widget-wrap elementor-element-populated\">\n\t\t\t\t\t\t<div class=\"elementor-element elementor-element-bc01761 elementor-position-top elementor-widget elementor-widget-image-box\" data-id=\"bc01761\" data-element_type=\"widget\" data-widget_type=\"image-box.default\">\n\t\t\t\t<div class=\"elementor-widget-container\">\n\t\t\t<div class=\"elementor-image-box-wrapper\"><figure class=\"elementor-image-box-img\"><a href=\"https:\/\/www.ufsm.br\/midias\/arco\/1a-edicao\/\" target=\"_blank\" tabindex=\"-1\"><img loading=\"lazy\" decoding=\"async\" width=\"734\" height=\"990\" src=\"https:\/\/www.ufsm.br\/app\/uploads\/sites\/601\/2017\/08\/1\u00aa-edicao-capa.jpg\" class=\"attachment-full size-full wp-image-1569\" alt=\"\" srcset=\"https:\/\/www.ufsm.br\/app\/uploads\/sites\/601\/2017\/08\/1\u00aa-edicao-capa.jpg 734w, https:\/\/www.ufsm.br\/app\/uploads\/sites\/601\/2017\/08\/1\u00aa-edicao-capa-222x300.jpg 222w\" sizes=\"(max-width: 734px) 100vw, 734px\" \/><\/a><\/figure><div class=\"elementor-image-box-content\"><h4 class=\"elementor-image-box-title\"><a href=\"https:\/\/www.ufsm.br\/midias\/arco\/1a-edicao\/\" target=\"_blank\">1\u00aa Edi\u00e7\u00e3o<\/a><\/h4><p class=\"elementor-image-box-description\">Julho a Setembro de 2013<\/p><\/div><\/div>\t\t<\/div>\n\t\t\t\t<\/div>\n\t\t\t\t\t<\/div>\n\t\t<\/div>\n\t\t\t\t<div class=\"elementor-column elementor-col-33 elementor-top-column elementor-element elementor-element-1851454\" data-id=\"1851454\" data-element_type=\"column\">\n\t\t\t<div class=\"elementor-widget-wrap\">\n\t\t\t\t\t\t\t<\/div>\n\t\t<\/div>\n\t\t\t\t<div class=\"elementor-column elementor-col-33 elementor-top-column elementor-element elementor-element-c40806b\" data-id=\"c40806b\" data-element_type=\"column\">\n\t\t\t<div class=\"elementor-widget-wrap\">\n\t\t\t\t\t\t\t<\/div>\n\t\t<\/div>\n\t\t\t\t\t<\/div>\n\t\t<\/section>\n\t\t\t\t<\/div>\n\t\t","protected":false},"excerpt":{"rendered":"<p>13\u00aa Edi\u00e7\u00e3o Setembro 2023 12\u00aa Edi\u00e7\u00e3o Dezembro 2021 11\u00aa Edi\u00e7\u00e3o Mar\u00e7o a Julho de 2020 10\u00aa Edi\u00e7\u00e3o Mar\u00e7o de 2019 9\u00aa Edi\u00e7\u00e3o Julho de 2018 8\u00aa Edi\u00e7\u00e3o Novembro de 2017 7\u00aa Edi\u00e7\u00e3o Abril a Julho de 2017 6\u00aa Edi\u00e7\u00e3o Junho a Setembro de 2016 5\u00aa Edi\u00e7\u00e3o Outubro a Dezembro de 2015 4\u00aa Edi\u00e7\u00e3o Setembro a [&hellip;]<\/p>\n","protected":false},"author":26,"featured_media":0,"parent":0,"menu_order":0,"comment_status":"closed","ping_status":"closed","template":"","meta":{"footnotes":""},"categories":[],"tags":[],"class_list":["post-5657","page","type-page","status-publish","hentry"],"acf":[],"_links":{"self":[{"href":"https:\/\/www.ufsm.br\/midias\/arco\/wp-json\/wp\/v2\/pages\/5657","targetHints":{"allow":["GET"]}}],"collection":[{"href":"https:\/\/www.ufsm.br\/midias\/arco\/wp-json\/wp\/v2\/pages"}],"about":[{"href":"https:\/\/www.ufsm.br\/midias\/arco\/wp-json\/wp\/v2\/types\/page"}],"author":[{"embeddable":true,"href":"https:\/\/www.ufsm.br\/midias\/arco\/wp-json\/wp\/v2\/users\/26"}],"replies":[{"embeddable":true,"href":"https:\/\/www.ufsm.br\/midias\/arco\/wp-json\/wp\/v2\/comments?post=5657"}],"version-history":[{"count":0,"href":"https:\/\/www.ufsm.br\/midias\/arco\/wp-json\/wp\/v2\/pages\/5657\/revisions"}],"wp:attachment":[{"href":"https:\/\/www.ufsm.br\/midias\/arco\/wp-json\/wp\/v2\/media?parent=5657"}],"wp:term":[{"taxonomy":"category","embeddable":true,"href":"https:\/\/www.ufsm.br\/midias\/arco\/wp-json\/wp\/v2\/categories?post=5657"},{"taxonomy":"post_tag","embeddable":true,"href":"https:\/\/www.ufsm.br\/midias\/arco\/wp-json\/wp\/v2\/tags?post=5657"}],"curies":[{"name":"wp","href":"https:\/\/api.w.org\/{rel}","templated":true}]}}