{"id":5830,"date":"2019-05-07T11:15:17","date_gmt":"2019-05-07T14:15:17","guid":{"rendered":"https:\/\/www.ufsm.br\/comunicacao\/arco\/?page_id=5830"},"modified":"2022-04-14T15:15:29","modified_gmt":"2022-04-14T18:15:29","slug":"sobre","status":"publish","type":"page","link":"https:\/\/www.ufsm.br\/midias\/arco\/sobre","title":{"rendered":"Sobre"},"content":{"rendered":"\n<p>A Arco \u00e9 a revista de jornalismo cient\u00edfico e cultural da Universidade Federal de Santa Maria (UFSM). Nossa proposta \u00e9 que o conhecimento n\u00e3o fique restrito aos laborat\u00f3rios e \u00e0s salas de aula. Atrav\u00e9s de linguagem did\u00e1tica e de visual atraente, buscamos discutir temas de interesse m\u00faltiplo, em geral desenvolvidos por pesquisadores da UFSM. Na busca por informar de maneira clara sobre as pesquisas desenvolvidas na Universidade, a Arco interpreta dados e \u201ctraduz\u201d termos para que as mat\u00e9rias atraiam o interesse da comunidade. Ao pensar as pautas da revista, o foco est\u00e1 sempre no p\u00fablico e os temas tratados devem ser de relev\u00e2ncia social.<\/p>\n<p>\u00a0<\/p>\n<p>A Revista Arco existe desde 2013, e foi desenvolvida pela Coordenadoria de Comunica\u00e7\u00e3o Social da UFSM em parceria com o curso de Jornalismo de Santa Maria.<\/p>\n<p>\u00a0<\/p>\n<p><strong>A Revista Impressa<\/strong><\/p>\n<p>Cada edi\u00e7\u00e3o da Arco conta com tiragem de 5000 exemplares. As revistas s\u00e3o distribu\u00eddas gratuitamente nas bibliotecas da Universidade, em caf\u00e9s e livrarias do centro de Santa Maria, e tamb\u00e9m em eventos relevantes da UFSM e da cidade, nos quais a equipe da Arco marca presen\u00e7a.<\/p>\n<p>\u00a0<\/p>\n<p>Tornar acess\u00edvel\u00a0o conhecimento produzido na UFSM \u00e9 compromisso da Universidade. Por isso, visando atingir um p\u00fablico maior, as mat\u00e9rias da revista impressa est\u00e3o dispon\u00edveis neste site, no formato digital. Voc\u00ea pode navegar pelos temas de seu interesse, ou conhecer o conte\u00fado completo de cada edi\u00e7\u00e3o. \u00c9 s\u00f3 clicar no link \u201cEdi\u00e7\u00f5es Impressas\u201d, no menu principal do site.<\/p>\n<p>\u00a0<\/p>\n<p><strong>A Arco Digital<\/strong><\/p>\n<p>Desde o come\u00e7o de 2016 a equipe da Revista Arco tem implementado a vers\u00e3o digital da publica\u00e7\u00e3o. A proposta do site \u00e9 que possamos produzir mais conte\u00fado com a mesma qualidade \u2013 no site, aprofundamos temas explorados nas edi\u00e7\u00f5es impressas, mas tamb\u00e9m produzimos conte\u00fados exclusivos sobre a o dia a dia da pesquisa na UFSM. Al\u00e9m disso, o ambiente digital nos permite explorar novos formatos e linguagens para a produ\u00e7\u00e3o das reportagens em um contexto multim\u00eddia.<\/p>\n<p>\u00a0<\/p>\n<p>A expans\u00e3o da revista para o ambiente digital permitiu que a Arco ampliasse e solidificasse a rela\u00e7\u00e3o entre a Coordenadoria de Comunica\u00e7\u00e3o Social da UFSM e o curso de Jornalismo de Santa Maria, por meio de parceria com o Laborat\u00f3rio de Experimenta\u00e7\u00e3o em Jornalismo (LEx). \u00c9 com a colabora\u00e7\u00e3o do LEx que novos formatos s\u00e3o testados, sempre com o compromisso de pensar a produ\u00e7\u00e3o jornal\u00edstica e a forma\u00e7\u00e3o profissional na \u00e1rea.<\/p>\n<p>\u00a0<\/p>\n<p>A Arco quer ser reconhecida como refer\u00eancia de divulga\u00e7\u00e3o cient\u00edfica na regi\u00e3o e se prop\u00f5e a\u00a0pensar o ensino, a pesquisa e a extens\u00e3o no contexto universit\u00e1rio de forma ampla, pautando a UFSM como refer\u00eancia em produ\u00e7\u00e3o cient\u00edfica no pa\u00eds.<\/p>\n<p>\u00a0<\/p>\n<p><strong>Miss\u00e3o<\/strong><\/p>\n<p>Produzir jornalismo cient\u00edfico e cultural com excel\u00eancia editorial e gr\u00e1fica, divulgando para a sociedade, de forma acess\u00edvel e em diferentes m\u00eddias, as pesquisas, atividades de extens\u00e3o e projetos culturais da UFSM.<\/p>\n<p>\u00a0<\/p>\n<p><strong>Vis\u00e3o<\/strong><\/p>\n<p>Ser reconhecida pela comunidade acad\u00eamica como principal ve\u00edculo multimidi\u00e1tico de divulga\u00e7\u00e3o cient\u00edfica, cultural e de projetos de extens\u00e3o da Universidade Federal de Santa Maria, com autonomia editorial e sustentabilidade financeira.<\/p>\n<p>\u00a0<\/p>\n<p><strong>Valores<\/strong><\/p>\n<p>&#8211; Diversidade<br \/>&#8211; Descontra\u00e7\u00e3o<br \/>&#8211; Democracia<br \/>&#8211; Responsabilidade<br \/>&#8211; \u00c9tica<br \/>&#8211; Inova\u00e7\u00e3o<br \/>&#8211; Compromisso social<br \/>&#8211; Liberdade de express\u00e3o<br \/>&#8211; Qualidade gr\u00e1fica<\/p>\n<p>\u00a0<\/p>\n<p>Confira o nosso v\u00eddeo institucional de 5 anos:<\/p>\n<p>\u00a0<\/p>\n<p><iframe src=\"https:\/\/www.youtube.com\/embed\/h_LbxUxr1uA\" width=\"560\" height=\"315\" frameborder=\"0\" allowfullscreen=\"allowfullscreen\"><\/iframe><\/p>\n<p>\u00a0<\/p>\n<p>\u00a0<\/p>\n<p>\u00a0<\/p>\n","protected":false},"excerpt":{"rendered":"<p>A Arco \u00e9 a revista de jornalismo cient\u00edfico e cultural da Universidade Federal de Santa Maria (UFSM). Nossa proposta \u00e9 que o conhecimento n\u00e3o fique restrito aos laborat\u00f3rios e \u00e0s salas de aula. Atrav\u00e9s de linguagem did\u00e1tica e de visual atraente, buscamos discutir temas de interesse m\u00faltiplo, em geral desenvolvidos por pesquisadores da UFSM. Na [&hellip;]<\/p>\n","protected":false},"author":26,"featured_media":0,"parent":0,"menu_order":0,"comment_status":"closed","ping_status":"closed","template":"","meta":{"footnotes":""},"categories":[],"tags":[],"class_list":["post-5830","page","type-page","status-publish","hentry"],"acf":[],"_links":{"self":[{"href":"https:\/\/www.ufsm.br\/midias\/arco\/wp-json\/wp\/v2\/pages\/5830","targetHints":{"allow":["GET"]}}],"collection":[{"href":"https:\/\/www.ufsm.br\/midias\/arco\/wp-json\/wp\/v2\/pages"}],"about":[{"href":"https:\/\/www.ufsm.br\/midias\/arco\/wp-json\/wp\/v2\/types\/page"}],"author":[{"embeddable":true,"href":"https:\/\/www.ufsm.br\/midias\/arco\/wp-json\/wp\/v2\/users\/26"}],"replies":[{"embeddable":true,"href":"https:\/\/www.ufsm.br\/midias\/arco\/wp-json\/wp\/v2\/comments?post=5830"}],"version-history":[{"count":0,"href":"https:\/\/www.ufsm.br\/midias\/arco\/wp-json\/wp\/v2\/pages\/5830\/revisions"}],"wp:attachment":[{"href":"https:\/\/www.ufsm.br\/midias\/arco\/wp-json\/wp\/v2\/media?parent=5830"}],"wp:term":[{"taxonomy":"category","embeddable":true,"href":"https:\/\/www.ufsm.br\/midias\/arco\/wp-json\/wp\/v2\/categories?post=5830"},{"taxonomy":"post_tag","embeddable":true,"href":"https:\/\/www.ufsm.br\/midias\/arco\/wp-json\/wp\/v2\/tags?post=5830"}],"curies":[{"name":"wp","href":"https:\/\/api.w.org\/{rel}","templated":true}]}}