{"id":9896,"date":"2023-12-01T14:38:02","date_gmt":"2023-12-01T17:38:02","guid":{"rendered":"https:\/\/www.ufsm.br\/midias\/arco\/?page_id=9896"},"modified":"2023-12-14T14:27:52","modified_gmt":"2023-12-14T17:27:52","slug":"sobre","status":"publish","type":"page","link":"https:\/\/www.ufsm.br\/midias\/arco\/o-q-quantico\/sobre","title":{"rendered":"Sobre"},"content":{"rendered":"\t\t<div data-elementor-type=\"wp-page\" data-elementor-id=\"9896\" class=\"elementor elementor-9896\">\n\t\t\t\t\t\t<section class=\"elementor-section elementor-top-section elementor-element elementor-element-a7a6522 elementor-section-boxed elementor-section-height-default elementor-section-height-default\" data-id=\"a7a6522\" data-element_type=\"section\" data-settings=\"{&quot;background_background&quot;:&quot;classic&quot;}\">\n\t\t\t\t\t\t<div class=\"elementor-container elementor-column-gap-default\">\n\t\t\t\t\t<div class=\"elementor-column elementor-col-16 elementor-top-column elementor-element elementor-element-eb422d9\" data-id=\"eb422d9\" data-element_type=\"column\" data-settings=\"{&quot;background_background&quot;:&quot;classic&quot;}\">\n\t\t\t<div class=\"elementor-widget-wrap elementor-element-populated\">\n\t\t\t\t\t\t<div class=\"elementor-element elementor-element-e16b5c0 elementor-widget elementor-widget-image\" data-id=\"e16b5c0\" data-element_type=\"widget\" data-widget_type=\"image.default\">\n\t\t\t\t<div class=\"elementor-widget-container\">\n\t\t\t\t\t\t\t\t\t\t\t\t\t\t<a href=\"https:\/\/www.ufsm.br\/midias\/arco\/o-q-quantico\">\n\t\t\t\t\t\t\t<img fetchpriority=\"high\" decoding=\"async\" width=\"608\" height=\"181\" src=\"https:\/\/www.ufsm.br\/app\/uploads\/sites\/601\/2023\/12\/horizontal-azul-lupa-rosa.png\" class=\"attachment-large size-large wp-image-9897\" alt=\"\" srcset=\"https:\/\/www.ufsm.br\/app\/uploads\/sites\/601\/2023\/12\/horizontal-azul-lupa-rosa.png 608w, https:\/\/www.ufsm.br\/app\/uploads\/sites\/601\/2023\/12\/horizontal-azul-lupa-rosa-300x89.png 300w\" sizes=\"(max-width: 608px) 100vw, 608px\" \/>\t\t\t\t\t\t\t\t<\/a>\n\t\t\t\t\t\t\t\t\t\t\t\t\t<\/div>\n\t\t\t\t<\/div>\n\t\t\t\t\t<\/div>\n\t\t<\/div>\n\t\t\t\t<div class=\"elementor-column elementor-col-16 elementor-top-column elementor-element elementor-element-b98985e\" data-id=\"b98985e\" data-element_type=\"column\">\n\t\t\t<div class=\"elementor-widget-wrap\">\n\t\t\t\t\t\t\t<\/div>\n\t\t<\/div>\n\t\t\t\t<div class=\"elementor-column elementor-col-16 elementor-top-column elementor-element elementor-element-b45289c\" data-id=\"b45289c\" data-element_type=\"column\">\n\t\t\t<div class=\"elementor-widget-wrap\">\n\t\t\t\t\t\t\t<\/div>\n\t\t<\/div>\n\t\t\t\t<div class=\"elementor-column elementor-col-16 elementor-top-column elementor-element elementor-element-5af2272\" data-id=\"5af2272\" data-element_type=\"column\">\n\t\t\t<div class=\"elementor-widget-wrap elementor-element-populated\">\n\t\t\t\t\t\t<div class=\"elementor-element elementor-element-31ebec2 elementor-align-justify elementor-widget elementor-widget-button\" data-id=\"31ebec2\" data-element_type=\"widget\" data-widget_type=\"button.default\">\n\t\t\t\t<div class=\"elementor-widget-container\">\n\t\t\t\t\t\t\t<div class=\"elementor-button-wrapper\">\n\t\t\t\t\t<a class=\"elementor-button elementor-button-link elementor-size-sm elementor-animation-grow\" href=\"https:\/\/www.ufsm.br\/midias\/arco\/o-q-quantico\/episodios\">\n\t\t\t\t\t\t<span class=\"elementor-button-content-wrapper\">\n\t\t\t\t\t\t\t\t\t<span class=\"elementor-button-text\"><b>Epis\u00f3dios<\/b><\/span>\n\t\t\t\t\t<\/span>\n\t\t\t\t\t<\/a>\n\t\t\t\t<\/div>\n\t\t\t\t\t\t<\/div>\n\t\t\t\t<\/div>\n\t\t\t\t\t<\/div>\n\t\t<\/div>\n\t\t\t\t<div class=\"elementor-column elementor-col-16 elementor-top-column elementor-element elementor-element-2983991\" data-id=\"2983991\" data-element_type=\"column\">\n\t\t\t<div class=\"elementor-widget-wrap elementor-element-populated\">\n\t\t\t\t\t\t<div class=\"elementor-element elementor-element-a55d327 elementor-align-justify elementor-widget elementor-widget-button\" data-id=\"a55d327\" data-element_type=\"widget\" data-widget_type=\"button.default\">\n\t\t\t\t<div class=\"elementor-widget-container\">\n\t\t\t\t\t\t\t<div class=\"elementor-button-wrapper\">\n\t\t\t\t\t<a class=\"elementor-button elementor-button-link elementor-size-sm elementor-animation-grow\" href=\"https:\/\/www.ufsm.br\/midias\/arco\/o-q-quantico\/entrevistados\">\n\t\t\t\t\t\t<span class=\"elementor-button-content-wrapper\">\n\t\t\t\t\t\t\t\t\t<span class=\"elementor-button-text\"><b>Entrevistados<\/b><\/span>\n\t\t\t\t\t<\/span>\n\t\t\t\t\t<\/a>\n\t\t\t\t<\/div>\n\t\t\t\t\t\t<\/div>\n\t\t\t\t<\/div>\n\t\t\t\t\t<\/div>\n\t\t<\/div>\n\t\t\t\t<div class=\"elementor-column elementor-col-16 elementor-top-column elementor-element elementor-element-cd9af34\" data-id=\"cd9af34\" data-element_type=\"column\">\n\t\t\t<div class=\"elementor-widget-wrap elementor-element-populated\">\n\t\t\t\t\t\t<div class=\"elementor-element elementor-element-c06d467 elementor-align-justify elementor-widget elementor-widget-button\" data-id=\"c06d467\" data-element_type=\"widget\" data-widget_type=\"button.default\">\n\t\t\t\t<div class=\"elementor-widget-container\">\n\t\t\t\t\t\t\t<div class=\"elementor-button-wrapper\">\n\t\t\t\t\t<a class=\"elementor-button elementor-button-link elementor-size-sm elementor-animation-grow\" href=\"https:\/\/www.ufsm.br\/midias\/arco\/o-q-quantico\/quem-somos\">\n\t\t\t\t\t\t<span class=\"elementor-button-content-wrapper\">\n\t\t\t\t\t\t\t\t\t<span class=\"elementor-button-text\"><B>Quem somos<\/b><\/span>\n\t\t\t\t\t<\/span>\n\t\t\t\t\t<\/a>\n\t\t\t\t<\/div>\n\t\t\t\t\t\t<\/div>\n\t\t\t\t<\/div>\n\t\t\t\t\t<\/div>\n\t\t<\/div>\n\t\t\t\t\t<\/div>\n\t\t<\/section>\n\t\t\t\t<section class=\"elementor-section elementor-top-section elementor-element elementor-element-ddf7c02 elementor-section-boxed elementor-section-height-default elementor-section-height-default\" data-id=\"ddf7c02\" data-element_type=\"section\" data-settings=\"{&quot;background_background&quot;:&quot;classic&quot;}\">\n\t\t\t\t\t\t<div class=\"elementor-container elementor-column-gap-default\">\n\t\t\t\t\t<div class=\"elementor-column elementor-col-100 elementor-top-column elementor-element elementor-element-378e7c8\" data-id=\"378e7c8\" data-element_type=\"column\" data-settings=\"{&quot;background_background&quot;:&quot;classic&quot;}\">\n\t\t\t<div class=\"elementor-widget-wrap elementor-element-populated\">\n\t\t\t\t\t\t<div class=\"elementor-element elementor-element-3ecaf69 elementor-widget elementor-widget-text-editor\" data-id=\"3ecaf69\" data-element_type=\"widget\" data-widget_type=\"text-editor.default\">\n\t\t\t\t<div class=\"elementor-widget-container\">\n\t\t\t\t\t\t\t<p dir=\"ltr\" style=\"line-height: 1.38;margin-top: 12pt;margin-bottom: 12pt\"><span style=\"font-size: 12pt;font-family: Arial,sans-serif;color: #000000;background-color: transparent;font-weight: 400;font-style: normal;font-variant: normal;text-decoration: none;vertical-align: baseline\">Uma busca r\u00e1pida pela palavra \u2018qu\u00e2ntico\u2019 no Google pode trazer resultados de pesquisa que nada t\u00eam de ci\u00eancia, mas que se dizem cient\u00edficos. A desinforma\u00e7\u00e3o est\u00e1 ganhando cada vez mais espa\u00e7o, principalmente em redes como o Instagram e o YouTube. \u00c9 um universo que coloca termos cient\u00edficos sem nenhum embasamento em produtos como florais, sais, colch\u00f5es e pulseiras, tudo \u201cqu\u00e2ntico\u201d. Esse cen\u00e1rio \u00e9 preocupante porque mexe com a sa\u00fade f\u00edsica, mental e financeira das pessoas.<\/span><\/p><p dir=\"ltr\" style=\"line-height: 1.38;margin-top: 12pt;margin-bottom: 12pt\"><span style=\"font-size: 12pt;font-family: Arial,sans-serif;color: #000000;background-color: transparent;font-weight: 400;font-style: normal;font-variant: normal;text-decoration: none;vertical-align: baseline\">Al\u00e9m disso, atualmente estamos passando por uma nova revolu\u00e7\u00e3o tecnol\u00f3gica proporcionada pelo entendimento da teoria qu\u00e2ntica. Os avan\u00e7os recentes no desenvolvimento de computadores, sensores e meios de comunica\u00e7\u00e3o qu\u00e2nticos atraem grandes investimentos p\u00fablicos e privados. E isso desperta a curiosidade do p\u00fablico leigo, que conhece apenas algumas frases de efeito e a fama que a qu\u00e2ntica \u00e9 uma \u201cteoria que ningu\u00e9m entende\u201d.<\/span><\/p><p dir=\"ltr\" style=\"line-height: 1.38;margin-top: 12pt;margin-bottom: 12pt\"><span style=\"background-color: transparent;font-family: Arial, sans-serif;font-size: 12pt;text-align: var(--bs-body-text-align)\">O podcast O Q Qu\u00e2ntico faz do misticismo qu\u00e2ntico uma porta de entrada para o debate cient\u00edfico. Entrevistamos pesquisadores e pesquisadoras de f\u00edsica, de matem\u00e1tica, de filosofia e de comunica\u00e7\u00e3o para entender melhor esses t\u00f3picos que tem um qu\u00ea de qu\u00e2ntico. Em 7 epis\u00f3dios, vamos guiar o ouvinte pelos principais conceitos da teoria qu\u00e2ntica, trazendo a ci\u00eancia para confrontar a desinforma\u00e7\u00e3o.<br \/><br \/><a href=\"https:\/\/www.ufsm.br\/midias\/arco\/o-q-quantico\/entrevistados\"><strong>Conhe\u00e7a nossos entrevistados<\/strong><\/a><\/span><\/p>\t\t\t\t\t\t<\/div>\n\t\t\t\t<\/div>\n\t\t\t\t\t<\/div>\n\t\t<\/div>\n\t\t\t\t\t<\/div>\n\t\t<\/section>\n\t\t\t\t<section class=\"elementor-section elementor-top-section elementor-element elementor-element-49487a8 elementor-section-boxed elementor-section-height-default elementor-section-height-default\" data-id=\"49487a8\" data-element_type=\"section\" data-settings=\"{&quot;background_background&quot;:&quot;classic&quot;}\">\n\t\t\t\t\t\t<div class=\"elementor-container elementor-column-gap-default\">\n\t\t\t\t\t<div class=\"elementor-column elementor-col-100 elementor-top-column elementor-element elementor-element-3ed8bed\" data-id=\"3ed8bed\" data-element_type=\"column\">\n\t\t\t<div class=\"elementor-widget-wrap elementor-element-populated\">\n\t\t\t\t\t\t<div class=\"elementor-element elementor-element-f8e6474 elementor-widget elementor-widget-text-editor\" data-id=\"f8e6474\" data-element_type=\"widget\" data-widget_type=\"text-editor.default\">\n\t\t\t\t<div class=\"elementor-widget-container\">\n\t\t\t\t\t\t\t<p><span style=\"font-family: arial, helvetica, sans-serif;font-size: 12pt\"><strong>Ficha t\u00e9cnica<\/strong><\/span><\/p><p><span style=\"background-color: transparent;color: #000000;font-family: arial, helvetica, sans-serif;font-size: 12pt;font-weight: var( --e-global-typography-text-font-weight );text-align: var(--bs-body-text-align)\">Idealiza\u00e7\u00e3o: Leonardo Guerini e Gl\u00e1ucia Murta<\/span><\/p><p><span style=\"background-color: transparent;color: #000000;font-family: arial, helvetica, sans-serif;font-size: 12pt;font-weight: var( --e-global-typography-text-font-weight );text-align: var(--bs-body-text-align)\">Produ\u00e7\u00e3o: Gl\u00e1ucia Murta, Leonardo Guerini, Luciane Treulieb, Samara Wobeto e Vitor Zuccolo<\/span><\/p><p><span style=\"background-color: transparent;color: #000000;font-family: arial, helvetica, sans-serif;font-size: 12pt;text-align: var(--bs-body-text-align)\">Apresenta\u00e7\u00e3o: Gl\u00e1ucia Murta, Leonardo Guerini e Luciane Treulieb<\/span><\/p><p><span style=\"background-color: transparent;color: #000000;font-family: arial, helvetica, sans-serif;font-size: 12pt;text-align: var(--bs-body-text-align)\">Roteiro: Leonardo Guerini, com contribui\u00e7\u00f5es de Luciane Treulieb, Samara Wobeto e Gl\u00e1ucia Murta<\/span><\/p><p><span style=\"font-family: arial, helvetica, sans-serif;font-size: 12pt\"><span style=\"background-color: transparent;color: #000000;text-align: var(--bs-body-text-align)\">Consultoria de roteiro: equipe do podcast <\/span><a style=\"background-color: transparent;text-align: var(--bs-body-text-align)\" href=\"http:\/\/www.cienciasuja.com.br\">Ci\u00eancia Suja<\/a><\/span><\/p><p><span style=\"background-color: transparent;color: #000000;font-family: arial, helvetica, sans-serif;font-size: 12pt;text-align: var(--bs-body-text-align);font-weight: var( --e-global-typography-text-font-weight )\">Edi\u00e7\u00e3o de som: Leonardo Guerini, Vitor Zuccolo e Jonathan Ferreira<\/span><\/p><p><span style=\"background-color: transparent;color: #000000;font-family: arial, helvetica, sans-serif;font-size: 12pt;text-align: var(--bs-body-text-align);font-weight: var( --e-global-typography-text-font-weight )\">Suporte de grava\u00e7\u00e3o: Pablo Ruan<br \/><\/span><\/p><p><span style=\"background-color: transparent;color: #000000;font-family: arial, helvetica, sans-serif;font-size: 12pt;font-weight: var( --e-global-typography-text-font-weight );text-align: var(--bs-body-text-align)\">M\u00fasica original: Pedro Leal David<\/span><\/p><p><span style=\"background-color: transparent;color: #000000;font-family: arial, helvetica, sans-serif;font-size: 12pt;font-weight: var( --e-global-typography-text-font-weight );text-align: var(--bs-body-text-align)\">Identidade visual e ilustra\u00e7\u00f5es: Augusto Zambonato<\/span><\/p><p><span style=\"background-color: transparent;font-family: arial, helvetica, sans-serif;font-size: 12pt;font-weight: var( --e-global-typography-text-font-weight );text-align: var(--bs-body-text-align)\">M\u00eddias sociais: Milene Eichelberger<\/span><\/p><p><span style=\"background-color: transparent;color: #000000;font-family: arial, helvetica, sans-serif;font-size: 12pt;font-weight: var( --e-global-typography-text-font-weight );text-align: var(--bs-body-text-align)\">Site: Daniel Michelon de Carli<\/span><\/p>\t\t\t\t\t\t<\/div>\n\t\t\t\t<\/div>\n\t\t\t\t\t<\/div>\n\t\t<\/div>\n\t\t\t\t\t<\/div>\n\t\t<\/section>\n\t\t\t\t<section class=\"elementor-section elementor-top-section elementor-element elementor-element-b43f514 elementor-section-boxed elementor-section-height-default elementor-section-height-default\" data-id=\"b43f514\" data-element_type=\"section\" data-settings=\"{&quot;background_background&quot;:&quot;classic&quot;}\">\n\t\t\t\t\t\t<div class=\"elementor-container elementor-column-gap-default\">\n\t\t\t\t\t<div class=\"elementor-column elementor-col-50 elementor-top-column elementor-element elementor-element-bbdbe20\" data-id=\"bbdbe20\" data-element_type=\"column\" data-settings=\"{&quot;background_background&quot;:&quot;classic&quot;}\">\n\t\t\t<div class=\"elementor-widget-wrap elementor-element-populated\">\n\t\t\t\t\t\t<div class=\"elementor-element elementor-element-0ffca89 elementor-widget elementor-widget-text-editor\" data-id=\"0ffca89\" data-element_type=\"widget\" data-widget_type=\"text-editor.default\">\n\t\t\t\t<div class=\"elementor-widget-container\">\n\t\t\t\t\t\t\t<p><span style=\"font-family: arial, helvetica, sans-serif\"><strong>Apoio<\/strong><\/span><\/p>\n<p dir=\"ltr\" style=\"line-height: 1.38;margin-top: 0pt;margin-bottom: 0pt\"><span style=\"font-size: 12pt;font-family: arial, helvetica, sans-serif;color: #000000;background-color: transparent;font-weight: 400;font-style: normal;font-variant: normal;text-decoration: none;vertical-align: baseline\">O Q Qu\u00e2ntico \u00e9 produzido dentro de <\/span><span style=\"font-size: 12pt;font-family: arial, helvetica, sans-serif;background-color: transparent;font-weight: 400;font-style: normal;font-variant: normal;vertical-align: baseline\">universidades p\u00fablica<\/span><span style=\"font-size: 12pt;font-family: arial, helvetica, sans-serif;background-color: transparent;font-weight: 400;font-style: normal;font-variant: normal;vertical-align: baseline\">s<\/span><span style=\"font-size: 12pt;font-family: arial, helvetica, sans-serif;color: #000000;background-color: transparent;font-weight: 400;font-style: normal;font-variant: normal;text-decoration: none;vertical-align: baseline\">. Contamos com o servi\u00e7o de diversos funcion\u00e1rios das nossas institui\u00e7\u00f5es que contribu\u00edram para que o podcast chegasse ao seu formato final.<\/span><\/p>\n<p dir=\"ltr\" style=\"line-height: 1.38;margin-top: 0pt;margin-bottom: 0pt\"><span style=\"background-color: transparent;font-family: arial, helvetica, sans-serif;font-size: 12pt\">Agradecemos o apoio financeiro do Conselho Nacional de Desenvolvimento Cient\u00edfico e Tecnol\u00f3gico (CNPq) e do cluster de excel\u00eancia \u201cMatter and Light for Quantum Computing\u201d (ML4Q), e o suporte e infraestrutura da r\u00e1dio UniFM da Universidade Federal de Santa Maria e da Heinrich-Heine-Universit\u00e4t D\u00fcsseldorf.<\/span><\/p>\n<p><\/p>\t\t\t\t\t\t<\/div>\n\t\t\t\t<\/div>\n\t\t\t\t\t<\/div>\n\t\t<\/div>\n\t\t\t\t<div class=\"elementor-column elementor-col-50 elementor-top-column elementor-element elementor-element-0d334e8\" data-id=\"0d334e8\" data-element_type=\"column\">\n\t\t\t<div class=\"elementor-widget-wrap elementor-element-populated\">\n\t\t\t\t\t\t<section class=\"elementor-section elementor-inner-section elementor-element elementor-element-1e9f8f5 elementor-section-boxed elementor-section-height-default elementor-section-height-default\" data-id=\"1e9f8f5\" data-element_type=\"section\">\n\t\t\t\t\t\t<div class=\"elementor-container elementor-column-gap-default\">\n\t\t\t\t\t<div class=\"elementor-column elementor-col-50 elementor-inner-column elementor-element elementor-element-aa7e754\" data-id=\"aa7e754\" data-element_type=\"column\">\n\t\t\t<div class=\"elementor-widget-wrap elementor-element-populated\">\n\t\t\t\t\t\t<div class=\"elementor-element elementor-element-1f41dd6 elementor-widget elementor-widget-image\" data-id=\"1f41dd6\" data-element_type=\"widget\" data-widget_type=\"image.default\">\n\t\t\t\t<div class=\"elementor-widget-container\">\n\t\t\t\t\t\t\t\t\t\t\t\t\t<img decoding=\"async\" width=\"300\" height=\"133\" src=\"https:\/\/www.ufsm.br\/app\/uploads\/sites\/601\/2023\/12\/cnpq_logobitmap.jpg\" class=\"attachment-2048x2048 size-2048x2048 wp-image-9908\" alt=\"\" \/>\t\t\t\t\t\t\t\t\t\t\t\t\t<\/div>\n\t\t\t\t<\/div>\n\t\t\t\t\t<\/div>\n\t\t<\/div>\n\t\t\t\t<div class=\"elementor-column elementor-col-50 elementor-inner-column elementor-element elementor-element-5f1121a\" data-id=\"5f1121a\" data-element_type=\"column\">\n\t\t\t<div class=\"elementor-widget-wrap elementor-element-populated\">\n\t\t\t\t\t\t<div class=\"elementor-element elementor-element-4b392fb elementor-widget elementor-widget-image\" data-id=\"4b392fb\" data-element_type=\"widget\" data-widget_type=\"image.default\">\n\t\t\t\t<div class=\"elementor-widget-container\">\n\t\t\t\t\t\t\t\t\t\t\t\t\t<img decoding=\"async\" width=\"1024\" height=\"587\" src=\"https:\/\/www.ufsm.br\/app\/uploads\/sites\/601\/2023\/12\/ML4Q-1024x587.png\" class=\"attachment-large size-large wp-image-9907\" alt=\"\" srcset=\"https:\/\/www.ufsm.br\/app\/uploads\/sites\/601\/2023\/12\/ML4Q-1024x587.png 1024w, https:\/\/www.ufsm.br\/app\/uploads\/sites\/601\/2023\/12\/ML4Q-300x172.png 300w, https:\/\/www.ufsm.br\/app\/uploads\/sites\/601\/2023\/12\/ML4Q-768x441.png 768w, https:\/\/www.ufsm.br\/app\/uploads\/sites\/601\/2023\/12\/ML4Q-1536x881.png 1536w, https:\/\/www.ufsm.br\/app\/uploads\/sites\/601\/2023\/12\/ML4Q.png 1588w\" sizes=\"(max-width: 1024px) 100vw, 1024px\" \/>\t\t\t\t\t\t\t\t\t\t\t\t\t<\/div>\n\t\t\t\t<\/div>\n\t\t\t\t\t<\/div>\n\t\t<\/div>\n\t\t\t\t\t<\/div>\n\t\t<\/section>\n\t\t\t\t<section class=\"elementor-section elementor-inner-section elementor-element elementor-element-62b1485 elementor-section-boxed elementor-section-height-default elementor-section-height-default\" data-id=\"62b1485\" data-element_type=\"section\">\n\t\t\t\t\t\t<div class=\"elementor-container elementor-column-gap-default\">\n\t\t\t\t\t<div class=\"elementor-column elementor-col-50 elementor-inner-column elementor-element elementor-element-726aac0\" data-id=\"726aac0\" data-element_type=\"column\">\n\t\t\t<div class=\"elementor-widget-wrap elementor-element-populated\">\n\t\t\t\t\t\t<div class=\"elementor-element elementor-element-541e73a elementor-widget elementor-widget-image\" data-id=\"541e73a\" data-element_type=\"widget\" data-widget_type=\"image.default\">\n\t\t\t\t<div class=\"elementor-widget-container\">\n\t\t\t\t\t\t\t\t\t\t\t\t\t<img loading=\"lazy\" decoding=\"async\" width=\"319\" height=\"170\" src=\"https:\/\/www.ufsm.br\/app\/uploads\/sites\/601\/2023\/12\/ufsm-Brasao-horizontal.jpg\" class=\"attachment-large size-large wp-image-9910\" alt=\"\" srcset=\"https:\/\/www.ufsm.br\/app\/uploads\/sites\/601\/2023\/12\/ufsm-Brasao-horizontal.jpg 319w, https:\/\/www.ufsm.br\/app\/uploads\/sites\/601\/2023\/12\/ufsm-Brasao-horizontal-300x160.jpg 300w\" sizes=\"(max-width: 319px) 100vw, 319px\" \/>\t\t\t\t\t\t\t\t\t\t\t\t\t<\/div>\n\t\t\t\t<\/div>\n\t\t\t\t\t<\/div>\n\t\t<\/div>\n\t\t\t\t<div class=\"elementor-column elementor-col-50 elementor-inner-column elementor-element elementor-element-4f58be7\" data-id=\"4f58be7\" data-element_type=\"column\">\n\t\t\t<div class=\"elementor-widget-wrap elementor-element-populated\">\n\t\t\t\t\t\t<div class=\"elementor-element elementor-element-ea8adf0 elementor-widget elementor-widget-image\" data-id=\"ea8adf0\" data-element_type=\"widget\" data-widget_type=\"image.default\">\n\t\t\t\t<div class=\"elementor-widget-container\">\n\t\t\t\t\t\t\t\t\t\t\t\t\t<img loading=\"lazy\" decoding=\"async\" width=\"1024\" height=\"249\" src=\"https:\/\/www.ufsm.br\/app\/uploads\/sites\/601\/2023\/12\/hhu_LogoHorizontal-1024x249.png\" class=\"attachment-large size-large wp-image-9909\" alt=\"\" srcset=\"https:\/\/www.ufsm.br\/app\/uploads\/sites\/601\/2023\/12\/hhu_LogoHorizontal-1024x249.png 1024w, https:\/\/www.ufsm.br\/app\/uploads\/sites\/601\/2023\/12\/hhu_LogoHorizontal-300x73.png 300w, https:\/\/www.ufsm.br\/app\/uploads\/sites\/601\/2023\/12\/hhu_LogoHorizontal-768x187.png 768w, https:\/\/www.ufsm.br\/app\/uploads\/sites\/601\/2023\/12\/hhu_LogoHorizontal-1536x374.png 1536w, https:\/\/www.ufsm.br\/app\/uploads\/sites\/601\/2023\/12\/hhu_LogoHorizontal.png 2000w\" sizes=\"(max-width: 1024px) 100vw, 1024px\" \/>\t\t\t\t\t\t\t\t\t\t\t\t\t<\/div>\n\t\t\t\t<\/div>\n\t\t\t\t\t<\/div>\n\t\t<\/div>\n\t\t\t\t\t<\/div>\n\t\t<\/section>\n\t\t\t\t\t<\/div>\n\t\t<\/div>\n\t\t\t\t\t<\/div>\n\t\t<\/section>\n\t\t\t\t<\/div>\n\t\t","protected":false},"excerpt":{"rendered":"<p>Epis\u00f3dios Entrevistados Quem somos Uma busca r\u00e1pida pela palavra \u2018qu\u00e2ntico\u2019 no Google pode trazer resultados de pesquisa que nada t\u00eam de ci\u00eancia, mas que se dizem cient\u00edficos. A desinforma\u00e7\u00e3o est\u00e1 ganhando cada vez mais espa\u00e7o, principalmente em redes como o Instagram e o YouTube. \u00c9 um universo que coloca termos cient\u00edficos sem nenhum embasamento em [&hellip;]<\/p>\n","protected":false},"author":25,"featured_media":0,"parent":9886,"menu_order":0,"comment_status":"closed","ping_status":"closed","template":"","meta":{"footnotes":""},"categories":[5715],"tags":[],"class_list":["post-9896","page","type-page","status-publish","hentry","category-o-q-quantico"],"acf":[],"_links":{"self":[{"href":"https:\/\/www.ufsm.br\/midias\/arco\/wp-json\/wp\/v2\/pages\/9896","targetHints":{"allow":["GET"]}}],"collection":[{"href":"https:\/\/www.ufsm.br\/midias\/arco\/wp-json\/wp\/v2\/pages"}],"about":[{"href":"https:\/\/www.ufsm.br\/midias\/arco\/wp-json\/wp\/v2\/types\/page"}],"author":[{"embeddable":true,"href":"https:\/\/www.ufsm.br\/midias\/arco\/wp-json\/wp\/v2\/users\/25"}],"replies":[{"embeddable":true,"href":"https:\/\/www.ufsm.br\/midias\/arco\/wp-json\/wp\/v2\/comments?post=9896"}],"version-history":[{"count":0,"href":"https:\/\/www.ufsm.br\/midias\/arco\/wp-json\/wp\/v2\/pages\/9896\/revisions"}],"up":[{"embeddable":true,"href":"https:\/\/www.ufsm.br\/midias\/arco\/wp-json\/wp\/v2\/pages\/9886"}],"wp:attachment":[{"href":"https:\/\/www.ufsm.br\/midias\/arco\/wp-json\/wp\/v2\/media?parent=9896"}],"wp:term":[{"taxonomy":"category","embeddable":true,"href":"https:\/\/www.ufsm.br\/midias\/arco\/wp-json\/wp\/v2\/categories?post=9896"},{"taxonomy":"post_tag","embeddable":true,"href":"https:\/\/www.ufsm.br\/midias\/arco\/wp-json\/wp\/v2\/tags?post=9896"}],"curies":[{"name":"wp","href":"https:\/\/api.w.org\/{rel}","templated":true}]}}