{"id":202,"date":"2020-05-31T10:18:54","date_gmt":"2020-05-31T13:18:54","guid":{"rendered":"https:\/\/www.ufsm.br\/midias\/experimental\/agencia-da-hora\/?page_id=202"},"modified":"2020-05-31T19:56:41","modified_gmt":"2020-05-31T22:56:41","slug":"producoes-do-projeto","status":"publish","type":"page","link":"https:\/\/www.ufsm.br\/midias\/experimental\/agencia-da-hora\/producoes-do-projeto","title":{"rendered":"Produ\u00e7\u00f5es do projeto"},"content":{"rendered":"\n<p>O projeto &#8220;Ag\u00eancia da Hora no Combate \u00e0 desinforma\u00e7\u00e3o&#8221; produzir\u00e1 3 tipos de conte\u00fado:<\/p>\n<p><strong>Audiocasts<\/strong><\/p>\n<p>\u00c1udios disponibilizados para r\u00e1dios da regi\u00e3o e tamb\u00e9m divulgados no spotify com checagem de informa\u00e7\u00f5es a respeito do coronav\u00edrus. Para acessar os audiocasts no spotify, <a href=\"https:\/\/open.spotify.com\/user\/jvinq0ys1hs0kc34lsppbks6x\">clique aqui\u00a0<\/a><\/p>\n<p><strong>Newsletter<\/strong><\/p>\n<p>Se voc\u00ea estiver interessado em receber as informa\u00e7\u00f5es por e-mail, basta manifestar interesse pelo link <a href=\"http:\/\/bit.ly\/combateadesinforma\u00e7\u00e3o\">http:\/\/bit.ly\/combateadesinforma\u00e7\u00e3o <\/a>. Ou adicione o whatsapp (55) 999850580 nos seus contatos e envie um &#8220;oi&#8221; para se cadastrar.\u00a0<\/p>\n<p><strong>Site de not\u00edcias<\/strong><\/p>\n<p>As checagens s\u00e3o publicadas atrav\u00e9s de not\u00edcias e reportagens nas p\u00e1ginas da <a href=\"http:\/\/ufsm.br\/checagemdahora\">Ag\u00eancia Da Hora da UFSM-FW<\/a> e nas redes sociais,<\/p>\n","protected":false},"excerpt":{"rendered":"<p>O projeto &#8220;Ag\u00eancia da Hora no Combate \u00e0 desinforma\u00e7\u00e3o&#8221; produzir\u00e1 3 tipos de conte\u00fado: Audiocasts \u00c1udios disponibilizados para r\u00e1dios da regi\u00e3o e tamb\u00e9m divulgados no spotify com checagem de informa\u00e7\u00f5es a respeito do coronav\u00edrus. Para acessar os audiocasts no spotify, clique aqui\u00a0 Newsletter Se voc\u00ea estiver interessado em receber as informa\u00e7\u00f5es por e-mail, basta manifestar [&hellip;]<\/p>\n","protected":false},"author":278,"featured_media":0,"parent":0,"menu_order":0,"comment_status":"closed","ping_status":"closed","template":"","meta":{"episode_type":"","audio_file":"","cover_image":"","cover_image_id":"","duration":"","filesize":"","date_recorded":"","explicit":"","block":"","filesize_raw":"","footnotes":""},"categories":[],"tags":[],"class_list":["post-202","page","type-page","status-publish","hentry"],"acf":[],"_links":{"self":[{"href":"https:\/\/www.ufsm.br\/midias\/experimental\/agencia-da-hora\/wp-json\/wp\/v2\/pages\/202","targetHints":{"allow":["GET"]}}],"collection":[{"href":"https:\/\/www.ufsm.br\/midias\/experimental\/agencia-da-hora\/wp-json\/wp\/v2\/pages"}],"about":[{"href":"https:\/\/www.ufsm.br\/midias\/experimental\/agencia-da-hora\/wp-json\/wp\/v2\/types\/page"}],"author":[{"embeddable":true,"href":"https:\/\/www.ufsm.br\/midias\/experimental\/agencia-da-hora\/wp-json\/wp\/v2\/users\/278"}],"replies":[{"embeddable":true,"href":"https:\/\/www.ufsm.br\/midias\/experimental\/agencia-da-hora\/wp-json\/wp\/v2\/comments?post=202"}],"version-history":[{"count":0,"href":"https:\/\/www.ufsm.br\/midias\/experimental\/agencia-da-hora\/wp-json\/wp\/v2\/pages\/202\/revisions"}],"wp:attachment":[{"href":"https:\/\/www.ufsm.br\/midias\/experimental\/agencia-da-hora\/wp-json\/wp\/v2\/media?parent=202"}],"wp:term":[{"taxonomy":"category","embeddable":true,"href":"https:\/\/www.ufsm.br\/midias\/experimental\/agencia-da-hora\/wp-json\/wp\/v2\/categories?post=202"},{"taxonomy":"post_tag","embeddable":true,"href":"https:\/\/www.ufsm.br\/midias\/experimental\/agencia-da-hora\/wp-json\/wp\/v2\/tags?post=202"}],"curies":[{"name":"wp","href":"https:\/\/api.w.org\/{rel}","templated":true}]}}