{"id":16,"date":"2024-12-05T10:48:01","date_gmt":"2024-12-05T13:48:01","guid":{"rendered":"https:\/\/www.ufsm.br\/midias\/experimental\/conexao-rp\/?page_id=16"},"modified":"2025-01-14T11:56:48","modified_gmt":"2025-01-14T14:56:48","slug":"sobre","status":"publish","type":"page","link":"https:\/\/www.ufsm.br\/midias\/experimental\/conexao-rp\/sobre","title":{"rendered":"Sobre"},"content":{"rendered":"<p><strong>Revista Conex\u00e3o RP<\/strong><\/p>\n<p>Conex\u00e3o RP \u00e9 uma revista laboratorial do curso de Rela\u00e7\u00f5es P\u00fablicas, da Universidade Federal de Santa Maria, campus de Frederico Westphalen, desenvolvida nas disciplinas de <em>Planejamento Visual<\/em> (editora\u00e7\u00e3o) e de <em>Relacionamento com a m\u00eddia<\/em> (textos), ministradas pelas professoras Angela Zamin e Patr\u00edcia Persigo.<\/p>\n","protected":false},"excerpt":{"rendered":"<p>Revista Conex\u00e3o RP Conex\u00e3o RP \u00e9 uma revista laboratorial do curso de Rela\u00e7\u00f5es P\u00fablicas, da Universidade Federal de Santa Maria, campus de Frederico Westphalen, desenvolvida nas disciplinas de Planejamento Visual (editora\u00e7\u00e3o) e de Relacionamento com a m\u00eddia (textos), ministradas pelas professoras Angela Zamin e Patr\u00edcia Persigo.<\/p>\n","protected":false},"author":8354,"featured_media":0,"parent":0,"menu_order":0,"comment_status":"closed","ping_status":"closed","template":"","meta":{"footnotes":""},"categories":[],"tags":[],"class_list":["post-16","page","type-page","status-publish","hentry"],"acf":[],"_links":{"self":[{"href":"https:\/\/www.ufsm.br\/midias\/experimental\/conexao-rp\/wp-json\/wp\/v2\/pages\/16","targetHints":{"allow":["GET"]}}],"collection":[{"href":"https:\/\/www.ufsm.br\/midias\/experimental\/conexao-rp\/wp-json\/wp\/v2\/pages"}],"about":[{"href":"https:\/\/www.ufsm.br\/midias\/experimental\/conexao-rp\/wp-json\/wp\/v2\/types\/page"}],"author":[{"embeddable":true,"href":"https:\/\/www.ufsm.br\/midias\/experimental\/conexao-rp\/wp-json\/wp\/v2\/users\/8354"}],"replies":[{"embeddable":true,"href":"https:\/\/www.ufsm.br\/midias\/experimental\/conexao-rp\/wp-json\/wp\/v2\/comments?post=16"}],"version-history":[{"count":0,"href":"https:\/\/www.ufsm.br\/midias\/experimental\/conexao-rp\/wp-json\/wp\/v2\/pages\/16\/revisions"}],"wp:attachment":[{"href":"https:\/\/www.ufsm.br\/midias\/experimental\/conexao-rp\/wp-json\/wp\/v2\/media?parent=16"}],"wp:term":[{"taxonomy":"category","embeddable":true,"href":"https:\/\/www.ufsm.br\/midias\/experimental\/conexao-rp\/wp-json\/wp\/v2\/categories?post=16"},{"taxonomy":"post_tag","embeddable":true,"href":"https:\/\/www.ufsm.br\/midias\/experimental\/conexao-rp\/wp-json\/wp\/v2\/tags?post=16"}],"curies":[{"name":"wp","href":"https:\/\/api.w.org\/{rel}","templated":true}]}}