{"id":20,"date":"2024-12-05T10:48:01","date_gmt":"2024-12-05T13:48:01","guid":{"rendered":"https:\/\/www.ufsm.br\/midias\/experimental\/conexao-rp\/?page_id=20"},"modified":"2024-12-21T13:43:08","modified_gmt":"2024-12-21T16:43:08","slug":"expediente","status":"publish","type":"page","link":"https:\/\/www.ufsm.br\/midias\/experimental\/conexao-rp\/expediente","title":{"rendered":"Expediente"},"content":{"rendered":"<h3>Conex\u00e3o RP, n. 7 | 2024<\/h3>\t\t\n\t\t<p>Publica\u00e7\u00e3o laboratorial do curso de Rela\u00e7\u00f5es P\u00fablicas, da Universidade Federal de Santa Maria, campus de Frederico Westphalen, desenvolvida nas disciplinas de <em>Planejamento Visual<\/em> (editora\u00e7\u00e3o) e de <em>Relacionamento com a m\u00eddia<\/em> (textos).<\/p><p><strong>Profas. Respons\u00e1veis<\/strong>:<br \/>Angela Zamin e Patr\u00edcia Milano P\u00e9rsigo<\/p><p><strong>Fotos capa e p\u00e1gina 3<\/strong>:<br \/>Professor Paulo Munhoz<\/p><p><strong>Diagrama\u00e7\u00e3o<\/strong>: Ana Beatriz Mesquita de Moraes, Ana Valentina Binotto Ferreira, Luane Alvarenga Barbosa Viana, Marcos Vinicius de Castro Louren\u00e7o Caldeira, Millena Nery Sandes Souza, Nath\u00e1lia Alice Mart\u00ednez Guimar\u00e3es, Renata Elisa Baggio Furlanetto, Ryan Decezaro da Rosa, Tais Priscila Cruz Trindade<\/p><p><strong>Coordena\u00e7\u00e3o do curso<\/strong>: Daiane Scheid<\/p><p><strong>Chefe do Depto.<\/strong>: Vera Martins<\/p><p><a href=\"https:\/\/www.ufsm.br\/midias\/experimental\/conexao-rp\/reportagens\"><strong>Leia as mat\u00e9rias<\/strong><\/a><\/p><p><a href=\"https:\/\/www.ufsm.br\/midias\/experimental\/conexao-rp\/todas-as-edicoes\"><strong>Veja a edi\u00e7\u00e3o completa em PDF<\/strong><\/a><\/p><p><\/p><!-- \/wp:post-content -->","protected":false},"excerpt":{"rendered":"<p>Conex\u00e3o RP, n. 7 | 2024 Publica\u00e7\u00e3o laboratorial do curso de Rela\u00e7\u00f5es P\u00fablicas, da Universidade Federal de Santa Maria, campus de Frederico Westphalen, desenvolvida nas disciplinas de Planejamento Visual (editora\u00e7\u00e3o) e de Relacionamento com a m\u00eddia (textos). Profas. Respons\u00e1veis:Angela Zamin e Patr\u00edcia Milano P\u00e9rsigo Fotos capa e p\u00e1gina 3:Professor Paulo Munhoz Diagrama\u00e7\u00e3o: Ana Beatriz Mesquita [&hellip;]<\/p>\n","protected":false},"author":8354,"featured_media":0,"parent":0,"menu_order":0,"comment_status":"closed","ping_status":"closed","template":"","meta":{"footnotes":""},"categories":[],"tags":[],"class_list":["post-20","page","type-page","status-publish","hentry"],"acf":[],"_links":{"self":[{"href":"https:\/\/www.ufsm.br\/midias\/experimental\/conexao-rp\/wp-json\/wp\/v2\/pages\/20","targetHints":{"allow":["GET"]}}],"collection":[{"href":"https:\/\/www.ufsm.br\/midias\/experimental\/conexao-rp\/wp-json\/wp\/v2\/pages"}],"about":[{"href":"https:\/\/www.ufsm.br\/midias\/experimental\/conexao-rp\/wp-json\/wp\/v2\/types\/page"}],"author":[{"embeddable":true,"href":"https:\/\/www.ufsm.br\/midias\/experimental\/conexao-rp\/wp-json\/wp\/v2\/users\/8354"}],"replies":[{"embeddable":true,"href":"https:\/\/www.ufsm.br\/midias\/experimental\/conexao-rp\/wp-json\/wp\/v2\/comments?post=20"}],"version-history":[{"count":0,"href":"https:\/\/www.ufsm.br\/midias\/experimental\/conexao-rp\/wp-json\/wp\/v2\/pages\/20\/revisions"}],"wp:attachment":[{"href":"https:\/\/www.ufsm.br\/midias\/experimental\/conexao-rp\/wp-json\/wp\/v2\/media?parent=20"}],"wp:term":[{"taxonomy":"category","embeddable":true,"href":"https:\/\/www.ufsm.br\/midias\/experimental\/conexao-rp\/wp-json\/wp\/v2\/categories?post=20"},{"taxonomy":"post_tag","embeddable":true,"href":"https:\/\/www.ufsm.br\/midias\/experimental\/conexao-rp\/wp-json\/wp\/v2\/tags?post=20"}],"curies":[{"name":"wp","href":"https:\/\/api.w.org\/{rel}","templated":true}]}}