{"id":38,"date":"2024-12-21T14:17:04","date_gmt":"2024-12-21T17:17:04","guid":{"rendered":"https:\/\/www.ufsm.br\/midias\/experimental\/conexao-rp\/?page_id=38"},"modified":"2024-12-21T14:19:44","modified_gmt":"2024-12-21T17:19:44","slug":"editorial-uma-historia-para-contar-e-celebrar","status":"publish","type":"page","link":"https:\/\/www.ufsm.br\/midias\/experimental\/conexao-rp\/editorial-uma-historia-para-contar-e-celebrar","title":{"rendered":"Editorial | Uma hist\u00f3ria para contar e celebrar"},"content":{"rendered":"<p>Este \u00e9 um ano especial para o Curso de Rela\u00e7\u00f5es P\u00fablicas da UFSM, em Frederico Westphalen, e para quem fez e faz parte da sua trajet\u00f3ria de 15 anos. Com um rico hist\u00f3rico de projetos, produ\u00e7\u00f5es, publica\u00e7\u00f5es, atua\u00e7\u00e3o de docentes, estudantes e egressos, o Curso tem deixado a sua marca na \u00e1rea de Rela\u00e7\u00f5es P\u00fablicas, na Universidade, na cidade e regi\u00e3o.<\/p>\n<p>Um olhar sobre esse tempo revela muitas coisas: um projeto de ensino p\u00fablico e de qualidade; alguns desafios e dificuldades vivenciados, mas tamb\u00e9m muitos sucessos alcan\u00e7ados; nossa capacidade de resili\u00eancia e mudan\u00e7a; encontros signifi cativos e valiosas amizades. Esse rol evidencia o comprometimento da comunidade acad\u00eamica com a forma\u00e7\u00e3o profissional, a constru\u00e7\u00e3o de conhecimento e o seu compartilhamento.<\/p>\n<p>Isso est\u00e1 refletido no conte\u00fado desta edi\u00e7\u00e3o, que contempla empreendedorismo, gest\u00e3o de crise, pol\u00edticas de g\u00eanero, experi\u00eancias internacionais &#8211; tem\u00e1ticas que mostram a atualidade do Curso e seu potencial para formar profissionais conectados com a realidade mercadol\u00f3gica e social. Em paralelo, h\u00e1 um resgate hist\u00f3rico dos 15 anos por meio dos depoimentos de docentes da \u00e1rea de rela\u00e7\u00f5es p\u00fablicas: s\u00e3o trajet\u00f3rias que se misturam.<\/p>\n<p>A celebra\u00e7\u00e3o do anivers\u00e1rio do Curso foi constru\u00edda de forma coletiva, com o apoio de docentes, discentes e t\u00e9cnicos. Para esta data criou-se um selo comemorativo e materiais institucionais, houve divulga\u00e7\u00e3o na imprensa e nas redes sociais, realiza\u00e7\u00e3o de um evento e a produ\u00e7\u00e3o de uma edi\u00e7\u00e3o especial da revista-laborat\u00f3rio Conex\u00e3o RP, aqui apresentada.<br \/>E agora voc\u00ea, leitor, faz parte desta comemora\u00e7\u00e3o.<\/p>\n<p>Boa leitura!<\/p>\n<p><em>Daiane Scheid<\/em><br \/><em>Coordenadora do Curso de Rela\u00e7\u00f5es P\u00fablicas<\/em><\/p>\n<p><a href=\"https:\/\/www.ufsm.br\/midias\/experimental\/conexao-rp\/reportagens\"><strong>Leia as mat\u00e9rias<\/strong><\/a><\/p>\n<p><a href=\"https:\/\/www.ufsm.br\/midias\/experimental\/conexao-rp\/todas-as-edicoes\"><strong>Veja a edi\u00e7\u00e3o completa em PDF<\/strong><\/a><\/p>\n<p><a href=\"https:\/\/www.ufsm.br\/midias\/experimental\/conexao-rp\/expediente\"><strong>Expediente da edi\u00e7\u00e3o 7<\/strong><\/a><\/p>\n","protected":false},"excerpt":{"rendered":"<p>Este \u00e9 um ano especial para o Curso de Rela\u00e7\u00f5es P\u00fablicas da UFSM, em Frederico Westphalen, e para quem fez e faz parte da sua trajet\u00f3ria de 15 anos. Com um rico hist\u00f3rico de projetos, produ\u00e7\u00f5es, publica\u00e7\u00f5es, atua\u00e7\u00e3o de docentes, estudantes e egressos, o Curso tem deixado a sua marca na \u00e1rea de Rela\u00e7\u00f5es P\u00fablicas, [&hellip;]<\/p>\n","protected":false},"author":8354,"featured_media":0,"parent":0,"menu_order":0,"comment_status":"closed","ping_status":"closed","template":"","meta":{"footnotes":""},"categories":[],"tags":[],"class_list":["post-38","page","type-page","status-publish","hentry"],"acf":[],"_links":{"self":[{"href":"https:\/\/www.ufsm.br\/midias\/experimental\/conexao-rp\/wp-json\/wp\/v2\/pages\/38","targetHints":{"allow":["GET"]}}],"collection":[{"href":"https:\/\/www.ufsm.br\/midias\/experimental\/conexao-rp\/wp-json\/wp\/v2\/pages"}],"about":[{"href":"https:\/\/www.ufsm.br\/midias\/experimental\/conexao-rp\/wp-json\/wp\/v2\/types\/page"}],"author":[{"embeddable":true,"href":"https:\/\/www.ufsm.br\/midias\/experimental\/conexao-rp\/wp-json\/wp\/v2\/users\/8354"}],"replies":[{"embeddable":true,"href":"https:\/\/www.ufsm.br\/midias\/experimental\/conexao-rp\/wp-json\/wp\/v2\/comments?post=38"}],"version-history":[{"count":0,"href":"https:\/\/www.ufsm.br\/midias\/experimental\/conexao-rp\/wp-json\/wp\/v2\/pages\/38\/revisions"}],"wp:attachment":[{"href":"https:\/\/www.ufsm.br\/midias\/experimental\/conexao-rp\/wp-json\/wp\/v2\/media?parent=38"}],"wp:term":[{"taxonomy":"category","embeddable":true,"href":"https:\/\/www.ufsm.br\/midias\/experimental\/conexao-rp\/wp-json\/wp\/v2\/categories?post=38"},{"taxonomy":"post_tag","embeddable":true,"href":"https:\/\/www.ufsm.br\/midias\/experimental\/conexao-rp\/wp-json\/wp\/v2\/tags?post=38"}],"curies":[{"name":"wp","href":"https:\/\/api.w.org\/{rel}","templated":true}]}}