{"id":3391,"date":"2020-02-06T12:47:31","date_gmt":"2020-02-06T15:47:31","guid":{"rendered":"https:\/\/www.ufsm.br\/midias\/experimental\/educom\/?page_id=3391"},"modified":"2020-02-07T09:35:53","modified_gmt":"2020-02-07T12:35:53","slug":"educom","status":"publish","type":"page","link":"https:\/\/www.ufsm.br\/midias\/experimental\/educom\/educom","title":{"rendered":"Educom"},"content":{"rendered":"\t\t<div data-elementor-type=\"wp-page\" data-elementor-id=\"3391\" class=\"elementor elementor-3391\">\n\t\t\t\t\t\t<section class=\"elementor-section elementor-top-section elementor-element elementor-element-9c9755f elementor-section-boxed elementor-section-height-default elementor-section-height-default\" data-id=\"9c9755f\" data-element_type=\"section\">\n\t\t\t\t\t\t<div class=\"elementor-container elementor-column-gap-default\">\n\t\t\t\t\t<div class=\"elementor-column elementor-col-100 elementor-top-column elementor-element elementor-element-a87836e\" data-id=\"a87836e\" data-element_type=\"column\">\n\t\t\t<div class=\"elementor-widget-wrap elementor-element-populated\">\n\t\t\t\t\t\t<div class=\"elementor-element elementor-element-63a63d8 elementor-widget elementor-widget-wp-widget-ufsm_noticias_widget\" data-id=\"63a63d8\" data-element_type=\"widget\" data-widget_type=\"wp-widget-ufsm_noticias_widget.default\">\n\t\t\t\t<div class=\"elementor-widget-container\">\n\t\t\t<div id='ufsm-carousel-1775309878-532082046' class='carousel slide carousel-ufsm' data-bs-ride='carousel' aria-hidden='true'>\n    <div class='carousel-inner'>\n                    \n\n            <div class='carousel-item active' data-bs-interval='4000'>\n                                    <!-- Link && Slider Image -->\n                    <a href='https:\/\/www.ufsm.br\/midias\/experimental\/educom\/2020\/02\/07\/banner1'>\n                        <img class='w-100'  alt=\"\" srcset=\"https:\/\/www.ufsm.br\/app\/uploads\/sites\/802\/2020\/02\/logo-educom-top-300x130.jpg 300w, https:\/\/www.ufsm.br\/app\/uploads\/sites\/802\/2020\/02\/logo-educom-top-1024x444.jpg 1024w, https:\/\/www.ufsm.br\/app\/uploads\/sites\/802\/2020\/02\/logo-educom-top-768x333.jpg 768w, https:\/\/www.ufsm.br\/app\/uploads\/sites\/802\/2020\/02\/logo-educom-top.jpg 1515w\">\n                    <\/a>\n                \n                \n                                                            <\/div>\n                    <!-- Exibi Indicadores -->\n            <\/div>\n<\/div>\n<!-- Acessibilidade, apenas leitor de tela -->\n<ul class='visually-hidden'>\n    <li><a href='https:\/\/www.ufsm.br\/midias\/experimental\/educom\/2020\/02\/07\/banner1'>Banner1<\/a><\/li><\/ul>\n\t\t<\/div>\n\t\t\t\t<\/div>\n\t\t\t\t\t<\/div>\n\t\t<\/div>\n\t\t\t\t\t<\/div>\n\t\t<\/section>\n\t\t\t\t<section class=\"elementor-section elementor-top-section elementor-element elementor-element-8f2036a elementor-section-boxed elementor-section-height-default elementor-section-height-default\" data-id=\"8f2036a\" data-element_type=\"section\">\n\t\t\t\t\t\t<div class=\"elementor-container elementor-column-gap-default\">\n\t\t\t\t\t<div class=\"elementor-column elementor-col-100 elementor-top-column elementor-element elementor-element-8b37315\" data-id=\"8b37315\" data-element_type=\"column\">\n\t\t\t<div class=\"elementor-widget-wrap elementor-element-populated\">\n\t\t\t\t\t\t<div class=\"elementor-element elementor-element-a256142 elementor-widget elementor-widget-text-editor\" data-id=\"a256142\" data-element_type=\"widget\" data-widget_type=\"text-editor.default\">\n\t\t\t\t<div class=\"elementor-widget-container\">\n\t\t\t\t\t\t\t<p>\u00a0O programa consiste em uma proposta pedag\u00f3gica que utiliza as m\u00eddias a servi\u00e7o da educa\u00e7\u00e3o. Objetiva desenvolver habilidades comunicacionais voltadas para leitura, escrita, pesquisa e produ\u00e7\u00e3o coletiva de produtos comunicacionais, estimular a produ\u00e7\u00e3o de produtos midi\u00e1ticos voltados \u2018a qualifica\u00e7\u00e3o do processo de ensino aprendizagem bem como para o desenvolvimento do protagonismo juvenil.<\/p><p>Para tanto, \u00e9 desenvolvido um conjunto de a\u00e7\u00f5es articuladas em forma de oficinas (alunos) e cursos (professores), fazendo uso dos recursos e das diversas linguagens pertinentes \u00e0s TICs. Os beneficiados s\u00e3o alunos e professores de Escolas P\u00fablicas integrantes da\u00a0<a href=\"http:\/\/www.educacao.rs.gov.br\/pse\/html\/cre.jsp?ACAO=acao2&amp;CRE=08\" target=\"_blank\" rel=\"noopener\">8\u00aa CRE\u2013SM<\/a>\u00a0(oficinas), professores de Escolas P\u00fablicas \u2013\u00a0<a href=\"http:\/\/www.educacao.rs.gov.br\/pse\/html\/educa.jsp\" target=\"_blank\" rel=\"noopener\">SEDUC\/RS<\/a>\u00a0(curso te\u00f3rico-pr\u00e1tico); monitores da pol\u00edtica p\u00fablica Mais Educa\u00e7\u00e3o atuantes em Escolas p\u00fablicas integrantes da 8\u00ba. CRE\/SM e da\u00a0<a href=\"http:\/\/www.santamaria.rs.gov.br\/smed\/\" target=\"_blank\" rel=\"noopener\">SMED\/SM<\/a>\u00a0(curso te\u00f3rico-pr\u00e1tico).<\/p><p>A ideia \u00e9 o empoderamento comunicacional de professores e alunos do Ensino B\u00e1sico para transform\u00e1-los em produtores de conhecimento e agentes de transforma\u00e7\u00e3o social, multiplicando e intervindo diretamente na realidade em que vivem.<\/p><p>Os participantes ser\u00e3o convidados a refletir sobre a m\u00eddia e a produzir conte\u00fados sobre tem\u00e1ticas relacionadas ao cotidiano, favorecendo a troca de saberes, o protagonismo juvenil e o exerc\u00edcio da cidadania. A metodologia \u00e9 dial\u00f3gica e participativa coerente com a Educomunica\u00e7\u00e3o.<\/p><p>O foco se d\u00e1 no processo participativo de desenvolvimento dos participantes e n\u00e3o apenas no produto final. Portanto, pretende-se contribuir para constru\u00e7\u00e3o de uma educa\u00e7\u00e3o p\u00fablica de elevado padr\u00e3o de qualidade, bem como ampliar o potencial transformador de pr\u00e1ticas educomunicacionais mobilizando os atores do 3\u00ba. Setor e da comunidade educativa superior e fundamental.<\/p><p>\u00a0<\/p><div><strong>Coordena\u00e7\u00e3o Geral<\/strong><\/div><div><a href=\"http:\/\/buscatextual.cnpq.br\/buscatextual\/visualizacv.do?id=K4704937U2\" target=\"_blank\" rel=\"noopener\">Prof.\u00aa Dr.\u00aa Rosane Rosa<\/a><\/div><div>\u00a0<\/div><div><strong>Professores Participantes<\/strong><\/div><div><a href=\"http:\/\/buscatextual.cnpq.br\/buscatextual\/visualizacv.do?id=K4501276A4\" target=\"_blank\" rel=\"noopener\">Prof. Ms. Luciano Mattana<\/a><\/div><div><a href=\"http:\/\/buscatextual.cnpq.br\/buscatextual\/visualizacv.do?id=K4771984J6\" target=\"_blank\" rel=\"noopener\">Prof.\u00aa Dr.\u00aa Liliane Brignol<\/a><\/div><div><a href=\"http:\/\/buscatextual.cnpq.br\/buscatextual\/visualizacv.do?id=K4798532A1\" target=\"_blank\" rel=\"noopener\">Prof.\u00aa Dr.\u00aa Mar\u00edlia Barcellos<\/a><\/div>\t\t\t\t\t\t<\/div>\n\t\t\t\t<\/div>\n\t\t\t\t\t<\/div>\n\t\t<\/div>\n\t\t\t\t\t<\/div>\n\t\t<\/section>\n\t\t\t\t<\/div>\n\t\t","protected":false},"excerpt":{"rendered":"<p>\u00a0O programa consiste em uma proposta pedag\u00f3gica que utiliza as m\u00eddias a servi\u00e7o da educa\u00e7\u00e3o. Objetiva desenvolver habilidades comunicacionais voltadas para leitura, escrita, pesquisa e produ\u00e7\u00e3o coletiva de produtos comunicacionais, estimular a produ\u00e7\u00e3o de produtos midi\u00e1ticos voltados \u2018a qualifica\u00e7\u00e3o do processo de ensino aprendizagem bem como para o desenvolvimento do protagonismo juvenil. Para tanto, \u00e9 [&hellip;]<\/p>\n","protected":false},"author":867,"featured_media":0,"parent":0,"menu_order":0,"comment_status":"closed","ping_status":"closed","template":"","meta":{"footnotes":""},"categories":[],"tags":[],"class_list":["post-3391","page","type-page","status-publish","hentry"],"acf":[],"_links":{"self":[{"href":"https:\/\/www.ufsm.br\/midias\/experimental\/educom\/wp-json\/wp\/v2\/pages\/3391","targetHints":{"allow":["GET"]}}],"collection":[{"href":"https:\/\/www.ufsm.br\/midias\/experimental\/educom\/wp-json\/wp\/v2\/pages"}],"about":[{"href":"https:\/\/www.ufsm.br\/midias\/experimental\/educom\/wp-json\/wp\/v2\/types\/page"}],"author":[{"embeddable":true,"href":"https:\/\/www.ufsm.br\/midias\/experimental\/educom\/wp-json\/wp\/v2\/users\/867"}],"replies":[{"embeddable":true,"href":"https:\/\/www.ufsm.br\/midias\/experimental\/educom\/wp-json\/wp\/v2\/comments?post=3391"}],"version-history":[{"count":0,"href":"https:\/\/www.ufsm.br\/midias\/experimental\/educom\/wp-json\/wp\/v2\/pages\/3391\/revisions"}],"wp:attachment":[{"href":"https:\/\/www.ufsm.br\/midias\/experimental\/educom\/wp-json\/wp\/v2\/media?parent=3391"}],"wp:term":[{"taxonomy":"category","embeddable":true,"href":"https:\/\/www.ufsm.br\/midias\/experimental\/educom\/wp-json\/wp\/v2\/categories?post=3391"},{"taxonomy":"post_tag","embeddable":true,"href":"https:\/\/www.ufsm.br\/midias\/experimental\/educom\/wp-json\/wp\/v2\/tags?post=3391"}],"curies":[{"name":"wp","href":"https:\/\/api.w.org\/{rel}","templated":true}]}}