{"id":138,"date":"2010-10-19T03:49:14","date_gmt":"2010-10-19T06:49:14","guid":{"rendered":"http:\/\/w3.ufsm.br\/revistatxt\/?page_id=138"},"modified":"2020-03-19T18:21:02","modified_gmt":"2020-03-19T21:21:02","slug":"contato","status":"publish","type":"page","link":"https:\/\/www.ufsm.br\/midias\/experimental\/integra\/contato","title":{"rendered":"Contato"},"content":{"rendered":"\t\t<div data-elementor-type=\"wp-page\" data-elementor-id=\"138\" class=\"elementor elementor-138\">\n\t\t\t\t\t\t<section class=\"elementor-section elementor-top-section elementor-element elementor-element-9854c31 elementor-section-boxed elementor-section-height-default elementor-section-height-default\" data-id=\"9854c31\" data-element_type=\"section\">\n\t\t\t\t\t\t<div class=\"elementor-container elementor-column-gap-default\">\n\t\t\t\t\t<div class=\"elementor-column elementor-col-50 elementor-top-column elementor-element elementor-element-509b0f8\" data-id=\"509b0f8\" data-element_type=\"column\">\n\t\t\t<div class=\"elementor-widget-wrap elementor-element-populated\">\n\t\t\t\t\t\t<div class=\"elementor-element elementor-element-dd741ef elementor-widget elementor-widget-text-editor\" data-id=\"dd741ef\" data-element_type=\"widget\" data-widget_type=\"text-editor.default\">\n\t\t\t\t<div class=\"elementor-widget-container\">\n\t\t\t\t\t\t\t<p><em>Laborat\u00f3rio de Ensino dos cursos bacharelados em Rela\u00e7\u00f5es P\u00fablicas e Jornalismo\u00a0<\/em><strong><br \/>Ag\u00eancia Experimental de Comunica\u00e7\u00e3o &#8211; \u00cdntegra<br \/><\/strong><\/p>\n<p><strong>Endere\u00e7o:<\/strong>\u00a0Linha 7 de Setembro, s\/n, BR 386 Km 40, CEP: 98400-000<br \/>Campus Frederico Westphalen, Pr\u00e9dio TV, segundo andar.<br \/><strong>Telefone:<\/strong>\u00a0(55) 3744-0752\/0753<br \/><strong>E-mail:\u00a0<\/strong><a href=\"https:\/\/www.ufsm.br\/midias\/experimental\/integra\/contato\/agenciaintegra@ufsm.br\">agenciaintegra@ufsm.br<\/a><\/p>\t\t\t\t\t\t<\/div>\n\t\t\t\t<\/div>\n\t\t\t\t\t<\/div>\n\t\t<\/div>\n\t\t\t\t<div class=\"elementor-column elementor-col-50 elementor-top-column elementor-element elementor-element-44c7391\" data-id=\"44c7391\" data-element_type=\"column\">\n\t\t\t<div class=\"elementor-widget-wrap elementor-element-populated\">\n\t\t\t\t\t\t<div class=\"elementor-element elementor-element-cc89833 elementor-shape-rounded elementor-grid-0 e-grid-align-center elementor-widget elementor-widget-social-icons\" data-id=\"cc89833\" data-element_type=\"widget\" data-widget_type=\"social-icons.default\">\n\t\t\t\t<div class=\"elementor-widget-container\">\n\t\t\t\t\t<div class=\"elementor-social-icons-wrapper elementor-grid\">\n\t\t\t\t\t\t\t<span class=\"elementor-grid-item\">\n\t\t\t\t\t<a class=\"elementor-icon elementor-social-icon elementor-social-icon-facebook elementor-repeater-item-1755e56\" href=\"https:\/\/www.facebook.com\/integraufsmfw\" target=\"_blank\">\n\t\t\t\t\t\t<span class=\"elementor-screen-only\">Facebook<\/span>\n\t\t\t\t\t\t<i class=\"fab fa-facebook\"><\/i>\t\t\t\t\t<\/a>\n\t\t\t\t<\/span>\n\t\t\t\t\t\t\t<span class=\"elementor-grid-item\">\n\t\t\t\t\t<a class=\"elementor-icon elementor-social-icon elementor-social-icon-instagram elementor-repeater-item-51a9751\" href=\"https:\/\/www.instagram.com\/integraufsm\/\" target=\"_blank\">\n\t\t\t\t\t\t<span class=\"elementor-screen-only\">Instagram<\/span>\n\t\t\t\t\t\t<i class=\"fab fa-instagram\"><\/i>\t\t\t\t\t<\/a>\n\t\t\t\t<\/span>\n\t\t\t\t\t\t\t<span class=\"elementor-grid-item\">\n\t\t\t\t\t<a class=\"elementor-icon elementor-social-icon elementor-social-icon-soundcloud elementor-repeater-item-7d6f5be\" href=\"https:\/\/soundcloud.com\/agenciaintegra\" target=\"_blank\">\n\t\t\t\t\t\t<span class=\"elementor-screen-only\">Soundcloud<\/span>\n\t\t\t\t\t\t<i class=\"fab fa-soundcloud\"><\/i>\t\t\t\t\t<\/a>\n\t\t\t\t<\/span>\n\t\t\t\t\t\t\t<span class=\"elementor-grid-item\">\n\t\t\t\t\t<a class=\"elementor-icon elementor-social-icon elementor-social-icon-youtube elementor-repeater-item-e38d754\" href=\"https:\/\/www.youtube.com\/channel\/UC7wi6w_zbspeC1GGB2RZo8Q\/featured\" target=\"_blank\">\n\t\t\t\t\t\t<span class=\"elementor-screen-only\">Youtube<\/span>\n\t\t\t\t\t\t<i class=\"fab fa-youtube\"><\/i>\t\t\t\t\t<\/a>\n\t\t\t\t<\/span>\n\t\t\t\t\t\t\t<span class=\"elementor-grid-item\">\n\t\t\t\t\t<a class=\"elementor-icon elementor-social-icon elementor-social-icon-linkedin elementor-repeater-item-48c547a\" href=\"https:\/\/www.linkedin.com\/in\/ag%C3%AAncia-%C3%ADntegra-7145341a4\/\" target=\"_blank\">\n\t\t\t\t\t\t<span class=\"elementor-screen-only\">Linkedin<\/span>\n\t\t\t\t\t\t<i class=\"fab fa-linkedin\"><\/i>\t\t\t\t\t<\/a>\n\t\t\t\t<\/span>\n\t\t\t\t\t<\/div>\n\t\t\t\t<\/div>\n\t\t\t\t<\/div>\n\t\t\t\t\t<\/div>\n\t\t<\/div>\n\t\t\t\t\t<\/div>\n\t\t<\/section>\n\t\t\t\t<section class=\"elementor-section elementor-top-section elementor-element elementor-element-98ed473 elementor-section-boxed elementor-section-height-default elementor-section-height-default\" data-id=\"98ed473\" data-element_type=\"section\">\n\t\t\t\t\t\t<div class=\"elementor-container elementor-column-gap-default\">\n\t\t\t\t\t<div class=\"elementor-column elementor-col-100 elementor-top-column elementor-element elementor-element-1d97c73\" data-id=\"1d97c73\" data-element_type=\"column\">\n\t\t\t<div class=\"elementor-widget-wrap elementor-element-populated\">\n\t\t\t\t\t\t<div class=\"elementor-element elementor-element-0a27d71 elementor-widget elementor-widget-google_maps\" data-id=\"0a27d71\" data-element_type=\"widget\" data-widget_type=\"google_maps.default\">\n\t\t\t\t<div class=\"elementor-widget-container\">\n\t\t\t\t\t<div class=\"elementor-custom-embed\">\n\t\t\t<iframe loading=\"lazy\"\n\t\t\t\t\tsrc=\"https:\/\/maps.google.com\/maps?q=UFSM%2C%20Linha%207%20de%20Setembro%2C%20s%2Fn%2C%20BR%20386%20Km%2040%2C%20CEP%3A%2098400-000&#038;t=m&#038;z=10&#038;output=embed&#038;iwloc=near\"\n\t\t\t\t\ttitle=\"UFSM, Linha 7 de Setembro, s\/n, BR 386 Km 40, CEP: 98400-000\"\n\t\t\t\t\taria-label=\"UFSM, Linha 7 de Setembro, s\/n, BR 386 Km 40, CEP: 98400-000\"\n\t\t\t><\/iframe>\n\t\t<\/div>\n\t\t\t\t<\/div>\n\t\t\t\t<\/div>\n\t\t\t\t\t<\/div>\n\t\t<\/div>\n\t\t\t\t\t<\/div>\n\t\t<\/section>\n\t\t\t\t<section class=\"elementor-section elementor-top-section elementor-element elementor-element-54409b8 elementor-section-boxed elementor-section-height-default elementor-section-height-default\" data-id=\"54409b8\" data-element_type=\"section\">\n\t\t\t\t\t\t<div class=\"elementor-container elementor-column-gap-default\">\n\t\t\t\t\t<div class=\"elementor-column elementor-col-20 elementor-top-column elementor-element elementor-element-7aa8d09\" data-id=\"7aa8d09\" data-element_type=\"column\">\n\t\t\t<div class=\"elementor-widget-wrap elementor-element-populated\">\n\t\t\t\t\t\t<div class=\"elementor-element elementor-element-aba877c elementor-widget elementor-widget-image\" data-id=\"aba877c\" data-element_type=\"widget\" data-widget_type=\"image.default\">\n\t\t\t\t<div class=\"elementor-widget-container\">\n\t\t\t\t\t\t\t\t\t\t\t\t\t<img fetchpriority=\"high\" decoding=\"async\" width=\"683\" height=\"1024\" src=\"https:\/\/www.ufsm.br\/app\/uploads\/sites\/813\/2020\/03\/DSC_0023-683x1024.jpg\" class=\"attachment-large size-large wp-image-3372\" alt=\"\" srcset=\"https:\/\/www.ufsm.br\/app\/uploads\/sites\/813\/2020\/03\/DSC_0023-683x1024.jpg 683w, https:\/\/www.ufsm.br\/app\/uploads\/sites\/813\/2020\/03\/DSC_0023-200x300.jpg 200w, https:\/\/www.ufsm.br\/app\/uploads\/sites\/813\/2020\/03\/DSC_0023-768x1152.jpg 768w, https:\/\/www.ufsm.br\/app\/uploads\/sites\/813\/2020\/03\/DSC_0023-1024x1536.jpg 1024w, https:\/\/www.ufsm.br\/app\/uploads\/sites\/813\/2020\/03\/DSC_0023-1365x2048.jpg 1365w, https:\/\/www.ufsm.br\/app\/uploads\/sites\/813\/2020\/03\/DSC_0023-scaled.jpg 1707w\" sizes=\"(max-width: 683px) 100vw, 683px\" \/>\t\t\t\t\t\t\t\t\t\t\t\t\t<\/div>\n\t\t\t\t<\/div>\n\t\t\t\t<div class=\"elementor-element elementor-element-892a178 elementor-widget elementor-widget-image\" data-id=\"892a178\" data-element_type=\"widget\" data-widget_type=\"image.default\">\n\t\t\t\t<div class=\"elementor-widget-container\">\n\t\t\t\t\t\t\t\t\t\t\t\t\t<img decoding=\"async\" width=\"1024\" height=\"683\" src=\"https:\/\/www.ufsm.br\/app\/uploads\/sites\/813\/2020\/03\/DSC_0047-1024x683.jpg\" class=\"attachment-large size-large wp-image-3349\" alt=\"\" srcset=\"https:\/\/www.ufsm.br\/app\/uploads\/sites\/813\/2020\/03\/DSC_0047-1024x683.jpg 1024w, https:\/\/www.ufsm.br\/app\/uploads\/sites\/813\/2020\/03\/DSC_0047-300x200.jpg 300w, https:\/\/www.ufsm.br\/app\/uploads\/sites\/813\/2020\/03\/DSC_0047-768x512.jpg 768w, https:\/\/www.ufsm.br\/app\/uploads\/sites\/813\/2020\/03\/DSC_0047-1536x1024.jpg 1536w, https:\/\/www.ufsm.br\/app\/uploads\/sites\/813\/2020\/03\/DSC_0047-272x182.jpg 272w, https:\/\/www.ufsm.br\/app\/uploads\/sites\/813\/2020\/03\/DSC_0047.jpg 1920w\" sizes=\"(max-width: 1024px) 100vw, 1024px\" \/>\t\t\t\t\t\t\t\t\t\t\t\t\t<\/div>\n\t\t\t\t<\/div>\n\t\t\t\t\t<\/div>\n\t\t<\/div>\n\t\t\t\t<div class=\"elementor-column elementor-col-20 elementor-top-column elementor-element elementor-element-1b213c6\" data-id=\"1b213c6\" data-element_type=\"column\">\n\t\t\t<div class=\"elementor-widget-wrap elementor-element-populated\">\n\t\t\t\t\t\t<div class=\"elementor-element elementor-element-494bcb9 elementor-widget elementor-widget-image\" data-id=\"494bcb9\" data-element_type=\"widget\" data-widget_type=\"image.default\">\n\t\t\t\t<div class=\"elementor-widget-container\">\n\t\t\t\t\t\t\t\t\t\t\t\t\t<img decoding=\"async\" width=\"1024\" height=\"683\" src=\"https:\/\/www.ufsm.br\/app\/uploads\/sites\/813\/2020\/03\/DSC_0057-1024x683.jpg\" class=\"attachment-large size-large wp-image-3397\" alt=\"\" srcset=\"https:\/\/www.ufsm.br\/app\/uploads\/sites\/813\/2020\/03\/DSC_0057-1024x683.jpg 1024w, https:\/\/www.ufsm.br\/app\/uploads\/sites\/813\/2020\/03\/DSC_0057-300x200.jpg 300w, https:\/\/www.ufsm.br\/app\/uploads\/sites\/813\/2020\/03\/DSC_0057-768x512.jpg 768w, https:\/\/www.ufsm.br\/app\/uploads\/sites\/813\/2020\/03\/DSC_0057-1536x1024.jpg 1536w, https:\/\/www.ufsm.br\/app\/uploads\/sites\/813\/2020\/03\/DSC_0057-272x182.jpg 272w, https:\/\/www.ufsm.br\/app\/uploads\/sites\/813\/2020\/03\/DSC_0057.jpg 1920w\" sizes=\"(max-width: 1024px) 100vw, 1024px\" \/>\t\t\t\t\t\t\t\t\t\t\t\t\t<\/div>\n\t\t\t\t<\/div>\n\t\t\t\t<div class=\"elementor-element elementor-element-f67ad63 elementor-widget elementor-widget-image\" data-id=\"f67ad63\" data-element_type=\"widget\" data-widget_type=\"image.default\">\n\t\t\t\t<div class=\"elementor-widget-container\">\n\t\t\t\t\t\t\t\t\t\t\t\t\t<img loading=\"lazy\" decoding=\"async\" width=\"683\" height=\"1024\" src=\"https:\/\/www.ufsm.br\/app\/uploads\/sites\/813\/2020\/03\/DSC_0008-683x1024.jpg\" class=\"attachment-large size-large wp-image-3357\" alt=\"\" srcset=\"https:\/\/www.ufsm.br\/app\/uploads\/sites\/813\/2020\/03\/DSC_0008-683x1024.jpg 683w, https:\/\/www.ufsm.br\/app\/uploads\/sites\/813\/2020\/03\/DSC_0008-200x300.jpg 200w, https:\/\/www.ufsm.br\/app\/uploads\/sites\/813\/2020\/03\/DSC_0008-768x1152.jpg 768w, https:\/\/www.ufsm.br\/app\/uploads\/sites\/813\/2020\/03\/DSC_0008-1024x1536.jpg 1024w, https:\/\/www.ufsm.br\/app\/uploads\/sites\/813\/2020\/03\/DSC_0008-1365x2048.jpg 1365w, https:\/\/www.ufsm.br\/app\/uploads\/sites\/813\/2020\/03\/DSC_0008-scaled.jpg 1707w\" sizes=\"(max-width: 683px) 100vw, 683px\" \/>\t\t\t\t\t\t\t\t\t\t\t\t\t<\/div>\n\t\t\t\t<\/div>\n\t\t\t\t\t<\/div>\n\t\t<\/div>\n\t\t\t\t<div class=\"elementor-column elementor-col-20 elementor-top-column elementor-element elementor-element-3109d01\" data-id=\"3109d01\" data-element_type=\"column\">\n\t\t\t<div class=\"elementor-widget-wrap elementor-element-populated\">\n\t\t\t\t\t\t<div class=\"elementor-element elementor-element-4ab90c3 elementor-widget elementor-widget-image\" data-id=\"4ab90c3\" data-element_type=\"widget\" data-widget_type=\"image.default\">\n\t\t\t\t<div class=\"elementor-widget-container\">\n\t\t\t\t\t\t\t\t\t\t\t\t\t<img loading=\"lazy\" decoding=\"async\" width=\"683\" height=\"1024\" src=\"https:\/\/www.ufsm.br\/app\/uploads\/sites\/813\/2020\/03\/DSC_0027-683x1024.jpg\" class=\"attachment-large size-large wp-image-3350\" alt=\"\" srcset=\"https:\/\/www.ufsm.br\/app\/uploads\/sites\/813\/2020\/03\/DSC_0027-683x1024.jpg 683w, https:\/\/www.ufsm.br\/app\/uploads\/sites\/813\/2020\/03\/DSC_0027-200x300.jpg 200w, https:\/\/www.ufsm.br\/app\/uploads\/sites\/813\/2020\/03\/DSC_0027-768x1152.jpg 768w, https:\/\/www.ufsm.br\/app\/uploads\/sites\/813\/2020\/03\/DSC_0027-1024x1536.jpg 1024w, https:\/\/www.ufsm.br\/app\/uploads\/sites\/813\/2020\/03\/DSC_0027-1365x2048.jpg 1365w, https:\/\/www.ufsm.br\/app\/uploads\/sites\/813\/2020\/03\/DSC_0027-scaled.jpg 1707w\" sizes=\"(max-width: 683px) 100vw, 683px\" \/>\t\t\t\t\t\t\t\t\t\t\t\t\t<\/div>\n\t\t\t\t<\/div>\n\t\t\t\t<div class=\"elementor-element elementor-element-efbaae7 elementor-widget elementor-widget-image\" data-id=\"efbaae7\" data-element_type=\"widget\" data-widget_type=\"image.default\">\n\t\t\t\t<div class=\"elementor-widget-container\">\n\t\t\t\t\t\t\t\t\t\t\t\t\t<img loading=\"lazy\" decoding=\"async\" width=\"1024\" height=\"683\" src=\"https:\/\/www.ufsm.br\/app\/uploads\/sites\/813\/2020\/03\/DSC_0012-1024x683.jpg\" class=\"attachment-large size-large wp-image-3361\" alt=\"\" srcset=\"https:\/\/www.ufsm.br\/app\/uploads\/sites\/813\/2020\/03\/DSC_0012-1024x683.jpg 1024w, https:\/\/www.ufsm.br\/app\/uploads\/sites\/813\/2020\/03\/DSC_0012-300x200.jpg 300w, https:\/\/www.ufsm.br\/app\/uploads\/sites\/813\/2020\/03\/DSC_0012-768x512.jpg 768w, https:\/\/www.ufsm.br\/app\/uploads\/sites\/813\/2020\/03\/DSC_0012-1536x1024.jpg 1536w, https:\/\/www.ufsm.br\/app\/uploads\/sites\/813\/2020\/03\/DSC_0012-272x182.jpg 272w, https:\/\/www.ufsm.br\/app\/uploads\/sites\/813\/2020\/03\/DSC_0012.jpg 1920w\" sizes=\"(max-width: 1024px) 100vw, 1024px\" \/>\t\t\t\t\t\t\t\t\t\t\t\t\t<\/div>\n\t\t\t\t<\/div>\n\t\t\t\t\t<\/div>\n\t\t<\/div>\n\t\t\t\t<div class=\"elementor-column elementor-col-20 elementor-top-column elementor-element elementor-element-ed0cb24\" data-id=\"ed0cb24\" data-element_type=\"column\">\n\t\t\t<div class=\"elementor-widget-wrap elementor-element-populated\">\n\t\t\t\t\t\t<div class=\"elementor-element elementor-element-7f706bc elementor-widget elementor-widget-image\" data-id=\"7f706bc\" data-element_type=\"widget\" data-widget_type=\"image.default\">\n\t\t\t\t<div class=\"elementor-widget-container\">\n\t\t\t\t\t\t\t\t\t\t\t\t\t<img loading=\"lazy\" decoding=\"async\" width=\"1024\" height=\"683\" src=\"https:\/\/www.ufsm.br\/app\/uploads\/sites\/813\/2020\/03\/DSC_0046-1024x683.jpg\" class=\"attachment-large size-large wp-image-3386\" alt=\"\" srcset=\"https:\/\/www.ufsm.br\/app\/uploads\/sites\/813\/2020\/03\/DSC_0046-1024x683.jpg 1024w, https:\/\/www.ufsm.br\/app\/uploads\/sites\/813\/2020\/03\/DSC_0046-300x200.jpg 300w, https:\/\/www.ufsm.br\/app\/uploads\/sites\/813\/2020\/03\/DSC_0046-768x512.jpg 768w, https:\/\/www.ufsm.br\/app\/uploads\/sites\/813\/2020\/03\/DSC_0046-1536x1024.jpg 1536w, https:\/\/www.ufsm.br\/app\/uploads\/sites\/813\/2020\/03\/DSC_0046-272x182.jpg 272w, https:\/\/www.ufsm.br\/app\/uploads\/sites\/813\/2020\/03\/DSC_0046.jpg 1920w\" sizes=\"(max-width: 1024px) 100vw, 1024px\" \/>\t\t\t\t\t\t\t\t\t\t\t\t\t<\/div>\n\t\t\t\t<\/div>\n\t\t\t\t<div class=\"elementor-element elementor-element-e11a564 elementor-widget elementor-widget-image\" data-id=\"e11a564\" data-element_type=\"widget\" data-widget_type=\"image.default\">\n\t\t\t\t<div class=\"elementor-widget-container\">\n\t\t\t\t\t\t\t\t\t\t\t\t\t<img loading=\"lazy\" decoding=\"async\" width=\"1024\" height=\"683\" src=\"https:\/\/www.ufsm.br\/app\/uploads\/sites\/813\/2020\/03\/DSC_0004-1024x683.jpg\" class=\"attachment-large size-large wp-image-3353\" alt=\"\" srcset=\"https:\/\/www.ufsm.br\/app\/uploads\/sites\/813\/2020\/03\/DSC_0004-1024x683.jpg 1024w, https:\/\/www.ufsm.br\/app\/uploads\/sites\/813\/2020\/03\/DSC_0004-300x200.jpg 300w, https:\/\/www.ufsm.br\/app\/uploads\/sites\/813\/2020\/03\/DSC_0004-768x512.jpg 768w, https:\/\/www.ufsm.br\/app\/uploads\/sites\/813\/2020\/03\/DSC_0004-1536x1024.jpg 1536w, https:\/\/www.ufsm.br\/app\/uploads\/sites\/813\/2020\/03\/DSC_0004-272x182.jpg 272w, https:\/\/www.ufsm.br\/app\/uploads\/sites\/813\/2020\/03\/DSC_0004.jpg 1920w\" sizes=\"(max-width: 1024px) 100vw, 1024px\" \/>\t\t\t\t\t\t\t\t\t\t\t\t\t<\/div>\n\t\t\t\t<\/div>\n\t\t\t\t<div class=\"elementor-element elementor-element-e61519b elementor-widget elementor-widget-image\" data-id=\"e61519b\" data-element_type=\"widget\" data-widget_type=\"image.default\">\n\t\t\t\t<div class=\"elementor-widget-container\">\n\t\t\t\t\t\t\t\t\t\t\t\t\t<img loading=\"lazy\" decoding=\"async\" width=\"1024\" height=\"683\" src=\"https:\/\/www.ufsm.br\/app\/uploads\/sites\/813\/2020\/03\/DSC_0037-1024x683.jpg\" class=\"attachment-large size-large wp-image-3382\" alt=\"\" srcset=\"https:\/\/www.ufsm.br\/app\/uploads\/sites\/813\/2020\/03\/DSC_0037-1024x683.jpg 1024w, https:\/\/www.ufsm.br\/app\/uploads\/sites\/813\/2020\/03\/DSC_0037-300x200.jpg 300w, https:\/\/www.ufsm.br\/app\/uploads\/sites\/813\/2020\/03\/DSC_0037-768x512.jpg 768w, https:\/\/www.ufsm.br\/app\/uploads\/sites\/813\/2020\/03\/DSC_0037-1536x1024.jpg 1536w, https:\/\/www.ufsm.br\/app\/uploads\/sites\/813\/2020\/03\/DSC_0037-272x182.jpg 272w, https:\/\/www.ufsm.br\/app\/uploads\/sites\/813\/2020\/03\/DSC_0037.jpg 1920w\" sizes=\"(max-width: 1024px) 100vw, 1024px\" \/>\t\t\t\t\t\t\t\t\t\t\t\t\t<\/div>\n\t\t\t\t<\/div>\n\t\t\t\t\t<\/div>\n\t\t<\/div>\n\t\t\t\t<div class=\"elementor-column elementor-col-20 elementor-top-column elementor-element elementor-element-d6c7216\" data-id=\"d6c7216\" data-element_type=\"column\">\n\t\t\t<div class=\"elementor-widget-wrap elementor-element-populated\">\n\t\t\t\t\t\t<div class=\"elementor-element elementor-element-ba72883 elementor-widget elementor-widget-image\" data-id=\"ba72883\" data-element_type=\"widget\" data-widget_type=\"image.default\">\n\t\t\t\t<div class=\"elementor-widget-container\">\n\t\t\t\t\t\t\t\t\t\t\t\t\t<img loading=\"lazy\" decoding=\"async\" width=\"800\" height=\"800\" src=\"https:\/\/www.ufsm.br\/app\/uploads\/sites\/813\/2020\/03\/35790969_1691303890987087_4473220877009289216_n.png\" class=\"attachment-large size-large wp-image-3342\" alt=\"Ag\u00eancia \u00cdntegra\" srcset=\"https:\/\/www.ufsm.br\/app\/uploads\/sites\/813\/2020\/03\/35790969_1691303890987087_4473220877009289216_n.png 800w, https:\/\/www.ufsm.br\/app\/uploads\/sites\/813\/2020\/03\/35790969_1691303890987087_4473220877009289216_n-300x300.png 300w, https:\/\/www.ufsm.br\/app\/uploads\/sites\/813\/2020\/03\/35790969_1691303890987087_4473220877009289216_n-150x150.png 150w, https:\/\/www.ufsm.br\/app\/uploads\/sites\/813\/2020\/03\/35790969_1691303890987087_4473220877009289216_n-768x768.png 768w\" sizes=\"(max-width: 800px) 100vw, 800px\" \/>\t\t\t\t\t\t\t\t\t\t\t\t\t<\/div>\n\t\t\t\t<\/div>\n\t\t\t\t\t<\/div>\n\t\t<\/div>\n\t\t\t\t\t<\/div>\n\t\t<\/section>\n\t\t\t\t<section class=\"elementor-section elementor-top-section elementor-element elementor-element-ee9b2b3 elementor-section-boxed elementor-section-height-default elementor-section-height-default\" data-id=\"ee9b2b3\" data-element_type=\"section\">\n\t\t\t\t\t\t<div class=\"elementor-container elementor-column-gap-default\">\n\t\t\t\t\t<div class=\"elementor-column elementor-col-50 elementor-top-column elementor-element elementor-element-5298b13\" data-id=\"5298b13\" data-element_type=\"column\">\n\t\t\t<div class=\"elementor-widget-wrap\">\n\t\t\t\t\t\t\t<\/div>\n\t\t<\/div>\n\t\t\t\t<div class=\"elementor-column elementor-col-25 elementor-top-column elementor-element elementor-element-b059ae1\" data-id=\"b059ae1\" data-element_type=\"column\">\n\t\t\t<div class=\"elementor-widget-wrap\">\n\t\t\t\t\t\t\t<\/div>\n\t\t<\/div>\n\t\t\t\t<div class=\"elementor-column elementor-col-25 elementor-top-column elementor-element elementor-element-076e85c\" data-id=\"076e85c\" data-element_type=\"column\">\n\t\t\t<div class=\"elementor-widget-wrap\">\n\t\t\t\t\t\t\t<\/div>\n\t\t<\/div>\n\t\t\t\t\t<\/div>\n\t\t<\/section>\n\t\t\t\t<\/div>\n\t\t","protected":false},"excerpt":{"rendered":"<p>Laborat\u00f3rio de Ensino dos cursos bacharelados em Rela\u00e7\u00f5es P\u00fablicas e Jornalismo&nbsp; Ag\u00eancia Experimental de Comunica\u00e7\u00e3o &#8211; \u00cdntegra Endere\u00e7o:&nbsp;Linha 7 de Setembro, s\/n, BR 386 Km 40, CEP: 98400-000 Campus Frederico Westphalen, Pr\u00e9dio TV, segundo andar. Telefone:&nbsp;(55) 3744-0752\/0753 E-mail:&nbsp;agenciaintegra@ufsm.br Facebook Instagram Soundcloud Youtube Linkedin<\/p>\n","protected":false},"author":25,"featured_media":3340,"parent":0,"menu_order":0,"comment_status":"closed","ping_status":"closed","template":"","meta":{"footnotes":""},"categories":[],"tags":[],"class_list":["post-138","page","type-page","status-publish","has-post-thumbnail","hentry"],"acf":[],"_links":{"self":[{"href":"https:\/\/www.ufsm.br\/midias\/experimental\/integra\/wp-json\/wp\/v2\/pages\/138","targetHints":{"allow":["GET"]}}],"collection":[{"href":"https:\/\/www.ufsm.br\/midias\/experimental\/integra\/wp-json\/wp\/v2\/pages"}],"about":[{"href":"https:\/\/www.ufsm.br\/midias\/experimental\/integra\/wp-json\/wp\/v2\/types\/page"}],"author":[{"embeddable":true,"href":"https:\/\/www.ufsm.br\/midias\/experimental\/integra\/wp-json\/wp\/v2\/users\/25"}],"replies":[{"embeddable":true,"href":"https:\/\/www.ufsm.br\/midias\/experimental\/integra\/wp-json\/wp\/v2\/comments?post=138"}],"version-history":[{"count":0,"href":"https:\/\/www.ufsm.br\/midias\/experimental\/integra\/wp-json\/wp\/v2\/pages\/138\/revisions"}],"wp:featuredmedia":[{"embeddable":true,"href":"https:\/\/www.ufsm.br\/midias\/experimental\/integra\/wp-json\/wp\/v2\/media\/3340"}],"wp:attachment":[{"href":"https:\/\/www.ufsm.br\/midias\/experimental\/integra\/wp-json\/wp\/v2\/media?parent=138"}],"wp:term":[{"taxonomy":"category","embeddable":true,"href":"https:\/\/www.ufsm.br\/midias\/experimental\/integra\/wp-json\/wp\/v2\/categories?post=138"},{"taxonomy":"post_tag","embeddable":true,"href":"https:\/\/www.ufsm.br\/midias\/experimental\/integra\/wp-json\/wp\/v2\/tags?post=138"}],"curies":[{"name":"wp","href":"https:\/\/api.w.org\/{rel}","templated":true}]}}