{"id":3456,"date":"2020-04-29T19:27:24","date_gmt":"2020-04-29T22:27:24","guid":{"rendered":"https:\/\/www.ufsm.br\/midias\/experimental\/integra\/?page_id=3456"},"modified":"2020-06-16T12:11:53","modified_gmt":"2020-06-16T15:11:53","slug":"noticias","status":"publish","type":"page","link":"https:\/\/www.ufsm.br\/midias\/experimental\/integra\/noticias","title":{"rendered":"Not\u00edcias"},"content":{"rendered":"\t\t<div data-elementor-type=\"wp-page\" data-elementor-id=\"3456\" class=\"elementor elementor-3456\">\n\t\t\t\t\t\t<section class=\"elementor-section elementor-top-section elementor-element elementor-element-ff1191e elementor-section-boxed elementor-section-height-default elementor-section-height-default\" data-id=\"ff1191e\" data-element_type=\"section\">\n\t\t\t\t\t\t<div class=\"elementor-container elementor-column-gap-default\">\n\t\t\t\t\t<div class=\"elementor-column elementor-col-100 elementor-top-column elementor-element elementor-element-1432024\" data-id=\"1432024\" data-element_type=\"column\">\n\t\t\t<div class=\"elementor-widget-wrap elementor-element-populated\">\n\t\t\t\t\t\t<div class=\"elementor-element elementor-element-47d6695 elementor-widget elementor-widget-wp-widget-ufsm_noticias_widget\" data-id=\"47d6695\" data-element_type=\"widget\" data-widget_type=\"wp-widget-ufsm_noticias_widget.default\">\n\t\t\t\t<div class=\"elementor-widget-container\">\n\t\t\t<h5 class='titulo-conteudos'>Not\u00edcias<\/h5><div class='widget-noticias-inside'>\n                        <div class=\"row\">\n                                    <div class=\"col-12 col-lg-12 pb-4\">\n                                        \n                                            <span class='categoria-publicacao-widget'>\n                            Ag\u00eancia \u00cdntegra, Destaques, Eventos, Jornalismo, Jornalismo Bacharelado (FW), Mat\u00e9rias                        <\/span>\n                        <br>\n                                        \n                    \n                    <a class=\"noticias-widget-title d-block \"  title=\"O jornalismo em FW:evolu\u00e7\u00e3o do est\u00e1gio e do mercado de trabalho ao longo de 20 anos\" href=\"https:\/\/www.ufsm.br\/midias\/experimental\/integra\/2026\/04\/10\/o-jornalismo-em-fwevolucao-do-estagio-e-do-mercado-de-trabalho-ao-longo-de-20-anos\">\n                                                O jornalismo em FW:evolu\u00e7\u00e3o do est\u00e1gio e do mercado de trabalho ao longo de 20 anos                    <\/a>\n                    \n                                            <div class=\"noticias-widget-introtext\">\n                            Mesa de conversa na UFSM-FW abordou impactos da tecnologia, redes sociais e desafios atuais da profiss\u00e3o                        <\/div>\n                    \n                                        \n                                        \n                                            \n                                                    <div title=\"Publicado em 10\/04\/2026 \" class=\"data-publicacao-widget\">\n                                <i  class=\"far fa-clock\"><\/i>\n                                10\/04\/2026                             <\/div>\n                                                                <\/div>\n                            <\/div>\n                    <div class=\"row\">\n                                    <div class=\"col-12 col-lg-12 pb-4\">\n                                        \n                                            <span class='categoria-publicacao-widget'>\n                            Ag\u00eancia \u00cdntegra, Destaques, Eventos, Institucional, Jornalismo Bacharelado (FW), Rela\u00e7\u00f5es P\u00fablicas (FW)                        <\/span>\n                        <br>\n                                        \n                    \n                    <a class=\"noticias-widget-title d-block \"  title=\"Ag\u00eancia \u00cdntegra promove oficina sobre Comunica\u00e7\u00e3o e Intelig\u00eancia Artificial\" href=\"https:\/\/www.ufsm.br\/midias\/experimental\/integra\/2025\/12\/01\/agencia-integra-promove-oficina-sobre-comunicacao-e-inteligencia-artificial\">\n                                                Ag\u00eancia \u00cdntegra promove oficina sobre Comunica\u00e7\u00e3o e Intelig\u00eancia Artificial                    <\/a>\n                    \n                                            <div class=\"noticias-widget-introtext\">\n                            Egressos compartilharam viv\u00eancias profissionais, dicas e ferramentas para qualificar o fazer comunicacional                        <\/div>\n                    \n                                        \n                                        \n                                            \n                                                    <div title=\"Publicado em 01\/12\/2025 \" class=\"data-publicacao-widget\">\n                                <i  class=\"far fa-clock\"><\/i>\n                                01\/12\/2025                             <\/div>\n                                                                <\/div>\n                            <\/div>\n                    <div class=\"row\">\n                                    <div class=\"col-12 col-lg-12 pb-4\">\n                                        \n                                            <span class='categoria-publicacao-widget'>\n                            Ag\u00eancia \u00cdntegra, MovimentA\u00e7\u00e3o, Rela\u00e7\u00f5es P\u00fablicas (FW)                        <\/span>\n                        <br>\n                                        \n                    \n                    <a class=\"noticias-widget-title d-block \"  title=\"Curso de Rela\u00e7\u00f5es P\u00fablicas da UFSM presta assessoria de comunica\u00e7\u00e3o para ONGs de Frederico Westphalen\" href=\"https:\/\/www.ufsm.br\/midias\/experimental\/integra\/2025\/11\/24\/curso-de-relacoes-publicas-da-ufsm-presta-assessoria-de-comunicacao-para-ongs-de-frederico-westphalen\">\n                                                Curso de Rela\u00e7\u00f5es P\u00fablicas da UFSM presta assessoria de comunica\u00e7\u00e3o para ONGs de Frederico Westphalen                    <\/a>\n                    \n                                            <div class=\"noticias-widget-introtext\">\n                            H\u00e1 mais de 5 anos as Disciplinas de Assessoria de Rela\u00e7\u00f5es P\u00fablicas I e II, do Curso de Rela\u00e7\u00f5es P\u00fablicas da UFSM Campus Frederico Westphalen, prestam assessoria a ONGs da cidade. Em 2025, foram quatro entidades atendidas: Associa\u00e7\u00e3o dos Deficientes&hellip;                        <\/div>\n                    \n                                        \n                                        \n                                            \n                                                    <div title=\"Publicado em 24\/11\/2025 \" class=\"data-publicacao-widget\">\n                                <i  class=\"far fa-clock\"><\/i>\n                                24\/11\/2025                             <\/div>\n                                                                <\/div>\n                            <\/div>\n                    <div class=\"row\">\n                                    <div class=\"col-12 col-lg-12 pb-4\">\n                                        \n                                            <span class='categoria-publicacao-widget'>\n                            Ag\u00eancia \u00cdntegra, Destaques, Institucional, Jornalismo Bacharelado (FW), Not\u00edcias, Rela\u00e7\u00f5es P\u00fablicas (FW)                        <\/span>\n                        <br>\n                                        \n                    \n                    <a class=\"noticias-widget-title d-block \"  title=\"ComunicareRP realiza 7\u00aa Visita T\u00e9cnica a ve\u00edculos de comunica\u00e7\u00e3o em Porto Alegre\" href=\"https:\/\/www.ufsm.br\/midias\/experimental\/integra\/2025\/11\/18\/comunicarerp-realiza-7a-visita-tecnica-a-veiculos-de-comunicacao-em-porto-alegre\">\n                                                ComunicareRP realiza 7\u00aa Visita T\u00e9cnica a ve\u00edculos de comunica\u00e7\u00e3o em Porto Alegre                    <\/a>\n                    \n                                            <div class=\"noticias-widget-introtext\">\n                            A iniciativa contou com a participa\u00e7\u00e3o de figuras conhecidas do jornalismo ga\u00facho                        <\/div>\n                    \n                                        \n                                        \n                                            \n                                                    <div title=\"Publicado em 18\/11\/2025 \" class=\"data-publicacao-widget\">\n                                <i  class=\"far fa-clock\"><\/i>\n                                18\/11\/2025                             <\/div>\n                                                                <\/div>\n                            <\/div>\n                    <div class=\"row\">\n                                    <div class=\"col-12 col-lg-12 pb-4\">\n                                        \n                                            <span class='categoria-publicacao-widget'>\n                            Ag\u00eancia \u00cdntegra, Destaques, Eventos, Jornalismo, Jornalismo Bacharelado (FW), Not\u00edcias, Rela\u00e7\u00f5es P\u00fablicas (FW)                        <\/span>\n                        <br>\n                                        \n                    \n                    <a class=\"noticias-widget-title d-block \"  title=\"Professora Marcia Boabaid lan\u00e7a obra na 40\u00aa Feira do Livro municipal\" href=\"https:\/\/www.ufsm.br\/midias\/experimental\/integra\/2025\/10\/24\/professora-marcia-boabaid-lanca-obra-na-40a-feira-do-livro-municipal\">\n                                                Professora Marcia Boabaid lan\u00e7a obra na 40\u00aa Feira do Livro municipal                    <\/a>\n                    \n                                            <div class=\"noticias-widget-introtext\">\n                            Estudantes e professores de Rela\u00e7\u00f5es P\u00fablicas e Jornalismo do campus UFSM Frederico Westphalen prestigiaram o evento, junto \u00e0 comunidade local                        <\/div>\n                    \n                                        \n                                        \n                                            \n                                                    <div title=\"Publicado em 24\/10\/2025 \" class=\"data-publicacao-widget\">\n                                <i  class=\"far fa-clock\"><\/i>\n                                24\/10\/2025                             <\/div>\n                                                                <\/div>\n                            <\/div>\n                    <div class=\"row\">\n                                    <div class=\"col-12 col-lg-12 pb-4\">\n                                        \n                                            <span class='categoria-publicacao-widget'>\n                            Ag\u00eancia \u00cdntegra, Destaques, Eventos, Institucional, Jornalismo Bacharelado (FW), Rela\u00e7\u00f5es P\u00fablicas (FW)                        <\/span>\n                        <br>\n                                        \n                    \n                    <a class=\"noticias-widget-title d-block \"  title=\"1\u00b0 edi\u00e7\u00e3o do Viva o campus celebra o espa\u00e7o universit\u00e1rio em Frederico Westphalen\u00a0\" href=\"https:\/\/www.ufsm.br\/midias\/experimental\/integra\/2025\/10\/20\/1-edicao-do-viva-o-campus-celebra-o-espaco-universitario-em-frederico-westphalen\">\n                                                1\u00b0 edi\u00e7\u00e3o do Viva o campus celebra o espa\u00e7o universit\u00e1rio em Frederico Westphalen\u00a0                    <\/a>\n                    \n                                            <div class=\"noticias-widget-introtext\">\n                            Evento segue exemplo do que j\u00e1 foi feito em Santa Maria, Palmeira das Miss\u00f5es e Cachoeira do Sul                        <\/div>\n                    \n                                        \n                                        \n                                            \n                                                    <div title=\"Publicado em 20\/10\/2025 \" class=\"data-publicacao-widget\">\n                                <i  class=\"far fa-clock\"><\/i>\n                                20\/10\/2025                             <\/div>\n                                                                <\/div>\n                            <\/div>\n                    <div class=\"row\">\n                                    <div class=\"col-12 col-lg-12 pb-4\">\n                                        \n                                            <span class='categoria-publicacao-widget'>\n                            Ag\u00eancia \u00cdntegra, Destaques, Institucional, Jornalismo Bacharelado (FW), Not\u00edcias, Rela\u00e7\u00f5es P\u00fablicas (FW)                        <\/span>\n                        <br>\n                                        \n                    \n                    <a class=\"noticias-widget-title d-block \"  title=\"Jornalistas da UFSM ensinam sobre relacionamento com a m\u00eddia em Frederico Westphalen\" href=\"https:\/\/www.ufsm.br\/midias\/experimental\/integra\/2025\/10\/16\/jornalistas-da-ufsm-ensinam-sobre-relacionamento-com-a-midia-em-frederico-westphalen\">\n                                                Jornalistas da UFSM ensinam sobre relacionamento com a m\u00eddia em Frederico Westphalen                    <\/a>\n                    \n                                            <div class=\"noticias-widget-introtext\">\n                            A ocasi\u00e3o reuniu estudantes, professores e outros servidores p\u00fablicos                        <\/div>\n                    \n                                        \n                                        \n                                            \n                                                    <div title=\"Publicado em 16\/10\/2025 \" class=\"data-publicacao-widget\">\n                                <i  class=\"far fa-clock\"><\/i>\n                                16\/10\/2025                             <\/div>\n                                                                <\/div>\n                            <\/div>\n                    <div class=\"row\">\n                                    <div class=\"col-12 col-lg-12 pb-4\">\n                                        \n                                            <span class='categoria-publicacao-widget'>\n                            Ag\u00eancia \u00cdntegra, Destaques, Jornalismo Bacharelado (FW), MovimentA\u00e7\u00e3o                        <\/span>\n                        <br>\n                                        \n                    \n                    <a class=\"noticias-widget-title d-block \"  title=\"Curso preparat\u00f3rio para o Exame Nacional de Desempenho dos Estudantes ser\u00e1 habilitado a partir de segunda-feira (06)\" href=\"https:\/\/www.ufsm.br\/midias\/experimental\/integra\/2025\/10\/06\/curso-preparatorio-para-o-exame-nacional-de-desempenho-dos-estudantes-sera-habilitado-a-partir-de-segunda-feira-06\">\n                                                Curso preparat\u00f3rio para o Exame Nacional de Desempenho dos Estudantes ser\u00e1 habilitado a partir de segunda-feira (06)                    <\/a>\n                    \n                                            <div class=\"noticias-widget-introtext\">\n                            A proposta oferece materiais on-line no Moodle e contabiliza horas de ACG para os formandos em Jornalismo                        <\/div>\n                    \n                                        \n                                        \n                                            \n                                                    <div title=\"Publicado em 06\/10\/2025 \" class=\"data-publicacao-widget\">\n                                <i  class=\"far fa-clock\"><\/i>\n                                06\/10\/2025                             <\/div>\n                                                                <\/div>\n                            <\/div>\n                    <div class=\"row\">\n                                    <div class=\"col-12 col-lg-12 pb-4\">\n                                        \n                                            <span class='categoria-publicacao-widget'>\n                            Ag\u00eancia \u00cdntegra, Mat\u00e9rias, MovimentA\u00e7\u00e3o, Produ\u00e7\u00f5es em disciplinas                        <\/span>\n                        <br>\n                                        \n                    \n                    <a class=\"noticias-widget-title d-block \"  title=\"Moradia Digna e os Desafios do Minha Casa Minha Vida\" href=\"https:\/\/www.ufsm.br\/midias\/experimental\/integra\/2025\/10\/01\/moradia-digna-e-os-desafios-do-minha-casa-minha-vida\">\n                                                Moradia Digna e os Desafios do Minha Casa Minha Vida                    <\/a>\n                    \n                                            <div class=\"noticias-widget-introtext\">\n                            ODS 11 contribuindo para cidades sustent\u00e1veis                        <\/div>\n                    \n                                        \n                                        \n                                            \n                                                    <div title=\"Publicado em 01\/10\/2025 \" class=\"data-publicacao-widget\">\n                                <i  class=\"far fa-clock\"><\/i>\n                                01\/10\/2025                             <\/div>\n                                                                <\/div>\n                            <\/div>\n                    <div class=\"row\">\n                                    <div class=\"col-12 col-lg-12 pb-4\">\n                                        \n                                            <span class='categoria-publicacao-widget'>\n                            Ag\u00eancia \u00cdntegra, Destaques, Eventos, Jornalismo Bacharelado (FW), Rela\u00e7\u00f5es P\u00fablicas (FW)                        <\/span>\n                        <br>\n                                        \n                    \n                    <a class=\"noticias-widget-title d-block \"  title=\"4\u00aa edi\u00e7\u00e3o do \u201cSou UFSM, Seja voc\u00ea tamb\u00e9m\u201d agita o interior ga\u00facho\" href=\"https:\/\/www.ufsm.br\/midias\/experimental\/integra\/2025\/09\/11\/4a-edicao-do-sou-ufsm-seja-voce-tambem-agita-o-interior-gaucho\">\n                                                4\u00aa edi\u00e7\u00e3o do \u201cSou UFSM, Seja voc\u00ea tamb\u00e9m\u201d agita o interior ga\u00facho                    <\/a>\n                    \n                                            <div class=\"noticias-widget-introtext\">\n                            O evento procura impulsionar a interioriza\u00e7\u00e3o da educa\u00e7\u00e3o e todo ano convida alunos a fazerem parte da UFSM, no munic\u00edpio de Frederico Westphalen.                        <\/div>\n                    \n                                        \n                                        \n                                            \n                                                    <div title=\"Publicado em 11\/09\/2025 \" class=\"data-publicacao-widget\">\n                                <i  class=\"far fa-clock\"><\/i>\n                                11\/09\/2025                             <\/div>\n                                                                <\/div>\n                            <\/div>\n            <\/div>\n<div class=\"leia-mais p-1\">\n                <a href=\"https:\/\/www.ufsm.br\/midias\/experimental\/integra\/busca\/?q=&area=post&orderby=date&sites%5B%5D=813\">\n            LEIA MAIS            <span class=\"icon-box\">\n                <span class=\"bg-ufsm-widget-icon\">\n                    <i class=\"fas fa-chevron-right\" aria-hidden=\"true\"><\/i>\n                <\/span>\n            <\/span>\n        <\/a>\n    <\/div>\n\t\t<\/div>\n\t\t\t\t<\/div>\n\t\t\t\t\t<\/div>\n\t\t<\/div>\n\t\t\t\t\t<\/div>\n\t\t<\/section>\n\t\t\t\t<\/div>\n\t\t","protected":false},"excerpt":{"rendered":"","protected":false},"author":2570,"featured_media":0,"parent":0,"menu_order":0,"comment_status":"closed","ping_status":"closed","template":"","meta":{"footnotes":""},"categories":[],"tags":[],"class_list":["post-3456","page","type-page","status-publish","hentry"],"acf":[],"_links":{"self":[{"href":"https:\/\/www.ufsm.br\/midias\/experimental\/integra\/wp-json\/wp\/v2\/pages\/3456","targetHints":{"allow":["GET"]}}],"collection":[{"href":"https:\/\/www.ufsm.br\/midias\/experimental\/integra\/wp-json\/wp\/v2\/pages"}],"about":[{"href":"https:\/\/www.ufsm.br\/midias\/experimental\/integra\/wp-json\/wp\/v2\/types\/page"}],"author":[{"embeddable":true,"href":"https:\/\/www.ufsm.br\/midias\/experimental\/integra\/wp-json\/wp\/v2\/users\/2570"}],"replies":[{"embeddable":true,"href":"https:\/\/www.ufsm.br\/midias\/experimental\/integra\/wp-json\/wp\/v2\/comments?post=3456"}],"version-history":[{"count":0,"href":"https:\/\/www.ufsm.br\/midias\/experimental\/integra\/wp-json\/wp\/v2\/pages\/3456\/revisions"}],"wp:attachment":[{"href":"https:\/\/www.ufsm.br\/midias\/experimental\/integra\/wp-json\/wp\/v2\/media?parent=3456"}],"wp:term":[{"taxonomy":"category","embeddable":true,"href":"https:\/\/www.ufsm.br\/midias\/experimental\/integra\/wp-json\/wp\/v2\/categories?post=3456"},{"taxonomy":"post_tag","embeddable":true,"href":"https:\/\/www.ufsm.br\/midias\/experimental\/integra\/wp-json\/wp\/v2\/tags?post=3456"}],"curies":[{"name":"wp","href":"https:\/\/api.w.org\/{rel}","templated":true}]}}