{"id":23,"date":"2024-12-05T17:07:16","date_gmt":"2024-12-05T20:07:16","guid":{"rendered":"https:\/\/www.ufsm.br\/midias\/experimental\/noroeste-em-pauta\/?page_id=23"},"modified":"2024-12-21T05:48:39","modified_gmt":"2024-12-21T08:48:39","slug":"sobre","status":"publish","type":"page","link":"https:\/\/www.ufsm.br\/midias\/experimental\/noroeste-em-pauta\/sobre","title":{"rendered":"Sobre"},"content":{"rendered":"\n<p><strong>Jornal Noroeste em Pauta<\/strong><\/p>\n\n\n\n<p class=\"has-text-align-left\">O jornal Noroeste em Pauta \u00e9 um peri\u00f3dico anual que desenvolve pautas relacionadas \u00e0 regi\u00e3o noroeste do Rio Grande do Sul. Todo o jornal \u00e9 produzido por estudantes do 2\u00ba semestre do curso de Jornalismo da Universidade Federal de Santa Maria (UFSM), campus Frederico Westphalen (FW), nas disciplinas de Reda\u00e7\u00e3o Jornal\u00edstica II e Laborat\u00f3rio de Produ\u00e7\u00e3o Editorial, ministradas pelas professoras Andr\u00e9a Weber e Angela Zamin. A primeira edi\u00e7\u00e3o do jornal foi lan\u00e7ada em dezembro de 2023.&nbsp;<\/p>\n\n\n\n<p>Por fazer parte de uma pr\u00e1tica de ensino-aprendizagem, ele \u00e9 chamado de \u201cjornal-laborat\u00f3rio\u201d. Com ele, os alunos d\u00e3o seus primeiros passos na pr\u00e1tica jornal\u00edstica.<\/p>\n\n\n\n<p><\/p>\n","protected":false},"excerpt":{"rendered":"<p>Jornal Noroeste em Pauta O jornal Noroeste em Pauta \u00e9 um peri\u00f3dico anual que desenvolve pautas relacionadas \u00e0 regi\u00e3o noroeste do Rio Grande do Sul. Todo o jornal \u00e9 produzido por estudantes do 2\u00ba semestre do curso de Jornalismo da Universidade Federal de Santa Maria (UFSM), campus Frederico Westphalen (FW), nas disciplinas de Reda\u00e7\u00e3o Jornal\u00edstica [&hellip;]<\/p>\n","protected":false},"author":8354,"featured_media":0,"parent":0,"menu_order":0,"comment_status":"closed","ping_status":"closed","template":"","meta":{"footnotes":""},"categories":[],"tags":[],"class_list":["post-23","page","type-page","status-publish","hentry"],"acf":[],"_links":{"self":[{"href":"https:\/\/www.ufsm.br\/midias\/experimental\/noroeste-em-pauta\/wp-json\/wp\/v2\/pages\/23","targetHints":{"allow":["GET"]}}],"collection":[{"href":"https:\/\/www.ufsm.br\/midias\/experimental\/noroeste-em-pauta\/wp-json\/wp\/v2\/pages"}],"about":[{"href":"https:\/\/www.ufsm.br\/midias\/experimental\/noroeste-em-pauta\/wp-json\/wp\/v2\/types\/page"}],"author":[{"embeddable":true,"href":"https:\/\/www.ufsm.br\/midias\/experimental\/noroeste-em-pauta\/wp-json\/wp\/v2\/users\/8354"}],"replies":[{"embeddable":true,"href":"https:\/\/www.ufsm.br\/midias\/experimental\/noroeste-em-pauta\/wp-json\/wp\/v2\/comments?post=23"}],"version-history":[{"count":0,"href":"https:\/\/www.ufsm.br\/midias\/experimental\/noroeste-em-pauta\/wp-json\/wp\/v2\/pages\/23\/revisions"}],"wp:attachment":[{"href":"https:\/\/www.ufsm.br\/midias\/experimental\/noroeste-em-pauta\/wp-json\/wp\/v2\/media?parent=23"}],"wp:term":[{"taxonomy":"category","embeddable":true,"href":"https:\/\/www.ufsm.br\/midias\/experimental\/noroeste-em-pauta\/wp-json\/wp\/v2\/categories?post=23"},{"taxonomy":"post_tag","embeddable":true,"href":"https:\/\/www.ufsm.br\/midias\/experimental\/noroeste-em-pauta\/wp-json\/wp\/v2\/tags?post=23"}],"curies":[{"name":"wp","href":"https:\/\/api.w.org\/{rel}","templated":true}]}}