{"id":26,"date":"2024-12-05T17:07:16","date_gmt":"2024-12-05T20:07:16","guid":{"rendered":"https:\/\/www.ufsm.br\/midias\/experimental\/noroeste-em-pauta\/?page_id=26"},"modified":"2024-12-21T05:51:27","modified_gmt":"2024-12-21T08:51:27","slug":"reportagens","status":"publish","type":"page","link":"https:\/\/www.ufsm.br\/midias\/experimental\/noroeste-em-pauta\/reportagens","title":{"rendered":"Reportagens"},"content":{"rendered":"\t\t<div data-elementor-type=\"wp-page\" data-elementor-id=\"26\" class=\"elementor elementor-26\">\n\t\t\t\t\t\t<section class=\"elementor-section elementor-top-section elementor-element elementor-element-3d5f46e elementor-section-boxed elementor-section-height-default elementor-section-height-default\" data-id=\"3d5f46e\" data-element_type=\"section\">\n\t\t\t\t\t\t<div class=\"elementor-container elementor-column-gap-default\">\n\t\t\t\t\t<div class=\"elementor-column elementor-col-100 elementor-top-column elementor-element elementor-element-184a9a5\" data-id=\"184a9a5\" data-element_type=\"column\">\n\t\t\t<div class=\"elementor-widget-wrap elementor-element-populated\">\n\t\t\t\t\t\t<div class=\"elementor-element elementor-element-3143a55 elementor-widget elementor-widget-wp-widget-ufsm_noticias_widget\" data-id=\"3143a55\" data-element_type=\"widget\" data-widget_type=\"wp-widget-ufsm_noticias_widget.default\">\n\t\t\t\t<div class=\"elementor-widget-container\">\n\t\t\t<div class='widget-noticias-inside'>\n                        <div class=\"row\">\n                                    <div class=\"col-12 col-lg-4 pb-4\">\n                                            <div class=\"noticias-widget-wrap\" style=\"height: 180px; overflow: hidden;\">\n                            <a title=\"\" href=\"https:\/\/www.ufsm.br\/midias\/experimental\/noroeste-em-pauta\/2024\/12\/21\/uniao-e-reformulacao\">\n                                <span class=\"visually-hidden\">\n                                    Uni\u00e3o e reformula\u00e7\u00e3o                                <\/span>\n                                <div class=\"noticias-widget-thumbs h-100\">\n                                    <img decoding=\"async\" class=\"object-fit-cover h-100 w-100\" alt=\"\" srcset=\"https:\/\/www.ufsm.br\/app\/uploads\/sites\/950\/2024\/12\/Capa-Destaques-2-1-300x157.jpg 300w, https:\/\/www.ufsm.br\/app\/uploads\/sites\/950\/2024\/12\/Capa-Destaques-2-1-1024x534.jpg 1024w, https:\/\/www.ufsm.br\/app\/uploads\/sites\/950\/2024\/12\/Capa-Destaques-2-1-768x401.jpg 768w, https:\/\/www.ufsm.br\/app\/uploads\/sites\/950\/2024\/12\/Capa-Destaques-2-1.jpg 1200w\" src=\"https:\/\/www.ufsm.br\/app\/uploads\/sites\/950\/2024\/12\/Capa-Destaques-2-1-1024x534.jpg\"><\/img>\n                                <\/div>\n                            <\/a>\n                        <\/div>\n                                        \n                                        \n                    \n                    <a class=\"noticias-widget-title d-block  m-0 \"  title=\"Uni\u00e3o e reformula\u00e7\u00e3o\" href=\"https:\/\/www.ufsm.br\/midias\/experimental\/noroeste-em-pauta\/2024\/12\/21\/uniao-e-reformulacao\">\n                                                Uni\u00e3o e reformula\u00e7\u00e3o                    <\/a>\n                    \n                    \n                                        \n                                        \n                                        <\/div>\n                                    <div class=\"col-12 col-lg-4 pb-4\">\n                                            <div class=\"noticias-widget-wrap\" style=\"height: 180px; overflow: hidden;\">\n                            <a title=\"\" href=\"https:\/\/www.ufsm.br\/midias\/experimental\/noroeste-em-pauta\/2024\/12\/21\/prontos-para-meter-um-golaco\">\n                                <span class=\"visually-hidden\">\n                                    \u201cProntos para meter um gola\u00e7o\u201d                                <\/span>\n                                <div class=\"noticias-widget-thumbs h-100\">\n                                    <img decoding=\"async\" class=\"object-fit-cover h-100 w-100\" alt=\"\" srcset=\"https:\/\/www.ufsm.br\/app\/uploads\/sites\/950\/2024\/12\/Capa-Destaques-3-300x157.jpg 300w, https:\/\/www.ufsm.br\/app\/uploads\/sites\/950\/2024\/12\/Capa-Destaques-3-1024x534.jpg 1024w, https:\/\/www.ufsm.br\/app\/uploads\/sites\/950\/2024\/12\/Capa-Destaques-3-768x401.jpg 768w, https:\/\/www.ufsm.br\/app\/uploads\/sites\/950\/2024\/12\/Capa-Destaques-3.jpg 1200w\" src=\"https:\/\/www.ufsm.br\/app\/uploads\/sites\/950\/2024\/12\/Capa-Destaques-3-1024x534.jpg\"><\/img>\n                                <\/div>\n                            <\/a>\n                        <\/div>\n                                        \n                                        \n                    \n                    <a class=\"noticias-widget-title d-block  m-0 \"  title=\"\u201cProntos para meter um gola\u00e7o\u201d\" href=\"https:\/\/www.ufsm.br\/midias\/experimental\/noroeste-em-pauta\/2024\/12\/21\/prontos-para-meter-um-golaco\">\n                                                \u201cProntos para meter um gola\u00e7o\u201d                    <\/a>\n                    \n                    \n                                        \n                                        \n                                        <\/div>\n                                    <div class=\"col-12 col-lg-4 pb-4\">\n                                            <div class=\"noticias-widget-wrap\" style=\"height: 180px; overflow: hidden;\">\n                            <a title=\"\" href=\"https:\/\/www.ufsm.br\/midias\/experimental\/noroeste-em-pauta\/2024\/12\/21\/espiritismo-em-frederico-westphalen\">\n                                <span class=\"visually-hidden\">\n                                    Espiritismo em Frederico Westphalen                                <\/span>\n                                <div class=\"noticias-widget-thumbs h-100\">\n                                    <img decoding=\"async\" class=\"object-fit-cover h-100 w-100\" alt=\"\" srcset=\"https:\/\/www.ufsm.br\/app\/uploads\/sites\/950\/2024\/12\/Capa-Destaques-2-300x157.jpg 300w, https:\/\/www.ufsm.br\/app\/uploads\/sites\/950\/2024\/12\/Capa-Destaques-2-1024x534.jpg 1024w, https:\/\/www.ufsm.br\/app\/uploads\/sites\/950\/2024\/12\/Capa-Destaques-2-768x401.jpg 768w, https:\/\/www.ufsm.br\/app\/uploads\/sites\/950\/2024\/12\/Capa-Destaques-2.jpg 1200w\" src=\"https:\/\/www.ufsm.br\/app\/uploads\/sites\/950\/2024\/12\/Capa-Destaques-2-1024x534.jpg\"><\/img>\n                                <\/div>\n                            <\/a>\n                        <\/div>\n                                        \n                                        \n                    \n                    <a class=\"noticias-widget-title d-block  m-0 \"  title=\"Espiritismo em Frederico Westphalen\" href=\"https:\/\/www.ufsm.br\/midias\/experimental\/noroeste-em-pauta\/2024\/12\/21\/espiritismo-em-frederico-westphalen\">\n                                                Espiritismo em Frederico Westphalen                    <\/a>\n                    \n                    \n                                        \n                                        \n                                        <\/div>\n                            <\/div>\n                    <div class=\"row\">\n                                    <div class=\"col-12 col-lg-4 pb-4\">\n                                            <div class=\"noticias-widget-wrap\" style=\"height: 180px; overflow: hidden;\">\n                            <a title=\"\" href=\"https:\/\/www.ufsm.br\/midias\/experimental\/noroeste-em-pauta\/2024\/12\/21\/a-historia-atraves-das-lentes\">\n                                <span class=\"visually-hidden\">\n                                    A hist\u00f3ria atrav\u00e9s das lentes                                <\/span>\n                                <div class=\"noticias-widget-thumbs h-100\">\n                                    <img decoding=\"async\" class=\"object-fit-cover h-100 w-100\" alt=\"\" srcset=\"https:\/\/www.ufsm.br\/app\/uploads\/sites\/950\/2024\/12\/Capa-Destaques-1-300x157.jpg 300w, https:\/\/www.ufsm.br\/app\/uploads\/sites\/950\/2024\/12\/Capa-Destaques-1-1024x534.jpg 1024w, https:\/\/www.ufsm.br\/app\/uploads\/sites\/950\/2024\/12\/Capa-Destaques-1-768x401.jpg 768w, https:\/\/www.ufsm.br\/app\/uploads\/sites\/950\/2024\/12\/Capa-Destaques-1.jpg 1200w\" src=\"https:\/\/www.ufsm.br\/app\/uploads\/sites\/950\/2024\/12\/Capa-Destaques-1-1024x534.jpg\"><\/img>\n                                <\/div>\n                            <\/a>\n                        <\/div>\n                                        \n                                        \n                    \n                    <a class=\"noticias-widget-title d-block  m-0 \"  title=\"A hist\u00f3ria atrav\u00e9s das lentes\" href=\"https:\/\/www.ufsm.br\/midias\/experimental\/noroeste-em-pauta\/2024\/12\/21\/a-historia-atraves-das-lentes\">\n                                                A hist\u00f3ria atrav\u00e9s das lentes                    <\/a>\n                    \n                    \n                                        \n                                        \n                                        <\/div>\n                                    <div class=\"col-12 col-lg-4 pb-4\">\n                                            <div class=\"noticias-widget-wrap\" style=\"height: 180px; overflow: hidden;\">\n                            <a title=\"\" href=\"https:\/\/www.ufsm.br\/midias\/experimental\/noroeste-em-pauta\/2024\/12\/21\/chibo-vida-na-fronteira\">\n                                <span class=\"visually-hidden\">\n                                    Chibo: vida na fronteira                                <\/span>\n                                <div class=\"noticias-widget-thumbs h-100\">\n                                    <img decoding=\"async\" class=\"object-fit-cover h-100 w-100\" alt=\"\" srcset=\"https:\/\/www.ufsm.br\/app\/uploads\/sites\/950\/2024\/12\/Capa-Destaques-300x157.jpg 300w, https:\/\/www.ufsm.br\/app\/uploads\/sites\/950\/2024\/12\/Capa-Destaques-1024x534.jpg 1024w, https:\/\/www.ufsm.br\/app\/uploads\/sites\/950\/2024\/12\/Capa-Destaques-768x401.jpg 768w, https:\/\/www.ufsm.br\/app\/uploads\/sites\/950\/2024\/12\/Capa-Destaques.jpg 1200w\" src=\"https:\/\/www.ufsm.br\/app\/uploads\/sites\/950\/2024\/12\/Capa-Destaques-1024x534.jpg\"><\/img>\n                                <\/div>\n                            <\/a>\n                        <\/div>\n                                        \n                                        \n                    \n                    <a class=\"noticias-widget-title d-block  m-0 \"  title=\"Chibo: vida na fronteira\" href=\"https:\/\/www.ufsm.br\/midias\/experimental\/noroeste-em-pauta\/2024\/12\/21\/chibo-vida-na-fronteira\">\n                                                Chibo: vida na fronteira                    <\/a>\n                    \n                    \n                                        \n                                        \n                                        <\/div>\n                                    <div class=\"col-12 col-lg-4 pb-4\">\n                                            <div class=\"noticias-widget-wrap\" style=\"height: 180px; overflow: hidden;\">\n                            <a title=\"\" href=\"https:\/\/www.ufsm.br\/midias\/experimental\/noroeste-em-pauta\/2024\/12\/21\/as-aguas-de-2024\">\n                                <span class=\"visually-hidden\">\n                                    As \u00e1guas de 2024                                <\/span>\n                                <div class=\"noticias-widget-thumbs h-100\">\n                                    <img decoding=\"async\" class=\"object-fit-cover h-100 w-100\" alt=\"\" srcset=\"https:\/\/www.ufsm.br\/app\/uploads\/sites\/950\/2024\/12\/Copia-de-X-2-300x157.jpg 300w, https:\/\/www.ufsm.br\/app\/uploads\/sites\/950\/2024\/12\/Copia-de-X-2-1024x534.jpg 1024w, https:\/\/www.ufsm.br\/app\/uploads\/sites\/950\/2024\/12\/Copia-de-X-2-768x401.jpg 768w, https:\/\/www.ufsm.br\/app\/uploads\/sites\/950\/2024\/12\/Copia-de-X-2.jpg 1200w\" src=\"https:\/\/www.ufsm.br\/app\/uploads\/sites\/950\/2024\/12\/Copia-de-X-2-1024x534.jpg\"><\/img>\n                                <\/div>\n                            <\/a>\n                        <\/div>\n                                        \n                                        \n                    \n                    <a class=\"noticias-widget-title d-block  m-0 \"  title=\"As \u00e1guas de 2024\" href=\"https:\/\/www.ufsm.br\/midias\/experimental\/noroeste-em-pauta\/2024\/12\/21\/as-aguas-de-2024\">\n                                                As \u00e1guas de 2024                    <\/a>\n                    \n                    \n                                        \n                                        \n                                        <\/div>\n                            <\/div>\n                    <div class=\"row\">\n                                    <div class=\"col-12 col-lg-4 pb-4\">\n                                            <div class=\"noticias-widget-wrap\" style=\"height: 180px; overflow: hidden;\">\n                            <a title=\"\" href=\"https:\/\/www.ufsm.br\/midias\/experimental\/noroeste-em-pauta\/2024\/12\/21\/sob-agua-e-fuligem\">\n                                <span class=\"visually-hidden\">\n                                    Sob \u00e1gua e fuligem                                <\/span>\n                                <div class=\"noticias-widget-thumbs h-100\">\n                                    <img decoding=\"async\" class=\"object-fit-cover h-100 w-100\" alt=\"\" srcset=\"https:\/\/www.ufsm.br\/app\/uploads\/sites\/950\/2024\/12\/Copia-de-X-1-300x157.jpg 300w, https:\/\/www.ufsm.br\/app\/uploads\/sites\/950\/2024\/12\/Copia-de-X-1-1024x534.jpg 1024w, https:\/\/www.ufsm.br\/app\/uploads\/sites\/950\/2024\/12\/Copia-de-X-1-768x401.jpg 768w, https:\/\/www.ufsm.br\/app\/uploads\/sites\/950\/2024\/12\/Copia-de-X-1.jpg 1200w\" src=\"https:\/\/www.ufsm.br\/app\/uploads\/sites\/950\/2024\/12\/Copia-de-X-1-1024x534.jpg\"><\/img>\n                                <\/div>\n                            <\/a>\n                        <\/div>\n                                        \n                                        \n                    \n                    <a class=\"noticias-widget-title d-block  m-0 \"  title=\"Sob \u00e1gua e fuligem\" href=\"https:\/\/www.ufsm.br\/midias\/experimental\/noroeste-em-pauta\/2024\/12\/21\/sob-agua-e-fuligem\">\n                                                Sob \u00e1gua e fuligem                    <\/a>\n                    \n                    \n                                        \n                                        \n                                        <\/div>\n                                    <div class=\"col-12 col-lg-4 pb-4\">\n                                            <div class=\"noticias-widget-wrap\" style=\"height: 180px; overflow: hidden;\">\n                            <a title=\"\" href=\"https:\/\/www.ufsm.br\/midias\/experimental\/noroeste-em-pauta\/2024\/12\/06\/familias-multiespecie\">\n                                <span class=\"visually-hidden\">\n                                    Fam\u00edlias multiesp\u00e9cie                                <\/span>\n                                <div class=\"noticias-widget-thumbs h-100\">\n                                    <img decoding=\"async\" class=\"object-fit-cover h-100 w-100\" alt=\"\" srcset=\"https:\/\/www.ufsm.br\/app\/uploads\/sites\/950\/2024\/12\/Copia-de-X-300x157.jpg 300w, https:\/\/www.ufsm.br\/app\/uploads\/sites\/950\/2024\/12\/Copia-de-X-1024x534.jpg 1024w, https:\/\/www.ufsm.br\/app\/uploads\/sites\/950\/2024\/12\/Copia-de-X-768x401.jpg 768w, https:\/\/www.ufsm.br\/app\/uploads\/sites\/950\/2024\/12\/Copia-de-X.jpg 1200w\" src=\"https:\/\/www.ufsm.br\/app\/uploads\/sites\/950\/2024\/12\/Copia-de-X-1024x534.jpg\"><\/img>\n                                <\/div>\n                            <\/a>\n                        <\/div>\n                                        \n                                        \n                    \n                    <a class=\"noticias-widget-title d-block  m-0 \"  title=\"Fam\u00edlias multiesp\u00e9cie\" href=\"https:\/\/www.ufsm.br\/midias\/experimental\/noroeste-em-pauta\/2024\/12\/06\/familias-multiespecie\">\n                                                Fam\u00edlias multiesp\u00e9cie                    <\/a>\n                    \n                    \n                                        \n                                        \n                                        <\/div>\n                                    <div class=\"col-12 col-lg-4 pb-4\">\n                                            <div class=\"noticias-widget-wrap\" style=\"height: 180px; overflow: hidden;\">\n                            <a title=\"\" href=\"https:\/\/www.ufsm.br\/midias\/experimental\/noroeste-em-pauta\/2024\/12\/05\/quem-ama-cuida-e-castra\">\n                                <span class=\"visually-hidden\">\n                                    Quem ama cuida. E castra                                <\/span>\n                                <div class=\"noticias-widget-thumbs h-100\">\n                                    <img decoding=\"async\" class=\"object-fit-cover h-100 w-100\" alt=\"\" srcset=\"https:\/\/www.ufsm.br\/app\/uploads\/sites\/950\/2024\/12\/Nao-apagar-1200-x-626-px-300x157.jpg 300w, https:\/\/www.ufsm.br\/app\/uploads\/sites\/950\/2024\/12\/Nao-apagar-1200-x-626-px-1024x534.jpg 1024w, https:\/\/www.ufsm.br\/app\/uploads\/sites\/950\/2024\/12\/Nao-apagar-1200-x-626-px-768x401.jpg 768w, https:\/\/www.ufsm.br\/app\/uploads\/sites\/950\/2024\/12\/Nao-apagar-1200-x-626-px.jpg 1200w\" src=\"https:\/\/www.ufsm.br\/app\/uploads\/sites\/950\/2024\/12\/Nao-apagar-1200-x-626-px-1024x534.jpg\"><\/img>\n                                <\/div>\n                            <\/a>\n                        <\/div>\n                                        \n                                        \n                    \n                    <a class=\"noticias-widget-title d-block  m-0 \"  title=\"Quem ama cuida. E castra\" href=\"https:\/\/www.ufsm.br\/midias\/experimental\/noroeste-em-pauta\/2024\/12\/05\/quem-ama-cuida-e-castra\">\n                                                Quem ama cuida. E castra                    <\/a>\n                    \n                    \n                                        \n                                        \n                                        <\/div>\n                            <\/div>\n            <\/div>\n\t\t<\/div>\n\t\t\t\t<\/div>\n\t\t\t\t\t<\/div>\n\t\t<\/div>\n\t\t\t\t\t<\/div>\n\t\t<\/section>\n\t\t\t\t<section class=\"elementor-section elementor-top-section elementor-element elementor-element-b0e7e3a elementor-section-boxed elementor-section-height-default elementor-section-height-default\" data-id=\"b0e7e3a\" data-element_type=\"section\">\n\t\t\t\t\t\t<div class=\"elementor-container elementor-column-gap-default\">\n\t\t\t\t\t<div class=\"elementor-column elementor-col-100 elementor-top-column elementor-element elementor-element-b69ff09\" data-id=\"b69ff09\" data-element_type=\"column\">\n\t\t\t<div class=\"elementor-widget-wrap elementor-element-populated\">\n\t\t\t\t\t\t<div class=\"elementor-element elementor-element-d1f061c elementor-align-center elementor-widget elementor-widget-button\" data-id=\"d1f061c\" data-element_type=\"widget\" data-widget_type=\"button.default\">\n\t\t\t\t<div class=\"elementor-widget-container\">\n\t\t\t\t\t\t\t<div class=\"elementor-button-wrapper\">\n\t\t\t\t\t<a class=\"elementor-button elementor-button-link elementor-size-sm elementor-animation-grow\" href=\"https:\/\/www.ufsm.br\/midias\/experimental\/noroeste-em-pauta\/todas-as-edicoes\">\n\t\t\t\t\t\t<span class=\"elementor-button-content-wrapper\">\n\t\t\t\t\t\t\t\t\t<span class=\"elementor-button-text\">Veja mais<\/span>\n\t\t\t\t\t<\/span>\n\t\t\t\t\t<\/a>\n\t\t\t\t<\/div>\n\t\t\t\t\t\t<\/div>\n\t\t\t\t<\/div>\n\t\t\t\t\t<\/div>\n\t\t<\/div>\n\t\t\t\t\t<\/div>\n\t\t<\/section>\n\t\t\t\t<\/div>\n\t\t","protected":false},"excerpt":{"rendered":"<p>Veja mais<\/p>\n","protected":false},"author":8354,"featured_media":0,"parent":0,"menu_order":0,"comment_status":"closed","ping_status":"closed","template":"","meta":{"footnotes":""},"categories":[],"tags":[],"class_list":["post-26","page","type-page","status-publish","hentry"],"acf":[],"_links":{"self":[{"href":"https:\/\/www.ufsm.br\/midias\/experimental\/noroeste-em-pauta\/wp-json\/wp\/v2\/pages\/26","targetHints":{"allow":["GET"]}}],"collection":[{"href":"https:\/\/www.ufsm.br\/midias\/experimental\/noroeste-em-pauta\/wp-json\/wp\/v2\/pages"}],"about":[{"href":"https:\/\/www.ufsm.br\/midias\/experimental\/noroeste-em-pauta\/wp-json\/wp\/v2\/types\/page"}],"author":[{"embeddable":true,"href":"https:\/\/www.ufsm.br\/midias\/experimental\/noroeste-em-pauta\/wp-json\/wp\/v2\/users\/8354"}],"replies":[{"embeddable":true,"href":"https:\/\/www.ufsm.br\/midias\/experimental\/noroeste-em-pauta\/wp-json\/wp\/v2\/comments?post=26"}],"version-history":[{"count":0,"href":"https:\/\/www.ufsm.br\/midias\/experimental\/noroeste-em-pauta\/wp-json\/wp\/v2\/pages\/26\/revisions"}],"wp:attachment":[{"href":"https:\/\/www.ufsm.br\/midias\/experimental\/noroeste-em-pauta\/wp-json\/wp\/v2\/media?parent=26"}],"wp:term":[{"taxonomy":"category","embeddable":true,"href":"https:\/\/www.ufsm.br\/midias\/experimental\/noroeste-em-pauta\/wp-json\/wp\/v2\/categories?post=26"},{"taxonomy":"post_tag","embeddable":true,"href":"https:\/\/www.ufsm.br\/midias\/experimental\/noroeste-em-pauta\/wp-json\/wp\/v2\/tags?post=26"}],"curies":[{"name":"wp","href":"https:\/\/api.w.org\/{rel}","templated":true}]}}