{"id":93,"date":"2024-12-21T04:50:14","date_gmt":"2024-12-21T07:50:14","guid":{"rendered":"https:\/\/www.ufsm.br\/midias\/experimental\/noroeste-em-pauta\/?page_id=93"},"modified":"2024-12-21T13:44:21","modified_gmt":"2024-12-21T16:44:21","slug":"historias-da-regiao-noroeste-do-rio-grande-do-sul","status":"publish","type":"page","link":"https:\/\/www.ufsm.br\/midias\/experimental\/noroeste-em-pauta\/historias-da-regiao-noroeste-do-rio-grande-do-sul","title":{"rendered":"Editorial | Hist\u00f3rias da regi\u00e3o noroeste do Rio Grande do Sul"},"content":{"rendered":"<p style=\"text-align: justify\">Esta \u00e9 a <strong>segunda edi\u00e7\u00e3o<\/strong> do jornal Noroeste em Pauta. Ele \u00e9 um jornal de periodicidade anual que desenvolve pautas relacionadas \u00e0 regi\u00e3o noroeste do Rio Grande do Sul. Todo o jornal \u00e9 produzido por estudantes do curso de Jornalismo da Universidade Federal de Santa Maria (UFSM) do campus de Frederico Westphalen (FW), nas disciplinas de Reda\u00e7\u00e3o Jornal\u00edstica 2 e Laborat\u00f3rio de Produ\u00e7\u00e3o Editorial. <\/p>\n<p style=\"text-align: justify\">Por fazer parte de uma pr\u00e1tica de ensino-aprendizagem, o chamamos de \u201cjornal-laborat\u00f3rio\u201d. Com ele, os alunos d\u00e3o seus primeiros passos na pr\u00e1tica jornal\u00edstica. De setembro a dezembro de 2024, tivemos 26 alunos do curso de Jornalismo trabalhando no jornal, 16 deles elaborando as reportagens e dez na produ\u00e7\u00e3o gr\u00e1fica. S\u00e3o, na maioria, alunos de segundo e quarto semestres; jovens com 19 anos, em m\u00e9dia.<\/p>\n<p style=\"text-align: justify\">Agradecemos enormemente \u00e0queles que compartilharam seu tempo concedendo entrevistas e repassando informa\u00e7\u00f5es. Esperamos que os moradores de Frederico Westphalen e do noroeste do RS se reconhe\u00e7am nessas p\u00e1ginas. Tamb\u00e9m esperamos que os leitores de longe, como s\u00e3o os familiares de muitos dos nossos rep\u00f3rteres, se (re)aproximem da regi\u00e3o, a partir da leitura dessas nove reportagens.<\/p>\n<p style=\"text-align: justify\"><em>Profa. Andr\u00e9a Franci\u00e9le Weber<\/em><br \/><em>Reda\u00e7\u00e3o Jornal\u00edstica II<\/em><br \/><em>2024.2<\/em><\/p>\n<p style=\"text-align: justify\"><a href=\"https:\/\/www.ufsm.br\/midias\/experimental\/noroeste-em-pauta\/reportagens\" target=\"_blank\" rel=\"noopener\"><strong>Leia as reportagens<\/strong><\/a><\/p>\n<p style=\"text-align: justify\"><a href=\"https:\/\/www.ufsm.br\/midias\/experimental\/noroeste-em-pauta\/todas-as-edicoes\" target=\"_blank\" rel=\"noopener\"><strong>Veja a edi\u00e7\u00e3o completa em PDF<\/strong><\/a><\/p>\n<p style=\"text-align: justify\"><a href=\"https:\/\/www.ufsm.br\/midias\/experimental\/noroeste-em-pauta\/expediente\" target=\"_blank\" rel=\"noopener\"><strong>Expediente da edi\u00e7\u00e3o 2<\/strong><\/a><\/p>\n","protected":false},"excerpt":{"rendered":"<p>Esta \u00e9 a segunda edi\u00e7\u00e3o do jornal Noroeste em Pauta. Ele \u00e9 um jornal de periodicidade anual que desenvolve pautas relacionadas \u00e0 regi\u00e3o noroeste do Rio Grande do Sul. Todo o jornal \u00e9 produzido por estudantes do curso de Jornalismo da Universidade Federal de Santa Maria (UFSM) do campus de Frederico Westphalen (FW), nas disciplinas [&hellip;]<\/p>\n","protected":false},"author":8354,"featured_media":0,"parent":0,"menu_order":0,"comment_status":"closed","ping_status":"closed","template":"","meta":{"footnotes":""},"categories":[],"tags":[],"class_list":["post-93","page","type-page","status-publish","hentry"],"acf":[],"_links":{"self":[{"href":"https:\/\/www.ufsm.br\/midias\/experimental\/noroeste-em-pauta\/wp-json\/wp\/v2\/pages\/93","targetHints":{"allow":["GET"]}}],"collection":[{"href":"https:\/\/www.ufsm.br\/midias\/experimental\/noroeste-em-pauta\/wp-json\/wp\/v2\/pages"}],"about":[{"href":"https:\/\/www.ufsm.br\/midias\/experimental\/noroeste-em-pauta\/wp-json\/wp\/v2\/types\/page"}],"author":[{"embeddable":true,"href":"https:\/\/www.ufsm.br\/midias\/experimental\/noroeste-em-pauta\/wp-json\/wp\/v2\/users\/8354"}],"replies":[{"embeddable":true,"href":"https:\/\/www.ufsm.br\/midias\/experimental\/noroeste-em-pauta\/wp-json\/wp\/v2\/comments?post=93"}],"version-history":[{"count":0,"href":"https:\/\/www.ufsm.br\/midias\/experimental\/noroeste-em-pauta\/wp-json\/wp\/v2\/pages\/93\/revisions"}],"wp:attachment":[{"href":"https:\/\/www.ufsm.br\/midias\/experimental\/noroeste-em-pauta\/wp-json\/wp\/v2\/media?parent=93"}],"wp:term":[{"taxonomy":"category","embeddable":true,"href":"https:\/\/www.ufsm.br\/midias\/experimental\/noroeste-em-pauta\/wp-json\/wp\/v2\/categories?post=93"},{"taxonomy":"post_tag","embeddable":true,"href":"https:\/\/www.ufsm.br\/midias\/experimental\/noroeste-em-pauta\/wp-json\/wp\/v2\/tags?post=93"}],"curies":[{"name":"wp","href":"https:\/\/api.w.org\/{rel}","templated":true}]}}