{"id":324,"date":"2022-05-24T17:57:57","date_gmt":"2022-05-24T20:57:57","guid":{"rendered":"https:\/\/www.ufsm.br\/midias\/experimental\/revista-o-qi\/?page_id=324"},"modified":"2022-06-20T14:08:02","modified_gmt":"2022-06-20T17:08:02","slug":"conselho-editorial","status":"publish","type":"page","link":"https:\/\/www.ufsm.br\/midias\/experimental\/revista-o-qi\/conselho-editorial","title":{"rendered":"Conselho Editorial"},"content":{"rendered":"\t\t<div data-elementor-type=\"wp-page\" data-elementor-id=\"324\" class=\"elementor elementor-324\">\n\t\t\t\t\t\t<section class=\"elementor-section elementor-top-section elementor-element elementor-element-2824365 elementor-section-boxed elementor-section-height-default elementor-section-height-default\" data-id=\"2824365\" data-element_type=\"section\">\n\t\t\t\t\t\t<div class=\"elementor-container elementor-column-gap-default\">\n\t\t\t\t\t<div class=\"elementor-column elementor-col-100 elementor-top-column elementor-element elementor-element-f623cc8\" data-id=\"f623cc8\" data-element_type=\"column\">\n\t\t\t<div class=\"elementor-widget-wrap elementor-element-populated\">\n\t\t\t\t\t\t<div class=\"elementor-element elementor-element-a63b3af elementor-widget elementor-widget-text-editor\" data-id=\"a63b3af\" data-element_type=\"widget\" data-widget_type=\"text-editor.default\">\n\t\t\t\t<div class=\"elementor-widget-container\">\n\t\t\t\t\t\t\t<p style=\"color: #000000;font-size: 16px\"><span style=\"font-size: 16px;background-color: var(--bs-body-bg);text-align: var(--bs-body-text-align)\">Dr\u00aa. Ana Elisa Ribeiro &#8211; Centro Federal de Educa\u00e7\u00e3o Tecnol\u00f3gica, Minas Gerais<\/span><br><\/p>\n<p style=\"color: #000000;font-size: 16px\">Autor e Prof. Dr. Andre Zanki Cordenonsi &#8211; Universidade Federal de Santa Maria<\/p>\n<p style=\"color: #000000;font-size: 16px\">Camila Cabete &#8211; Editora e Colunista na Publishnews<\/p>\n<p style=\"color: #000000;font-size: 16px\">Fabio Brust &#8211; Me. em Design Editorial e freelancer pela Memento Design &amp; Criatividade<\/p>\n<p style=\"color: #000000;font-size: 16px\">Gabriela Irigoyen &#8211; Artista do livro<\/p>\n<p style=\"color: #000000;font-size: 16px\">Jean Silveira Rossi &#8211; Mdo &#8211; Universidade Federal de Santa Maria<\/p>\n<p style=\"color: #000000;font-size: 16px\">Prof. Dr. Leandro Stevens &#8211; Universidade Federal de Santa Maria<\/p>\n<p style=\"color: #000000;font-size: 16px\">Lielson Zeni &#8211; Editor da DarkSide Books, Mestre em Estudos Liter\u00e1rios (UFPR)<\/p>\n<p style=\"color: #000000;font-size: 16px\">M\u00e1rcio Souza Gon\u00e7alves &#8211; Dr. em Comunica\u00e7\u00e3o pela UFRJ e Prof. da Universidade do Estado do Rio de Janeiro<\/p>\n<p style=\"color: #000000;font-size: 16px\">Dra\u00aa Maria Jos\u00e9 Rosolino &#8211; Universidade Anhembi Morumbi<\/p>\n<p style=\"color: #000000;font-size: 16px\">Prof\u00aa. Dr\u00aa Mar\u00edlia de Araujo Barcellos &#8211; Universidade Federal de Santa Maria<\/p>\t\t\t\t\t\t<\/div>\n\t\t\t\t<\/div>\n\t\t\t\t\t<\/div>\n\t\t<\/div>\n\t\t\t\t\t<\/div>\n\t\t<\/section>\n\t\t\t\t<\/div>\n\t\t","protected":false},"excerpt":{"rendered":"<p>Dr\u00aa. Ana Elisa Ribeiro &#8211; Centro Federal de Educa\u00e7\u00e3o Tecnol\u00f3gica, Minas Gerais Autor e Prof. Dr. Andre Zanki Cordenonsi &#8211; Universidade Federal de Santa Maria Camila Cabete &#8211; Editora e Colunista na Publishnews Fabio Brust &#8211; Me. em Design Editorial e freelancer pela Memento Design &amp; Criatividade Gabriela Irigoyen &#8211; Artista do livro Jean Silveira [&hellip;]<\/p>\n","protected":false},"author":486,"featured_media":0,"parent":0,"menu_order":0,"comment_status":"closed","ping_status":"closed","template":"","meta":{"footnotes":""},"categories":[],"tags":[],"class_list":["post-324","page","type-page","status-publish","hentry"],"acf":[],"_links":{"self":[{"href":"https:\/\/www.ufsm.br\/midias\/experimental\/revista-o-qi\/wp-json\/wp\/v2\/pages\/324","targetHints":{"allow":["GET"]}}],"collection":[{"href":"https:\/\/www.ufsm.br\/midias\/experimental\/revista-o-qi\/wp-json\/wp\/v2\/pages"}],"about":[{"href":"https:\/\/www.ufsm.br\/midias\/experimental\/revista-o-qi\/wp-json\/wp\/v2\/types\/page"}],"author":[{"embeddable":true,"href":"https:\/\/www.ufsm.br\/midias\/experimental\/revista-o-qi\/wp-json\/wp\/v2\/users\/486"}],"replies":[{"embeddable":true,"href":"https:\/\/www.ufsm.br\/midias\/experimental\/revista-o-qi\/wp-json\/wp\/v2\/comments?post=324"}],"version-history":[{"count":0,"href":"https:\/\/www.ufsm.br\/midias\/experimental\/revista-o-qi\/wp-json\/wp\/v2\/pages\/324\/revisions"}],"wp:attachment":[{"href":"https:\/\/www.ufsm.br\/midias\/experimental\/revista-o-qi\/wp-json\/wp\/v2\/media?parent=324"}],"wp:term":[{"taxonomy":"category","embeddable":true,"href":"https:\/\/www.ufsm.br\/midias\/experimental\/revista-o-qi\/wp-json\/wp\/v2\/categories?post=324"},{"taxonomy":"post_tag","embeddable":true,"href":"https:\/\/www.ufsm.br\/midias\/experimental\/revista-o-qi\/wp-json\/wp\/v2\/tags?post=324"}],"curies":[{"name":"wp","href":"https:\/\/api.w.org\/{rel}","templated":true}]}}