{"id":47,"date":"2023-12-15T10:23:58","date_gmt":"2023-12-15T13:23:58","guid":{"rendered":"https:\/\/www.ufsm.br\/midias\/experimental\/revista-o-qi\/?page_id=47"},"modified":"2024-11-28T11:28:42","modified_gmt":"2024-11-28T14:28:42","slug":"edicao-atual","status":"publish","type":"page","link":"https:\/\/www.ufsm.br\/midias\/experimental\/revista-o-qi\/edicao-atual","title":{"rendered":"Edi\u00e7\u00e3o Atual"},"content":{"rendered":"\t\t<div data-elementor-type=\"wp-page\" data-elementor-id=\"47\" class=\"elementor elementor-47\">\n\t\t\t\t\t\t<section class=\"elementor-section elementor-top-section elementor-element elementor-element-dac0e7d elementor-section-boxed elementor-section-height-default elementor-section-height-default\" data-id=\"dac0e7d\" data-element_type=\"section\">\n\t\t\t\t\t\t<div class=\"elementor-container elementor-column-gap-default\">\n\t\t\t\t\t<div class=\"elementor-column elementor-col-100 elementor-top-column elementor-element elementor-element-809aab8\" data-id=\"809aab8\" data-element_type=\"column\">\n\t\t\t<div class=\"elementor-widget-wrap elementor-element-populated\">\n\t\t\t\t\t\t<div class=\"elementor-element elementor-element-58fa280 elementor-widget elementor-widget-heading\" data-id=\"58fa280\" data-element_type=\"widget\" data-widget_type=\"heading.default\">\n\t\t\t\t<div class=\"elementor-widget-container\">\n\t\t\t<h2 class=\"elementor-heading-title elementor-size-default\">Leia a 13\u00aa edi\u00e7\u00e3o da Revista O QI!<\/h2>\t\t<\/div>\n\t\t\t\t<\/div>\n\t\t\t\t\t<\/div>\n\t\t<\/div>\n\t\t\t\t\t<\/div>\n\t\t<\/section>\n\t\t\t\t<section class=\"elementor-section elementor-top-section elementor-element elementor-element-4b4c8c6 elementor-section-boxed elementor-section-height-default elementor-section-height-default\" data-id=\"4b4c8c6\" data-element_type=\"section\">\n\t\t\t\t\t\t<div class=\"elementor-container elementor-column-gap-default\">\n\t\t\t\t\t<div class=\"elementor-column elementor-col-100 elementor-top-column elementor-element elementor-element-3cbbd63\" data-id=\"3cbbd63\" data-element_type=\"column\">\n\t\t\t<div class=\"elementor-widget-wrap elementor-element-populated\">\n\t\t\t\t\t\t<div class=\"elementor-element elementor-element-3bb818f elementor-widget elementor-widget-image\" data-id=\"3bb818f\" data-element_type=\"widget\" data-widget_type=\"image.default\">\n\t\t\t\t<div class=\"elementor-widget-container\">\n\t\t\t\t\t\t\t\t\t\t\t\t\t\t<a href=\"https:\/\/www.ufsm.br\/app\/uploads\/sites\/830\/2024\/10\/O-QI-2024-Arquivo-Final-28_08-_compressed.pdf\">\n\t\t\t\t\t\t\t<img fetchpriority=\"high\" decoding=\"async\" width=\"624\" height=\"610\" src=\"https:\/\/www.ufsm.br\/app\/uploads\/sites\/830\/2024\/11\/Capa_Redes-Sociais-1.png\" class=\"attachment-medium_large size-medium_large wp-image-796\" alt=\"Card com fundo laranja, azul e rosa, contendo na borda inferior uma ilustra\u00e7\u00e3o de uma pessoa sentada em uma mesa com livros e m computador com um camale\u00e3o apoiado no canto direito. No centro, est\u00e1 a logo da revista \u201cO QI:&quot; em um degrad\u00ea das cores azul, amarelo, verde, rosa e laranja. Alinhado ao &quot;I&quot;, em cor branca est\u00e1 escrito \u201cv. 13, 2024\u201d e, abaixo, &quot;ISSN: 2316-5588&quot;. No canto esquerdo, est\u00e1 escrito em branco &quot;Revista Experimental do curso de Produ\u00e7\u00e3o Editorial\u201d e, no canto direito, &quot;Comunica\u00e7\u00e3o e Processos Criativos\" srcset=\"https:\/\/www.ufsm.br\/app\/uploads\/sites\/830\/2024\/11\/Capa_Redes-Sociais-1.png 624w, https:\/\/www.ufsm.br\/app\/uploads\/sites\/830\/2024\/11\/Capa_Redes-Sociais-1-300x293.png 300w, https:\/\/www.ufsm.br\/app\/uploads\/sites\/830\/2024\/11\/elementor\/thumbs\/Capa_Redes-Sociais-1-150x150.png 1241w\" sizes=\"(max-width: 624px) 100vw, 624px\" \/>\t\t\t\t\t\t\t\t<\/a>\n\t\t\t\t\t\t\t\t\t\t\t\t\t<\/div>\n\t\t\t\t<\/div>\n\t\t\t\t\t<\/div>\n\t\t<\/div>\n\t\t\t\t\t<\/div>\n\t\t<\/section>\n\t\t\t\t<section class=\"elementor-section elementor-top-section elementor-element elementor-element-58636a7 elementor-section-boxed elementor-section-height-default elementor-section-height-default\" data-id=\"58636a7\" data-element_type=\"section\">\n\t\t\t\t\t\t<div class=\"elementor-container elementor-column-gap-default\">\n\t\t\t\t\t<div class=\"elementor-column elementor-col-100 elementor-top-column elementor-element elementor-element-6a8b23f\" data-id=\"6a8b23f\" data-element_type=\"column\">\n\t\t\t<div class=\"elementor-widget-wrap elementor-element-populated\">\n\t\t\t\t\t\t<div class=\"elementor-element elementor-element-73054de elementor-align-center elementor-widget elementor-widget-button\" data-id=\"73054de\" data-element_type=\"widget\" data-widget_type=\"button.default\">\n\t\t\t\t<div class=\"elementor-widget-container\">\n\t\t\t\t\t\t\t<div class=\"elementor-button-wrapper\">\n\t\t\t\t\t<a class=\"elementor-button elementor-button-link elementor-size-sm\" href=\"https:\/\/www.ufsm.br\/app\/uploads\/sites\/830\/2024\/10\/O-QI-2024-Arquivo-Final-28_08-_compressed.pdf\" target=\"_blank\">\n\t\t\t\t\t\t<span class=\"elementor-button-content-wrapper\">\n\t\t\t\t\t\t<span class=\"elementor-button-icon\">\n\t\t\t\t<i aria-hidden=\"true\" class=\"fas fa-book-open\"><\/i>\t\t\t<\/span>\n\t\t\t\t\t\t\t\t\t<span class=\"elementor-button-text\">13\u00ba Edi\u00e7\u00e3o<\/span>\n\t\t\t\t\t<\/span>\n\t\t\t\t\t<\/a>\n\t\t\t\t<\/div>\n\t\t\t\t\t\t<\/div>\n\t\t\t\t<\/div>\n\t\t\t\t\t<\/div>\n\t\t<\/div>\n\t\t\t\t\t<\/div>\n\t\t<\/section>\n\t\t\t\t<section class=\"elementor-section elementor-top-section elementor-element elementor-element-ecc2b11 elementor-section-boxed elementor-section-height-default elementor-section-height-default\" data-id=\"ecc2b11\" data-element_type=\"section\">\n\t\t\t\t\t\t<div class=\"elementor-container elementor-column-gap-default\">\n\t\t\t\t\t<div class=\"elementor-column elementor-col-100 elementor-top-column elementor-element elementor-element-c6adcab\" data-id=\"c6adcab\" data-element_type=\"column\">\n\t\t\t<div class=\"elementor-widget-wrap elementor-element-populated\">\n\t\t\t\t\t\t<div class=\"elementor-element elementor-element-c109cfd elementor-widget__width-initial elementor-widget elementor-widget-text-editor\" data-id=\"c109cfd\" data-element_type=\"widget\" data-widget_type=\"text-editor.default\">\n\t\t\t\t<div class=\"elementor-widget-container\">\n\t\t\t\t\t\t\t<p>Neste ano, a <em>O QI \u2013 Revista Experimental do Curso de Produ\u00e7\u00e3o Editorial<\/em> apresenta o dossi\u00ea tem\u00e1tico <strong>\u201cComunica\u00e7\u00e3o e Processos Criativos&#8221;<\/strong>, que surge com a busca pela valoriza\u00e7\u00e3o do pensamento criativo, ressaltando a sua import\u00e2ncia e diversidade dentro da esfera profissional e acad\u00eamica.\u00a0<\/p><p dir=\"ltr\">Assim, a edi\u00e7\u00e3o ir\u00e1 explorar as modalidades textuais: artigo, resenha, ensaio, relato de produ\u00e7\u00e3o profissional, relato de experimenta\u00e7\u00e3o, editorial fotogr\u00e1fico, entrevista, resumo de monografia e ilustra\u00e7\u00e3o. Nas \u00e1reas de Letras, Desenho Industrial, Artes Visuais, Audiovisual, Design de Jogos.<\/p>\t\t\t\t\t\t<\/div>\n\t\t\t\t<\/div>\n\t\t\t\t\t<\/div>\n\t\t<\/div>\n\t\t\t\t\t<\/div>\n\t\t<\/section>\n\t\t\t\t<section class=\"elementor-section elementor-top-section elementor-element elementor-element-8cb2d16 elementor-section-boxed elementor-section-height-default elementor-section-height-default\" data-id=\"8cb2d16\" data-element_type=\"section\">\n\t\t\t\t\t\t<div class=\"elementor-container elementor-column-gap-default\">\n\t\t\t\t\t<div class=\"elementor-column elementor-col-100 elementor-top-column elementor-element elementor-element-391fd96\" data-id=\"391fd96\" data-element_type=\"column\">\n\t\t\t<div class=\"elementor-widget-wrap elementor-element-populated\">\n\t\t\t\t\t\t<div class=\"elementor-element elementor-element-822bca6 elementor-widget elementor-widget-text-editor\" data-id=\"822bca6\" data-element_type=\"widget\" data-widget_type=\"text-editor.default\">\n\t\t\t\t<div class=\"elementor-widget-container\">\n\t\t\t\t\t\t\t<p style=\"text-align: center\">Confira tamb\u00e9m as edi\u00e7\u00f5es anteriores!<\/p>\t\t\t\t\t\t<\/div>\n\t\t\t\t<\/div>\n\t\t\t\t\t<\/div>\n\t\t<\/div>\n\t\t\t\t\t<\/div>\n\t\t<\/section>\n\t\t\t\t<section class=\"elementor-section elementor-top-section elementor-element elementor-element-8cccc26 elementor-section-boxed elementor-section-height-default elementor-section-height-default\" data-id=\"8cccc26\" data-element_type=\"section\">\n\t\t\t\t\t\t<div class=\"elementor-container elementor-column-gap-default\">\n\t\t\t\t\t<div class=\"elementor-column elementor-col-100 elementor-top-column elementor-element elementor-element-bd11d76\" data-id=\"bd11d76\" data-element_type=\"column\">\n\t\t\t<div class=\"elementor-widget-wrap elementor-element-populated\">\n\t\t\t\t\t\t<div class=\"elementor-element elementor-element-9ab726d elementor-align-center elementor-widget elementor-widget-button\" data-id=\"9ab726d\" data-element_type=\"widget\" data-widget_type=\"button.default\">\n\t\t\t\t<div class=\"elementor-widget-container\">\n\t\t\t\t\t\t\t<div class=\"elementor-button-wrapper\">\n\t\t\t\t\t<a class=\"elementor-button elementor-button-link elementor-size-sm\" href=\"https:\/\/www.ufsm.br\/midias\/experimental\/revista-o-qi\/edicoes-anteriores\/\">\n\t\t\t\t\t\t<span class=\"elementor-button-content-wrapper\">\n\t\t\t\t\t\t\t\t\t<span class=\"elementor-button-text\">Edi\u00e7\u00f5es anteriores<\/span>\n\t\t\t\t\t<\/span>\n\t\t\t\t\t<\/a>\n\t\t\t\t<\/div>\n\t\t\t\t\t\t<\/div>\n\t\t\t\t<\/div>\n\t\t\t\t\t<\/div>\n\t\t<\/div>\n\t\t\t\t\t<\/div>\n\t\t<\/section>\n\t\t\t\t<\/div>\n\t\t","protected":false},"excerpt":{"rendered":"<p>Leia a 13\u00aa edi\u00e7\u00e3o da Revista O QI! 13\u00ba Edi\u00e7\u00e3o Neste ano, a O QI \u2013 Revista Experimental do Curso de Produ\u00e7\u00e3o Editorial apresenta o dossi\u00ea tem\u00e1tico \u201cComunica\u00e7\u00e3o e Processos Criativos&#8221;, que surge com a busca pela valoriza\u00e7\u00e3o do pensamento criativo, ressaltando a sua import\u00e2ncia e diversidade dentro da esfera profissional e acad\u00eamica.\u00a0 Assim, a [&hellip;]<\/p>\n","protected":false},"author":867,"featured_media":0,"parent":0,"menu_order":0,"comment_status":"closed","ping_status":"closed","template":"","meta":{"footnotes":""},"categories":[1],"tags":[],"class_list":["post-47","page","type-page","status-publish","hentry","category-sem-categoria"],"acf":[],"_links":{"self":[{"href":"https:\/\/www.ufsm.br\/midias\/experimental\/revista-o-qi\/wp-json\/wp\/v2\/pages\/47","targetHints":{"allow":["GET"]}}],"collection":[{"href":"https:\/\/www.ufsm.br\/midias\/experimental\/revista-o-qi\/wp-json\/wp\/v2\/pages"}],"about":[{"href":"https:\/\/www.ufsm.br\/midias\/experimental\/revista-o-qi\/wp-json\/wp\/v2\/types\/page"}],"author":[{"embeddable":true,"href":"https:\/\/www.ufsm.br\/midias\/experimental\/revista-o-qi\/wp-json\/wp\/v2\/users\/867"}],"replies":[{"embeddable":true,"href":"https:\/\/www.ufsm.br\/midias\/experimental\/revista-o-qi\/wp-json\/wp\/v2\/comments?post=47"}],"version-history":[{"count":0,"href":"https:\/\/www.ufsm.br\/midias\/experimental\/revista-o-qi\/wp-json\/wp\/v2\/pages\/47\/revisions"}],"wp:attachment":[{"href":"https:\/\/www.ufsm.br\/midias\/experimental\/revista-o-qi\/wp-json\/wp\/v2\/media?parent=47"}],"wp:term":[{"taxonomy":"category","embeddable":true,"href":"https:\/\/www.ufsm.br\/midias\/experimental\/revista-o-qi\/wp-json\/wp\/v2\/categories?post=47"},{"taxonomy":"post_tag","embeddable":true,"href":"https:\/\/www.ufsm.br\/midias\/experimental\/revista-o-qi\/wp-json\/wp\/v2\/tags?post=47"}],"curies":[{"name":"wp","href":"https:\/\/api.w.org\/{rel}","templated":true}]}}