{"id":659,"date":"2023-05-02T10:50:56","date_gmt":"2023-05-02T13:50:56","guid":{"rendered":"https:\/\/www.ufsm.br\/midias\/experimental\/revista-o-qi\/?page_id=659"},"modified":"2023-05-02T10:50:57","modified_gmt":"2023-05-02T13:50:57","slug":"politicas-editoriais","status":"publish","type":"page","link":"https:\/\/www.ufsm.br\/midias\/experimental\/revista-o-qi\/politicas-editoriais","title":{"rendered":"Pol\u00edticas Editoriais"},"content":{"rendered":"\n<h2><b>\u00c9tica e Boas Pr\u00e1ticas de Publica\u00e7\u00e3o<\/b><\/h2>\n<p><span style=\"font-weight: 400\">A \u00e9tica e as boas pr\u00e1ticas de pesquisa e publica\u00e7\u00e3o s\u00e3o preocupa\u00e7\u00f5es focais da <\/span><i><span style=\"font-weight: 400\">O QI Revista Experimental do Curso de Produ\u00e7\u00e3o Editorial<\/span><\/i><span style=\"font-weight: 400\">. Dessa forma, este documento, baseado em declara\u00e7\u00f5es de \u00e9tica de demais peri\u00f3dicos da UFSM e o <\/span><a href=\"https:\/\/publicationethics.org\/files\/u7141\/1999pdf13.pdf\"><span style=\"font-weight: 400\">COPE<\/span><\/a><span style=\"font-weight: 400\"> (Comit\u00ea em Publica\u00e7\u00f5es \u00c9ticas), define os par\u00e2metros \u00e9ticos para todos os agentes envolvidos no processo de publica\u00e7\u00e3o. Como a <\/span><i><span style=\"font-weight: 400\">O QI <\/span><\/i><span style=\"font-weight: 400\">\u00e9 produzida na disciplina de Projeto Experimental em Revista Cient\u00edfica, as atribui\u00e7\u00f5es s\u00e3o feitas a equipes editoriais dos alunos matriculados.<\/span><\/p>\n<p><span style=\"font-weight: 400\">A Editora chefe em conjunto com a equipe de gest\u00e3o editorial \u00e9 respons\u00e1vel por:<\/span><\/p>\n<ul>\n<li style=\"font-weight: 400\"><span style=\"font-weight: 400\">Avaliar medidas a serem tomadas em casos de suspeita de m\u00e1s pr\u00e1ticas;<\/span><\/li>\n<li style=\"font-weight: 400\"><span style=\"font-weight: 400\">Selecionar editores de se\u00e7\u00e3o qualificados;<\/span><\/li>\n<li style=\"font-weight: 400\"><span style=\"font-weight: 400\">Planejar e organizar as edi\u00e7\u00f5es;<\/span><\/li>\n<li style=\"font-weight: 400\"><span style=\"font-weight: 400\">Organizar demandas e equipe editorial;<\/span><\/li>\n<li style=\"font-weight: 400\"><span style=\"font-weight: 400\">Convidar pessoal qualificado para os diversos pap\u00e9is da revista;<\/span><\/li>\n<li style=\"font-weight: 400\"><span style=\"font-weight: 400\">Promover o desenvolvimento e a qualifica\u00e7\u00e3o\u00a0 da revista;<\/span><\/li>\n<li style=\"font-weight: 400\"><span style=\"font-weight: 400\">Garantir a qualidade editorial das edi\u00e7\u00f5es;<\/span><\/li>\n<li style=\"font-weight: 400\"><span style=\"font-weight: 400\">Garantir o cumprimento das Pol\u00edticas adotadas pela revista;<\/span><\/li>\n<li style=\"font-weight: 400\"><span style=\"font-weight: 400\">Atualizar as Pol\u00edticas e os documentos sempre que necess\u00e1rio;<\/span><\/li>\n<li style=\"font-weight: 400\"><span style=\"font-weight: 400\">Assegurar o atendimento de propostas institucionais;<\/span><\/li>\n<li style=\"font-weight: 400\"><span style=\"font-weight: 400\">Analisar os manuscritos submetidos, aprovando aqueles que correspondem ao escopo do peri\u00f3dico, de acordo com as diretrizes estabelecidas e os aspectos legais, como difama\u00e7\u00e3o, viola\u00e7\u00e3o de direitos autorais e pl\u00e1gio;<\/span><\/li>\n<li style=\"font-weight: 400\"><span style=\"font-weight: 400\">Instruir autores\/as e avaliadores\/as sobre o fluxo editorial e o processo de avalia\u00e7\u00e3o por pares;<\/span><\/li>\n<li style=\"font-weight: 400\"><span style=\"font-weight: 400\">Garantir que o processo de revis\u00e3o pelos pares seja an\u00f4nimo, justo e imparcial, assegurando que as informa\u00e7\u00f5es permane\u00e7am confidenciais;<\/span><\/li>\n<li style=\"font-weight: 400\"><span style=\"font-weight: 400\">Garantir a anonimidade dos\/as autores\/as e avaliadores\/as envolvidos\/as no processo de avalia\u00e7\u00e3o;<\/span><\/li>\n<li style=\"font-weight: 400\"><span style=\"font-weight: 400\">Realizar a adequada sele\u00e7\u00e3o de avaliadores\/as;<\/span><\/li>\n<li style=\"font-weight: 400\"><span style=\"font-weight: 400\">Organizar a rela\u00e7\u00e3o dos\/as avaliadores\/as e manter seus dados atualizados;<\/span><\/li>\n<li style=\"font-weight: 400\"><span style=\"font-weight: 400\">Responder a questionamentos relacionados a um artigo publicado referentes a possibilidade de m\u00e1 conduta editorial, seguindo as orienta\u00e7\u00f5es do COPE.<\/span><\/li>\n<\/ul>\n<p><span style=\"font-weight: 400\">\u00a0Editores\/as e membros do Conselho Editorial s\u00e3o respons\u00e1veis por:<\/span><\/p>\n<ul>\n<li style=\"font-weight: 400\"><span style=\"font-weight: 400\">Assegurar que dados, argumentos ou interpreta\u00e7\u00f5es n\u00e3o sejam utilizados em pesquisas e publica\u00e7\u00f5es realizadas por editores\/as ou membros do Conselho Editorial sem a autoriza\u00e7\u00e3o dos\/as autores\/as;<\/span><\/li>\n<li style=\"font-weight: 400\"><span style=\"font-weight: 400\">Publicar, quando necess\u00e1rio, corre\u00e7\u00f5es, esclarecimentos, retrata\u00e7\u00f5es e pedidos de desculpas;<\/span><\/li>\n<li style=\"font-weight: 400\"><span style=\"font-weight: 400\">Assegurar a autonomia e a independ\u00eancia das decis\u00f5es editoriais;<\/span><\/li>\n<li style=\"font-weight: 400\"><span style=\"font-weight: 400\">Proteger a propriedade intelectual e os direitos autorais;<\/span><\/li>\n<li style=\"font-weight: 400\"><span style=\"font-weight: 400\">Garantir a manuten\u00e7\u00e3o de boas pr\u00e1ticas editoriais.<\/span><\/li>\n<\/ul>\n<p><span style=\"font-weight: 400\">Avaliadores\/as membros do Conselho Editorial ou do corpo de Pareceristas <\/span><i><span style=\"font-weight: 400\">ad hoc<\/span><\/i><span style=\"font-weight: 400\"> s\u00e3o respons\u00e1veis por:<\/span><\/p>\n<ul>\n<li style=\"font-weight: 400\"><span style=\"font-weight: 400\">Notificar editores\/as da sua disponibilidade para avaliar artigos;<\/span><\/li>\n<li style=\"font-weight: 400\"><span style=\"font-weight: 400\">Recusar o convite para avalia\u00e7\u00e3o sempre que n\u00e3o se sentirem qualificados devido:<\/span><\/li>\n<\/ul>\n<ol>\n<li style=\"font-weight: 400\"><span style=\"font-weight: 400\">ao tema abordado;<\/span><\/li>\n<li style=\"font-weight: 400\"><span style=\"font-weight: 400\">a identifica\u00e7\u00e3o de aspectos que o levem a reconhecer a autoria do manuscrito;<\/span><\/li>\n<li style=\"font-weight: 400\"><span style=\"font-weight: 400\">a exist\u00eancia de conflitos de interesse;<\/span><\/li>\n<li style=\"font-weight: 400\"><span style=\"font-weight: 400\">a impossibilidade de cumprir prazos.<\/span><\/li>\n<\/ol>\n<ul>\n<li style=\"font-weight: 400\"><span style=\"font-weight: 400\">Comunicar confidencialmente aos\/as editores\/as sobre a identifica\u00e7\u00e3o de m\u00e1s pr\u00e1ticas cient\u00edficas, viola\u00e7\u00e3o de direitos autorais e\/ou pr\u00e1ticas de pl\u00e1gio;<\/span><\/li>\n<li style=\"font-weight: 400\"><span style=\"font-weight: 400\">Oferecer relat\u00f3rios precisos, corteses, imparciais e justific\u00e1veis o mais r\u00e1pido poss\u00edvel.<\/span><\/li>\n<\/ul>\n<p><span style=\"font-weight: 400\">Autores\/as s\u00e3o respons\u00e1veis por:<\/span><\/p>\n<ul>\n<li style=\"font-weight: 400\"><span style=\"font-weight: 400\">Conhecer o foco e o escopo do peri\u00f3dico, assim como as diretrizes para a submiss\u00e3o;<\/span><\/li>\n<li style=\"font-weight: 400\"><span style=\"font-weight: 400\">Conhecer e utilizar corretamente os <\/span><i><span style=\"font-weight: 400\">templates<\/span><\/i><span style=\"font-weight: 400\"> da revista;<\/span><\/li>\n<li style=\"font-weight: 400\"><span style=\"font-weight: 400\">Elaborar um manuscrito com base em boas pr\u00e1ticas cient\u00edficas, abordando e problematizando coerentemente os dados devidamente coletados e interpretados, apresentando sua contribui\u00e7\u00e3o para a \u00e1rea do conhecimento correspondente;<\/span><\/li>\n<li style=\"font-weight: 400\"><span style=\"font-weight: 400\">Fornecer corretamente os metadados;<\/span><\/li>\n<li style=\"font-weight: 400\"><span style=\"font-weight: 400\">Assegurar que haja um consenso completo de todas as\u00a0 pessoas coautoras em aprovar a vers\u00e3o final do documento e sua submiss\u00e3o para publica\u00e7\u00e3o;<\/span><\/li>\n<li style=\"font-weight: 400\"><span style=\"font-weight: 400\">Garantir que o manuscrito submetido seja original e in\u00e9dito;<\/span><\/li>\n<li style=\"font-weight: 400\"><span style=\"font-weight: 400\">N\u00e3o submeter o mesmo manuscrito simultaneamente em outro peri\u00f3dico;<\/span><\/li>\n<li style=\"font-weight: 400\"><span style=\"font-weight: 400\">Atentar para as normas do Comit\u00ea de \u00c9tica em Pesquisa da institui\u00e7\u00e3o a qual se vincula a pesquisa retratada no artigo, quando se tratar do envolvimento de seres humanos;<\/span><\/li>\n<li style=\"font-weight: 400\"><span style=\"font-weight: 400\">Assegurar que n\u00e3o existam trechos que configuram pl\u00e1gio;<\/span><\/li>\n<li style=\"font-weight: 400\"><span style=\"font-weight: 400\">Dar o devido cr\u00e9dito \u00e0s fontes de cita\u00e7\u00f5es diretas e indiretas, seja conte\u00fado textual ou ilustrativo;<\/span><\/li>\n<li style=\"font-weight: 400\"><span style=\"font-weight: 400\">Atribuir autoria a quem contribuiu significativamente para a concep\u00e7\u00e3o e desenvolvimento do trabalho, indicando a contribui\u00e7\u00e3o individual de cada participante por meio da taxonomia <\/span><a href=\"https:\/\/credit.niso.org\/\"><span style=\"font-weight: 400\">CrediT<\/span><\/a><span style=\"font-weight: 400\">;<\/span><\/li>\n<li style=\"font-weight: 400\"><span style=\"font-weight: 400\">Manter a cordialidade na comunica\u00e7\u00e3o com editores\/as e membros da equipe t\u00e9cnica.<\/span><\/li>\n<\/ul>\n<p><span style=\"font-weight: 400\">A equipe t\u00e9cnica \u00e9 respons\u00e1vel por:<\/span><\/p>\n<ul>\n<li style=\"font-weight: 400\"><span style=\"font-weight: 400\">Fornecer suporte aos\/as editores\/as, avaliadores\/as e autores\/as;<\/span><\/li>\n<li style=\"font-weight: 400\"><span style=\"font-weight: 400\">Realizar trabalho competente, eficiente e \u00e1gil;<\/span><\/li>\n<li style=\"font-weight: 400\"><span style=\"font-weight: 400\">Manter a cordialidade e a profissionalidade na comunica\u00e7\u00e3o com autores\/as;<\/span><\/li>\n<li style=\"font-weight: 400\"><span style=\"font-weight: 400\">Desenvolver os processos editoriais das revistas;<\/span><\/li>\n<li style=\"font-weight: 400\"><span style=\"font-weight: 400\">Manter os dados de todos os usu\u00e1rios confidenciais, comprometendo-se a n\u00e3o utiliz\u00e1-los para nenhum meio comercial ou disponibiliz\u00e1-los a terceiros;<\/span><\/li>\n<li style=\"font-weight: 400\"><span style=\"font-weight: 400\">Configurar o site da revista;<\/span><\/li>\n<li style=\"font-weight: 400\"><span style=\"font-weight: 400\">Verificar os metadados;<\/span><\/li>\n<li style=\"font-weight: 400\"><span style=\"font-weight: 400\">Respeitar as demais Pol\u00edticas de \u00c9tica e Boas Pr\u00e1ticas e Privacidade.<\/span><\/li>\n<\/ul>\n<p><span style=\"font-weight: 400\">A Publicadora (UFSM) \u00e9 respons\u00e1vel por:<\/span><\/p>\n<ul>\n<li style=\"font-weight: 400\"><span style=\"font-weight: 400\">Fornecer apoio financeiro e infraestrutura ao curso de Produ\u00e7\u00e3o Editorial;<\/span><\/li>\n<li style=\"font-weight: 400\"><span style=\"font-weight: 400\">Propor e requerer solu\u00e7\u00f5es ao curso;<\/span><\/li>\n<li style=\"font-weight: 400\"><span style=\"font-weight: 400\">Promover institucional e externamente os cursos de gradua\u00e7\u00e3o.<\/span><\/li>\n<\/ul>\n<p><span style=\"font-weight: 400\">\u00a0<\/span><\/p>\n<p><span style=\"font-weight: 400\">Fonte: <\/span><a href=\"https:\/\/periodicos.ufsm.br\/cienciaenatura\/etica\"><span style=\"font-weight: 400\">https:\/\/periodicos.ufsm.br\/cienciaenatura\/etica<\/span><\/a><span style=\"font-weight: 400\">. <\/span><\/p>\n","protected":false},"excerpt":{"rendered":"<p>\u00c9tica e Boas Pr\u00e1ticas de Publica\u00e7\u00e3o A \u00e9tica e as boas pr\u00e1ticas de pesquisa e publica\u00e7\u00e3o s\u00e3o preocupa\u00e7\u00f5es focais da O QI Revista Experimental do Curso de Produ\u00e7\u00e3o Editorial. Dessa forma, este documento, baseado em declara\u00e7\u00f5es de \u00e9tica de demais peri\u00f3dicos da UFSM e o COPE (Comit\u00ea em Publica\u00e7\u00f5es \u00c9ticas), define os par\u00e2metros \u00e9ticos para [&hellip;]<\/p>\n","protected":false},"author":6808,"featured_media":0,"parent":0,"menu_order":0,"comment_status":"closed","ping_status":"closed","template":"","meta":{"footnotes":""},"categories":[],"tags":[],"class_list":["post-659","page","type-page","status-publish","hentry"],"acf":[],"_links":{"self":[{"href":"https:\/\/www.ufsm.br\/midias\/experimental\/revista-o-qi\/wp-json\/wp\/v2\/pages\/659","targetHints":{"allow":["GET"]}}],"collection":[{"href":"https:\/\/www.ufsm.br\/midias\/experimental\/revista-o-qi\/wp-json\/wp\/v2\/pages"}],"about":[{"href":"https:\/\/www.ufsm.br\/midias\/experimental\/revista-o-qi\/wp-json\/wp\/v2\/types\/page"}],"author":[{"embeddable":true,"href":"https:\/\/www.ufsm.br\/midias\/experimental\/revista-o-qi\/wp-json\/wp\/v2\/users\/6808"}],"replies":[{"embeddable":true,"href":"https:\/\/www.ufsm.br\/midias\/experimental\/revista-o-qi\/wp-json\/wp\/v2\/comments?post=659"}],"version-history":[{"count":0,"href":"https:\/\/www.ufsm.br\/midias\/experimental\/revista-o-qi\/wp-json\/wp\/v2\/pages\/659\/revisions"}],"wp:attachment":[{"href":"https:\/\/www.ufsm.br\/midias\/experimental\/revista-o-qi\/wp-json\/wp\/v2\/media?parent=659"}],"wp:term":[{"taxonomy":"category","embeddable":true,"href":"https:\/\/www.ufsm.br\/midias\/experimental\/revista-o-qi\/wp-json\/wp\/v2\/categories?post=659"},{"taxonomy":"post_tag","embeddable":true,"href":"https:\/\/www.ufsm.br\/midias\/experimental\/revista-o-qi\/wp-json\/wp\/v2\/tags?post=659"}],"curies":[{"name":"wp","href":"https:\/\/api.w.org\/{rel}","templated":true}]}}