{"id":13,"date":"2010-10-03T17:06:57","date_gmt":"2010-10-03T20:06:57","guid":{"rendered":"http:\/\/w3.ufsm.br\/revistatxt\/?page_id=13"},"modified":"2020-07-06T23:13:15","modified_gmt":"2020-07-07T02:13:15","slug":"a-revista","status":"publish","type":"page","link":"https:\/\/www.ufsm.br\/midias\/experimental\/revistatxt\/a-revista","title":{"rendered":"A Revista"},"content":{"rendered":"<p>\u00a0<\/p>\n<p>Neste ano de 2020, a revista\u00a0<strong>.TXT<\/strong>\u00a0completa 25 edi\u00e7\u00f5es. Bodas de prata comemoradas de casa, nessa edi\u00e7\u00e3o especial e hist\u00f3rica, visto que todos e todas que participaram dessa produ\u00e7\u00e3o est\u00e3o trabalhando de seus lares. Foram muitos desafios enfrentados durante esse semestre de atividades n\u00e3o presenciais em fun\u00e7\u00e3o de uma pandemia que atinge o mundo desde o final de 2019. Conseguimos produzir uma edi\u00e7\u00e3o especial com limita\u00e7\u00f5es diante da impossibilidade de estarmos juntos no Laborat\u00f3rio de Editora\u00e7\u00e3o e na Sala de Reda\u00e7\u00e3o do pr\u00e9dio 21. Entretanto, aprendemos muito: a dar e assistir aulas por lives, a participar das atividades em v\u00e1rios cantos da casa em diferentes cidades, a elaborar uma entrevista e execut\u00e1-la \u00e0 dist\u00e2ncia, a escrever compartilhando telas pelo Google Meet e Docs, a superar problemas t\u00e9cnicos para tentarmos permanecer juntos, entre outros. Fizemos tudo isso por entendermos que nesse momento \u00e9 preciso valorizar nossas vidas e das outras pessoas. Esperamos que gostem da leitura desse n\u00famero especial.<\/p>\n<p><strong>Um pouco sobre a hist\u00f3ria da revista<\/strong><\/p>\n<p>Criada no final de 2007 e produzida por acad\u00eamicos do 3\u00ba semestre do curso de Jornalismo, a revista \u00e9 parte importante da forma\u00e7\u00e3o jornal\u00edstica dos alunos. A revista foi criada pelo ent\u00e3o professor titular da \u00e1rea de jornalismo impresso do Departamento de Ci\u00eancias da Comunica\u00e7\u00e3o (DCC), Jorge Castegnaro, que coordenou as sete primeiras edi\u00e7\u00f5es (do segundo semestre de 2007 at\u00e9 o primeiro per\u00edodo de 2009). J\u00e1 a professora substituta Mar\u00edlia Denardim Bud\u00f3 foi respons\u00e1vel por quatro edi\u00e7\u00f5es (do segundo semestre de 2009 at\u00e9 o primeiro per\u00edodo de 2010).\u00a0Desde que assumiu a vaga docente da \u00e1rea de jornalismo impresso do Departamento, em agosto de 2010, a professora Viviane Borelli coordena as edi\u00e7\u00f5es da\u00a0<strong>.TXT<\/strong><\/p>\n<p>O leque de temas que a revista aborda busca atingir desde alunos de gradua\u00e7\u00e3o, docentes, t\u00e9cnico-administrativos at\u00e9 a comunidade que utiliza a infraestrutura universit\u00e1ria. Entre os temas que foram capa da revista desde sua funda\u00e7\u00e3o, destaca-se: a ditadura na UFSM; animais abandonados pelo campus ou utilizados para pesquisa; movimento estudantil; luta dos t\u00e9cnico-administrativos e docentes; inclus\u00e3o; ru\u00eddos no campus; expans\u00e3o para outros campi; mobilidade; acessibilidade; mudan\u00e7as na forma de ingresso; estrutura das casas dos estudantes; o funcionamento do Restaurante Universit\u00e1rio; diferentes projetos que mostram a import\u00e2ncia da rela\u00e7\u00e3o da UFSM com a comunidade.<\/p>\n<p>Ao falar sobre o cotidiano, fatos pol\u00eamicos, problemas e benef\u00edcios do mundo universit\u00e1rio, a revista laboratorial produzida pelo terceiro semestre mostra distintas abordagens da Universidade. Mais do que cursar uma disciplina, a experi\u00eancia no processo produtivo da revista \u2013 que vai da pauta, passa pela apura\u00e7\u00e3o, coleta de informa\u00e7\u00f5es, reda\u00e7\u00e3o, revis\u00e3o, edi\u00e7\u00e3o e termina com a diagrama\u00e7\u00e3o \u2013 \u00e9 fundamental para humanizar a viv\u00eancia dos acad\u00eamicos.<\/p>\n<p>Mantendo-se a hist\u00f3ria da revista e seu princ\u00edpio experimental, a revista foca-se na aprendizagem jornal\u00edstica e se constitui numa forma de inser\u00e7\u00e3o maior na Universidade Federal de Santa Maria por parte dos alunos. Produzir a revista \u00e9 uma forma n\u00e3o s\u00f3 de se localizarem onde estudam, mas tamb\u00e9m de oportunizar um espa\u00e7o \u00e0s produ\u00e7\u00f5es existentes na Universidade.<\/p>\n<p>\u00a0<\/p>\n<p>Viviane Borelli<\/p>\n\n\n<figure class=\"wp-block-gallery columns-3 is-cropped wp-block-gallery-1 is-layout-flex wp-block-gallery-is-layout-flex\"><ul class=\"blocks-gallery-grid\"><li class=\"blocks-gallery-item\"><figure><img fetchpriority=\"high\" decoding=\"async\" width=\"966\" height=\"900\" src=\"https:\/\/www.ufsm.br\/midias\/experimental\/revistatxt\/wp-content\/uploads\/sites\/714\/2019\/07\/DSC06590.jpg\" alt=\"\" data-id=\"2945\" data-link=\"https:\/\/www.ufsm.br\/midias\/experimental\/revistatxt\/dsc06590\/\" class=\"wp-image-2945\" srcset=\"https:\/\/www.ufsm.br\/app\/uploads\/sites\/714\/2019\/07\/DSC06590.jpg 966w, https:\/\/www.ufsm.br\/app\/uploads\/sites\/714\/2019\/07\/DSC06590-300x280.jpg 300w, https:\/\/www.ufsm.br\/app\/uploads\/sites\/714\/2019\/07\/DSC06590-768x716.jpg 768w\" sizes=\"(max-width: 966px) 100vw, 966px\" \/><\/figure><\/li><li class=\"blocks-gallery-item\"><figure><img decoding=\"async\" width=\"643\" height=\"900\" src=\"https:\/\/www.ufsm.br\/midias\/experimental\/revistatxt\/wp-content\/uploads\/sites\/714\/2019\/07\/DSC06549.jpg\" alt=\"\" data-id=\"2931\" data-link=\"https:\/\/www.ufsm.br\/midias\/experimental\/revistatxt\/dsc06549\/\" class=\"wp-image-2931\" srcset=\"https:\/\/www.ufsm.br\/app\/uploads\/sites\/714\/2019\/07\/DSC06549.jpg 643w, https:\/\/www.ufsm.br\/app\/uploads\/sites\/714\/2019\/07\/DSC06549-214x300.jpg 214w\" sizes=\"(max-width: 643px) 100vw, 643px\" \/><\/figure><\/li><li class=\"blocks-gallery-item\"><figure><img decoding=\"async\" width=\"646\" height=\"900\" src=\"https:\/\/www.ufsm.br\/midias\/experimental\/revistatxt\/wp-content\/uploads\/sites\/714\/2019\/07\/DSC06550.jpg\" alt=\"\" data-id=\"2932\" data-link=\"https:\/\/www.ufsm.br\/midias\/experimental\/revistatxt\/dsc06550\/\" class=\"wp-image-2932\" srcset=\"https:\/\/www.ufsm.br\/app\/uploads\/sites\/714\/2019\/07\/DSC06550.jpg 646w, https:\/\/www.ufsm.br\/app\/uploads\/sites\/714\/2019\/07\/DSC06550-215x300.jpg 215w\" sizes=\"(max-width: 646px) 100vw, 646px\" \/><\/figure><\/li><li class=\"blocks-gallery-item\"><figure><img loading=\"lazy\" decoding=\"async\" width=\"654\" height=\"900\" src=\"https:\/\/www.ufsm.br\/midias\/experimental\/revistatxt\/wp-content\/uploads\/sites\/714\/2019\/07\/DSC06552.jpg\" alt=\"\" data-id=\"2933\" data-link=\"https:\/\/www.ufsm.br\/midias\/experimental\/revistatxt\/dsc06552\/\" class=\"wp-image-2933\" srcset=\"https:\/\/www.ufsm.br\/app\/uploads\/sites\/714\/2019\/07\/DSC06552.jpg 654w, https:\/\/www.ufsm.br\/app\/uploads\/sites\/714\/2019\/07\/DSC06552-218x300.jpg 218w\" sizes=\"(max-width: 654px) 100vw, 654px\" \/><\/figure><\/li><li class=\"blocks-gallery-item\"><figure><img loading=\"lazy\" decoding=\"async\" width=\"634\" height=\"900\" src=\"https:\/\/www.ufsm.br\/midias\/experimental\/revistatxt\/wp-content\/uploads\/sites\/714\/2019\/07\/DSC06553.jpg\" alt=\"\" data-id=\"2934\" data-link=\"https:\/\/www.ufsm.br\/midias\/experimental\/revistatxt\/dsc06553\/\" class=\"wp-image-2934\" srcset=\"https:\/\/www.ufsm.br\/app\/uploads\/sites\/714\/2019\/07\/DSC06553.jpg 634w, https:\/\/www.ufsm.br\/app\/uploads\/sites\/714\/2019\/07\/DSC06553-211x300.jpg 211w\" sizes=\"(max-width: 634px) 100vw, 634px\" \/><\/figure><\/li><li class=\"blocks-gallery-item\"><figure><img loading=\"lazy\" decoding=\"async\" width=\"628\" height=\"900\" src=\"https:\/\/www.ufsm.br\/midias\/experimental\/revistatxt\/wp-content\/uploads\/sites\/714\/2019\/07\/DSC06554.jpg\" alt=\"\" data-id=\"2935\" data-link=\"https:\/\/www.ufsm.br\/midias\/experimental\/revistatxt\/dsc06554\/\" class=\"wp-image-2935\" srcset=\"https:\/\/www.ufsm.br\/app\/uploads\/sites\/714\/2019\/07\/DSC06554.jpg 628w, https:\/\/www.ufsm.br\/app\/uploads\/sites\/714\/2019\/07\/DSC06554-209x300.jpg 209w\" sizes=\"(max-width: 628px) 100vw, 628px\" \/><\/figure><\/li><li class=\"blocks-gallery-item\"><figure><img loading=\"lazy\" decoding=\"async\" width=\"621\" height=\"900\" src=\"https:\/\/www.ufsm.br\/midias\/experimental\/revistatxt\/wp-content\/uploads\/sites\/714\/2019\/07\/DSC06555.jpg\" alt=\"\" data-id=\"2946\" data-link=\"https:\/\/www.ufsm.br\/midias\/experimental\/revistatxt\/dsc06555\/\" class=\"wp-image-2946\" srcset=\"https:\/\/www.ufsm.br\/app\/uploads\/sites\/714\/2019\/07\/DSC06555.jpg 621w, https:\/\/www.ufsm.br\/app\/uploads\/sites\/714\/2019\/07\/DSC06555-207x300.jpg 207w\" sizes=\"(max-width: 621px) 100vw, 621px\" \/><\/figure><\/li><li class=\"blocks-gallery-item\"><figure><img loading=\"lazy\" decoding=\"async\" width=\"622\" height=\"900\" src=\"https:\/\/www.ufsm.br\/midias\/experimental\/revistatxt\/wp-content\/uploads\/sites\/714\/2019\/07\/DSC06556-1.jpg\" alt=\"\" data-id=\"2936\" data-link=\"https:\/\/www.ufsm.br\/midias\/experimental\/revistatxt\/dsc06556-1\/\" class=\"wp-image-2936\" srcset=\"https:\/\/www.ufsm.br\/app\/uploads\/sites\/714\/2019\/07\/DSC06556-1.jpg 622w, https:\/\/www.ufsm.br\/app\/uploads\/sites\/714\/2019\/07\/DSC06556-1-207x300.jpg 207w\" sizes=\"(max-width: 622px) 100vw, 622px\" \/><\/figure><\/li><li class=\"blocks-gallery-item\"><figure><img loading=\"lazy\" decoding=\"async\" width=\"639\" height=\"900\" src=\"https:\/\/www.ufsm.br\/midias\/experimental\/revistatxt\/wp-content\/uploads\/sites\/714\/2019\/07\/DSC06557.jpg\" alt=\"\" data-id=\"2938\" data-link=\"https:\/\/www.ufsm.br\/midias\/experimental\/revistatxt\/dsc06557\/\" class=\"wp-image-2938\" srcset=\"https:\/\/www.ufsm.br\/app\/uploads\/sites\/714\/2019\/07\/DSC06557.jpg 639w, https:\/\/www.ufsm.br\/app\/uploads\/sites\/714\/2019\/07\/DSC06557-213x300.jpg 213w\" sizes=\"(max-width: 639px) 100vw, 639px\" \/><\/figure><\/li><li class=\"blocks-gallery-item\"><figure><img loading=\"lazy\" decoding=\"async\" width=\"610\" height=\"900\" src=\"https:\/\/www.ufsm.br\/midias\/experimental\/revistatxt\/wp-content\/uploads\/sites\/714\/2019\/07\/DSC06558.jpg\" alt=\"\" data-id=\"2939\" data-link=\"https:\/\/www.ufsm.br\/midias\/experimental\/revistatxt\/dsc06558\/\" class=\"wp-image-2939\" srcset=\"https:\/\/www.ufsm.br\/app\/uploads\/sites\/714\/2019\/07\/DSC06558.jpg 610w, https:\/\/www.ufsm.br\/app\/uploads\/sites\/714\/2019\/07\/DSC06558-203x300.jpg 203w\" sizes=\"(max-width: 610px) 100vw, 610px\" \/><\/figure><\/li><li class=\"blocks-gallery-item\"><figure><img loading=\"lazy\" decoding=\"async\" width=\"637\" height=\"900\" src=\"https:\/\/www.ufsm.br\/midias\/experimental\/revistatxt\/wp-content\/uploads\/sites\/714\/2019\/07\/DSC06559.jpg\" alt=\"\" data-id=\"2940\" data-link=\"https:\/\/www.ufsm.br\/midias\/experimental\/revistatxt\/dsc06559\/\" class=\"wp-image-2940\" srcset=\"https:\/\/www.ufsm.br\/app\/uploads\/sites\/714\/2019\/07\/DSC06559.jpg 637w, https:\/\/www.ufsm.br\/app\/uploads\/sites\/714\/2019\/07\/DSC06559-212x300.jpg 212w\" sizes=\"(max-width: 637px) 100vw, 637px\" \/><\/figure><\/li><li class=\"blocks-gallery-item\"><figure><img loading=\"lazy\" decoding=\"async\" width=\"669\" height=\"900\" src=\"https:\/\/www.ufsm.br\/midias\/experimental\/revistatxt\/wp-content\/uploads\/sites\/714\/2019\/07\/DSC06560.jpg\" alt=\"\" data-id=\"2947\" data-link=\"https:\/\/www.ufsm.br\/midias\/experimental\/revistatxt\/dsc06560\/\" class=\"wp-image-2947\" srcset=\"https:\/\/www.ufsm.br\/app\/uploads\/sites\/714\/2019\/07\/DSC06560.jpg 669w, https:\/\/www.ufsm.br\/app\/uploads\/sites\/714\/2019\/07\/DSC06560-223x300.jpg 223w\" sizes=\"(max-width: 669px) 100vw, 669px\" \/><\/figure><\/li><li class=\"blocks-gallery-item\"><figure><img loading=\"lazy\" decoding=\"async\" width=\"655\" height=\"900\" src=\"https:\/\/www.ufsm.br\/midias\/experimental\/revistatxt\/wp-content\/uploads\/sites\/714\/2019\/07\/DSC06562.jpg\" alt=\"\" data-id=\"2941\" data-link=\"https:\/\/www.ufsm.br\/midias\/experimental\/revistatxt\/dsc06562\/\" class=\"wp-image-2941\" srcset=\"https:\/\/www.ufsm.br\/app\/uploads\/sites\/714\/2019\/07\/DSC06562.jpg 655w, https:\/\/www.ufsm.br\/app\/uploads\/sites\/714\/2019\/07\/DSC06562-218x300.jpg 218w\" sizes=\"(max-width: 655px) 100vw, 655px\" \/><\/figure><\/li><li class=\"blocks-gallery-item\"><figure><img loading=\"lazy\" decoding=\"async\" width=\"597\" height=\"900\" src=\"https:\/\/www.ufsm.br\/midias\/experimental\/revistatxt\/wp-content\/uploads\/sites\/714\/2019\/07\/DSC06563.jpg\" alt=\"\" data-id=\"2942\" data-link=\"https:\/\/www.ufsm.br\/midias\/experimental\/revistatxt\/dsc06563\/\" class=\"wp-image-2942\" srcset=\"https:\/\/www.ufsm.br\/app\/uploads\/sites\/714\/2019\/07\/DSC06563.jpg 597w, https:\/\/www.ufsm.br\/app\/uploads\/sites\/714\/2019\/07\/DSC06563-199x300.jpg 199w\" sizes=\"(max-width: 597px) 100vw, 597px\" \/><\/figure><\/li><li class=\"blocks-gallery-item\"><figure><img loading=\"lazy\" decoding=\"async\" width=\"646\" height=\"900\" src=\"https:\/\/www.ufsm.br\/midias\/experimental\/revistatxt\/wp-content\/uploads\/sites\/714\/2019\/07\/DSC06566.jpg\" alt=\"\" data-id=\"2943\" data-link=\"https:\/\/www.ufsm.br\/midias\/experimental\/revistatxt\/dsc06566\/\" class=\"wp-image-2943\" srcset=\"https:\/\/www.ufsm.br\/app\/uploads\/sites\/714\/2019\/07\/DSC06566.jpg 646w, https:\/\/www.ufsm.br\/app\/uploads\/sites\/714\/2019\/07\/DSC06566-215x300.jpg 215w\" sizes=\"(max-width: 646px) 100vw, 646px\" \/><\/figure><\/li><li class=\"blocks-gallery-item\"><figure><img loading=\"lazy\" decoding=\"async\" width=\"1024\" height=\"620\" src=\"https:\/\/www.ufsm.br\/midias\/experimental\/revistatxt\/wp-content\/uploads\/sites\/714\/2019\/07\/DSC06581-1024x620.jpg\" alt=\"\" data-id=\"2944\" data-link=\"https:\/\/www.ufsm.br\/midias\/experimental\/revistatxt\/dsc06581\/\" class=\"wp-image-2944\" srcset=\"https:\/\/www.ufsm.br\/app\/uploads\/sites\/714\/2019\/07\/DSC06581-1024x620.jpg 1024w, https:\/\/www.ufsm.br\/app\/uploads\/sites\/714\/2019\/07\/DSC06581-300x182.jpg 300w, https:\/\/www.ufsm.br\/app\/uploads\/sites\/714\/2019\/07\/DSC06581-768x465.jpg 768w, https:\/\/www.ufsm.br\/app\/uploads\/sites\/714\/2019\/07\/DSC06581.jpg 1200w\" sizes=\"(max-width: 1024px) 100vw, 1024px\" \/><\/figure><\/li><\/ul><\/figure>\n","protected":false},"excerpt":{"rendered":"<p>\u00a0 Neste ano de 2020, a revista\u00a0.TXT\u00a0completa 25 edi\u00e7\u00f5es. Bodas de prata comemoradas de casa, nessa edi\u00e7\u00e3o especial e hist\u00f3rica, visto que todos e todas que participaram dessa produ\u00e7\u00e3o est\u00e3o trabalhando de seus lares. Foram muitos desafios enfrentados durante esse semestre de atividades n\u00e3o presenciais em fun\u00e7\u00e3o de uma pandemia que atinge o mundo desde [&hellip;]<\/p>\n","protected":false},"author":25,"featured_media":0,"parent":0,"menu_order":0,"comment_status":"closed","ping_status":"closed","template":"","meta":{"footnotes":""},"categories":[],"tags":[],"class_list":["post-13","page","type-page","status-publish","hentry"],"acf":[],"_links":{"self":[{"href":"https:\/\/www.ufsm.br\/midias\/experimental\/revistatxt\/wp-json\/wp\/v2\/pages\/13","targetHints":{"allow":["GET"]}}],"collection":[{"href":"https:\/\/www.ufsm.br\/midias\/experimental\/revistatxt\/wp-json\/wp\/v2\/pages"}],"about":[{"href":"https:\/\/www.ufsm.br\/midias\/experimental\/revistatxt\/wp-json\/wp\/v2\/types\/page"}],"author":[{"embeddable":true,"href":"https:\/\/www.ufsm.br\/midias\/experimental\/revistatxt\/wp-json\/wp\/v2\/users\/25"}],"replies":[{"embeddable":true,"href":"https:\/\/www.ufsm.br\/midias\/experimental\/revistatxt\/wp-json\/wp\/v2\/comments?post=13"}],"version-history":[{"count":0,"href":"https:\/\/www.ufsm.br\/midias\/experimental\/revistatxt\/wp-json\/wp\/v2\/pages\/13\/revisions"}],"wp:attachment":[{"href":"https:\/\/www.ufsm.br\/midias\/experimental\/revistatxt\/wp-json\/wp\/v2\/media?parent=13"}],"wp:term":[{"taxonomy":"category","embeddable":true,"href":"https:\/\/www.ufsm.br\/midias\/experimental\/revistatxt\/wp-json\/wp\/v2\/categories?post=13"},{"taxonomy":"post_tag","embeddable":true,"href":"https:\/\/www.ufsm.br\/midias\/experimental\/revistatxt\/wp-json\/wp\/v2\/tags?post=13"}],"curies":[{"name":"wp","href":"https:\/\/api.w.org\/{rel}","templated":true}]}}