{"id":15,"date":"2024-12-05T10:07:40","date_gmt":"2024-12-05T13:07:40","guid":{"rendered":"https:\/\/www.ufsm.br\/midias\/experimental\/sala-de-imprensa\/?page_id=15"},"modified":"2024-12-05T10:12:45","modified_gmt":"2024-12-05T13:12:45","slug":"sobre","status":"publish","type":"page","link":"https:\/\/www.ufsm.br\/midias\/experimental\/sala-de-imprensa\/sobre","title":{"rendered":"Sobre"},"content":{"rendered":"\t\t<div data-elementor-type=\"wp-page\" data-elementor-id=\"15\" class=\"elementor elementor-15\">\n\t\t\t\t\t\t<section class=\"elementor-section elementor-top-section elementor-element elementor-element-6961a57 elementor-section-boxed elementor-section-height-default elementor-section-height-default\" data-id=\"6961a57\" data-element_type=\"section\">\n\t\t\t\t\t\t<div class=\"elementor-container elementor-column-gap-default\">\n\t\t\t\t\t<div class=\"elementor-column elementor-col-100 elementor-top-column elementor-element elementor-element-46f76ec\" data-id=\"46f76ec\" data-element_type=\"column\">\n\t\t\t<div class=\"elementor-widget-wrap elementor-element-populated\">\n\t\t\t\t\t\t<div class=\"elementor-element elementor-element-d7c67f7 elementor-widget elementor-widget-text-editor\" data-id=\"d7c67f7\" data-element_type=\"widget\" data-widget_type=\"text-editor.default\">\n\t\t\t\t<div class=\"elementor-widget-container\">\n\t\t\t\t\t\t\t<p>Sala de Imprensa \u00e9 uma se\u00e7\u00e3o direcionada para a reprodu\u00e7\u00e3o e disponibiliza\u00e7\u00e3o dos releases produzidos dos discentes dos cursos de comunica\u00e7\u00e3o da UFSM-FW.<\/p><p>Em desenvolvimento.<\/p>\t\t\t\t\t\t<\/div>\n\t\t\t\t<\/div>\n\t\t\t\t\t<\/div>\n\t\t<\/div>\n\t\t\t\t\t<\/div>\n\t\t<\/section>\n\t\t\t\t<\/div>\n\t\t","protected":false},"excerpt":{"rendered":"<p>Sala de Imprensa \u00e9 uma se\u00e7\u00e3o direcionada para a reprodu\u00e7\u00e3o e disponibiliza\u00e7\u00e3o dos releases produzidos dos discentes dos cursos de comunica\u00e7\u00e3o da UFSM-FW. Em desenvolvimento.<\/p>\n","protected":false},"author":8354,"featured_media":0,"parent":0,"menu_order":0,"comment_status":"closed","ping_status":"closed","template":"","meta":{"footnotes":""},"categories":[],"tags":[],"class_list":["post-15","page","type-page","status-publish","hentry"],"acf":[],"_links":{"self":[{"href":"https:\/\/www.ufsm.br\/midias\/experimental\/sala-de-imprensa\/wp-json\/wp\/v2\/pages\/15","targetHints":{"allow":["GET"]}}],"collection":[{"href":"https:\/\/www.ufsm.br\/midias\/experimental\/sala-de-imprensa\/wp-json\/wp\/v2\/pages"}],"about":[{"href":"https:\/\/www.ufsm.br\/midias\/experimental\/sala-de-imprensa\/wp-json\/wp\/v2\/types\/page"}],"author":[{"embeddable":true,"href":"https:\/\/www.ufsm.br\/midias\/experimental\/sala-de-imprensa\/wp-json\/wp\/v2\/users\/8354"}],"replies":[{"embeddable":true,"href":"https:\/\/www.ufsm.br\/midias\/experimental\/sala-de-imprensa\/wp-json\/wp\/v2\/comments?post=15"}],"version-history":[{"count":0,"href":"https:\/\/www.ufsm.br\/midias\/experimental\/sala-de-imprensa\/wp-json\/wp\/v2\/pages\/15\/revisions"}],"wp:attachment":[{"href":"https:\/\/www.ufsm.br\/midias\/experimental\/sala-de-imprensa\/wp-json\/wp\/v2\/media?parent=15"}],"wp:term":[{"taxonomy":"category","embeddable":true,"href":"https:\/\/www.ufsm.br\/midias\/experimental\/sala-de-imprensa\/wp-json\/wp\/v2\/categories?post=15"},{"taxonomy":"post_tag","embeddable":true,"href":"https:\/\/www.ufsm.br\/midias\/experimental\/sala-de-imprensa\/wp-json\/wp\/v2\/tags?post=15"}],"curies":[{"name":"wp","href":"https:\/\/api.w.org\/{rel}","templated":true}]}}