{"id":80,"date":"2025-08-25T17:17:32","date_gmt":"2025-08-25T20:17:32","guid":{"rendered":"https:\/\/www.ufsm.br\/midias\/experimental\/sala-de-imprensa\/?page_id=80"},"modified":"2025-08-29T10:55:33","modified_gmt":"2025-08-29T13:55:33","slug":"banco-de-imagens-2","status":"publish","type":"page","link":"https:\/\/www.ufsm.br\/midias\/experimental\/sala-de-imprensa\/banco-de-imagens-2","title":{"rendered":"Banco de Imagens"},"content":{"rendered":"\t\t<div data-elementor-type=\"wp-page\" data-elementor-id=\"80\" class=\"elementor elementor-80\">\n\t\t\t\t\t\t<section class=\"elementor-section elementor-top-section elementor-element elementor-element-a833824 elementor-section-boxed elementor-section-height-default elementor-section-height-default\" data-id=\"a833824\" data-element_type=\"section\">\n\t\t\t\t\t\t<div class=\"elementor-container elementor-column-gap-default\">\n\t\t\t\t\t<div class=\"elementor-column elementor-col-100 elementor-top-column elementor-element elementor-element-86de089\" data-id=\"86de089\" data-element_type=\"column\">\n\t\t\t<div class=\"elementor-widget-wrap elementor-element-populated\">\n\t\t\t\t\t\t<div class=\"elementor-element elementor-element-2b2c900 elementor-widget elementor-widget-text-editor\" data-id=\"2b2c900\" data-element_type=\"widget\" data-widget_type=\"text-editor.default\">\n\t\t\t\t<div class=\"elementor-widget-container\">\n\t\t\t\t\t\t\t<p style=\"text-align: center\"><span style=\"color: #000080\">Discentes de Rela\u00e7\u00f5es P\u00fablicas.<\/span><\/p>\t\t\t\t\t\t<\/div>\n\t\t\t\t<\/div>\n\t\t\t\t<div class=\"elementor-element elementor-element-62d0679 elementor-arrows-position-inside elementor-pagination-position-outside elementor-widget elementor-widget-image-carousel\" data-id=\"62d0679\" data-element_type=\"widget\" data-settings=\"{&quot;navigation&quot;:&quot;both&quot;,&quot;autoplay&quot;:&quot;yes&quot;,&quot;pause_on_hover&quot;:&quot;yes&quot;,&quot;pause_on_interaction&quot;:&quot;yes&quot;,&quot;autoplay_speed&quot;:5000,&quot;infinite&quot;:&quot;yes&quot;,&quot;speed&quot;:500}\" data-widget_type=\"image-carousel.default\">\n\t\t\t\t<div class=\"elementor-widget-container\">\n\t\t\t\t\t<div class=\"elementor-image-carousel-wrapper swiper\" dir=\"ltr\">\n\t\t\t<div class=\"elementor-image-carousel swiper-wrapper\" aria-live=\"off\">\n\t\t\t\t\t\t\t\t<div class=\"swiper-slide\" role=\"group\" aria-roledescription=\"slide\" aria-label=\"1 of 10\"><a data-elementor-open-lightbox=\"yes\" data-elementor-lightbox-slideshow=\"62d0679\" data-elementor-lightbox-title=\"_DSC0004\" data-e-action-hash=\"#elementor-action%3Aaction%3Dlightbox%26settings%3DeyJpZCI6IjEwMiIsInVybCI6Imh0dHBzOlwvXC93d3cudWZzbS5iclwvYXBwXC91cGxvYWRzXC9zaXRlc1wvOTQ5XC8yMDI1XC8wOFwvRFNDMDAwNC0xLmpwZyIsInNsaWRlc2hvdyI6IjYyZDA2NzkifQ%3D%3D\" href=\"https:\/\/www.ufsm.br\/app\/uploads\/sites\/949\/2025\/08\/DSC0004-1.jpg\"><figure class=\"swiper-slide-inner\"><img decoding=\"async\" class=\"swiper-slide-image\" src=\"https:\/\/www.ufsm.br\/app\/uploads\/sites\/949\/2025\/08\/DSC0004-1-768x510.jpg\" alt=\"_DSC0004\" \/><\/figure><\/a><\/div><div class=\"swiper-slide\" role=\"group\" aria-roledescription=\"slide\" aria-label=\"2 of 10\"><a data-elementor-open-lightbox=\"yes\" data-elementor-lightbox-slideshow=\"62d0679\" data-elementor-lightbox-title=\"_DSC0056\" data-e-action-hash=\"#elementor-action%3Aaction%3Dlightbox%26settings%3DeyJpZCI6IjEwMyIsInVybCI6Imh0dHBzOlwvXC93d3cudWZzbS5iclwvYXBwXC91cGxvYWRzXC9zaXRlc1wvOTQ5XC8yMDI1XC8wOFwvRFNDMDA1Ni0xLmpwZyIsInNsaWRlc2hvdyI6IjYyZDA2NzkifQ%3D%3D\" href=\"https:\/\/www.ufsm.br\/app\/uploads\/sites\/949\/2025\/08\/DSC0056-1.jpg\"><figure class=\"swiper-slide-inner\"><img decoding=\"async\" class=\"swiper-slide-image\" src=\"https:\/\/www.ufsm.br\/app\/uploads\/sites\/949\/2025\/08\/DSC0056-1-768x510.jpg\" alt=\"_DSC0056\" \/><\/figure><\/a><\/div><div class=\"swiper-slide\" role=\"group\" aria-roledescription=\"slide\" aria-label=\"3 of 10\"><a data-elementor-open-lightbox=\"yes\" data-elementor-lightbox-slideshow=\"62d0679\" data-elementor-lightbox-title=\"_DSC0060\" data-e-action-hash=\"#elementor-action%3Aaction%3Dlightbox%26settings%3DeyJpZCI6IjEwNCIsInVybCI6Imh0dHBzOlwvXC93d3cudWZzbS5iclwvYXBwXC91cGxvYWRzXC9zaXRlc1wvOTQ5XC8yMDI1XC8wOFwvRFNDMDA2MC0xLmpwZyIsInNsaWRlc2hvdyI6IjYyZDA2NzkifQ%3D%3D\" href=\"https:\/\/www.ufsm.br\/app\/uploads\/sites\/949\/2025\/08\/DSC0060-1.jpg\"><figure class=\"swiper-slide-inner\"><img decoding=\"async\" class=\"swiper-slide-image\" src=\"https:\/\/www.ufsm.br\/app\/uploads\/sites\/949\/2025\/08\/DSC0060-1-768x510.jpg\" alt=\"_DSC0060\" \/><\/figure><\/a><\/div><div class=\"swiper-slide\" role=\"group\" aria-roledescription=\"slide\" aria-label=\"4 of 10\"><a data-elementor-open-lightbox=\"yes\" data-elementor-lightbox-slideshow=\"62d0679\" data-elementor-lightbox-title=\"DSC_0101\" data-e-action-hash=\"#elementor-action%3Aaction%3Dlightbox%26settings%3DeyJpZCI6IjEwNSIsInVybCI6Imh0dHBzOlwvXC93d3cudWZzbS5iclwvYXBwXC91cGxvYWRzXC9zaXRlc1wvOTQ5XC8yMDI1XC8wOFwvRFNDXzAxMDEtMS5qcGciLCJzbGlkZXNob3ciOiI2MmQwNjc5In0%3D\" href=\"https:\/\/www.ufsm.br\/app\/uploads\/sites\/949\/2025\/08\/DSC_0101-1.jpg\"><figure class=\"swiper-slide-inner\"><img decoding=\"async\" class=\"swiper-slide-image\" src=\"https:\/\/www.ufsm.br\/app\/uploads\/sites\/949\/2025\/08\/DSC_0101-1-768x512.jpg\" alt=\"DSC_0101\" \/><\/figure><\/a><\/div><div class=\"swiper-slide\" role=\"group\" aria-roledescription=\"slide\" aria-label=\"5 of 10\"><a data-elementor-open-lightbox=\"yes\" data-elementor-lightbox-slideshow=\"62d0679\" data-elementor-lightbox-title=\"DSC_0005\" data-e-action-hash=\"#elementor-action%3Aaction%3Dlightbox%26settings%3DeyJpZCI6IjEwNiIsInVybCI6Imh0dHBzOlwvXC93d3cudWZzbS5iclwvYXBwXC91cGxvYWRzXC9zaXRlc1wvOTQ5XC8yMDI1XC8wOFwvRFNDXzAwMDUtMS5qcGciLCJzbGlkZXNob3ciOiI2MmQwNjc5In0%3D\" href=\"https:\/\/www.ufsm.br\/app\/uploads\/sites\/949\/2025\/08\/DSC_0005-1.jpg\"><figure class=\"swiper-slide-inner\"><img decoding=\"async\" class=\"swiper-slide-image\" src=\"https:\/\/www.ufsm.br\/app\/uploads\/sites\/949\/2025\/08\/DSC_0005-1-768x512.jpg\" alt=\"DSC_0005\" \/><\/figure><\/a><\/div><div class=\"swiper-slide\" role=\"group\" aria-roledescription=\"slide\" aria-label=\"6 of 10\"><a data-elementor-open-lightbox=\"yes\" data-elementor-lightbox-slideshow=\"62d0679\" data-elementor-lightbox-title=\"DSC_0146\" data-e-action-hash=\"#elementor-action%3Aaction%3Dlightbox%26settings%3DeyJpZCI6IjEwNyIsInVybCI6Imh0dHBzOlwvXC93d3cudWZzbS5iclwvYXBwXC91cGxvYWRzXC9zaXRlc1wvOTQ5XC8yMDI1XC8wOFwvRFNDXzAxNDYuanBnIiwic2xpZGVzaG93IjoiNjJkMDY3OSJ9\" href=\"https:\/\/www.ufsm.br\/app\/uploads\/sites\/949\/2025\/08\/DSC_0146.jpg\"><figure class=\"swiper-slide-inner\"><img decoding=\"async\" class=\"swiper-slide-image\" src=\"https:\/\/www.ufsm.br\/app\/uploads\/sites\/949\/2025\/08\/DSC_0146-768x512.jpg\" alt=\"DSC_0146\" \/><\/figure><\/a><\/div><div class=\"swiper-slide\" role=\"group\" aria-roledescription=\"slide\" aria-label=\"7 of 10\"><a data-elementor-open-lightbox=\"yes\" data-elementor-lightbox-slideshow=\"62d0679\" data-elementor-lightbox-title=\"DSC_0168\" data-e-action-hash=\"#elementor-action%3Aaction%3Dlightbox%26settings%3DeyJpZCI6IjEwOCIsInVybCI6Imh0dHBzOlwvXC93d3cudWZzbS5iclwvYXBwXC91cGxvYWRzXC9zaXRlc1wvOTQ5XC8yMDI1XC8wOFwvRFNDXzAxNjguanBnIiwic2xpZGVzaG93IjoiNjJkMDY3OSJ9\" href=\"https:\/\/www.ufsm.br\/app\/uploads\/sites\/949\/2025\/08\/DSC_0168.jpg\"><figure class=\"swiper-slide-inner\"><img decoding=\"async\" class=\"swiper-slide-image\" src=\"https:\/\/www.ufsm.br\/app\/uploads\/sites\/949\/2025\/08\/DSC_0168-768x512.jpg\" alt=\"DSC_0168\" \/><\/figure><\/a><\/div><div class=\"swiper-slide\" role=\"group\" aria-roledescription=\"slide\" aria-label=\"8 of 10\"><a data-elementor-open-lightbox=\"yes\" data-elementor-lightbox-slideshow=\"62d0679\" data-elementor-lightbox-title=\"DSC_0185\" data-e-action-hash=\"#elementor-action%3Aaction%3Dlightbox%26settings%3DeyJpZCI6IjEwOSIsInVybCI6Imh0dHBzOlwvXC93d3cudWZzbS5iclwvYXBwXC91cGxvYWRzXC9zaXRlc1wvOTQ5XC8yMDI1XC8wOFwvRFNDXzAxODUuanBnIiwic2xpZGVzaG93IjoiNjJkMDY3OSJ9\" href=\"https:\/\/www.ufsm.br\/app\/uploads\/sites\/949\/2025\/08\/DSC_0185.jpg\"><figure class=\"swiper-slide-inner\"><img decoding=\"async\" class=\"swiper-slide-image\" src=\"https:\/\/www.ufsm.br\/app\/uploads\/sites\/949\/2025\/08\/DSC_0185-768x512.jpg\" alt=\"DSC_0185\" \/><\/figure><\/a><\/div><div class=\"swiper-slide\" role=\"group\" aria-roledescription=\"slide\" aria-label=\"9 of 10\"><a data-elementor-open-lightbox=\"yes\" data-elementor-lightbox-slideshow=\"62d0679\" data-elementor-lightbox-title=\"DSC_0235\" data-e-action-hash=\"#elementor-action%3Aaction%3Dlightbox%26settings%3DeyJpZCI6IjExMCIsInVybCI6Imh0dHBzOlwvXC93d3cudWZzbS5iclwvYXBwXC91cGxvYWRzXC9zaXRlc1wvOTQ5XC8yMDI1XC8wOFwvRFNDXzAyMzUuanBnIiwic2xpZGVzaG93IjoiNjJkMDY3OSJ9\" href=\"https:\/\/www.ufsm.br\/app\/uploads\/sites\/949\/2025\/08\/DSC_0235.jpg\"><figure class=\"swiper-slide-inner\"><img decoding=\"async\" class=\"swiper-slide-image\" src=\"https:\/\/www.ufsm.br\/app\/uploads\/sites\/949\/2025\/08\/DSC_0235-768x512.jpg\" alt=\"DSC_0235\" \/><\/figure><\/a><\/div><div class=\"swiper-slide\" role=\"group\" aria-roledescription=\"slide\" aria-label=\"10 of 10\"><a data-elementor-open-lightbox=\"yes\" data-elementor-lightbox-slideshow=\"62d0679\" data-elementor-lightbox-title=\"DSC_0344\" data-e-action-hash=\"#elementor-action%3Aaction%3Dlightbox%26settings%3DeyJpZCI6IjExMSIsInVybCI6Imh0dHBzOlwvXC93d3cudWZzbS5iclwvYXBwXC91cGxvYWRzXC9zaXRlc1wvOTQ5XC8yMDI1XC8wOFwvRFNDXzAzNDQuanBnIiwic2xpZGVzaG93IjoiNjJkMDY3OSJ9\" href=\"https:\/\/www.ufsm.br\/app\/uploads\/sites\/949\/2025\/08\/DSC_0344.jpg\"><figure class=\"swiper-slide-inner\"><img decoding=\"async\" class=\"swiper-slide-image\" src=\"https:\/\/www.ufsm.br\/app\/uploads\/sites\/949\/2025\/08\/DSC_0344-768x512.jpg\" alt=\"DSC_0344\" \/><\/figure><\/a><\/div>\t\t\t<\/div>\n\t\t\t\t\t\t\t\t\t\t\t\t<div class=\"elementor-swiper-button elementor-swiper-button-prev\" role=\"button\" tabindex=\"0\">\n\t\t\t\t\t\t<i aria-hidden=\"true\" class=\"eicon-chevron-left\"><\/i>\t\t\t\t\t<\/div>\n\t\t\t\t\t<div class=\"elementor-swiper-button elementor-swiper-button-next\" role=\"button\" tabindex=\"0\">\n\t\t\t\t\t\t<i aria-hidden=\"true\" class=\"eicon-chevron-right\"><\/i>\t\t\t\t\t<\/div>\n\t\t\t\t\n\t\t\t\t\t\t\t\t\t<div class=\"swiper-pagination\"><\/div>\n\t\t\t\t\t\t\t\t\t<\/div>\n\t\t\t\t<\/div>\n\t\t\t\t<\/div>\n\t\t\t\t\t<\/div>\n\t\t<\/div>\n\t\t\t\t\t<\/div>\n\t\t<\/section>\n\t\t\t\t<section class=\"elementor-section elementor-top-section elementor-element elementor-element-69d21f2 elementor-section-boxed elementor-section-height-default elementor-section-height-default\" data-id=\"69d21f2\" data-element_type=\"section\">\n\t\t\t\t\t\t<div class=\"elementor-container elementor-column-gap-default\">\n\t\t\t\t\t<div class=\"elementor-column elementor-col-100 elementor-top-column elementor-element elementor-element-f2c91ad\" data-id=\"f2c91ad\" data-element_type=\"column\">\n\t\t\t<div class=\"elementor-widget-wrap elementor-element-populated\">\n\t\t\t\t\t\t<div class=\"elementor-element elementor-element-26b2d58 elementor-widget elementor-widget-text-editor\" data-id=\"26b2d58\" data-element_type=\"widget\" data-widget_type=\"text-editor.default\">\n\t\t\t\t<div class=\"elementor-widget-container\">\n\t\t\t\t\t\t\t<p style=\"text-align: center\"><span style=\"color: #000080\">Docentes de Rela\u00e7\u00f5es P\u00fablicas vinculados ao DECOM &#8211; <span style=\"background-color: transparent;font-family: 'Times New Roman', serif;font-size: 12pt;font-style: italic\">Departamento de Ci\u00eancias da Comunica\u00e7\u00e3o.<\/span><\/span><\/p>\t\t\t\t\t\t<\/div>\n\t\t\t\t<\/div>\n\t\t\t\t<div class=\"elementor-element elementor-element-d412ee5 elementor-widget elementor-widget-wp-widget-ufsm_utilidades\" data-id=\"d412ee5\" data-element_type=\"widget\" data-widget_type=\"wp-widget-ufsm_utilidades.default\">\n\t\t\t\t<div class=\"elementor-widget-container\">\n\t\t\t\t\t<h5 class=\"card-title titulo-conteudos\">Utilidades<\/h5>\n\t\t\t\t\n\t\t<div class=\"row d-flex justify-content-around\">\n\t\t\t\t\t<\/div>\n\t\t\t\t<\/div>\n\t\t\t\t<\/div>\n\t\t\t\t<div class=\"elementor-element elementor-element-f8a541e elementor-widget__width-initial elementor-arrows-position-inside elementor-pagination-position-outside elementor-widget elementor-widget-image-carousel\" data-id=\"f8a541e\" data-element_type=\"widget\" data-settings=\"{&quot;navigation&quot;:&quot;both&quot;,&quot;autoplay&quot;:&quot;yes&quot;,&quot;pause_on_hover&quot;:&quot;yes&quot;,&quot;pause_on_interaction&quot;:&quot;yes&quot;,&quot;autoplay_speed&quot;:5000,&quot;infinite&quot;:&quot;yes&quot;,&quot;speed&quot;:500}\" data-widget_type=\"image-carousel.default\">\n\t\t\t\t<div class=\"elementor-widget-container\">\n\t\t\t\t\t<div class=\"elementor-image-carousel-wrapper swiper\" dir=\"ltr\">\n\t\t\t<div class=\"elementor-image-carousel swiper-wrapper\" aria-live=\"off\">\n\t\t\t\t\t\t\t\t<div class=\"swiper-slide\" role=\"group\" aria-roledescription=\"slide\" aria-label=\"1 of 9\"><a data-elementor-open-lightbox=\"yes\" data-elementor-lightbox-slideshow=\"f8a541e\" data-elementor-lightbox-title=\"DSC_0141\" data-e-action-hash=\"#elementor-action%3Aaction%3Dlightbox%26settings%3DeyJpZCI6IjkwIiwidXJsIjoiaHR0cHM6XC9cL3d3dy51ZnNtLmJyXC9hcHBcL3VwbG9hZHNcL3NpdGVzXC85NDlcLzIwMjVcLzA4XC9EU0NfMDE0MS1zY2FsZWQuanBnIiwic2xpZGVzaG93IjoiZjhhNTQxZSJ9\" href=\"https:\/\/www.ufsm.br\/app\/uploads\/sites\/949\/2025\/08\/DSC_0141-scaled.jpg\"><figure class=\"swiper-slide-inner\"><img decoding=\"async\" class=\"swiper-slide-image\" src=\"https:\/\/www.ufsm.br\/app\/uploads\/sites\/949\/2025\/08\/DSC_0141-683x1024.jpg\" alt=\"Angela Maria Zamin\" \/><figcaption class=\"elementor-image-carousel-caption\">Angela Maria Zamin<\/figcaption><\/figure><\/a><\/div><div class=\"swiper-slide\" role=\"group\" aria-roledescription=\"slide\" aria-label=\"2 of 9\"><a data-elementor-open-lightbox=\"yes\" data-elementor-lightbox-slideshow=\"f8a541e\" data-elementor-lightbox-title=\"DSC_0057\" data-e-action-hash=\"#elementor-action%3Aaction%3Dlightbox%26settings%3DeyJpZCI6Ijg5IiwidXJsIjoiaHR0cHM6XC9cL3d3dy51ZnNtLmJyXC9hcHBcL3VwbG9hZHNcL3NpdGVzXC85NDlcLzIwMjVcLzA4XC9EU0NfMDA1Ny1zY2FsZWQuanBnIiwic2xpZGVzaG93IjoiZjhhNTQxZSJ9\" href=\"https:\/\/www.ufsm.br\/app\/uploads\/sites\/949\/2025\/08\/DSC_0057-scaled.jpg\"><figure class=\"swiper-slide-inner\"><img decoding=\"async\" class=\"swiper-slide-image\" src=\"https:\/\/www.ufsm.br\/app\/uploads\/sites\/949\/2025\/08\/DSC_0057-683x1024.jpg\" alt=\"Daiane Scheid\" \/><figcaption class=\"elementor-image-carousel-caption\">Daiane Scheid<\/figcaption><\/figure><\/a><\/div><div class=\"swiper-slide\" role=\"group\" aria-roledescription=\"slide\" aria-label=\"3 of 9\"><a data-elementor-open-lightbox=\"yes\" data-elementor-lightbox-slideshow=\"f8a541e\" data-elementor-lightbox-title=\"DSC_0389\" data-e-action-hash=\"#elementor-action%3Aaction%3Dlightbox%26settings%3DeyJpZCI6Ijg4IiwidXJsIjoiaHR0cHM6XC9cL3d3dy51ZnNtLmJyXC9hcHBcL3VwbG9hZHNcL3NpdGVzXC85NDlcLzIwMjVcLzA4XC9EU0NfMDM4OS1zY2FsZWQuanBnIiwic2xpZGVzaG93IjoiZjhhNTQxZSJ9\" href=\"https:\/\/www.ufsm.br\/app\/uploads\/sites\/949\/2025\/08\/DSC_0389-scaled.jpg\"><figure class=\"swiper-slide-inner\"><img decoding=\"async\" class=\"swiper-slide-image\" src=\"https:\/\/www.ufsm.br\/app\/uploads\/sites\/949\/2025\/08\/DSC_0389-683x1024.jpg\" alt=\"Fabiana da Costa Pereira\" \/><figcaption class=\"elementor-image-carousel-caption\">Fabiana da Costa Pereira<\/figcaption><\/figure><\/a><\/div><div class=\"swiper-slide\" role=\"group\" aria-roledescription=\"slide\" aria-label=\"4 of 9\"><a data-elementor-open-lightbox=\"yes\" data-elementor-lightbox-slideshow=\"f8a541e\" data-elementor-lightbox-title=\"_DSC0098\" data-e-action-hash=\"#elementor-action%3Aaction%3Dlightbox%26settings%3DeyJpZCI6Ijg0IiwidXJsIjoiaHR0cHM6XC9cL3d3dy51ZnNtLmJyXC9hcHBcL3VwbG9hZHNcL3NpdGVzXC85NDlcLzIwMjVcLzA4XC9EU0MwMDk4LXNjYWxlZC5qcGciLCJzbGlkZXNob3ciOiJmOGE1NDFlIn0%3D\" href=\"https:\/\/www.ufsm.br\/app\/uploads\/sites\/949\/2025\/08\/DSC0098-scaled.jpg\"><figure class=\"swiper-slide-inner\"><img decoding=\"async\" class=\"swiper-slide-image\" src=\"https:\/\/www.ufsm.br\/app\/uploads\/sites\/949\/2025\/08\/DSC0098-680x1024.jpg\" alt=\"Joel Felipe Guindani\" \/><figcaption class=\"elementor-image-carousel-caption\">Joel Felipe Guindani<\/figcaption><\/figure><\/a><\/div><div class=\"swiper-slide\" role=\"group\" aria-roledescription=\"slide\" aria-label=\"5 of 9\"><a data-elementor-open-lightbox=\"yes\" data-elementor-lightbox-slideshow=\"f8a541e\" data-elementor-lightbox-title=\"DSC_0014\" data-e-action-hash=\"#elementor-action%3Aaction%3Dlightbox%26settings%3DeyJpZCI6Ijg3IiwidXJsIjoiaHR0cHM6XC9cL3d3dy51ZnNtLmJyXC9hcHBcL3VwbG9hZHNcL3NpdGVzXC85NDlcLzIwMjVcLzA4XC9EU0NfMDAxNC1zY2FsZWQuanBnIiwic2xpZGVzaG93IjoiZjhhNTQxZSJ9\" href=\"https:\/\/www.ufsm.br\/app\/uploads\/sites\/949\/2025\/08\/DSC_0014-scaled.jpg\"><figure class=\"swiper-slide-inner\"><img decoding=\"async\" class=\"swiper-slide-image\" src=\"https:\/\/www.ufsm.br\/app\/uploads\/sites\/949\/2025\/08\/DSC_0014-683x1024.jpg\" alt=\"Jones Machado\" \/><figcaption class=\"elementor-image-carousel-caption\">Jones Machado <\/figcaption><\/figure><\/a><\/div><div class=\"swiper-slide\" role=\"group\" aria-roledescription=\"slide\" aria-label=\"6 of 9\"><a data-elementor-open-lightbox=\"yes\" data-elementor-lightbox-slideshow=\"f8a541e\" data-elementor-lightbox-title=\"DSC_0552\" data-e-action-hash=\"#elementor-action%3Aaction%3Dlightbox%26settings%3DeyJpZCI6IjkxIiwidXJsIjoiaHR0cHM6XC9cL3d3dy51ZnNtLmJyXC9hcHBcL3VwbG9hZHNcL3NpdGVzXC85NDlcLzIwMjVcLzA4XC9EU0NfMDU1Mi1zY2FsZWQuanBnIiwic2xpZGVzaG93IjoiZjhhNTQxZSJ9\" href=\"https:\/\/www.ufsm.br\/app\/uploads\/sites\/949\/2025\/08\/DSC_0552-scaled.jpg\"><figure class=\"swiper-slide-inner\"><img decoding=\"async\" class=\"swiper-slide-image\" src=\"https:\/\/www.ufsm.br\/app\/uploads\/sites\/949\/2025\/08\/DSC_0552-683x1024.jpg\" alt=\"Patr\u00edcia Milano Persigo\" \/><figcaption class=\"elementor-image-carousel-caption\">Patr\u00edcia Milano Persigo<\/figcaption><\/figure><\/a><\/div><div class=\"swiper-slide\" role=\"group\" aria-roledescription=\"slide\" aria-label=\"7 of 9\"><a data-elementor-open-lightbox=\"yes\" data-elementor-lightbox-slideshow=\"f8a541e\" data-elementor-lightbox-title=\"_DSC0084\" data-e-action-hash=\"#elementor-action%3Aaction%3Dlightbox%26settings%3DeyJpZCI6IjgzIiwidXJsIjoiaHR0cHM6XC9cL3d3dy51ZnNtLmJyXC9hcHBcL3VwbG9hZHNcL3NpdGVzXC85NDlcLzIwMjVcLzA4XC9EU0MwMDg0LXNjYWxlZC5qcGciLCJzbGlkZXNob3ciOiJmOGE1NDFlIn0%3D\" href=\"https:\/\/www.ufsm.br\/app\/uploads\/sites\/949\/2025\/08\/DSC0084-scaled.jpg\"><figure class=\"swiper-slide-inner\"><img decoding=\"async\" class=\"swiper-slide-image\" src=\"https:\/\/www.ufsm.br\/app\/uploads\/sites\/949\/2025\/08\/DSC0084-680x1024.jpg\" alt=\"Lana Campanella\" \/><figcaption class=\"elementor-image-carousel-caption\">Lana Campanella<\/figcaption><\/figure><\/a><\/div><div class=\"swiper-slide\" role=\"group\" aria-roledescription=\"slide\" aria-label=\"8 of 9\"><a data-elementor-open-lightbox=\"yes\" data-elementor-lightbox-slideshow=\"f8a541e\" data-elementor-lightbox-title=\"_DSC0115 (1)\" data-e-action-hash=\"#elementor-action%3Aaction%3Dlightbox%26settings%3DeyJpZCI6IjgyIiwidXJsIjoiaHR0cHM6XC9cL3d3dy51ZnNtLmJyXC9hcHBcL3VwbG9hZHNcL3NpdGVzXC85NDlcLzIwMjVcLzA4XC9EU0MwMTE1LTEtc2NhbGVkLmpwZyIsInNsaWRlc2hvdyI6ImY4YTU0MWUifQ%3D%3D\" href=\"https:\/\/www.ufsm.br\/app\/uploads\/sites\/949\/2025\/08\/DSC0115-1-scaled.jpg\"><figure class=\"swiper-slide-inner\"><img decoding=\"async\" class=\"swiper-slide-image\" src=\"https:\/\/www.ufsm.br\/app\/uploads\/sites\/949\/2025\/08\/DSC0115-1-680x1024.jpg\" alt=\"Vera Martins\" \/><figcaption class=\"elementor-image-carousel-caption\">Vera Martins<\/figcaption><\/figure><\/a><\/div><div class=\"swiper-slide\" role=\"group\" aria-roledescription=\"slide\" aria-label=\"9 of 9\"><a data-elementor-open-lightbox=\"yes\" data-elementor-lightbox-slideshow=\"f8a541e\" data-elementor-lightbox-title=\"DSC_0063\" data-e-action-hash=\"#elementor-action%3Aaction%3Dlightbox%26settings%3DeyJpZCI6Ijg1IiwidXJsIjoiaHR0cHM6XC9cL3d3dy51ZnNtLmJyXC9hcHBcL3VwbG9hZHNcL3NpdGVzXC85NDlcLzIwMjVcLzA4XC9EU0NfMDA2My1zY2FsZWQuanBnIiwic2xpZGVzaG93IjoiZjhhNTQxZSJ9\" href=\"https:\/\/www.ufsm.br\/app\/uploads\/sites\/949\/2025\/08\/DSC_0063-scaled.jpg\"><figure class=\"swiper-slide-inner\"><img decoding=\"async\" class=\"swiper-slide-image\" src=\"https:\/\/www.ufsm.br\/app\/uploads\/sites\/949\/2025\/08\/DSC_0063-683x1024.jpg\" alt=\"Rafael Foletto\" \/><figcaption class=\"elementor-image-carousel-caption\">Rafael Foletto<\/figcaption><\/figure><\/a><\/div>\t\t\t<\/div>\n\t\t\t\t\t\t\t\t\t\t\t\t<div class=\"elementor-swiper-button elementor-swiper-button-prev\" role=\"button\" tabindex=\"0\">\n\t\t\t\t\t\t<i aria-hidden=\"true\" class=\"eicon-chevron-left\"><\/i>\t\t\t\t\t<\/div>\n\t\t\t\t\t<div class=\"elementor-swiper-button elementor-swiper-button-next\" role=\"button\" tabindex=\"0\">\n\t\t\t\t\t\t<i aria-hidden=\"true\" class=\"eicon-chevron-right\"><\/i>\t\t\t\t\t<\/div>\n\t\t\t\t\n\t\t\t\t\t\t\t\t\t<div class=\"swiper-pagination\"><\/div>\n\t\t\t\t\t\t\t\t\t<\/div>\n\t\t\t\t<\/div>\n\t\t\t\t<\/div>\n\t\t\t\t\t<\/div>\n\t\t<\/div>\n\t\t\t\t\t<\/div>\n\t\t<\/section>\n\t\t\t\t<\/div>\n\t\t","protected":false},"excerpt":{"rendered":"<p>Discentes de Rela\u00e7\u00f5es P\u00fablicas. Docentes de Rela\u00e7\u00f5es P\u00fablicas vinculados ao DECOM &#8211; Departamento de Ci\u00eancias da Comunica\u00e7\u00e3o. Angela Maria Zamin Daiane Scheid Fabiana da Costa Pereira Joel Felipe Guindani Jones Machado Patr\u00edcia Milano Persigo Lana Campanella Vera Martins Rafael Foletto<\/p>\n","protected":false},"author":8577,"featured_media":0,"parent":0,"menu_order":0,"comment_status":"closed","ping_status":"closed","template":"","meta":{"footnotes":""},"categories":[9],"tags":[11],"class_list":["post-80","page","type-page","status-publish","hentry","category-banco-de-imagens","tag-sala-de-imprensa"],"acf":[],"_links":{"self":[{"href":"https:\/\/www.ufsm.br\/midias\/experimental\/sala-de-imprensa\/wp-json\/wp\/v2\/pages\/80","targetHints":{"allow":["GET"]}}],"collection":[{"href":"https:\/\/www.ufsm.br\/midias\/experimental\/sala-de-imprensa\/wp-json\/wp\/v2\/pages"}],"about":[{"href":"https:\/\/www.ufsm.br\/midias\/experimental\/sala-de-imprensa\/wp-json\/wp\/v2\/types\/page"}],"author":[{"embeddable":true,"href":"https:\/\/www.ufsm.br\/midias\/experimental\/sala-de-imprensa\/wp-json\/wp\/v2\/users\/8577"}],"replies":[{"embeddable":true,"href":"https:\/\/www.ufsm.br\/midias\/experimental\/sala-de-imprensa\/wp-json\/wp\/v2\/comments?post=80"}],"version-history":[{"count":0,"href":"https:\/\/www.ufsm.br\/midias\/experimental\/sala-de-imprensa\/wp-json\/wp\/v2\/pages\/80\/revisions"}],"wp:attachment":[{"href":"https:\/\/www.ufsm.br\/midias\/experimental\/sala-de-imprensa\/wp-json\/wp\/v2\/media?parent=80"}],"wp:term":[{"taxonomy":"category","embeddable":true,"href":"https:\/\/www.ufsm.br\/midias\/experimental\/sala-de-imprensa\/wp-json\/wp\/v2\/categories?post=80"},{"taxonomy":"post_tag","embeddable":true,"href":"https:\/\/www.ufsm.br\/midias\/experimental\/sala-de-imprensa\/wp-json\/wp\/v2\/tags?post=80"}],"curies":[{"name":"wp","href":"https:\/\/api.w.org\/{rel}","templated":true}]}}