{"id":1236,"date":"2020-03-09T13:42:58","date_gmt":"2020-03-09T16:42:58","guid":{"rendered":"https:\/\/www.ufsm.br\/midias\/tvcampus\/?page_id=1236"},"modified":"2020-03-10T14:56:22","modified_gmt":"2020-03-10T17:56:22","slug":"vts-e-campanhas","status":"publish","type":"page","link":"https:\/\/www.ufsm.br\/midias\/tvcampus\/vts-e-campanhas","title":{"rendered":"VTs e Campanhas"},"content":{"rendered":"\t\t<div data-elementor-type=\"wp-page\" data-elementor-id=\"1236\" class=\"elementor elementor-1236\">\n\t\t\t\t\t\t<section class=\"elementor-section elementor-top-section elementor-element elementor-element-18137f41 elementor-section-boxed elementor-section-height-default elementor-section-height-default\" data-id=\"18137f41\" data-element_type=\"section\">\n\t\t\t\t\t\t<div class=\"elementor-container elementor-column-gap-default\">\n\t\t\t\t\t<div class=\"elementor-column elementor-col-100 elementor-top-column elementor-element elementor-element-6579c075\" data-id=\"6579c075\" data-element_type=\"column\">\n\t\t\t<div class=\"elementor-widget-wrap elementor-element-populated\">\n\t\t\t\t\t\t<div class=\"elementor-element elementor-element-60cb0a9b elementor-widget elementor-widget-text-editor\" data-id=\"60cb0a9b\" data-element_type=\"widget\" data-widget_type=\"text-editor.default\">\n\t\t\t\t<div class=\"elementor-widget-container\">\n\t\t\t\t\t\t\t<!-- wp:tadv\/classic-paragraph \/-->\t\t\t\t\t\t<\/div>\n\t\t\t\t<\/div>\n\t\t\t\t\t<\/div>\n\t\t<\/div>\n\t\t\t\t\t<\/div>\n\t\t<\/section>\n\t\t\t\t<section class=\"elementor-section elementor-top-section elementor-element elementor-element-c1cb8b0 elementor-section-boxed elementor-section-height-default elementor-section-height-default\" data-id=\"c1cb8b0\" data-element_type=\"section\">\n\t\t\t\t\t\t<div class=\"elementor-container elementor-column-gap-default\">\n\t\t\t\t\t<div class=\"elementor-column elementor-col-100 elementor-top-column elementor-element elementor-element-fb32cf5\" data-id=\"fb32cf5\" data-element_type=\"column\">\n\t\t\t<div class=\"elementor-widget-wrap elementor-element-populated\">\n\t\t\t\t\t\t<div class=\"elementor-element elementor-element-b74d231 elementor-widget elementor-widget-wp-widget-ufsm_noticias_widget\" data-id=\"b74d231\" data-element_type=\"widget\" data-widget_type=\"wp-widget-ufsm_noticias_widget.default\">\n\t\t\t\t<div class=\"elementor-widget-container\">\n\t\t\t<div class='widget-noticias-inside'>\n                        <div class=\"row\">\n                                    <div class=\"col-12 col-lg-4 pb-4\">\n                                            <div class=\"noticias-widget-wrap\" style=\"height: 180px; overflow: hidden;\">\n                            <a title=\"\" href=\"https:\/\/www.ufsm.br\/midias\/tvcampus\/2024\/03\/11\/ufsm-lanca-novo-video-institucional\">\n                                <span class=\"visually-hidden\">\n                                    UFSM lan\u00e7a novo v\u00eddeo institucional                                <\/span>\n                                <div class=\"noticias-widget-thumbs h-100\">\n                                    <img decoding=\"async\" class=\"object-fit-cover h-100 w-100\" alt=\"\" srcset=\"https:\/\/www.ufsm.br\/app\/uploads\/sites\/811\/2024\/03\/capa-video-institucional-ufsm-tv-campus-2023-300x149.jpg 300w, https:\/\/www.ufsm.br\/app\/uploads\/sites\/811\/2024\/03\/capa-video-institucional-ufsm-tv-campus-2023-1024x509.jpg 1024w, https:\/\/www.ufsm.br\/app\/uploads\/sites\/811\/2024\/03\/capa-video-institucional-ufsm-tv-campus-2023-768x382.jpg 768w, https:\/\/www.ufsm.br\/app\/uploads\/sites\/811\/2024\/03\/capa-video-institucional-ufsm-tv-campus-2023.jpg 1382w\" src=\"https:\/\/www.ufsm.br\/app\/uploads\/sites\/811\/2024\/03\/capa-video-institucional-ufsm-tv-campus-2023-1024x509.jpg\"><\/img>\n                                <\/div>\n                            <\/a>\n                        <\/div>\n                                        \n                                        \n                    \n                    <a class=\"noticias-widget-title d-block  m-0 \"  title=\"UFSM lan\u00e7a novo v\u00eddeo institucional\" href=\"https:\/\/www.ufsm.br\/midias\/tvcampus\/2024\/03\/11\/ufsm-lanca-novo-video-institucional\">\n                                                UFSM lan\u00e7a novo v\u00eddeo institucional                    <\/a>\n                    \n                    \n                                        \n                                        \n                                        <\/div>\n                                    <div class=\"col-12 col-lg-4 pb-4\">\n                                            <div class=\"noticias-widget-wrap\" style=\"height: 180px; overflow: hidden;\">\n                            <a title=\"\" href=\"https:\/\/www.ufsm.br\/midias\/tvcampus\/2022\/06\/23\/outono-no-campus-ufsm\">\n                                <span class=\"visually-hidden\">\n                                    Outono no campus | UFSM                                <\/span>\n                                <div class=\"noticias-widget-thumbs h-100\">\n                                    <img decoding=\"async\" class=\"object-fit-cover h-100 w-100\" alt=\"\" srcset=\"https:\/\/www.ufsm.br\/app\/uploads\/sites\/811\/2022\/06\/Outono-no-Campus-300x168.jpg 300w, https:\/\/www.ufsm.br\/app\/uploads\/sites\/811\/2022\/06\/Outono-no-Campus-768x431.jpg 768w, https:\/\/www.ufsm.br\/app\/uploads\/sites\/811\/2022\/06\/Outono-no-Campus.jpg 846w\" src=\"https:\/\/www.ufsm.br\/app\/uploads\/sites\/811\/2022\/06\/Outono-no-Campus.jpg\"><\/img>\n                                <\/div>\n                            <\/a>\n                        <\/div>\n                                        \n                                        \n                    \n                    <a class=\"noticias-widget-title d-block  m-0 \"  title=\"Outono no campus | UFSM\" href=\"https:\/\/www.ufsm.br\/midias\/tvcampus\/2022\/06\/23\/outono-no-campus-ufsm\">\n                                                Outono no campus | UFSM                    <\/a>\n                    \n                    \n                                        \n                                        \n                                        <\/div>\n                                    <div class=\"col-12 col-lg-4 pb-4\">\n                                            <div class=\"noticias-widget-wrap\" style=\"height: 180px; overflow: hidden;\">\n                            <a title=\"\" href=\"https:\/\/www.ufsm.br\/midias\/tvcampus\/2020\/07\/30\/25-anos-da-tv-campus-memorias\">\n                                <span class=\"visually-hidden\">\n                                    25 anos da TV Campus: Mem\u00f3rias                                <\/span>\n                                <div class=\"noticias-widget-thumbs h-100\">\n                                    <img decoding=\"async\" class=\"object-fit-cover h-100 w-100\" alt=\"\" srcset=\"https:\/\/www.ufsm.br\/app\/uploads\/sites\/811\/2020\/12\/mqdefault-1-300x169.jpg 300w, https:\/\/www.ufsm.br\/app\/uploads\/sites\/811\/2020\/12\/mqdefault-1.jpg 320w\" src=\"https:\/\/www.ufsm.br\/app\/uploads\/sites\/811\/2020\/12\/mqdefault-1.jpg\"><\/img>\n                                <\/div>\n                            <\/a>\n                        <\/div>\n                                        \n                                        \n                    \n                    <a class=\"noticias-widget-title d-block  m-0 \"  title=\"25 anos da TV Campus: Mem\u00f3rias\" href=\"https:\/\/www.ufsm.br\/midias\/tvcampus\/2020\/07\/30\/25-anos-da-tv-campus-memorias\">\n                                                25 anos da TV Campus: Mem\u00f3rias                    <\/a>\n                    \n                    \n                                        \n                                        \n                                        <\/div>\n                            <\/div>\n                    <div class=\"row\">\n                                    <div class=\"col-12 col-lg-4 pb-4\">\n                                            <div class=\"noticias-widget-wrap\" style=\"height: 180px; overflow: hidden;\">\n                            <a title=\"\" href=\"https:\/\/www.ufsm.br\/midias\/tvcampus\/2020\/07\/21\/vinheta-25-anos-tvcampus\">\n                                <span class=\"visually-hidden\">\n                                    Vinheta 25 anos TVCampus                                <\/span>\n                                <div class=\"noticias-widget-thumbs h-100\">\n                                    <img decoding=\"async\" class=\"object-fit-cover h-100 w-100\" alt=\"\" srcset=\"https:\/\/www.ufsm.br\/app\/uploads\/sites\/811\/2020\/12\/mqdefault-1-1-300x169.jpg 300w, https:\/\/www.ufsm.br\/app\/uploads\/sites\/811\/2020\/12\/mqdefault-1-1.jpg 320w\" src=\"https:\/\/www.ufsm.br\/app\/uploads\/sites\/811\/2020\/12\/mqdefault-1-1.jpg\"><\/img>\n                                <\/div>\n                            <\/a>\n                        <\/div>\n                                        \n                                        \n                    \n                    <a class=\"noticias-widget-title d-block  m-0 \"  title=\"Vinheta 25 anos TVCampus\" href=\"https:\/\/www.ufsm.br\/midias\/tvcampus\/2020\/07\/21\/vinheta-25-anos-tvcampus\">\n                                                Vinheta 25 anos TVCampus                    <\/a>\n                    \n                    \n                                        \n                                        \n                                        <\/div>\n                                    <div class=\"col-12 col-lg-4 pb-4\">\n                                            <div class=\"noticias-widget-wrap\" style=\"height: 180px; overflow: hidden;\">\n                            <a title=\"\" href=\"https:\/\/www.ufsm.br\/midias\/tvcampus\/2020\/05\/16\/162-anos-de-santa-maria-homenagem-da-tv-campus\">\n                                <span class=\"visually-hidden\">\n                                    162 anos de Santa Maria &#8211; Homenagem da TV Campus                                <\/span>\n                                <div class=\"noticias-widget-thumbs h-100\">\n                                    <img decoding=\"async\" class=\"object-fit-cover h-100 w-100\" alt=\"\" srcset=\"https:\/\/www.ufsm.br\/app\/uploads\/sites\/811\/2020\/12\/mqdefault-2-300x169.jpg 300w, https:\/\/www.ufsm.br\/app\/uploads\/sites\/811\/2020\/12\/mqdefault-2.jpg 320w\" src=\"https:\/\/www.ufsm.br\/app\/uploads\/sites\/811\/2020\/12\/mqdefault-2.jpg\"><\/img>\n                                <\/div>\n                            <\/a>\n                        <\/div>\n                                        \n                                        \n                    \n                    <a class=\"noticias-widget-title d-block  m-0 \"  title=\"162 anos de Santa Maria &#8211; Homenagem da TV Campus\" href=\"https:\/\/www.ufsm.br\/midias\/tvcampus\/2020\/05\/16\/162-anos-de-santa-maria-homenagem-da-tv-campus\">\n                                                162 anos de Santa Maria &#8211; Homenagem da TV Campus                    <\/a>\n                    \n                    \n                                        \n                                        \n                                        <\/div>\n                                    <div class=\"col-12 col-lg-4 pb-4\">\n                                            <div class=\"noticias-widget-wrap\" style=\"height: 180px; overflow: hidden;\">\n                            <a title=\"\" href=\"https:\/\/www.ufsm.br\/midias\/tvcampus\/2020\/01\/22\/5-frases-machistas-ufsmsemassedio-2\">\n                                <span class=\"visually-hidden\">\n                                    5 Frases Machistas &#8211; #UFSMSemAss\u00e9dio                                <\/span>\n                                <div class=\"noticias-widget-thumbs h-100\">\n                                    <img decoding=\"async\" class=\"object-fit-cover h-100 w-100\" alt=\"\" srcset=\"https:\/\/www.ufsm.br\/app\/uploads\/sites\/811\/2020\/03\/mqdefault-22-3-300x169.jpg 300w, https:\/\/www.ufsm.br\/app\/uploads\/sites\/811\/2020\/03\/mqdefault-22-3.jpg 320w\" src=\"https:\/\/www.ufsm.br\/app\/uploads\/sites\/811\/2020\/03\/mqdefault-22-3.jpg\"><\/img>\n                                <\/div>\n                            <\/a>\n                        <\/div>\n                                        \n                                        \n                    \n                    <a class=\"noticias-widget-title d-block  m-0 \"  title=\"5 Frases Machistas &#8211; #UFSMSemAss\u00e9dio\" href=\"https:\/\/www.ufsm.br\/midias\/tvcampus\/2020\/01\/22\/5-frases-machistas-ufsmsemassedio-2\">\n                                                5 Frases Machistas &#8211; #UFSMSemAss\u00e9dio                    <\/a>\n                    \n                    \n                                        \n                                        \n                                        <\/div>\n                            <\/div>\n                    <div class=\"row\">\n                                    <div class=\"col-12 col-lg-4 pb-4\">\n                                            <div class=\"noticias-widget-wrap\" style=\"height: 180px; overflow: hidden;\">\n                            <a title=\"\" href=\"https:\/\/www.ufsm.br\/midias\/tvcampus\/2019\/12\/23\/boas-festas-e-feliz-2020-3\">\n                                <span class=\"visually-hidden\">\n                                    Boas Festas e Feliz 2020!                                <\/span>\n                                <div class=\"noticias-widget-thumbs h-100\">\n                                    <img decoding=\"async\" class=\"object-fit-cover h-100 w-100\" alt=\"\" srcset=\"https:\/\/www.ufsm.br\/app\/uploads\/sites\/811\/2020\/03\/mqdefault-23-3-300x169.jpg 300w, https:\/\/www.ufsm.br\/app\/uploads\/sites\/811\/2020\/03\/mqdefault-23-3.jpg 320w\" src=\"https:\/\/www.ufsm.br\/app\/uploads\/sites\/811\/2020\/03\/mqdefault-23-3.jpg\"><\/img>\n                                <\/div>\n                            <\/a>\n                        <\/div>\n                                        \n                                        \n                    \n                    <a class=\"noticias-widget-title d-block  m-0 \"  title=\"Boas Festas e Feliz 2020!\" href=\"https:\/\/www.ufsm.br\/midias\/tvcampus\/2019\/12\/23\/boas-festas-e-feliz-2020-3\">\n                                                Boas Festas e Feliz 2020!                    <\/a>\n                    \n                    \n                                        \n                                        \n                                        <\/div>\n                                    <div class=\"col-12 col-lg-4 pb-4\">\n                                            <div class=\"noticias-widget-wrap\" style=\"height: 180px; overflow: hidden;\">\n                            <a title=\"\" href=\"https:\/\/www.ufsm.br\/midias\/tvcampus\/2019\/12\/04\/seminario-nacional-de-prevencao-e-protecao-contra-incendio-agende-se\">\n                                <span class=\"visually-hidden\">\n                                    Semin\u00e1rio Nacional de Preven\u00e7\u00e3o e Prote\u00e7\u00e3o contra Inc\u00eandio &#8211; Agende-se                                <\/span>\n                                <div class=\"noticias-widget-thumbs h-100\">\n                                    <img decoding=\"async\" class=\"object-fit-cover h-100 w-100\" alt=\"\" srcset=\"https:\/\/www.ufsm.br\/app\/uploads\/sites\/811\/2020\/03\/mqdefault-24-3-300x169.jpg 300w, https:\/\/www.ufsm.br\/app\/uploads\/sites\/811\/2020\/03\/mqdefault-24-3.jpg 320w\" src=\"https:\/\/www.ufsm.br\/app\/uploads\/sites\/811\/2020\/03\/mqdefault-24-3.jpg\"><\/img>\n                                <\/div>\n                            <\/a>\n                        <\/div>\n                                        \n                                        \n                    \n                    <a class=\"noticias-widget-title d-block  m-0 \"  title=\"Semin\u00e1rio Nacional de Preven\u00e7\u00e3o e Prote\u00e7\u00e3o contra Inc\u00eandio &#8211; Agende-se\" href=\"https:\/\/www.ufsm.br\/midias\/tvcampus\/2019\/12\/04\/seminario-nacional-de-prevencao-e-protecao-contra-incendio-agende-se\">\n                                                Semin\u00e1rio Nacional de Preven\u00e7\u00e3o e Prote\u00e7\u00e3o contra Inc\u00eandio &#8211; Agende-se                    <\/a>\n                    \n                    \n                                        \n                                        \n                                        <\/div>\n                                    <div class=\"col-12 col-lg-4 pb-4\">\n                                            <div class=\"noticias-widget-wrap\" style=\"height: 180px; overflow: hidden;\">\n                            <a title=\"\" href=\"https:\/\/www.ufsm.br\/midias\/tvcampus\/2019\/11\/25\/i-simposio-de-intercambio-academico-agende-se\">\n                                <span class=\"visually-hidden\">\n                                    I Simp\u00f3sio de Interc\u00e2mbio Acad\u00eamico &#8211; Agende-se                                <\/span>\n                                <div class=\"noticias-widget-thumbs h-100\">\n                                    <img decoding=\"async\" class=\"object-fit-cover h-100 w-100\" alt=\"\" srcset=\"https:\/\/www.ufsm.br\/app\/uploads\/sites\/811\/2020\/03\/mqdefault-25-3-300x169.jpg 300w, https:\/\/www.ufsm.br\/app\/uploads\/sites\/811\/2020\/03\/mqdefault-25-3.jpg 320w\" src=\"https:\/\/www.ufsm.br\/app\/uploads\/sites\/811\/2020\/03\/mqdefault-25-3.jpg\"><\/img>\n                                <\/div>\n                            <\/a>\n                        <\/div>\n                                        \n                                        \n                    \n                    <a class=\"noticias-widget-title d-block  m-0 \"  title=\"I Simp\u00f3sio de Interc\u00e2mbio Acad\u00eamico &#8211; Agende-se\" href=\"https:\/\/www.ufsm.br\/midias\/tvcampus\/2019\/11\/25\/i-simposio-de-intercambio-academico-agende-se\">\n                                                I Simp\u00f3sio de Interc\u00e2mbio Acad\u00eamico &#8211; Agende-se                    <\/a>\n                    \n                    \n                                        \n                                        \n                                        <\/div>\n                            <\/div>\n            <\/div>\n<div class=\"leia-mais p-1\">\n                <a href=\"https:\/\/www.ufsm.br\/midias\/tvcampus\/category\/vts-e-campanhas\/\">\n            VISUALIZE MAIS            <span class=\"icon-box\">\n                <span class=\"bg-ufsm-widget-icon\">\n                    <i class=\"fas fa-chevron-right\" aria-hidden=\"true\"><\/i>\n                <\/span>\n            <\/span>\n        <\/a>\n    <\/div>\n\t\t<\/div>\n\t\t\t\t<\/div>\n\t\t\t\t\t<\/div>\n\t\t<\/div>\n\t\t\t\t\t<\/div>\n\t\t<\/section>\n\t\t\t\t<\/div>\n\t\t","protected":false},"excerpt":{"rendered":"","protected":false},"author":2492,"featured_media":0,"parent":0,"menu_order":0,"comment_status":"closed","ping_status":"closed","template":"","meta":{"footnotes":""},"categories":[],"tags":[],"class_list":["post-1236","page","type-page","status-publish","hentry"],"acf":[],"_links":{"self":[{"href":"https:\/\/www.ufsm.br\/midias\/tvcampus\/wp-json\/wp\/v2\/pages\/1236","targetHints":{"allow":["GET"]}}],"collection":[{"href":"https:\/\/www.ufsm.br\/midias\/tvcampus\/wp-json\/wp\/v2\/pages"}],"about":[{"href":"https:\/\/www.ufsm.br\/midias\/tvcampus\/wp-json\/wp\/v2\/types\/page"}],"author":[{"embeddable":true,"href":"https:\/\/www.ufsm.br\/midias\/tvcampus\/wp-json\/wp\/v2\/users\/2492"}],"replies":[{"embeddable":true,"href":"https:\/\/www.ufsm.br\/midias\/tvcampus\/wp-json\/wp\/v2\/comments?post=1236"}],"version-history":[{"count":0,"href":"https:\/\/www.ufsm.br\/midias\/tvcampus\/wp-json\/wp\/v2\/pages\/1236\/revisions"}],"wp:attachment":[{"href":"https:\/\/www.ufsm.br\/midias\/tvcampus\/wp-json\/wp\/v2\/media?parent=1236"}],"wp:term":[{"taxonomy":"category","embeddable":true,"href":"https:\/\/www.ufsm.br\/midias\/tvcampus\/wp-json\/wp\/v2\/categories?post=1236"},{"taxonomy":"post_tag","embeddable":true,"href":"https:\/\/www.ufsm.br\/midias\/tvcampus\/wp-json\/wp\/v2\/tags?post=1236"}],"curies":[{"name":"wp","href":"https:\/\/api.w.org\/{rel}","templated":true}]}}