{"id":1547,"date":"2020-03-09T15:32:10","date_gmt":"2020-03-09T18:32:10","guid":{"rendered":"https:\/\/www.ufsm.br\/midias\/tvcampus\/?page_id=1547"},"modified":"2020-12-16T22:08:23","modified_gmt":"2020-12-17T01:08:23","slug":"acontece-na-ufsm","status":"publish","type":"page","link":"https:\/\/www.ufsm.br\/midias\/tvcampus\/acontece-na-ufsm","title":{"rendered":"Acontece na UFSM"},"content":{"rendered":"\t\t<div data-elementor-type=\"wp-page\" data-elementor-id=\"1547\" class=\"elementor elementor-1547\">\n\t\t\t\t\t\t<section class=\"elementor-section elementor-top-section elementor-element elementor-element-649b72a1 elementor-section-boxed elementor-section-height-default elementor-section-height-default\" data-id=\"649b72a1\" data-element_type=\"section\">\n\t\t\t\t\t\t<div class=\"elementor-container elementor-column-gap-default\">\n\t\t\t\t\t<div class=\"elementor-column elementor-col-100 elementor-top-column elementor-element elementor-element-28671307\" data-id=\"28671307\" data-element_type=\"column\">\n\t\t\t<div class=\"elementor-widget-wrap elementor-element-populated\">\n\t\t\t\t\t\t<div class=\"elementor-element elementor-element-66a7815b elementor-widget elementor-widget-text-editor\" data-id=\"66a7815b\" data-element_type=\"widget\" data-widget_type=\"text-editor.default\">\n\t\t\t\t<div class=\"elementor-widget-container\">\n\t\t\t\t\t\t\t<!-- wp:tadv\/classic-paragraph \/-->\t\t\t\t\t\t<\/div>\n\t\t\t\t<\/div>\n\t\t\t\t\t<\/div>\n\t\t<\/div>\n\t\t\t\t\t<\/div>\n\t\t<\/section>\n\t\t\t\t<section class=\"elementor-section elementor-top-section elementor-element elementor-element-d94179d elementor-section-boxed elementor-section-height-default elementor-section-height-default\" data-id=\"d94179d\" data-element_type=\"section\">\n\t\t\t\t\t\t<div class=\"elementor-container elementor-column-gap-default\">\n\t\t\t\t\t<div class=\"elementor-column elementor-col-100 elementor-top-column elementor-element elementor-element-fd4117e\" data-id=\"fd4117e\" data-element_type=\"column\">\n\t\t\t<div class=\"elementor-widget-wrap elementor-element-populated\">\n\t\t\t\t\t\t<div class=\"elementor-element elementor-element-8040cd4 elementor-widget elementor-widget-image\" data-id=\"8040cd4\" data-element_type=\"widget\" data-widget_type=\"image.default\">\n\t\t\t\t<div class=\"elementor-widget-container\">\n\t\t\t\t\t\t\t\t\t\t\t\t\t<img fetchpriority=\"high\" decoding=\"async\" width=\"768\" height=\"576\" src=\"https:\/\/www.ufsm.br\/app\/uploads\/sites\/811\/2020\/03\/acontece-768x576.jpg\" class=\"attachment-medium_large size-medium_large wp-image-1551\" alt=\"\" srcset=\"https:\/\/www.ufsm.br\/app\/uploads\/sites\/811\/2020\/03\/acontece-768x576.jpg 768w, https:\/\/www.ufsm.br\/app\/uploads\/sites\/811\/2020\/03\/acontece-300x225.jpg 300w, https:\/\/www.ufsm.br\/app\/uploads\/sites\/811\/2020\/03\/acontece-1024x768.jpg 1024w, https:\/\/www.ufsm.br\/app\/uploads\/sites\/811\/2020\/03\/acontece-1536x1152.jpg 1536w, https:\/\/www.ufsm.br\/app\/uploads\/sites\/811\/2020\/03\/acontece.jpg 1920w\" sizes=\"(max-width: 768px) 100vw, 768px\" \/>\t\t\t\t\t\t\t\t\t\t\t\t\t<\/div>\n\t\t\t\t<\/div>\n\t\t\t\t\t<\/div>\n\t\t<\/div>\n\t\t\t\t\t<\/div>\n\t\t<\/section>\n\t\t\t\t<section class=\"elementor-section elementor-top-section elementor-element elementor-element-d3b8832 elementor-section-boxed elementor-section-height-default elementor-section-height-default\" data-id=\"d3b8832\" data-element_type=\"section\">\n\t\t\t\t\t\t<div class=\"elementor-container elementor-column-gap-default\">\n\t\t\t\t\t<div class=\"elementor-column elementor-col-100 elementor-top-column elementor-element elementor-element-38b7600\" data-id=\"38b7600\" data-element_type=\"column\">\n\t\t\t<div class=\"elementor-widget-wrap elementor-element-populated\">\n\t\t\t\t\t\t<div class=\"elementor-element elementor-element-349ba66 elementor-widget elementor-widget-wp-widget-ufsm_noticias_widget\" data-id=\"349ba66\" data-element_type=\"widget\" data-widget_type=\"wp-widget-ufsm_noticias_widget.default\">\n\t\t\t\t<div class=\"elementor-widget-container\">\n\t\t\t<h5 class='titulo-conteudos'>Acontece na UFSM<\/h5><div class='widget-noticias-inside'>\n                        <div class=\"row\">\n                                    <div class=\"col-12 col-lg-4 pb-4\">\n                                            <div class=\"noticias-widget-wrap\" style=\"height: 180px; overflow: hidden;\">\n                            <a title=\"\" href=\"https:\/\/www.ufsm.br\/midias\/tvcampus\/2019\/02\/25\/encontro-global-yield-gap-atlas-acontece-na-ufsm\">\n                                <span class=\"visually-hidden\">\n                                    Encontro Global Yield Gap Atlas &#8211; Acontece na UFSM                                <\/span>\n                                <div class=\"noticias-widget-thumbs h-100\">\n                                    <img decoding=\"async\" class=\"object-fit-cover h-100 w-100\" alt=\"\" srcset=\"https:\/\/www.ufsm.br\/app\/uploads\/sites\/811\/2020\/03\/mqdefault-113-300x169.jpg 300w, https:\/\/www.ufsm.br\/app\/uploads\/sites\/811\/2020\/03\/mqdefault-113.jpg 320w\" src=\"https:\/\/www.ufsm.br\/app\/uploads\/sites\/811\/2020\/03\/mqdefault-113.jpg\"><\/img>\n                                <\/div>\n                            <\/a>\n                        <\/div>\n                                        \n                                        \n                    \n                    <a class=\"noticias-widget-title d-block  m-0 \"  title=\"Encontro Global Yield Gap Atlas &#8211; Acontece na UFSM\" href=\"https:\/\/www.ufsm.br\/midias\/tvcampus\/2019\/02\/25\/encontro-global-yield-gap-atlas-acontece-na-ufsm\">\n                                                Encontro Global Yield Gap Atlas &#8211; Acontece na UFSM                    <\/a>\n                    \n                    \n                                        \n                                        \n                                        <\/div>\n                                    <div class=\"col-12 col-lg-4 pb-4\">\n                                            <div class=\"noticias-widget-wrap\" style=\"height: 180px; overflow: hidden;\">\n                            <a title=\"\" href=\"https:\/\/www.ufsm.br\/midias\/tvcampus\/2019\/01\/31\/confirmacao-de-vaga-sisu-i-2019-acontece-na-ufsm\">\n                                <span class=\"visually-hidden\">\n                                    Confirma\u00e7\u00e3o de vaga SISU I\/2019 &#8211; Acontece na UFSM                                <\/span>\n                                <div class=\"noticias-widget-thumbs h-100\">\n                                    <img decoding=\"async\" class=\"object-fit-cover h-100 w-100\" alt=\"\" srcset=\"https:\/\/www.ufsm.br\/app\/uploads\/sites\/811\/2020\/03\/mqdefault-1-13-300x169.jpg 300w, https:\/\/www.ufsm.br\/app\/uploads\/sites\/811\/2020\/03\/mqdefault-1-13.jpg 320w\" src=\"https:\/\/www.ufsm.br\/app\/uploads\/sites\/811\/2020\/03\/mqdefault-1-13.jpg\"><\/img>\n                                <\/div>\n                            <\/a>\n                        <\/div>\n                                        \n                                        \n                    \n                    <a class=\"noticias-widget-title d-block  m-0 \"  title=\"Confirma\u00e7\u00e3o de vaga SISU I\/2019 &#8211; Acontece na UFSM\" href=\"https:\/\/www.ufsm.br\/midias\/tvcampus\/2019\/01\/31\/confirmacao-de-vaga-sisu-i-2019-acontece-na-ufsm\">\n                                                Confirma\u00e7\u00e3o de vaga SISU I\/2019 &#8211; Acontece na UFSM                    <\/a>\n                    \n                    \n                                        \n                                        \n                                        <\/div>\n                                    <div class=\"col-12 col-lg-4 pb-4\">\n                                            <div class=\"noticias-widget-wrap\" style=\"height: 180px; overflow: hidden;\">\n                            <a title=\"\" href=\"https:\/\/www.ufsm.br\/midias\/tvcampus\/2019\/01\/24\/orcamento-2019-acontece-na-ufsm\">\n                                <span class=\"visually-hidden\">\n                                    Or\u00e7amento 2019 &#8211; Acontece na UFSM                                <\/span>\n                                <div class=\"noticias-widget-thumbs h-100\">\n                                    <img decoding=\"async\" class=\"object-fit-cover h-100 w-100\" alt=\"\" srcset=\"https:\/\/www.ufsm.br\/app\/uploads\/sites\/811\/2020\/03\/mqdefault-2-13-300x169.jpg 300w, https:\/\/www.ufsm.br\/app\/uploads\/sites\/811\/2020\/03\/mqdefault-2-13.jpg 320w\" src=\"https:\/\/www.ufsm.br\/app\/uploads\/sites\/811\/2020\/03\/mqdefault-2-13.jpg\"><\/img>\n                                <\/div>\n                            <\/a>\n                        <\/div>\n                                        \n                                        \n                    \n                    <a class=\"noticias-widget-title d-block  m-0 \"  title=\"Or\u00e7amento 2019 &#8211; Acontece na UFSM\" href=\"https:\/\/www.ufsm.br\/midias\/tvcampus\/2019\/01\/24\/orcamento-2019-acontece-na-ufsm\">\n                                                Or\u00e7amento 2019 &#8211; Acontece na UFSM                    <\/a>\n                    \n                    \n                                        \n                                        \n                                        <\/div>\n                            <\/div>\n                    <div class=\"row\">\n                                    <div class=\"col-12 col-lg-4 pb-4\">\n                                            <div class=\"noticias-widget-wrap\" style=\"height: 180px; overflow: hidden;\">\n                            <a title=\"\" href=\"https:\/\/www.ufsm.br\/midias\/tvcampus\/2019\/01\/23\/mudancas-no-edital-em-2019-sisu-ufsm\">\n                                <span class=\"visually-hidden\">\n                                    Mudan\u00e7as no edital em 2019 &#8211; SiSU UFSM                                <\/span>\n                                <div class=\"noticias-widget-thumbs h-100\">\n                                    <img decoding=\"async\" class=\"object-fit-cover h-100 w-100\" alt=\"\" srcset=\"https:\/\/www.ufsm.br\/app\/uploads\/sites\/811\/2020\/03\/mqdefault-3-12-300x169.jpg 300w, https:\/\/www.ufsm.br\/app\/uploads\/sites\/811\/2020\/03\/mqdefault-3-12.jpg 320w\" src=\"https:\/\/www.ufsm.br\/app\/uploads\/sites\/811\/2020\/03\/mqdefault-3-12.jpg\"><\/img>\n                                <\/div>\n                            <\/a>\n                        <\/div>\n                                        \n                                        \n                    \n                    <a class=\"noticias-widget-title d-block  m-0 \"  title=\"Mudan\u00e7as no edital em 2019 &#8211; SiSU UFSM\" href=\"https:\/\/www.ufsm.br\/midias\/tvcampus\/2019\/01\/23\/mudancas-no-edital-em-2019-sisu-ufsm\">\n                                                Mudan\u00e7as no edital em 2019 &#8211; SiSU UFSM                    <\/a>\n                    \n                    \n                                        \n                                        \n                                        <\/div>\n                                    <div class=\"col-12 col-lg-4 pb-4\">\n                                            <div class=\"noticias-widget-wrap\" style=\"height: 180px; overflow: hidden;\">\n                            <a title=\"\" href=\"https:\/\/www.ufsm.br\/midias\/tvcampus\/2018\/12\/20\/turismapp-acontece-na-ufsm\">\n                                <span class=\"visually-hidden\">\n                                    Turismapp &#8211; Acontece na UFSM                                <\/span>\n                                <div class=\"noticias-widget-thumbs h-100\">\n                                    <img decoding=\"async\" class=\"object-fit-cover h-100 w-100\" alt=\"\" srcset=\"https:\/\/www.ufsm.br\/app\/uploads\/sites\/811\/2020\/12\/mqdefault-2020-12-30T213956.460-300x169.jpg 300w, https:\/\/www.ufsm.br\/app\/uploads\/sites\/811\/2020\/12\/mqdefault-2020-12-30T213956.460.jpg 320w\" src=\"https:\/\/www.ufsm.br\/app\/uploads\/sites\/811\/2020\/12\/mqdefault-2020-12-30T213956.460.jpg\"><\/img>\n                                <\/div>\n                            <\/a>\n                        <\/div>\n                                        \n                                        \n                    \n                    <a class=\"noticias-widget-title d-block  m-0 \"  title=\"Turismapp &#8211; Acontece na UFSM\" href=\"https:\/\/www.ufsm.br\/midias\/tvcampus\/2018\/12\/20\/turismapp-acontece-na-ufsm\">\n                                                Turismapp &#8211; Acontece na UFSM                    <\/a>\n                    \n                    \n                                        \n                                        \n                                        <\/div>\n                                    <div class=\"col-12 col-lg-4 pb-4\">\n                                            <div class=\"noticias-widget-wrap\" style=\"height: 180px; overflow: hidden;\">\n                            <a title=\"\" href=\"https:\/\/www.ufsm.br\/midias\/tvcampus\/2018\/12\/18\/inauguracao-da-ceu-indigena-acontece-na-ufsm\">\n                                <span class=\"visually-hidden\">\n                                    Inaugura\u00e7\u00e3o da CEU Ind\u00edgena &#8211; Acontece na UFSM                                <\/span>\n                                <div class=\"noticias-widget-thumbs h-100\">\n                                    <img decoding=\"async\" class=\"object-fit-cover h-100 w-100\" alt=\"\" srcset=\"https:\/\/www.ufsm.br\/app\/uploads\/sites\/811\/2020\/12\/mqdefault-2020-12-30T214114.956-300x169.jpg 300w, https:\/\/www.ufsm.br\/app\/uploads\/sites\/811\/2020\/12\/mqdefault-2020-12-30T214114.956.jpg 320w\" src=\"https:\/\/www.ufsm.br\/app\/uploads\/sites\/811\/2020\/12\/mqdefault-2020-12-30T214114.956.jpg\"><\/img>\n                                <\/div>\n                            <\/a>\n                        <\/div>\n                                        \n                                        \n                    \n                    <a class=\"noticias-widget-title d-block  m-0 \"  title=\"Inaugura\u00e7\u00e3o da CEU Ind\u00edgena &#8211; Acontece na UFSM\" href=\"https:\/\/www.ufsm.br\/midias\/tvcampus\/2018\/12\/18\/inauguracao-da-ceu-indigena-acontece-na-ufsm\">\n                                                Inaugura\u00e7\u00e3o da CEU Ind\u00edgena &#8211; Acontece na UFSM                    <\/a>\n                    \n                    \n                                        \n                                        \n                                        <\/div>\n                            <\/div>\n            <\/div>\n<div class=\"leia-mais p-1\">\n                <a href=\"https:\/\/www.ufsm.br\/midias\/tvcampus\/category\/acontece-na-ufsm\/\">\n            Visualize mais            <span class=\"icon-box\">\n                <span class=\"bg-ufsm-widget-icon\">\n                    <i class=\"fas fa-chevron-right\" aria-hidden=\"true\"><\/i>\n                <\/span>\n            <\/span>\n        <\/a>\n    <\/div>\n\t\t<\/div>\n\t\t\t\t<\/div>\n\t\t\t\t\t<\/div>\n\t\t<\/div>\n\t\t\t\t\t<\/div>\n\t\t<\/section>\n\t\t\t\t<\/div>\n\t\t","protected":false},"excerpt":{"rendered":"","protected":false},"author":2492,"featured_media":0,"parent":0,"menu_order":0,"comment_status":"closed","ping_status":"closed","template":"","meta":{"footnotes":""},"categories":[],"tags":[],"class_list":["post-1547","page","type-page","status-publish","hentry"],"acf":[],"_links":{"self":[{"href":"https:\/\/www.ufsm.br\/midias\/tvcampus\/wp-json\/wp\/v2\/pages\/1547","targetHints":{"allow":["GET"]}}],"collection":[{"href":"https:\/\/www.ufsm.br\/midias\/tvcampus\/wp-json\/wp\/v2\/pages"}],"about":[{"href":"https:\/\/www.ufsm.br\/midias\/tvcampus\/wp-json\/wp\/v2\/types\/page"}],"author":[{"embeddable":true,"href":"https:\/\/www.ufsm.br\/midias\/tvcampus\/wp-json\/wp\/v2\/users\/2492"}],"replies":[{"embeddable":true,"href":"https:\/\/www.ufsm.br\/midias\/tvcampus\/wp-json\/wp\/v2\/comments?post=1547"}],"version-history":[{"count":0,"href":"https:\/\/www.ufsm.br\/midias\/tvcampus\/wp-json\/wp\/v2\/pages\/1547\/revisions"}],"wp:attachment":[{"href":"https:\/\/www.ufsm.br\/midias\/tvcampus\/wp-json\/wp\/v2\/media?parent=1547"}],"wp:term":[{"taxonomy":"category","embeddable":true,"href":"https:\/\/www.ufsm.br\/midias\/tvcampus\/wp-json\/wp\/v2\/categories?post=1547"},{"taxonomy":"post_tag","embeddable":true,"href":"https:\/\/www.ufsm.br\/midias\/tvcampus\/wp-json\/wp\/v2\/tags?post=1547"}],"curies":[{"name":"wp","href":"https:\/\/api.w.org\/{rel}","templated":true}]}}