{"id":1569,"date":"2020-03-09T16:18:55","date_gmt":"2020-03-09T19:18:55","guid":{"rendered":"https:\/\/www.ufsm.br\/midias\/tvcampus\/?page_id=1569"},"modified":"2021-01-05T18:52:06","modified_gmt":"2021-01-05T21:52:06","slug":"tubo-de-ensaio","status":"publish","type":"page","link":"https:\/\/www.ufsm.br\/midias\/tvcampus\/tubo-de-ensaio","title":{"rendered":"Tubo de Ensaio"},"content":{"rendered":"\t\t<div data-elementor-type=\"wp-page\" data-elementor-id=\"1569\" class=\"elementor elementor-1569\">\n\t\t\t\t\t\t<section class=\"elementor-section elementor-top-section elementor-element elementor-element-525e0be elementor-section-boxed elementor-section-height-default elementor-section-height-default\" data-id=\"525e0be\" data-element_type=\"section\">\n\t\t\t\t\t\t<div class=\"elementor-container elementor-column-gap-default\">\n\t\t\t\t\t<div class=\"elementor-column elementor-col-100 elementor-top-column elementor-element elementor-element-d2e4f3c\" data-id=\"d2e4f3c\" data-element_type=\"column\">\n\t\t\t<div class=\"elementor-widget-wrap elementor-element-populated\">\n\t\t\t\t\t\t<div class=\"elementor-element elementor-element-ed824ad elementor-widget elementor-widget-image\" data-id=\"ed824ad\" data-element_type=\"widget\" data-widget_type=\"image.default\">\n\t\t\t\t<div class=\"elementor-widget-container\">\n\t\t\t\t\t\t\t\t\t\t\t\t\t<img fetchpriority=\"high\" decoding=\"async\" width=\"768\" height=\"432\" src=\"https:\/\/www.ufsm.br\/app\/uploads\/sites\/811\/2020\/03\/tubo-de-ensaio-768x432.jpg\" class=\"attachment-medium_large size-medium_large wp-image-1573\" alt=\"\" srcset=\"https:\/\/www.ufsm.br\/app\/uploads\/sites\/811\/2020\/03\/tubo-de-ensaio-768x432.jpg 768w, https:\/\/www.ufsm.br\/app\/uploads\/sites\/811\/2020\/03\/tubo-de-ensaio-300x169.jpg 300w, https:\/\/www.ufsm.br\/app\/uploads\/sites\/811\/2020\/03\/tubo-de-ensaio-1024x576.jpg 1024w, https:\/\/www.ufsm.br\/app\/uploads\/sites\/811\/2020\/03\/tubo-de-ensaio-1536x864.jpg 1536w, https:\/\/www.ufsm.br\/app\/uploads\/sites\/811\/2020\/03\/tubo-de-ensaio.jpg 1920w\" sizes=\"(max-width: 768px) 100vw, 768px\" \/>\t\t\t\t\t\t\t\t\t\t\t\t\t<\/div>\n\t\t\t\t<\/div>\n\t\t\t\t\t<\/div>\n\t\t<\/div>\n\t\t\t\t\t<\/div>\n\t\t<\/section>\n\t\t\t\t<section class=\"elementor-section elementor-top-section elementor-element elementor-element-6ff5b75 elementor-section-boxed elementor-section-height-default elementor-section-height-default\" data-id=\"6ff5b75\" data-element_type=\"section\">\n\t\t\t\t\t\t<div class=\"elementor-container elementor-column-gap-default\">\n\t\t\t\t\t<div class=\"elementor-column elementor-col-100 elementor-top-column elementor-element elementor-element-c7c6f33\" data-id=\"c7c6f33\" data-element_type=\"column\">\n\t\t\t<div class=\"elementor-widget-wrap elementor-element-populated\">\n\t\t\t\t\t\t<div class=\"elementor-element elementor-element-6547e39 elementor-widget elementor-widget-text-editor\" data-id=\"6547e39\" data-element_type=\"widget\" data-widget_type=\"text-editor.default\">\n\t\t\t\t<div class=\"elementor-widget-container\">\n\t\t\t\t\t\t\t<p style=\"text-align: left\">O Programa Tubo de Ensaio destaca a produ\u00e7\u00e3o cient\u00edfica da UFSM, com uma\u00a0produ\u00e7\u00e3o quinzenal e\u00a0estreia na\u00a0segunda, 20h. A produ\u00e7\u00e3o do Programa \u00e9 de D\u00e9bora Dalla Pozza\u00a0com apresenta\u00e7\u00e3o da acad\u00eamica de Jornalismo\u00a0Tainara Liesenfeld.<\/p>\t\t\t\t\t\t<\/div>\n\t\t\t\t<\/div>\n\t\t\t\t\t<\/div>\n\t\t<\/div>\n\t\t\t\t\t<\/div>\n\t\t<\/section>\n\t\t\t\t<section class=\"elementor-section elementor-top-section elementor-element elementor-element-70306a4 elementor-section-boxed elementor-section-height-default elementor-section-height-default\" data-id=\"70306a4\" data-element_type=\"section\">\n\t\t\t\t\t\t<div class=\"elementor-container elementor-column-gap-default\">\n\t\t\t\t\t<div class=\"elementor-column elementor-col-100 elementor-top-column elementor-element elementor-element-8987cdc\" data-id=\"8987cdc\" data-element_type=\"column\">\n\t\t\t<div class=\"elementor-widget-wrap elementor-element-populated\">\n\t\t\t\t\t\t<div class=\"elementor-element elementor-element-069d1bf elementor-widget elementor-widget-wp-widget-ufsm_noticias_widget\" data-id=\"069d1bf\" data-element_type=\"widget\" data-widget_type=\"wp-widget-ufsm_noticias_widget.default\">\n\t\t\t\t<div class=\"elementor-widget-container\">\n\t\t\t<div class='widget-noticias-inside'>\n                        <div class=\"row\">\n                                    <div class=\"col-12 col-lg-4 pb-4\">\n                                            <div class=\"noticias-widget-wrap\" style=\"height: 180px; overflow: hidden;\">\n                            <a title=\"\" href=\"https:\/\/www.ufsm.br\/midias\/tvcampus\/2016\/11\/01\/ctdbem-tubo-de-ensaio\">\n                                <span class=\"visually-hidden\">\n                                    CTdBem &#8211; Tubo de Ensaio                                <\/span>\n                                <div class=\"noticias-widget-thumbs h-100\">\n                                    <img decoding=\"async\" class=\"object-fit-cover h-100 w-100\" alt=\"\" srcset=\"https:\/\/www.ufsm.br\/app\/uploads\/sites\/811\/2016\/11\/Mgfw3pFrtVIhd-300x169.jpg 300w, https:\/\/www.ufsm.br\/app\/uploads\/sites\/811\/2016\/11\/Mgfw3pFrtVIhd-1024x576.jpg 1024w, https:\/\/www.ufsm.br\/app\/uploads\/sites\/811\/2016\/11\/Mgfw3pFrtVIhd-768x432.jpg 768w, https:\/\/www.ufsm.br\/app\/uploads\/sites\/811\/2016\/11\/Mgfw3pFrtVIhd.jpg 1280w\" src=\"https:\/\/www.ufsm.br\/app\/uploads\/sites\/811\/2016\/11\/Mgfw3pFrtVIhd-1024x576.jpg\"><\/img>\n                                <\/div>\n                            <\/a>\n                        <\/div>\n                                        \n                                        \n                    \n                    <a class=\"noticias-widget-title d-block  m-0 \"  title=\"CTdBem &#8211; Tubo de Ensaio\" href=\"https:\/\/www.ufsm.br\/midias\/tvcampus\/2016\/11\/01\/ctdbem-tubo-de-ensaio\">\n                                                CTdBem &#8211; Tubo de Ensaio                    <\/a>\n                    \n                    \n                                        \n                                        \n                                        <\/div>\n                                    <div class=\"col-12 col-lg-4 pb-4\">\n                                            <div class=\"noticias-widget-wrap\" style=\"height: 180px; overflow: hidden;\">\n                            <a title=\"\" href=\"https:\/\/www.ufsm.br\/midias\/tvcampus\/2016\/09\/14\/migraidh-tubo-de-ensaio\">\n                                <span class=\"visually-hidden\">\n                                    MIGRAIDH &#8211; Tubo de Ensaio                                <\/span>\n                                <div class=\"noticias-widget-thumbs h-100\">\n                                    <img decoding=\"async\" class=\"object-fit-cover h-100 w-100\" alt=\"\" srcset=\"https:\/\/www.ufsm.br\/app\/uploads\/sites\/811\/2020\/12\/mqdefault-2020-12-28T172354.193-300x169.jpg 300w, https:\/\/www.ufsm.br\/app\/uploads\/sites\/811\/2020\/12\/mqdefault-2020-12-28T172354.193.jpg 320w\" src=\"https:\/\/www.ufsm.br\/app\/uploads\/sites\/811\/2020\/12\/mqdefault-2020-12-28T172354.193.jpg\"><\/img>\n                                <\/div>\n                            <\/a>\n                        <\/div>\n                                        \n                                        \n                    \n                    <a class=\"noticias-widget-title d-block  m-0 \"  title=\"MIGRAIDH &#8211; Tubo de Ensaio\" href=\"https:\/\/www.ufsm.br\/midias\/tvcampus\/2016\/09\/14\/migraidh-tubo-de-ensaio\">\n                                                MIGRAIDH &#8211; Tubo de Ensaio                    <\/a>\n                    \n                    \n                                        \n                                        \n                                        <\/div>\n                                    <div class=\"col-12 col-lg-4 pb-4\">\n                                            <div class=\"noticias-widget-wrap\" style=\"height: 180px; overflow: hidden;\">\n                            <a title=\"\" href=\"https:\/\/www.ufsm.br\/midias\/tvcampus\/2016\/09\/05\/tubo-de-ensaio-desenvolvimento-de-produtos-panificados-sem-gluten\">\n                                <span class=\"visually-hidden\">\n                                    Tubo de Ensaio &#8211; Desenvolvimento de Produtos Panificados sem Gl\u00faten                                <\/span>\n                                <div class=\"noticias-widget-thumbs h-100\">\n                                    <img decoding=\"async\" class=\"object-fit-cover h-100 w-100\" alt=\"\" srcset=\"https:\/\/www.ufsm.br\/app\/uploads\/sites\/811\/2020\/12\/mqdefault-2020-12-28T172455.623-300x169.jpg 300w, https:\/\/www.ufsm.br\/app\/uploads\/sites\/811\/2020\/12\/mqdefault-2020-12-28T172455.623.jpg 320w\" src=\"https:\/\/www.ufsm.br\/app\/uploads\/sites\/811\/2020\/12\/mqdefault-2020-12-28T172455.623.jpg\"><\/img>\n                                <\/div>\n                            <\/a>\n                        <\/div>\n                                        \n                                        \n                    \n                    <a class=\"noticias-widget-title d-block  m-0 \"  title=\"Tubo de Ensaio &#8211; Desenvolvimento de Produtos Panificados sem Gl\u00faten\" href=\"https:\/\/www.ufsm.br\/midias\/tvcampus\/2016\/09\/05\/tubo-de-ensaio-desenvolvimento-de-produtos-panificados-sem-gluten\">\n                                                Tubo de Ensaio &#8211; Desenvolvimento de Produtos Panificados sem Gl\u00faten                    <\/a>\n                    \n                    \n                                        \n                                        \n                                        <\/div>\n                            <\/div>\n                    <div class=\"row\">\n                                    <div class=\"col-12 col-lg-4 pb-4\">\n                                            <div class=\"noticias-widget-wrap\" style=\"height: 180px; overflow: hidden;\">\n                            <a title=\"\" href=\"https:\/\/www.ufsm.br\/midias\/tvcampus\/2016\/08\/28\/tubo-de-ensaio-laboratorio-de-micrometeorologia\">\n                                <span class=\"visually-hidden\">\n                                    Tubo de Ensaio &#8211; Laborat\u00f3rio de Micrometeorologia                                <\/span>\n                                <div class=\"noticias-widget-thumbs h-100\">\n                                    <img decoding=\"async\" class=\"object-fit-cover h-100 w-100\" alt=\"\" srcset=\"https:\/\/www.ufsm.br\/app\/uploads\/sites\/811\/2020\/12\/mqdefault-2020-12-28T172621.436-300x169.jpg 300w, https:\/\/www.ufsm.br\/app\/uploads\/sites\/811\/2020\/12\/mqdefault-2020-12-28T172621.436.jpg 320w\" src=\"https:\/\/www.ufsm.br\/app\/uploads\/sites\/811\/2020\/12\/mqdefault-2020-12-28T172621.436.jpg\"><\/img>\n                                <\/div>\n                            <\/a>\n                        <\/div>\n                                        \n                                        \n                    \n                    <a class=\"noticias-widget-title d-block  m-0 \"  title=\"Tubo de Ensaio &#8211; Laborat\u00f3rio de Micrometeorologia\" href=\"https:\/\/www.ufsm.br\/midias\/tvcampus\/2016\/08\/28\/tubo-de-ensaio-laboratorio-de-micrometeorologia\">\n                                                Tubo de Ensaio &#8211; Laborat\u00f3rio de Micrometeorologia                    <\/a>\n                    \n                    \n                                        \n                                        \n                                        <\/div>\n                            <\/div>\n            <\/div>\n<div class=\"leia-mais p-1\">\n                <a href=\"https:\/\/www.ufsm.br\/midias\/tvcampus\/category\/tubo-de-ensaio\/\">\n            LEIA MAIS            <span class=\"icon-box\">\n                <span class=\"bg-ufsm-widget-icon\">\n                    <i class=\"fas fa-chevron-right\" aria-hidden=\"true\"><\/i>\n                <\/span>\n            <\/span>\n        <\/a>\n    <\/div>\n\t\t<\/div>\n\t\t\t\t<\/div>\n\t\t\t\t\t<\/div>\n\t\t<\/div>\n\t\t\t\t\t<\/div>\n\t\t<\/section>\n\t\t\t\t<\/div>\n\t\t","protected":false},"excerpt":{"rendered":"<p>O Programa Tubo de Ensaio destaca a produ\u00e7\u00e3o cient\u00edfica da UFSM, com uma\u00a0produ\u00e7\u00e3o quinzenal e\u00a0estreia na\u00a0segunda, 20h. A produ\u00e7\u00e3o do Programa \u00e9 de D\u00e9bora Dalla Pozza\u00a0com apresenta\u00e7\u00e3o da acad\u00eamica de Jornalismo\u00a0Tainara Liesenfeld.<\/p>\n","protected":false},"author":2492,"featured_media":0,"parent":0,"menu_order":0,"comment_status":"closed","ping_status":"closed","template":"","meta":{"footnotes":""},"categories":[],"tags":[],"class_list":["post-1569","page","type-page","status-publish","hentry"],"acf":[],"_links":{"self":[{"href":"https:\/\/www.ufsm.br\/midias\/tvcampus\/wp-json\/wp\/v2\/pages\/1569","targetHints":{"allow":["GET"]}}],"collection":[{"href":"https:\/\/www.ufsm.br\/midias\/tvcampus\/wp-json\/wp\/v2\/pages"}],"about":[{"href":"https:\/\/www.ufsm.br\/midias\/tvcampus\/wp-json\/wp\/v2\/types\/page"}],"author":[{"embeddable":true,"href":"https:\/\/www.ufsm.br\/midias\/tvcampus\/wp-json\/wp\/v2\/users\/2492"}],"replies":[{"embeddable":true,"href":"https:\/\/www.ufsm.br\/midias\/tvcampus\/wp-json\/wp\/v2\/comments?post=1569"}],"version-history":[{"count":0,"href":"https:\/\/www.ufsm.br\/midias\/tvcampus\/wp-json\/wp\/v2\/pages\/1569\/revisions"}],"wp:attachment":[{"href":"https:\/\/www.ufsm.br\/midias\/tvcampus\/wp-json\/wp\/v2\/media?parent=1569"}],"wp:term":[{"taxonomy":"category","embeddable":true,"href":"https:\/\/www.ufsm.br\/midias\/tvcampus\/wp-json\/wp\/v2\/categories?post=1569"},{"taxonomy":"post_tag","embeddable":true,"href":"https:\/\/www.ufsm.br\/midias\/tvcampus\/wp-json\/wp\/v2\/tags?post=1569"}],"curies":[{"name":"wp","href":"https:\/\/api.w.org\/{rel}","templated":true}]}}