{"id":1570,"date":"2020-03-09T16:20:16","date_gmt":"2020-03-09T19:20:16","guid":{"rendered":"https:\/\/www.ufsm.br\/midias\/tvcampus\/?page_id=1570"},"modified":"2021-01-05T18:49:25","modified_gmt":"2021-01-05T21:49:25","slug":"megafone-dce","status":"publish","type":"page","link":"https:\/\/www.ufsm.br\/midias\/tvcampus\/megafone-dce","title":{"rendered":"Megafone DCE"},"content":{"rendered":"\t\t<div data-elementor-type=\"wp-page\" data-elementor-id=\"1570\" class=\"elementor elementor-1570\">\n\t\t\t\t\t\t<section class=\"elementor-section elementor-top-section elementor-element elementor-element-fb3ad66 elementor-section-boxed elementor-section-height-default elementor-section-height-default\" data-id=\"fb3ad66\" data-element_type=\"section\">\n\t\t\t\t\t\t<div class=\"elementor-container elementor-column-gap-default\">\n\t\t\t\t\t<div class=\"elementor-column elementor-col-100 elementor-top-column elementor-element elementor-element-a11aebe\" data-id=\"a11aebe\" data-element_type=\"column\">\n\t\t\t<div class=\"elementor-widget-wrap elementor-element-populated\">\n\t\t\t\t\t\t<div class=\"elementor-element elementor-element-c8587d2 elementor-widget elementor-widget-image\" data-id=\"c8587d2\" data-element_type=\"widget\" data-widget_type=\"image.default\">\n\t\t\t\t<div class=\"elementor-widget-container\">\n\t\t\t\t\t\t\t\t\t\t\t\t\t<img fetchpriority=\"high\" decoding=\"async\" width=\"768\" height=\"576\" src=\"https:\/\/www.ufsm.br\/app\/uploads\/sites\/811\/2020\/03\/dce-768x576.jpg\" class=\"attachment-medium_large size-medium_large wp-image-1576\" alt=\"\" srcset=\"https:\/\/www.ufsm.br\/app\/uploads\/sites\/811\/2020\/03\/dce-768x576.jpg 768w, https:\/\/www.ufsm.br\/app\/uploads\/sites\/811\/2020\/03\/dce-300x225.jpg 300w, https:\/\/www.ufsm.br\/app\/uploads\/sites\/811\/2020\/03\/dce-1024x768.jpg 1024w, https:\/\/www.ufsm.br\/app\/uploads\/sites\/811\/2020\/03\/dce-1536x1152.jpg 1536w, https:\/\/www.ufsm.br\/app\/uploads\/sites\/811\/2020\/03\/dce.jpg 1920w\" sizes=\"(max-width: 768px) 100vw, 768px\" \/>\t\t\t\t\t\t\t\t\t\t\t\t\t<\/div>\n\t\t\t\t<\/div>\n\t\t\t\t\t<\/div>\n\t\t<\/div>\n\t\t\t\t\t<\/div>\n\t\t<\/section>\n\t\t\t\t<section class=\"elementor-section elementor-top-section elementor-element elementor-element-4e3a5d5 elementor-section-boxed elementor-section-height-default elementor-section-height-default\" data-id=\"4e3a5d5\" data-element_type=\"section\">\n\t\t\t\t\t\t<div class=\"elementor-container elementor-column-gap-default\">\n\t\t\t\t\t<div class=\"elementor-column elementor-col-100 elementor-top-column elementor-element elementor-element-4c46d6c\" data-id=\"4c46d6c\" data-element_type=\"column\">\n\t\t\t<div class=\"elementor-widget-wrap elementor-element-populated\">\n\t\t\t\t\t\t<div class=\"elementor-element elementor-element-09da061 elementor-widget elementor-widget-wp-widget-ufsm_noticias_widget\" data-id=\"09da061\" data-element_type=\"widget\" data-widget_type=\"wp-widget-ufsm_noticias_widget.default\">\n\t\t\t\t<div class=\"elementor-widget-container\">\n\t\t\t<div class='widget-noticias-inside'>\n                        <div class=\"row\">\n                                    <div class=\"col-12 col-lg-4 pb-4\">\n                                            <div class=\"noticias-widget-wrap\" style=\"height: 180px; overflow: hidden;\">\n                            <a title=\"\" href=\"https:\/\/www.ufsm.br\/midias\/tvcampus\/2016\/05\/13\/megafone-dce-balanco-gestao-pelas-nossas-maos\">\n                                <span class=\"visually-hidden\">\n                                    Megafone DCE &#8211; Balan\u00e7o Gest\u00e3o &#8220;Pelas Nossas M\u00e3os&#8221;                                <\/span>\n                                <div class=\"noticias-widget-thumbs h-100\">\n                                    <img decoding=\"async\" class=\"object-fit-cover h-100 w-100\" alt=\"\" srcset=\"https:\/\/www.ufsm.br\/app\/uploads\/sites\/811\/2020\/12\/mqdefault-2020-12-30T155345.962-300x169.jpg 300w, https:\/\/www.ufsm.br\/app\/uploads\/sites\/811\/2020\/12\/mqdefault-2020-12-30T155345.962.jpg 320w\" src=\"https:\/\/www.ufsm.br\/app\/uploads\/sites\/811\/2020\/12\/mqdefault-2020-12-30T155345.962.jpg\"><\/img>\n                                <\/div>\n                            <\/a>\n                        <\/div>\n                                        \n                                        \n                    \n                    <a class=\"noticias-widget-title d-block  m-0 \"  title=\"Megafone DCE &#8211; Balan\u00e7o Gest\u00e3o &#8220;Pelas Nossas M\u00e3os&#8221;\" href=\"https:\/\/www.ufsm.br\/midias\/tvcampus\/2016\/05\/13\/megafone-dce-balanco-gestao-pelas-nossas-maos\">\n                                                Megafone DCE &#8211; Balan\u00e7o Gest\u00e3o &#8220;Pelas Nossas M\u00e3os&#8221;                    <\/a>\n                    \n                    \n                                        \n                                        \n                                        <\/div>\n                                    <div class=\"col-12 col-lg-4 pb-4\">\n                                            <div class=\"noticias-widget-wrap\" style=\"height: 180px; overflow: hidden;\">\n                            <a title=\"\" href=\"https:\/\/www.ufsm.br\/midias\/tvcampus\/2015\/12\/09\/megafone-dce-cumba-i-encontro-de-estudantes-negras-e-negros-da-ufsm\">\n                                <span class=\"visually-hidden\">\n                                    Megafone DCE &#8211; Cumba: I Encontro de Estudantes Negras e Negros da UFSM                                <\/span>\n                                <div class=\"noticias-widget-thumbs h-100\">\n                                    <img decoding=\"async\" class=\"object-fit-cover h-100 w-100\" alt=\"\" srcset=\"https:\/\/www.ufsm.br\/app\/uploads\/sites\/811\/2020\/12\/mqdefault-2020-12-30T155505.929-300x169.jpg 300w, https:\/\/www.ufsm.br\/app\/uploads\/sites\/811\/2020\/12\/mqdefault-2020-12-30T155505.929.jpg 320w\" src=\"https:\/\/www.ufsm.br\/app\/uploads\/sites\/811\/2020\/12\/mqdefault-2020-12-30T155505.929.jpg\"><\/img>\n                                <\/div>\n                            <\/a>\n                        <\/div>\n                                        \n                                        \n                    \n                    <a class=\"noticias-widget-title d-block  m-0 \"  title=\"Megafone DCE &#8211; Cumba: I Encontro de Estudantes Negras e Negros da UFSM\" href=\"https:\/\/www.ufsm.br\/midias\/tvcampus\/2015\/12\/09\/megafone-dce-cumba-i-encontro-de-estudantes-negras-e-negros-da-ufsm\">\n                                                Megafone DCE &#8211; Cumba: I Encontro de Estudantes Negras e Negros da UFSM                    <\/a>\n                    \n                    \n                                        \n                                        \n                                        <\/div>\n                                    <div class=\"col-12 col-lg-4 pb-4\">\n                                            <div class=\"noticias-widget-wrap\" style=\"height: 180px; overflow: hidden;\">\n                            <a title=\"\" href=\"https:\/\/www.ufsm.br\/midias\/tvcampus\/2015\/11\/04\/megafone-dce-programa-1\">\n                                <span class=\"visually-hidden\">\n                                    Megafone DCE &#8211; Programa 1                                <\/span>\n                                <div class=\"noticias-widget-thumbs h-100\">\n                                    <img decoding=\"async\" class=\"object-fit-cover h-100 w-100\" alt=\"\" srcset=\"https:\/\/www.ufsm.br\/app\/uploads\/sites\/811\/2020\/12\/mqdefault-2020-12-30T155615.146-300x169.jpg 300w, https:\/\/www.ufsm.br\/app\/uploads\/sites\/811\/2020\/12\/mqdefault-2020-12-30T155615.146.jpg 320w\" src=\"https:\/\/www.ufsm.br\/app\/uploads\/sites\/811\/2020\/12\/mqdefault-2020-12-30T155615.146.jpg\"><\/img>\n                                <\/div>\n                            <\/a>\n                        <\/div>\n                                        \n                                        \n                    \n                    <a class=\"noticias-widget-title d-block  m-0 \"  title=\"Megafone DCE &#8211; Programa 1\" href=\"https:\/\/www.ufsm.br\/midias\/tvcampus\/2015\/11\/04\/megafone-dce-programa-1\">\n                                                Megafone DCE &#8211; Programa 1                    <\/a>\n                    \n                    \n                                        \n                                        \n                                        <\/div>\n                            <\/div>\n            <\/div>\n<div class=\"leia-mais p-1\">\n                <a href=\"https:\/\/www.ufsm.br\/midias\/tvcampus\/category\/megafone-dce\/\">\n            LEIA MAIS            <span class=\"icon-box\">\n                <span class=\"bg-ufsm-widget-icon\">\n                    <i class=\"fas fa-chevron-right\" aria-hidden=\"true\"><\/i>\n                <\/span>\n            <\/span>\n        <\/a>\n    <\/div>\n\t\t<\/div>\n\t\t\t\t<\/div>\n\t\t\t\t\t<\/div>\n\t\t<\/div>\n\t\t\t\t\t<\/div>\n\t\t<\/section>\n\t\t\t\t<\/div>\n\t\t","protected":false},"excerpt":{"rendered":"","protected":false},"author":2492,"featured_media":0,"parent":0,"menu_order":0,"comment_status":"closed","ping_status":"closed","template":"","meta":{"footnotes":""},"categories":[],"tags":[],"class_list":["post-1570","page","type-page","status-publish","hentry"],"acf":[],"_links":{"self":[{"href":"https:\/\/www.ufsm.br\/midias\/tvcampus\/wp-json\/wp\/v2\/pages\/1570","targetHints":{"allow":["GET"]}}],"collection":[{"href":"https:\/\/www.ufsm.br\/midias\/tvcampus\/wp-json\/wp\/v2\/pages"}],"about":[{"href":"https:\/\/www.ufsm.br\/midias\/tvcampus\/wp-json\/wp\/v2\/types\/page"}],"author":[{"embeddable":true,"href":"https:\/\/www.ufsm.br\/midias\/tvcampus\/wp-json\/wp\/v2\/users\/2492"}],"replies":[{"embeddable":true,"href":"https:\/\/www.ufsm.br\/midias\/tvcampus\/wp-json\/wp\/v2\/comments?post=1570"}],"version-history":[{"count":0,"href":"https:\/\/www.ufsm.br\/midias\/tvcampus\/wp-json\/wp\/v2\/pages\/1570\/revisions"}],"wp:attachment":[{"href":"https:\/\/www.ufsm.br\/midias\/tvcampus\/wp-json\/wp\/v2\/media?parent=1570"}],"wp:term":[{"taxonomy":"category","embeddable":true,"href":"https:\/\/www.ufsm.br\/midias\/tvcampus\/wp-json\/wp\/v2\/categories?post=1570"},{"taxonomy":"post_tag","embeddable":true,"href":"https:\/\/www.ufsm.br\/midias\/tvcampus\/wp-json\/wp\/v2\/tags?post=1570"}],"curies":[{"name":"wp","href":"https:\/\/api.w.org\/{rel}","templated":true}]}}