{"id":1571,"date":"2020-03-09T16:24:26","date_gmt":"2020-03-09T19:24:26","guid":{"rendered":"https:\/\/www.ufsm.br\/midias\/tvcampus\/?page_id=1571"},"modified":"2021-01-05T18:44:35","modified_gmt":"2021-01-05T21:44:35","slug":"extenda","status":"publish","type":"page","link":"https:\/\/www.ufsm.br\/midias\/tvcampus\/extenda","title":{"rendered":"Extenda"},"content":{"rendered":"\t\t<div data-elementor-type=\"wp-page\" data-elementor-id=\"1571\" class=\"elementor elementor-1571\">\n\t\t\t\t\t\t<section class=\"elementor-section elementor-top-section elementor-element elementor-element-6a15a75 elementor-section-boxed elementor-section-height-default elementor-section-height-default\" data-id=\"6a15a75\" data-element_type=\"section\">\n\t\t\t\t\t\t<div class=\"elementor-container elementor-column-gap-default\">\n\t\t\t\t\t<div class=\"elementor-column elementor-col-100 elementor-top-column elementor-element elementor-element-c117cf5\" data-id=\"c117cf5\" data-element_type=\"column\">\n\t\t\t<div class=\"elementor-widget-wrap elementor-element-populated\">\n\t\t\t\t\t\t<div class=\"elementor-element elementor-element-f3c386b elementor-widget elementor-widget-image\" data-id=\"f3c386b\" data-element_type=\"widget\" data-widget_type=\"image.default\">\n\t\t\t\t<div class=\"elementor-widget-container\">\n\t\t\t\t\t\t\t\t\t\t\t\t\t<img fetchpriority=\"high\" decoding=\"async\" width=\"768\" height=\"576\" src=\"https:\/\/www.ufsm.br\/app\/uploads\/sites\/811\/2020\/03\/extenda-768x576.jpg\" class=\"attachment-medium_large size-medium_large wp-image-1580\" alt=\"\" srcset=\"https:\/\/www.ufsm.br\/app\/uploads\/sites\/811\/2020\/03\/extenda-768x576.jpg 768w, https:\/\/www.ufsm.br\/app\/uploads\/sites\/811\/2020\/03\/extenda-300x225.jpg 300w, https:\/\/www.ufsm.br\/app\/uploads\/sites\/811\/2020\/03\/extenda-1024x768.jpg 1024w, https:\/\/www.ufsm.br\/app\/uploads\/sites\/811\/2020\/03\/extenda-1536x1152.jpg 1536w, https:\/\/www.ufsm.br\/app\/uploads\/sites\/811\/2020\/03\/extenda.jpg 1920w\" sizes=\"(max-width: 768px) 100vw, 768px\" \/>\t\t\t\t\t\t\t\t\t\t\t\t\t<\/div>\n\t\t\t\t<\/div>\n\t\t\t\t\t<\/div>\n\t\t<\/div>\n\t\t\t\t\t<\/div>\n\t\t<\/section>\n\t\t\t\t<section class=\"elementor-section elementor-top-section elementor-element elementor-element-9bed1d1 elementor-section-boxed elementor-section-height-default elementor-section-height-default\" data-id=\"9bed1d1\" data-element_type=\"section\">\n\t\t\t\t\t\t<div class=\"elementor-container elementor-column-gap-default\">\n\t\t\t\t\t<div class=\"elementor-column elementor-col-100 elementor-top-column elementor-element elementor-element-ee527f0\" data-id=\"ee527f0\" data-element_type=\"column\">\n\t\t\t<div class=\"elementor-widget-wrap elementor-element-populated\">\n\t\t\t\t\t\t<div class=\"elementor-element elementor-element-9b3d5fd elementor-widget elementor-widget-wp-widget-ufsm_noticias_widget\" data-id=\"9b3d5fd\" data-element_type=\"widget\" data-widget_type=\"wp-widget-ufsm_noticias_widget.default\">\n\t\t\t\t<div class=\"elementor-widget-container\">\n\t\t\t<div class='widget-noticias-inside'>\n                        <div class=\"row\">\n                                    <div class=\"col-12 col-lg-4 pb-4\">\n                                            <div class=\"noticias-widget-wrap\" style=\"height: 180px; overflow: hidden;\">\n                            <a title=\"\" href=\"https:\/\/www.ufsm.br\/midias\/tvcampus\/2017\/09\/27\/extenda-exercicios-fisicos-orientados-para-pessoas-com-sindrome-metabolica\">\n                                <span class=\"visually-hidden\">\n                                    Extenda &#8211; Exerc\u00edcios f\u00edsicos orientados para pessoas com s\u00edndrome metab\u00f3lica                                <\/span>\n                                <div class=\"noticias-widget-thumbs h-100\">\n                                    <img decoding=\"async\" class=\"object-fit-cover h-100 w-100\" alt=\"\" srcset=\"https:\/\/www.ufsm.br\/app\/uploads\/sites\/811\/2020\/12\/mqdefault-2020-12-28T171240.188-300x169.jpg 300w, https:\/\/www.ufsm.br\/app\/uploads\/sites\/811\/2020\/12\/mqdefault-2020-12-28T171240.188.jpg 320w\" src=\"https:\/\/www.ufsm.br\/app\/uploads\/sites\/811\/2020\/12\/mqdefault-2020-12-28T171240.188.jpg\"><\/img>\n                                <\/div>\n                            <\/a>\n                        <\/div>\n                                        \n                                        \n                    \n                    <a class=\"noticias-widget-title d-block  m-0 \"  title=\"Extenda &#8211; Exerc\u00edcios f\u00edsicos orientados para pessoas com s\u00edndrome metab\u00f3lica\" href=\"https:\/\/www.ufsm.br\/midias\/tvcampus\/2017\/09\/27\/extenda-exercicios-fisicos-orientados-para-pessoas-com-sindrome-metabolica\">\n                                                Extenda &#8211; Exerc\u00edcios f\u00edsicos orientados para pessoas com s\u00edndrome metab\u00f3lica                    <\/a>\n                    \n                    \n                                        \n                                        \n                                        <\/div>\n                                    <div class=\"col-12 col-lg-4 pb-4\">\n                                            <div class=\"noticias-widget-wrap\" style=\"height: 180px; overflow: hidden;\">\n                            <a title=\"\" href=\"https:\/\/www.ufsm.br\/midias\/tvcampus\/2017\/07\/26\/extenda-2017-clinica-de-adolescentes-odontohebiatria\">\n                                <span class=\"visually-hidden\">\n                                    Extenda 2017 &#8211; Cl\u00ednica de adolescentes &#8211; Odontohebiatria                                <\/span>\n                                <div class=\"noticias-widget-thumbs h-100\">\n                                    <img decoding=\"async\" class=\"object-fit-cover h-100 w-100\" alt=\"\" srcset=\"https:\/\/www.ufsm.br\/app\/uploads\/sites\/811\/2020\/12\/mqdefault-2020-12-28T171359.188-300x169.jpg 300w, https:\/\/www.ufsm.br\/app\/uploads\/sites\/811\/2020\/12\/mqdefault-2020-12-28T171359.188.jpg 320w\" src=\"https:\/\/www.ufsm.br\/app\/uploads\/sites\/811\/2020\/12\/mqdefault-2020-12-28T171359.188.jpg\"><\/img>\n                                <\/div>\n                            <\/a>\n                        <\/div>\n                                        \n                                        \n                    \n                    <a class=\"noticias-widget-title d-block  m-0 \"  title=\"Extenda 2017 &#8211; Cl\u00ednica de adolescentes &#8211; Odontohebiatria\" href=\"https:\/\/www.ufsm.br\/midias\/tvcampus\/2017\/07\/26\/extenda-2017-clinica-de-adolescentes-odontohebiatria\">\n                                                Extenda 2017 &#8211; Cl\u00ednica de adolescentes &#8211; Odontohebiatria                    <\/a>\n                    \n                    \n                                        \n                                        \n                                        <\/div>\n                                    <div class=\"col-12 col-lg-4 pb-4\">\n                                            <div class=\"noticias-widget-wrap\" style=\"height: 180px; overflow: hidden;\">\n                            <a title=\"\" href=\"https:\/\/www.ufsm.br\/midias\/tvcampus\/2017\/06\/08\/extenda-2017-tecnologia-assistiva-em-prol-da-comunidade-santa-mariense\">\n                                <span class=\"visually-hidden\">\n                                    Extenda 2017 &#8211; Tecnologia assistiva em prol da comunidade santa-mariense                                <\/span>\n                                <div class=\"noticias-widget-thumbs h-100\">\n                                    <img decoding=\"async\" class=\"object-fit-cover h-100 w-100\" alt=\"\" srcset=\"https:\/\/www.ufsm.br\/app\/uploads\/sites\/811\/2020\/12\/mqdefault-2020-12-28T171510.059-300x169.jpg 300w, https:\/\/www.ufsm.br\/app\/uploads\/sites\/811\/2020\/12\/mqdefault-2020-12-28T171510.059.jpg 320w\" src=\"https:\/\/www.ufsm.br\/app\/uploads\/sites\/811\/2020\/12\/mqdefault-2020-12-28T171510.059.jpg\"><\/img>\n                                <\/div>\n                            <\/a>\n                        <\/div>\n                                        \n                                        \n                    \n                    <a class=\"noticias-widget-title d-block  m-0 \"  title=\"Extenda 2017 &#8211; Tecnologia assistiva em prol da comunidade santa-mariense\" href=\"https:\/\/www.ufsm.br\/midias\/tvcampus\/2017\/06\/08\/extenda-2017-tecnologia-assistiva-em-prol-da-comunidade-santa-mariense\">\n                                                Extenda 2017 &#8211; Tecnologia assistiva em prol da comunidade santa-mariense                    <\/a>\n                    \n                    \n                                        \n                                        \n                                        <\/div>\n                            <\/div>\n                    <div class=\"row\">\n                                    <div class=\"col-12 col-lg-4 pb-4\">\n                                            <div class=\"noticias-widget-wrap\" style=\"height: 180px; overflow: hidden;\">\n                            <a title=\"\" href=\"https:\/\/www.ufsm.br\/midias\/tvcampus\/2017\/05\/26\/extenda-2017-reanima\">\n                                <span class=\"visually-hidden\">\n                                    Extenda 2017 &#8211; Reanima                                <\/span>\n                                <div class=\"noticias-widget-thumbs h-100\">\n                                    <img decoding=\"async\" class=\"object-fit-cover h-100 w-100\" alt=\"\" srcset=\"https:\/\/www.ufsm.br\/app\/uploads\/sites\/811\/2020\/12\/mqdefault-2020-12-28T171617.810-300x169.jpg 300w, https:\/\/www.ufsm.br\/app\/uploads\/sites\/811\/2020\/12\/mqdefault-2020-12-28T171617.810.jpg 320w\" src=\"https:\/\/www.ufsm.br\/app\/uploads\/sites\/811\/2020\/12\/mqdefault-2020-12-28T171617.810.jpg\"><\/img>\n                                <\/div>\n                            <\/a>\n                        <\/div>\n                                        \n                                        \n                    \n                    <a class=\"noticias-widget-title d-block  m-0 \"  title=\"Extenda 2017 &#8211; Reanima\" href=\"https:\/\/www.ufsm.br\/midias\/tvcampus\/2017\/05\/26\/extenda-2017-reanima\">\n                                                Extenda 2017 &#8211; Reanima                    <\/a>\n                    \n                    \n                                        \n                                        \n                                        <\/div>\n                                    <div class=\"col-12 col-lg-4 pb-4\">\n                                            <div class=\"noticias-widget-wrap\" style=\"height: 180px; overflow: hidden;\">\n                            <a title=\"\" href=\"https:\/\/www.ufsm.br\/midias\/tvcampus\/2015\/12\/04\/extenda-episodio-05-curso-de-extensao-em-musica\">\n                                <span class=\"visually-hidden\">\n                                    Extenda &#8211; Epis\u00f3dio 05 &#8211; Curso de Extens\u00e3o em M\u00fasica                                <\/span>\n                                <div class=\"noticias-widget-thumbs h-100\">\n                                    <img decoding=\"async\" class=\"object-fit-cover h-100 w-100\" alt=\"\" srcset=\"https:\/\/www.ufsm.br\/app\/uploads\/sites\/811\/2020\/12\/mqdefault-2020-12-28T171732.026-300x169.jpg 300w, https:\/\/www.ufsm.br\/app\/uploads\/sites\/811\/2020\/12\/mqdefault-2020-12-28T171732.026.jpg 320w\" src=\"https:\/\/www.ufsm.br\/app\/uploads\/sites\/811\/2020\/12\/mqdefault-2020-12-28T171732.026.jpg\"><\/img>\n                                <\/div>\n                            <\/a>\n                        <\/div>\n                                        \n                                        \n                    \n                    <a class=\"noticias-widget-title d-block  m-0 \"  title=\"Extenda &#8211; Epis\u00f3dio 05 &#8211; Curso de Extens\u00e3o em M\u00fasica\" href=\"https:\/\/www.ufsm.br\/midias\/tvcampus\/2015\/12\/04\/extenda-episodio-05-curso-de-extensao-em-musica\">\n                                                Extenda &#8211; Epis\u00f3dio 05 &#8211; Curso de Extens\u00e3o em M\u00fasica                    <\/a>\n                    \n                    \n                                        \n                                        \n                                        <\/div>\n                                    <div class=\"col-12 col-lg-4 pb-4\">\n                                            <div class=\"noticias-widget-wrap\" style=\"height: 180px; overflow: hidden;\">\n                            <a title=\"\" href=\"https:\/\/www.ufsm.br\/midias\/tvcampus\/2015\/12\/03\/extenda-episodio-01-nutricao-em-palmeira-das-missoes\">\n                                <span class=\"visually-hidden\">\n                                    Extenda &#8211; Epis\u00f3dio 01 &#8211; Nutri\u00e7\u00e3o em Palmeira das Miss\u00f5es                                <\/span>\n                                <div class=\"noticias-widget-thumbs h-100\">\n                                    <img decoding=\"async\" class=\"object-fit-cover h-100 w-100\" alt=\"\" srcset=\"https:\/\/www.ufsm.br\/app\/uploads\/sites\/811\/2020\/12\/mqdefault-2020-12-28T171837.314-300x169.jpg 300w, https:\/\/www.ufsm.br\/app\/uploads\/sites\/811\/2020\/12\/mqdefault-2020-12-28T171837.314.jpg 320w\" src=\"https:\/\/www.ufsm.br\/app\/uploads\/sites\/811\/2020\/12\/mqdefault-2020-12-28T171837.314.jpg\"><\/img>\n                                <\/div>\n                            <\/a>\n                        <\/div>\n                                        \n                                        \n                    \n                    <a class=\"noticias-widget-title d-block  m-0 \"  title=\"Extenda &#8211; Epis\u00f3dio 01 &#8211; Nutri\u00e7\u00e3o em Palmeira das Miss\u00f5es\" href=\"https:\/\/www.ufsm.br\/midias\/tvcampus\/2015\/12\/03\/extenda-episodio-01-nutricao-em-palmeira-das-missoes\">\n                                                Extenda &#8211; Epis\u00f3dio 01 &#8211; Nutri\u00e7\u00e3o em Palmeira das Miss\u00f5es                    <\/a>\n                    \n                    \n                                        \n                                        \n                                        <\/div>\n                            <\/div>\n            <\/div>\n<div class=\"leia-mais p-1\">\n                <a href=\"https:\/\/www.ufsm.br\/midias\/tvcampus\/category\/extenda\/\">\n            LEIA MAIS            <span class=\"icon-box\">\n                <span class=\"bg-ufsm-widget-icon\">\n                    <i class=\"fas fa-chevron-right\" aria-hidden=\"true\"><\/i>\n                <\/span>\n            <\/span>\n        <\/a>\n    <\/div>\n\t\t<\/div>\n\t\t\t\t<\/div>\n\t\t\t\t\t<\/div>\n\t\t<\/div>\n\t\t\t\t\t<\/div>\n\t\t<\/section>\n\t\t\t\t<\/div>\n\t\t","protected":false},"excerpt":{"rendered":"","protected":false},"author":2492,"featured_media":0,"parent":0,"menu_order":0,"comment_status":"closed","ping_status":"closed","template":"","meta":{"footnotes":""},"categories":[],"tags":[],"class_list":["post-1571","page","type-page","status-publish","hentry"],"acf":[],"_links":{"self":[{"href":"https:\/\/www.ufsm.br\/midias\/tvcampus\/wp-json\/wp\/v2\/pages\/1571","targetHints":{"allow":["GET"]}}],"collection":[{"href":"https:\/\/www.ufsm.br\/midias\/tvcampus\/wp-json\/wp\/v2\/pages"}],"about":[{"href":"https:\/\/www.ufsm.br\/midias\/tvcampus\/wp-json\/wp\/v2\/types\/page"}],"author":[{"embeddable":true,"href":"https:\/\/www.ufsm.br\/midias\/tvcampus\/wp-json\/wp\/v2\/users\/2492"}],"replies":[{"embeddable":true,"href":"https:\/\/www.ufsm.br\/midias\/tvcampus\/wp-json\/wp\/v2\/comments?post=1571"}],"version-history":[{"count":0,"href":"https:\/\/www.ufsm.br\/midias\/tvcampus\/wp-json\/wp\/v2\/pages\/1571\/revisions"}],"wp:attachment":[{"href":"https:\/\/www.ufsm.br\/midias\/tvcampus\/wp-json\/wp\/v2\/media?parent=1571"}],"wp:term":[{"taxonomy":"category","embeddable":true,"href":"https:\/\/www.ufsm.br\/midias\/tvcampus\/wp-json\/wp\/v2\/categories?post=1571"},{"taxonomy":"post_tag","embeddable":true,"href":"https:\/\/www.ufsm.br\/midias\/tvcampus\/wp-json\/wp\/v2\/tags?post=1571"}],"curies":[{"name":"wp","href":"https:\/\/api.w.org\/{rel}","templated":true}]}}