{"id":1574,"date":"2020-03-09T16:22:04","date_gmt":"2020-03-09T19:22:04","guid":{"rendered":"https:\/\/www.ufsm.br\/midias\/tvcampus\/?page_id=1574"},"modified":"2021-01-05T19:02:30","modified_gmt":"2021-01-05T22:02:30","slug":"ufsm-em-pauta","status":"publish","type":"page","link":"https:\/\/www.ufsm.br\/midias\/tvcampus\/ufsm-em-pauta","title":{"rendered":"UFSM em Pauta"},"content":{"rendered":"\t\t<div data-elementor-type=\"wp-page\" data-elementor-id=\"1574\" class=\"elementor elementor-1574\">\n\t\t\t\t\t\t<section class=\"elementor-section elementor-top-section elementor-element elementor-element-91142bd elementor-section-boxed elementor-section-height-default elementor-section-height-default\" data-id=\"91142bd\" data-element_type=\"section\">\n\t\t\t\t\t\t<div class=\"elementor-container elementor-column-gap-default\">\n\t\t\t\t\t<div class=\"elementor-column elementor-col-100 elementor-top-column elementor-element elementor-element-3bf3943\" data-id=\"3bf3943\" data-element_type=\"column\">\n\t\t\t<div class=\"elementor-widget-wrap elementor-element-populated\">\n\t\t\t\t\t\t<div class=\"elementor-element elementor-element-e9ab0a8 elementor-widget elementor-widget-wp-widget-ufsm_noticias_widget\" data-id=\"e9ab0a8\" data-element_type=\"widget\" data-widget_type=\"wp-widget-ufsm_noticias_widget.default\">\n\t\t\t\t<div class=\"elementor-widget-container\">\n\t\t\t<div class='widget-noticias-inside'>\n                        <div class=\"row\">\n                                    <div class=\"col-12 col-lg-4 pb-4\">\n                                            <div class=\"noticias-widget-wrap\" style=\"height: 180px; overflow: hidden;\">\n                            <a title=\"\" href=\"https:\/\/www.ufsm.br\/midias\/tvcampus\/2016\/12\/14\/56-anos-ufsm-ufsm-em-pauta\">\n                                <span class=\"visually-hidden\">\n                                    56 anos UFSM &#8211; UFSM em Pauta                                <\/span>\n                                <div class=\"noticias-widget-thumbs h-100\">\n                                    <img decoding=\"async\" class=\"object-fit-cover h-100 w-100\" alt=\"\" srcset=\"https:\/\/www.ufsm.br\/app\/uploads\/sites\/811\/2020\/12\/mqdefault-2020-12-28T165218.573-300x169.jpg 300w, https:\/\/www.ufsm.br\/app\/uploads\/sites\/811\/2020\/12\/mqdefault-2020-12-28T165218.573.jpg 320w\" src=\"https:\/\/www.ufsm.br\/app\/uploads\/sites\/811\/2020\/12\/mqdefault-2020-12-28T165218.573.jpg\"><\/img>\n                                <\/div>\n                            <\/a>\n                        <\/div>\n                                        \n                                        \n                    \n                    <a class=\"noticias-widget-title d-block  m-0 \"  title=\"56 anos UFSM &#8211; UFSM em Pauta\" href=\"https:\/\/www.ufsm.br\/midias\/tvcampus\/2016\/12\/14\/56-anos-ufsm-ufsm-em-pauta\">\n                                                56 anos UFSM &#8211; UFSM em Pauta                    <\/a>\n                    \n                    \n                                        \n                                        \n                                        <\/div>\n                                    <div class=\"col-12 col-lg-4 pb-4\">\n                                            <div class=\"noticias-widget-wrap\" style=\"height: 180px; overflow: hidden;\">\n                            <a title=\"\" href=\"https:\/\/www.ufsm.br\/midias\/tvcampus\/2016\/11\/30\/ocupacoes-ufsm-em-pauta\">\n                                <span class=\"visually-hidden\">\n                                    Ocupa\u00e7\u00f5es &#8211; UFSM em Pauta                                <\/span>\n                                <div class=\"noticias-widget-thumbs h-100\">\n                                    <img decoding=\"async\" class=\"object-fit-cover h-100 w-100\" alt=\"\" srcset=\"https:\/\/www.ufsm.br\/app\/uploads\/sites\/811\/2020\/12\/mqdefault-2020-12-28T165335.820-300x169.jpg 300w, https:\/\/www.ufsm.br\/app\/uploads\/sites\/811\/2020\/12\/mqdefault-2020-12-28T165335.820.jpg 320w\" src=\"https:\/\/www.ufsm.br\/app\/uploads\/sites\/811\/2020\/12\/mqdefault-2020-12-28T165335.820.jpg\"><\/img>\n                                <\/div>\n                            <\/a>\n                        <\/div>\n                                        \n                                        \n                    \n                    <a class=\"noticias-widget-title d-block  m-0 \"  title=\"Ocupa\u00e7\u00f5es &#8211; UFSM em Pauta\" href=\"https:\/\/www.ufsm.br\/midias\/tvcampus\/2016\/11\/30\/ocupacoes-ufsm-em-pauta\">\n                                                Ocupa\u00e7\u00f5es &#8211; UFSM em Pauta                    <\/a>\n                    \n                    \n                                        \n                                        \n                                        <\/div>\n                                    <div class=\"col-12 col-lg-4 pb-4\">\n                                            <div class=\"noticias-widget-wrap\" style=\"height: 180px; overflow: hidden;\">\n                            <a title=\"\" href=\"https:\/\/www.ufsm.br\/midias\/tvcampus\/2016\/11\/03\/novas-paradas-de-onibus-ufsm-em-pauta\">\n                                <span class=\"visually-hidden\">\n                                    Novas paradas de \u00f4nibus &#8211; UFSM em Pauta                                <\/span>\n                                <div class=\"noticias-widget-thumbs h-100\">\n                                    <img decoding=\"async\" class=\"object-fit-cover h-100 w-100\" alt=\"\" srcset=\"https:\/\/www.ufsm.br\/app\/uploads\/sites\/811\/2020\/12\/mqdefault-2020-12-28T165501.316-300x169.jpg 300w, https:\/\/www.ufsm.br\/app\/uploads\/sites\/811\/2020\/12\/mqdefault-2020-12-28T165501.316.jpg 320w\" src=\"https:\/\/www.ufsm.br\/app\/uploads\/sites\/811\/2020\/12\/mqdefault-2020-12-28T165501.316.jpg\"><\/img>\n                                <\/div>\n                            <\/a>\n                        <\/div>\n                                        \n                                        \n                    \n                    <a class=\"noticias-widget-title d-block  m-0 \"  title=\"Novas paradas de \u00f4nibus &#8211; UFSM em Pauta\" href=\"https:\/\/www.ufsm.br\/midias\/tvcampus\/2016\/11\/03\/novas-paradas-de-onibus-ufsm-em-pauta\">\n                                                Novas paradas de \u00f4nibus &#8211; UFSM em Pauta                    <\/a>\n                    \n                    \n                                        \n                                        \n                                        <\/div>\n                            <\/div>\n                    <div class=\"row\">\n                                    <div class=\"col-12 col-lg-4 pb-4\">\n                                            <div class=\"noticias-widget-wrap\" style=\"height: 180px; overflow: hidden;\">\n                            <a title=\"\" href=\"https:\/\/www.ufsm.br\/midias\/tvcampus\/2016\/10\/24\/ufsm-em-pauta-autoavaliacao-institucional\">\n                                <span class=\"visually-hidden\">\n                                    UFSM em Pauta &#8211; Autoavalia\u00e7\u00e3o Institucional                                <\/span>\n                                <div class=\"noticias-widget-thumbs h-100\">\n                                    <img decoding=\"async\" class=\"object-fit-cover h-100 w-100\" alt=\"\" srcset=\"https:\/\/www.ufsm.br\/app\/uploads\/sites\/811\/2020\/12\/mqdefault-2020-12-28T165610.116-300x169.jpg 300w, https:\/\/www.ufsm.br\/app\/uploads\/sites\/811\/2020\/12\/mqdefault-2020-12-28T165610.116.jpg 320w\" src=\"https:\/\/www.ufsm.br\/app\/uploads\/sites\/811\/2020\/12\/mqdefault-2020-12-28T165610.116.jpg\"><\/img>\n                                <\/div>\n                            <\/a>\n                        <\/div>\n                                        \n                                        \n                    \n                    <a class=\"noticias-widget-title d-block  m-0 \"  title=\"UFSM em Pauta &#8211; Autoavalia\u00e7\u00e3o Institucional\" href=\"https:\/\/www.ufsm.br\/midias\/tvcampus\/2016\/10\/24\/ufsm-em-pauta-autoavaliacao-institucional\">\n                                                UFSM em Pauta &#8211; Autoavalia\u00e7\u00e3o Institucional                    <\/a>\n                    \n                    \n                                        \n                                        \n                                        <\/div>\n                                    <div class=\"col-12 col-lg-4 pb-4\">\n                                            <div class=\"noticias-widget-wrap\" style=\"height: 180px; overflow: hidden;\">\n                            <a title=\"\" href=\"https:\/\/www.ufsm.br\/midias\/tvcampus\/2016\/07\/19\/ufsm-em-pauta-ocupacoes-nas-areas-da-olaria-e-de-irai\">\n                                <span class=\"visually-hidden\">\n                                    UFSM em Pauta &#8211; Ocupa\u00e7\u00f5es nas \u00e1reas da Olaria e de Ira\u00ed                                <\/span>\n                                <div class=\"noticias-widget-thumbs h-100\">\n                                    <img decoding=\"async\" class=\"object-fit-cover h-100 w-100\" alt=\"\" srcset=\"https:\/\/www.ufsm.br\/app\/uploads\/sites\/811\/2020\/12\/mqdefault-2020-12-28T165721.875-300x169.jpg 300w, https:\/\/www.ufsm.br\/app\/uploads\/sites\/811\/2020\/12\/mqdefault-2020-12-28T165721.875.jpg 320w\" src=\"https:\/\/www.ufsm.br\/app\/uploads\/sites\/811\/2020\/12\/mqdefault-2020-12-28T165721.875.jpg\"><\/img>\n                                <\/div>\n                            <\/a>\n                        <\/div>\n                                        \n                                        \n                    \n                    <a class=\"noticias-widget-title d-block  m-0 \"  title=\"UFSM em Pauta &#8211; Ocupa\u00e7\u00f5es nas \u00e1reas da Olaria e de Ira\u00ed\" href=\"https:\/\/www.ufsm.br\/midias\/tvcampus\/2016\/07\/19\/ufsm-em-pauta-ocupacoes-nas-areas-da-olaria-e-de-irai\">\n                                                UFSM em Pauta &#8211; Ocupa\u00e7\u00f5es nas \u00e1reas da Olaria e de Ira\u00ed                    <\/a>\n                    \n                    \n                                        \n                                        \n                                        <\/div>\n                                    <div class=\"col-12 col-lg-4 pb-4\">\n                                            <div class=\"noticias-widget-wrap\" style=\"height: 180px; overflow: hidden;\">\n                            <a title=\"\" href=\"https:\/\/www.ufsm.br\/midias\/tvcampus\/2016\/07\/05\/ufsm-em-pauta-audiencia-publica\">\n                                <span class=\"visually-hidden\">\n                                    UFSM em Pauta &#8211; Audi\u00eancia P\u00fablica                                <\/span>\n                                <div class=\"noticias-widget-thumbs h-100\">\n                                    <img decoding=\"async\" class=\"object-fit-cover h-100 w-100\" alt=\"\" srcset=\"https:\/\/www.ufsm.br\/app\/uploads\/sites\/811\/2020\/12\/mqdefault-2020-12-28T165858.226-300x169.jpg 300w, https:\/\/www.ufsm.br\/app\/uploads\/sites\/811\/2020\/12\/mqdefault-2020-12-28T165858.226.jpg 320w\" src=\"https:\/\/www.ufsm.br\/app\/uploads\/sites\/811\/2020\/12\/mqdefault-2020-12-28T165858.226.jpg\"><\/img>\n                                <\/div>\n                            <\/a>\n                        <\/div>\n                                        \n                                        \n                    \n                    <a class=\"noticias-widget-title d-block  m-0 \"  title=\"UFSM em Pauta &#8211; Audi\u00eancia P\u00fablica\" href=\"https:\/\/www.ufsm.br\/midias\/tvcampus\/2016\/07\/05\/ufsm-em-pauta-audiencia-publica\">\n                                                UFSM em Pauta &#8211; Audi\u00eancia P\u00fablica                    <\/a>\n                    \n                    \n                                        \n                                        \n                                        <\/div>\n                            <\/div>\n                    <div class=\"row\">\n                                    <div class=\"col-12 col-lg-4 pb-4\">\n                                            <div class=\"noticias-widget-wrap\" style=\"height: 180px; overflow: hidden;\">\n                            <a title=\"\" href=\"https:\/\/www.ufsm.br\/midias\/tvcampus\/2016\/06\/20\/ufsm-em-pauta-esclarecimento-sobre-transporte-intercampi-silveira-martins-e-sm\">\n                                <span class=\"visually-hidden\">\n                                    UFSM EM PAUTA &#8211; Esclarecimento sobre Transporte Intercampi Silveira Martins e SM                                <\/span>\n                                <div class=\"noticias-widget-thumbs h-100\">\n                                    <img decoding=\"async\" class=\"object-fit-cover h-100 w-100\" alt=\"\" srcset=\"https:\/\/www.ufsm.br\/app\/uploads\/sites\/811\/2020\/12\/mqdefault-2020-12-28T165959.537-300x169.jpg 300w, https:\/\/www.ufsm.br\/app\/uploads\/sites\/811\/2020\/12\/mqdefault-2020-12-28T165959.537.jpg 320w\" src=\"https:\/\/www.ufsm.br\/app\/uploads\/sites\/811\/2020\/12\/mqdefault-2020-12-28T165959.537.jpg\"><\/img>\n                                <\/div>\n                            <\/a>\n                        <\/div>\n                                        \n                                        \n                    \n                    <a class=\"noticias-widget-title d-block  m-0 \"  title=\"UFSM EM PAUTA &#8211; Esclarecimento sobre Transporte Intercampi Silveira Martins e SM\" href=\"https:\/\/www.ufsm.br\/midias\/tvcampus\/2016\/06\/20\/ufsm-em-pauta-esclarecimento-sobre-transporte-intercampi-silveira-martins-e-sm\">\n                                                UFSM EM PAUTA &#8211; Esclarecimento sobre Transporte Intercampi Silveira Martins e SM                    <\/a>\n                    \n                    \n                                        \n                                        \n                                        <\/div>\n                                    <div class=\"col-12 col-lg-4 pb-4\">\n                                            <div class=\"noticias-widget-wrap\" style=\"height: 180px; overflow: hidden;\">\n                            <a title=\"\" href=\"https:\/\/www.ufsm.br\/midias\/tvcampus\/2016\/06\/06\/ufsm-em-pauta-unidade-movel-de-saude\">\n                                <span class=\"visually-hidden\">\n                                    UFSM em Pauta &#8211; Unidade M\u00f3vel de Sa\u00fade                                <\/span>\n                                <div class=\"noticias-widget-thumbs h-100\">\n                                    <img decoding=\"async\" class=\"object-fit-cover h-100 w-100\" alt=\"\" srcset=\"https:\/\/www.ufsm.br\/app\/uploads\/sites\/811\/2020\/12\/mqdefault-2020-12-28T170047.658-300x169.jpg 300w, https:\/\/www.ufsm.br\/app\/uploads\/sites\/811\/2020\/12\/mqdefault-2020-12-28T170047.658.jpg 320w\" src=\"https:\/\/www.ufsm.br\/app\/uploads\/sites\/811\/2020\/12\/mqdefault-2020-12-28T170047.658.jpg\"><\/img>\n                                <\/div>\n                            <\/a>\n                        <\/div>\n                                        \n                                        \n                    \n                    <a class=\"noticias-widget-title d-block  m-0 \"  title=\"UFSM em Pauta &#8211; Unidade M\u00f3vel de Sa\u00fade\" href=\"https:\/\/www.ufsm.br\/midias\/tvcampus\/2016\/06\/06\/ufsm-em-pauta-unidade-movel-de-saude\">\n                                                UFSM em Pauta &#8211; Unidade M\u00f3vel de Sa\u00fade                    <\/a>\n                    \n                    \n                                        \n                                        \n                                        <\/div>\n                                    <div class=\"col-12 col-lg-4 pb-4\">\n                                            <div class=\"noticias-widget-wrap\" style=\"height: 180px; overflow: hidden;\">\n                            <a title=\"\" href=\"https:\/\/www.ufsm.br\/midias\/tvcampus\/2016\/06\/02\/ufsm-em-pauta-isencao-das-taxas-do-ru-para-estudantes-com-beneficio-socieconomico\">\n                                <span class=\"visually-hidden\">\n                                    UFSM em Pauta &#8211; Isen\u00e7\u00e3o das taxas do RU para estudantes com Benef\u00edcio Sociecon\u00f4mico                                <\/span>\n                                <div class=\"noticias-widget-thumbs h-100\">\n                                    <img decoding=\"async\" class=\"object-fit-cover h-100 w-100\" alt=\"\" srcset=\"https:\/\/www.ufsm.br\/app\/uploads\/sites\/811\/2020\/12\/mqdefault-2020-12-28T170146.737-300x169.jpg 300w, https:\/\/www.ufsm.br\/app\/uploads\/sites\/811\/2020\/12\/mqdefault-2020-12-28T170146.737.jpg 320w\" src=\"https:\/\/www.ufsm.br\/app\/uploads\/sites\/811\/2020\/12\/mqdefault-2020-12-28T170146.737.jpg\"><\/img>\n                                <\/div>\n                            <\/a>\n                        <\/div>\n                                        \n                                        \n                    \n                    <a class=\"noticias-widget-title d-block  m-0 \"  title=\"UFSM em Pauta &#8211; Isen\u00e7\u00e3o das taxas do RU para estudantes com Benef\u00edcio Sociecon\u00f4mico\" href=\"https:\/\/www.ufsm.br\/midias\/tvcampus\/2016\/06\/02\/ufsm-em-pauta-isencao-das-taxas-do-ru-para-estudantes-com-beneficio-socieconomico\">\n                                                UFSM em Pauta &#8211; Isen\u00e7\u00e3o das taxas do RU para estudantes com Benef\u00edcio Sociecon\u00f4mico                    <\/a>\n                    \n                    \n                                        \n                                        \n                                        <\/div>\n                            <\/div>\n                    <div class=\"row\">\n                                    <div class=\"col-12 col-lg-4 pb-4\">\n                                            <div class=\"noticias-widget-wrap\" style=\"height: 180px; overflow: hidden;\">\n                            <a title=\"\" href=\"https:\/\/www.ufsm.br\/midias\/tvcampus\/2015\/12\/14\/ufsm-em-acao-depoimento-reitor-final-de-ano\">\n                                <span class=\"visually-hidden\">\n                                    UFSM em A\u00e7\u00e3o &#8211; Depoimento Reitor final de ano                                <\/span>\n                                <div class=\"noticias-widget-thumbs h-100\">\n                                    <img decoding=\"async\" class=\"object-fit-cover h-100 w-100\" alt=\"\" srcset=\"https:\/\/www.ufsm.br\/app\/uploads\/sites\/811\/2020\/12\/mqdefault-2020-12-28T170249.145-300x169.jpg 300w, https:\/\/www.ufsm.br\/app\/uploads\/sites\/811\/2020\/12\/mqdefault-2020-12-28T170249.145.jpg 320w\" src=\"https:\/\/www.ufsm.br\/app\/uploads\/sites\/811\/2020\/12\/mqdefault-2020-12-28T170249.145.jpg\"><\/img>\n                                <\/div>\n                            <\/a>\n                        <\/div>\n                                        \n                                        \n                    \n                    <a class=\"noticias-widget-title d-block  m-0 \"  title=\"UFSM em A\u00e7\u00e3o &#8211; Depoimento Reitor final de ano\" href=\"https:\/\/www.ufsm.br\/midias\/tvcampus\/2015\/12\/14\/ufsm-em-acao-depoimento-reitor-final-de-ano\">\n                                                UFSM em A\u00e7\u00e3o &#8211; Depoimento Reitor final de ano                    <\/a>\n                    \n                    \n                                        \n                                        \n                                        <\/div>\n                                    <div class=\"col-12 col-lg-4 pb-4\">\n                                            <div class=\"noticias-widget-wrap\" style=\"height: 180px; overflow: hidden;\">\n                            <a title=\"\" href=\"https:\/\/www.ufsm.br\/midias\/tvcampus\/2015\/11\/27\/ufsm-em-acao-debate-estatuinte-por-que-voce-conhece-a-universidade-que-temos\">\n                                <span class=\"visually-hidden\">\n                                    UFSM em A\u00e7\u00e3o &#8211; Debate &#8220;Estatuinte: por qu\u00ea? Voc\u00ea conhece a universidade que temos?&#8221;                                <\/span>\n                                <div class=\"noticias-widget-thumbs h-100\">\n                                    <img decoding=\"async\" class=\"object-fit-cover h-100 w-100\" alt=\"\" srcset=\"https:\/\/www.ufsm.br\/app\/uploads\/sites\/811\/2015\/11\/SD5g2phvw2Usd-300x225.jpg 300w, https:\/\/www.ufsm.br\/app\/uploads\/sites\/811\/2015\/11\/SD5g2phvw2Usd.jpg 640w\" src=\"https:\/\/www.ufsm.br\/app\/uploads\/sites\/811\/2015\/11\/SD5g2phvw2Usd.jpg\"><\/img>\n                                <\/div>\n                            <\/a>\n                        <\/div>\n                                        \n                                        \n                    \n                    <a class=\"noticias-widget-title d-block  m-0 \"  title=\"UFSM em A\u00e7\u00e3o &#8211; Debate &#8220;Estatuinte: por qu\u00ea? Voc\u00ea conhece a universidade que temos?&#8221;\" href=\"https:\/\/www.ufsm.br\/midias\/tvcampus\/2015\/11\/27\/ufsm-em-acao-debate-estatuinte-por-que-voce-conhece-a-universidade-que-temos\">\n                                                UFSM em A\u00e7\u00e3o &#8211; Debate &#8220;Estatuinte: por qu\u00ea? Voc\u00ea conhece a universidade que temos?&#8221;                    <\/a>\n                    \n                    \n                                        \n                                        \n                                        <\/div>\n                            <\/div>\n            <\/div>\n<div class=\"leia-mais p-1\">\n                <a href=\"https:\/\/www.ufsm.br\/midias\/tvcampus\/category\/ufsm-em-pauta\/\">\n            LEIA MAIS            <span class=\"icon-box\">\n                <span class=\"bg-ufsm-widget-icon\">\n                    <i class=\"fas fa-chevron-right\" aria-hidden=\"true\"><\/i>\n                <\/span>\n            <\/span>\n        <\/a>\n    <\/div>\n\t\t<\/div>\n\t\t\t\t<\/div>\n\t\t\t\t\t<\/div>\n\t\t<\/div>\n\t\t\t\t\t<\/div>\n\t\t<\/section>\n\t\t\t\t<\/div>\n\t\t","protected":false},"excerpt":{"rendered":"","protected":false},"author":2492,"featured_media":0,"parent":0,"menu_order":0,"comment_status":"closed","ping_status":"closed","template":"","meta":{"footnotes":""},"categories":[],"tags":[],"class_list":["post-1574","page","type-page","status-publish","hentry"],"acf":[],"_links":{"self":[{"href":"https:\/\/www.ufsm.br\/midias\/tvcampus\/wp-json\/wp\/v2\/pages\/1574","targetHints":{"allow":["GET"]}}],"collection":[{"href":"https:\/\/www.ufsm.br\/midias\/tvcampus\/wp-json\/wp\/v2\/pages"}],"about":[{"href":"https:\/\/www.ufsm.br\/midias\/tvcampus\/wp-json\/wp\/v2\/types\/page"}],"author":[{"embeddable":true,"href":"https:\/\/www.ufsm.br\/midias\/tvcampus\/wp-json\/wp\/v2\/users\/2492"}],"replies":[{"embeddable":true,"href":"https:\/\/www.ufsm.br\/midias\/tvcampus\/wp-json\/wp\/v2\/comments?post=1574"}],"version-history":[{"count":0,"href":"https:\/\/www.ufsm.br\/midias\/tvcampus\/wp-json\/wp\/v2\/pages\/1574\/revisions"}],"wp:attachment":[{"href":"https:\/\/www.ufsm.br\/midias\/tvcampus\/wp-json\/wp\/v2\/media?parent=1574"}],"wp:term":[{"taxonomy":"category","embeddable":true,"href":"https:\/\/www.ufsm.br\/midias\/tvcampus\/wp-json\/wp\/v2\/categories?post=1574"},{"taxonomy":"post_tag","embeddable":true,"href":"https:\/\/www.ufsm.br\/midias\/tvcampus\/wp-json\/wp\/v2\/tags?post=1574"}],"curies":[{"name":"wp","href":"https:\/\/api.w.org\/{rel}","templated":true}]}}