{"id":1575,"date":"2020-03-09T16:23:02","date_gmt":"2020-03-09T19:23:02","guid":{"rendered":"https:\/\/www.ufsm.br\/midias\/tvcampus\/?page_id=1575"},"modified":"2021-01-05T18:38:15","modified_gmt":"2021-01-05T21:38:15","slug":"doc-nacional","status":"publish","type":"page","link":"https:\/\/www.ufsm.br\/midias\/tvcampus\/doc-nacional","title":{"rendered":"DOC Nacional"},"content":{"rendered":"\t\t<div data-elementor-type=\"wp-page\" data-elementor-id=\"1575\" class=\"elementor elementor-1575\">\n\t\t\t\t\t\t<section class=\"elementor-section elementor-top-section elementor-element elementor-element-f9c7ac5 elementor-section-boxed elementor-section-height-default elementor-section-height-default\" data-id=\"f9c7ac5\" data-element_type=\"section\">\n\t\t\t\t\t\t<div class=\"elementor-container elementor-column-gap-default\">\n\t\t\t\t\t<div class=\"elementor-column elementor-col-100 elementor-top-column elementor-element elementor-element-d72840d\" data-id=\"d72840d\" data-element_type=\"column\">\n\t\t\t<div class=\"elementor-widget-wrap elementor-element-populated\">\n\t\t\t\t\t\t<div class=\"elementor-element elementor-element-94fb557 elementor-widget elementor-widget-image\" data-id=\"94fb557\" data-element_type=\"widget\" data-widget_type=\"image.default\">\n\t\t\t\t<div class=\"elementor-widget-container\">\n\t\t\t\t\t\t\t\t\t\t\t\t\t<img fetchpriority=\"high\" decoding=\"async\" width=\"768\" height=\"432\" src=\"https:\/\/www.ufsm.br\/app\/uploads\/sites\/811\/2020\/03\/20629071_1423558354386523_697188190_o_rNANQ7G-768x432.jpg\" class=\"attachment-medium_large size-medium_large wp-image-1579\" alt=\"\" srcset=\"https:\/\/www.ufsm.br\/app\/uploads\/sites\/811\/2020\/03\/20629071_1423558354386523_697188190_o_rNANQ7G-768x432.jpg 768w, https:\/\/www.ufsm.br\/app\/uploads\/sites\/811\/2020\/03\/20629071_1423558354386523_697188190_o_rNANQ7G-300x169.jpg 300w, https:\/\/www.ufsm.br\/app\/uploads\/sites\/811\/2020\/03\/20629071_1423558354386523_697188190_o_rNANQ7G-1024x576.jpg 1024w, https:\/\/www.ufsm.br\/app\/uploads\/sites\/811\/2020\/03\/20629071_1423558354386523_697188190_o_rNANQ7G-1536x864.jpg 1536w, https:\/\/www.ufsm.br\/app\/uploads\/sites\/811\/2020\/03\/20629071_1423558354386523_697188190_o_rNANQ7G.jpg 1920w\" sizes=\"(max-width: 768px) 100vw, 768px\" \/>\t\t\t\t\t\t\t\t\t\t\t\t\t<\/div>\n\t\t\t\t<\/div>\n\t\t\t\t\t<\/div>\n\t\t<\/div>\n\t\t\t\t\t<\/div>\n\t\t<\/section>\n\t\t\t\t<section class=\"elementor-section elementor-top-section elementor-element elementor-element-ec9cfb5 elementor-section-boxed elementor-section-height-default elementor-section-height-default\" data-id=\"ec9cfb5\" data-element_type=\"section\">\n\t\t\t\t\t\t<div class=\"elementor-container elementor-column-gap-default\">\n\t\t\t\t\t<div class=\"elementor-column elementor-col-100 elementor-top-column elementor-element elementor-element-6ff0ba5\" data-id=\"6ff0ba5\" data-element_type=\"column\">\n\t\t\t<div class=\"elementor-widget-wrap elementor-element-populated\">\n\t\t\t\t\t\t<div class=\"elementor-element elementor-element-3f67ab2 elementor-widget elementor-widget-text-editor\" data-id=\"3f67ab2\" data-element_type=\"widget\" data-widget_type=\"text-editor.default\">\n\t\t\t\t<div class=\"elementor-widget-container\">\n\t\t\t\t\t\t\t<div class=\"container\"><div class=\"row\"><div class=\"col-sm-12 col-xs-12\"><p style=\"text-align: left\">O Doc\u00a0Nacional apresenta\u00a0produ\u00e7\u00f5es do Programa Brasil de Todas as Telas (PRODAV). Produtoras brasileiras independentes, das cinco regi\u00f5es do pa\u00eds, produziram material audiovisual\u00a0em diferentes tem\u00e1ticas.\u00a0<\/p><\/div><\/div><\/div>\t\t\t\t\t\t<\/div>\n\t\t\t\t<\/div>\n\t\t\t\t\t<\/div>\n\t\t<\/div>\n\t\t\t\t\t<\/div>\n\t\t<\/section>\n\t\t\t\t<section class=\"elementor-section elementor-top-section elementor-element elementor-element-8aa5045 elementor-section-boxed elementor-section-height-default elementor-section-height-default\" data-id=\"8aa5045\" data-element_type=\"section\">\n\t\t\t\t\t\t<div class=\"elementor-container elementor-column-gap-default\">\n\t\t\t\t\t<div class=\"elementor-column elementor-col-100 elementor-top-column elementor-element elementor-element-b8aa0f5\" data-id=\"b8aa0f5\" data-element_type=\"column\">\n\t\t\t<div class=\"elementor-widget-wrap elementor-element-populated\">\n\t\t\t\t\t\t<div class=\"elementor-element elementor-element-d86287d elementor-widget elementor-widget-wp-widget-ufsm_noticias_widget\" data-id=\"d86287d\" data-element_type=\"widget\" data-widget_type=\"wp-widget-ufsm_noticias_widget.default\">\n\t\t\t\t<div class=\"elementor-widget-container\">\n\t\t\t<div class='widget-noticias-inside'>\n                        <div class=\"row\">\n                                    <div class=\"col-12 col-lg-4 pb-4\">\n                                            <div class=\"noticias-widget-wrap\" style=\"height: 180px; overflow: hidden;\">\n                            <a title=\"\" href=\"https:\/\/www.ufsm.br\/midias\/tvcampus\/2018\/05\/22\/documentario-estudio-de-criacao-o-cinema-como-potencia-formadora\">\n                                <span class=\"visually-hidden\">\n                                    Document\u00e1rio Est\u00fadio de Cria\u00e7\u00e3o: O cinema como pot\u00eancia formadora                                <\/span>\n                                <div class=\"noticias-widget-thumbs h-100\">\n                                    <img decoding=\"async\" class=\"object-fit-cover h-100 w-100\" alt=\"\" srcset=\"https:\/\/www.ufsm.br\/app\/uploads\/sites\/811\/2020\/12\/mqdefault-2020-12-28T170850.310-300x169.jpg 300w, https:\/\/www.ufsm.br\/app\/uploads\/sites\/811\/2020\/12\/mqdefault-2020-12-28T170850.310.jpg 320w\" src=\"https:\/\/www.ufsm.br\/app\/uploads\/sites\/811\/2020\/12\/mqdefault-2020-12-28T170850.310.jpg\"><\/img>\n                                <\/div>\n                            <\/a>\n                        <\/div>\n                                        \n                                        \n                    \n                    <a class=\"noticias-widget-title d-block  m-0 \"  title=\"Document\u00e1rio Est\u00fadio de Cria\u00e7\u00e3o: O cinema como pot\u00eancia formadora\" href=\"https:\/\/www.ufsm.br\/midias\/tvcampus\/2018\/05\/22\/documentario-estudio-de-criacao-o-cinema-como-potencia-formadora\">\n                                                Document\u00e1rio Est\u00fadio de Cria\u00e7\u00e3o: O cinema como pot\u00eancia formadora                    <\/a>\n                    \n                    \n                                        \n                                        \n                                        <\/div>\n                                    <div class=\"col-12 col-lg-4 pb-4\">\n                                            <div class=\"noticias-widget-wrap\" style=\"height: 180px; overflow: hidden;\">\n                            <a title=\"\" href=\"https:\/\/www.ufsm.br\/midias\/tvcampus\/2016\/07\/22\/doc-nacional-nas-margens-do-riso-entrevista-atilio-alencar-e-daniel-lucas\">\n                                <span class=\"visually-hidden\">\n                                    Doc Nacional &#8220;Nas margens do Riso&#8221; &#8211; Entrevista At\u00edlio Alencar e Daniel Lucas                                <\/span>\n                                <div class=\"noticias-widget-thumbs h-100\">\n                                    <img decoding=\"async\" class=\"object-fit-cover h-100 w-100\" alt=\"\" srcset=\"https:\/\/www.ufsm.br\/app\/uploads\/sites\/811\/2020\/12\/mqdefault-2020-12-28T170958.990-300x169.jpg 300w, https:\/\/www.ufsm.br\/app\/uploads\/sites\/811\/2020\/12\/mqdefault-2020-12-28T170958.990.jpg 320w\" src=\"https:\/\/www.ufsm.br\/app\/uploads\/sites\/811\/2020\/12\/mqdefault-2020-12-28T170958.990.jpg\"><\/img>\n                                <\/div>\n                            <\/a>\n                        <\/div>\n                                        \n                                        \n                    \n                    <a class=\"noticias-widget-title d-block  m-0 \"  title=\"Doc Nacional &#8220;Nas margens do Riso&#8221; &#8211; Entrevista At\u00edlio Alencar e Daniel Lucas\" href=\"https:\/\/www.ufsm.br\/midias\/tvcampus\/2016\/07\/22\/doc-nacional-nas-margens-do-riso-entrevista-atilio-alencar-e-daniel-lucas\">\n                                                Doc Nacional &#8220;Nas margens do Riso&#8221; &#8211; Entrevista At\u00edlio Alencar e Daniel Lucas                    <\/a>\n                    \n                    \n                                        \n                                        \n                                        <\/div>\n                                    <div class=\"col-12 col-lg-4 pb-4\">\n                                            <div class=\"noticias-widget-wrap\" style=\"height: 180px; overflow: hidden;\">\n                            <a title=\"\" href=\"https:\/\/www.ufsm.br\/midias\/tvcampus\/2016\/06\/28\/doc-nacional-ep-8-entrevista-com-laiz-battisti\">\n                                <span class=\"visually-hidden\">\n                                    DOC NACIONAL EP 8 &#8211; Entrevista com Laiz Battisti                                <\/span>\n                                <div class=\"noticias-widget-thumbs h-100\">\n                                    <img decoding=\"async\" class=\"object-fit-cover h-100 w-100\" alt=\"\" srcset=\"https:\/\/www.ufsm.br\/app\/uploads\/sites\/811\/2020\/12\/mqdefault-2020-12-28T171108.533-300x169.jpg 300w, https:\/\/www.ufsm.br\/app\/uploads\/sites\/811\/2020\/12\/mqdefault-2020-12-28T171108.533.jpg 320w\" src=\"https:\/\/www.ufsm.br\/app\/uploads\/sites\/811\/2020\/12\/mqdefault-2020-12-28T171108.533.jpg\"><\/img>\n                                <\/div>\n                            <\/a>\n                        <\/div>\n                                        \n                                        \n                    \n                    <a class=\"noticias-widget-title d-block  m-0 \"  title=\"DOC NACIONAL EP 8 &#8211; Entrevista com Laiz Battisti\" href=\"https:\/\/www.ufsm.br\/midias\/tvcampus\/2016\/06\/28\/doc-nacional-ep-8-entrevista-com-laiz-battisti\">\n                                                DOC NACIONAL EP 8 &#8211; Entrevista com Laiz Battisti                    <\/a>\n                    \n                    \n                                        \n                                        \n                                        <\/div>\n                            <\/div>\n            <\/div>\n<div class=\"leia-mais p-1\">\n                <a href=\"https:\/\/www.ufsm.br\/midias\/tvcampus\/category\/doc-nacional\/\">\n            LEIA MAIS            <span class=\"icon-box\">\n                <span class=\"bg-ufsm-widget-icon\">\n                    <i class=\"fas fa-chevron-right\" aria-hidden=\"true\"><\/i>\n                <\/span>\n            <\/span>\n        <\/a>\n    <\/div>\n\t\t<\/div>\n\t\t\t\t<\/div>\n\t\t\t\t\t<\/div>\n\t\t<\/div>\n\t\t\t\t\t<\/div>\n\t\t<\/section>\n\t\t\t\t<\/div>\n\t\t","protected":false},"excerpt":{"rendered":"<p>O Doc\u00a0Nacional apresenta\u00a0produ\u00e7\u00f5es do Programa Brasil de Todas as Telas (PRODAV). Produtoras brasileiras independentes, das cinco regi\u00f5es do pa\u00eds, produziram material audiovisual\u00a0em diferentes tem\u00e1ticas.\u00a0<\/p>\n","protected":false},"author":2492,"featured_media":0,"parent":0,"menu_order":0,"comment_status":"closed","ping_status":"closed","template":"","meta":{"footnotes":""},"categories":[],"tags":[],"class_list":["post-1575","page","type-page","status-publish","hentry"],"acf":[],"_links":{"self":[{"href":"https:\/\/www.ufsm.br\/midias\/tvcampus\/wp-json\/wp\/v2\/pages\/1575","targetHints":{"allow":["GET"]}}],"collection":[{"href":"https:\/\/www.ufsm.br\/midias\/tvcampus\/wp-json\/wp\/v2\/pages"}],"about":[{"href":"https:\/\/www.ufsm.br\/midias\/tvcampus\/wp-json\/wp\/v2\/types\/page"}],"author":[{"embeddable":true,"href":"https:\/\/www.ufsm.br\/midias\/tvcampus\/wp-json\/wp\/v2\/users\/2492"}],"replies":[{"embeddable":true,"href":"https:\/\/www.ufsm.br\/midias\/tvcampus\/wp-json\/wp\/v2\/comments?post=1575"}],"version-history":[{"count":0,"href":"https:\/\/www.ufsm.br\/midias\/tvcampus\/wp-json\/wp\/v2\/pages\/1575\/revisions"}],"wp:attachment":[{"href":"https:\/\/www.ufsm.br\/midias\/tvcampus\/wp-json\/wp\/v2\/media?parent=1575"}],"wp:term":[{"taxonomy":"category","embeddable":true,"href":"https:\/\/www.ufsm.br\/midias\/tvcampus\/wp-json\/wp\/v2\/categories?post=1575"},{"taxonomy":"post_tag","embeddable":true,"href":"https:\/\/www.ufsm.br\/midias\/tvcampus\/wp-json\/wp\/v2\/tags?post=1575"}],"curies":[{"name":"wp","href":"https:\/\/api.w.org\/{rel}","templated":true}]}}