{"id":1578,"date":"2020-03-09T16:22:29","date_gmt":"2020-03-09T19:22:29","guid":{"rendered":"https:\/\/www.ufsm.br\/midias\/tvcampus\/?page_id=1578"},"modified":"2020-03-09T16:22:31","modified_gmt":"2020-03-09T19:22:31","slug":"cena-cultural","status":"publish","type":"page","link":"https:\/\/www.ufsm.br\/midias\/tvcampus\/cena-cultural","title":{"rendered":"Cena Cultural"},"content":{"rendered":"\n<p>Os epis\u00f3dios dos programas Cena Cultural, produzidos pela TV OVO, est\u00e3o sendo\u00a0transmitidos na programa\u00e7\u00e3o da TV Campus.\u00a0O projeto tem como intuito valorizar as manifesta\u00e7\u00f5es culturais da cidade e reconhecer a import\u00e2ncia da organiza\u00e7\u00e3o dos diferentes agentes culturais do munic\u00edpio, de forma a contribuir significativamente para preservar a mem\u00f3ria hist\u00f3rica, cultural e patrimonial de Santa Maria.<\/p>\n<p>S\u00e3o dez programas que abordam os segmentos culturais definidos pelo Plano Municipal de Cultura, que ser\u00e3o transmitidos na seguinte ordem: Audiovisual, Cinema e V\u00eddeo; Culturas Populares; Livro e Literatura; Teatro e Circo; Tradi\u00e7\u00e3o e Folclore; Artesanato; M\u00fasica; Artes Visuais; Dan\u00e7a; Patrim\u00f4nio Hist\u00f3rico Art\u00edstico e Cultural. Cada epis\u00f3dio traz uma entrevista com um\u00a0integrante do segmento para expandir a discuss\u00e3o da \u00e1rea.<\/p>\n<p><u>Audiovisual, Cinema e V\u00eddeo<\/u><br \/>O sonho, a paix\u00e3o, a dedica\u00e7\u00e3o e a batalha dos realizadores audiovisuais santa-marienses para fazer da cidade um polo audiovisual.<br \/><u>Culturas Populares<\/u><br \/>O vi\u00e9s de coletivos santa-marienses que mostra as express\u00f5es populares da cidade em atividades art\u00edsticas, educativas, culturais e sociais.<br \/><u>Livro e Literatura<\/u><br \/>O v\u00eddeo destaca a import\u00e2ncia da Feira do Livro e conta com a presen\u00e7a de escritores que representam o cen\u00e1rio liter\u00e1rio santa-mariense.<br \/><u>Teatro e Circo<\/u><br \/>A arte da representa\u00e7\u00e3o acompanha Santa Maria desde que o primeiro apito do trem ecoou nos morros de seus arredores e hoje ela se reinventa em diversos grupos e atores teatrais da cidade.<br \/><u>Tradi\u00e7\u00e3o e Folclore<\/u><br \/>Os costumes, os legados e as hist\u00f3rias que perduram entre as gera\u00e7\u00f5es. O epis\u00f3dio sobre tradi\u00e7\u00e3o e folclore aborda a diversidade \u00e9tnica e cultural em Santa Maria, onde os grupos seguem cultivando as suas ra\u00edzes para manter viva a ess\u00eancia da cidade.<br \/><u>Artesanato<\/u><br \/>Seis personagens, que fazem do artesanato local parte importante de suas vidas, contam as diferentes rela\u00e7\u00f5es que estabelecem com sua produ\u00e7\u00e3o.<br \/><u>M\u00fasica<\/u><br \/>A diversidade de sons e m\u00fasicos comp\u00f5e o cen\u00e1rio multifacetado da m\u00fasica em Santa Maria. Entre pra\u00e7as, escolas e ruas podemos ouvir algumas das express\u00f5es musicais caracter\u00edsticas da cidade.<br \/><u>Artes Visuais<\/u><br \/>O processo de descoberta art\u00edstica dentro da academia, a criatividade e express\u00e3o dos quadrinhos, a fotografia como forma de registro e a arte pulsante nas ruas. Esses s\u00e3o alguns pontos que foram abordados no epis\u00f3dio sobre artes visuais em Santa Maria.<br \/><u>Dan\u00e7a<\/u><br \/>O corpo em transforma\u00e7\u00e3o, a eleg\u00e2ncia dos movimentos como uma forma de express\u00e3o e de contar uma hist\u00f3ria. O epis\u00f3dio de dan\u00e7a fala sobre os diferentes grupos e coletivos em Santa Maria que se unem nos ritmos e coreografias.<br \/><u>Patrim\u00f4nio Hist\u00f3rico Art\u00edstico e Cultural<\/u><br \/>Santa Maria tem a sua hist\u00f3ria contada e guardada atrav\u00e9s dos pr\u00e9dios, dos documentos e de elementos culturais. O epis\u00f3dio nos leva a pensar sobre a mem\u00f3ria e o patrim\u00f4nio hist\u00f3rico, art\u00edstico e cultural da nossa cidade.<\/p>\n","protected":false},"excerpt":{"rendered":"<p>Os epis\u00f3dios dos programas Cena Cultural, produzidos pela TV OVO, est\u00e3o sendo\u00a0transmitidos na programa\u00e7\u00e3o da TV Campus.\u00a0O projeto tem como intuito valorizar as manifesta\u00e7\u00f5es culturais da cidade e reconhecer a import\u00e2ncia da organiza\u00e7\u00e3o dos diferentes agentes culturais do munic\u00edpio, de forma a contribuir significativamente para preservar a mem\u00f3ria hist\u00f3rica, cultural e patrimonial de Santa Maria. [&hellip;]<\/p>\n","protected":false},"author":2492,"featured_media":0,"parent":0,"menu_order":0,"comment_status":"closed","ping_status":"closed","template":"","meta":{"footnotes":""},"categories":[],"tags":[],"class_list":["post-1578","page","type-page","status-publish","hentry"],"acf":[],"_links":{"self":[{"href":"https:\/\/www.ufsm.br\/midias\/tvcampus\/wp-json\/wp\/v2\/pages\/1578","targetHints":{"allow":["GET"]}}],"collection":[{"href":"https:\/\/www.ufsm.br\/midias\/tvcampus\/wp-json\/wp\/v2\/pages"}],"about":[{"href":"https:\/\/www.ufsm.br\/midias\/tvcampus\/wp-json\/wp\/v2\/types\/page"}],"author":[{"embeddable":true,"href":"https:\/\/www.ufsm.br\/midias\/tvcampus\/wp-json\/wp\/v2\/users\/2492"}],"replies":[{"embeddable":true,"href":"https:\/\/www.ufsm.br\/midias\/tvcampus\/wp-json\/wp\/v2\/comments?post=1578"}],"version-history":[{"count":0,"href":"https:\/\/www.ufsm.br\/midias\/tvcampus\/wp-json\/wp\/v2\/pages\/1578\/revisions"}],"wp:attachment":[{"href":"https:\/\/www.ufsm.br\/midias\/tvcampus\/wp-json\/wp\/v2\/media?parent=1578"}],"wp:term":[{"taxonomy":"category","embeddable":true,"href":"https:\/\/www.ufsm.br\/midias\/tvcampus\/wp-json\/wp\/v2\/categories?post=1578"},{"taxonomy":"post_tag","embeddable":true,"href":"https:\/\/www.ufsm.br\/midias\/tvcampus\/wp-json\/wp\/v2\/tags?post=1578"}],"curies":[{"name":"wp","href":"https:\/\/api.w.org\/{rel}","templated":true}]}}