{"id":186,"date":"2020-03-04T09:55:26","date_gmt":"2020-03-04T12:55:26","guid":{"rendered":"https:\/\/www.ufsm.br\/midias\/tvcampus\/?page_id=186"},"modified":"2023-09-13T15:07:34","modified_gmt":"2023-09-13T18:07:34","slug":"equipe","status":"publish","type":"page","link":"https:\/\/www.ufsm.br\/midias\/tvcampus\/equipe","title":{"rendered":"Equipe"},"content":{"rendered":"<h5>Funcion\u00e1rios<\/h5>\n<p>Anaqueli Rubin &#8211; Jornalista <em>(em afastamento para qualifica\u00e7\u00e3o)<\/em><\/p>\n<p>Carla Isa Costa &#8211; Rela\u00e7\u00f5es P\u00fablicas<\/p>\n<p>Davi dos Santos Pereira &#8211; Jornalista <em>(em afastamento para qualifica\u00e7\u00e3o)<\/em><\/p>\n<p>Felippe Richardt &#8211; T\u00e9cnico em Audiovisual &#8211; Diretor TV Campus<\/p>\n<p>Gabriel Machado Soares &#8211; Programador Visual<\/p>\n<p>Gilvan Peters &#8211; Operador de C\u00e2mera de Cinema e TV<\/p>\n<p>Martha Marchesan &#8211; Rela\u00e7\u00f5es P\u00fablicas <em>(aposentada)<\/em><\/p>\n<p>Pedro Amaral de Oliveira &#8211; Editor de Imagens<\/p>\n<p>Rafael Salles &#8211; Roteirista<\/p>\n<p>Thom\u00e1s Townsend &#8211; T\u00e9cnico em Audiovisual<\/p>\n<h5>Contratados<\/h5>\n<p>Jeferson Carvalho &#8211; Switcher Master<\/p>\n<p>Bruno Filippi &#8211; Switcher Master<\/p>\n<h5>Estudantes<\/h5>\n<p>Antonio Carlos Machado Oliveira<\/p>\n<p>Milene Eichelberger<\/p>\n<p>Gustavo Leme Damascena<\/p>\n<p>Nick Santos<\/p>\n<p>Tayline Alves Manganeli<\/p>\n","protected":false},"excerpt":{"rendered":"<p>Funcion\u00e1rios Anaqueli Rubin &#8211; Jornalista (em afastamento para qualifica\u00e7\u00e3o) Carla Isa Costa &#8211; Rela\u00e7\u00f5es P\u00fablicas Davi dos Santos Pereira &#8211; Jornalista (em afastamento para qualifica\u00e7\u00e3o) Felippe Richardt &#8211; T\u00e9cnico em Audiovisual &#8211; Diretor TV Campus Gabriel Machado Soares &#8211; Programador Visual Gilvan Peters &#8211; Operador de C\u00e2mera de Cinema e TV Martha Marchesan &#8211; Rela\u00e7\u00f5es [&hellip;]<\/p>\n","protected":false},"author":867,"featured_media":0,"parent":0,"menu_order":0,"comment_status":"closed","ping_status":"closed","template":"","meta":{"footnotes":""},"categories":[],"tags":[],"class_list":["post-186","page","type-page","status-publish","hentry"],"acf":[],"_links":{"self":[{"href":"https:\/\/www.ufsm.br\/midias\/tvcampus\/wp-json\/wp\/v2\/pages\/186","targetHints":{"allow":["GET"]}}],"collection":[{"href":"https:\/\/www.ufsm.br\/midias\/tvcampus\/wp-json\/wp\/v2\/pages"}],"about":[{"href":"https:\/\/www.ufsm.br\/midias\/tvcampus\/wp-json\/wp\/v2\/types\/page"}],"author":[{"embeddable":true,"href":"https:\/\/www.ufsm.br\/midias\/tvcampus\/wp-json\/wp\/v2\/users\/867"}],"replies":[{"embeddable":true,"href":"https:\/\/www.ufsm.br\/midias\/tvcampus\/wp-json\/wp\/v2\/comments?post=186"}],"version-history":[{"count":0,"href":"https:\/\/www.ufsm.br\/midias\/tvcampus\/wp-json\/wp\/v2\/pages\/186\/revisions"}],"wp:attachment":[{"href":"https:\/\/www.ufsm.br\/midias\/tvcampus\/wp-json\/wp\/v2\/media?parent=186"}],"wp:term":[{"taxonomy":"category","embeddable":true,"href":"https:\/\/www.ufsm.br\/midias\/tvcampus\/wp-json\/wp\/v2\/categories?post=186"},{"taxonomy":"post_tag","embeddable":true,"href":"https:\/\/www.ufsm.br\/midias\/tvcampus\/wp-json\/wp\/v2\/tags?post=186"}],"curies":[{"name":"wp","href":"https:\/\/api.w.org\/{rel}","templated":true}]}}