{"id":189,"date":"2020-03-04T10:01:14","date_gmt":"2020-03-04T13:01:14","guid":{"rendered":"https:\/\/www.ufsm.br\/midias\/tvcampus\/?page_id=189"},"modified":"2022-07-14T16:55:15","modified_gmt":"2022-07-14T19:55:15","slug":"ex-alunos","status":"publish","type":"page","link":"https:\/\/www.ufsm.br\/midias\/tvcampus\/ex-alunos","title":{"rendered":"Ex-alunos"},"content":{"rendered":"\t\t<div data-elementor-type=\"wp-page\" data-elementor-id=\"189\" class=\"elementor elementor-189\">\n\t\t\t\t\t\t<section class=\"elementor-section elementor-top-section elementor-element elementor-element-adf7495 elementor-section-boxed elementor-section-height-default elementor-section-height-default\" data-id=\"adf7495\" data-element_type=\"section\">\n\t\t\t\t\t\t<div class=\"elementor-container elementor-column-gap-default\">\n\t\t\t\t\t<div class=\"elementor-column elementor-col-100 elementor-top-column elementor-element elementor-element-a85d980\" data-id=\"a85d980\" data-element_type=\"column\">\n\t\t\t<div class=\"elementor-widget-wrap elementor-element-populated\">\n\t\t\t\t\t\t<div class=\"elementor-element elementor-element-77b564e elementor-widget elementor-widget-text-editor\" data-id=\"77b564e\" data-element_type=\"widget\" data-widget_type=\"text-editor.default\">\n\t\t\t\t<div class=\"elementor-widget-container\">\n\t\t\t\t\t\t\t<p><span style=\"color: #1c1c1c;font-size: 16px\">A TV Campus tamb\u00e9m cumpre um papel pedag\u00f3gico na forma\u00e7\u00e3o de novos profissionais de Comunica\u00e7\u00e3o na \u00e1rea do audiovisual e \u00e1reas convergentes. seu quadro. A emissora admite tr\u00eas categorias de discentes: bolsista(a), estagi\u00e1rio(a) e volunt\u00e1rio(a). J\u00e1 passaram pela TV universit\u00e1ria mais de 200 alunos, que puderam experimentar e aprender com as rotinas comunicacionais.\u00a0<\/span><\/p>\t\t\t\t\t\t<\/div>\n\t\t\t\t<\/div>\n\t\t\t\t\t<\/div>\n\t\t<\/div>\n\t\t\t\t\t<\/div>\n\t\t<\/section>\n\t\t\t\t<section class=\"elementor-section elementor-top-section elementor-element elementor-element-a5f92da elementor-section-boxed elementor-section-height-default elementor-section-height-default\" data-id=\"a5f92da\" data-element_type=\"section\">\n\t\t\t\t\t\t<div class=\"elementor-container elementor-column-gap-default\">\n\t\t\t\t\t<div class=\"elementor-column elementor-col-100 elementor-top-column elementor-element elementor-element-cee3156\" data-id=\"cee3156\" data-element_type=\"column\">\n\t\t\t<div class=\"elementor-widget-wrap elementor-element-populated\">\n\t\t\t\t\t\t<div class=\"elementor-element elementor-element-c9a5f14 elementor-widget elementor-widget-toggle\" data-id=\"c9a5f14\" data-element_type=\"widget\" data-widget_type=\"toggle.default\">\n\t\t\t\t<div class=\"elementor-widget-container\">\n\t\t\t\t\t<div class=\"elementor-toggle\">\n\t\t\t\t\t\t\t<div class=\"elementor-toggle-item\">\n\t\t\t\t\t<div id=\"elementor-tab-title-2111\" class=\"elementor-tab-title\" data-tab=\"1\" role=\"button\" aria-controls=\"elementor-tab-content-2111\" aria-expanded=\"false\">\n\t\t\t\t\t\t\t\t\t\t\t\t<span class=\"elementor-toggle-icon elementor-toggle-icon-left\" aria-hidden=\"true\">\n\t\t\t\t\t\t\t\t\t\t\t\t\t\t\t<span class=\"elementor-toggle-icon-closed\"><i class=\"fas fa-caret-right\"><\/i><\/span>\n\t\t\t\t\t\t\t\t<span class=\"elementor-toggle-icon-opened\"><i class=\"elementor-toggle-icon-opened fas fa-caret-up\"><\/i><\/span>\n\t\t\t\t\t\t\t\t\t\t\t\t\t<\/span>\n\t\t\t\t\t\t\t\t\t\t\t\t<a class=\"elementor-toggle-title\" tabindex=\"0\">A a F<\/a>\n\t\t\t\t\t<\/div>\n\n\t\t\t\t\t<div id=\"elementor-tab-content-2111\" class=\"elementor-tab-content elementor-clearfix\" data-tab=\"1\" role=\"region\" aria-labelledby=\"elementor-tab-title-2111\"><p style=\"color: #000000;font-size: 16px\">Adriana Hass<\/p><p style=\"color: #000000;font-size: 16px\">Adriane Tavares<\/p><p style=\"color: #000000;font-size: 16px\">Alexandre Augusti<\/p><p style=\"color: #000000;font-size: 16px\">Alice Pavanelo<\/p><p style=\"color: #000000;font-size: 16px\">Aline Belinaso<\/p><p style=\"color: #000000;font-size: 16px\">Aline Dalmolin<\/p><p style=\"color: #000000;font-size: 16px\">Aline Wappler<\/p><p style=\"color: #000000;font-size: 16px\">Amanda Levy<\/p><p style=\"color: #000000;font-size: 16px\">Anelise Dias<\/p><p style=\"color: #000000;font-size: 16px\">Anelise Gazzaneo<\/p><p style=\"color: #000000;font-size: 16px\">Ana Paula Daros<\/p><p style=\"color: #000000;font-size: 16px\">Anaqueli Rubin<\/p><p style=\"color: #000000;font-size: 16px\">Ananda M\u00fcller<\/p><p style=\"color: #000000;font-size: 16px\">Anderson Carpes<\/p><p style=\"color: #000000;font-size: 16px\">Andressa Quadro<\/p><p style=\"color: #000000;font-size: 16px\">Anilton Santini<\/p><p style=\"color: #000000;font-size: 16px\">Angelica Borges<\/p><p style=\"color: #000000;font-size: 16px\">Ariosto Molina<\/p><p style=\"color: #000000;font-size: 16px\">Arnaldo Requia<\/p><p style=\"color: #000000;font-size: 16px\">Assunta Luciana<\/p><p style=\"color: #000000;font-size: 16px\">Barbara Barros Barbosa<\/p><p style=\"color: #000000;font-size: 16px\">Bianca Ja\u00edne Souza<\/p><p style=\"color: #000000;font-size: 16px\">Bianca Villanova<\/p><p style=\"color: #000000;font-size: 16px\">Bruna Machado<\/p><p style=\"color: #000000;font-size: 16px\">Bruna Taschetto<\/p><p style=\"color: #000000;font-size: 16px\">Bruno Deiro<\/p><p style=\"color: #000000;font-size: 16px\">Bruno Steians<\/p><p style=\"color: #000000;font-size: 16px\">Caline Gambin<\/p><p style=\"color: #000000;font-size: 16px\">Camila Daronco<\/p><p style=\"color: #000000;font-size: 16px\">Camila Falleiro<\/p><p style=\"color: #000000;font-size: 16px\">Camila dos Santos<\/p><p style=\"color: #000000;font-size: 16px\">Camille Chialleri<\/p><p style=\"color: #000000;font-size: 16px\">Carine Prevedello<\/p><p style=\"color: #000000;font-size: 16px\">Carla Algeri<\/p><p style=\"color: #000000;font-size: 16px\">Carla Torres<\/p><p style=\"color: #000000;font-size: 16px\">Carlos Silveira<\/p><p style=\"color: #000000;font-size: 16px\">Carolina Abelin Willeker<\/p><p style=\"color: #000000;font-size: 16px\">Carolina Souto<\/p><p style=\"color: #000000;font-size: 16px\">Caroline Pandolfo<\/p><p style=\"color: #000000;font-size: 16px\">Celso Duarte<\/p><p style=\"color: #000000;font-size: 16px\">Clarissa Mendes<\/p><p style=\"color: #000000;font-size: 16px\">Claudia Curte<\/p><p style=\"color: #000000;font-size: 16px\">Cibelli Fogliato<\/p><p style=\"color: #000000;font-size: 16px\">Cris Rubin<\/p><p style=\"color: #000000;font-size: 16px\">Cristina Haas<\/p><p style=\"color: #000000;font-size: 16px\">Daiane Bedin<\/p><p style=\"color: #000000;font-size: 16px\">Daniela Hinerasky<\/p><p style=\"color: #000000;font-size: 16px\">Daniela Sangalli<\/p><p style=\"color: #000000;font-size: 16px\">Danuza Mattiazzi<\/p><p style=\"color: #000000;font-size: 16px\">Deni Zolin<\/p><p style=\"color: #000000;font-size: 16px\">Elis\u00e2ngela Costa Beber<\/p><p style=\"color: #000000;font-size: 16px\">Eloisa Beling Loose<\/p><p style=\"color: #000000;font-size: 16px\">Emanuelly Vargas<\/p><p style=\"color: #000000;font-size: 16px\">Fabiana Siqueira<\/p><p style=\"color: #000000;font-size: 16px\">Fabiane Gomes<\/p><p style=\"color: #000000;font-size: 16px\">Fabiane Machado<\/p><p style=\"color: #000000;font-size: 16px\">Fabio Codevilla<\/p><p style=\"color: #000000;font-size: 16px\">Felipe Viero<\/p><p style=\"color: #000000;font-size: 16px\">Felippe Richardt<\/p><p style=\"color: #000000;font-size: 16px\">Fernanda Kieling<\/p><p style=\"color: #000000;font-size: 16px\">Fernando Meneghetti<\/p><p style=\"color: #000000;font-size: 16px\">Francine Cadore<\/p><p style=\"color: #000000;font-size: 16px\">Francine Flach<\/p><p style=\"color: #000000;font-size: 16px\">Francine Herpich<\/p><\/div>\n\t\t\t\t<\/div>\n\t\t\t\t\t\t\t<div class=\"elementor-toggle-item\">\n\t\t\t\t\t<div id=\"elementor-tab-title-2112\" class=\"elementor-tab-title\" data-tab=\"2\" role=\"button\" aria-controls=\"elementor-tab-content-2112\" aria-expanded=\"false\">\n\t\t\t\t\t\t\t\t\t\t\t\t<span class=\"elementor-toggle-icon elementor-toggle-icon-left\" aria-hidden=\"true\">\n\t\t\t\t\t\t\t\t\t\t\t\t\t\t\t<span class=\"elementor-toggle-icon-closed\"><i class=\"fas fa-caret-right\"><\/i><\/span>\n\t\t\t\t\t\t\t\t<span class=\"elementor-toggle-icon-opened\"><i class=\"elementor-toggle-icon-opened fas fa-caret-up\"><\/i><\/span>\n\t\t\t\t\t\t\t\t\t\t\t\t\t<\/span>\n\t\t\t\t\t\t\t\t\t\t\t\t<a class=\"elementor-toggle-title\" tabindex=\"0\">G a K<\/a>\n\t\t\t\t\t<\/div>\n\n\t\t\t\t\t<div id=\"elementor-tab-content-2112\" class=\"elementor-tab-content elementor-clearfix\" data-tab=\"2\" role=\"region\" aria-labelledby=\"elementor-tab-title-2112\"><p style=\"color: #000000;font-size: 16px\">Gabriel Bortulini<\/p><p style=\"color: #000000;font-size: 16px\">Greg\u00f3rio Lopes Mascarenhas<\/p><p style=\"color: #000000;font-size: 16px\">Gabriela Barreto<\/p><p style=\"color: #000000;font-size: 16px\">Gabriela Belnhak<\/p><p style=\"color: #000000;font-size: 16px\">Gabriela Loureiro<\/p><p style=\"color: #000000;font-size: 16px\">Gabrielli Dalavechia<\/p><p style=\"color: #000000;font-size: 16px\">Gessica Valentini<\/p><p style=\"color: #000000;font-size: 16px\">Giana F\u00e9rias Pahim<\/p><p style=\"color: #000000;font-size: 16px\">Gianina Pozzebon<\/p><p style=\"color: #000000;font-size: 16px\">Gilliard Bressan<\/p><p style=\"color: #000000;font-size: 16px\">Giovana Alvarenga<\/p><p style=\"color: #000000;font-size: 16px\">Gisele Ortolan<\/p><p style=\"color: #000000;font-size: 16px\">Gisele Reginato<\/p><p style=\"color: #000000;font-size: 16px\">Greice Marin<\/p><p style=\"color: #000000;font-size: 16px\">Guilherme Gran\u00eaz<\/p><p style=\"color: #000000;font-size: 16px\">Guilherme Scapin Borges<\/p><p style=\"color: #000000;font-size: 16px\">Gustavo Martinez<\/p><p style=\"color: #000000;font-size: 16px\">Hellen Barbiero<\/p><p style=\"color: #000000;font-size: 16px\">Henrique Amendola<\/p><p style=\"color: #000000;font-size: 16px\">Humberto Ferreira<\/p><p style=\"color: #000000;font-size: 16px\">Isabel Barbosa<\/p><p style=\"color: #000000;font-size: 16px\">Isabel Malheiros<\/p><p style=\"color: #000000;font-size: 16px\">Janina Toma<\/p><p style=\"color: #000000;font-size: 16px\">Janine Appel<\/p><p style=\"color: #000000;font-size: 16px\">Jeane Baron<\/p><p style=\"color: #000000;font-size: 16px\">Jefferson Ferreira<\/p><p style=\"color: #000000;font-size: 16px\">J\u00e9ssica L\u00f3ss<\/p><p style=\"color: #000000;font-size: 16px\">Joc\u00e9lia Lima<\/p><p style=\"color: #000000;font-size: 16px\">Jos\u00e9 Ant\u00f4nio Buere Filho<\/p><p style=\"color: #000000;font-size: 16px\">Jos\u00e9 Marcos Jr<\/p><p style=\"color: #000000;font-size: 16px\">Joseane Ibaldo<\/p><p style=\"color: #000000;font-size: 16px\">Julia Cervo<\/p><p style=\"color: #000000;font-size: 16px\">J\u00falia Dotto<\/p><p style=\"color: #000000;font-size: 16px\">Julia Maria<\/p><p style=\"color: #000000;font-size: 16px\">J\u00falia Saldanha Goulart<\/p><p style=\"color: #000000;font-size: 16px\">J\u00falia Schnorr<\/p><p style=\"color: #000000;font-size: 16px\">Juliana Motta<\/p><p style=\"color: #000000;font-size: 16px\">Juliano Castro<\/p><p style=\"color: #000000;font-size: 16px\">Kamila Baidek<\/p><p style=\"color: #000000;font-size: 16px\">Kamila Ruas<\/p><p style=\"color: #000000;font-size: 16px\">Karine Bertani<\/p><p style=\"color: #000000;font-size: 16px\">Kelem Freitas Duarte<\/p><\/div>\n\t\t\t\t<\/div>\n\t\t\t\t\t\t\t<div class=\"elementor-toggle-item\">\n\t\t\t\t\t<div id=\"elementor-tab-title-2113\" class=\"elementor-tab-title\" data-tab=\"3\" role=\"button\" aria-controls=\"elementor-tab-content-2113\" aria-expanded=\"false\">\n\t\t\t\t\t\t\t\t\t\t\t\t<span class=\"elementor-toggle-icon elementor-toggle-icon-left\" aria-hidden=\"true\">\n\t\t\t\t\t\t\t\t\t\t\t\t\t\t\t<span class=\"elementor-toggle-icon-closed\"><i class=\"fas fa-caret-right\"><\/i><\/span>\n\t\t\t\t\t\t\t\t<span class=\"elementor-toggle-icon-opened\"><i class=\"elementor-toggle-icon-opened fas fa-caret-up\"><\/i><\/span>\n\t\t\t\t\t\t\t\t\t\t\t\t\t<\/span>\n\t\t\t\t\t\t\t\t\t\t\t\t<a class=\"elementor-toggle-title\" tabindex=\"0\">L a P <\/a>\n\t\t\t\t\t<\/div>\n\n\t\t\t\t\t<div id=\"elementor-tab-content-2113\" class=\"elementor-tab-content elementor-clearfix\" data-tab=\"3\" role=\"region\" aria-labelledby=\"elementor-tab-title-2113\"><p style=\"color: #000000;font-size: 16px\">Lannes Lopes<\/p><p style=\"color: #000000;font-size: 16px\">Lara Isadora Rodrigues<\/p><p style=\"color: #000000;font-size: 16px\">Larissa de la Rue<\/p><p style=\"color: #000000;font-size: 16px\">Leonardo Meira<\/p><p style=\"color: #000000;font-size: 16px\">Leonel Lacerda<\/p><p style=\"color: #000000;font-size: 16px\">Let\u00edcia Rodrigues<\/p><p style=\"color: #000000;font-size: 16px\">Lidiane Ramirez<\/p><p style=\"color: #000000;font-size: 16px\">Liege Zamberlan<\/p><p style=\"color: #000000;font-size: 16px\">Liliane Bignol<\/p><p style=\"color: #000000;font-size: 16px\">Lirian Sifuentes<\/p><p style=\"color: #000000;font-size: 16px\">Lizie Antonello<\/p><p style=\"color: #000000;font-size: 16px\">Luana Giazzon<\/p><p style=\"color: #000000;font-size: 16px\">Luciana Rocha da Rosa<\/p><p style=\"color: #000000;font-size: 16px\">Luciana Munuzzi<\/p><p style=\"color: #000000;font-size: 16px\">Luciano Smaniotto<\/p><p style=\"color: #000000;font-size: 16px\">Luiz Val\u00e9rio Seles<\/p><p style=\"color: #000000;font-size: 16px\">Luiza Medeiros<\/p><p style=\"color: #000000;font-size: 16px\">Luma Le\u00e3o<\/p><p style=\"color: #000000;font-size: 16px\">Magali Savoldi<\/p><p style=\"color: #000000;font-size: 16px\">Marcos Marin<\/p><p style=\"color: #000000;font-size: 16px\">Ma\u00edra Bertoldo<\/p><p style=\"color: #000000;font-size: 16px\">Ma\u00edra Rocha<\/p><p style=\"color: #000000;font-size: 16px\">Marcelo de Franceschi<\/p><p style=\"color: #000000;font-size: 16px\">Marcelo Rech<\/p><p style=\"color: #000000;font-size: 16px\">Maria Matheus<\/p><p style=\"color: #000000;font-size: 16px\">Mari\u00e2ngela Rechia<\/p><p style=\"color: #000000;font-size: 16px\">Mariana Cunha Fontana<\/p><p style=\"color: #000000;font-size: 16px\">Mariana Rezer<\/p><p style=\"color: #000000;font-size: 16px\">Marina Fortes<\/p><p style=\"color: #000000;font-size: 16px\">Marilice Daronco<\/p><p style=\"color: #000000;font-size: 16px\">M\u00e1rcia Zanin Feliciani<\/p><p style=\"color: #000000;font-size: 16px\">Marlucy Goulart<\/p><p style=\"color: #000000;font-size: 16px\">Marlon Dias<\/p><p style=\"color: #000000;font-size: 16px\">Mateus de Albuquerque<\/p><p style=\"color: #000000;font-size: 16px\">Mauria Machado<\/p><p style=\"color: #000000;font-size: 16px\">Mauricio Dias<\/p><p style=\"color: #000000;font-size: 16px\">Mauricio Fanfa<\/p><p style=\"color: #000000;font-size: 16px\">Mayara Neri<\/p><p style=\"color: #000000;font-size: 16px\">Michele Dias da Silva<\/p><p style=\"color: #000000;font-size: 16px\">Naiara Longhi<\/p><p style=\"color: #000000;font-size: 16px\">Nadine K Ribeiro<\/p><p style=\"color: #000000;font-size: 16px\">Nandressa Cattani<\/p><p style=\"color: #000000;font-size: 16px\">Nat\u00e1lia Beck<\/p><p style=\"color: #000000;font-size: 16px\">Nat\u00e1lia Martins Flores<\/p><p style=\"color: #000000;font-size: 16px\">Nicole Carrion<\/p><p style=\"color: #000000;font-size: 16px\">Nicoli Saft<\/p><p style=\"color: #000000;font-size: 16px\">Ot\u00e1vio Chagas<\/p><p style=\"color: #000000;font-size: 16px\">Paola Brum<\/p><p style=\"color: #000000;font-size: 16px\">Pedro Henrique Dias\u00a0<\/p><p style=\"color: #000000;font-size: 16px\">Pedro Rocha<\/p><\/div>\n\t\t\t\t<\/div>\n\t\t\t\t\t\t\t<div class=\"elementor-toggle-item\">\n\t\t\t\t\t<div id=\"elementor-tab-title-2114\" class=\"elementor-tab-title\" data-tab=\"4\" role=\"button\" aria-controls=\"elementor-tab-content-2114\" aria-expanded=\"false\">\n\t\t\t\t\t\t\t\t\t\t\t\t<span class=\"elementor-toggle-icon elementor-toggle-icon-left\" aria-hidden=\"true\">\n\t\t\t\t\t\t\t\t\t\t\t\t\t\t\t<span class=\"elementor-toggle-icon-closed\"><i class=\"fas fa-caret-right\"><\/i><\/span>\n\t\t\t\t\t\t\t\t<span class=\"elementor-toggle-icon-opened\"><i class=\"elementor-toggle-icon-opened fas fa-caret-up\"><\/i><\/span>\n\t\t\t\t\t\t\t\t\t\t\t\t\t<\/span>\n\t\t\t\t\t\t\t\t\t\t\t\t<a class=\"elementor-toggle-title\" tabindex=\"0\">R a Z<\/a>\n\t\t\t\t\t<\/div>\n\n\t\t\t\t\t<div id=\"elementor-tab-content-2114\" class=\"elementor-tab-content elementor-clearfix\" data-tab=\"4\" role=\"region\" aria-labelledby=\"elementor-tab-title-2114\"><p style=\"color: #000000;font-size: 16px\">Raero Monteiro<\/p><p style=\"color: #000000;font-size: 16px\">Rafael Salles<\/p><p style=\"color: #000000;font-size: 16px\">Rafaela Chagas<\/p><p style=\"color: #000000;font-size: 16px\">Rafaele Pontelli<\/p><p style=\"color: #000000;font-size: 16px\">Ranice Pedrazzi<\/p><p style=\"color: #000000;font-size: 16px\">Raquel Toniolo<\/p><p style=\"color: #000000;font-size: 16px\">Reinaldo Guidolin<\/p><p style=\"color: #000000;font-size: 16px\">Rejane Paludo<\/p><p style=\"color: #000000;font-size: 16px\">Roberta Nunes Paz<\/p><p style=\"color: #000000;font-size: 16px\">Rodrigo Nen\u00ea<\/p><p style=\"color: #000000;font-size: 16px\">Rog\u00e9rio Giaretta Jr.<\/p><p style=\"color: #000000;font-size: 16px\">Romulo Tondo<\/p><p style=\"color: #000000;font-size: 16px\">Rosangela de Souza Caino<\/p><p style=\"color: #000000;font-size: 16px\">Sabrina D\u00edaz Virzi<\/p><p style=\"color: #000000;font-size: 16px\">Samuel Lemos<\/p><p style=\"color: #000000;font-size: 16px\">Sandro Favero<\/p><p style=\"color: #000000;font-size: 16px\">St\u00eav\u00e3o Cl\u00f3s Limana<\/p><p style=\"color: #000000;font-size: 16px\">Tabita Strassburguer<\/p><p style=\"color: #000000;font-size: 16px\">Ta\u00edsa Teixeira Medeiros<\/p><p style=\"color: #000000;font-size: 16px\">Tales Richter<\/p><p style=\"color: #000000;font-size: 16px\">Tainara Liesenfeld<\/p><p style=\"color: #000000;font-size: 16px\">Tamiles Kr\u00fcger<\/p><p style=\"color: #000000;font-size: 16px\">Tanise Zeppenfeld Arruda<\/p><p style=\"color: #000000;font-size: 16px\">Tatiana Lima<\/p><p style=\"color: #000000;font-size: 16px\">Tha\u00eds Brugnara Rosa<\/p><p style=\"color: #000000;font-size: 16px\">Thanise Crispim<\/p><p style=\"color: #000000;font-size: 16px\">Thatielle Freitas da Silva<\/p><p style=\"color: #000000;font-size: 16px\">Thaubert Carvalho<\/p><p style=\"color: #000000;font-size: 16px\">Thiago Buzatto<\/p><p style=\"color: #000000;font-size: 16px\">Tiago Machado<\/p><p style=\"color: #000000;font-size: 16px\">Ticiana Fontana<\/p><p style=\"color: #000000;font-size: 16px\">Valeria Dalla Corte<\/p><p style=\"color: #000000;font-size: 16px\">Vanessa Backes<\/p><p style=\"color: #000000;font-size: 16px\">Vanessa Beltrame<\/p><p style=\"color: #000000;font-size: 16px\">Vict\u00f3ria Alves<\/p><p style=\"color: #000000;font-size: 16px\">Vit\u00f3ria Londero<\/p><p style=\"color: #000000;font-size: 16px\">Vivian Jorge<\/p><p style=\"color: #000000;font-size: 16px\">Willian Ara\u00fajo\u00a0<\/p><p style=\"color: #000000;font-size: 16px\">Yuri Medeiros<\/p><\/div>\n\t\t\t\t<\/div>\n\t\t\t\t\t\t\t\t<\/div>\n\t\t\t\t<\/div>\n\t\t\t\t<\/div>\n\t\t\t\t\t<\/div>\n\t\t<\/div>\n\t\t\t\t\t<\/div>\n\t\t<\/section>\n\t\t\t\t<\/div>\n\t\t","protected":false},"excerpt":{"rendered":"<p>A TV Campus tamb\u00e9m cumpre um papel pedag\u00f3gico na forma\u00e7\u00e3o de novos profissionais de Comunica\u00e7\u00e3o na \u00e1rea do audiovisual e \u00e1reas convergentes. seu quadro. A emissora admite tr\u00eas categorias de discentes: bolsista(a), estagi\u00e1rio(a) e volunt\u00e1rio(a). J\u00e1 passaram pela TV universit\u00e1ria mais de 200 alunos, que puderam experimentar e aprender com as rotinas comunicacionais.\u00a0 A a [&hellip;]<\/p>\n","protected":false},"author":867,"featured_media":0,"parent":0,"menu_order":0,"comment_status":"closed","ping_status":"closed","template":"","meta":{"footnotes":""},"categories":[],"tags":[],"class_list":["post-189","page","type-page","status-publish","hentry"],"acf":[],"_links":{"self":[{"href":"https:\/\/www.ufsm.br\/midias\/tvcampus\/wp-json\/wp\/v2\/pages\/189","targetHints":{"allow":["GET"]}}],"collection":[{"href":"https:\/\/www.ufsm.br\/midias\/tvcampus\/wp-json\/wp\/v2\/pages"}],"about":[{"href":"https:\/\/www.ufsm.br\/midias\/tvcampus\/wp-json\/wp\/v2\/types\/page"}],"author":[{"embeddable":true,"href":"https:\/\/www.ufsm.br\/midias\/tvcampus\/wp-json\/wp\/v2\/users\/867"}],"replies":[{"embeddable":true,"href":"https:\/\/www.ufsm.br\/midias\/tvcampus\/wp-json\/wp\/v2\/comments?post=189"}],"version-history":[{"count":0,"href":"https:\/\/www.ufsm.br\/midias\/tvcampus\/wp-json\/wp\/v2\/pages\/189\/revisions"}],"wp:attachment":[{"href":"https:\/\/www.ufsm.br\/midias\/tvcampus\/wp-json\/wp\/v2\/media?parent=189"}],"wp:term":[{"taxonomy":"category","embeddable":true,"href":"https:\/\/www.ufsm.br\/midias\/tvcampus\/wp-json\/wp\/v2\/categories?post=189"},{"taxonomy":"post_tag","embeddable":true,"href":"https:\/\/www.ufsm.br\/midias\/tvcampus\/wp-json\/wp\/v2\/tags?post=189"}],"curies":[{"name":"wp","href":"https:\/\/api.w.org\/{rel}","templated":true}]}}