{"id":199,"date":"2020-03-04T10:19:25","date_gmt":"2020-03-04T13:19:25","guid":{"rendered":"https:\/\/www.ufsm.br\/midias\/tvcampus\/?page_id=199"},"modified":"2020-03-04T10:39:04","modified_gmt":"2020-03-04T13:39:04","slug":"rio-grande-rural","status":"publish","type":"page","link":"https:\/\/www.ufsm.br\/midias\/tvcampus\/rio-grande-rural","title":{"rendered":"Rio Grande Rural"},"content":{"rendered":"\t\t<div data-elementor-type=\"wp-page\" data-elementor-id=\"199\" class=\"elementor elementor-199\">\n\t\t\t\t\t\t<section class=\"elementor-section elementor-top-section elementor-element elementor-element-c99ee77 elementor-section-boxed elementor-section-height-default elementor-section-height-default\" data-id=\"c99ee77\" data-element_type=\"section\">\n\t\t\t\t\t\t<div class=\"elementor-container elementor-column-gap-default\">\n\t\t\t\t\t<div class=\"elementor-column elementor-col-100 elementor-top-column elementor-element elementor-element-558c1e2\" data-id=\"558c1e2\" data-element_type=\"column\">\n\t\t\t<div class=\"elementor-widget-wrap elementor-element-populated\">\n\t\t\t\t\t\t<div class=\"elementor-element elementor-element-a95afe6 elementor-widget elementor-widget-text-editor\" data-id=\"a95afe6\" data-element_type=\"widget\" data-widget_type=\"text-editor.default\">\n\t\t\t\t<div class=\"elementor-widget-container\">\n\t\t\t\t\t\t\t<div class=\"col-sm-12 col-xs-12\"><p style=\"text-align: center\"><strong>Programa produzido pela Emater\/RS-Ascar.<\/strong><\/p><\/div><div class=\"col-sm-12 col-xs-12 col-lg-6\">\u00a0<\/div>\t\t\t\t\t\t<\/div>\n\t\t\t\t<\/div>\n\t\t\t\t\t<\/div>\n\t\t<\/div>\n\t\t\t\t\t<\/div>\n\t\t<\/section>\n\t\t\t\t<section class=\"elementor-section elementor-top-section elementor-element elementor-element-0e468de elementor-section-boxed elementor-section-height-default elementor-section-height-default\" data-id=\"0e468de\" data-element_type=\"section\">\n\t\t\t\t\t\t<div class=\"elementor-container elementor-column-gap-default\">\n\t\t\t\t\t<div class=\"elementor-column elementor-col-100 elementor-top-column elementor-element elementor-element-58a32bf\" data-id=\"58a32bf\" data-element_type=\"column\">\n\t\t\t<div class=\"elementor-widget-wrap elementor-element-populated\">\n\t\t\t\t\t\t<div class=\"elementor-element elementor-element-89db6fb elementor-widget elementor-widget-text-editor\" data-id=\"89db6fb\" data-element_type=\"widget\" data-widget_type=\"text-editor.default\">\n\t\t\t\t<div class=\"elementor-widget-container\">\n\t\t\t\t\t\t\t<p style=\"text-align: center\"><strong>Grade de Hor\u00e1rios<\/strong><\/p><table class=\"table\"><tbody><tr><th><b>05:00:00\u00a0<\/b>:<\/th><td>Segunda<\/td><td>&#8211;<\/td><td>Quarta<\/td><td>&#8211;<\/td><td>&#8211;<\/td><td>S\u00e1bado<\/td><td>&#8211;<\/td><\/tr><tr><th><b>05:30:00\u00a0<\/b>:<\/th><td>Segunda<\/td><td>&#8211;<\/td><td>Quarta<\/td><td>&#8211;<\/td><td>&#8211;<\/td><td>S\u00e1bado<\/td><td>&#8211;<\/td><\/tr><tr><th><b>08:00:00\u00a0<\/b>:<\/th><td>&#8211;<\/td><td>&#8211;<\/td><td>&#8211;<\/td><td>&#8211;<\/td><td>&#8211;<\/td><td>S\u00e1bado<\/td><td>Domingo<\/td><\/tr><tr><th><b>08:00:00\u00a0<\/b>:<\/th><td>&#8211;<\/td><td>&#8211;<\/td><td>Quarta<\/td><td>&#8211;<\/td><td>&#8211;<\/td><td>&#8211;<\/td><td>&#8211;<\/td><\/tr><tr><th><b>08:30:00\u00a0<\/b>:<\/th><td>&#8211;<\/td><td>&#8211;<\/td><td>&#8211;<\/td><td>&#8211;<\/td><td>&#8211;<\/td><td>S\u00e1bado<\/td><td>Domingo<\/td><\/tr><tr><th><b>08:30:00\u00a0<\/b>:<\/th><td>&#8211;<\/td><td>&#8211;<\/td><td>Quarta<\/td><td>&#8211;<\/td><td>&#8211;<\/td><td>&#8211;<\/td><td>&#8211;<\/td><\/tr><\/tbody><\/table>\t\t\t\t\t\t<\/div>\n\t\t\t\t<\/div>\n\t\t\t\t\t<\/div>\n\t\t<\/div>\n\t\t\t\t\t<\/div>\n\t\t<\/section>\n\t\t\t\t<\/div>\n\t\t","protected":false},"excerpt":{"rendered":"<p>Programa produzido pela Emater\/RS-Ascar. Grade de Hor\u00e1rios 05:00:00&nbsp;: Segunda &#8211; Quarta &#8211; &#8211; S\u00e1bado &#8211; 05:30:00&nbsp;: Segunda &#8211; Quarta &#8211; &#8211; S\u00e1bado &#8211; 08:00:00&nbsp;: &#8211; &#8211; &#8211; &#8211; &#8211; S\u00e1bado Domingo 08:00:00&nbsp;: &#8211; &#8211; Quarta &#8211; &#8211; &#8211; &#8211; 08:30:00&nbsp;: &#8211; &#8211; &#8211; &#8211; &#8211; S\u00e1bado Domingo 08:30:00&nbsp;: &#8211; &#8211; Quarta &#8211; &#8211; &#8211; &#8211;<\/p>\n","protected":false},"author":867,"featured_media":0,"parent":0,"menu_order":0,"comment_status":"closed","ping_status":"closed","template":"","meta":{"footnotes":""},"categories":[],"tags":[],"class_list":["post-199","page","type-page","status-publish","hentry"],"acf":[],"_links":{"self":[{"href":"https:\/\/www.ufsm.br\/midias\/tvcampus\/wp-json\/wp\/v2\/pages\/199","targetHints":{"allow":["GET"]}}],"collection":[{"href":"https:\/\/www.ufsm.br\/midias\/tvcampus\/wp-json\/wp\/v2\/pages"}],"about":[{"href":"https:\/\/www.ufsm.br\/midias\/tvcampus\/wp-json\/wp\/v2\/types\/page"}],"author":[{"embeddable":true,"href":"https:\/\/www.ufsm.br\/midias\/tvcampus\/wp-json\/wp\/v2\/users\/867"}],"replies":[{"embeddable":true,"href":"https:\/\/www.ufsm.br\/midias\/tvcampus\/wp-json\/wp\/v2\/comments?post=199"}],"version-history":[{"count":0,"href":"https:\/\/www.ufsm.br\/midias\/tvcampus\/wp-json\/wp\/v2\/pages\/199\/revisions"}],"wp:attachment":[{"href":"https:\/\/www.ufsm.br\/midias\/tvcampus\/wp-json\/wp\/v2\/media?parent=199"}],"wp:term":[{"taxonomy":"category","embeddable":true,"href":"https:\/\/www.ufsm.br\/midias\/tvcampus\/wp-json\/wp\/v2\/categories?post=199"},{"taxonomy":"post_tag","embeddable":true,"href":"https:\/\/www.ufsm.br\/midias\/tvcampus\/wp-json\/wp\/v2\/tags?post=199"}],"curies":[{"name":"wp","href":"https:\/\/api.w.org\/{rel}","templated":true}]}}