{"id":208,"date":"2020-03-04T10:44:54","date_gmt":"2020-03-04T13:44:54","guid":{"rendered":"https:\/\/www.ufsm.br\/midias\/tvcampus\/?page_id=208"},"modified":"2020-03-10T14:41:35","modified_gmt":"2020-03-10T17:41:35","slug":"cine-nacional","status":"publish","type":"page","link":"https:\/\/www.ufsm.br\/midias\/tvcampus\/cine-nacional","title":{"rendered":"Cine Nacional"},"content":{"rendered":"\t\t<div data-elementor-type=\"wp-page\" data-elementor-id=\"208\" class=\"elementor elementor-208\">\n\t\t\t\t\t\t<section class=\"elementor-section elementor-top-section elementor-element elementor-element-a2d759b elementor-section-boxed elementor-section-height-default elementor-section-height-default\" data-id=\"a2d759b\" data-element_type=\"section\">\n\t\t\t\t\t\t<div class=\"elementor-container elementor-column-gap-default\">\n\t\t\t\t\t<div class=\"elementor-column elementor-col-100 elementor-top-column elementor-element elementor-element-9f96122\" data-id=\"9f96122\" data-element_type=\"column\">\n\t\t\t<div class=\"elementor-widget-wrap elementor-element-populated\">\n\t\t\t\t\t\t<div class=\"elementor-element elementor-element-538e80d elementor-widget elementor-widget-image\" data-id=\"538e80d\" data-element_type=\"widget\" data-widget_type=\"image.default\">\n\t\t\t\t<div class=\"elementor-widget-container\">\n\t\t\t\t\t\t\t\t\t\t\t\t\t<img decoding=\"async\" src=\"https:\/\/www.ufsm.br\/app\/uploads\/sites\/811\/elementor\/thumbs\/cartao_cine_nacional-om2rbazt7hov7f9c125llts70dqd9b37m06dkyzjs0.jpg\" title=\"cartao_cine_nacional\" alt=\"cartao_cine_nacional\" loading=\"lazy\" \/>\t\t\t\t\t\t\t\t\t\t\t\t\t<\/div>\n\t\t\t\t<\/div>\n\t\t\t\t\t<\/div>\n\t\t<\/div>\n\t\t\t\t\t<\/div>\n\t\t<\/section>\n\t\t\t\t<section class=\"elementor-section elementor-top-section elementor-element elementor-element-9ed3176 elementor-section-boxed elementor-section-height-default elementor-section-height-default\" data-id=\"9ed3176\" data-element_type=\"section\">\n\t\t\t\t\t\t<div class=\"elementor-container elementor-column-gap-default\">\n\t\t\t\t\t<div class=\"elementor-column elementor-col-100 elementor-top-column elementor-element elementor-element-31e6212\" data-id=\"31e6212\" data-element_type=\"column\">\n\t\t\t<div class=\"elementor-widget-wrap elementor-element-populated\">\n\t\t\t\t\t\t<div class=\"elementor-element elementor-element-7e6e301 elementor-widget elementor-widget-text-editor\" data-id=\"7e6e301\" data-element_type=\"widget\" data-widget_type=\"text-editor.default\">\n\t\t\t\t<div class=\"elementor-widget-container\">\n\t\t\t\t\t\t\t<p>Programa que seleciona e apresenta curta metragens brasileiros de fic\u00e7\u00e3o, document\u00e1rios ou anima\u00e7\u00f5es.<\/p>\t\t\t\t\t\t<\/div>\n\t\t\t\t<\/div>\n\t\t\t\t\t<\/div>\n\t\t<\/div>\n\t\t\t\t\t<\/div>\n\t\t<\/section>\n\t\t\t\t<section class=\"elementor-section elementor-top-section elementor-element elementor-element-8474ed2 elementor-section-boxed elementor-section-height-default elementor-section-height-default\" data-id=\"8474ed2\" data-element_type=\"section\">\n\t\t\t\t\t\t<div class=\"elementor-container elementor-column-gap-default\">\n\t\t\t\t\t<div class=\"elementor-column elementor-col-100 elementor-top-column elementor-element elementor-element-47f3365\" data-id=\"47f3365\" data-element_type=\"column\">\n\t\t\t<div class=\"elementor-widget-wrap elementor-element-populated\">\n\t\t\t\t\t\t<div class=\"elementor-element elementor-element-d0daeb6 elementor-widget elementor-widget-text-editor\" data-id=\"d0daeb6\" data-element_type=\"widget\" data-widget_type=\"text-editor.default\">\n\t\t\t\t<div class=\"elementor-widget-container\">\n\t\t\t\t\t\t\t<p style=\"text-align: center\"><span style=\"font-size: 12pt\"><strong>Grade de Hor\u00e1rios<\/strong><\/span><\/p><table class=\"table\"><tbody><tr><th><b>00:00:00\u00a0<\/b>:<\/th><td>&#8211;<\/td><td>&#8211;<\/td><td>&#8211;<\/td><td>&#8211;<\/td><td>&#8211;<\/td><td>&#8211;<\/td><td>Domingo<\/td><\/tr><tr><th><b>01:30:00\u00a0<\/b>:<\/th><td>Segunda<\/td><td>&#8211;<\/td><td>&#8211;<\/td><td>&#8211;<\/td><td>&#8211;<\/td><td>&#8211;<\/td><td>&#8211;<\/td><\/tr><tr><th><b>04:00:00\u00a0<\/b>:<\/th><td>&#8211;<\/td><td>&#8211;<\/td><td>&#8211;<\/td><td>Quinta<\/td><td>&#8211;<\/td><td>S\u00e1bado<\/td><td>&#8211;<\/td><\/tr><tr><th><b>04:30:00\u00a0<\/b>:<\/th><td>&#8211;<\/td><td>&#8211;<\/td><td>&#8211;<\/td><td>&#8211;<\/td><td>Sexta<\/td><td>&#8211;<\/td><td>&#8211;<\/td><\/tr><tr><th><b>05:00:00\u00a0<\/b>:<\/th><td>&#8211;<\/td><td>&#8211;<\/td><td>&#8211;<\/td><td>&#8211;<\/td><td>&#8211;<\/td><td>&#8211;<\/td><td>Domingo<\/td><\/tr><tr><th><b>05:30:00\u00a0<\/b>:<\/th><td>&#8211;<\/td><td>Ter\u00e7a<\/td><td>&#8211;<\/td><td>&#8211;<\/td><td>&#8211;<\/td><td>&#8211;<\/td><td>&#8211;<\/td><\/tr><tr><th><b>08:30:00\u00a0<\/b>:<\/th><td>&#8211;<\/td><td>Ter\u00e7a<\/td><td>&#8211;<\/td><td>&#8211;<\/td><td>&#8211;<\/td><td>&#8211;<\/td><td>&#8211;<\/td><\/tr><tr><th><b>13:00:00\u00a0<\/b>:<\/th><td>&#8211;<\/td><td>&#8211;<\/td><td>&#8211;<\/td><td>Quinta<\/td><td>&#8211;<\/td><td>&#8211;<\/td><td>&#8211;<\/td><\/tr><tr><th><b>16:30:00\u00a0<\/b>:<\/th><td>Segunda<\/td><td>&#8211;<\/td><td>&#8211;<\/td><td>&#8211;<\/td><td>&#8211;<\/td><td>&#8211;<\/td><td>&#8211;<\/td><\/tr><tr><th><b>17:00:00\u00a0<\/b>:<\/th><td>&#8211;<\/td><td>&#8211;<\/td><td>&#8211;<\/td><td>&#8211;<\/td><td>&#8211;<\/td><td>&#8211;<\/td><td>Domingo<\/td><\/tr><tr><th><b>20:30:00\u00a0<\/b>:<\/th><td>&#8211;<\/td><td>&#8211;<\/td><td>&#8211;<\/td><td>&#8211;<\/td><td>&#8211;<\/td><td>S\u00e1bado<\/td><td>&#8211;<\/td><\/tr><tr><th><b>21:00:00\u00a0<\/b>:<\/th><td>&#8211;<\/td><td>&#8211;<\/td><td>&#8211;<\/td><td>&#8211;<\/td><td>Sexta<\/td><td>&#8211;<\/td><td>&#8211;<\/td><\/tr><\/tbody><\/table>\t\t\t\t\t\t<\/div>\n\t\t\t\t<\/div>\n\t\t\t\t\t<\/div>\n\t\t<\/div>\n\t\t\t\t\t<\/div>\n\t\t<\/section>\n\t\t\t\t<section class=\"elementor-section elementor-top-section elementor-element elementor-element-bd7ae60 elementor-section-boxed elementor-section-height-default elementor-section-height-default\" data-id=\"bd7ae60\" data-element_type=\"section\">\n\t\t\t\t\t\t<div class=\"elementor-container elementor-column-gap-default\">\n\t\t\t\t\t<div class=\"elementor-column elementor-col-100 elementor-top-column elementor-element elementor-element-2dd940c\" data-id=\"2dd940c\" data-element_type=\"column\">\n\t\t\t<div class=\"elementor-widget-wrap elementor-element-populated\">\n\t\t\t\t\t\t<div class=\"elementor-element elementor-element-b3107c4 elementor-widget elementor-widget-wp-widget-ufsm_noticias_widget\" data-id=\"b3107c4\" data-element_type=\"widget\" data-widget_type=\"wp-widget-ufsm_noticias_widget.default\">\n\t\t\t\t<div class=\"elementor-widget-container\">\n\t\t\t<div class='widget-noticias-inside'>\n                        <div class=\"row\">\n                                    <div class=\"col-12 col-lg-4 pb-4\">\n                                            <div class=\"noticias-widget-wrap\" style=\"height: 180px; overflow: hidden;\">\n                            <a title=\"\" href=\"https:\/\/www.ufsm.br\/midias\/tvcampus\/2019\/12\/26\/a-dama-do-estacio-no-cine-nacional-27-12-19-2\">\n                                <span class=\"visually-hidden\">\n                                    &#8220;A Dama do Est\u00e1cio&#8221; no Cine Nacional &#8211; 27.12.19                                <\/span>\n                                <div class=\"noticias-widget-thumbs h-100\">\n                                    <img decoding=\"async\" class=\"object-fit-cover h-100 w-100\" alt=\"\" srcset=\"https:\/\/www.ufsm.br\/app\/uploads\/sites\/811\/2020\/03\/mqdefault-103-300x169.jpg 300w, https:\/\/www.ufsm.br\/app\/uploads\/sites\/811\/2020\/03\/mqdefault-103.jpg 320w\" src=\"https:\/\/www.ufsm.br\/app\/uploads\/sites\/811\/2020\/03\/mqdefault-103.jpg\"><\/img>\n                                <\/div>\n                            <\/a>\n                        <\/div>\n                                        \n                                        \n                    \n                    <a class=\"noticias-widget-title d-block  m-0 \"  title=\"&#8220;A Dama do Est\u00e1cio&#8221; no Cine Nacional &#8211; 27.12.19\" href=\"https:\/\/www.ufsm.br\/midias\/tvcampus\/2019\/12\/26\/a-dama-do-estacio-no-cine-nacional-27-12-19-2\">\n                                                &#8220;A Dama do Est\u00e1cio&#8221; no Cine Nacional &#8211; 27.12.19                    <\/a>\n                    \n                    \n                                        \n                                        \n                                        <\/div>\n                                    <div class=\"col-12 col-lg-4 pb-4\">\n                                            <div class=\"noticias-widget-wrap\" style=\"height: 180px; overflow: hidden;\">\n                            <a title=\"\" href=\"https:\/\/www.ufsm.br\/midias\/tvcampus\/2019\/12\/13\/batuque-gaucho-no-cine-nacional-13-12-19-2\">\n                                <span class=\"visually-hidden\">\n                                    &#8220;Batuque Ga\u00facho&#8221; no Cine Nacional &#8211; 13.12.19                                <\/span>\n                                <div class=\"noticias-widget-thumbs h-100\">\n                                    <img decoding=\"async\" class=\"object-fit-cover h-100 w-100\" alt=\"\" srcset=\"https:\/\/www.ufsm.br\/app\/uploads\/sites\/811\/2020\/03\/mqdefault-1-5-300x169.jpg 300w, https:\/\/www.ufsm.br\/app\/uploads\/sites\/811\/2020\/03\/mqdefault-1-5.jpg 320w\" src=\"https:\/\/www.ufsm.br\/app\/uploads\/sites\/811\/2020\/03\/mqdefault-1-5.jpg\"><\/img>\n                                <\/div>\n                            <\/a>\n                        <\/div>\n                                        \n                                        \n                    \n                    <a class=\"noticias-widget-title d-block  m-0 \"  title=\"&#8220;Batuque Ga\u00facho&#8221; no Cine Nacional &#8211; 13.12.19\" href=\"https:\/\/www.ufsm.br\/midias\/tvcampus\/2019\/12\/13\/batuque-gaucho-no-cine-nacional-13-12-19-2\">\n                                                &#8220;Batuque Ga\u00facho&#8221; no Cine Nacional &#8211; 13.12.19                    <\/a>\n                    \n                    \n                                        \n                                        \n                                        <\/div>\n                                    <div class=\"col-12 col-lg-4 pb-4\">\n                                            <div class=\"noticias-widget-wrap\" style=\"height: 180px; overflow: hidden;\">\n                            <a title=\"\" href=\"https:\/\/www.ufsm.br\/midias\/tvcampus\/2019\/11\/20\/a-galinha-que-burlou-o-sistema-no-cine-nacional-29-11-19\">\n                                <span class=\"visually-hidden\">\n                                    &#8220;A Galinha que Burlou o Sistema&#8221; no Cine Nacional &#8211; 29.11.19                                <\/span>\n                                <div class=\"noticias-widget-thumbs h-100\">\n                                    <img decoding=\"async\" class=\"object-fit-cover h-100 w-100\" alt=\"\" srcset=\"https:\/\/www.ufsm.br\/app\/uploads\/sites\/811\/2020\/03\/mqdefault-2-5-300x169.jpg 300w, https:\/\/www.ufsm.br\/app\/uploads\/sites\/811\/2020\/03\/mqdefault-2-5.jpg 320w\" src=\"https:\/\/www.ufsm.br\/app\/uploads\/sites\/811\/2020\/03\/mqdefault-2-5.jpg\"><\/img>\n                                <\/div>\n                            <\/a>\n                        <\/div>\n                                        \n                                        \n                    \n                    <a class=\"noticias-widget-title d-block  m-0 \"  title=\"&#8220;A Galinha que Burlou o Sistema&#8221; no Cine Nacional &#8211; 29.11.19\" href=\"https:\/\/www.ufsm.br\/midias\/tvcampus\/2019\/11\/20\/a-galinha-que-burlou-o-sistema-no-cine-nacional-29-11-19\">\n                                                &#8220;A Galinha que Burlou o Sistema&#8221; no Cine Nacional &#8211; 29.11.19                    <\/a>\n                    \n                    \n                                        \n                                        \n                                        <\/div>\n                            <\/div>\n                    <div class=\"row\">\n                                    <div class=\"col-12 col-lg-4 pb-4\">\n                                            <div class=\"noticias-widget-wrap\" style=\"height: 180px; overflow: hidden;\">\n                            <a title=\"\" href=\"https:\/\/www.ufsm.br\/midias\/tvcampus\/2019\/11\/15\/parece-comigo-no-cine-nacional-15-11-19-chamada\">\n                                <span class=\"visually-hidden\">\n                                    &#8220;Parece Comigo&#8221; no Cine Nacional &#8211; 15.11.19 (Chamada)                                <\/span>\n                                <div class=\"noticias-widget-thumbs h-100\">\n                                    <img decoding=\"async\" class=\"object-fit-cover h-100 w-100\" alt=\"\" srcset=\"https:\/\/www.ufsm.br\/app\/uploads\/sites\/811\/2020\/03\/mqdefault-3-4-300x169.jpg 300w, https:\/\/www.ufsm.br\/app\/uploads\/sites\/811\/2020\/03\/mqdefault-3-4.jpg 320w\" src=\"https:\/\/www.ufsm.br\/app\/uploads\/sites\/811\/2020\/03\/mqdefault-3-4.jpg\"><\/img>\n                                <\/div>\n                            <\/a>\n                        <\/div>\n                                        \n                                        \n                    \n                    <a class=\"noticias-widget-title d-block  m-0 \"  title=\"&#8220;Parece Comigo&#8221; no Cine Nacional &#8211; 15.11.19 (Chamada)\" href=\"https:\/\/www.ufsm.br\/midias\/tvcampus\/2019\/11\/15\/parece-comigo-no-cine-nacional-15-11-19-chamada\">\n                                                &#8220;Parece Comigo&#8221; no Cine Nacional &#8211; 15.11.19 (Chamada)                    <\/a>\n                    \n                    \n                                        \n                                        \n                                        <\/div>\n                                    <div class=\"col-12 col-lg-4 pb-4\">\n                                            <div class=\"noticias-widget-wrap\" style=\"height: 180px; overflow: hidden;\">\n                            <a title=\"\" href=\"https:\/\/www.ufsm.br\/midias\/tvcampus\/2019\/11\/01\/cores-de-bissau-no-cine-nacional-01-11-2019-chamada\">\n                                <span class=\"visually-hidden\">\n                                    &#8220;Cores de Bissau&#8221; no Cine Nacional &#8211; 01.11.2019 (chamada)                                <\/span>\n                                <div class=\"noticias-widget-thumbs h-100\">\n                                    <img decoding=\"async\" class=\"object-fit-cover h-100 w-100\" alt=\"\" srcset=\"https:\/\/www.ufsm.br\/app\/uploads\/sites\/811\/2020\/03\/mqdefault-4-4-300x169.jpg 300w, https:\/\/www.ufsm.br\/app\/uploads\/sites\/811\/2020\/03\/mqdefault-4-4.jpg 320w\" src=\"https:\/\/www.ufsm.br\/app\/uploads\/sites\/811\/2020\/03\/mqdefault-4-4.jpg\"><\/img>\n                                <\/div>\n                            <\/a>\n                        <\/div>\n                                        \n                                        \n                    \n                    <a class=\"noticias-widget-title d-block  m-0 \"  title=\"&#8220;Cores de Bissau&#8221; no Cine Nacional &#8211; 01.11.2019 (chamada)\" href=\"https:\/\/www.ufsm.br\/midias\/tvcampus\/2019\/11\/01\/cores-de-bissau-no-cine-nacional-01-11-2019-chamada\">\n                                                &#8220;Cores de Bissau&#8221; no Cine Nacional &#8211; 01.11.2019 (chamada)                    <\/a>\n                    \n                    \n                                        \n                                        \n                                        <\/div>\n                                    <div class=\"col-12 col-lg-4 pb-4\">\n                                            <div class=\"noticias-widget-wrap\" style=\"height: 180px; overflow: hidden;\">\n                            <a title=\"\" href=\"https:\/\/www.ufsm.br\/midias\/tvcampus\/2019\/10\/18\/pimenta-no-cine-nacional-18-10-19-chamada\">\n                                <span class=\"visually-hidden\">\n                                    &#8220;Pimenta&#8221; no Cine Nacional &#8211; 18.10.19 (Chamada)                                <\/span>\n                                <div class=\"noticias-widget-thumbs h-100\">\n                                    <img decoding=\"async\" class=\"object-fit-cover h-100 w-100\" alt=\"\" srcset=\"https:\/\/www.ufsm.br\/app\/uploads\/sites\/811\/2020\/03\/mqdefault-5-4-300x169.jpg 300w, https:\/\/www.ufsm.br\/app\/uploads\/sites\/811\/2020\/03\/mqdefault-5-4.jpg 320w\" src=\"https:\/\/www.ufsm.br\/app\/uploads\/sites\/811\/2020\/03\/mqdefault-5-4.jpg\"><\/img>\n                                <\/div>\n                            <\/a>\n                        <\/div>\n                                        \n                                        \n                    \n                    <a class=\"noticias-widget-title d-block  m-0 \"  title=\"&#8220;Pimenta&#8221; no Cine Nacional &#8211; 18.10.19 (Chamada)\" href=\"https:\/\/www.ufsm.br\/midias\/tvcampus\/2019\/10\/18\/pimenta-no-cine-nacional-18-10-19-chamada\">\n                                                &#8220;Pimenta&#8221; no Cine Nacional &#8211; 18.10.19 (Chamada)                    <\/a>\n                    \n                    \n                                        \n                                        \n                                        <\/div>\n                            <\/div>\n                    <div class=\"row\">\n                                    <div class=\"col-12 col-lg-4 pb-4\">\n                                            <div class=\"noticias-widget-wrap\" style=\"height: 180px; overflow: hidden;\">\n                            <a title=\"\" href=\"https:\/\/www.ufsm.br\/midias\/tvcampus\/2019\/10\/04\/eu-queria-ser-um-monstro-e-guida-no-cine-nacional-04-10-19-chamada\">\n                                <span class=\"visually-hidden\">\n                                    &#8220;Eu queria ser um monstro&#8221; e &#8220;Guida&#8221; no Cine Nacional &#8211; 04.10.19 (Chamada)                                <\/span>\n                                <div class=\"noticias-widget-thumbs h-100\">\n                                    <img decoding=\"async\" class=\"object-fit-cover h-100 w-100\" alt=\"\" srcset=\"https:\/\/www.ufsm.br\/app\/uploads\/sites\/811\/2020\/03\/mqdefault-6-4-300x169.jpg 300w, https:\/\/www.ufsm.br\/app\/uploads\/sites\/811\/2020\/03\/mqdefault-6-4.jpg 320w\" src=\"https:\/\/www.ufsm.br\/app\/uploads\/sites\/811\/2020\/03\/mqdefault-6-4.jpg\"><\/img>\n                                <\/div>\n                            <\/a>\n                        <\/div>\n                                        \n                                        \n                    \n                    <a class=\"noticias-widget-title d-block  m-0 \"  title=\"&#8220;Eu queria ser um monstro&#8221; e &#8220;Guida&#8221; no Cine Nacional &#8211; 04.10.19 (Chamada)\" href=\"https:\/\/www.ufsm.br\/midias\/tvcampus\/2019\/10\/04\/eu-queria-ser-um-monstro-e-guida-no-cine-nacional-04-10-19-chamada\">\n                                                &#8220;Eu queria ser um monstro&#8221; e &#8220;Guida&#8221; no Cine Nacional &#8211; 04.10.19 (Chamada)                    <\/a>\n                    \n                    \n                                        \n                                        \n                                        <\/div>\n                                    <div class=\"col-12 col-lg-4 pb-4\">\n                                            <div class=\"noticias-widget-wrap\" style=\"height: 180px; overflow: hidden;\">\n                            <a title=\"\" href=\"https:\/\/www.ufsm.br\/midias\/tvcampus\/2019\/09\/20\/adelar-bertussi-projeto-gema-no-cine-nacional-20-09-2019-chamada\">\n                                <span class=\"visually-hidden\">\n                                    &#8220;Adelar Bertussi &#8211; Projeto Gema&#8221; no Cine Nacional &#8211; 20.09.2019 (Chamada)                                <\/span>\n                                <div class=\"noticias-widget-thumbs h-100\">\n                                    <img decoding=\"async\" class=\"object-fit-cover h-100 w-100\" alt=\"\" srcset=\"https:\/\/www.ufsm.br\/app\/uploads\/sites\/811\/2020\/03\/mqdefault-7-4-300x169.jpg 300w, https:\/\/www.ufsm.br\/app\/uploads\/sites\/811\/2020\/03\/mqdefault-7-4.jpg 320w\" src=\"https:\/\/www.ufsm.br\/app\/uploads\/sites\/811\/2020\/03\/mqdefault-7-4.jpg\"><\/img>\n                                <\/div>\n                            <\/a>\n                        <\/div>\n                                        \n                                        \n                    \n                    <a class=\"noticias-widget-title d-block  m-0 \"  title=\"&#8220;Adelar Bertussi &#8211; Projeto Gema&#8221; no Cine Nacional &#8211; 20.09.2019 (Chamada)\" href=\"https:\/\/www.ufsm.br\/midias\/tvcampus\/2019\/09\/20\/adelar-bertussi-projeto-gema-no-cine-nacional-20-09-2019-chamada\">\n                                                &#8220;Adelar Bertussi &#8211; Projeto Gema&#8221; no Cine Nacional &#8211; 20.09.2019 (Chamada)                    <\/a>\n                    \n                    \n                                        \n                                        \n                                        <\/div>\n                                    <div class=\"col-12 col-lg-4 pb-4\">\n                                            <div class=\"noticias-widget-wrap\" style=\"height: 180px; overflow: hidden;\">\n                            <a title=\"\" href=\"https:\/\/www.ufsm.br\/midias\/tvcampus\/2019\/09\/06\/eu-nao-quero-voltar-sozinho-no-cine-nacional-06-09-19-chamada\">\n                                <span class=\"visually-hidden\">\n                                    &#8220;Eu N\u00e3o Quero Voltar Sozinho&#8221; no Cine Nacional &#8211; 06.09.19 (Chamada)                                <\/span>\n                                <div class=\"noticias-widget-thumbs h-100\">\n                                    <img decoding=\"async\" class=\"object-fit-cover h-100 w-100\" alt=\"\" srcset=\"https:\/\/www.ufsm.br\/app\/uploads\/sites\/811\/2020\/03\/mqdefault-8-5-300x169.jpg 300w, https:\/\/www.ufsm.br\/app\/uploads\/sites\/811\/2020\/03\/mqdefault-8-5.jpg 320w\" src=\"https:\/\/www.ufsm.br\/app\/uploads\/sites\/811\/2020\/03\/mqdefault-8-5.jpg\"><\/img>\n                                <\/div>\n                            <\/a>\n                        <\/div>\n                                        \n                                        \n                    \n                    <a class=\"noticias-widget-title d-block  m-0 \"  title=\"&#8220;Eu N\u00e3o Quero Voltar Sozinho&#8221; no Cine Nacional &#8211; 06.09.19 (Chamada)\" href=\"https:\/\/www.ufsm.br\/midias\/tvcampus\/2019\/09\/06\/eu-nao-quero-voltar-sozinho-no-cine-nacional-06-09-19-chamada\">\n                                                &#8220;Eu N\u00e3o Quero Voltar Sozinho&#8221; no Cine Nacional &#8211; 06.09.19 (Chamada)                    <\/a>\n                    \n                    \n                                        \n                                        \n                                        <\/div>\n                            <\/div>\n            <\/div>\n<div class=\"leia-mais p-1\">\n                <a href=\"https:\/\/www.ufsm.br\/midias\/tvcampus\/category\/cine-nacional\/\">\n            VISUALIZE MAIS            <span class=\"icon-box\">\n                <span class=\"bg-ufsm-widget-icon\">\n                    <i class=\"fas fa-chevron-right\" aria-hidden=\"true\"><\/i>\n                <\/span>\n            <\/span>\n        <\/a>\n    <\/div>\n\t\t<\/div>\n\t\t\t\t<\/div>\n\t\t\t\t\t<\/div>\n\t\t<\/div>\n\t\t\t\t\t<\/div>\n\t\t<\/section>\n\t\t\t\t<\/div>\n\t\t","protected":false},"excerpt":{"rendered":"<p>Programa que seleciona e apresenta curta metragens brasileiros de fic\u00e7\u00e3o, document\u00e1rios ou anima\u00e7\u00f5es. Grade de Hor\u00e1rios 00:00:00\u00a0: &#8211; &#8211; &#8211; &#8211; &#8211; &#8211; Domingo 01:30:00\u00a0: Segunda &#8211; &#8211; &#8211; &#8211; &#8211; &#8211; 04:00:00\u00a0: &#8211; &#8211; &#8211; Quinta &#8211; S\u00e1bado &#8211; 04:30:00\u00a0: &#8211; &#8211; &#8211; &#8211; Sexta &#8211; &#8211; 05:00:00\u00a0: &#8211; &#8211; &#8211; &#8211; &#8211; &#8211; [&hellip;]<\/p>\n","protected":false},"author":2492,"featured_media":0,"parent":0,"menu_order":0,"comment_status":"closed","ping_status":"closed","template":"","meta":{"footnotes":""},"categories":[],"tags":[],"class_list":["post-208","page","type-page","status-publish","hentry"],"acf":[],"_links":{"self":[{"href":"https:\/\/www.ufsm.br\/midias\/tvcampus\/wp-json\/wp\/v2\/pages\/208","targetHints":{"allow":["GET"]}}],"collection":[{"href":"https:\/\/www.ufsm.br\/midias\/tvcampus\/wp-json\/wp\/v2\/pages"}],"about":[{"href":"https:\/\/www.ufsm.br\/midias\/tvcampus\/wp-json\/wp\/v2\/types\/page"}],"author":[{"embeddable":true,"href":"https:\/\/www.ufsm.br\/midias\/tvcampus\/wp-json\/wp\/v2\/users\/2492"}],"replies":[{"embeddable":true,"href":"https:\/\/www.ufsm.br\/midias\/tvcampus\/wp-json\/wp\/v2\/comments?post=208"}],"version-history":[{"count":0,"href":"https:\/\/www.ufsm.br\/midias\/tvcampus\/wp-json\/wp\/v2\/pages\/208\/revisions"}],"wp:attachment":[{"href":"https:\/\/www.ufsm.br\/midias\/tvcampus\/wp-json\/wp\/v2\/media?parent=208"}],"wp:term":[{"taxonomy":"category","embeddable":true,"href":"https:\/\/www.ufsm.br\/midias\/tvcampus\/wp-json\/wp\/v2\/categories?post=208"},{"taxonomy":"post_tag","embeddable":true,"href":"https:\/\/www.ufsm.br\/midias\/tvcampus\/wp-json\/wp\/v2\/tags?post=208"}],"curies":[{"name":"wp","href":"https:\/\/api.w.org\/{rel}","templated":true}]}}