{"id":3150,"date":"2021-01-06T09:32:22","date_gmt":"2021-01-06T12:32:22","guid":{"rendered":"https:\/\/www.ufsm.br\/midias\/tvcampus\/?page_id=3150"},"modified":"2022-06-28T17:46:22","modified_gmt":"2022-06-28T20:46:22","slug":"politica-editorial","status":"publish","type":"page","link":"https:\/\/www.ufsm.br\/midias\/tvcampus\/politica-editorial","title":{"rendered":"Pol\u00edtica Editorial"},"content":{"rendered":"\t\t<div data-elementor-type=\"wp-page\" data-elementor-id=\"3150\" class=\"elementor elementor-3150\">\n\t\t\t\t\t\t<section class=\"elementor-section elementor-top-section elementor-element elementor-element-eb46a1f elementor-section-boxed elementor-section-height-default elementor-section-height-default\" data-id=\"eb46a1f\" data-element_type=\"section\">\n\t\t\t\t\t\t<div class=\"elementor-container elementor-column-gap-default\">\n\t\t\t\t\t<div class=\"elementor-column elementor-col-100 elementor-top-column elementor-element elementor-element-50ab976\" data-id=\"50ab976\" data-element_type=\"column\">\n\t\t\t<div class=\"elementor-widget-wrap elementor-element-populated\">\n\t\t\t\t\t\t<div class=\"elementor-element elementor-element-6b15dba elementor-widget elementor-widget-text-editor\" data-id=\"6b15dba\" data-element_type=\"widget\" data-widget_type=\"text-editor.default\">\n\t\t\t\t<div class=\"elementor-widget-container\">\n\t\t\t\t\t\t\t<p style=\"color: #000000;font-size: 16px\">A TV Campus tem como objetivo difundir, por meio do audiovisual, as atividades e o conhecimento cient\u00edfico das \u00e1reas de ensino, pesquisa e extens\u00e3o da UFSM, promovendo a educa\u00e7\u00e3o, a reflex\u00e3o cr\u00edtica, a forma\u00e7\u00e3o pedag\u00f3gica de novos profissionais de Comunica\u00e7\u00e3o e suas \u00e1reas convergentes, bem como a aproxima\u00e7\u00e3o da institui\u00e7\u00e3o com a sociedade.<\/p><p style=\"color: #000000;font-size: 16px\">O conte\u00fado produzido pela emissora segue os princ\u00edpios da radiodifus\u00e3o p\u00fablica no pa\u00eds, estabelecidos na Lei n\u00ba 11.652\/2008, prezando sempre pela qualidade e pela observ\u00e2ncia dos preceitos \u00e9ticos. Tamb\u00e9m est\u00e1 em conson\u00e2ncia com as diretrizes da Pol\u00edtica de Comunica\u00e7\u00e3o da UFSM, institu\u00edda pela Resolu\u00e7\u00e3o 005\/2018.<\/p><p style=\"color: #000000;font-size: 16px\">Os p\u00fablicos-alvo da emissora se juntam com as diferentes pessoas que constituem a institui\u00e7\u00e3o nos diferentes campi e estratos (docentes, discentes, t\u00e9cnico-administrativos em educa\u00e7\u00e3o, funcion\u00e1rios terceirizados e servidores aposentados), assim como toda a comunidade residente em Santa Maria e regi\u00e3o.<\/p><p style=\"color: #000000;font-size: 16px\">S\u00e3o atribui\u00e7\u00f5es da TV Campus:<\/p><p style=\"color: #000000;font-size: 16px\">\u2022 Sele\u00e7\u00e3o, avalia\u00e7\u00e3o, produ\u00e7\u00e3o e veicula\u00e7\u00e3o dos acontecimentos de interesse da comunidade acad\u00eamica, santa-mariense e demais p\u00fablicos impactados pela abrang\u00eancia da UFSM pelo meio audiovisual;<\/p><p style=\"color: #000000;font-size: 16px\">\u2022 Produ\u00e7\u00e3o de conte\u00fado educativo e informativo, em linguagem acess\u00edvel, que estimulem a reflex\u00e3o cr\u00edtica na sociedade e reafirmem o papel desempenhado pela UFSM nas suas diversas a\u00e7\u00f5es de ensino, pesquisa e extens\u00e3o;<\/p><p style=\"color: #000000;font-size: 16px\">\u2022 Contribui\u00e7\u00e3o na forma\u00e7\u00e3o pedag\u00f3gica de futuros profissionais de Comunica\u00e7\u00e3o e em \u00e1reas convergentes por meio da experi\u00eancia pr\u00e1tica e da viv\u00eancia em um ambiente profissional;<\/p><p style=\"color: #000000;font-size: 16px\">\u2022 Veicula\u00e7\u00e3o de materiais audiovisuais produzidos no \u00e2mbito da Institui\u00e7\u00e3o, desde que alinhados aos valores com os quais a emissora se identifica e promove;<\/p><p style=\"color: #000000;font-size: 16px\">\u2022 Curadoria e veicula\u00e7\u00e3o de materiais audiovisuais produzidos fora da UFSM, mas que sejam de interesse p\u00fablico para os p\u00fablicos-alvo da Universidade.<\/p>\t\t\t\t\t\t<\/div>\n\t\t\t\t<\/div>\n\t\t\t\t\t<\/div>\n\t\t<\/div>\n\t\t\t\t\t<\/div>\n\t\t<\/section>\n\t\t\t\t<section class=\"elementor-section elementor-top-section elementor-element elementor-element-50ee900 elementor-section-boxed elementor-section-height-default elementor-section-height-default\" data-id=\"50ee900\" data-element_type=\"section\">\n\t\t\t\t\t\t<div class=\"elementor-container elementor-column-gap-default\">\n\t\t\t\t\t<div class=\"elementor-column elementor-col-100 elementor-top-column elementor-element elementor-element-d378417\" data-id=\"d378417\" data-element_type=\"column\">\n\t\t\t<div class=\"elementor-widget-wrap elementor-element-populated\">\n\t\t\t\t\t\t<div class=\"elementor-element elementor-element-a049bc4 elementor-widget elementor-widget-toggle\" data-id=\"a049bc4\" data-element_type=\"widget\" data-widget_type=\"toggle.default\">\n\t\t\t\t<div class=\"elementor-widget-container\">\n\t\t\t\t\t<div class=\"elementor-toggle\">\n\t\t\t\t\t\t\t<div class=\"elementor-toggle-item\">\n\t\t\t\t\t<div id=\"elementor-tab-title-1681\" class=\"elementor-tab-title\" data-tab=\"1\" role=\"button\" aria-controls=\"elementor-tab-content-1681\" aria-expanded=\"false\">\n\t\t\t\t\t\t\t\t\t\t\t\t<span class=\"elementor-toggle-icon elementor-toggle-icon-left\" aria-hidden=\"true\">\n\t\t\t\t\t\t\t\t\t\t\t\t\t\t\t<span class=\"elementor-toggle-icon-closed\"><i class=\"fas fa-caret-right\"><\/i><\/span>\n\t\t\t\t\t\t\t\t<span class=\"elementor-toggle-icon-opened\"><i class=\"elementor-toggle-icon-opened fas fa-caret-up\"><\/i><\/span>\n\t\t\t\t\t\t\t\t\t\t\t\t\t<\/span>\n\t\t\t\t\t\t\t\t\t\t\t\t<a class=\"elementor-toggle-title\" tabindex=\"0\">Comunica\u00e7\u00e3o P\u00fablica<\/a>\n\t\t\t\t\t<\/div>\n\n\t\t\t\t\t<div id=\"elementor-tab-content-1681\" class=\"elementor-tab-content elementor-clearfix\" data-tab=\"1\" role=\"region\" aria-labelledby=\"elementor-tab-title-1681\"><p style=\"font-size: 16px\">A TV Campus aborda, por meio da produ\u00e7\u00e3o de reportagens, document\u00e1rios, entrevistas e outros tipos de produtos audiovisuais, temas de interesse p\u00fablico, al\u00e9m da divulga\u00e7\u00e3o das a\u00e7\u00f5es da UFSM que tenham impacto na comunidade acad\u00eamica, santa-mariense e das demais regi\u00f5es de abrang\u00eancia da Institui\u00e7\u00e3o. Alinhada ao Plano de Desenvolvimento Institucional (PDI), a emissora seleciona, avalia, produz e veicula conte\u00fado seguindo quatro eixos: ensino, pesquisa, extens\u00e3o e a\u00e7\u00f5es institucionais, com foco em alguns dos desafios que o PDI em vigor sinaliza como priorit\u00e1rios.<\/p>\n<p style=\"font-size: 16px\">A produ\u00e7\u00e3o audiovisual da TV Campus \u00e9 voltada, essencialmente, ao preenchimento da sua grade de programa\u00e7\u00e3o no canal 15 da NET Santa Maria. Por se tratar de uma emissora com formatos bastante definidos, a TV Campus n\u00e3o trabalha com pedidos sob demanda, mas, sim, visando a adequa\u00e7\u00e3o das solicita\u00e7\u00f5es de trabalho aos seus programas. Regularmente, os profissionais da emissora se re\u00fanem para a elabora\u00e7\u00e3o de pautas e a avalia\u00e7\u00e3o do conte\u00fado produzido com vistas ao controle de qualidade da sua produ\u00e7\u00e3o e planejamento estrat\u00e9gico do setor.<\/p>\n<p style=\"font-size: 16px\">Tais pautas s\u00e3o resultado da sele\u00e7\u00e3o constante por temas de interesse p\u00fablico percebidos pela equipe de funcion\u00e1rios do ve\u00edculo, assim como da sugest\u00e3o direta e indireta dos espectadores pelos meios que a emissora disponibiliza para contato (e-mail, site, telefone e m\u00eddias sociais), estimulando a participa\u00e7\u00e3o da comunidade acad\u00eamica e externa na constru\u00e7\u00e3o de seu conte\u00fado.<\/p>\n<p style=\"font-size: 16px\">A quantidade de produ\u00e7\u00f5es da TV Campus est\u00e1 diretamente vinculada \u00e0 capacidade de produ\u00e7\u00e3o do setor considerando os recursos humanos (n\u00famero de servidores, discentes e distin\u00e7\u00e3o de cargos) e recursos materiais ao dispor (condi\u00e7\u00f5es da estrutura e equipamentos). Desse modo, cabe a emissora a decis\u00e3o final sobre o n\u00famero de produ\u00e7\u00f5es a serem realizadas por seus funcion\u00e1rios e colaboradores ao longo do ano, primando pela qualidade sobre a quantidade e a preserva\u00e7\u00e3o de suas ferramentas de produ\u00e7\u00e3o.<\/p><\/div>\n\t\t\t\t<\/div>\n\t\t\t\t\t\t\t<div class=\"elementor-toggle-item\">\n\t\t\t\t\t<div id=\"elementor-tab-title-1682\" class=\"elementor-tab-title\" data-tab=\"2\" role=\"button\" aria-controls=\"elementor-tab-content-1682\" aria-expanded=\"false\">\n\t\t\t\t\t\t\t\t\t\t\t\t<span class=\"elementor-toggle-icon elementor-toggle-icon-left\" aria-hidden=\"true\">\n\t\t\t\t\t\t\t\t\t\t\t\t\t\t\t<span class=\"elementor-toggle-icon-closed\"><i class=\"fas fa-caret-right\"><\/i><\/span>\n\t\t\t\t\t\t\t\t<span class=\"elementor-toggle-icon-opened\"><i class=\"elementor-toggle-icon-opened fas fa-caret-up\"><\/i><\/span>\n\t\t\t\t\t\t\t\t\t\t\t\t\t<\/span>\n\t\t\t\t\t\t\t\t\t\t\t\t<a class=\"elementor-toggle-title\" tabindex=\"0\">Pluralidade<\/a>\n\t\t\t\t\t<\/div>\n\n\t\t\t\t\t<div id=\"elementor-tab-content-1682\" class=\"elementor-tab-content elementor-clearfix\" data-tab=\"2\" role=\"region\" aria-labelledby=\"elementor-tab-title-1682\"><p style=\"font-size: 16px\">Guiada pelos desafios do Plano de Desenvolvimento Institucional (PDI), a TV Campus trabalha de maneira a construir uma programa\u00e7\u00e3o educativa diversificada, plural e independente para al\u00e9m da l\u00f3gica comercial dominante nos ve\u00edculos de comunica\u00e7\u00e3o no Brasil. O conte\u00fado proposto pela emissora visa atender a heterogeneidade de seu p\u00fablico mantendo a isen\u00e7\u00e3o de toda sorte, bem como os princ\u00edpios da administra\u00e7\u00e3o p\u00fablica, e os valores \u00e9ticos fundamentais para a conviv\u00eancia harm\u00f4nica entre a Universidade e sociedade.<\/p><p style=\"font-size: 16px\">Cada formato trabalhado pela TV Campus tem por finalidade oferecer uma maneira particular de tratamento sobre os acontecimentos que envolvem a Institui\u00e7\u00e3o, abrangendo desde a\u00e7\u00f5es do cotidiano da Universidade, \u00e0 produ\u00e7\u00e3o de materiais especiais, institucionais, e o compartilhamento de programas de outras televis\u00f5es universit\u00e1rias que possuam relev\u00e2ncia para os p\u00fablicos-alvo da emissora. A variabilidade de formatos garante que diferentes aspectos da comunica\u00e7\u00e3o p\u00fablica estejam contemplados pela emissora, al\u00e9m de oferecer terreno f\u00e9rtil para a experimenta\u00e7\u00e3o da linguagem audiovisual em sua liberdade editorial.<\/p><p style=\"font-size: 16px\">Considerando-se os diferentes produtores de conte\u00fado audiovisual no \u00e2mbito da UFSM (laborat\u00f3rios did\u00e1ticos\/est\u00fadios, N\u00facleos de Divulga\u00e7\u00e3o Institucional \u2013 NDIs e Assessoria de Comunica\u00e7\u00e3o do Gabinete do Reitor, entre outros), a TV Campus disponibiliza sua grade de programa\u00e7\u00e3o para a veicula\u00e7\u00e3o de materiais audiovisuais gerados por esses produtores, contanto que os mesmos estejam alinhados aos princ\u00edpios sustentados pela emissora.<\/p><p style=\"font-size: 16px\">A TV Campus oportuniza tamb\u00e9m que os seus estudantes, professores, t\u00e9cnico-administrativos e demais setores da Universidade enviem suas produ\u00e7\u00f5es para serem exibidas na grade de programa\u00e7\u00e3o, observados os princ\u00edpios e crit\u00e9rios com os quais a emissora se identifica. Os produtores interessados em veicular os seus conte\u00fados na TV Campus devem entrar em contato com a dire\u00e7\u00e3o do setor manifestando o seu interesse, encaminhar o material audiovisual para an\u00e1lise e assinar uma autoriza\u00e7\u00e3o de exibi\u00e7\u00e3o da obra na grade da TV Campus, responsabilizando-se legalmente pela produ\u00e7\u00e3o.<\/p><p style=\"font-size: 16px\">A emissora tamb\u00e9m busca a troca de conte\u00fado com outras televis\u00f5es universit\u00e1rias e p\u00fablicas ao abrir sua grade de programa\u00e7\u00e3o para veicula\u00e7\u00e3o de produ\u00e7\u00f5es externas que sejam de interesse p\u00fablico e se encaixem nas linhas editoriais da emissora. De igual forma, a TV Campus objetiva dividir seus programas com outras televis\u00f5es p\u00fablicas que enxergam o potencial das produ\u00e7\u00f5es vinculadas \u00e0 UFSM para al\u00e9m de seus limites geogr\u00e1ficos.<\/p><\/div>\n\t\t\t\t<\/div>\n\t\t\t\t\t\t\t<div class=\"elementor-toggle-item\">\n\t\t\t\t\t<div id=\"elementor-tab-title-1683\" class=\"elementor-tab-title\" data-tab=\"3\" role=\"button\" aria-controls=\"elementor-tab-content-1683\" aria-expanded=\"false\">\n\t\t\t\t\t\t\t\t\t\t\t\t<span class=\"elementor-toggle-icon elementor-toggle-icon-left\" aria-hidden=\"true\">\n\t\t\t\t\t\t\t\t\t\t\t\t\t\t\t<span class=\"elementor-toggle-icon-closed\"><i class=\"fas fa-caret-right\"><\/i><\/span>\n\t\t\t\t\t\t\t\t<span class=\"elementor-toggle-icon-opened\"><i class=\"elementor-toggle-icon-opened fas fa-caret-up\"><\/i><\/span>\n\t\t\t\t\t\t\t\t\t\t\t\t\t<\/span>\n\t\t\t\t\t\t\t\t\t\t\t\t<a class=\"elementor-toggle-title\" tabindex=\"0\">Participa\u00e7\u00e3o Pedag\u00f3gica<\/a>\n\t\t\t\t\t<\/div>\n\n\t\t\t\t\t<div id=\"elementor-tab-content-1683\" class=\"elementor-tab-content elementor-clearfix\" data-tab=\"3\" role=\"region\" aria-labelledby=\"elementor-tab-title-1683\"><p>Cumprindo o papel pedag\u00f3gico na forma\u00e7\u00e3o de novos profissionais de Comunica\u00e7\u00e3o na \u00e1rea do audiovisual e \u00e1reas convergentes, em qualquer momento do semestre letivo a TV Campus pode realizar a sele\u00e7\u00e3o de discentes para integrar sua equipe de produ\u00e7\u00e3o quando identificada uma necessidade em seu quadro. A emissora admite tr\u00eas\u00a0 categorias de discentes: bolsista(a), estagi\u00e1rio(a) e volunt\u00e1rio(a).<\/p><\/div>\n\t\t\t\t<\/div>\n\t\t\t\t\t\t\t\t<\/div>\n\t\t\t\t<\/div>\n\t\t\t\t<\/div>\n\t\t\t\t\t<\/div>\n\t\t<\/div>\n\t\t\t\t\t<\/div>\n\t\t<\/section>\n\t\t\t\t<\/div>\n\t\t","protected":false},"excerpt":{"rendered":"<p>A TV Campus tem como objetivo difundir, por meio do audiovisual, as atividades e o conhecimento cient\u00edfico das \u00e1reas de ensino, pesquisa e extens\u00e3o da UFSM, promovendo a educa\u00e7\u00e3o, a reflex\u00e3o cr\u00edtica, a forma\u00e7\u00e3o pedag\u00f3gica de novos profissionais de Comunica\u00e7\u00e3o e suas \u00e1reas convergentes, bem como a aproxima\u00e7\u00e3o da institui\u00e7\u00e3o com a sociedade. O conte\u00fado [&hellip;]<\/p>\n","protected":false},"author":30,"featured_media":0,"parent":0,"menu_order":0,"comment_status":"closed","ping_status":"closed","template":"","meta":{"footnotes":""},"categories":[],"tags":[],"class_list":["post-3150","page","type-page","status-publish","hentry"],"acf":[],"_links":{"self":[{"href":"https:\/\/www.ufsm.br\/midias\/tvcampus\/wp-json\/wp\/v2\/pages\/3150","targetHints":{"allow":["GET"]}}],"collection":[{"href":"https:\/\/www.ufsm.br\/midias\/tvcampus\/wp-json\/wp\/v2\/pages"}],"about":[{"href":"https:\/\/www.ufsm.br\/midias\/tvcampus\/wp-json\/wp\/v2\/types\/page"}],"author":[{"embeddable":true,"href":"https:\/\/www.ufsm.br\/midias\/tvcampus\/wp-json\/wp\/v2\/users\/30"}],"replies":[{"embeddable":true,"href":"https:\/\/www.ufsm.br\/midias\/tvcampus\/wp-json\/wp\/v2\/comments?post=3150"}],"version-history":[{"count":0,"href":"https:\/\/www.ufsm.br\/midias\/tvcampus\/wp-json\/wp\/v2\/pages\/3150\/revisions"}],"wp:attachment":[{"href":"https:\/\/www.ufsm.br\/midias\/tvcampus\/wp-json\/wp\/v2\/media?parent=3150"}],"wp:term":[{"taxonomy":"category","embeddable":true,"href":"https:\/\/www.ufsm.br\/midias\/tvcampus\/wp-json\/wp\/v2\/categories?post=3150"},{"taxonomy":"post_tag","embeddable":true,"href":"https:\/\/www.ufsm.br\/midias\/tvcampus\/wp-json\/wp\/v2\/tags?post=3150"}],"curies":[{"name":"wp","href":"https:\/\/api.w.org\/{rel}","templated":true}]}}