{"id":3152,"date":"2021-01-06T09:33:37","date_gmt":"2021-01-06T12:33:37","guid":{"rendered":"https:\/\/www.ufsm.br\/midias\/tvcampus\/?page_id=3152"},"modified":"2022-07-21T15:21:59","modified_gmt":"2022-07-21T18:21:59","slug":"perguntas-frequentes","status":"publish","type":"page","link":"https:\/\/www.ufsm.br\/midias\/tvcampus\/perguntas-frequentes","title":{"rendered":"Perguntas Frequentes"},"content":{"rendered":"\t\t<div data-elementor-type=\"wp-page\" data-elementor-id=\"3152\" class=\"elementor elementor-3152\">\n\t\t\t\t\t\t<section class=\"elementor-section elementor-top-section elementor-element elementor-element-716cc91c elementor-section-content-middle elementor-section-boxed elementor-section-height-default elementor-section-height-default\" data-id=\"716cc91c\" data-element_type=\"section\">\n\t\t\t\t\t\t<div class=\"elementor-container elementor-column-gap-no\">\n\t\t\t\t\t<div class=\"elementor-column elementor-col-100 elementor-top-column elementor-element elementor-element-2f8fc9c2\" data-id=\"2f8fc9c2\" data-element_type=\"column\">\n\t\t\t<div class=\"elementor-widget-wrap elementor-element-populated\">\n\t\t\t\t\t\t<div class=\"elementor-element elementor-element-6b9f05c7 elementor-widget elementor-widget-heading\" data-id=\"6b9f05c7\" data-element_type=\"widget\" data-widget_type=\"heading.default\">\n\t\t\t\t<div class=\"elementor-widget-container\">\n\t\t\t<h5 class=\"elementor-heading-title elementor-size-default\">O que mais nos perguntam e as respostas<\/h5>\t\t<\/div>\n\t\t\t\t<\/div>\n\t\t\t\t<div class=\"elementor-element elementor-element-68ddc12b elementor-widget elementor-widget-toggle\" data-id=\"68ddc12b\" data-element_type=\"widget\" data-widget_type=\"toggle.default\">\n\t\t\t\t<div class=\"elementor-widget-container\">\n\t\t\t\t\t<div class=\"elementor-toggle\">\n\t\t\t\t\t\t\t<div class=\"elementor-toggle-item\">\n\t\t\t\t\t<div id=\"elementor-tab-title-1751\" class=\"elementor-tab-title\" data-tab=\"1\" role=\"button\" aria-controls=\"elementor-tab-content-1751\" aria-expanded=\"false\">\n\t\t\t\t\t\t\t\t\t\t\t\t<span class=\"elementor-toggle-icon elementor-toggle-icon-right\" aria-hidden=\"true\">\n\t\t\t\t\t\t\t\t\t\t\t\t\t\t\t<span class=\"elementor-toggle-icon-closed\"><i class=\"fas fa-caret-right\"><\/i><\/span>\n\t\t\t\t\t\t\t\t<span class=\"elementor-toggle-icon-opened\"><i class=\"elementor-toggle-icon-opened fas fa-caret-up\"><\/i><\/span>\n\t\t\t\t\t\t\t\t\t\t\t\t\t<\/span>\n\t\t\t\t\t\t\t\t\t\t\t\t<a class=\"elementor-toggle-title\" tabindex=\"0\">Como posso sugerir uma pauta?<\/a>\n\t\t\t\t\t<\/div>\n\n\t\t\t\t\t<div id=\"elementor-tab-content-1751\" class=\"elementor-tab-content elementor-clearfix\" data-tab=\"1\" role=\"region\" aria-labelledby=\"elementor-tab-title-1751\"><p>A emissora recebe sugest\u00f5es pelo e-mail tvcampus@ufsm.br e avalia de acordo com a pol\u00edtica editorial, que aborda <span dir=\"ltr\" role=\"presentation\">aborda temas de interesse p\u00fablico e divulga <\/span><span dir=\"ltr\" role=\"presentation\">a\u00e7\u00f5es da UFSM que tenham impacto na comunidade acad\u00eamica, santa-mariense e de demais<\/span><br role=\"presentation\" \/><span dir=\"ltr\" role=\"presentation\">regi\u00f5es de abrang\u00eancia da Institui\u00e7\u00e3o.<\/span><\/p><p><span dir=\"ltr\" role=\"presentation\">A quantidade de produ\u00e7\u00f5es da TV Campus est\u00e1 diretamente vinculada \u00e0 capacidade de <\/span><span dir=\"ltr\" role=\"presentation\">produ\u00e7\u00e3o considerando os recursos humanos (n\u00famero de servidores e distin\u00e7\u00e3o de cargos) e <\/span><span dir=\"ltr\" role=\"presentation\">recursos<\/span> <span dir=\"ltr\" role=\"presentation\">materiais<\/span> <span dir=\"ltr\" role=\"presentation\">(condi\u00e7\u00f5es<\/span> <span dir=\"ltr\" role=\"presentation\">da<\/span> <span dir=\"ltr\" role=\"presentation\">estrutura<\/span> <span dir=\"ltr\" role=\"presentation\">e<\/span> <span dir=\"ltr\" role=\"presentation\">equipamentos)<\/span> <span dir=\"ltr\" role=\"presentation\">ao<\/span> <span dir=\"ltr\" role=\"presentation\">dispor.<\/span><\/p><\/div>\n\t\t\t\t<\/div>\n\t\t\t\t\t\t\t<div class=\"elementor-toggle-item\">\n\t\t\t\t\t<div id=\"elementor-tab-title-1752\" class=\"elementor-tab-title\" data-tab=\"2\" role=\"button\" aria-controls=\"elementor-tab-content-1752\" aria-expanded=\"false\">\n\t\t\t\t\t\t\t\t\t\t\t\t<span class=\"elementor-toggle-icon elementor-toggle-icon-right\" aria-hidden=\"true\">\n\t\t\t\t\t\t\t\t\t\t\t\t\t\t\t<span class=\"elementor-toggle-icon-closed\"><i class=\"fas fa-caret-right\"><\/i><\/span>\n\t\t\t\t\t\t\t\t<span class=\"elementor-toggle-icon-opened\"><i class=\"elementor-toggle-icon-opened fas fa-caret-up\"><\/i><\/span>\n\t\t\t\t\t\t\t\t\t\t\t\t\t<\/span>\n\t\t\t\t\t\t\t\t\t\t\t\t<a class=\"elementor-toggle-title\" tabindex=\"0\">Como fa\u00e7o para participar da equipe de bolsistas\/estagi\u00e1rios<\/a>\n\t\t\t\t\t<\/div>\n\n\t\t\t\t\t<div id=\"elementor-tab-content-1752\" class=\"elementor-tab-content elementor-clearfix\" data-tab=\"2\" role=\"region\" aria-labelledby=\"elementor-tab-title-1752\"><p><span dir=\"ltr\" role=\"presentation\">Cumprindo o papel pedag\u00f3gico na forma\u00e7\u00e3o de novos profissionais de Comunica\u00e7\u00e3o,<\/span><br role=\"presentation\" \/><span dir=\"ltr\" role=\"presentation\">em qualquer momento do semestre letivo a TV Campus pode realizar a sele\u00e7\u00e3o de bolsistas <\/span><span dir=\"ltr\" role=\"presentation\">para integrar a equipe de produ\u00e7\u00e3o da emissora, quando identificada uma necessidade em seu <\/span><span dir=\"ltr\" role=\"presentation\">quadro. Durante todo o per\u00edodo vigente da bolsa, o(a) selecionado(a) ter\u00e1 acompanhamento e <\/span><span dir=\"ltr\" role=\"presentation\">orienta\u00e7\u00e3o de um(a) servidor(a) do setor no exerc\u00edcio de suas atividades. A emissora tamb\u00e9m <\/span><span dir=\"ltr\" role=\"presentation\">recebe estudantes em est\u00e1gio final de gradua\u00e7\u00e3o, desde que apresentem proposta estruturada <\/span><span dir=\"ltr\" role=\"presentation\">de trabalho e se enquadrem em algum dos formatos adotados para as produ\u00e7\u00f5es.<\/span><\/p><\/div>\n\t\t\t\t<\/div>\n\t\t\t\t\t\t\t<div class=\"elementor-toggle-item\">\n\t\t\t\t\t<div id=\"elementor-tab-title-1753\" class=\"elementor-tab-title\" data-tab=\"3\" role=\"button\" aria-controls=\"elementor-tab-content-1753\" aria-expanded=\"false\">\n\t\t\t\t\t\t\t\t\t\t\t\t<span class=\"elementor-toggle-icon elementor-toggle-icon-right\" aria-hidden=\"true\">\n\t\t\t\t\t\t\t\t\t\t\t\t\t\t\t<span class=\"elementor-toggle-icon-closed\"><i class=\"fas fa-caret-right\"><\/i><\/span>\n\t\t\t\t\t\t\t\t<span class=\"elementor-toggle-icon-opened\"><i class=\"elementor-toggle-icon-opened fas fa-caret-up\"><\/i><\/span>\n\t\t\t\t\t\t\t\t\t\t\t\t\t<\/span>\n\t\t\t\t\t\t\t\t\t\t\t\t<a class=\"elementor-toggle-title\" tabindex=\"0\">A TV publica materiais produzidos por outros setores?<\/a>\n\t\t\t\t\t<\/div>\n\n\t\t\t\t\t<div id=\"elementor-tab-content-1753\" class=\"elementor-tab-content elementor-clearfix\" data-tab=\"3\" role=\"region\" aria-labelledby=\"elementor-tab-title-1753\"><p><span dir=\"ltr\" role=\"presentation\">A emissora oportuniza que estudantes, professores, t\u00e9cnico-administrativos e demais<\/span><br role=\"presentation\"><span dir=\"ltr\" role=\"presentation\">setores<\/span> <span dir=\"ltr\" role=\"presentation\">da<\/span> <span dir=\"ltr\" role=\"presentation\">UFSM<\/span> <span dir=\"ltr\" role=\"presentation\">tamb\u00e9m<\/span> <span dir=\"ltr\" role=\"presentation\">enviem<\/span> <span dir=\"ltr\" role=\"presentation\">suas<\/span> <span dir=\"ltr\" role=\"presentation\">produ\u00e7\u00f5es<\/span> <span dir=\"ltr\" role=\"presentation\">para<\/span> <span dir=\"ltr\" role=\"presentation\">serem<\/span> <span dir=\"ltr\" role=\"presentation\">exibidas<\/span> <span dir=\"ltr\" role=\"presentation\">na<\/span> <span dir=\"ltr\" role=\"presentation\">grade<\/span> <span dir=\"ltr\" role=\"presentation\">de<\/span><br role=\"presentation\"><span dir=\"ltr\" role=\"presentation\">programa\u00e7\u00e3o, observados os princ\u00edpios e crit\u00e9rios descritos na&nbsp;<a href=\"https:\/\/www.ufsm.br\/midias\/tvcampus\/politica-editorial\/\" target=\"_blank\">pol\u00edtica editorial<\/a>. Os produtores <\/span><span dir=\"ltr\" role=\"presentation\">interessados em veicular os conte\u00fados na TV devem entrar em contato com a Dire\u00e7\u00e3o <\/span><span dir=\"ltr\" role=\"presentation\">da emissora pelo e-mail tvcampus@ufsm.br manifestando o seu interesse, encaminhando o material <\/span><span dir=\"ltr\" role=\"presentation\">audiovisual para an\u00e1lise e assinando uma autoriza\u00e7\u00e3o de exibi\u00e7\u00e3o da obra na grade<\/span><span dir=\"ltr\" role=\"presentation\">,<\/span> <span dir=\"ltr\" role=\"presentation\">responsabilizando-se<\/span> <span dir=\"ltr\" role=\"presentation\">legalmente<\/span> <span dir=\"ltr\" role=\"presentation\">pela <\/span><span dir=\"ltr\" role=\"presentation\">produ\u00e7\u00e3o.<\/span> <span dir=\"ltr\" role=\"presentation\">A<\/span> <span dir=\"ltr\" role=\"presentation\">TV<\/span> <span dir=\"ltr\" role=\"presentation\">Campus<\/span> <span dir=\"ltr\" role=\"presentation\">se<\/span> <span dir=\"ltr\" role=\"presentation\">isenta<\/span> <span dir=\"ltr\" role=\"presentation\">de <\/span><span dir=\"ltr\" role=\"presentation\">quaisquer direitos reclamados por terceiros, visto que o autorizante \u00e9 o respons\u00e1vel pela obra <\/span><span dir=\"ltr\" role=\"presentation\">como um todo.<\/span><\/p><\/div>\n\t\t\t\t<\/div>\n\t\t\t\t\t\t\t<div class=\"elementor-toggle-item\">\n\t\t\t\t\t<div id=\"elementor-tab-title-1754\" class=\"elementor-tab-title\" data-tab=\"4\" role=\"button\" aria-controls=\"elementor-tab-content-1754\" aria-expanded=\"false\">\n\t\t\t\t\t\t\t\t\t\t\t\t<span class=\"elementor-toggle-icon elementor-toggle-icon-right\" aria-hidden=\"true\">\n\t\t\t\t\t\t\t\t\t\t\t\t\t\t\t<span class=\"elementor-toggle-icon-closed\"><i class=\"fas fa-caret-right\"><\/i><\/span>\n\t\t\t\t\t\t\t\t<span class=\"elementor-toggle-icon-opened\"><i class=\"elementor-toggle-icon-opened fas fa-caret-up\"><\/i><\/span>\n\t\t\t\t\t\t\t\t\t\t\t\t\t<\/span>\n\t\t\t\t\t\t\t\t\t\t\t\t<a class=\"elementor-toggle-title\" tabindex=\"0\">Posso solicitar um v\u00eddeo institucional?<\/a>\n\t\t\t\t\t<\/div>\n\n\t\t\t\t\t<div id=\"elementor-tab-content-1754\" class=\"elementor-tab-content elementor-clearfix\" data-tab=\"4\" role=\"region\" aria-labelledby=\"elementor-tab-title-1754\"><p>A emissora produz v\u00eddeos prioritariamente voltados \u00e0 grade de programa\u00e7\u00e3o, organizados nos formatos convencionados pela equipe a cada temporada. Requisi\u00e7\u00f5es de v\u00eddeos institucionais externos, document\u00e1rios e outras produ\u00e7\u00f5es nesta linha ficam sujeitas \u00e0 avalia\u00e7\u00e3o da Dire\u00e7\u00e3o e da equipe t\u00e9cnica, mediante projeto formalizado com previs\u00e3o de recursos para o setor.<\/p><\/div>\n\t\t\t\t<\/div>\n\t\t\t\t\t\t\t<div class=\"elementor-toggle-item\">\n\t\t\t\t\t<div id=\"elementor-tab-title-1755\" class=\"elementor-tab-title\" data-tab=\"5\" role=\"button\" aria-controls=\"elementor-tab-content-1755\" aria-expanded=\"false\">\n\t\t\t\t\t\t\t\t\t\t\t\t<span class=\"elementor-toggle-icon elementor-toggle-icon-right\" aria-hidden=\"true\">\n\t\t\t\t\t\t\t\t\t\t\t\t\t\t\t<span class=\"elementor-toggle-icon-closed\"><i class=\"fas fa-caret-right\"><\/i><\/span>\n\t\t\t\t\t\t\t\t<span class=\"elementor-toggle-icon-opened\"><i class=\"elementor-toggle-icon-opened fas fa-caret-up\"><\/i><\/span>\n\t\t\t\t\t\t\t\t\t\t\t\t\t<\/span>\n\t\t\t\t\t\t\t\t\t\t\t\t<a class=\"elementor-toggle-title\" tabindex=\"0\">Qual o hor\u00e1rio de funcionamento?<\/a>\n\t\t\t\t\t<\/div>\n\n\t\t\t\t\t<div id=\"elementor-tab-content-1755\" class=\"elementor-tab-content elementor-clearfix\" data-tab=\"5\" role=\"region\" aria-labelledby=\"elementor-tab-title-1755\"><div class=\"page\" role=\"region\" data-page-number=\"4\" aria-label=\"Page 4\" data-loaded=\"true\"><div class=\"textLayer\"><span dir=\"ltr\" role=\"presentation\">A TV Campus funciona das 8h \u00e0s 18h, conforme hor\u00e1rio de trabalho de seus servidores e<\/span><span dir=\"ltr\" role=\"presentation\"> demais colaboradores. Ajustes de hor\u00e1rios dever\u00e3o ser previamente combinados entre a <\/span><span dir=\"ltr\" role=\"presentation\">equipe, observando-se as necessidades do setor e respeitando-se as <\/span><span dir=\"ltr\" role=\"presentation\">licen\u00e7as<\/span> <span dir=\"ltr\" role=\"presentation\">e<\/span> <span dir=\"ltr\" role=\"presentation\">aus\u00eancias<\/span> <span dir=\"ltr\" role=\"presentation\">previstas<\/span> <span dir=\"ltr\" role=\"presentation\">em<\/span> <span dir=\"ltr\" role=\"presentation\">Lei<\/span> <span dir=\"ltr\" role=\"presentation\">e<\/span> <span dir=\"ltr\" role=\"presentation\">que<\/span> <span dir=\"ltr\" role=\"presentation\">s\u00e3o<\/span> <span dir=\"ltr\" role=\"presentation\">de<\/span> <span dir=\"ltr\" role=\"presentation\">direito<\/span> <span dir=\"ltr\" role=\"presentation\">dos<\/span> <span dir=\"ltr\" role=\"presentation\">servidores e bolsistas.<\/span><\/div><\/div><div class=\"page\" role=\"region\" data-page-number=\"5\" aria-label=\"Page 5\" data-loaded=\"true\"><div class=\"textLayer\"><span dir=\"ltr\" role=\"presentation\">Grava\u00e7\u00f5es externas ap\u00f3s as 17h est\u00e3o sujeitas \u00e0 disponibilidade de ve\u00edculos do N\u00facleo de <\/span><span dir=\"ltr\" role=\"presentation\">Transporte da UFSM para a emissora.<\/span><\/div><\/div><\/div>\n\t\t\t\t<\/div>\n\t\t\t\t\t\t\t<div class=\"elementor-toggle-item\">\n\t\t\t\t\t<div id=\"elementor-tab-title-1756\" class=\"elementor-tab-title\" data-tab=\"6\" role=\"button\" aria-controls=\"elementor-tab-content-1756\" aria-expanded=\"false\">\n\t\t\t\t\t\t\t\t\t\t\t\t<span class=\"elementor-toggle-icon elementor-toggle-icon-right\" aria-hidden=\"true\">\n\t\t\t\t\t\t\t\t\t\t\t\t\t\t\t<span class=\"elementor-toggle-icon-closed\"><i class=\"fas fa-caret-right\"><\/i><\/span>\n\t\t\t\t\t\t\t\t<span class=\"elementor-toggle-icon-opened\"><i class=\"elementor-toggle-icon-opened fas fa-caret-up\"><\/i><\/span>\n\t\t\t\t\t\t\t\t\t\t\t\t\t<\/span>\n\t\t\t\t\t\t\t\t\t\t\t\t<a class=\"elementor-toggle-title\" tabindex=\"0\">a tv empresta equipamentos de audiovisual?<\/a>\n\t\t\t\t\t<\/div>\n\n\t\t\t\t\t<div id=\"elementor-tab-content-1756\" class=\"elementor-tab-content elementor-clearfix\" data-tab=\"6\" role=\"region\" aria-labelledby=\"elementor-tab-title-1756\"><p><span dir=\"ltr\" role=\"presentation\">A TV Campus possui equipamento pr\u00f3prio para a realiza\u00e7\u00e3o de suas produ\u00e7\u00f5es e <\/span><span dir=\"ltr\" role=\"presentation\">coprodu\u00e7\u00f5es, o qual deve sempre ser utilizado com a ci\u00eancia e a responsabilidade de pelo <\/span><span dir=\"ltr\" role=\"presentation\">menos um servidor do setor, exclusivamente para fins das produ\u00e7\u00f5es da emissora.<\/span><br role=\"presentation\" \/><span dir=\"ltr\" role=\"presentation\">Referente a empr\u00e9stimos, a TV Campus N\u00c3O realiza, sob quaisquer prerrogativas, o <\/span><span dir=\"ltr\" role=\"presentation\">empr\u00e9stimo de seus equipamentos para atividades de docentes, estudantes, servidores, outros <\/span><span dir=\"ltr\" role=\"presentation\">departamentos da UFSM, nem de \u00f3rg\u00e3os ou institui\u00e7\u00f5es externas, resguardando-se o direito de <\/span><span dir=\"ltr\" role=\"presentation\">responder pelo melhor gerenciamento e manuten\u00e7\u00e3o de sua estrutura.<\/span><\/p><\/div>\n\t\t\t\t<\/div>\n\t\t\t\t\t\t\t<div class=\"elementor-toggle-item\">\n\t\t\t\t\t<div id=\"elementor-tab-title-1757\" class=\"elementor-tab-title\" data-tab=\"7\" role=\"button\" aria-controls=\"elementor-tab-content-1757\" aria-expanded=\"false\">\n\t\t\t\t\t\t\t\t\t\t\t\t<span class=\"elementor-toggle-icon elementor-toggle-icon-right\" aria-hidden=\"true\">\n\t\t\t\t\t\t\t\t\t\t\t\t\t\t\t<span class=\"elementor-toggle-icon-closed\"><i class=\"fas fa-caret-right\"><\/i><\/span>\n\t\t\t\t\t\t\t\t<span class=\"elementor-toggle-icon-opened\"><i class=\"elementor-toggle-icon-opened fas fa-caret-up\"><\/i><\/span>\n\t\t\t\t\t\t\t\t\t\t\t\t\t<\/span>\n\t\t\t\t\t\t\t\t\t\t\t\t<a class=\"elementor-toggle-title\" tabindex=\"0\">a tv realiza transmiss\u00f5es de eventos?<\/a>\n\t\t\t\t\t<\/div>\n\n\t\t\t\t\t<div id=\"elementor-tab-content-1757\" class=\"elementor-tab-content elementor-clearfix\" data-tab=\"7\" role=\"region\" aria-labelledby=\"elementor-tab-title-1757\"><p><span dir=\"ltr\" role=\"presentation\">A TV Campus n\u00e3o consegue assumir a transmiss\u00e3o de eventos, mas coopera com a CTE (Coordenadoria de Tecnologia Educacional), que tem feito esse servi\u00e7o e aciona a emissora universit\u00e1ria conforme demanda t\u00e9cnica ou de pessoas.\u00a0<\/span><\/p><\/div>\n\t\t\t\t<\/div>\n\t\t\t\t\t\t\t<div class=\"elementor-toggle-item\">\n\t\t\t\t\t<div id=\"elementor-tab-title-1758\" class=\"elementor-tab-title\" data-tab=\"8\" role=\"button\" aria-controls=\"elementor-tab-content-1758\" aria-expanded=\"false\">\n\t\t\t\t\t\t\t\t\t\t\t\t<span class=\"elementor-toggle-icon elementor-toggle-icon-right\" aria-hidden=\"true\">\n\t\t\t\t\t\t\t\t\t\t\t\t\t\t\t<span class=\"elementor-toggle-icon-closed\"><i class=\"fas fa-caret-right\"><\/i><\/span>\n\t\t\t\t\t\t\t\t<span class=\"elementor-toggle-icon-opened\"><i class=\"elementor-toggle-icon-opened fas fa-caret-up\"><\/i><\/span>\n\t\t\t\t\t\t\t\t\t\t\t\t\t<\/span>\n\t\t\t\t\t\t\t\t\t\t\t\t<a class=\"elementor-toggle-title\" tabindex=\"0\">a tv realiza registro de eventos?<\/a>\n\t\t\t\t\t<\/div>\n\n\t\t\t\t\t<div id=\"elementor-tab-content-1758\" class=\"elementor-tab-content elementor-clearfix\" data-tab=\"8\" role=\"region\" aria-labelledby=\"elementor-tab-title-1758\"><div class=\"page\" role=\"region\" data-page-number=\"3\" aria-label=\"Page 3\" data-loaded=\"true\"><div class=\"textLayer\"><span dir=\"ltr\" role=\"presentation\">A TV Campus n\u00e3o realiza o registro integral de eventos, apenas cobertura para produ\u00e7\u00e3o de mat\u00e9rias jornal\u00edsticas. Cabe \u00e0 Dire\u00e7\u00e3o da TV e \u00e0 equipe avaliar<\/span><br role=\"presentation\" \/><span dir=\"ltr\" role=\"presentation\">registros<\/span> <span dir=\"ltr\" role=\"presentation\">excepcionais<\/span> <span dir=\"ltr\" role=\"presentation\">de<\/span> <span dir=\"ltr\" role=\"presentation\">grandes<\/span> <span dir=\"ltr\" role=\"presentation\">eventos<\/span> <span dir=\"ltr\" role=\"presentation\">relacionados<\/span> <span dir=\"ltr\" role=\"presentation\">\u00e0<\/span> <span dir=\"ltr\" role=\"presentation\">UFSM.<\/span> <span dir=\"ltr\" role=\"presentation\">Pedidos<\/span> <span dir=\"ltr\" role=\"presentation\">devem<\/span> <span dir=\"ltr\" role=\"presentation\">ser<\/span><br role=\"presentation\" \/><span dir=\"ltr\" role=\"presentation\">encaminhados formalmente por e-mail com no m\u00ednimo um m\u00eas de anteced\u00eancia e passar <\/span><span dir=\"ltr\" role=\"presentation\">pela<\/span> <span dir=\"ltr\" role=\"presentation\">avalia\u00e7\u00e3o<\/span> <span dir=\"ltr\" role=\"presentation\">quanto<\/span> <span dir=\"ltr\" role=\"presentation\">\u00e0<\/span> <span dir=\"ltr\" role=\"presentation\">viabilidade<\/span> <span dir=\"ltr\" role=\"presentation\">de<\/span> <span dir=\"ltr\" role=\"presentation\">produ\u00e7\u00e3o,<\/span> <span dir=\"ltr\" role=\"presentation\">observando<\/span> <span dir=\"ltr\" role=\"presentation\">a<\/span> <span dir=\"ltr\" role=\"presentation\">pertin\u00eancia<\/span> <span dir=\"ltr\" role=\"presentation\">tem\u00e1tica,<\/span> <span dir=\"ltr\" role=\"presentation\">o <\/span><span dir=\"ltr\" role=\"presentation\">alinhamento \u00e0 pol\u00edtica editorial da emissora e a poss\u00edvel integra\u00e7\u00e3o do conte\u00fado \u00e0 grade de <\/span><span dir=\"ltr\" role=\"presentation\">programa\u00e7\u00e3o.<\/span><div class=\"endOfContent\">\u00a0<\/div><\/div><\/div><div class=\"page\" role=\"region\" data-page-number=\"4\" aria-label=\"Page 4\" data-loaded=\"true\"><div class=\"canvasWrapper\">\u00a0<\/div><div class=\"textLayer\">\u00a0<\/div><\/div><\/div>\n\t\t\t\t<\/div>\n\t\t\t\t\t\t\t\t<\/div>\n\t\t\t\t<\/div>\n\t\t\t\t<\/div>\n\t\t\t\t\t<\/div>\n\t\t<\/div>\n\t\t\t\t\t<\/div>\n\t\t<\/section>\n\t\t\t\t<\/div>\n\t\t","protected":false},"excerpt":{"rendered":"<p>O que mais nos perguntam e as respostas Como posso sugerir uma pauta? A emissora recebe sugest\u00f5es pelo e-mail tvcampus@ufsm.br e avalia de acordo com a pol\u00edtica editorial, que aborda aborda temas de interesse p\u00fablico e divulga a\u00e7\u00f5es da UFSM que tenham impacto na comunidade acad\u00eamica, santa-mariense e de demaisregi\u00f5es de abrang\u00eancia da Institui\u00e7\u00e3o. A [&hellip;]<\/p>\n","protected":false},"author":30,"featured_media":0,"parent":0,"menu_order":0,"comment_status":"closed","ping_status":"closed","template":"","meta":{"footnotes":""},"categories":[],"tags":[],"class_list":["post-3152","page","type-page","status-publish","hentry"],"acf":[],"_links":{"self":[{"href":"https:\/\/www.ufsm.br\/midias\/tvcampus\/wp-json\/wp\/v2\/pages\/3152","targetHints":{"allow":["GET"]}}],"collection":[{"href":"https:\/\/www.ufsm.br\/midias\/tvcampus\/wp-json\/wp\/v2\/pages"}],"about":[{"href":"https:\/\/www.ufsm.br\/midias\/tvcampus\/wp-json\/wp\/v2\/types\/page"}],"author":[{"embeddable":true,"href":"https:\/\/www.ufsm.br\/midias\/tvcampus\/wp-json\/wp\/v2\/users\/30"}],"replies":[{"embeddable":true,"href":"https:\/\/www.ufsm.br\/midias\/tvcampus\/wp-json\/wp\/v2\/comments?post=3152"}],"version-history":[{"count":0,"href":"https:\/\/www.ufsm.br\/midias\/tvcampus\/wp-json\/wp\/v2\/pages\/3152\/revisions"}],"wp:attachment":[{"href":"https:\/\/www.ufsm.br\/midias\/tvcampus\/wp-json\/wp\/v2\/media?parent=3152"}],"wp:term":[{"taxonomy":"category","embeddable":true,"href":"https:\/\/www.ufsm.br\/midias\/tvcampus\/wp-json\/wp\/v2\/categories?post=3152"},{"taxonomy":"post_tag","embeddable":true,"href":"https:\/\/www.ufsm.br\/midias\/tvcampus\/wp-json\/wp\/v2\/tags?post=3152"}],"curies":[{"name":"wp","href":"https:\/\/api.w.org\/{rel}","templated":true}]}}