{"id":3153,"date":"2021-01-06T09:34:08","date_gmt":"2021-01-06T12:34:08","guid":{"rendered":"https:\/\/www.ufsm.br\/midias\/tvcampus\/?page_id=3153"},"modified":"2022-06-28T15:09:11","modified_gmt":"2022-06-28T18:09:11","slug":"localizacao","status":"publish","type":"page","link":"https:\/\/www.ufsm.br\/midias\/tvcampus\/localizacao","title":{"rendered":"Localiza\u00e7\u00e3o"},"content":{"rendered":"\t\t<div data-elementor-type=\"wp-page\" data-elementor-id=\"3153\" class=\"elementor elementor-3153\">\n\t\t\t\t\t\t<section class=\"elementor-section elementor-top-section elementor-element elementor-element-57bcd6b elementor-section-boxed elementor-section-height-default elementor-section-height-default\" data-id=\"57bcd6b\" data-element_type=\"section\">\n\t\t\t\t\t\t<div class=\"elementor-container elementor-column-gap-default\">\n\t\t\t\t\t<div class=\"elementor-column elementor-col-100 elementor-top-column elementor-element elementor-element-4d770f8\" data-id=\"4d770f8\" data-element_type=\"column\">\n\t\t\t<div class=\"elementor-widget-wrap elementor-element-populated\">\n\t\t\t\t\t\t<div class=\"elementor-element elementor-element-40eef8b elementor-widget elementor-widget-google_maps\" data-id=\"40eef8b\" data-element_type=\"widget\" data-widget_type=\"google_maps.default\">\n\t\t\t\t<div class=\"elementor-widget-container\">\n\t\t\t\t\t<div class=\"elementor-custom-embed\">\n\t\t\t<iframe loading=\"lazy\"\n\t\t\t\t\tsrc=\"https:\/\/maps.google.com\/maps?q=Casa%20da%20Comunica%C3%A7%C3%A3o%20UFSM&#038;t=m&#038;z=10&#038;output=embed&#038;iwloc=near\"\n\t\t\t\t\ttitle=\"Casa da Comunica\u00e7\u00e3o UFSM\"\n\t\t\t\t\taria-label=\"Casa da Comunica\u00e7\u00e3o UFSM\"\n\t\t\t><\/iframe>\n\t\t<\/div>\n\t\t\t\t<\/div>\n\t\t\t\t<\/div>\n\t\t\t\t\t<\/div>\n\t\t<\/div>\n\t\t\t\t\t<\/div>\n\t\t<\/section>\n\t\t\t\t<section class=\"elementor-section elementor-top-section elementor-element elementor-element-3d37111 elementor-section-boxed elementor-section-height-default elementor-section-height-default\" data-id=\"3d37111\" data-element_type=\"section\">\n\t\t\t\t\t\t<div class=\"elementor-container elementor-column-gap-default\">\n\t\t\t\t\t<div class=\"elementor-column elementor-col-100 elementor-top-column elementor-element elementor-element-f044566\" data-id=\"f044566\" data-element_type=\"column\">\n\t\t\t<div class=\"elementor-widget-wrap elementor-element-populated\">\n\t\t\t\t\t\t<div class=\"elementor-element elementor-element-96ffc4b elementor-widget elementor-widget-text-editor\" data-id=\"96ffc4b\" data-element_type=\"widget\" data-widget_type=\"text-editor.default\">\n\t\t\t\t<div class=\"elementor-widget-container\">\n\t\t\t\t\t\t\t<p>Casa da Comunica\u00e7\u00e3o, Pr\u00e9dio 62B, 2\u00ba andar.\u00a0<\/p>\t\t\t\t\t\t<\/div>\n\t\t\t\t<\/div>\n\t\t\t\t\t<\/div>\n\t\t<\/div>\n\t\t\t\t\t<\/div>\n\t\t<\/section>\n\t\t\t\t<\/div>\n\t\t","protected":false},"excerpt":{"rendered":"<p>Casa da Comunica\u00e7\u00e3o, Pr\u00e9dio 62B, 2\u00ba andar.\u00a0<\/p>\n","protected":false},"author":30,"featured_media":0,"parent":0,"menu_order":0,"comment_status":"closed","ping_status":"closed","template":"","meta":{"footnotes":""},"categories":[],"tags":[],"class_list":["post-3153","page","type-page","status-publish","hentry"],"acf":[],"_links":{"self":[{"href":"https:\/\/www.ufsm.br\/midias\/tvcampus\/wp-json\/wp\/v2\/pages\/3153","targetHints":{"allow":["GET"]}}],"collection":[{"href":"https:\/\/www.ufsm.br\/midias\/tvcampus\/wp-json\/wp\/v2\/pages"}],"about":[{"href":"https:\/\/www.ufsm.br\/midias\/tvcampus\/wp-json\/wp\/v2\/types\/page"}],"author":[{"embeddable":true,"href":"https:\/\/www.ufsm.br\/midias\/tvcampus\/wp-json\/wp\/v2\/users\/30"}],"replies":[{"embeddable":true,"href":"https:\/\/www.ufsm.br\/midias\/tvcampus\/wp-json\/wp\/v2\/comments?post=3153"}],"version-history":[{"count":0,"href":"https:\/\/www.ufsm.br\/midias\/tvcampus\/wp-json\/wp\/v2\/pages\/3153\/revisions"}],"wp:attachment":[{"href":"https:\/\/www.ufsm.br\/midias\/tvcampus\/wp-json\/wp\/v2\/media?parent=3153"}],"wp:term":[{"taxonomy":"category","embeddable":true,"href":"https:\/\/www.ufsm.br\/midias\/tvcampus\/wp-json\/wp\/v2\/categories?post=3153"},{"taxonomy":"post_tag","embeddable":true,"href":"https:\/\/www.ufsm.br\/midias\/tvcampus\/wp-json\/wp\/v2\/tags?post=3153"}],"curies":[{"name":"wp","href":"https:\/\/api.w.org\/{rel}","templated":true}]}}