{"id":3157,"date":"2021-01-06T09:37:01","date_gmt":"2021-01-06T12:37:01","guid":{"rendered":"https:\/\/www.ufsm.br\/midias\/tvcampus\/?page_id=3157"},"modified":"2022-07-19T14:19:06","modified_gmt":"2022-07-19T17:19:06","slug":"resgate-memoria-tv","status":"publish","type":"page","link":"https:\/\/www.ufsm.br\/midias\/tvcampus\/resgate-memoria-tv","title":{"rendered":"Finalizados"},"content":{"rendered":"\t\t<div data-elementor-type=\"wp-page\" data-elementor-id=\"3157\" class=\"elementor elementor-3157\">\n\t\t\t\t\t\t<section class=\"elementor-section elementor-top-section elementor-element elementor-element-108adb2 elementor-section-boxed elementor-section-height-default elementor-section-height-default\" data-id=\"108adb2\" data-element_type=\"section\">\n\t\t\t\t\t\t<div class=\"elementor-container elementor-column-gap-default\">\n\t\t\t\t\t<div class=\"elementor-column elementor-col-100 elementor-top-column elementor-element elementor-element-ad9faa2\" data-id=\"ad9faa2\" data-element_type=\"column\">\n\t\t\t<div class=\"elementor-widget-wrap elementor-element-populated\">\n\t\t\t\t\t\t<div class=\"elementor-element elementor-element-8c74f46 elementor-widget elementor-widget-toggle\" data-id=\"8c74f46\" data-element_type=\"widget\" data-widget_type=\"toggle.default\">\n\t\t\t\t<div class=\"elementor-widget-container\">\n\t\t\t\t\t<div class=\"elementor-toggle\">\n\t\t\t\t\t\t\t<div class=\"elementor-toggle-item\">\n\t\t\t\t\t<div id=\"elementor-tab-title-1471\" class=\"elementor-tab-title\" data-tab=\"1\" role=\"button\" aria-controls=\"elementor-tab-content-1471\" aria-expanded=\"false\">\n\t\t\t\t\t\t\t\t\t\t\t\t<span class=\"elementor-toggle-icon elementor-toggle-icon-left\" aria-hidden=\"true\">\n\t\t\t\t\t\t\t\t\t\t\t\t\t\t\t<span class=\"elementor-toggle-icon-closed\"><i class=\"fas fa-caret-right\"><\/i><\/span>\n\t\t\t\t\t\t\t\t<span class=\"elementor-toggle-icon-opened\"><i class=\"elementor-toggle-icon-opened fas fa-caret-up\"><\/i><\/span>\n\t\t\t\t\t\t\t\t\t\t\t\t\t<\/span>\n\t\t\t\t\t\t\t\t\t\t\t\t<a class=\"elementor-toggle-title\" tabindex=\"0\">Resgate do Acervo Audiovisual da TV Campus UFSM<\/a>\n\t\t\t\t\t<\/div>\n\n\t\t\t\t\t<div id=\"elementor-tab-content-1471\" class=\"elementor-tab-content elementor-clearfix\" data-tab=\"1\" role=\"region\" aria-labelledby=\"elementor-tab-title-1471\"><p>O N\u00facleo de TV Universit\u00e1ria da Coordenadoria de Comunica\u00e7\u00e3o Social da UFSM mant\u00e9m consider\u00e1vel acervo audiovisual, anal\u00f3gico e digital, fruto de registros de eventos ocorridos na institui\u00e7\u00e3o de 1995 a 2017. O tratamento t\u00e9cnico do acervo audiovisual produzido de acordo com as pol\u00edticas de preserva\u00e7\u00e3o e acesso estabelecidas pelo Sistema de Arquivos da UFSM foi urgente e imprescind\u00edvel, assim, nesta a\u00e7\u00e3o foram tomadas como prioridades a longevidade, a migra\u00e7\u00e3o, a qualidade, a integridade e o acesso. Na primeira e segunda etapa foram descritos, digitalizados e disponibilizados no Reposit\u00f3rio Institucional Fonte as fitas VHS e os Mini-DVs.<\/p><\/div>\n\t\t\t\t<\/div>\n\t\t\t\t\t\t\t<div class=\"elementor-toggle-item\">\n\t\t\t\t\t<div id=\"elementor-tab-title-1472\" class=\"elementor-tab-title\" data-tab=\"2\" role=\"button\" aria-controls=\"elementor-tab-content-1472\" aria-expanded=\"false\">\n\t\t\t\t\t\t\t\t\t\t\t\t<span class=\"elementor-toggle-icon elementor-toggle-icon-left\" aria-hidden=\"true\">\n\t\t\t\t\t\t\t\t\t\t\t\t\t\t\t<span class=\"elementor-toggle-icon-closed\"><i class=\"fas fa-caret-right\"><\/i><\/span>\n\t\t\t\t\t\t\t\t<span class=\"elementor-toggle-icon-opened\"><i class=\"elementor-toggle-icon-opened fas fa-caret-up\"><\/i><\/span>\n\t\t\t\t\t\t\t\t\t\t\t\t\t<\/span>\n\t\t\t\t\t\t\t\t\t\t\t\t<a class=\"elementor-toggle-title\" tabindex=\"0\">Est\u00fadio de Cria\u00e7\u00e3o<\/a>\n\t\t\t\t\t<\/div>\n\n\t\t\t\t\t<div id=\"elementor-tab-content-1472\" class=\"elementor-tab-content elementor-clearfix\" data-tab=\"2\" role=\"region\" aria-labelledby=\"elementor-tab-title-1472\"><p><span style=\"font-weight: 400\">Durante 2016 e 2019, alunos dos anos iniciais e anos finais de escolas de Santa Maria e de cursos do Centro de Educa\u00e7\u00e3o da UFSM experimentaram os processos de cria\u00e7\u00e3o em audiovisual, desde a ideia de argumento inicial at\u00e9 a finaliza\u00e7\u00e3o de obras art\u00edsticas: conto, poesia, m\u00fasica e curta-metragens. O trabalho despertou o processo criativo dos estudantes de forma satisfat\u00f3ria e surpreendente. Notamos grande empenho e protagonismo dos jovens, al\u00e9m de uma positiva sinergia no trabalho em equipe. Todas as turmas tiveram estudantes interessados em produzir suas hist\u00f3rias, desenvolver seus personagens e tomar pap\u00e9is de decis\u00e3o durante a grava\u00e7\u00e3o dos filmes. As produ\u00e7\u00f5es audiovisuais est\u00e3o dispon\u00edveis na internet.\u00a0<\/span><\/p>\n<p><span style=\"font-weight: 400\">\u00a0<\/span><\/p><\/div>\n\t\t\t\t<\/div>\n\t\t\t\t\t\t\t<div class=\"elementor-toggle-item\">\n\t\t\t\t\t<div id=\"elementor-tab-title-1473\" class=\"elementor-tab-title\" data-tab=\"3\" role=\"button\" aria-controls=\"elementor-tab-content-1473\" aria-expanded=\"false\">\n\t\t\t\t\t\t\t\t\t\t\t\t<span class=\"elementor-toggle-icon elementor-toggle-icon-left\" aria-hidden=\"true\">\n\t\t\t\t\t\t\t\t\t\t\t\t\t\t\t<span class=\"elementor-toggle-icon-closed\"><i class=\"fas fa-caret-right\"><\/i><\/span>\n\t\t\t\t\t\t\t\t<span class=\"elementor-toggle-icon-opened\"><i class=\"elementor-toggle-icon-opened fas fa-caret-up\"><\/i><\/span>\n\t\t\t\t\t\t\t\t\t\t\t\t\t<\/span>\n\t\t\t\t\t\t\t\t\t\t\t\t<a class=\"elementor-toggle-title\" tabindex=\"0\">Conex\u00f5es - programa de TV colaborativo entre emissora universit\u00e1ria e professores<\/a>\n\t\t\t\t\t<\/div>\n\n\t\t\t\t\t<div id=\"elementor-tab-content-1473\" class=\"elementor-tab-content elementor-clearfix\" data-tab=\"3\" role=\"region\" aria-labelledby=\"elementor-tab-title-1473\"><p>O programa Conex\u00f5es da TV Campus buscou estreitar os la\u00e7os entre emissora universit\u00e1ria, corpo docente e comunidade acad\u00eamica e externa por meio de conversas sobre assuntos abordados dentro da Universidade. As conversas foram conduzidas por professores, organizadas a partir de eixos tem\u00e1ticos relacionados a distintas \u00e1reas do conhecimento, como: Meio ambiente e Sustentabilidade, Comunica\u00e7\u00e3o e Cultura, Sa\u00fade e Bem-Estar, Tecnologia e Inova\u00e7\u00e3o, Alimenta\u00e7\u00e3o Consciente, Educa\u00e7\u00e3o Transformadora e Assuntos Institucionais da UFSM. A apresenta\u00e7\u00e3o de cada eixo ficou sob responsabilidade de uma\/um docente relacionado ao t\u00f3pico.<\/p><\/div>\n\t\t\t\t<\/div>\n\t\t\t\t\t\t\t<div class=\"elementor-toggle-item\">\n\t\t\t\t\t<div id=\"elementor-tab-title-1474\" class=\"elementor-tab-title\" data-tab=\"4\" role=\"button\" aria-controls=\"elementor-tab-content-1474\" aria-expanded=\"false\">\n\t\t\t\t\t\t\t\t\t\t\t\t<span class=\"elementor-toggle-icon elementor-toggle-icon-left\" aria-hidden=\"true\">\n\t\t\t\t\t\t\t\t\t\t\t\t\t\t\t<span class=\"elementor-toggle-icon-closed\"><i class=\"fas fa-caret-right\"><\/i><\/span>\n\t\t\t\t\t\t\t\t<span class=\"elementor-toggle-icon-opened\"><i class=\"elementor-toggle-icon-opened fas fa-caret-up\"><\/i><\/span>\n\t\t\t\t\t\t\t\t\t\t\t\t\t<\/span>\n\t\t\t\t\t\t\t\t\t\t\t\t<a class=\"elementor-toggle-title\" tabindex=\"0\">Projeto de Editora\u00e7\u00e3o \"Meu Livro Aberto\" - Vers\u00e3o Visibilidade LGBTQIA+<\/a>\n\t\t\t\t\t<\/div>\n\n\t\t\t\t\t<div id=\"elementor-tab-content-1474\" class=\"elementor-tab-content elementor-clearfix\" data-tab=\"4\" role=\"region\" aria-labelledby=\"elementor-tab-title-1474\"><p>O projeto objetivou promover a visibilidade das diferentes experi\u00eancias de pessoas LGBTQIA+, por meio da produ\u00e7\u00e3o de um livro audiovisual com hist\u00f3rias reais que permitiram a representa\u00e7\u00e3o de pessoas da comunidade LGBTQIA+ de Santa Maria e regi\u00e3o, incluindo l\u00e9sbicas, gays, bissexuais, travestis, transg\u00eanero (identidade sexual e express\u00e3o de g\u00eanero), queer, intersexo, assexuais e apoiadores.<\/p><\/div>\n\t\t\t\t<\/div>\n\t\t\t\t\t\t\t<div class=\"elementor-toggle-item\">\n\t\t\t\t\t<div id=\"elementor-tab-title-1475\" class=\"elementor-tab-title\" data-tab=\"5\" role=\"button\" aria-controls=\"elementor-tab-content-1475\" aria-expanded=\"false\">\n\t\t\t\t\t\t\t\t\t\t\t\t<span class=\"elementor-toggle-icon elementor-toggle-icon-left\" aria-hidden=\"true\">\n\t\t\t\t\t\t\t\t\t\t\t\t\t\t\t<span class=\"elementor-toggle-icon-closed\"><i class=\"fas fa-caret-right\"><\/i><\/span>\n\t\t\t\t\t\t\t\t<span class=\"elementor-toggle-icon-opened\"><i class=\"elementor-toggle-icon-opened fas fa-caret-up\"><\/i><\/span>\n\t\t\t\t\t\t\t\t\t\t\t\t\t<\/span>\n\t\t\t\t\t\t\t\t\t\t\t\t<a class=\"elementor-toggle-title\" tabindex=\"0\">Programa Jukebox: fortalecendo a rela\u00e7\u00e3o Universidade e comunidade em produ\u00e7\u00e3o cultural e comunicacional<\/a>\n\t\t\t\t\t<\/div>\n\n\t\t\t\t\t<div id=\"elementor-tab-content-1475\" class=\"elementor-tab-content elementor-clearfix\" data-tab=\"5\" role=\"region\" aria-labelledby=\"elementor-tab-title-1475\"><p>O Jukebox \u00e9 um programa musical de r\u00e1dio, transmitido nas emissoras da UFSM. Em alguns anos, o projeto ganhou vers\u00e3o em audiovisual, com o programa JukeTV. A iniciativa d\u00e1 espa\u00e7o para bandas independentes e desconhecidas, locais ou n\u00e3o, para que possam divulgar seu trabalho. O Jukebox visa um nicho em que a maioria das r\u00e1dios da cidade n\u00e3o faz parte, atendendo a um p\u00fablico carente de um programa radiof\u00f4nico que contemple os seus gosto musicais.<\/p><\/div>\n\t\t\t\t<\/div>\n\t\t\t\t\t\t\t<div class=\"elementor-toggle-item\">\n\t\t\t\t\t<div id=\"elementor-tab-title-1476\" class=\"elementor-tab-title\" data-tab=\"6\" role=\"button\" aria-controls=\"elementor-tab-content-1476\" aria-expanded=\"false\">\n\t\t\t\t\t\t\t\t\t\t\t\t<span class=\"elementor-toggle-icon elementor-toggle-icon-left\" aria-hidden=\"true\">\n\t\t\t\t\t\t\t\t\t\t\t\t\t\t\t<span class=\"elementor-toggle-icon-closed\"><i class=\"fas fa-caret-right\"><\/i><\/span>\n\t\t\t\t\t\t\t\t<span class=\"elementor-toggle-icon-opened\"><i class=\"elementor-toggle-icon-opened fas fa-caret-up\"><\/i><\/span>\n\t\t\t\t\t\t\t\t\t\t\t\t\t<\/span>\n\t\t\t\t\t\t\t\t\t\t\t\t<a class=\"elementor-toggle-title\" tabindex=\"0\">Esporte em Cena<\/a>\n\t\t\t\t\t<\/div>\n\n\t\t\t\t\t<div id=\"elementor-tab-content-1476\" class=\"elementor-tab-content elementor-clearfix\" data-tab=\"6\" role=\"region\" aria-labelledby=\"elementor-tab-title-1476\"><p>O projeto Esporte em Cena refere-se a produ\u00e7\u00e3o e veicula\u00e7\u00e3o de programas de r\u00e1dio e tv, na R\u00e1dio e TV da UFSM. Os programas s\u00e3o frutos da disciplina de M\u00eddia e Temas Transversais do Curso de Educa\u00e7\u00e3o F\u00edsica Licenciatura (7\u00ba semestre). Os objetivos s\u00e3o propor a\u00e7\u00f5es pedag\u00f3gicas interdisciplinares envolvendo m\u00eddia, eventos esportivos, temas transversais (\u00e9tica, pluralidade cultural, sa\u00fade\/sexualidade, meio ambiente, consumo\/cidadania) e a educa\u00e7\u00e3o f\u00edsica escolar e discutir a import\u00e2ncia\/influ\u00eancia da m\u00eddia no comportamento humano contempor\u00e3neo a partir de eventos esportivos. Os programas de R\u00e1dio e TV s\u00e3o produzidos pelos alunos do Curso e, eventualmente, com a participa\u00e7\u00e3o de alunos do Curso de Comunica\u00e7\u00e3o Social &#8211; Jornalismo, da UFSM e ter\u00e3o dura\u00e7\u00e3o de 30 minutos e 15 minutos, respectivamente. A veicula\u00e7\u00e3o acontece \u00e0s quintas-feiras \u00e0 tarde, com reprise na TV durante a semana. Paralelo a esta atividade, ocorrem grupos de estudo e avalia\u00e7\u00e3o dos programas veiculados.<\/p><\/div>\n\t\t\t\t<\/div>\n\t\t\t\t\t\t\t<div class=\"elementor-toggle-item\">\n\t\t\t\t\t<div id=\"elementor-tab-title-1477\" class=\"elementor-tab-title\" data-tab=\"7\" role=\"button\" aria-controls=\"elementor-tab-content-1477\" aria-expanded=\"false\">\n\t\t\t\t\t\t\t\t\t\t\t\t<span class=\"elementor-toggle-icon elementor-toggle-icon-left\" aria-hidden=\"true\">\n\t\t\t\t\t\t\t\t\t\t\t\t\t\t\t<span class=\"elementor-toggle-icon-closed\"><i class=\"fas fa-caret-right\"><\/i><\/span>\n\t\t\t\t\t\t\t\t<span class=\"elementor-toggle-icon-opened\"><i class=\"elementor-toggle-icon-opened fas fa-caret-up\"><\/i><\/span>\n\t\t\t\t\t\t\t\t\t\t\t\t\t<\/span>\n\t\t\t\t\t\t\t\t\t\t\t\t<a class=\"elementor-toggle-title\" tabindex=\"0\">Sa\u00fade em Debate na Concep\u00e7\u00e3o Ampliada<\/a>\n\t\t\t\t\t<\/div>\n\n\t\t\t\t\t<div id=\"elementor-tab-content-1477\" class=\"elementor-tab-content elementor-clearfix\" data-tab=\"7\" role=\"region\" aria-labelledby=\"elementor-tab-title-1477\"><p>Na identifica\u00e7\u00e3o da necessidade de ampliar\/mudar a concep\u00e7\u00e3o de sa\u00fade para que se realize e efetive as mudan\u00e7as na \u00e1rea da sa\u00fade e da educa\u00e7\u00e3o em sa\u00fade, o projeto busca identificar e ampliar espa\u00e7os de discuss\u00e3o e reflex\u00e3o sobre o processo sa\u00fade doen\u00e7a.<\/p><\/div>\n\t\t\t\t<\/div>\n\t\t\t\t\t\t\t<div class=\"elementor-toggle-item\">\n\t\t\t\t\t<div id=\"elementor-tab-title-1478\" class=\"elementor-tab-title\" data-tab=\"8\" role=\"button\" aria-controls=\"elementor-tab-content-1478\" aria-expanded=\"false\">\n\t\t\t\t\t\t\t\t\t\t\t\t<span class=\"elementor-toggle-icon elementor-toggle-icon-left\" aria-hidden=\"true\">\n\t\t\t\t\t\t\t\t\t\t\t\t\t\t\t<span class=\"elementor-toggle-icon-closed\"><i class=\"fas fa-caret-right\"><\/i><\/span>\n\t\t\t\t\t\t\t\t<span class=\"elementor-toggle-icon-opened\"><i class=\"elementor-toggle-icon-opened fas fa-caret-up\"><\/i><\/span>\n\t\t\t\t\t\t\t\t\t\t\t\t\t<\/span>\n\t\t\t\t\t\t\t\t\t\t\t\t<a class=\"elementor-toggle-title\" tabindex=\"0\">Universo da Leitura: Fortalecendo a Atua\u00e7\u00e3o Cidad\u00e3 do Curso de Produ\u00e7\u00e3o Editorial<\/a>\n\t\t\t\t\t<\/div>\n\n\t\t\t\t\t<div id=\"elementor-tab-content-1478\" class=\"elementor-tab-content elementor-clearfix\" data-tab=\"8\" role=\"region\" aria-labelledby=\"elementor-tab-title-1478\"><p>O projeto tem como objetivo ampliar e dar continuidade ao projeto de extens\u00e3o universit\u00e1ria&#8221;Fomentando a presen\u00e7a do curso de produ\u00e7\u00e3o editorial na televis\u00e3o universit\u00e1ria&#8221;, registrado no SIE sob n\u00famero 035637 e contemplado com o edital Fiex 2014. Trata-se de dar continuidade ao projeto anterior, que visava a produ\u00e7\u00e3o de conte\u00fados envolvendo os eixos da educa\u00e7\u00e3o e da cultura atrav\u00e9s do entretenimento educativo para a televis\u00e3o, objetivo agora mantido e somado \u00e0 busca pelaamplia\u00e7\u00e3o do foco das atividades desenvolvidas. Neste momento, pretende-se uma mudan\u00e7a no p\u00fablico-alvo da a\u00e7\u00e3o, antes restrito \u00e0 cidade de Santa Maria, para atingir um p\u00fablico mais amplo no territ\u00f3rio nacional, com a futura inser\u00e7\u00e3o do programa em redes de compartilhamento de produ\u00e7\u00e3o de conte\u00fado de car\u00e1ter n\u00e3o-comercial, e em emissoras de televis\u00e3o comunit\u00e1rias, p\u00fablicas e universit\u00e1rias. O Universo da Leitura \u00e9 um programa televisivo produzido pelos acad\u00eamicos do curso de Comunica\u00e7\u00e3o Social da UFSM, que vem sendo exibido regularmente pela TV Campus e pelo canal pr\u00f3prio desta na plataforma Youtube desde 2013. O programa inicialmente foi idealizado e desenvolvido como produto laboratorial dentro da disciplina Projeto Experimental em Comunica\u00e7\u00e3o para o Terceiro Setor, ministrada durante o ano de 2013 pela professora Sandra R\u00fabia da Silva, no curso de Comunica\u00e7\u00e3o &#8211; Produ\u00e7\u00e3o Editorial. Em setembro daquele ano, o projeto passou a ser desenvolvido como projeto de extens\u00e3o, ainda sob a coordena\u00e7\u00e3o da mesma professora, tendo sido contemplado pelo edital Fiex 2014 com o financiamento de uma bolsa de inicia\u00e7\u00e3o \u00e0 extens\u00e3o e R$ 1000,00 para itens de custeio. Em setembro de 2014 o projeto passou a ser coordenado pela professora Aline Roes Dalmolin, e desde ent\u00e3o j\u00e1 foram produzidas e veiculadas 13 edi\u00e7\u00f5es do programa.<\/p><\/div>\n\t\t\t\t<\/div>\n\t\t\t\t\t\t\t<div class=\"elementor-toggle-item\">\n\t\t\t\t\t<div id=\"elementor-tab-title-1479\" class=\"elementor-tab-title\" data-tab=\"9\" role=\"button\" aria-controls=\"elementor-tab-content-1479\" aria-expanded=\"false\">\n\t\t\t\t\t\t\t\t\t\t\t\t<span class=\"elementor-toggle-icon elementor-toggle-icon-left\" aria-hidden=\"true\">\n\t\t\t\t\t\t\t\t\t\t\t\t\t\t\t<span class=\"elementor-toggle-icon-closed\"><i class=\"fas fa-caret-right\"><\/i><\/span>\n\t\t\t\t\t\t\t\t<span class=\"elementor-toggle-icon-opened\"><i class=\"elementor-toggle-icon-opened fas fa-caret-up\"><\/i><\/span>\n\t\t\t\t\t\t\t\t\t\t\t\t\t<\/span>\n\t\t\t\t\t\t\t\t\t\t\t\t<a class=\"elementor-toggle-title\" tabindex=\"0\">A\u00e7\u00f5es de visibilidade e divulga\u00e7\u00e3o de programas e projetos de extens\u00e3o da UFSM<\/a>\n\t\t\t\t\t<\/div>\n\n\t\t\t\t\t<div id=\"elementor-tab-content-1479\" class=\"elementor-tab-content elementor-clearfix\" data-tab=\"9\" role=\"region\" aria-labelledby=\"elementor-tab-title-1479\"><p>O presente projeto tem o objetivo de iniciar, articular e desenvolver a\u00e7\u00f5es espec\u00edficas de divulga\u00e7\u00e3o das atividades de extens\u00e3o efetivadas pela Universidade Federal de Santa Maria em sua regi\u00e3o de abrang\u00eancia, promovendo, em especial, a socilaiza\u00e7\u00e3o do conhecimento produzido por meio da rela\u00e7\u00e3o dial\u00f3gica entre universidade e diferentes setores da sociedade.<\/p><\/div>\n\t\t\t\t<\/div>\n\t\t\t\t\t\t\t\t<\/div>\n\t\t\t\t<\/div>\n\t\t\t\t<\/div>\n\t\t\t\t\t<\/div>\n\t\t<\/div>\n\t\t\t\t\t<\/div>\n\t\t<\/section>\n\t\t\t\t<\/div>\n\t\t","protected":false},"excerpt":{"rendered":"<p>Resgate do Acervo Audiovisual da TV Campus UFSM O N\u00facleo de TV Universit\u00e1ria da Coordenadoria de Comunica\u00e7\u00e3o Social da UFSM mant\u00e9m consider\u00e1vel acervo audiovisual, anal\u00f3gico e digital, fruto de registros de eventos ocorridos na institui\u00e7\u00e3o de 1995 a 2017. O tratamento t\u00e9cnico do acervo audiovisual produzido de acordo com as pol\u00edticas de preserva\u00e7\u00e3o e acesso [&hellip;]<\/p>\n","protected":false},"author":30,"featured_media":0,"parent":0,"menu_order":0,"comment_status":"closed","ping_status":"closed","template":"","meta":{"footnotes":""},"categories":[],"tags":[],"class_list":["post-3157","page","type-page","status-publish","hentry"],"acf":[],"_links":{"self":[{"href":"https:\/\/www.ufsm.br\/midias\/tvcampus\/wp-json\/wp\/v2\/pages\/3157","targetHints":{"allow":["GET"]}}],"collection":[{"href":"https:\/\/www.ufsm.br\/midias\/tvcampus\/wp-json\/wp\/v2\/pages"}],"about":[{"href":"https:\/\/www.ufsm.br\/midias\/tvcampus\/wp-json\/wp\/v2\/types\/page"}],"author":[{"embeddable":true,"href":"https:\/\/www.ufsm.br\/midias\/tvcampus\/wp-json\/wp\/v2\/users\/30"}],"replies":[{"embeddable":true,"href":"https:\/\/www.ufsm.br\/midias\/tvcampus\/wp-json\/wp\/v2\/comments?post=3157"}],"version-history":[{"count":0,"href":"https:\/\/www.ufsm.br\/midias\/tvcampus\/wp-json\/wp\/v2\/pages\/3157\/revisions"}],"wp:attachment":[{"href":"https:\/\/www.ufsm.br\/midias\/tvcampus\/wp-json\/wp\/v2\/media?parent=3157"}],"wp:term":[{"taxonomy":"category","embeddable":true,"href":"https:\/\/www.ufsm.br\/midias\/tvcampus\/wp-json\/wp\/v2\/categories?post=3157"},{"taxonomy":"post_tag","embeddable":true,"href":"https:\/\/www.ufsm.br\/midias\/tvcampus\/wp-json\/wp\/v2\/tags?post=3157"}],"curies":[{"name":"wp","href":"https:\/\/api.w.org\/{rel}","templated":true}]}}