{"id":639,"date":"2020-02-18T09:35:57","date_gmt":"2020-02-18T12:35:57","guid":{"rendered":"https:\/\/www.ufsm.br\/museus\/arte-ciencia-tecnologia\/?page_id=639"},"modified":"2021-08-20T10:37:45","modified_gmt":"2021-08-20T13:37:45","slug":"museu-interativo-mata-200-milhoes-de-anos-anna-barros","status":"publish","type":"page","link":"https:\/\/www.ufsm.br\/museus\/arte-ciencia-tecnologia\/museu-interativo-mata-200-milhoes-de-anos-anna-barros","title":{"rendered":"Museu Interativo | Mata 200 milh\u00f5es de anos ANNA BARROS"},"content":{"rendered":"\t\t<div data-elementor-type=\"wp-page\" data-elementor-id=\"639\" class=\"elementor elementor-639\">\n\t\t\t\t\t\t<section class=\"elementor-section elementor-top-section elementor-element elementor-element-58d13ef elementor-section-boxed elementor-section-height-default elementor-section-height-default\" data-id=\"58d13ef\" data-element_type=\"section\">\n\t\t\t\t\t\t<div class=\"elementor-container elementor-column-gap-default\">\n\t\t\t\t\t<div class=\"elementor-column elementor-col-100 elementor-top-column elementor-element elementor-element-5cc300d\" data-id=\"5cc300d\" data-element_type=\"column\">\n\t\t\t<div class=\"elementor-widget-wrap elementor-element-populated\">\n\t\t\t\t\t\t<div class=\"elementor-element elementor-element-65ac3f4 elementor-widget elementor-widget-image\" data-id=\"65ac3f4\" data-element_type=\"widget\" data-widget_type=\"image.default\">\n\t\t\t\t<div class=\"elementor-widget-container\">\n\t\t\t\t\t\t\t\t\t\t<figure class=\"wp-caption\">\n\t\t\t\t\t\t\t\t\t\t<img fetchpriority=\"high\" decoding=\"async\" width=\"1170\" height=\"308\" src=\"https:\/\/www.ufsm.br\/app\/uploads\/sites\/807\/2020\/02\/005_-_Imagem_AnnaBarros2.jpg\" class=\"attachment-full size-full wp-image-640\" alt=\"\" srcset=\"https:\/\/www.ufsm.br\/app\/uploads\/sites\/807\/2020\/02\/005_-_Imagem_AnnaBarros2.jpg 1170w, https:\/\/www.ufsm.br\/app\/uploads\/sites\/807\/2020\/02\/005_-_Imagem_AnnaBarros2-300x79.jpg 300w, https:\/\/www.ufsm.br\/app\/uploads\/sites\/807\/2020\/02\/005_-_Imagem_AnnaBarros2-1024x270.jpg 1024w, https:\/\/www.ufsm.br\/app\/uploads\/sites\/807\/2020\/02\/005_-_Imagem_AnnaBarros2-768x202.jpg 768w\" sizes=\"(max-width: 1170px) 100vw, 1170px\" \/>\t\t\t\t\t\t\t\t\t\t\t<figcaption class=\"widget-image-caption wp-caption-text\">Tecendo o tempo, Anna Barros. Detalhe da obra | Imagem Carlos Donaduzzi<\/figcaption>\n\t\t\t\t\t\t\t\t\t\t<\/figure>\n\t\t\t\t\t\t\t<\/div>\n\t\t\t\t<\/div>\n\t\t\t\t\t<\/div>\n\t\t<\/div>\n\t\t\t\t\t<\/div>\n\t\t<\/section>\n\t\t\t\t<section class=\"elementor-section elementor-top-section elementor-element elementor-element-8985964 elementor-section-boxed elementor-section-height-default elementor-section-height-default\" data-id=\"8985964\" data-element_type=\"section\">\n\t\t\t\t\t\t<div class=\"elementor-container elementor-column-gap-default\">\n\t\t\t\t\t<div class=\"elementor-column elementor-col-100 elementor-top-column elementor-element elementor-element-b3ba3de\" data-id=\"b3ba3de\" data-element_type=\"column\">\n\t\t\t<div class=\"elementor-widget-wrap elementor-element-populated\">\n\t\t\t\t\t\t<div class=\"elementor-element elementor-element-66c9334 elementor-widget elementor-widget-text-editor\" data-id=\"66c9334\" data-element_type=\"widget\" data-widget_type=\"text-editor.default\">\n\t\t\t\t<div class=\"elementor-widget-container\">\n\t\t\t\t\t\t\t<p>Esta \u00e9 a segunda exposi\u00e7\u00e3o resultante do trabalho iniciado em 2010, por um grupo de professores pesquisadores de cinco Programa de P\u00f3s-Gradua\u00e7\u00e3o da UFSM. Para a participa\u00e7\u00e3o na \u00e1rea das Artes foi convidada a Artista Visual Anna Barros, que desenvolveu pesquisa no campo da arte, ci\u00eancia e tecnologia, em torno da Cidade de pedra que j\u00e1 foi madeira, desde 2009. Anna apresenta uma po\u00e9tica particular quando associa com sensibilidade art\u00edstica, a madeira petrificada e os recursos tecnol\u00f3gicos de \u00faltima gera\u00e7\u00e3o, para produzir uma instala\u00e7\u00e3o multim\u00eddia interativa, visando aproximar na contemporaneidade arte &lt;&gt;p\u00fablico&lt;&gt;patrim\u00f4nio cultural. A curadoria da exposi\u00e7nao baseia-se nas abordagens interdisciplinares de cada uma das diferentes \u00e1reas, buscando integr\u00e1-las sob o eixo Mata, atrav\u00e9s de m\u00faltiplos acessos: constru\u00e7\u00e3o de conhecimento integrado, sensibiliza\u00e7\u00e3o visual, interatividade artistica, consci\u00eancia patrimonial e forma\u00e7\u00e3o cultural.<\/p>\t\t\t\t\t\t<\/div>\n\t\t\t\t<\/div>\n\t\t\t\t\t<\/div>\n\t\t<\/div>\n\t\t\t\t\t<\/div>\n\t\t<\/section>\n\t\t\t\t<section class=\"elementor-section elementor-top-section elementor-element elementor-element-85640fc elementor-section-boxed elementor-section-height-default elementor-section-height-default\" data-id=\"85640fc\" data-element_type=\"section\">\n\t\t\t\t\t\t<div class=\"elementor-container elementor-column-gap-default\">\n\t\t\t\t\t<div class=\"elementor-column elementor-col-100 elementor-top-column elementor-element elementor-element-e5067de\" data-id=\"e5067de\" data-element_type=\"column\">\n\t\t\t<div class=\"elementor-widget-wrap elementor-element-populated\">\n\t\t\t\t\t\t<div class=\"elementor-element elementor-element-445d246 elementor-widget elementor-widget-text-editor\" data-id=\"445d246\" data-element_type=\"widget\" data-widget_type=\"text-editor.default\">\n\t\t\t\t<div class=\"elementor-widget-container\">\n\t\t\t\t\t\t\t<div><strong>Curadoria<\/strong>:<\/div><div>Nara Cristina Santos<\/div><div>Maria Rosa Chitolina Schetinger<\/div><div>\u00a0<\/div><p>Exposi\u00e7\u00e3o realizada entre os dias 18 e 21 de outubro de 2011 na Sala Cl\u00e1udio Carriconde, no Centro de Artes e Letras &#8211; CAL da Universidade Federal de Santa Maria &#8211; UFSM, na cidade de Santa Maria &#8211; RS.<br \/>Evento integrado a programa\u00e7\u00e3o da Jornada Acad\u00eamica Integrada &#8211; JAI 2011.<\/p><p>\u00a0<\/p>\t\t\t\t\t\t<\/div>\n\t\t\t\t<\/div>\n\t\t\t\t\t<\/div>\n\t\t<\/div>\n\t\t\t\t\t<\/div>\n\t\t<\/section>\n\t\t\t\t<section class=\"elementor-section elementor-top-section elementor-element elementor-element-7305593 elementor-section-boxed elementor-section-height-default elementor-section-height-default\" data-id=\"7305593\" data-element_type=\"section\">\n\t\t\t\t\t\t<div class=\"elementor-container elementor-column-gap-default\">\n\t\t\t\t\t<div class=\"elementor-column elementor-col-50 elementor-top-column elementor-element elementor-element-600e1ad\" data-id=\"600e1ad\" data-element_type=\"column\">\n\t\t\t<div class=\"elementor-widget-wrap elementor-element-populated\">\n\t\t\t\t\t\t<div class=\"elementor-element elementor-element-33b882e elementor-widget elementor-widget-image\" data-id=\"33b882e\" data-element_type=\"widget\" data-widget_type=\"image.default\">\n\t\t\t\t<div class=\"elementor-widget-container\">\n\t\t\t\t\t\t\t\t\t\t\t\t\t<img decoding=\"async\" src=\"https:\/\/www.ufsm.br\/app\/uploads\/sites\/807\/elementor\/thumbs\/MuseuInterativo-Outubro-2011-F-olcke71o088k3hnym3c76un1zh5bcdm69j16ww68jw.jpg\" title=\"MuseuInterativo-Outubro-2011-F\" alt=\"MuseuInterativo-Outubro-2011-F\" loading=\"lazy\" \/>\t\t\t\t\t\t\t\t\t\t\t\t\t<\/div>\n\t\t\t\t<\/div>\n\t\t\t\t\t<\/div>\n\t\t<\/div>\n\t\t\t\t<div class=\"elementor-column elementor-col-50 elementor-top-column elementor-element elementor-element-0eb4603\" data-id=\"0eb4603\" data-element_type=\"column\">\n\t\t\t<div class=\"elementor-widget-wrap elementor-element-populated\">\n\t\t\t\t\t\t<div class=\"elementor-element elementor-element-e880508 elementor-widget elementor-widget-image\" data-id=\"e880508\" data-element_type=\"widget\" data-widget_type=\"image.default\">\n\t\t\t\t<div class=\"elementor-widget-container\">\n\t\t\t\t\t\t\t\t\t\t\t\t\t<img decoding=\"async\" src=\"https:\/\/www.ufsm.br\/app\/uploads\/sites\/807\/elementor\/thumbs\/MuseuInterativo-Junho-2011-V-olcke71o088k3hnym3c76un1zh5bcdm69j16ww68jw.jpg\" title=\"MuseuInterativo-Junho-2011-V\" alt=\"MuseuInterativo-Junho-2011-V\" loading=\"lazy\" \/>\t\t\t\t\t\t\t\t\t\t\t\t\t<\/div>\n\t\t\t\t<\/div>\n\t\t\t\t\t<\/div>\n\t\t<\/div>\n\t\t\t\t\t<\/div>\n\t\t<\/section>\n\t\t\t\t<\/div>\n\t\t","protected":false},"excerpt":{"rendered":"<p>Tecendo o tempo, Anna Barros. Detalhe da obra | Imagem Carlos Donaduzzi Esta \u00e9 a segunda exposi\u00e7\u00e3o resultante do trabalho iniciado em 2010, por um grupo de professores pesquisadores de cinco Programa de P\u00f3s-Gradua\u00e7\u00e3o da UFSM. Para a participa\u00e7\u00e3o na \u00e1rea das Artes foi convidada a Artista Visual Anna Barros, que desenvolveu pesquisa no campo [&hellip;]<\/p>\n","protected":false},"author":1884,"featured_media":0,"parent":0,"menu_order":0,"comment_status":"closed","ping_status":"closed","template":"","meta":{"footnotes":""},"categories":[],"tags":[],"class_list":["post-639","page","type-page","status-publish","hentry"],"acf":[],"_links":{"self":[{"href":"https:\/\/www.ufsm.br\/museus\/arte-ciencia-tecnologia\/wp-json\/wp\/v2\/pages\/639","targetHints":{"allow":["GET"]}}],"collection":[{"href":"https:\/\/www.ufsm.br\/museus\/arte-ciencia-tecnologia\/wp-json\/wp\/v2\/pages"}],"about":[{"href":"https:\/\/www.ufsm.br\/museus\/arte-ciencia-tecnologia\/wp-json\/wp\/v2\/types\/page"}],"author":[{"embeddable":true,"href":"https:\/\/www.ufsm.br\/museus\/arte-ciencia-tecnologia\/wp-json\/wp\/v2\/users\/1884"}],"replies":[{"embeddable":true,"href":"https:\/\/www.ufsm.br\/museus\/arte-ciencia-tecnologia\/wp-json\/wp\/v2\/comments?post=639"}],"version-history":[{"count":0,"href":"https:\/\/www.ufsm.br\/museus\/arte-ciencia-tecnologia\/wp-json\/wp\/v2\/pages\/639\/revisions"}],"wp:attachment":[{"href":"https:\/\/www.ufsm.br\/museus\/arte-ciencia-tecnologia\/wp-json\/wp\/v2\/media?parent=639"}],"wp:term":[{"taxonomy":"category","embeddable":true,"href":"https:\/\/www.ufsm.br\/museus\/arte-ciencia-tecnologia\/wp-json\/wp\/v2\/categories?post=639"},{"taxonomy":"post_tag","embeddable":true,"href":"https:\/\/www.ufsm.br\/museus\/arte-ciencia-tecnologia\/wp-json\/wp\/v2\/tags?post=639"}],"curies":[{"name":"wp","href":"https:\/\/api.w.org\/{rel}","templated":true}]}}