{"id":643,"date":"2020-02-18T09:39:23","date_gmt":"2020-02-18T12:39:23","guid":{"rendered":"https:\/\/www.ufsm.br\/museus\/arte-ciencia-tecnologia\/?page_id=643"},"modified":"2021-08-20T10:37:59","modified_gmt":"2021-08-20T13:37:59","slug":"museu-interativo-arte-ciencia-tecnologia-e-patrimonio-cultural-mata-200-milhoes-de-anos","status":"publish","type":"page","link":"https:\/\/www.ufsm.br\/museus\/arte-ciencia-tecnologia\/museu-interativo-arte-ciencia-tecnologia-e-patrimonio-cultural-mata-200-milhoes-de-anos","title":{"rendered":"Museu Interativo Arte, Ci\u00eancia, Tecnologia e Patrim\u00f4nio Cultural | Mata &#8211; 200 milh\u00f5es de anos"},"content":{"rendered":"\t\t<div data-elementor-type=\"wp-page\" data-elementor-id=\"643\" class=\"elementor elementor-643\">\n\t\t\t\t\t\t<section class=\"elementor-section elementor-top-section elementor-element elementor-element-3508ee9 elementor-section-boxed elementor-section-height-default elementor-section-height-default\" data-id=\"3508ee9\" data-element_type=\"section\">\n\t\t\t\t\t\t<div class=\"elementor-container elementor-column-gap-default\">\n\t\t\t\t\t<div class=\"elementor-column elementor-col-100 elementor-top-column elementor-element elementor-element-b31bb22\" data-id=\"b31bb22\" data-element_type=\"column\">\n\t\t\t<div class=\"elementor-widget-wrap elementor-element-populated\">\n\t\t\t\t\t\t<div class=\"elementor-element elementor-element-7b7433f elementor-widget elementor-widget-image\" data-id=\"7b7433f\" data-element_type=\"widget\" data-widget_type=\"image.default\">\n\t\t\t\t<div class=\"elementor-widget-container\">\n\t\t\t\t\t\t\t\t\t\t<figure class=\"wp-caption\">\n\t\t\t\t\t\t\t\t\t\t<img fetchpriority=\"high\" decoding=\"async\" width=\"1170\" height=\"308\" src=\"https:\/\/www.ufsm.br\/app\/uploads\/sites\/807\/2020\/02\/004_-_Imagem_AnnaBarros1.jpg\" class=\"attachment-full size-full wp-image-644\" alt=\"\" srcset=\"https:\/\/www.ufsm.br\/app\/uploads\/sites\/807\/2020\/02\/004_-_Imagem_AnnaBarros1.jpg 1170w, https:\/\/www.ufsm.br\/app\/uploads\/sites\/807\/2020\/02\/004_-_Imagem_AnnaBarros1-300x79.jpg 300w, https:\/\/www.ufsm.br\/app\/uploads\/sites\/807\/2020\/02\/004_-_Imagem_AnnaBarros1-1024x270.jpg 1024w, https:\/\/www.ufsm.br\/app\/uploads\/sites\/807\/2020\/02\/004_-_Imagem_AnnaBarros1-768x202.jpg 768w\" sizes=\"(max-width: 1170px) 100vw, 1170px\" \/>\t\t\t\t\t\t\t\t\t\t\t<figcaption class=\"widget-image-caption wp-caption-text\">Mata - 200 milh\u00f5es de anos, Anna Barros. Detalhe da obra | Imagem Carlos Donaduzzi<\/figcaption>\n\t\t\t\t\t\t\t\t\t\t<\/figure>\n\t\t\t\t\t\t\t<\/div>\n\t\t\t\t<\/div>\n\t\t\t\t\t<\/div>\n\t\t<\/div>\n\t\t\t\t\t<\/div>\n\t\t<\/section>\n\t\t\t\t<section class=\"elementor-section elementor-top-section elementor-element elementor-element-5045859 elementor-section-boxed elementor-section-height-default elementor-section-height-default\" data-id=\"5045859\" data-element_type=\"section\">\n\t\t\t\t\t\t<div class=\"elementor-container elementor-column-gap-default\">\n\t\t\t\t\t<div class=\"elementor-column elementor-col-100 elementor-top-column elementor-element elementor-element-8e84ae4\" data-id=\"8e84ae4\" data-element_type=\"column\">\n\t\t\t<div class=\"elementor-widget-wrap elementor-element-populated\">\n\t\t\t\t\t\t<div class=\"elementor-element elementor-element-7f1ffae elementor-widget elementor-widget-text-editor\" data-id=\"7f1ffae\" data-element_type=\"widget\" data-widget_type=\"text-editor.default\">\n\t\t\t\t<div class=\"elementor-widget-container\">\n\t\t\t\t\t\t\t<p>O Projeto Museu Interativo: Arte, Ci\u00eancia, Tecnologia e Patrim\u00f4nio Cultural \u00e9 resultado de um trabalho em conjunto iniciado em 2010 por um grupo de professores pesquisadores de cinco programa de P\u00f3s-Gradua\u00e7\u00e3o da UFSM, Artes Visuais, Ci\u00eancias Sociais, Educa\u00e7\u00e3o em Ci\u00eancias, Inform\u00e1tica e Patrim\u00f4nio Cultural, dois professores e dois alunos bolsistas do curso de Arquitetura e Urbanismo. A preten\u00e7\u00e3o inicial do grupo estava na busca por um espa\u00e7o adequado para a realiza\u00e7\u00e3o de atividades iterdisciplinares e interativas, atrav\u00e9s do ensino, pesquisa e extens\u00e3o, que pudesse aproximar e ampliar a rela\u00e7\u00e3o entre a universidade e a comunidade no campus da UFSM.<\/p>\t\t\t\t\t\t<\/div>\n\t\t\t\t<\/div>\n\t\t\t\t\t<\/div>\n\t\t<\/div>\n\t\t\t\t\t<\/div>\n\t\t<\/section>\n\t\t\t\t<section class=\"elementor-section elementor-top-section elementor-element elementor-element-b6f3176 elementor-section-boxed elementor-section-height-default elementor-section-height-default\" data-id=\"b6f3176\" data-element_type=\"section\">\n\t\t\t\t\t\t<div class=\"elementor-container elementor-column-gap-default\">\n\t\t\t\t\t<div class=\"elementor-column elementor-col-100 elementor-top-column elementor-element elementor-element-57afaf4\" data-id=\"57afaf4\" data-element_type=\"column\">\n\t\t\t<div class=\"elementor-widget-wrap elementor-element-populated\">\n\t\t\t\t\t\t<div class=\"elementor-element elementor-element-de3b0e1 elementor-widget elementor-widget-text-editor\" data-id=\"de3b0e1\" data-element_type=\"widget\" data-widget_type=\"text-editor.default\">\n\t\t\t\t<div class=\"elementor-widget-container\">\n\t\t\t\t\t\t\t<h5><strong>Programas de P\u00f3s-Gradua\u00e7\u00e3o<\/strong><\/h5><div>Artes Visuais\/PPGART &#8211; Prof.\u00aa Dr.\u00aa Nara Cristina Santos<\/div><div>Ci\u00eancias Sociais\/PPGCS &#8211; Prof.\u00aa Dr.\u00aa Maria Catarina Zanini<\/div><div>Educa\u00e7\u00e3o em Ci\u00eancias &#8211; Prof\u00aa Dr\u00aa Maria Rosa Chitolina Schetinger e Prof. Dr. Jo\u00e3o Batista Teixeira da Rocha<\/div><div>Inform\u00e1tica\/PPGI &#8211; Prof. Dr. Marcos Cordeiro D`Ornellas e Prof. Dr. Cesar Tadeu Pozzer<\/div><div>Patrim\u00f3nio Cultural\/PPGPPC &#8211; Prof.\u00aa Dr.\u00aa Denise Saad e Prof. Dr. Carlos Blaya<\/div><div>Gradua\u00e7\u00e3o em Arquitetura e Urbanismo &#8211; Prof.\u00aa Ms. Lucienne Limberger e Arquiteto Alessandro Diesel, bolsistas Bruno Pozzobom e Tatiana Benetti<\/div><div>\u00a0<\/div><div>\u00a0<\/div>\t\t\t\t\t\t<\/div>\n\t\t\t\t<\/div>\n\t\t\t\t\t<\/div>\n\t\t<\/div>\n\t\t\t\t\t<\/div>\n\t\t<\/section>\n\t\t\t\t<section class=\"elementor-section elementor-top-section elementor-element elementor-element-f1c3928 elementor-section-boxed elementor-section-height-default elementor-section-height-default\" data-id=\"f1c3928\" data-element_type=\"section\">\n\t\t\t\t\t\t<div class=\"elementor-container elementor-column-gap-default\">\n\t\t\t\t\t<div class=\"elementor-column elementor-col-100 elementor-top-column elementor-element elementor-element-5118578\" data-id=\"5118578\" data-element_type=\"column\">\n\t\t\t<div class=\"elementor-widget-wrap elementor-element-populated\">\n\t\t\t\t\t\t<div class=\"elementor-element elementor-element-6a1145d elementor-widget elementor-widget-text-editor\" data-id=\"6a1145d\" data-element_type=\"widget\" data-widget_type=\"text-editor.default\">\n\t\t\t\t<div class=\"elementor-widget-container\">\n\t\t\t\t\t\t\t<div><strong>Organiza\u00e7\u00e3o da Exposi\u00e7\u00e3o<\/strong><\/div><div><strong>PPGART<\/strong>\u00a0&#8211;\u00a0Prof.\u00aa Dr.\u00aa Nara Cristina Santos<\/div><div>Equipe de apoio: Dani Quiroga, D\u00e9bora Gasparetto, Manoela Varez, Andrea Capssa, Camila Zappe, Fl\u00e1via Jappe, Giovana Casimiro e Marcos Souto.<\/div><div>Fotografia: Prof. Ms. Paulo Kuhlmann, Prof.\u00aa Dr.\u00aa Raquel Fonseca, Anelise Witt, Luciana Swarovsky e Carlos Donaduzzi.<\/div><div>Projeto gr\u00e1fico: Henrique Telles Neto<\/div><div>Labart\/CAL &#8211; Grupo de Pesquisa Arte e Tecnologia\/CNPq<\/div><div><strong>PPGCS<\/strong>\u00a0&#8211; Prof.\u00aa Dr.\u00aa Maria Catarina Zanini<\/div><div>V\u00eddeo: Cristiano Monteiro<\/div><div>NECON\/CCSH &#8211; Grupo de estudos contempor\u00e2neos\/CNPq<\/div><div><strong>PPGECQV<\/strong>\u00a0&#8211; \u00a0Prof\u00aa Dr\u00aa Maria Rosa Chitolina Schetinger<\/div><div>Equipe de apoio: Luciane Pereira e Raquel Ruppenthal<\/div><div>ENZITOX\/CCNE &#8211; Grupo de Pesquisa Enzimologia Toxicol\u00f3gica e Neuroqu\u00edmica\/CNPq<\/div><div>\u00a0<\/div><div><div><div><strong>Colaboradores<\/strong>: Prof.\u00aa Dr.\u00aa Andr\u00e9ia Oliveira\/PPGART e J\u00falio Costa\/UFRGS<\/div><div>\u00a0<\/div><div><strong>Curadoria<\/strong>:<\/div><div>Prof.\u00aa Dr.\u00aa Nara Cristina Santos<\/div><div>Prof\u00aa Dr\u00aa Maria Rosa Chitolina Schetinger<\/div><p>Exposi\u00e7\u00e3o realizada entre os dias 02 e 30 de junho de 2011 no Museu de Arte de Santa Maria &#8211; MASM, na cidade de Santa Maria &#8211; RS.<\/p><\/div><div>\u00a0<\/div><\/div><div>\u00a0<\/div>\t\t\t\t\t\t<\/div>\n\t\t\t\t<\/div>\n\t\t\t\t\t<\/div>\n\t\t<\/div>\n\t\t\t\t\t<\/div>\n\t\t<\/section>\n\t\t\t\t<section class=\"elementor-section elementor-top-section elementor-element elementor-element-7246df2 elementor-section-boxed elementor-section-height-default elementor-section-height-default\" data-id=\"7246df2\" data-element_type=\"section\">\n\t\t\t\t\t\t<div class=\"elementor-container elementor-column-gap-default\">\n\t\t\t\t\t<div class=\"elementor-column elementor-col-50 elementor-top-column elementor-element elementor-element-7865872\" data-id=\"7865872\" data-element_type=\"column\">\n\t\t\t<div class=\"elementor-widget-wrap elementor-element-populated\">\n\t\t\t\t\t\t<div class=\"elementor-element elementor-element-9487cd5 elementor-widget elementor-widget-image\" data-id=\"9487cd5\" data-element_type=\"widget\" data-widget_type=\"image.default\">\n\t\t\t\t<div class=\"elementor-widget-container\">\n\t\t\t\t\t\t\t\t\t\t\t\t\t<img decoding=\"async\" src=\"https:\/\/www.ufsm.br\/app\/uploads\/sites\/807\/elementor\/thumbs\/MuseuInterativo-Junho-2011-F-olcknb3c9epmnefgej4zv1uxay8eyqshumpnegnu8c.jpg\" title=\"MuseuInterativo-Junho-2011-F\" alt=\"MuseuInterativo-Junho-2011-F\" loading=\"lazy\" \/>\t\t\t\t\t\t\t\t\t\t\t\t\t<\/div>\n\t\t\t\t<\/div>\n\t\t\t\t\t<\/div>\n\t\t<\/div>\n\t\t\t\t<div class=\"elementor-column elementor-col-50 elementor-top-column elementor-element elementor-element-b998a36\" data-id=\"b998a36\" data-element_type=\"column\">\n\t\t\t<div class=\"elementor-widget-wrap elementor-element-populated\">\n\t\t\t\t\t\t<div class=\"elementor-element elementor-element-edae120 elementor-widget elementor-widget-image\" data-id=\"edae120\" data-element_type=\"widget\" data-widget_type=\"image.default\">\n\t\t\t\t<div class=\"elementor-widget-container\">\n\t\t\t\t\t\t\t\t\t\t\t\t\t<img decoding=\"async\" src=\"https:\/\/www.ufsm.br\/app\/uploads\/sites\/807\/elementor\/thumbs\/MuseuInterativo-Junho-2011-V-1-olckna5i2kocbsgtk0qdak3gpkd1r1orii25x6p8ek.jpg\" title=\"MuseuInterativo-Junho-2011-V (1)\" alt=\"MuseuInterativo-Junho-2011-V (1)\" loading=\"lazy\" \/>\t\t\t\t\t\t\t\t\t\t\t\t\t<\/div>\n\t\t\t\t<\/div>\n\t\t\t\t\t<\/div>\n\t\t<\/div>\n\t\t\t\t\t<\/div>\n\t\t<\/section>\n\t\t\t\t<section class=\"elementor-section elementor-top-section elementor-element elementor-element-caade73 elementor-section-boxed elementor-section-height-default elementor-section-height-default\" data-id=\"caade73\" data-element_type=\"section\">\n\t\t\t\t\t\t<div class=\"elementor-container elementor-column-gap-default\">\n\t\t\t\t\t<div class=\"elementor-column elementor-col-50 elementor-top-column elementor-element elementor-element-06972d5\" data-id=\"06972d5\" data-element_type=\"column\">\n\t\t\t<div class=\"elementor-widget-wrap elementor-element-populated\">\n\t\t\t\t\t\t<div class=\"elementor-element elementor-element-6c0a996 elementor-widget elementor-widget-image\" data-id=\"6c0a996\" data-element_type=\"widget\" data-widget_type=\"image.default\">\n\t\t\t\t<div class=\"elementor-widget-container\">\n\t\t\t\t\t\t\t\t\t\t\t\t\t<img decoding=\"async\" src=\"https:\/\/www.ufsm.br\/app\/uploads\/sites\/807\/elementor\/thumbs\/Mata-200-milhoes-de-anos_A-scaled-olckpeag22vxy8rnqioft14xf7sl0ysyrfpwqi637c.jpg\" title=\"SONY DSC\" alt=\"SONY DSC\" loading=\"lazy\" \/>\t\t\t\t\t\t\t\t\t\t\t\t\t<\/div>\n\t\t\t\t<\/div>\n\t\t\t\t\t<\/div>\n\t\t<\/div>\n\t\t\t\t<div class=\"elementor-column elementor-col-50 elementor-top-column elementor-element elementor-element-fbb2fa6\" data-id=\"fbb2fa6\" data-element_type=\"column\">\n\t\t\t<div class=\"elementor-widget-wrap elementor-element-populated\">\n\t\t\t\t\t\t<div class=\"elementor-element elementor-element-4257782 elementor-widget elementor-widget-image\" data-id=\"4257782\" data-element_type=\"widget\" data-widget_type=\"image.default\">\n\t\t\t\t<div class=\"elementor-widget-container\">\n\t\t\t\t\t\t\t\t\t\t\t\t\t<img decoding=\"async\" src=\"https:\/\/www.ufsm.br\/app\/uploads\/sites\/807\/elementor\/thumbs\/Mata-200-milhoes-de-anos_B-olckr59mrza5k486irwfy38t8166coqzc3ffw1kpmg.jpg\" title=\"SONY DSC\" alt=\"SONY DSC\" loading=\"lazy\" \/>\t\t\t\t\t\t\t\t\t\t\t\t\t<\/div>\n\t\t\t\t<\/div>\n\t\t\t\t\t<\/div>\n\t\t<\/div>\n\t\t\t\t\t<\/div>\n\t\t<\/section>\n\t\t\t\t<section class=\"elementor-section elementor-top-section elementor-element elementor-element-c756155 elementor-section-boxed elementor-section-height-default elementor-section-height-default\" data-id=\"c756155\" data-element_type=\"section\">\n\t\t\t\t\t\t<div class=\"elementor-container elementor-column-gap-default\">\n\t\t\t\t\t<div class=\"elementor-column elementor-col-50 elementor-top-column elementor-element elementor-element-d27c217\" data-id=\"d27c217\" data-element_type=\"column\">\n\t\t\t<div class=\"elementor-widget-wrap elementor-element-populated\">\n\t\t\t\t\t\t<div class=\"elementor-element elementor-element-dccd8ac elementor-widget elementor-widget-image\" data-id=\"dccd8ac\" data-element_type=\"widget\" data-widget_type=\"image.default\">\n\t\t\t\t<div class=\"elementor-widget-container\">\n\t\t\t\t\t\t\t\t\t\t\t\t\t<img decoding=\"async\" src=\"https:\/\/www.ufsm.br\/app\/uploads\/sites\/807\/elementor\/thumbs\/Mata-200-milhoes-de-anos_imagems-Carlos-Donaduzzi-A-olcksud547lsirrfm0b6y5tru2t190hj8hu03124e0.jpg\" title=\"Mata-200-milhoes-de-anos_imagems-Carlos-Donaduzzi-A\" alt=\"Mata-200-milhoes-de-anos_imagems-Carlos-Donaduzzi-A\" loading=\"lazy\" \/>\t\t\t\t\t\t\t\t\t\t\t\t\t<\/div>\n\t\t\t\t<\/div>\n\t\t\t\t\t<\/div>\n\t\t<\/div>\n\t\t\t\t<div class=\"elementor-column elementor-col-50 elementor-top-column elementor-element elementor-element-da7bed9\" data-id=\"da7bed9\" data-element_type=\"column\">\n\t\t\t<div class=\"elementor-widget-wrap elementor-element-populated\">\n\t\t\t\t\t\t<div class=\"elementor-element elementor-element-7c37f4c elementor-widget elementor-widget-image\" data-id=\"7c37f4c\" data-element_type=\"widget\" data-widget_type=\"image.default\">\n\t\t\t\t<div class=\"elementor-widget-container\">\n\t\t\t\t\t\t\t\t\t\t\t\t\t<img decoding=\"async\" width=\"200\" height=\"300\" src=\"https:\/\/www.ufsm.br\/app\/uploads\/sites\/807\/2020\/02\/Mata-200-milhoes-de-anos_imagems-Carlos-Donaduzzi-B-200x300.jpg\" class=\"attachment-medium size-medium wp-image-650\" alt=\"\" srcset=\"https:\/\/www.ufsm.br\/app\/uploads\/sites\/807\/2020\/02\/Mata-200-milhoes-de-anos_imagems-Carlos-Donaduzzi-B-200x300.jpg 200w, https:\/\/www.ufsm.br\/app\/uploads\/sites\/807\/2020\/02\/Mata-200-milhoes-de-anos_imagems-Carlos-Donaduzzi-B.jpg 600w\" sizes=\"(max-width: 200px) 100vw, 200px\" \/>\t\t\t\t\t\t\t\t\t\t\t\t\t<\/div>\n\t\t\t\t<\/div>\n\t\t\t\t\t<\/div>\n\t\t<\/div>\n\t\t\t\t\t<\/div>\n\t\t<\/section>\n\t\t\t\t<\/div>\n\t\t","protected":false},"excerpt":{"rendered":"<p>Mata &#8211; 200 milh\u00f5es de anos, Anna Barros. Detalhe da obra | Imagem Carlos Donaduzzi O Projeto Museu Interativo: Arte, Ci\u00eancia, Tecnologia e Patrim\u00f4nio Cultural \u00e9 resultado de um trabalho em conjunto iniciado em 2010 por um grupo de professores pesquisadores de cinco programa de P\u00f3s-Gradua\u00e7\u00e3o da UFSM, Artes Visuais, Ci\u00eancias Sociais, Educa\u00e7\u00e3o em Ci\u00eancias, [&hellip;]<\/p>\n","protected":false},"author":1884,"featured_media":0,"parent":0,"menu_order":0,"comment_status":"closed","ping_status":"closed","template":"","meta":{"footnotes":""},"categories":[],"tags":[],"class_list":["post-643","page","type-page","status-publish","hentry"],"acf":[],"_links":{"self":[{"href":"https:\/\/www.ufsm.br\/museus\/arte-ciencia-tecnologia\/wp-json\/wp\/v2\/pages\/643","targetHints":{"allow":["GET"]}}],"collection":[{"href":"https:\/\/www.ufsm.br\/museus\/arte-ciencia-tecnologia\/wp-json\/wp\/v2\/pages"}],"about":[{"href":"https:\/\/www.ufsm.br\/museus\/arte-ciencia-tecnologia\/wp-json\/wp\/v2\/types\/page"}],"author":[{"embeddable":true,"href":"https:\/\/www.ufsm.br\/museus\/arte-ciencia-tecnologia\/wp-json\/wp\/v2\/users\/1884"}],"replies":[{"embeddable":true,"href":"https:\/\/www.ufsm.br\/museus\/arte-ciencia-tecnologia\/wp-json\/wp\/v2\/comments?post=643"}],"version-history":[{"count":0,"href":"https:\/\/www.ufsm.br\/museus\/arte-ciencia-tecnologia\/wp-json\/wp\/v2\/pages\/643\/revisions"}],"wp:attachment":[{"href":"https:\/\/www.ufsm.br\/museus\/arte-ciencia-tecnologia\/wp-json\/wp\/v2\/media?parent=643"}],"wp:term":[{"taxonomy":"category","embeddable":true,"href":"https:\/\/www.ufsm.br\/museus\/arte-ciencia-tecnologia\/wp-json\/wp\/v2\/categories?post=643"},{"taxonomy":"post_tag","embeddable":true,"href":"https:\/\/www.ufsm.br\/museus\/arte-ciencia-tecnologia\/wp-json\/wp\/v2\/tags?post=643"}],"curies":[{"name":"wp","href":"https:\/\/api.w.org\/{rel}","templated":true}]}}