{"id":671,"date":"2020-09-11T11:17:49","date_gmt":"2020-09-11T14:17:49","guid":{"rendered":"https:\/\/www.ufsm.br\/museus\/arte-ciencia-tecnologia\/?page_id=671"},"modified":"2021-08-18T15:35:17","modified_gmt":"2021-08-18T18:35:17","slug":"factors-7-0","status":"publish","type":"page","link":"https:\/\/www.ufsm.br\/museus\/arte-ciencia-tecnologia\/factors-7-0","title":{"rendered":"\u00c1gua e Sustentabilidade"},"content":{"rendered":"\t\t<div data-elementor-type=\"wp-page\" data-elementor-id=\"671\" class=\"elementor elementor-671\">\n\t\t\t\t\t\t<section class=\"elementor-section elementor-top-section elementor-element elementor-element-9da0e84 elementor-section-boxed elementor-section-height-default elementor-section-height-default\" data-id=\"9da0e84\" data-element_type=\"section\">\n\t\t\t\t\t\t<div class=\"elementor-container elementor-column-gap-default\">\n\t\t\t\t\t<div class=\"elementor-column elementor-col-100 elementor-top-column elementor-element elementor-element-17860ee\" data-id=\"17860ee\" data-element_type=\"column\">\n\t\t\t<div class=\"elementor-widget-wrap elementor-element-populated\">\n\t\t\t\t\t\t<div class=\"elementor-element elementor-element-1678993 elementor-widget elementor-widget-image\" data-id=\"1678993\" data-element_type=\"widget\" data-widget_type=\"image.default\">\n\t\t\t\t<div class=\"elementor-widget-container\">\n\t\t\t\t\t\t\t\t\t\t\t\t\t<img decoding=\"async\" src=\"https:\/\/www.ufsm.br\/app\/uploads\/sites\/807\/elementor\/thumbs\/07FACT2020_FlyerC-727x1024-1-ovb87u3i9gubx0ge4h6limatjxobq0xn7fo3xo8iho.jpg\" title=\"07FACT2020_FlyerC-727&#215;1024\" alt=\"07FACT2020_FlyerC-727x1024\" loading=\"lazy\" \/>\t\t\t\t\t\t\t\t\t\t\t\t\t<\/div>\n\t\t\t\t<\/div>\n\t\t\t\t\t<\/div>\n\t\t<\/div>\n\t\t\t\t\t<\/div>\n\t\t<\/section>\n\t\t\t\t<section class=\"elementor-section elementor-top-section elementor-element elementor-element-4aecb9c elementor-section-boxed elementor-section-height-default elementor-section-height-default\" data-id=\"4aecb9c\" data-element_type=\"section\">\n\t\t\t\t\t\t<div class=\"elementor-container elementor-column-gap-default\">\n\t\t\t\t\t<div class=\"elementor-column elementor-col-100 elementor-top-column elementor-element elementor-element-cc3ec0f\" data-id=\"cc3ec0f\" data-element_type=\"column\">\n\t\t\t<div class=\"elementor-widget-wrap elementor-element-populated\">\n\t\t\t\t\t\t<div class=\"elementor-element elementor-element-47c2fd8 elementor-widget elementor-widget-text-editor\" data-id=\"47c2fd8\" data-element_type=\"widget\" data-widget_type=\"text-editor.default\">\n\t\t\t\t<div class=\"elementor-widget-container\">\n\t\t\t\t\t\t\t<p>A <b>A\u00e7\u00e3o \u00c1gua e Sustentabilidade<\/b>\u00a0est\u00e1 integrada ao\u00a0<strong>Festival de Arte, Ci\u00eancia e Tecnologia <\/strong>em sua s\u00e9tima edi\u00e7\u00e3o, neste ano os artistas convidados que participaram da mostra s\u00e3o: Alejandra Isler, Alessandra Bochio e Felipe Castellani, Camila Zappe, cAt, Fernando Codevilla, Hugo Fortes, Karla Brunet, Laura Zingariello, Lucas Gervilla.<\/p><p>O Festival acontece de 18 a 28 de Agosto de 2020, online nas redes sociais do LABART, Cento de Artes e Letras, CAL \u2013 Pr\u00e9dio 40, UFSM.<\/p>\t\t\t\t\t\t<\/div>\n\t\t\t\t<\/div>\n\t\t\t\t\t<\/div>\n\t\t<\/div>\n\t\t\t\t\t<\/div>\n\t\t<\/section>\n\t\t\t\t<section class=\"elementor-section elementor-top-section elementor-element elementor-element-4c325ec elementor-section-boxed elementor-section-height-default elementor-section-height-default\" data-id=\"4c325ec\" data-element_type=\"section\">\n\t\t\t\t\t\t<div class=\"elementor-container elementor-column-gap-default\">\n\t\t\t\t\t<div class=\"elementor-column elementor-col-100 elementor-top-column elementor-element elementor-element-ca7f6c7\" data-id=\"ca7f6c7\" data-element_type=\"column\">\n\t\t\t<div class=\"elementor-widget-wrap elementor-element-populated\">\n\t\t\t\t\t\t<div class=\"elementor-element elementor-element-bc02167 elementor-widget elementor-widget-heading\" data-id=\"bc02167\" data-element_type=\"widget\" data-widget_type=\"heading.default\">\n\t\t\t\t<div class=\"elementor-widget-container\">\n\t\t\t<h5 class=\"elementor-heading-title elementor-size-default\">FACTORS 7.0 - \u00c1gua e Sustentabilidade<\/h5>\t\t<\/div>\n\t\t\t\t<\/div>\n\t\t\t\t\t<\/div>\n\t\t<\/div>\n\t\t\t\t\t<\/div>\n\t\t<\/section>\n\t\t\t\t<section class=\"elementor-section elementor-top-section elementor-element elementor-element-7a5b6e1 elementor-section-boxed elementor-section-height-default elementor-section-height-default\" data-id=\"7a5b6e1\" data-element_type=\"section\">\n\t\t\t\t\t\t<div class=\"elementor-container elementor-column-gap-default\">\n\t\t\t\t\t<div class=\"elementor-column elementor-col-100 elementor-top-column elementor-element elementor-element-39fae9f\" data-id=\"39fae9f\" data-element_type=\"column\">\n\t\t\t<div class=\"elementor-widget-wrap elementor-element-populated\">\n\t\t\t\t\t\t<div class=\"elementor-element elementor-element-25bd28c elementor-widget elementor-widget-text-editor\" data-id=\"25bd28c\" data-element_type=\"widget\" data-widget_type=\"text-editor.default\">\n\t\t\t\t<div class=\"elementor-widget-container\">\n\t\t\t\t\t\t\t<p style=\"text-align: justify\">Os artistas convidados para o <strong>FACTORS 7.0<\/strong> compartilham em suas po\u00e9ticas a \u00e1gua e a sustentabilidade como conceitos espec\u00edficos de um argumento curatorial fundado na transdisciplinaridade entre arte, ci\u00eancia e tecnologia. A \u00e1gua, abundante e limpa, deve ser preservada por meio de a\u00e7\u00f5es sustent\u00e1veis, pensadas al\u00e9m de fronteiras, de inst\u00e2ncias p\u00fablicas e privadas, ou da ideia de na\u00e7\u00e3o e indiv\u00edduo. Preservar pressup\u00f5e uma a\u00e7\u00e3o conjunta e respons\u00e1vel aliada a uma atua\u00e7\u00e3o particular consciente e \u00e9tica, na e para com a natureza. Nesse sentido, todos os artistas, cada um \u00e0 sua maneira, tanto literal e direta, quanto transversal e insinuada, discutem o tema em suas obras e se aproximam da Agenda 2030 da ONU para pol\u00edticas sustent\u00e1veis, nos objetivos 4-Educa\u00e7\u00e3o de qualidade, 6-\u00c1gua pot\u00e1vel e saneamento, 12-Consumo e produ\u00e7\u00e3o respons\u00e1veis e 14-Vida na \u00e1gua. Iniciamos com a obra \u201cHorizontes de sal\u201d, de <strong>Alejandra Isler<\/strong>. Uma linha de cristais e um v\u00eddeo projetado sobre ela, com part\u00edculas de sal e a palavra SAL, parecem movidos pelo vento na instala\u00e7\u00e3o. A obra compartilha a experi\u00eancia in loco no deserto de sal e reconfigura a concep\u00e7\u00e3o de horizonte, tanto no uso do material e do virtual para associar natureza e arte, quanto na paisagem revelada como cen\u00e1rio da atua\u00e7\u00e3o humana. Sustent\u00e1vel (ou predadora), a intera\u00e7\u00e3o entre o homem e o meio ambiente pode ser evidenciada no olhar t\u00e1til que a obra instala. Em \u201cTransdu\u00e7\u00f5es # 9\u201d, \u00e1gua, corpos e tecnologia interagem nesta instigante performance audiovisual de <strong>Alessandra Bochio<\/strong> e <strong>Felipe Castellani<\/strong>, entre c\u00e2meras obsoletas e alto falantes. A condutividade da \u00e1gua transporta os sinais el\u00e9tricos e sonoros pelo ambiente que geram um percurso improvisado no tempo, como parte do ato po\u00e9tico. Por outro lado, conduzem a atua\u00e7\u00e3o perform\u00e1tica no espa\u00e7o a reagir \u00e0s intera\u00e7\u00f5es provocadas. Nesta obra, os artistas experimentam os limites de um fr\u00e1gil dom\u00ednio entre \u00e1gua e energia, perigo e controle. No v\u00eddeo \u201cIlhados\u201d, de <strong>Camila Zappe<\/strong>, as gotas de d\u2019\u00e1gua despertam o imagin\u00e1rio po\u00e9tico e, como uma lente l\u00edquida, permitem vislumbrar o mundo externo atrav\u00e9s de janelas e horizontes particulares. Mas ao indicar o dia a dia do isolamento social com a pandemia, \u201cIlhados\u201d tamb\u00e9m revela pontos de vista emergentes. Sejam das situa\u00e7\u00f5es artificiais geradas no momento de tens\u00e3o entre a circularidade sem fim da cena ou da pr\u00f3pria obra cujas imagens, em v\u00f3rtice, convergem para um fluxo, sem sa\u00edda. \u201cSopro\u201d e \u201cToque\u201d, do <strong>Grupo cAt<\/strong>, configuram-se como objeto e instala\u00e7\u00e3o de um sistema po\u00e9tico interativo, em que a \u00e1gua, o elemento primordial da vida, revela, na transpar\u00eancia, a sutileza entre o som e o sil\u00eancio, o movimento e o repouso. As obras, seja para gerar energia, por meio de tecnologias simples como cata-ventos ou sensores t\u00e1teis, seja para chamar aten\u00e7\u00e3o de fontes de energia limpa na intera\u00e7\u00e3o com o p\u00fablico, discutem a sustentabilidade energ\u00e9tica, tamb\u00e9m na Arte. Em \u201cOndear\u201d, de <strong>Fernando Codevilla<\/strong>, a din\u00e2mica repetida dos pingos de chuva define, na superf\u00edcie da \u00e1gua, um ritmo visual e sonoro contrastante. De estranhamento, tanto pela colora\u00e7\u00e3o met\u00e1lica que \u00e0s vezes a imagem assume, quanto pelas ondas que parecem gerar energia ac\u00fastica; ou de familiaridade, seja no som da chuva na \u00e1gua, ou no movimento conc\u00eantrico dos pingos. O v\u00eddeo explora com sensibilidade a fluidez de um fen\u00f4meno natural para propor padr\u00f5es audiovisuais inusitados. O v\u00eddeo \u201cAmaz\u00f4nia Insomnia\u201d, de <strong>Hugo Fortes<\/strong>, revela paisagens de efeitos quase caleidosc\u00f3picos, com rebatimentos, sobreposi\u00e7\u00f5es, reflexos e transpar\u00eancias de imagens dos rios e da floresta amaz\u00f4nica. Neste cen\u00e1rio po\u00e9tico, a sonoridade suave, repetida e marcante, gera um convite \u00e0 contempla\u00e7\u00e3o ativa de um imagin\u00e1rio, tanto na intensidade do movimento espelhado das \u00e1guas, quanto na pulsa\u00e7\u00e3o de uma energia que emana das for\u00e7as da natureza, evocando uma sensibilidade ancestral. Um convite \u00e0 preserva\u00e7\u00e3o das culturas nativas. Em \u201cFronteiras Fluidas\u201d, a \u00e1gua, um mapa e tr\u00eas fronteiras definem a experi\u00eancia da nata\u00e7\u00e3o selvagem realizada por <strong>Karla Brunet<\/strong>, no lago Prespa, encontro entre Gr\u00e9cia, Alb\u00e2nia e Maced\u00f4nia do Norte. O v\u00eddeo revela imagens e sons que v\u00e3o desde a paisagem real, explorada no movimento do nado e do mergulho, at\u00e9 imagens po\u00e9ticas, manipuladas para enfatizar a \u00eaxtase do encontro em um territ\u00f3rio fluido. A linguagem videogr\u00e1fica marca, no tempo, esse momento intimista das rela\u00e7\u00f5es da artista e a natureza, do corpo e a \u00e1gua, como fronteiras l\u00edquidas. A instala\u00e7\u00e3o \u201cEstudos imagin\u00e1rios sobre seres poss\u00edveis\u201d, de <strong>Laura Zingariello<\/strong>, define um espa\u00e7o h\u00edbrido de componentes, org\u00e2nicos e inorg\u00e2nicos, encontrados e recolhidos pela artista para recriar um recife de corais. A obra traz uma cr\u00edtica contundente \u00e0 polui\u00e7\u00e3o nos oceanos, com materiais sint\u00e9ticos para estruturar os corais embranquecidos, e dispositivos low tech para luz e movimento artificiais. Nessa intera\u00e7\u00e3o entre os corais e meio ambiente da exposi\u00e7\u00e3o, o p\u00fablico contempla a degrada\u00e7\u00e3o de um ecossistema. Com \u201cPiletas\u201d, <strong>Lucas Gervilla<\/strong> traz em videoarte uma s\u00e9rie de interven\u00e7\u00f5es sonoras nas piscinas de Epecu\u00e9n, antes do rompimento de uma barragem e inunda\u00e7\u00e3o da cidade. Em um lapso espa\u00e7o-temporal, as \u201cPiletas\u201d, vazias e silenciosas, s\u00e3o preenchidas por uma sonoridade contagiante que invade todo o lugar. Tanto o plano panor\u00e2mico da paisagem destru\u00edda, quanto os detalhes das piscinas abandonadas, s\u00e3o acompanhados no percurso impactado e cr\u00edtico do olhar do artista. Cada um dos artistas compartilha nesta exposi\u00e7\u00e3o a \u00e1gua como elemento problematizador de uma pr\u00e1tica visual, sonora, t\u00e1til, audiovisual, digital, atrav\u00e9s de obras e projetos, para sensibilizar de modo po\u00e9tico e cr\u00edtico, pol\u00edtico e criativo, o p\u00fablico que visita a exposi\u00e7\u00e3o, este ano com exibi\u00e7\u00e3o online devido a pandemia de Covid-19. Uma tarefa dif\u00edcil para a curadoria, a expografia e a media\u00e7\u00e3o da s\u00e9tima edi\u00e7\u00e3o do Festival. Um desafio, como a mostra online no <a href=\"https:\/\/www.instagram.com\/labart.ufsm\/\" target=\"_blank\" rel=\"noopener\">Instagram<\/a>, <a href=\"https:\/\/pt-br.facebook.com\/labart1228\" target=\"_blank\" rel=\"noopener\">Facebook<\/a> e <a href=\"https:\/\/www.youtube.com\/channel\/UCw274rzHP9t7muJG9zAW_aw?view_as=subscriber\" target=\"_blank\" rel=\"noopener\">Youtube<\/a> do <a href=\"https:\/\/www.ufsm.br\/laboratorios\/labart\/\" target=\"_blank\" rel=\"noopener\">LABART<\/a>, que permite o acesso \u00e0 visualiza\u00e7\u00e3o das seis obras em v\u00eddeo, mas as demais somente como v\u00eddeo-documento. Sem d\u00favida, assistir as obras pelo IGTV do Instagram ou pelo Youtube, no celular ou no computador, n\u00e3o \u00e9 o mesmo que estar diante de grandes telas ou proje\u00e7\u00f5es no espa\u00e7o f\u00edsico de uma sala de exposi\u00e7\u00f5es. Entretanto, mesmo assim, conseguimos realizar o FACTORS 7.0, cuja experi\u00eancia online foi exitosa, sobretudo para pens\u00e1-la n\u00e3o como um fim, mas um meio de apoio para outras estrat\u00e9gias curatoriais e expogr\u00e1fica das pr\u00f3ximas mostras in loco. \u00c9 o que temos para 2020!<\/p><p>Curadoria: Nara Cristina Santos e Mariela Yeregui.<br \/>Assistente curatorial: Manoela Vares, Fl\u00e1via Queiroz e Alice Siqueira.<\/p>\t\t\t\t\t\t<\/div>\n\t\t\t\t<\/div>\n\t\t\t\t\t<\/div>\n\t\t<\/div>\n\t\t\t\t\t<\/div>\n\t\t<\/section>\n\t\t\t\t<section class=\"elementor-section elementor-top-section elementor-element elementor-element-e660472 elementor-section-boxed elementor-section-height-default elementor-section-height-default\" data-id=\"e660472\" data-element_type=\"section\">\n\t\t\t\t\t\t<div class=\"elementor-container elementor-column-gap-default\">\n\t\t\t\t\t<div class=\"elementor-column elementor-col-100 elementor-top-column elementor-element elementor-element-b566f39\" data-id=\"b566f39\" data-element_type=\"column\">\n\t\t\t<div class=\"elementor-widget-wrap elementor-element-populated\">\n\t\t\t\t\t\t<div class=\"elementor-element elementor-element-330e9ac elementor-widget elementor-widget-image\" data-id=\"330e9ac\" data-element_type=\"widget\" data-widget_type=\"image.default\">\n\t\t\t\t<div class=\"elementor-widget-container\">\n\t\t\t\t\t\t\t\t\t\t\t\t\t<img decoding=\"async\" src=\"https:\/\/www.ufsm.br\/app\/uploads\/sites\/807\/elementor\/thumbs\/07FACT2020_PrtScr_Instagram-1-scaled-pbt4d5s7ty0z2pksf6yo17ikucoh0ybjs36780545c.jpg\" title=\"07FACT2020_PrtScr_Instagram\" alt=\"07FACT2020_PrtScr_Instagram\" loading=\"lazy\" \/>\t\t\t\t\t\t\t\t\t\t\t\t\t<\/div>\n\t\t\t\t<\/div>\n\t\t\t\t\t<\/div>\n\t\t<\/div>\n\t\t\t\t\t<\/div>\n\t\t<\/section>\n\t\t\t\t<section class=\"elementor-section elementor-top-section elementor-element elementor-element-c0a9508 elementor-section-boxed elementor-section-height-default elementor-section-height-default\" data-id=\"c0a9508\" data-element_type=\"section\">\n\t\t\t\t\t\t<div class=\"elementor-container elementor-column-gap-default\">\n\t\t\t\t\t<div class=\"elementor-column elementor-col-100 elementor-top-column elementor-element elementor-element-65ab41d\" data-id=\"65ab41d\" data-element_type=\"column\">\n\t\t\t<div class=\"elementor-widget-wrap elementor-element-populated\">\n\t\t\t\t\t\t<div class=\"elementor-element elementor-element-8f41c47 elementor-widget elementor-widget-text-editor\" data-id=\"8f41c47\" data-element_type=\"widget\" data-widget_type=\"text-editor.default\">\n\t\t\t\t<div class=\"elementor-widget-container\">\n\t\t\t\t\t\t\t<p>Imagens | LABART<\/p>\t\t\t\t\t\t<\/div>\n\t\t\t\t<\/div>\n\t\t\t\t\t<\/div>\n\t\t<\/div>\n\t\t\t\t\t<\/div>\n\t\t<\/section>\n\t\t\t\t<\/div>\n\t\t","protected":false},"excerpt":{"rendered":"<p>A A\u00e7\u00e3o \u00c1gua e Sustentabilidade\u00a0est\u00e1 integrada ao\u00a0Festival de Arte, Ci\u00eancia e Tecnologia em sua s\u00e9tima edi\u00e7\u00e3o, neste ano os artistas convidados que participaram da mostra s\u00e3o: Alejandra Isler, Alessandra Bochio e Felipe Castellani, Camila Zappe, cAt, Fernando Codevilla, Hugo Fortes, Karla Brunet, Laura Zingariello, Lucas Gervilla. O Festival acontece de 18 a 28 de Agosto [&hellip;]<\/p>\n","protected":false},"author":2551,"featured_media":0,"parent":0,"menu_order":0,"comment_status":"closed","ping_status":"closed","template":"","meta":{"footnotes":""},"categories":[],"tags":[],"class_list":["post-671","page","type-page","status-publish","hentry"],"acf":[],"_links":{"self":[{"href":"https:\/\/www.ufsm.br\/museus\/arte-ciencia-tecnologia\/wp-json\/wp\/v2\/pages\/671","targetHints":{"allow":["GET"]}}],"collection":[{"href":"https:\/\/www.ufsm.br\/museus\/arte-ciencia-tecnologia\/wp-json\/wp\/v2\/pages"}],"about":[{"href":"https:\/\/www.ufsm.br\/museus\/arte-ciencia-tecnologia\/wp-json\/wp\/v2\/types\/page"}],"author":[{"embeddable":true,"href":"https:\/\/www.ufsm.br\/museus\/arte-ciencia-tecnologia\/wp-json\/wp\/v2\/users\/2551"}],"replies":[{"embeddable":true,"href":"https:\/\/www.ufsm.br\/museus\/arte-ciencia-tecnologia\/wp-json\/wp\/v2\/comments?post=671"}],"version-history":[{"count":0,"href":"https:\/\/www.ufsm.br\/museus\/arte-ciencia-tecnologia\/wp-json\/wp\/v2\/pages\/671\/revisions"}],"wp:attachment":[{"href":"https:\/\/www.ufsm.br\/museus\/arte-ciencia-tecnologia\/wp-json\/wp\/v2\/media?parent=671"}],"wp:term":[{"taxonomy":"category","embeddable":true,"href":"https:\/\/www.ufsm.br\/museus\/arte-ciencia-tecnologia\/wp-json\/wp\/v2\/categories?post=671"},{"taxonomy":"post_tag","embeddable":true,"href":"https:\/\/www.ufsm.br\/museus\/arte-ciencia-tecnologia\/wp-json\/wp\/v2\/tags?post=671"}],"curies":[{"name":"wp","href":"https:\/\/api.w.org\/{rel}","templated":true}]}}