{"id":687,"date":"2022-07-13T13:04:40","date_gmt":"2022-07-13T16:04:40","guid":{"rendered":"https:\/\/www.ufsm.br\/museus\/arte-ciencia-tecnologia\/?page_id=687"},"modified":"2023-09-14T11:11:42","modified_gmt":"2023-09-14T14:11:42","slug":"incertezas","status":"publish","type":"page","link":"https:\/\/www.ufsm.br\/museus\/arte-ciencia-tecnologia\/incertezas","title":{"rendered":"Incertezas"},"content":{"rendered":"\t\t<div data-elementor-type=\"wp-page\" data-elementor-id=\"687\" class=\"elementor elementor-687\">\n\t\t\t\t\t\t<section class=\"elementor-section elementor-top-section elementor-element elementor-element-8297f35 elementor-section-boxed elementor-section-height-default elementor-section-height-default\" data-id=\"8297f35\" data-element_type=\"section\">\n\t\t\t\t\t\t<div class=\"elementor-container elementor-column-gap-default\">\n\t\t\t\t\t<div class=\"elementor-column elementor-col-100 elementor-top-column elementor-element elementor-element-3836996\" data-id=\"3836996\" data-element_type=\"column\">\n\t\t\t<div class=\"elementor-widget-wrap elementor-element-populated\">\n\t\t\t\t\t\t<div class=\"elementor-element elementor-element-8ac4ffb elementor-widget elementor-widget-image\" data-id=\"8ac4ffb\" data-element_type=\"widget\" data-widget_type=\"image.default\">\n\t\t\t\t<div class=\"elementor-widget-container\">\n\t\t\t\t\t\t\t\t\t\t\t\t\t<img decoding=\"async\" src=\"https:\/\/www.ufsm.br\/app\/uploads\/sites\/807\/elementor\/thumbs\/9FACTO2022_CARTAZ-scaled-prpnhzkdbj7zgpz5qmso3duemv1pjt66f78y5i3zqm.jpg\" title=\"9FACTO2022_CARTAZ\" alt=\"9FACTO2022_CARTAZ\" loading=\"lazy\" \/>\t\t\t\t\t\t\t\t\t\t\t\t\t<\/div>\n\t\t\t\t<\/div>\n\t\t\t\t\t<\/div>\n\t\t<\/div>\n\t\t\t\t\t<\/div>\n\t\t<\/section>\n\t\t\t\t<section class=\"elementor-section elementor-top-section elementor-element elementor-element-f0bd0a2 elementor-section-boxed elementor-section-height-default elementor-section-height-default\" data-id=\"f0bd0a2\" data-element_type=\"section\">\n\t\t\t\t\t\t<div class=\"elementor-container elementor-column-gap-default\">\n\t\t\t\t\t<div class=\"elementor-column elementor-col-100 elementor-top-column elementor-element elementor-element-adecc7a\" data-id=\"adecc7a\" data-element_type=\"column\">\n\t\t\t<div class=\"elementor-widget-wrap elementor-element-populated\">\n\t\t\t\t\t\t<div class=\"elementor-element elementor-element-52ab0e7 elementor-widget elementor-widget-text-editor\" data-id=\"52ab0e7\" data-element_type=\"widget\" data-widget_type=\"text-editor.default\">\n\t\t\t\t<div class=\"elementor-widget-container\">\n\t\t\t\t\t\t\t<p>A\u00a0<b>A\u00e7\u00e3o Incertezas<\/b>\u00a0est\u00e1 integrada ao\u00a0<strong>Festival de Arte, Ci\u00eancia e Tecnologia\u00a0<\/strong>em sua nona edi\u00e7\u00e3o, neste ano os artistas convidados que participaram da mostra s\u00e3o: Camila Vermelho, Cesar &amp; Lois, Colectiva Ecoest\u00e9ticas, Coletivo CumaSystem, Daniel Argente, Elias Maroso, Guto N\u00f3brega e Pat Freire, Pablo Logiovine, Paula Gaetano Adi, Suzete Venturelli.<\/p><p>Curadoria: Nara Cristina Santos, Mariela Yeregui e Fernando Codevilla\u00a0<\/p><p>O FACTO 9 acontece de 10 a 31 de agosto de 2022 no MACT, com visitas agendadas pelo e-mail do museu.<\/p><p>Acompanhe o festival nas redes sociais do LABART <a href=\"https:\/\/pt-br.facebook.com\/labart1228\" target=\"_blank\" rel=\"noopener\">Facebook <\/a>e\u00a0<a href=\"https:\/\/www.instagram.com\/labart.ufsm\/\" target=\"_blank\" rel=\"noopener\">Instagram<\/a>, e no canal do <a href=\"https:\/\/www.youtube.com\/channel\/UCw274rzHP9t7muJG9zAW_aw?view_as=subscriber\" target=\"_blank\" rel=\"noopener\">YouTube.<\/a><\/p>\t\t\t\t\t\t<\/div>\n\t\t\t\t<\/div>\n\t\t\t\t\t<\/div>\n\t\t<\/div>\n\t\t\t\t\t<\/div>\n\t\t<\/section>\n\t\t\t\t<section class=\"elementor-section elementor-top-section elementor-element elementor-element-5f4f7f5 elementor-section-boxed elementor-section-height-default elementor-section-height-default\" data-id=\"5f4f7f5\" data-element_type=\"section\">\n\t\t\t\t\t\t<div class=\"elementor-container elementor-column-gap-default\">\n\t\t\t\t\t<div class=\"elementor-column elementor-col-100 elementor-top-column elementor-element elementor-element-d3eff36\" data-id=\"d3eff36\" data-element_type=\"column\">\n\t\t\t<div class=\"elementor-widget-wrap elementor-element-populated\">\n\t\t\t\t\t\t<div class=\"elementor-element elementor-element-4cbee73 elementor-widget elementor-widget-heading\" data-id=\"4cbee73\" data-element_type=\"widget\" data-widget_type=\"heading.default\">\n\t\t\t\t<div class=\"elementor-widget-container\">\n\t\t\t<h5 class=\"elementor-heading-title elementor-size-default\">Festival de Arte, Ci\u00eancia e Tecnologia <\/h5>\t\t<\/div>\n\t\t\t\t<\/div>\n\t\t\t\t\t<\/div>\n\t\t<\/div>\n\t\t\t\t\t<\/div>\n\t\t<\/section>\n\t\t\t\t<section class=\"elementor-section elementor-top-section elementor-element elementor-element-ca9ff5e elementor-section-boxed elementor-section-height-default elementor-section-height-default\" data-id=\"ca9ff5e\" data-element_type=\"section\">\n\t\t\t\t\t\t<div class=\"elementor-container elementor-column-gap-default\">\n\t\t\t\t\t<div class=\"elementor-column elementor-col-100 elementor-top-column elementor-element elementor-element-3475cb6\" data-id=\"3475cb6\" data-element_type=\"column\">\n\t\t\t<div class=\"elementor-widget-wrap elementor-element-populated\">\n\t\t\t\t\t\t<div class=\"elementor-element elementor-element-9ef0ca1 elementor-widget elementor-widget-html\" data-id=\"9ef0ca1\" data-element_type=\"widget\" data-widget_type=\"html.default\">\n\t\t\t\t<div class=\"elementor-widget-container\">\n\t\t\t<iframe width=\"560\" height=\"315\" src=\"https:\/\/www.youtube.com\/embed\/videoseries?si=opr9zhgWbfg_kBXv&amp;list=PL1MRJ9qyRxcUs_hRYIM91WTHImYZz5TJ2\" frameborder=\"0\" allowfullscreen><\/iframe>\t\t<\/div>\n\t\t\t\t<\/div>\n\t\t\t\t\t<\/div>\n\t\t<\/div>\n\t\t\t\t\t<\/div>\n\t\t<\/section>\n\t\t\t\t<section class=\"elementor-section elementor-top-section elementor-element elementor-element-79f409b elementor-section-boxed elementor-section-height-default elementor-section-height-default\" data-id=\"79f409b\" data-element_type=\"section\">\n\t\t\t\t\t\t<div class=\"elementor-container elementor-column-gap-default\">\n\t\t\t\t\t<div class=\"elementor-column elementor-col-33 elementor-top-column elementor-element elementor-element-b988c0b\" data-id=\"b988c0b\" data-element_type=\"column\">\n\t\t\t<div class=\"elementor-widget-wrap elementor-element-populated\">\n\t\t\t\t\t\t<div class=\"elementor-element elementor-element-64ff824 elementor-widget elementor-widget-image\" data-id=\"64ff824\" data-element_type=\"widget\" data-widget_type=\"image.default\">\n\t\t\t\t<div class=\"elementor-widget-container\">\n\t\t\t\t\t\t\t\t\t\t\t\t\t<img decoding=\"async\" src=\"https:\/\/www.ufsm.br\/app\/uploads\/sites\/807\/elementor\/thumbs\/DSC_8902-qceieei3wcj9yiy3slurhek8gjetab8wp3ncppk6u2.jpg\" title=\"DSC_8902\" alt=\"DSC_8902\" loading=\"lazy\" \/>\t\t\t\t\t\t\t\t\t\t\t\t\t<\/div>\n\t\t\t\t<\/div>\n\t\t\t\t\t<\/div>\n\t\t<\/div>\n\t\t\t\t<div class=\"elementor-column elementor-col-33 elementor-top-column elementor-element elementor-element-8ce4771\" data-id=\"8ce4771\" data-element_type=\"column\">\n\t\t\t<div class=\"elementor-widget-wrap elementor-element-populated\">\n\t\t\t\t\t\t<div class=\"elementor-element elementor-element-8890523 elementor-widget elementor-widget-image\" data-id=\"8890523\" data-element_type=\"widget\" data-widget_type=\"image.default\">\n\t\t\t\t<div class=\"elementor-widget-container\">\n\t\t\t\t\t\t\t\t\t\t\t\t\t<img decoding=\"async\" src=\"https:\/\/www.ufsm.br\/app\/uploads\/sites\/807\/elementor\/thumbs\/DSC_8927-scaled-qceiemyme02zplsdcdbp0vf15ihotpxyfyfdwr9fdo.jpg\" title=\"DSC_8927\" alt=\"DSC_8927\" loading=\"lazy\" \/>\t\t\t\t\t\t\t\t\t\t\t\t\t<\/div>\n\t\t\t\t<\/div>\n\t\t\t\t\t<\/div>\n\t\t<\/div>\n\t\t\t\t<div class=\"elementor-column elementor-col-33 elementor-top-column elementor-element elementor-element-8bb3412\" data-id=\"8bb3412\" data-element_type=\"column\">\n\t\t\t<div class=\"elementor-widget-wrap elementor-element-populated\">\n\t\t\t\t\t\t<div class=\"elementor-element elementor-element-d6a8a36 elementor-widget elementor-widget-image\" data-id=\"d6a8a36\" data-element_type=\"widget\" data-widget_type=\"image.default\">\n\t\t\t\t<div class=\"elementor-widget-container\">\n\t\t\t\t\t\t\t\t\t\t\t\t\t<img decoding=\"async\" src=\"https:\/\/www.ufsm.br\/app\/uploads\/sites\/807\/elementor\/thumbs\/DSC_8886-qceie8v2rcbk0v6apjf02fzgw86m04miobqfu1sjve.jpg\" title=\"DSC_8886\" alt=\"DSC_8886\" loading=\"lazy\" \/>\t\t\t\t\t\t\t\t\t\t\t\t\t<\/div>\n\t\t\t\t<\/div>\n\t\t\t\t\t<\/div>\n\t\t<\/div>\n\t\t\t\t\t<\/div>\n\t\t<\/section>\n\t\t\t\t<section class=\"elementor-section elementor-top-section elementor-element elementor-element-e51bc6a elementor-section-boxed elementor-section-height-default elementor-section-height-default\" data-id=\"e51bc6a\" data-element_type=\"section\">\n\t\t\t\t\t\t<div class=\"elementor-container elementor-column-gap-default\">\n\t\t\t\t\t<div class=\"elementor-column elementor-col-100 elementor-top-column elementor-element elementor-element-1eb9bd5\" data-id=\"1eb9bd5\" data-element_type=\"column\">\n\t\t\t<div class=\"elementor-widget-wrap elementor-element-populated\">\n\t\t\t\t\t\t<div class=\"elementor-element elementor-element-7702be9 elementor-widget elementor-widget-text-editor\" data-id=\"7702be9\" data-element_type=\"widget\" data-widget_type=\"text-editor.default\">\n\t\t\t\t<div class=\"elementor-widget-container\">\n\t\t\t\t\t\t\t<p>Imagens | LABART<\/p>\t\t\t\t\t\t<\/div>\n\t\t\t\t<\/div>\n\t\t\t\t\t<\/div>\n\t\t<\/div>\n\t\t\t\t\t<\/div>\n\t\t<\/section>\n\t\t\t\t<\/div>\n\t\t","protected":false},"excerpt":{"rendered":"<p>A\u00a0A\u00e7\u00e3o Incertezas\u00a0est\u00e1 integrada ao\u00a0Festival de Arte, Ci\u00eancia e Tecnologia\u00a0em sua nona edi\u00e7\u00e3o, neste ano os artistas convidados que participaram da mostra s\u00e3o: Camila Vermelho, Cesar &amp; Lois, Colectiva Ecoest\u00e9ticas, Coletivo CumaSystem, Daniel Argente, Elias Maroso, Guto N\u00f3brega e Pat Freire, Pablo Logiovine, Paula Gaetano Adi, Suzete Venturelli. Curadoria: Nara Cristina Santos, Mariela Yeregui e Fernando [&hellip;]<\/p>\n","protected":false},"author":1884,"featured_media":0,"parent":0,"menu_order":0,"comment_status":"closed","ping_status":"closed","template":"","meta":{"footnotes":""},"categories":[],"tags":[],"class_list":["post-687","page","type-page","status-publish","hentry"],"acf":[],"_links":{"self":[{"href":"https:\/\/www.ufsm.br\/museus\/arte-ciencia-tecnologia\/wp-json\/wp\/v2\/pages\/687","targetHints":{"allow":["GET"]}}],"collection":[{"href":"https:\/\/www.ufsm.br\/museus\/arte-ciencia-tecnologia\/wp-json\/wp\/v2\/pages"}],"about":[{"href":"https:\/\/www.ufsm.br\/museus\/arte-ciencia-tecnologia\/wp-json\/wp\/v2\/types\/page"}],"author":[{"embeddable":true,"href":"https:\/\/www.ufsm.br\/museus\/arte-ciencia-tecnologia\/wp-json\/wp\/v2\/users\/1884"}],"replies":[{"embeddable":true,"href":"https:\/\/www.ufsm.br\/museus\/arte-ciencia-tecnologia\/wp-json\/wp\/v2\/comments?post=687"}],"version-history":[{"count":0,"href":"https:\/\/www.ufsm.br\/museus\/arte-ciencia-tecnologia\/wp-json\/wp\/v2\/pages\/687\/revisions"}],"wp:attachment":[{"href":"https:\/\/www.ufsm.br\/museus\/arte-ciencia-tecnologia\/wp-json\/wp\/v2\/media?parent=687"}],"wp:term":[{"taxonomy":"category","embeddable":true,"href":"https:\/\/www.ufsm.br\/museus\/arte-ciencia-tecnologia\/wp-json\/wp\/v2\/categories?post=687"},{"taxonomy":"post_tag","embeddable":true,"href":"https:\/\/www.ufsm.br\/museus\/arte-ciencia-tecnologia\/wp-json\/wp\/v2\/tags?post=687"}],"curies":[{"name":"wp","href":"https:\/\/api.w.org\/{rel}","templated":true}]}}