{"id":697,"date":"2023-06-22T16:06:21","date_gmt":"2023-06-22T19:06:21","guid":{"rendered":"https:\/\/www.ufsm.br\/museus\/arte-ciencia-tecnologia\/?page_id=697"},"modified":"2024-04-24T15:49:34","modified_gmt":"2024-04-24T18:49:34","slug":"narrativa-de-campo-escuro","status":"publish","type":"page","link":"https:\/\/www.ufsm.br\/museus\/arte-ciencia-tecnologia\/narrativa-de-campo-escuro","title":{"rendered":"Narrativa de Campo Escuro"},"content":{"rendered":"\t\t<div data-elementor-type=\"wp-page\" data-elementor-id=\"697\" class=\"elementor elementor-697\">\n\t\t\t\t\t\t<section class=\"elementor-section elementor-top-section elementor-element elementor-element-3190b88 elementor-section-boxed elementor-section-height-default elementor-section-height-default\" data-id=\"3190b88\" data-element_type=\"section\">\n\t\t\t\t\t\t<div class=\"elementor-container elementor-column-gap-default\">\n\t\t\t\t\t<div class=\"elementor-column elementor-col-100 elementor-top-column elementor-element elementor-element-5dae463\" data-id=\"5dae463\" data-element_type=\"column\">\n\t\t\t<div class=\"elementor-widget-wrap elementor-element-populated\">\n\t\t\t\t\t\t<div class=\"elementor-element elementor-element-b775e79 elementor-widget elementor-widget-image\" data-id=\"b775e79\" data-element_type=\"widget\" data-widget_type=\"image.default\">\n\t\t\t\t<div class=\"elementor-widget-container\">\n\t\t\t\t\t\t\t\t\t\t\t\t\t<img decoding=\"async\" src=\"https:\/\/www.ufsm.br\/app\/uploads\/sites\/807\/elementor\/thumbs\/IO_CARTAZ_A4_CMYK-scaled-q8cnjpyiy38vhel3i22bec4kmqwf8r4cju0w1xv0zo.jpg\" title=\"\u00cdO_CARTAZ_A4_CMYK\" alt=\"\u00cdO_CARTAZ_A4_CMYK\" loading=\"lazy\" \/>\t\t\t\t\t\t\t\t\t\t\t\t\t<\/div>\n\t\t\t\t<\/div>\n\t\t\t\t\t<\/div>\n\t\t<\/div>\n\t\t\t\t\t<\/div>\n\t\t<\/section>\n\t\t\t\t<section class=\"elementor-section elementor-top-section elementor-element elementor-element-b33afe5 elementor-section-boxed elementor-section-height-default elementor-section-height-default\" data-id=\"b33afe5\" data-element_type=\"section\">\n\t\t\t\t\t\t<div class=\"elementor-container elementor-column-gap-default\">\n\t\t\t\t\t<div class=\"elementor-column elementor-col-100 elementor-top-column elementor-element elementor-element-f17ecfe\" data-id=\"f17ecfe\" data-element_type=\"column\">\n\t\t\t<div class=\"elementor-widget-wrap elementor-element-populated\">\n\t\t\t\t\t\t<div class=\"elementor-element elementor-element-142af7e elementor-widget elementor-widget-text-editor\" data-id=\"142af7e\" data-element_type=\"widget\" data-widget_type=\"text-editor.default\">\n\t\t\t\t<div class=\"elementor-widget-container\">\n\t\t\t\t\t\t\t<p>Narrativa de Campo Escuro acontece de 22 de junho a 15 de julho de 2023 no MACT\/ Mezanino do Planet\u00e1rio da UFSM, com visitas agendadas pelo e-mail: mactmuseu@ufsm.br<\/p><p>Hor\u00e1rios | Segunda a quinta-feira: 13h30 \u00e0s 16h30<\/p><p>Acompanhe a exposi\u00e7\u00e3o in loco no MACT e nas nossas\u00a0redes\u00a0sociais.<\/p>\t\t\t\t\t\t<\/div>\n\t\t\t\t<\/div>\n\t\t\t\t\t<\/div>\n\t\t<\/div>\n\t\t\t\t\t<\/div>\n\t\t<\/section>\n\t\t\t\t<section class=\"elementor-section elementor-top-section elementor-element elementor-element-174015a elementor-section-boxed elementor-section-height-default elementor-section-height-default\" data-id=\"174015a\" data-element_type=\"section\">\n\t\t\t\t\t\t<div class=\"elementor-container elementor-column-gap-default\">\n\t\t\t\t\t<div class=\"elementor-column elementor-col-100 elementor-top-column elementor-element elementor-element-ecb78b0\" data-id=\"ecb78b0\" data-element_type=\"column\">\n\t\t\t<div class=\"elementor-widget-wrap elementor-element-populated\">\n\t\t\t\t\t\t<div class=\"elementor-element elementor-element-923748b elementor-widget elementor-widget-text-editor\" data-id=\"923748b\" data-element_type=\"widget\" data-widget_type=\"text-editor.default\">\n\t\t\t\t<div class=\"elementor-widget-container\">\n\t\t\t\t\t\t\t<p>Imagens | LABART<\/p>\t\t\t\t\t\t<\/div>\n\t\t\t\t<\/div>\n\t\t\t\t\t<\/div>\n\t\t<\/div>\n\t\t\t\t\t<\/div>\n\t\t<\/section>\n\t\t\t\t<section class=\"elementor-section elementor-top-section elementor-element elementor-element-540c033 elementor-section-boxed elementor-section-height-default elementor-section-height-default\" data-id=\"540c033\" data-element_type=\"section\">\n\t\t\t\t\t\t<div class=\"elementor-container elementor-column-gap-default\">\n\t\t\t\t\t<div class=\"elementor-column elementor-col-100 elementor-top-column elementor-element elementor-element-7820b7a\" data-id=\"7820b7a\" data-element_type=\"column\">\n\t\t\t<div class=\"elementor-widget-wrap elementor-element-populated\">\n\t\t\t\t\t\t<div class=\"elementor-element elementor-element-09af723 elementor-widget elementor-widget-heading\" data-id=\"09af723\" data-element_type=\"widget\" data-widget_type=\"heading.default\">\n\t\t\t\t<div class=\"elementor-widget-container\">\n\t\t\t<h5 class=\"elementor-heading-title elementor-size-default\">Exposi\u00e7\u00e3o Narrativa em Campo Escuro<\/h5>\t\t<\/div>\n\t\t\t\t<\/div>\n\t\t\t\t\t<\/div>\n\t\t<\/div>\n\t\t\t\t\t<\/div>\n\t\t<\/section>\n\t\t\t\t<section class=\"elementor-section elementor-top-section elementor-element elementor-element-acc4cd1 elementor-section-boxed elementor-section-height-default elementor-section-height-default\" data-id=\"acc4cd1\" data-element_type=\"section\">\n\t\t\t\t\t\t<div class=\"elementor-container elementor-column-gap-default\">\n\t\t\t\t\t<div class=\"elementor-column elementor-col-33 elementor-top-column elementor-element elementor-element-24266ba\" data-id=\"24266ba\" data-element_type=\"column\">\n\t\t\t<div class=\"elementor-widget-wrap elementor-element-populated\">\n\t\t\t\t\t\t<div class=\"elementor-element elementor-element-043d02e elementor-widget elementor-widget-image\" data-id=\"043d02e\" data-element_type=\"widget\" data-widget_type=\"image.default\">\n\t\t\t\t<div class=\"elementor-widget-container\">\n\t\t\t\t\t\t\t\t\t\t\t\t\t<img decoding=\"async\" src=\"https:\/\/www.ufsm.br\/app\/uploads\/sites\/807\/elementor\/thumbs\/IMG_9424-scaled-qn70576m93899rgrg7fjwsj8adbbxioy329deipul8.jpg\" title=\"IMG_9424\" alt=\"IMG_9424\" loading=\"lazy\" \/>\t\t\t\t\t\t\t\t\t\t\t\t\t<\/div>\n\t\t\t\t<\/div>\n\t\t\t\t\t<\/div>\n\t\t<\/div>\n\t\t\t\t<div class=\"elementor-column elementor-col-33 elementor-top-column elementor-element elementor-element-e73fcfe\" data-id=\"e73fcfe\" data-element_type=\"column\">\n\t\t\t<div class=\"elementor-widget-wrap elementor-element-populated\">\n\t\t\t\t\t\t<div class=\"elementor-element elementor-element-f76f4a8 elementor-widget elementor-widget-image\" data-id=\"f76f4a8\" data-element_type=\"widget\" data-widget_type=\"image.default\">\n\t\t\t\t<div class=\"elementor-widget-container\">\n\t\t\t\t\t\t\t\t\t\t\t\t\t<img decoding=\"async\" src=\"https:\/\/www.ufsm.br\/app\/uploads\/sites\/807\/elementor\/thumbs\/IMG_9406-scaled-qn704ng09kh8hy9fngwdyfijta0mfvil0ck6bpj47w.jpg\" title=\"IMG_9406\" alt=\"IMG_9406\" loading=\"lazy\" \/>\t\t\t\t\t\t\t\t\t\t\t\t\t<\/div>\n\t\t\t\t<\/div>\n\t\t\t\t\t<\/div>\n\t\t<\/div>\n\t\t\t\t<div class=\"elementor-column elementor-col-33 elementor-top-column elementor-element elementor-element-fbeefa6\" data-id=\"fbeefa6\" data-element_type=\"column\">\n\t\t\t<div class=\"elementor-widget-wrap elementor-element-populated\">\n\t\t\t\t\t\t<div class=\"elementor-element elementor-element-117bdfc elementor-widget elementor-widget-image\" data-id=\"117bdfc\" data-element_type=\"widget\" data-widget_type=\"image.default\">\n\t\t\t\t<div class=\"elementor-widget-container\">\n\t\t\t\t\t\t\t\t\t\t\t\t\t<img decoding=\"async\" src=\"https:\/\/www.ufsm.br\/app\/uploads\/sites\/807\/elementor\/thumbs\/IMG_9417-scaled-qn704xs8cqve1nuez3da7uwmcilnsjnmprqilr3sbg.jpg\" title=\"IMG_9417\" alt=\"IMG_9417\" loading=\"lazy\" \/>\t\t\t\t\t\t\t\t\t\t\t\t\t<\/div>\n\t\t\t\t<\/div>\n\t\t\t\t\t<\/div>\n\t\t<\/div>\n\t\t\t\t\t<\/div>\n\t\t<\/section>\n\t\t\t\t<section class=\"elementor-section elementor-top-section elementor-element elementor-element-d636ff6 elementor-section-boxed elementor-section-height-default elementor-section-height-default\" data-id=\"d636ff6\" data-element_type=\"section\">\n\t\t\t\t\t\t<div class=\"elementor-container elementor-column-gap-default\">\n\t\t\t\t\t<div class=\"elementor-column elementor-col-33 elementor-top-column elementor-element elementor-element-dab4a40\" data-id=\"dab4a40\" data-element_type=\"column\">\n\t\t\t<div class=\"elementor-widget-wrap elementor-element-populated\">\n\t\t\t\t\t\t<div class=\"elementor-element elementor-element-74bfcec elementor-widget elementor-widget-image\" data-id=\"74bfcec\" data-element_type=\"widget\" data-widget_type=\"image.default\">\n\t\t\t\t<div class=\"elementor-widget-container\">\n\t\t\t\t\t\t\t\t\t\t\t\t\t<img decoding=\"async\" src=\"https:\/\/www.ufsm.br\/app\/uploads\/sites\/807\/elementor\/thumbs\/IMG_9429-scaled-qn705rv2fg0kd6mq3gdcfnbdcuhemuz1hwm1ylv6sc.jpg\" title=\"IMG_9429\" alt=\"IMG_9429\" loading=\"lazy\" \/>\t\t\t\t\t\t\t\t\t\t\t\t\t<\/div>\n\t\t\t\t<\/div>\n\t\t\t\t\t<\/div>\n\t\t<\/div>\n\t\t\t\t<div class=\"elementor-column elementor-col-33 elementor-top-column elementor-element elementor-element-9cbd261\" data-id=\"9cbd261\" data-element_type=\"column\">\n\t\t\t<div class=\"elementor-widget-wrap elementor-element-populated\">\n\t\t\t\t\t\t<div class=\"elementor-element elementor-element-3e8604d elementor-widget elementor-widget-image\" data-id=\"3e8604d\" data-element_type=\"widget\" data-widget_type=\"image.default\">\n\t\t\t\t<div class=\"elementor-widget-container\">\n\t\t\t\t\t\t\t\t\t\t\t\t\t<img decoding=\"async\" src=\"https:\/\/www.ufsm.br\/app\/uploads\/sites\/807\/elementor\/thumbs\/IMG_9402-scaled-qn7041tpwdnn2x4u5pjyv2yy5ez6iu4r9dk0acf670.jpg\" title=\"IMG_9402\" alt=\"IMG_9402\" loading=\"lazy\" \/>\t\t\t\t\t\t\t\t\t\t\t\t\t<\/div>\n\t\t\t\t<\/div>\n\t\t\t\t\t<\/div>\n\t\t<\/div>\n\t\t\t\t<div class=\"elementor-column elementor-col-33 elementor-top-column elementor-element elementor-element-89f72a8\" data-id=\"89f72a8\" data-element_type=\"column\">\n\t\t\t<div class=\"elementor-widget-wrap elementor-element-populated\">\n\t\t\t\t\t\t<div class=\"elementor-element elementor-element-1cd232e elementor-widget elementor-widget-image\" data-id=\"1cd232e\" data-element_type=\"widget\" data-widget_type=\"image.default\">\n\t\t\t\t<div class=\"elementor-widget-container\">\n\t\t\t\t\t\t\t\t\t\t\t\t\t<img decoding=\"async\" src=\"https:\/\/www.ufsm.br\/app\/uploads\/sites\/807\/elementor\/thumbs\/IMG_9404-scaled-qn704d3s6e32y8ogbufhp04ha1fl37djaxdu1nyg4c.jpg\" title=\"IMG_9404\" alt=\"IMG_9404\" loading=\"lazy\" \/>\t\t\t\t\t\t\t\t\t\t\t\t\t<\/div>\n\t\t\t\t<\/div>\n\t\t\t\t\t<\/div>\n\t\t<\/div>\n\t\t\t\t\t<\/div>\n\t\t<\/section>\n\t\t\t\t<section class=\"elementor-section elementor-top-section elementor-element elementor-element-3ad94c3 elementor-section-boxed elementor-section-height-default elementor-section-height-default\" data-id=\"3ad94c3\" data-element_type=\"section\">\n\t\t\t\t\t\t<div class=\"elementor-container elementor-column-gap-default\">\n\t\t\t\t\t<div class=\"elementor-column elementor-col-100 elementor-top-column elementor-element elementor-element-f559477\" data-id=\"f559477\" data-element_type=\"column\">\n\t\t\t<div class=\"elementor-widget-wrap elementor-element-populated\">\n\t\t\t\t\t\t<div class=\"elementor-element elementor-element-7da3aa0 elementor-widget elementor-widget-text-editor\" data-id=\"7da3aa0\" data-element_type=\"widget\" data-widget_type=\"text-editor.default\">\n\t\t\t\t<div class=\"elementor-widget-container\">\n\t\t\t\t\t\t\t<p>Imagens | LABART<\/p>\t\t\t\t\t\t<\/div>\n\t\t\t\t<\/div>\n\t\t\t\t\t<\/div>\n\t\t<\/div>\n\t\t\t\t\t<\/div>\n\t\t<\/section>\n\t\t\t\t<\/div>\n\t\t","protected":false},"excerpt":{"rendered":"<p>Narrativa de Campo Escuro acontece de 22 de junho a 15 de julho de 2023 no MACT\/ Mezanino do Planet\u00e1rio da UFSM, com visitas agendadas pelo e-mail: mactmuseu@ufsm.br Hor\u00e1rios | Segunda a quinta-feira: 13h30 \u00e0s 16h30 Acompanhe a exposi\u00e7\u00e3o in loco no MACT e nas nossas\u00a0redes\u00a0sociais. Imagens | LABART Exposi\u00e7\u00e3o Narrativa em Campo Escuro Imagens [&hellip;]<\/p>\n","protected":false},"author":1884,"featured_media":0,"parent":0,"menu_order":0,"comment_status":"closed","ping_status":"closed","template":"","meta":{"footnotes":""},"categories":[],"tags":[],"class_list":["post-697","page","type-page","status-publish","hentry"],"acf":[],"_links":{"self":[{"href":"https:\/\/www.ufsm.br\/museus\/arte-ciencia-tecnologia\/wp-json\/wp\/v2\/pages\/697","targetHints":{"allow":["GET"]}}],"collection":[{"href":"https:\/\/www.ufsm.br\/museus\/arte-ciencia-tecnologia\/wp-json\/wp\/v2\/pages"}],"about":[{"href":"https:\/\/www.ufsm.br\/museus\/arte-ciencia-tecnologia\/wp-json\/wp\/v2\/types\/page"}],"author":[{"embeddable":true,"href":"https:\/\/www.ufsm.br\/museus\/arte-ciencia-tecnologia\/wp-json\/wp\/v2\/users\/1884"}],"replies":[{"embeddable":true,"href":"https:\/\/www.ufsm.br\/museus\/arte-ciencia-tecnologia\/wp-json\/wp\/v2\/comments?post=697"}],"version-history":[{"count":0,"href":"https:\/\/www.ufsm.br\/museus\/arte-ciencia-tecnologia\/wp-json\/wp\/v2\/pages\/697\/revisions"}],"wp:attachment":[{"href":"https:\/\/www.ufsm.br\/museus\/arte-ciencia-tecnologia\/wp-json\/wp\/v2\/media?parent=697"}],"wp:term":[{"taxonomy":"category","embeddable":true,"href":"https:\/\/www.ufsm.br\/museus\/arte-ciencia-tecnologia\/wp-json\/wp\/v2\/categories?post=697"},{"taxonomy":"post_tag","embeddable":true,"href":"https:\/\/www.ufsm.br\/museus\/arte-ciencia-tecnologia\/wp-json\/wp\/v2\/tags?post=697"}],"curies":[{"name":"wp","href":"https:\/\/api.w.org\/{rel}","templated":true}]}}